{"id":165,"date":"2018-05-28T18:32:01","date_gmt":"2018-05-28T16:32:01","guid":{"rendered":"http:\/\/blogs.uni-siegen.de\/kpt2018\/?page_id=165"},"modified":"2018-05-28T18:32:01","modified_gmt":"2018-05-28T16:32:01","slug":"anmeldung","status":"publish","type":"page","link":"http:\/\/didaktik-der-bildenden-kuenste.de\/kpt2018\/anmeldung\/","title":{"rendered":"Anmeldung"},"content":{"rendered":"<p><strong>Die Veranstaltung ist leider ausgebucht!<\/strong><\/p>\n<p>Das Formular f\u00fcr die Anmeldung finden Sie <a href=\"http:\/\/blogs.uni-siegen.de\/kpt2018\/files\/2018\/06\/Anmeldeformular-f\u00fcr-KPT-2018_2.pdf\">hier<\/a>.<\/p>\n<p>Bitte senden Sie das ausgef\u00fcllte Anmeldeformular per Mail bis zum <strong>14.09.2018<\/strong> an dotzauer@kunst.uni-siegen.de.<br \/>\nAlternativ besteht auch die M\u00f6glichkeit, das Formular per Fax (0271-740-3962) zu schicken.<\/p>\n<p>Nach Erhalt der Best\u00e4tigung Ihrer Anmeldung bitten wir Sie, den Teilnahmebeitrag (inkl. Mittagessen, Getr\u00e4nke, Kuchen) an folgendes Konto zu \u00fcberweisen:<br \/>\nKontoinhaber: Universit\u00e4t Siegen IBAN: DE37 4605 0001 0001 4959 51 BIC: WELADED1SIE Verwendungszweck: 4018003000203113 KPT 2018 + Vor- und Nachname<br \/>\nTeilnahmebeitrag: regul\u00e4r 30\u20ac \/ BDK-Mitglieder 20\u20ac \/ Referendar_innen 10\u20ac \/ Studierende 10\u20ac<\/p>\n<p>&nbsp;<\/p>\n<p>&nbsp;<\/p>\n<p>&nbsp;<\/p>\n","protected":false},"excerpt":{"rendered":"<p>Die Veranstaltung ist leider ausgebucht! Das Formular f\u00fcr die Anmeldung finden Sie hier. Bitte senden Sie das ausgef\u00fcllte Anmeldeformular per Mail bis zum 14.09.2018 an dotzauer@kunst.uni-siegen.de. Alternativ besteht auch die M\u00f6glichkeit, das Formular per Fax (0271-740-3962) zu schicken. Nach Erhalt der Best\u00e4tigung Ihrer Anmeldung bitten wir Sie, den Teilnahmebeitrag (inkl. Mittagessen, Getr\u00e4nke, Kuchen) an folgendes [&hellip;]<\/p>\n","protected":false},"author":1,"featured_media":0,"parent":0,"menu_order":0,"comment_status":"closed","ping_status":"closed","template":"","meta":{"footnotes":""},"class_list":["post-165","page","type-page","status-publish","hentry"],"yoast_head":"<!-- This site is optimized with the Yoast SEO plugin v26.8 - https:\/\/yoast.com\/product\/yoast-seo-wordpress\/ -->\n<title>Anmeldung - Kunstp\u00e4dagogischer Tag 2018 I K\u00fcnstlerisches Handeln zwischen Kooperation, Differenzierung, Partizipation und Individualisierung<\/title>\n<meta name=\"robots\" content=\"index, follow, max-snippet:-1, max-image-preview:large, max-video-preview:-1\" \/>\n<link rel=\"canonical\" href=\"http:\/\/didaktik-der-bildenden-kuenste.de\/kpt2018\/anmeldung\/\" \/>\n<meta property=\"og:locale\" content=\"de_DE\" \/>\n<meta property=\"og:type\" content=\"article\" \/>\n<meta property=\"og:title\" content=\"Anmeldung - Kunstp\u00e4dagogischer Tag 2018 I K\u00fcnstlerisches Handeln zwischen Kooperation, Differenzierung, Partizipation und Individualisierung\" \/>\n<meta property=\"og:description\" content=\"Die Veranstaltung ist leider ausgebucht! Das Formular f\u00fcr die Anmeldung finden Sie hier. Bitte senden Sie das ausgef\u00fcllte Anmeldeformular per Mail bis zum 14.09.2018 an dotzauer@kunst.uni-siegen.de. Alternativ besteht auch die M\u00f6glichkeit, das Formular per Fax (0271-740-3962) zu schicken. Nach Erhalt der Best\u00e4tigung Ihrer Anmeldung bitten wir Sie, den Teilnahmebeitrag (inkl. Mittagessen, Getr\u00e4nke, Kuchen) an folgendes [&hellip;]\" \/>\n<meta property=\"og:url\" content=\"http:\/\/didaktik-der-bildenden-kuenste.de\/kpt2018\/anmeldung\/\" \/>\n<meta property=\"og:site_name\" content=\"Kunstp\u00e4dagogischer Tag 2018 I K\u00fcnstlerisches Handeln zwischen Kooperation, Differenzierung, Partizipation und Individualisierung\" \/>\n<meta name=\"twitter:card\" content=\"summary_large_image\" \/>\n<script type=\"application\/ld+json\" class=\"yoast-schema-graph\">{\"@context\":\"https:\/\/schema.org\",\"@graph\":[{\"@type\":\"WebPage\",\"@id\":\"http:\/\/didaktik-der-bildenden-kuenste.de\/kpt2018\/anmeldung\/\",\"url\":\"http:\/\/didaktik-der-bildenden-kuenste.de\/kpt2018\/anmeldung\/\",\"name\":\"Anmeldung - Kunstp\u00e4dagogischer Tag 2018 I K\u00fcnstlerisches Handeln zwischen Kooperation, Differenzierung, Partizipation und Individualisierung\",\"isPartOf\":{\"@id\":\"http:\/\/didaktik-der-bildenden-kuenste.de\/kpt2018\/#website\"},\"datePublished\":\"2018-05-28T16:32:01+00:00\",\"breadcrumb\":{\"@id\":\"http:\/\/didaktik-der-bildenden-kuenste.de\/kpt2018\/anmeldung\/#breadcrumb\"},\"inLanguage\":\"de\",\"potentialAction\":[{\"@type\":\"ReadAction\",\"target\":[\"http:\/\/didaktik-der-bildenden-kuenste.de\/kpt2018\/anmeldung\/\"]}]},{\"@type\":\"BreadcrumbList\",\"@id\":\"http:\/\/didaktik-der-bildenden-kuenste.de\/kpt2018\/anmeldung\/#breadcrumb\",\"itemListElement\":[{\"@type\":\"ListItem\",\"position\":1,\"name\":\"Home\",\"item\":\"http:\/\/didaktik-der-bildenden-kuenste.de\/kpt2018\/\"},{\"@type\":\"ListItem\",\"position\":2,\"name\":\"Anmeldung\"}]},{\"@type\":\"WebSite\",\"@id\":\"http:\/\/didaktik-der-bildenden-kuenste.de\/kpt2018\/#website\",\"url\":\"http:\/\/didaktik-der-bildenden-kuenste.de\/kpt2018\/\",\"name\":\"Kunstp\u00e4dagogischer Tag 2018 I K\u00fcnstlerisches Handeln zwischen Kooperation, Differenzierung, Partizipation und Individualisierung\",\"description\":\"Eine weitere Didaktik der bildenden K\u00fcnste Websites Website\",\"potentialAction\":[{\"@type\":\"SearchAction\",\"target\":{\"@type\":\"EntryPoint\",\"urlTemplate\":\"http:\/\/didaktik-der-bildenden-kuenste.de\/kpt2018\/?s={search_term_string}\"},\"query-input\":{\"@type\":\"PropertyValueSpecification\",\"valueRequired\":true,\"valueName\":\"search_term_string\"}}],\"inLanguage\":\"de\"}]}<\/script>\n<!-- \/ Yoast SEO plugin. -->","yoast_head_json":{"title":"Anmeldung - Kunstp\u00e4dagogischer Tag 2018 I K\u00fcnstlerisches Handeln zwischen Kooperation, Differenzierung, Partizipation und Individualisierung","robots":{"index":"index","follow":"follow","max-snippet":"max-snippet:-1","max-image-preview":"max-image-preview:large","max-video-preview":"max-video-preview:-1"},"canonical":"http:\/\/didaktik-der-bildenden-kuenste.de\/kpt2018\/anmeldung\/","og_locale":"de_DE","og_type":"article","og_title":"Anmeldung - Kunstp\u00e4dagogischer Tag 2018 I K\u00fcnstlerisches Handeln zwischen Kooperation, Differenzierung, Partizipation und Individualisierung","og_description":"Die Veranstaltung ist leider ausgebucht! Das Formular f\u00fcr die Anmeldung finden Sie hier. Bitte senden Sie das ausgef\u00fcllte Anmeldeformular per Mail bis zum 14.09.2018 an dotzauer@kunst.uni-siegen.de. Alternativ besteht auch die M\u00f6glichkeit, das Formular per Fax (0271-740-3962) zu schicken. Nach Erhalt der Best\u00e4tigung Ihrer Anmeldung bitten wir Sie, den Teilnahmebeitrag (inkl. Mittagessen, Getr\u00e4nke, Kuchen) an folgendes [&hellip;]","og_url":"http:\/\/didaktik-der-bildenden-kuenste.de\/kpt2018\/anmeldung\/","og_site_name":"Kunstp\u00e4dagogischer Tag 2018 I K\u00fcnstlerisches Handeln zwischen Kooperation, Differenzierung, Partizipation und Individualisierung","twitter_card":"summary_large_image","schema":{"@context":"https:\/\/schema.org","@graph":[{"@type":"WebPage","@id":"http:\/\/didaktik-der-bildenden-kuenste.de\/kpt2018\/anmeldung\/","url":"http:\/\/didaktik-der-bildenden-kuenste.de\/kpt2018\/anmeldung\/","name":"Anmeldung - Kunstp\u00e4dagogischer Tag 2018 I K\u00fcnstlerisches Handeln zwischen Kooperation, Differenzierung, Partizipation und Individualisierung","isPartOf":{"@id":"http:\/\/didaktik-der-bildenden-kuenste.de\/kpt2018\/#website"},"datePublished":"2018-05-28T16:32:01+00:00","breadcrumb":{"@id":"http:\/\/didaktik-der-bildenden-kuenste.de\/kpt2018\/anmeldung\/#breadcrumb"},"inLanguage":"de","potentialAction":[{"@type":"ReadAction","target":["http:\/\/didaktik-der-bildenden-kuenste.de\/kpt2018\/anmeldung\/"]}]},{"@type":"BreadcrumbList","@id":"http:\/\/didaktik-der-bildenden-kuenste.de\/kpt2018\/anmeldung\/#breadcrumb","itemListElement":[{"@type":"ListItem","position":1,"name":"Home","item":"http:\/\/didaktik-der-bildenden-kuenste.de\/kpt2018\/"},{"@type":"ListItem","position":2,"name":"Anmeldung"}]},{"@type":"WebSite","@id":"http:\/\/didaktik-der-bildenden-kuenste.de\/kpt2018\/#website","url":"http:\/\/didaktik-der-bildenden-kuenste.de\/kpt2018\/","name":"Kunstp\u00e4dagogischer Tag 2018 I K\u00fcnstlerisches Handeln zwischen Kooperation, Differenzierung, Partizipation und Individualisierung","description":"Eine weitere Didaktik der bildenden K\u00fcnste Websites Website","potentialAction":[{"@type":"SearchAction","target":{"@type":"EntryPoint","urlTemplate":"http:\/\/didaktik-der-bildenden-kuenste.de\/kpt2018\/?s={search_term_string}"},"query-input":{"@type":"PropertyValueSpecification","valueRequired":true,"valueName":"search_term_string"}}],"inLanguage":"de"}]}},"_links":{"self":[{"href":"http:\/\/didaktik-der-bildenden-kuenste.de\/kpt2018\/wp-json\/wp\/v2\/pages\/165","targetHints":{"allow":["GET"]}}],"collection":[{"href":"http:\/\/didaktik-der-bildenden-kuenste.de\/kpt2018\/wp-json\/wp\/v2\/pages"}],"about":[{"href":"http:\/\/didaktik-der-bildenden-kuenste.de\/kpt2018\/wp-json\/wp\/v2\/types\/page"}],"author":[{"embeddable":true,"href":"http:\/\/didaktik-der-bildenden-kuenste.de\/kpt2018\/wp-json\/wp\/v2\/users\/1"}],"replies":[{"embeddable":true,"href":"http:\/\/didaktik-der-bildenden-kuenste.de\/kpt2018\/wp-json\/wp\/v2\/comments?post=165"}],"version-history":[{"count":0,"href":"http:\/\/didaktik-der-bildenden-kuenste.de\/kpt2018\/wp-json\/wp\/v2\/pages\/165\/revisions"}],"wp:attachment":[{"href":"http:\/\/didaktik-der-bildenden-kuenste.de\/kpt2018\/wp-json\/wp\/v2\/media?parent=165"}],"curies":[{"name":"wp","href":"https:\/\/api.w.org\/{rel}","templated":true}]}}