{"id":382,"date":"2018-06-19T09:42:09","date_gmt":"2018-06-19T07:42:09","guid":{"rendered":"http:\/\/blogs.uni-siegen.de\/kpt2018\/?page_id=382"},"modified":"2018-06-19T09:42:09","modified_gmt":"2018-06-19T07:42:09","slug":"anfahrt","status":"publish","type":"page","link":"http:\/\/didaktik-der-bildenden-kuenste.de\/kpt2018\/anfahrt\/","title":{"rendered":"Anfahrt"},"content":{"rendered":"<p>Parkm\u00f6glichkeit in der N\u00e4he des Brauhauses:<br \/>\nUnmittelbar am Brauhaus sind nur sehr begrenzte Parkm\u00f6glichkeiten vorhanden. Weitere Parkpl\u00e4tze: Park and Ride Ferndorfbr\u00fccke<br \/>\nVon der Weidenauerstra\u00dfe kommend recht abbiegen (Best Carwash und REDDY K\u00fcchen) in die Stahlwerkstra\u00dfe, Stra\u00dfe bis zum Parkplatz folgen, auf dem Parkplatz rechts halten.<\/p>\n<p>Fu\u00dfweg vom Parkplatz zum Brauhaus (ca. 5 Minuten)<br \/>\nDen Parkplatz rechter Hand (entgegengesetzt der Richtung, aus der Sie gekommen sind) verlassen und zur Weidenauer Stra\u00dfe gehen (Bushaltestelle P+R Kirche), die Stra\u00dfe dort \u00fcberqueren und dem Gehweg unter der HTS (Stadtautobahn) folgen, dann rechts abbiegen und dem schmalen Gehweg bergauf folgen.<\/p>\n<p>Anreise mit dem Bus:<br \/>\nVom Hbf Siegen\/ZOB und Hbf Weidenau ZOB mit der Linie R10 Richtung Ernsdorf\/Kreuztal oder C 130 Richtung Weidenau zur Haltestelle Weidenau P+R Kirche<\/p>\n<p>Von der Bushaltestelle Weidenau P+R Kirche zum Brauhaus (ca. 5 Minuten)<br \/>\ndie Stra\u00dfe an der Haltestelle \u00fcberqueren und dem Gehweg unter der HTS (Stadtautobahn) folgen, dann rechts abbiegen und dem schmalen Gehweg bergauf folgen.<\/p>\n<p><img loading=\"lazy\" decoding=\"async\" class=\"alignnone size-medium wp-image-404\" src=\"http:\/\/blogs.uni-siegen.de\/kpt2018\/files\/2018\/06\/kartebrauhausN2-300x300.jpg\" alt=\"\" width=\"300\" height=\"300\" srcset=\"http:\/\/didaktik-der-bildenden-kuenste.de\/kpt2018\/wp-content\/uploads\/sites\/4\/2018\/06\/kartebrauhausN2-300x300.jpg 300w, http:\/\/didaktik-der-bildenden-kuenste.de\/kpt2018\/wp-content\/uploads\/sites\/4\/2018\/06\/kartebrauhausN2-150x150.jpg 150w, http:\/\/didaktik-der-bildenden-kuenste.de\/kpt2018\/wp-content\/uploads\/sites\/4\/2018\/06\/kartebrauhausN2-768x768.jpg 768w, http:\/\/didaktik-der-bildenden-kuenste.de\/kpt2018\/wp-content\/uploads\/sites\/4\/2018\/06\/kartebrauhausN2-624x624.jpg 624w, http:\/\/didaktik-der-bildenden-kuenste.de\/kpt2018\/wp-content\/uploads\/sites\/4\/2018\/06\/kartebrauhausN2.jpg 800w\" sizes=\"auto, (max-width: 300px) 100vw, 300px\" \/><\/p>\n","protected":false},"excerpt":{"rendered":"<p>Parkm\u00f6glichkeit in der N\u00e4he des Brauhauses: Unmittelbar am Brauhaus sind nur sehr begrenzte Parkm\u00f6glichkeiten vorhanden. Weitere Parkpl\u00e4tze: Park and Ride Ferndorfbr\u00fccke Von der Weidenauerstra\u00dfe kommend recht abbiegen (Best Carwash und REDDY K\u00fcchen) in die Stahlwerkstra\u00dfe, Stra\u00dfe bis zum Parkplatz folgen, auf dem Parkplatz rechts halten. Fu\u00dfweg vom Parkplatz zum Brauhaus (ca. 5 Minuten) Den Parkplatz [&hellip;]<\/p>\n","protected":false},"author":1,"featured_media":0,"parent":0,"menu_order":0,"comment_status":"closed","ping_status":"closed","template":"","meta":{"footnotes":""},"class_list":["post-382","page","type-page","status-publish","hentry"],"yoast_head":"<!-- This site is optimized with the Yoast SEO plugin v26.8 - https:\/\/yoast.com\/product\/yoast-seo-wordpress\/ -->\n<title>Anfahrt - Kunstp\u00e4dagogischer Tag 2018 I K\u00fcnstlerisches Handeln zwischen Kooperation, Differenzierung, Partizipation und Individualisierung<\/title>\n<meta name=\"robots\" content=\"index, follow, max-snippet:-1, max-image-preview:large, max-video-preview:-1\" \/>\n<link rel=\"canonical\" href=\"http:\/\/didaktik-der-bildenden-kuenste.de\/kpt2018\/anfahrt\/\" \/>\n<meta property=\"og:locale\" content=\"de_DE\" \/>\n<meta property=\"og:type\" content=\"article\" \/>\n<meta property=\"og:title\" content=\"Anfahrt - Kunstp\u00e4dagogischer Tag 2018 I K\u00fcnstlerisches Handeln zwischen Kooperation, Differenzierung, Partizipation und Individualisierung\" \/>\n<meta property=\"og:description\" content=\"Parkm\u00f6glichkeit in der N\u00e4he des Brauhauses: Unmittelbar am Brauhaus sind nur sehr begrenzte Parkm\u00f6glichkeiten vorhanden. Weitere Parkpl\u00e4tze: Park and Ride Ferndorfbr\u00fccke Von der Weidenauerstra\u00dfe kommend recht abbiegen (Best Carwash und REDDY K\u00fcchen) in die Stahlwerkstra\u00dfe, Stra\u00dfe bis zum Parkplatz folgen, auf dem Parkplatz rechts halten. Fu\u00dfweg vom Parkplatz zum Brauhaus (ca. 5 Minuten) Den Parkplatz [&hellip;]\" \/>\n<meta property=\"og:url\" content=\"http:\/\/didaktik-der-bildenden-kuenste.de\/kpt2018\/anfahrt\/\" \/>\n<meta property=\"og:site_name\" content=\"Kunstp\u00e4dagogischer Tag 2018 I K\u00fcnstlerisches Handeln zwischen Kooperation, Differenzierung, Partizipation und Individualisierung\" \/>\n<meta property=\"og:image\" content=\"http:\/\/blogs.uni-siegen.de\/kpt2018\/files\/2018\/06\/kartebrauhausN2-300x300.jpg\" \/>\n<meta name=\"twitter:card\" content=\"summary_large_image\" \/>\n<meta name=\"twitter:label1\" content=\"Gesch\u00e4tzte Lesezeit\" \/>\n\t<meta name=\"twitter:data1\" content=\"1\u00a0Minute\" \/>\n<script type=\"application\/ld+json\" class=\"yoast-schema-graph\">{\"@context\":\"https:\/\/schema.org\",\"@graph\":[{\"@type\":\"WebPage\",\"@id\":\"http:\/\/didaktik-der-bildenden-kuenste.de\/kpt2018\/anfahrt\/\",\"url\":\"http:\/\/didaktik-der-bildenden-kuenste.de\/kpt2018\/anfahrt\/\",\"name\":\"Anfahrt - Kunstp\u00e4dagogischer Tag 2018 I K\u00fcnstlerisches Handeln zwischen Kooperation, Differenzierung, Partizipation und Individualisierung\",\"isPartOf\":{\"@id\":\"http:\/\/didaktik-der-bildenden-kuenste.de\/kpt2018\/#website\"},\"primaryImageOfPage\":{\"@id\":\"http:\/\/didaktik-der-bildenden-kuenste.de\/kpt2018\/anfahrt\/#primaryimage\"},\"image\":{\"@id\":\"http:\/\/didaktik-der-bildenden-kuenste.de\/kpt2018\/anfahrt\/#primaryimage\"},\"thumbnailUrl\":\"http:\/\/blogs.uni-siegen.de\/kpt2018\/files\/2018\/06\/kartebrauhausN2-300x300.jpg\",\"datePublished\":\"2018-06-19T07:42:09+00:00\",\"breadcrumb\":{\"@id\":\"http:\/\/didaktik-der-bildenden-kuenste.de\/kpt2018\/anfahrt\/#breadcrumb\"},\"inLanguage\":\"de\",\"potentialAction\":[{\"@type\":\"ReadAction\",\"target\":[\"http:\/\/didaktik-der-bildenden-kuenste.de\/kpt2018\/anfahrt\/\"]}]},{\"@type\":\"ImageObject\",\"inLanguage\":\"de\",\"@id\":\"http:\/\/didaktik-der-bildenden-kuenste.de\/kpt2018\/anfahrt\/#primaryimage\",\"url\":\"http:\/\/blogs.uni-siegen.de\/kpt2018\/files\/2018\/06\/kartebrauhausN2-300x300.jpg\",\"contentUrl\":\"http:\/\/blogs.uni-siegen.de\/kpt2018\/files\/2018\/06\/kartebrauhausN2-300x300.jpg\"},{\"@type\":\"BreadcrumbList\",\"@id\":\"http:\/\/didaktik-der-bildenden-kuenste.de\/kpt2018\/anfahrt\/#breadcrumb\",\"itemListElement\":[{\"@type\":\"ListItem\",\"position\":1,\"name\":\"Home\",\"item\":\"http:\/\/didaktik-der-bildenden-kuenste.de\/kpt2018\/\"},{\"@type\":\"ListItem\",\"position\":2,\"name\":\"Anfahrt\"}]},{\"@type\":\"WebSite\",\"@id\":\"http:\/\/didaktik-der-bildenden-kuenste.de\/kpt2018\/#website\",\"url\":\"http:\/\/didaktik-der-bildenden-kuenste.de\/kpt2018\/\",\"name\":\"Kunstp\u00e4dagogischer Tag 2018 I K\u00fcnstlerisches Handeln zwischen Kooperation, Differenzierung, Partizipation und Individualisierung\",\"description\":\"Eine weitere Didaktik der bildenden K\u00fcnste Websites Website\",\"potentialAction\":[{\"@type\":\"SearchAction\",\"target\":{\"@type\":\"EntryPoint\",\"urlTemplate\":\"http:\/\/didaktik-der-bildenden-kuenste.de\/kpt2018\/?s={search_term_string}\"},\"query-input\":{\"@type\":\"PropertyValueSpecification\",\"valueRequired\":true,\"valueName\":\"search_term_string\"}}],\"inLanguage\":\"de\"}]}<\/script>\n<!-- \/ Yoast SEO plugin. -->","yoast_head_json":{"title":"Anfahrt - Kunstp\u00e4dagogischer Tag 2018 I K\u00fcnstlerisches Handeln zwischen Kooperation, Differenzierung, Partizipation und Individualisierung","robots":{"index":"index","follow":"follow","max-snippet":"max-snippet:-1","max-image-preview":"max-image-preview:large","max-video-preview":"max-video-preview:-1"},"canonical":"http:\/\/didaktik-der-bildenden-kuenste.de\/kpt2018\/anfahrt\/","og_locale":"de_DE","og_type":"article","og_title":"Anfahrt - Kunstp\u00e4dagogischer Tag 2018 I K\u00fcnstlerisches Handeln zwischen Kooperation, Differenzierung, Partizipation und Individualisierung","og_description":"Parkm\u00f6glichkeit in der N\u00e4he des Brauhauses: Unmittelbar am Brauhaus sind nur sehr begrenzte Parkm\u00f6glichkeiten vorhanden. Weitere Parkpl\u00e4tze: Park and Ride Ferndorfbr\u00fccke Von der Weidenauerstra\u00dfe kommend recht abbiegen (Best Carwash und REDDY K\u00fcchen) in die Stahlwerkstra\u00dfe, Stra\u00dfe bis zum Parkplatz folgen, auf dem Parkplatz rechts halten. Fu\u00dfweg vom Parkplatz zum Brauhaus (ca. 5 Minuten) Den Parkplatz [&hellip;]","og_url":"http:\/\/didaktik-der-bildenden-kuenste.de\/kpt2018\/anfahrt\/","og_site_name":"Kunstp\u00e4dagogischer Tag 2018 I K\u00fcnstlerisches Handeln zwischen Kooperation, Differenzierung, Partizipation und Individualisierung","og_image":[{"url":"http:\/\/blogs.uni-siegen.de\/kpt2018\/files\/2018\/06\/kartebrauhausN2-300x300.jpg","type":"","width":"","height":""}],"twitter_card":"summary_large_image","twitter_misc":{"Gesch\u00e4tzte Lesezeit":"1\u00a0Minute"},"schema":{"@context":"https:\/\/schema.org","@graph":[{"@type":"WebPage","@id":"http:\/\/didaktik-der-bildenden-kuenste.de\/kpt2018\/anfahrt\/","url":"http:\/\/didaktik-der-bildenden-kuenste.de\/kpt2018\/anfahrt\/","name":"Anfahrt - Kunstp\u00e4dagogischer Tag 2018 I K\u00fcnstlerisches Handeln zwischen Kooperation, Differenzierung, Partizipation und Individualisierung","isPartOf":{"@id":"http:\/\/didaktik-der-bildenden-kuenste.de\/kpt2018\/#website"},"primaryImageOfPage":{"@id":"http:\/\/didaktik-der-bildenden-kuenste.de\/kpt2018\/anfahrt\/#primaryimage"},"image":{"@id":"http:\/\/didaktik-der-bildenden-kuenste.de\/kpt2018\/anfahrt\/#primaryimage"},"thumbnailUrl":"http:\/\/blogs.uni-siegen.de\/kpt2018\/files\/2018\/06\/kartebrauhausN2-300x300.jpg","datePublished":"2018-06-19T07:42:09+00:00","breadcrumb":{"@id":"http:\/\/didaktik-der-bildenden-kuenste.de\/kpt2018\/anfahrt\/#breadcrumb"},"inLanguage":"de","potentialAction":[{"@type":"ReadAction","target":["http:\/\/didaktik-der-bildenden-kuenste.de\/kpt2018\/anfahrt\/"]}]},{"@type":"ImageObject","inLanguage":"de","@id":"http:\/\/didaktik-der-bildenden-kuenste.de\/kpt2018\/anfahrt\/#primaryimage","url":"http:\/\/blogs.uni-siegen.de\/kpt2018\/files\/2018\/06\/kartebrauhausN2-300x300.jpg","contentUrl":"http:\/\/blogs.uni-siegen.de\/kpt2018\/files\/2018\/06\/kartebrauhausN2-300x300.jpg"},{"@type":"BreadcrumbList","@id":"http:\/\/didaktik-der-bildenden-kuenste.de\/kpt2018\/anfahrt\/#breadcrumb","itemListElement":[{"@type":"ListItem","position":1,"name":"Home","item":"http:\/\/didaktik-der-bildenden-kuenste.de\/kpt2018\/"},{"@type":"ListItem","position":2,"name":"Anfahrt"}]},{"@type":"WebSite","@id":"http:\/\/didaktik-der-bildenden-kuenste.de\/kpt2018\/#website","url":"http:\/\/didaktik-der-bildenden-kuenste.de\/kpt2018\/","name":"Kunstp\u00e4dagogischer Tag 2018 I K\u00fcnstlerisches Handeln zwischen Kooperation, Differenzierung, Partizipation und Individualisierung","description":"Eine weitere Didaktik der bildenden K\u00fcnste Websites Website","potentialAction":[{"@type":"SearchAction","target":{"@type":"EntryPoint","urlTemplate":"http:\/\/didaktik-der-bildenden-kuenste.de\/kpt2018\/?s={search_term_string}"},"query-input":{"@type":"PropertyValueSpecification","valueRequired":true,"valueName":"search_term_string"}}],"inLanguage":"de"}]}},"_links":{"self":[{"href":"http:\/\/didaktik-der-bildenden-kuenste.de\/kpt2018\/wp-json\/wp\/v2\/pages\/382","targetHints":{"allow":["GET"]}}],"collection":[{"href":"http:\/\/didaktik-der-bildenden-kuenste.de\/kpt2018\/wp-json\/wp\/v2\/pages"}],"about":[{"href":"http:\/\/didaktik-der-bildenden-kuenste.de\/kpt2018\/wp-json\/wp\/v2\/types\/page"}],"author":[{"embeddable":true,"href":"http:\/\/didaktik-der-bildenden-kuenste.de\/kpt2018\/wp-json\/wp\/v2\/users\/1"}],"replies":[{"embeddable":true,"href":"http:\/\/didaktik-der-bildenden-kuenste.de\/kpt2018\/wp-json\/wp\/v2\/comments?post=382"}],"version-history":[{"count":0,"href":"http:\/\/didaktik-der-bildenden-kuenste.de\/kpt2018\/wp-json\/wp\/v2\/pages\/382\/revisions"}],"wp:attachment":[{"href":"http:\/\/didaktik-der-bildenden-kuenste.de\/kpt2018\/wp-json\/wp\/v2\/media?parent=382"}],"curies":[{"name":"wp","href":"https:\/\/api.w.org\/{rel}","templated":true}]}}