{"id":228,"date":"2021-01-16T13:57:29","date_gmt":"2021-01-16T12:57:29","guid":{"rendered":"http:\/\/didaktik-der-bildenden-kuenste.de\/kpt2021\/?page_id=228"},"modified":"2026-02-02T14:00:13","modified_gmt":"2026-02-02T13:00:13","slug":"touching-potenziale-audio-visueller-aufzeichnungen-materialbezogener-gestalterisch-kuenstlerischer-taetigkeiten-2","status":"publish","type":"page","link":"http:\/\/didaktik-der-bildenden-kuenste.de\/kpt2021\/abstracts\/touching-potenziale-audio-visueller-aufzeichnungen-materialbezogener-gestalterisch-kuenstlerischer-taetigkeiten-2\/","title":{"rendered":"Touching \u2013 Potenziale audio-visueller Aufzeichnungen taktiler und auditiver Ph\u00e4nomene in gestalterisch-k\u00fcnstlerischen T\u00e4tigkeiten"},"content":{"rendered":"\n<div class=\"wp-block-group breadcrumb-row is-layout-flex wp-block-group-is-layout-flex\">\n<p><a href=\"https:\/\/didaktik-der-bildenden-kuenste.de\/\">Didaktik der Bildenden K\u00fcnste<\/a> ><\/p>\n\n\n<div class=\"yoast-breadcrumbs\"><span><span><a href=\"http:\/\/didaktik-der-bildenden-kuenste.de\/kpt2021\/\">Kunstp\u00e4dagogischer Tag<\/a><\/span> &gt; <span><a href=\"http:\/\/didaktik-der-bildenden-kuenste.de\/kpt2021\/abstracts\/\">Workshops<\/a><\/span> &gt; <span class=\"breadcrumb_last\" aria-current=\"page\">Touching \u2013 Potenziale audio-visueller Aufzeichnungen taktiler und auditiver Ph\u00e4nomene in gestalterisch-k\u00fcnstlerischen T\u00e4tigkeiten<\/span><\/span><\/div><\/div>\n\n\n\n<div style=\"height:100px\" aria-hidden=\"true\" class=\"wp-block-spacer\"><\/div>\n\n\n\n<figure class=\"wp-block-image size-large\"><img loading=\"lazy\" decoding=\"async\" width=\"2000\" height=\"1333\" src=\"http:\/\/didaktik-der-bildenden-kuenste.de\/kpt2021\/wp-content\/uploads\/sites\/5\/2021\/10\/Banner_Bader_comp-2000x1333.png\" alt=\"\" class=\"wp-image-629\" srcset=\"http:\/\/didaktik-der-bildenden-kuenste.de\/kpt2021\/wp-content\/uploads\/sites\/5\/2021\/10\/Banner_Bader_comp-2000x1333.png 2000w, http:\/\/didaktik-der-bildenden-kuenste.de\/kpt2021\/wp-content\/uploads\/sites\/5\/2021\/10\/Banner_Bader_comp-300x200.png 300w, http:\/\/didaktik-der-bildenden-kuenste.de\/kpt2021\/wp-content\/uploads\/sites\/5\/2021\/10\/Banner_Bader_comp-768x512.png 768w, http:\/\/didaktik-der-bildenden-kuenste.de\/kpt2021\/wp-content\/uploads\/sites\/5\/2021\/10\/Banner_Bader_comp-1536x1024.png 1536w, http:\/\/didaktik-der-bildenden-kuenste.de\/kpt2021\/wp-content\/uploads\/sites\/5\/2021\/10\/Banner_Bader_comp-2048x1365.png 2048w, http:\/\/didaktik-der-bildenden-kuenste.de\/kpt2021\/wp-content\/uploads\/sites\/5\/2021\/10\/Banner_Bader_comp-624x416.png 624w, http:\/\/didaktik-der-bildenden-kuenste.de\/kpt2021\/wp-content\/uploads\/sites\/5\/2021\/10\/Banner_Bader_comp-400x267.png 400w\" sizes=\"auto, (max-width: 2000px) 100vw, 2000px\" \/><\/figure>\n\n\n\n<p>Nadia Bader \/ Michaela G\u00f6tsch<\/p>\n\n\n\n<p>Eine Hand streicht sorgsam ein Papier zurecht. In einer Nahaufnahme dieser Ber\u00fchrung wird die Beschaffenheit des Papiers sp\u00fcrbar: Ein leises, schleifendes Ger\u00e4usch beim Streichen \u00fcber die Oberfl\u00e4che macht die raue Haptik des Materials h\u00f6rbar, sein beobachtbares Nachgeben unter den Fingern l\u00e4sst seine Weichheit erahnen. Es ist handgesch\u00f6pftes B\u00fcttenpapier. In der Folge wird das Papier befeuchtet und f\u00fcr einen Holzdruck vorbereitet.<\/p>\n\n\n\n<p>Am Beispiel einer experimentellen sowie explorativen Arbeit mit Tutorial- und ASMR-Videos wird erkundet, inwiefern sich physisch-k\u00f6rperliche, taktile und auditive Aspekte \u00e4sthetischer Wahrnehmung und gestalterisch-k\u00fcnstlerischen Arbeitens videographisch aufzeichnen und vermitteln lassen. Dabei r\u00fccken mediale Transformationsprozesse in den Blick, welche die Eigenheiten spezifischer medialer und \u00e4sthetischer Ausdrucks- und Darstellungsm\u00f6glichkeiten als solche anerkennen und nutzen. Der Workshop m\u00f6chte zu einem sensibilisierten Umgang mit diesen aus Lehrer*innenperspektive beitragen, der f\u00fcr den eigenen Kunstunterricht auf mehreren Ebenen fruchtbar werden kann. Hinsichtlich Tutorial-Videos fokussieren wir uns auf Ans\u00e4tze, in denen (\u00e4sthetische, gestalterisch-k\u00fcnstlerische) T\u00e4tigkeiten vorgezeigt werden (How-to). Als Kontrast und Erg\u00e4nzung besch\u00e4ftigen wir uns mit Tutorial-\u00e4hnlichen ASMR*-Videos, die bestimmte akustische und visuelle Reize nutzen, um k\u00f6rperliche Reaktionen bei Rezipierenden hervorzurufen, z.B. Entspannung, Wohlbefinden und (\u00e4sthetischen) Genuss. Dar\u00fcber hinaus sind auch videographische Dokumentationen von gestalterisch-k\u00fcnstlerischen Prozessen u.a. aus professionellen Kontexten als \u00abunbeabsichtigte\u00bb Tutorial-\/ASMR-Videos von Interesse.<\/p>\n\n\n\n<p>Im Rahmen des Workshops diskutieren wir anhand ausgew\u00e4hlter Beispiele die Potenziale solcher Videos und sammeln in Erprobungen praktische Erfahrungen mit audio-visuellen Aufzeichnungen. In einer gestalterisch-k\u00fcnstlerischen sowie reflexiven Auseinandersetzung mit den vielf\u00e4ltigen \u00dcbersetzungs- und Transformationsprozessen an digital-analogen Schnittstellen werden M\u00f6glichkeiten aufgezeigt, wie ein dichotomes Verst\u00e4ndnis von digital und analog \u00fcberwunden werden kann. Videos im Kontext des Kunstunterrichts unter diesen Gesichtspunkten zu rezipieren und zu produzieren, kann eine reflektierte und vielschichtige Auseinandersetzung er\u00f6ffnen mit &#8230; <\/p>\n\n\n\n<p>&#8230; neuen\/anderen Sicht- und H\u00f6rweisen durch Aufzeichnungen. <br>&#8230; einer (medial) fokussierten Aufmerksamkeit f\u00fcr gestalterisch-k\u00fcnstlerische T\u00e4tigkeiten am Beispiel taktiler und auditiver Aspekte.<br>&#8230; Gestaltungsm\u00f6glichkeiten in der Video- und Audioproduktion.<\/p>\n\n\n\n<p>Der Workshop leistet damit einen Beitrag zu einem differenzierten und kritischen Umgang mit (Tutorial-\/ASMR-)Videos im Kontext von Kunstunterricht, beispielsweise in digitalen Lernumgebungen. Diese bergen fachinhaltliche sowie (medien-)spezifische Chancen und Herausforderungen. Eine genauere Betrachtung dieser popul\u00e4rkulturellen Social-Media-Ph\u00e4nomene erscheint dabei ebenso lohnenswert wie die Beachtung von Sound als (k\u00fcnstlerischem) Gestaltungsmittel.<\/p>\n\n\n\n<p class=\"has-small-font-size\">* ASMR steht f\u00fcr das Akronym \u201eAutonomous Sensory Meridian Response\u201c. Auf Social-Media-Plattformen zirkulieren Videos, die auf sehr vielf\u00e4ltige Weise auf das Hervorrufen einer solchen sensorischen Erfahrung abzielen: Oftmals steht das Erzeugen von Ger\u00e4uschen rund um ein Mikrophon im Fokus, oder eine Person interagiert mit der Kamera in einer Weise, als ber\u00fchre sie das Gesicht des\/der Rezipienten\/in; es gibt auch Rollenspiele oder \u201eErz\u00e4hlstunden\u201c. F\u00fcr uns von Interesse sind in erster Linie solche Videos, in welchen ASMR durch das Beobachten von Interaktionen mit Material und\/oder k\u00fcnstlerische \/ gestalterische \/ handwerkliche T\u00e4tigkeiten hervorgerufen werden<\/p>\n\n\n\n<p><a href=\"http:\/\/didaktik-der-bildenden-kuenste.de\/kpt2021\/wp-content\/uploads\/sites\/5\/2021\/10\/Bader_Goetsch_Touching_Handout_2021_09_301.pdf\"><strong>Handout zum Workshop<\/strong><\/a><\/p>\n\n\n\n\n\n<p>DR. NADIA BADER ist seit September 2021 Junior-Professorin f\u00fcr Kunst und ihre Didaktik an der PH Freiburg (i.Br.). Zuvor war sie Dozentin f\u00fcr Fachdidaktik Bildnerisches Gestalten an der Professur f\u00fcr Didaktik in Kunst &amp; Design am Institut Sek I &amp; II der PH FHNW (CH) und freischaffende Gestalterin. Forschungsschwerpunkte sind u.a. Erkenntnis-\/Vermittlungspotentiale des Visuellen in Forschung und Bildung sowie die Untersuchung von Lehr-Lern-Prozessen im Kunstunterricht vor praxistheoretischem Hintergrund.<\/p>\n\n\n\n<p>MICHAELA G\u00d6TSCH ist Dozentin f\u00fcr Fachdidaktik Design &amp; Technik an der Professur f\u00fcr Didaktik in Kunst &amp; Design am Institut Sek I &amp; II der PH FHNW (CH). Zuvor unterrichtete sie am Institut f\u00fcr k\u00fcnstlerisches Lehramt an der Akademie der Bildenden K\u00fcnste Wien (\u00d6), war Lehrerin f\u00fcr Technisches Werken, Textiles Werken und Bildnerische Erziehung auf der Sekundarstufe 1 und 2 und befasste sich mit personaler und medialer Kunst- und Kulturvermittlung.<\/p>\n\n\n\n\n\n<div style=\"height:100px\" aria-hidden=\"true\" class=\"wp-block-spacer\"><\/div>\n\n\n\n<p class=\"newsletter-title has-dark-gray-color has-text-color has-link-color wp-elements-3d081ee4412b4aad9057c22a505c72fb\"><a href=\"https:\/\/didaktik-der-bildenden-kuenste.de\/newsletter\/\">NEWSLETTER<\/a><br>Melden Sie sich hier zum Newsletter der Didaktik der Bildenden K\u00fcnste an.<\/p>\n\n\n\n<p class=\"has-small-font-size\"><a href=\"http:\/\/didaktik-der-bildenden-kuenste.de\/kpt2021\/wp-content\/uploads\/sites\/5\/2020\/11\/IMPRESSUM.pdf\" target=\"_blank\">IMPRESSUM<\/a><\/p>\n","protected":false},"excerpt":{"rendered":"<p>Nadia Bader \/ Michaela G\u00f6tsch Eine Hand streicht sorgsam ein Papier zurecht. In einer Nahaufnahme dieser Ber\u00fchrung wird die Beschaffenheit des Papiers sp\u00fcrbar: Ein leises, schleifendes Ger\u00e4usch beim Streichen \u00fcber die Oberfl\u00e4che macht die raue Haptik des Materials h\u00f6rbar, sein beobachtbares Nachgeben unter den Fingern l\u00e4sst seine Weichheit erahnen. Es ist handgesch\u00f6pftes B\u00fcttenpapier. In der [&hellip;]<\/p>\n","protected":false},"author":1,"featured_media":0,"parent":81,"menu_order":0,"comment_status":"closed","ping_status":"closed","template":"page-templates\/full-width.php","meta":{"footnotes":""},"class_list":["post-228","page","type-page","status-publish","hentry"],"yoast_head":"<!-- This site is optimized with the Yoast SEO plugin v26.8 - https:\/\/yoast.com\/product\/yoast-seo-wordpress\/ -->\n<title>Touching \u2013 Potenziale audio-visueller Aufzeichnungen taktiler und auditiver Ph\u00e4nomene in gestalterisch-k\u00fcnstlerischen T\u00e4tigkeiten -<\/title>\n<meta name=\"robots\" content=\"index, follow, max-snippet:-1, max-image-preview:large, max-video-preview:-1\" \/>\n<link rel=\"canonical\" href=\"http:\/\/didaktik-der-bildenden-kuenste.de\/kpt2021\/abstracts\/touching-potenziale-audio-visueller-aufzeichnungen-materialbezogener-gestalterisch-kuenstlerischer-taetigkeiten-2\/\" \/>\n<meta property=\"og:locale\" content=\"de_DE\" \/>\n<meta property=\"og:type\" content=\"article\" \/>\n<meta property=\"og:title\" content=\"Touching \u2013 Potenziale audio-visueller Aufzeichnungen taktiler und auditiver Ph\u00e4nomene in gestalterisch-k\u00fcnstlerischen T\u00e4tigkeiten -\" \/>\n<meta property=\"og:description\" content=\"Nadia Bader \/ Michaela G\u00f6tsch Eine Hand streicht sorgsam ein Papier zurecht. In einer Nahaufnahme dieser Ber\u00fchrung wird die Beschaffenheit des Papiers sp\u00fcrbar: Ein leises, schleifendes Ger\u00e4usch beim Streichen \u00fcber die Oberfl\u00e4che macht die raue Haptik des Materials h\u00f6rbar, sein beobachtbares Nachgeben unter den Fingern l\u00e4sst seine Weichheit erahnen. Es ist handgesch\u00f6pftes B\u00fcttenpapier. In der [&hellip;]\" \/>\n<meta property=\"og:url\" content=\"http:\/\/didaktik-der-bildenden-kuenste.de\/kpt2021\/abstracts\/touching-potenziale-audio-visueller-aufzeichnungen-materialbezogener-gestalterisch-kuenstlerischer-taetigkeiten-2\/\" \/>\n<meta property=\"article:modified_time\" content=\"2026-02-02T13:00:13+00:00\" \/>\n<meta property=\"og:image\" content=\"http:\/\/didaktik-der-bildenden-kuenste.de\/kpt2021\/wp-content\/uploads\/sites\/5\/2021\/10\/Banner_Bader_comp-2000x1333.png\" \/>\n<meta name=\"twitter:card\" content=\"summary_large_image\" \/>\n<meta name=\"twitter:label1\" content=\"Gesch\u00e4tzte Lesezeit\" \/>\n\t<meta name=\"twitter:data1\" content=\"11\u00a0Minuten\" \/>\n<script type=\"application\/ld+json\" class=\"yoast-schema-graph\">{\"@context\":\"https:\/\/schema.org\",\"@graph\":[{\"@type\":\"WebPage\",\"@id\":\"http:\/\/didaktik-der-bildenden-kuenste.de\/kpt2021\/abstracts\/touching-potenziale-audio-visueller-aufzeichnungen-materialbezogener-gestalterisch-kuenstlerischer-taetigkeiten-2\/\",\"url\":\"http:\/\/didaktik-der-bildenden-kuenste.de\/kpt2021\/abstracts\/touching-potenziale-audio-visueller-aufzeichnungen-materialbezogener-gestalterisch-kuenstlerischer-taetigkeiten-2\/\",\"name\":\"Touching \u2013 Potenziale audio-visueller Aufzeichnungen taktiler und auditiver Ph\u00e4nomene in gestalterisch-k\u00fcnstlerischen T\u00e4tigkeiten -\",\"isPartOf\":{\"@id\":\"http:\/\/didaktik-der-bildenden-kuenste.de\/kpt2021\/#website\"},\"primaryImageOfPage\":{\"@id\":\"http:\/\/didaktik-der-bildenden-kuenste.de\/kpt2021\/abstracts\/touching-potenziale-audio-visueller-aufzeichnungen-materialbezogener-gestalterisch-kuenstlerischer-taetigkeiten-2\/#primaryimage\"},\"image\":{\"@id\":\"http:\/\/didaktik-der-bildenden-kuenste.de\/kpt2021\/abstracts\/touching-potenziale-audio-visueller-aufzeichnungen-materialbezogener-gestalterisch-kuenstlerischer-taetigkeiten-2\/#primaryimage\"},\"thumbnailUrl\":\"http:\/\/didaktik-der-bildenden-kuenste.de\/kpt2021\/wp-content\/uploads\/sites\/5\/2021\/10\/Banner_Bader_comp-2000x1333.png\",\"datePublished\":\"2021-01-16T12:57:29+00:00\",\"dateModified\":\"2026-02-02T13:00:13+00:00\",\"breadcrumb\":{\"@id\":\"http:\/\/didaktik-der-bildenden-kuenste.de\/kpt2021\/abstracts\/touching-potenziale-audio-visueller-aufzeichnungen-materialbezogener-gestalterisch-kuenstlerischer-taetigkeiten-2\/#breadcrumb\"},\"inLanguage\":\"de\",\"potentialAction\":[{\"@type\":\"ReadAction\",\"target\":[\"http:\/\/didaktik-der-bildenden-kuenste.de\/kpt2021\/abstracts\/touching-potenziale-audio-visueller-aufzeichnungen-materialbezogener-gestalterisch-kuenstlerischer-taetigkeiten-2\/\"]}]},{\"@type\":\"ImageObject\",\"inLanguage\":\"de\",\"@id\":\"http:\/\/didaktik-der-bildenden-kuenste.de\/kpt2021\/abstracts\/touching-potenziale-audio-visueller-aufzeichnungen-materialbezogener-gestalterisch-kuenstlerischer-taetigkeiten-2\/#primaryimage\",\"url\":\"http:\/\/didaktik-der-bildenden-kuenste.de\/kpt2021\/wp-content\/uploads\/sites\/5\/2021\/10\/Banner_Bader_comp.png\",\"contentUrl\":\"http:\/\/didaktik-der-bildenden-kuenste.de\/kpt2021\/wp-content\/uploads\/sites\/5\/2021\/10\/Banner_Bader_comp.png\",\"width\":2508,\"height\":1672},{\"@type\":\"BreadcrumbList\",\"@id\":\"http:\/\/didaktik-der-bildenden-kuenste.de\/kpt2021\/abstracts\/touching-potenziale-audio-visueller-aufzeichnungen-materialbezogener-gestalterisch-kuenstlerischer-taetigkeiten-2\/#breadcrumb\",\"itemListElement\":[{\"@type\":\"ListItem\",\"position\":1,\"name\":\"Kunstp\u00e4dagogischer Tag\",\"item\":\"http:\/\/didaktik-der-bildenden-kuenste.de\/kpt2021\/\"},{\"@type\":\"ListItem\",\"position\":2,\"name\":\"Workshops\",\"item\":\"http:\/\/didaktik-der-bildenden-kuenste.de\/kpt2021\/abstracts\/\"},{\"@type\":\"ListItem\",\"position\":3,\"name\":\"Touching \u2013 Potenziale audio-visueller Aufzeichnungen taktiler und auditiver Ph\u00e4nomene in gestalterisch-k\u00fcnstlerischen T\u00e4tigkeiten\"}]},{\"@type\":\"WebSite\",\"@id\":\"http:\/\/didaktik-der-bildenden-kuenste.de\/kpt2021\/#website\",\"url\":\"http:\/\/didaktik-der-bildenden-kuenste.de\/kpt2021\/\",\"name\":\"\",\"description\":\"\",\"potentialAction\":[{\"@type\":\"SearchAction\",\"target\":{\"@type\":\"EntryPoint\",\"urlTemplate\":\"http:\/\/didaktik-der-bildenden-kuenste.de\/kpt2021\/?s={search_term_string}\"},\"query-input\":{\"@type\":\"PropertyValueSpecification\",\"valueRequired\":true,\"valueName\":\"search_term_string\"}}],\"inLanguage\":\"de\"}]}<\/script>\n<!-- \/ Yoast SEO plugin. -->","yoast_head_json":{"title":"Touching \u2013 Potenziale audio-visueller Aufzeichnungen taktiler und auditiver Ph\u00e4nomene in gestalterisch-k\u00fcnstlerischen T\u00e4tigkeiten -","robots":{"index":"index","follow":"follow","max-snippet":"max-snippet:-1","max-image-preview":"max-image-preview:large","max-video-preview":"max-video-preview:-1"},"canonical":"http:\/\/didaktik-der-bildenden-kuenste.de\/kpt2021\/abstracts\/touching-potenziale-audio-visueller-aufzeichnungen-materialbezogener-gestalterisch-kuenstlerischer-taetigkeiten-2\/","og_locale":"de_DE","og_type":"article","og_title":"Touching \u2013 Potenziale audio-visueller Aufzeichnungen taktiler und auditiver Ph\u00e4nomene in gestalterisch-k\u00fcnstlerischen T\u00e4tigkeiten -","og_description":"Nadia Bader \/ Michaela G\u00f6tsch Eine Hand streicht sorgsam ein Papier zurecht. In einer Nahaufnahme dieser Ber\u00fchrung wird die Beschaffenheit des Papiers sp\u00fcrbar: Ein leises, schleifendes Ger\u00e4usch beim Streichen \u00fcber die Oberfl\u00e4che macht die raue Haptik des Materials h\u00f6rbar, sein beobachtbares Nachgeben unter den Fingern l\u00e4sst seine Weichheit erahnen. Es ist handgesch\u00f6pftes B\u00fcttenpapier. In der [&hellip;]","og_url":"http:\/\/didaktik-der-bildenden-kuenste.de\/kpt2021\/abstracts\/touching-potenziale-audio-visueller-aufzeichnungen-materialbezogener-gestalterisch-kuenstlerischer-taetigkeiten-2\/","article_modified_time":"2026-02-02T13:00:13+00:00","og_image":[{"url":"http:\/\/didaktik-der-bildenden-kuenste.de\/kpt2021\/wp-content\/uploads\/sites\/5\/2021\/10\/Banner_Bader_comp-2000x1333.png","type":"","width":"","height":""}],"twitter_card":"summary_large_image","twitter_misc":{"Gesch\u00e4tzte Lesezeit":"11\u00a0Minuten"},"schema":{"@context":"https:\/\/schema.org","@graph":[{"@type":"WebPage","@id":"http:\/\/didaktik-der-bildenden-kuenste.de\/kpt2021\/abstracts\/touching-potenziale-audio-visueller-aufzeichnungen-materialbezogener-gestalterisch-kuenstlerischer-taetigkeiten-2\/","url":"http:\/\/didaktik-der-bildenden-kuenste.de\/kpt2021\/abstracts\/touching-potenziale-audio-visueller-aufzeichnungen-materialbezogener-gestalterisch-kuenstlerischer-taetigkeiten-2\/","name":"Touching \u2013 Potenziale audio-visueller Aufzeichnungen taktiler und auditiver Ph\u00e4nomene in gestalterisch-k\u00fcnstlerischen T\u00e4tigkeiten -","isPartOf":{"@id":"http:\/\/didaktik-der-bildenden-kuenste.de\/kpt2021\/#website"},"primaryImageOfPage":{"@id":"http:\/\/didaktik-der-bildenden-kuenste.de\/kpt2021\/abstracts\/touching-potenziale-audio-visueller-aufzeichnungen-materialbezogener-gestalterisch-kuenstlerischer-taetigkeiten-2\/#primaryimage"},"image":{"@id":"http:\/\/didaktik-der-bildenden-kuenste.de\/kpt2021\/abstracts\/touching-potenziale-audio-visueller-aufzeichnungen-materialbezogener-gestalterisch-kuenstlerischer-taetigkeiten-2\/#primaryimage"},"thumbnailUrl":"http:\/\/didaktik-der-bildenden-kuenste.de\/kpt2021\/wp-content\/uploads\/sites\/5\/2021\/10\/Banner_Bader_comp-2000x1333.png","datePublished":"2021-01-16T12:57:29+00:00","dateModified":"2026-02-02T13:00:13+00:00","breadcrumb":{"@id":"http:\/\/didaktik-der-bildenden-kuenste.de\/kpt2021\/abstracts\/touching-potenziale-audio-visueller-aufzeichnungen-materialbezogener-gestalterisch-kuenstlerischer-taetigkeiten-2\/#breadcrumb"},"inLanguage":"de","potentialAction":[{"@type":"ReadAction","target":["http:\/\/didaktik-der-bildenden-kuenste.de\/kpt2021\/abstracts\/touching-potenziale-audio-visueller-aufzeichnungen-materialbezogener-gestalterisch-kuenstlerischer-taetigkeiten-2\/"]}]},{"@type":"ImageObject","inLanguage":"de","@id":"http:\/\/didaktik-der-bildenden-kuenste.de\/kpt2021\/abstracts\/touching-potenziale-audio-visueller-aufzeichnungen-materialbezogener-gestalterisch-kuenstlerischer-taetigkeiten-2\/#primaryimage","url":"http:\/\/didaktik-der-bildenden-kuenste.de\/kpt2021\/wp-content\/uploads\/sites\/5\/2021\/10\/Banner_Bader_comp.png","contentUrl":"http:\/\/didaktik-der-bildenden-kuenste.de\/kpt2021\/wp-content\/uploads\/sites\/5\/2021\/10\/Banner_Bader_comp.png","width":2508,"height":1672},{"@type":"BreadcrumbList","@id":"http:\/\/didaktik-der-bildenden-kuenste.de\/kpt2021\/abstracts\/touching-potenziale-audio-visueller-aufzeichnungen-materialbezogener-gestalterisch-kuenstlerischer-taetigkeiten-2\/#breadcrumb","itemListElement":[{"@type":"ListItem","position":1,"name":"Kunstp\u00e4dagogischer Tag","item":"http:\/\/didaktik-der-bildenden-kuenste.de\/kpt2021\/"},{"@type":"ListItem","position":2,"name":"Workshops","item":"http:\/\/didaktik-der-bildenden-kuenste.de\/kpt2021\/abstracts\/"},{"@type":"ListItem","position":3,"name":"Touching \u2013 Potenziale audio-visueller Aufzeichnungen taktiler und auditiver Ph\u00e4nomene in gestalterisch-k\u00fcnstlerischen T\u00e4tigkeiten"}]},{"@type":"WebSite","@id":"http:\/\/didaktik-der-bildenden-kuenste.de\/kpt2021\/#website","url":"http:\/\/didaktik-der-bildenden-kuenste.de\/kpt2021\/","name":"","description":"","potentialAction":[{"@type":"SearchAction","target":{"@type":"EntryPoint","urlTemplate":"http:\/\/didaktik-der-bildenden-kuenste.de\/kpt2021\/?s={search_term_string}"},"query-input":{"@type":"PropertyValueSpecification","valueRequired":true,"valueName":"search_term_string"}}],"inLanguage":"de"}]}},"_links":{"self":[{"href":"http:\/\/didaktik-der-bildenden-kuenste.de\/kpt2021\/wp-json\/wp\/v2\/pages\/228","targetHints":{"allow":["GET"]}}],"collection":[{"href":"http:\/\/didaktik-der-bildenden-kuenste.de\/kpt2021\/wp-json\/wp\/v2\/pages"}],"about":[{"href":"http:\/\/didaktik-der-bildenden-kuenste.de\/kpt2021\/wp-json\/wp\/v2\/types\/page"}],"author":[{"embeddable":true,"href":"http:\/\/didaktik-der-bildenden-kuenste.de\/kpt2021\/wp-json\/wp\/v2\/users\/1"}],"replies":[{"embeddable":true,"href":"http:\/\/didaktik-der-bildenden-kuenste.de\/kpt2021\/wp-json\/wp\/v2\/comments?post=228"}],"version-history":[{"count":15,"href":"http:\/\/didaktik-der-bildenden-kuenste.de\/kpt2021\/wp-json\/wp\/v2\/pages\/228\/revisions"}],"predecessor-version":[{"id":811,"href":"http:\/\/didaktik-der-bildenden-kuenste.de\/kpt2021\/wp-json\/wp\/v2\/pages\/228\/revisions\/811"}],"up":[{"embeddable":true,"href":"http:\/\/didaktik-der-bildenden-kuenste.de\/kpt2021\/wp-json\/wp\/v2\/pages\/81"}],"wp:attachment":[{"href":"http:\/\/didaktik-der-bildenden-kuenste.de\/kpt2021\/wp-json\/wp\/v2\/media?parent=228"}],"curies":[{"name":"wp","href":"https:\/\/api.w.org\/{rel}","templated":true}]}}