{"id":235,"date":"2021-01-16T14:43:12","date_gmt":"2021-01-16T13:43:12","guid":{"rendered":"http:\/\/didaktik-der-bildenden-kuenste.de\/kpt2021\/?page_id=235"},"modified":"2026-02-02T13:54:03","modified_gmt":"2026-02-02T12:54:03","slug":"supports-surfaces_2021-zeichnung-malerei-und-kuenstlerinnenbuch-als-digitale-und-analoge-vorhaben","status":"publish","type":"page","link":"http:\/\/didaktik-der-bildenden-kuenste.de\/kpt2021\/abstracts\/supports-surfaces_2021-zeichnung-malerei-und-kuenstlerinnenbuch-als-digitale-und-analoge-vorhaben\/","title":{"rendered":"&#8222;Supports\/Surfaces_2021&#8220; &#8211;  Zeichnung, Malerei und K\u00fcnstler*innenbuch als digitale und analoge Vorhaben"},"content":{"rendered":"\n<div class=\"wp-block-group breadcrumb-row is-layout-flex wp-block-group-is-layout-flex\">\n<p><a href=\"https:\/\/didaktik-der-bildenden-kuenste.de\/\">Didaktik der Bildenden K\u00fcnste<\/a> ><\/p>\n\n\n<div class=\"yoast-breadcrumbs\"><span><span><a href=\"http:\/\/didaktik-der-bildenden-kuenste.de\/kpt2021\/\">Kunstp\u00e4dagogischer Tag<\/a><\/span> &gt; <span><a href=\"http:\/\/didaktik-der-bildenden-kuenste.de\/kpt2021\/abstracts\/\">Workshops<\/a><\/span> &gt; <span class=\"breadcrumb_last\" aria-current=\"page\">&#8222;Supports\/Surfaces_2021&#8220; &#8211; Zeichnung, Malerei und K\u00fcnstler*innenbuch als digitale und analoge Vorhaben<\/span><\/span><\/div><\/div>\n\n\n\n<div style=\"height:100px\" aria-hidden=\"true\" class=\"wp-block-spacer\"><\/div>\n\n\n\n<figure class=\"wp-block-image size-large\"><img loading=\"lazy\" decoding=\"async\" width=\"2000\" height=\"1333\" src=\"http:\/\/didaktik-der-bildenden-kuenste.de\/kpt2021\/wp-content\/uploads\/sites\/5\/2021\/10\/Lohrer_neu_d_comp.png\" alt=\"\" class=\"wp-image-623\" srcset=\"http:\/\/didaktik-der-bildenden-kuenste.de\/kpt2021\/wp-content\/uploads\/sites\/5\/2021\/10\/Lohrer_neu_d_comp.png 2000w, http:\/\/didaktik-der-bildenden-kuenste.de\/kpt2021\/wp-content\/uploads\/sites\/5\/2021\/10\/Lohrer_neu_d_comp-300x200.png 300w, http:\/\/didaktik-der-bildenden-kuenste.de\/kpt2021\/wp-content\/uploads\/sites\/5\/2021\/10\/Lohrer_neu_d_comp-768x512.png 768w, http:\/\/didaktik-der-bildenden-kuenste.de\/kpt2021\/wp-content\/uploads\/sites\/5\/2021\/10\/Lohrer_neu_d_comp-1536x1024.png 1536w, http:\/\/didaktik-der-bildenden-kuenste.de\/kpt2021\/wp-content\/uploads\/sites\/5\/2021\/10\/Lohrer_neu_d_comp-624x416.png 624w, http:\/\/didaktik-der-bildenden-kuenste.de\/kpt2021\/wp-content\/uploads\/sites\/5\/2021\/10\/Lohrer_neu_d_comp-400x267.png 400w\" sizes=\"auto, (max-width: 2000px) 100vw, 2000px\" \/><\/figure>\n\n\n\n<p>Annette Hasselbeck \/ Anke Lohrer<\/p>\n\n\n\n<p>Mit ihrer Bezeichnung verwies die Gruppierung &#8222;Supports\/Surfaces&#8220; auf die beiden grundlegenden Aspekte ihrer k\u00fcnstlerischen Arbeit, konzentrierten sich die Gruppenmitglieder doch vornehmlich auf die Auslotung unterschiedlicher Ausdrucksformen bez\u00fcglich des Bildtr\u00e4gers (franz.: support) und der Bildoberfl\u00e4che (franz.: surface). In dem Workshop wird das Buch neben Zeichnung und Malerei in seinen medialen Eigenschaften erprobt. Ihre Spezifika werden anhand von konkreten Beispielen aus digitalen und analogen Projekten vorgestellt. Diese Projekte erproben digitales und analoges Arbeiten disziplin\u00fcbergreifend in den Bereichen Zeichnung, Malerei und K\u00fcnstlerbuch. Durch den Vergleich werden Besonderheiten und Chancen der jeweiligen Disziplinen im Digitalen und Analogen anschaulich. Im praktischen Teil erproben wir digitale und analoge k\u00fcnstlerische Praxen der Malerei, Zeichnung und Buchproduktion. Wir vergleichen Malerei und Zeichnung als digitale und haptisch-sinnliche Erfahrung und f\u00fchren ein in Apps zur digitalen Buchgestaltung, in der Sch\u00fcler*innen Zeichnung, Malerei, Text-, Audio- und Videodateien zu einem elektronischen K\u00fcnstler*innenbuch kombinieren k\u00f6nnen, und experimentieren mit verschiedenen Elementen und Techniken der Gestaltung eines physischen Buchk\u00f6rpers.&nbsp; <\/p>\n\n\n\n<p>Gemeinsam nehmen wir die Verschr\u00e4nkungen der digitalen und physischen Kunst- und Bildungsr\u00e4ume in den Blick . \u00c4sthetische Erfahrungen, wie die Wahrnehmung von Materialit\u00e4t, K\u00f6rper, Bild und Raum haben sich in den letzten Jahrzehnten deutlich ver\u00e4ndert. Das Empfinden, die Ahnung der letzten Ber\u00fchrung, ein Fleck, ein Riss, ein Knick, das sinnlich-haptische Erleben beim Lesen und das Umdrehen der Seiten eines Buches, die pers\u00f6nliche Handschrift, die Beschaffenheit und die Stofflichkeit, der Geruch von Papier, die Materialit\u00e4t von Holz und Leinwand ver\u00e4ndern sich durch unsere Nutzung der digitalen Medien stark. Das Buch erf\u00e4hrt durch die Digitalisierung neue Aufmerksamkeit als Medium der Kunst. F\u00fcr die Malerei und Zeichnung bieten sich im Digitalen neue M\u00f6glichkeiten. Im Digitalen verbinden sich die Medien Malerei, Zeichnung und K\u00fcnstlerbuch durch klicken, wischen, scrollen, kombinieren, zoomen. Sowohl in den Projektbeispielen als auch dem Workshop werden wir herausarbeiten, wo Potenziale, Chancen und Erweiterungen des Digitalen liegen.<\/p>\n\n\n\n<p>Als Materialien dienen Ipad, Tablet&nbsp;oder eigenen&nbsp;Laptop, Papier, Skizzenbuch, Bleistifte, Zeichenstifte, Collagematerial, Farbe, Pinsel, Schere, Kleber, Faden u.\u00e4. <br>Genutzt werden die unter folgenden Links frei verf\u00fcgbaren Apps: <a rel=\"noreferrer noopener\" href=\"https:\/\/emea01.safelinks.protection.outlook.com\/?url=https%3A%2F%2Fbookcreator.com%2F&amp;data=04%7C01%7C%7C1ca0f383eb89405c359d08d942ec3c72%7C84df9e7fe9f640afb435aaaaaaaaaaaa%7C1%7C0%7C637614404675387419%7CUnknown%7CTWFpbGZsb3d8eyJWIjoiMC4wLjAwMDAiLCJQIjoiV2luMzIiLCJBTiI6Ik1haWwiLCJXVCI6Mn0%3D%7C1000&amp;sdata=F66bCszi8MiZXlzYErqCQjmoRfNp5MphnQYYhfyReIs%3D&amp;reserved=0\" target=\"_blank\">https:\/\/bookcreator.com\/<\/a><br><a rel=\"noreferrer noopener\" href=\"https:\/\/emea01.safelinks.protection.outlook.com\/?url=https%3A%2F%2Fprocreate.art%2F&amp;data=04%7C01%7C%7C1ca0f383eb89405c359d08d942ec3c72%7C84df9e7fe9f640afb435aaaaaaaaaaaa%7C1%7C0%7C637614404675392397%7CUnknown%7CTWFpbGZsb3d8eyJWIjoiMC4wLjAwMDAiLCJQIjoiV2luMzIiLCJBTiI6Ik1haWwiLCJXVCI6Mn0%3D%7C1000&amp;sdata=Zec%2BbuH7OP4ZqtKqEbXhSTJbb8Jdk6KgEd1Y1YI0H%2FM%3D&amp;reserved=0\" target=\"_blank\">https:\/\/procreate.art\/<\/a><br><a rel=\"noreferrer noopener\" href=\"https:\/\/emea01.safelinks.protection.outlook.com\/?url=https%3A%2F%2Fplay.google.com%2Fstore%2Fapps%2Fdetails%3Fid%3Dcom.tayasui.sketches%26hl%3Den_US%26gl%3DUS&amp;data=04%7C01%7C%7C1ca0f383eb89405c359d08d942ec3c72%7C84df9e7fe9f640afb435aaaaaaaaaaaa%7C1%7C0%7C637614404675402353%7CUnknown%7CTWFpbGZsb3d8eyJWIjoiMC4wLjAwMDAiLCJQIjoiV2luMzIiLCJBTiI6Ik1haWwiLCJXVCI6Mn0%3D%7C1000&amp;sdata=Gvh3zv0tFDn1Wwpl0SAIHFgRvnPBklHyQpsObxgKGf0%3D&amp;reserved=0\" target=\"_blank\">https:\/\/play.google.com\/store\/apps\/details?id=com.tayasui.sketches&amp;hl=en_US&amp;gl=US<\/a><\/p>\n\n\n\n<p>Kopiervorlage: Glossar \u00bbK\u00fcnstler*innenb\u00fccher\u00ab, faltbar als Minimagazin, erstellt von Annette Hasselbeck: <a href=\"http:\/\/didaktik-der-bildenden-kuenste.de\/kpt2021\/wp-content\/uploads\/sites\/5\/2023\/03\/Hasselbeck_Lohrer_Abb9.pdf\">http:\/\/didaktik-der-bildenden-kuenste.de\/kpt2021\/wp-content\/uploads\/sites\/5\/2023\/03\/Hasselbeck_Lohrer_Abb9.pdf<\/a><\/p>\n\n\n\n<p>ANNETTE HASSELBECK ist wissenschaftliche Mitarbeiterin an der Universit\u00e4t Siegen im Fach Kunst. Im Rahmen ihrer Dissertation erforscht sie das K\u00fcnstlerinnenbuch als raumbildende und ortserkundende Methode (seit 2018 im Doktorandenkolloquium von Prof. Dr. Sara Horn\u00e4k). Nach dem Studium an der Kunstakademie D\u00fcsseldorf (Kunst auf Lehramt und Freie Kunst, Meistersch\u00fclerin von Prof. Herbert Brandl) absolvierte sie ihr Referendariat in Berlin. Dort Lehrt\u00e4tigkeit an Sekundarschule und Gymnasium. Weiterhin Ausstellungst\u00e4tigkeit eigener k\u00fcnstlerischer Arbeiten sowie partizipativer Kunst- und Ausstellungsprojekte.<\/p>\n\n\n\n<p>ANKE LOHRER ist K\u00fcnstlerin, lebt und arbeitet in D\u00fcsseldorf. Sie studierte an der Kunstakademie D\u00fcsseldorf (Fritz Schwegler, Jannis Kounellis) an der \u00c9cole nationale Paris, der \u00c9cole sup\u00e9rieure d\u00b4art de Grenoble und der Folkwang Universit\u00e4t der K\u00fcnste. Sie stellt Ihre eigenen k\u00fcnstlerischen Arbeiten im Bereich Malerei, Grafik und K\u00fcnstlerbuch seit vielen Jahren im In- und Ausland aus und wird von der Galerie Clara Maria Sels vertreten. Seit 2007 hat sie Lehrauftr\u00e4ge\/ Dozenturen an verschiedenen Kunsthochschulen und arbeitet als Kunstp\u00e4dagogin. Sie ist Gr\u00fcndungsmitglied des neuen D\u00fcsseldorfer Wim-Wenders-Gymnasiums. Seit 2020 hat sie einen Lehrauftrag an der Kunstakademie D\u00fcsseldorf.&nbsp;<\/p>\n\n\n\n\n\n<div style=\"height:100px\" aria-hidden=\"true\" class=\"wp-block-spacer\"><\/div>\n\n\n\n<p class=\"newsletter-title has-dark-gray-color has-text-color has-link-color wp-elements-3d081ee4412b4aad9057c22a505c72fb\"><a href=\"https:\/\/didaktik-der-bildenden-kuenste.de\/newsletter\/\">NEWSLETTER<\/a><br>Melden Sie sich hier zum Newsletter der Didaktik der Bildenden K\u00fcnste an.<\/p>\n\n\n\n<p class=\"has-small-font-size\"><a href=\"http:\/\/didaktik-der-bildenden-kuenste.de\/kpt2021\/wp-content\/uploads\/sites\/5\/2020\/11\/IMPRESSUM.pdf\" target=\"_blank\">IMPRESSUM<\/a><\/p>\n","protected":false},"excerpt":{"rendered":"<p>Annette Hasselbeck \/ Anke Lohrer Mit ihrer Bezeichnung verwies die Gruppierung &#8222;Supports\/Surfaces&#8220; auf die beiden grundlegenden Aspekte ihrer k\u00fcnstlerischen Arbeit, konzentrierten sich die Gruppenmitglieder doch vornehmlich auf die Auslotung unterschiedlicher Ausdrucksformen bez\u00fcglich des Bildtr\u00e4gers (franz.: support) und der Bildoberfl\u00e4che (franz.: surface). In dem Workshop wird das Buch neben Zeichnung und Malerei in seinen medialen Eigenschaften [&hellip;]<\/p>\n","protected":false},"author":1,"featured_media":0,"parent":81,"menu_order":0,"comment_status":"closed","ping_status":"closed","template":"page-templates\/full-width.php","meta":{"footnotes":""},"class_list":["post-235","page","type-page","status-publish","hentry"],"yoast_head":"<!-- This site is optimized with the Yoast SEO plugin v26.8 - https:\/\/yoast.com\/product\/yoast-seo-wordpress\/ -->\n<title>&quot;Supports\/Surfaces_2021&quot; - Zeichnung, Malerei und K\u00fcnstler*innenbuch als digitale und analoge Vorhaben -<\/title>\n<meta name=\"robots\" content=\"index, follow, max-snippet:-1, max-image-preview:large, max-video-preview:-1\" \/>\n<link rel=\"canonical\" href=\"http:\/\/didaktik-der-bildenden-kuenste.de\/kpt2021\/abstracts\/supports-surfaces_2021-zeichnung-malerei-und-kuenstlerinnenbuch-als-digitale-und-analoge-vorhaben\/\" \/>\n<meta property=\"og:locale\" content=\"de_DE\" \/>\n<meta property=\"og:type\" content=\"article\" \/>\n<meta property=\"og:title\" content=\"&quot;Supports\/Surfaces_2021&quot; - Zeichnung, Malerei und K\u00fcnstler*innenbuch als digitale und analoge Vorhaben -\" \/>\n<meta property=\"og:description\" content=\"Annette Hasselbeck \/ Anke Lohrer Mit ihrer Bezeichnung verwies die Gruppierung &#8222;Supports\/Surfaces&#8220; auf die beiden grundlegenden Aspekte ihrer k\u00fcnstlerischen Arbeit, konzentrierten sich die Gruppenmitglieder doch vornehmlich auf die Auslotung unterschiedlicher Ausdrucksformen bez\u00fcglich des Bildtr\u00e4gers (franz.: support) und der Bildoberfl\u00e4che (franz.: surface). In dem Workshop wird das Buch neben Zeichnung und Malerei in seinen medialen Eigenschaften [&hellip;]\" \/>\n<meta property=\"og:url\" content=\"http:\/\/didaktik-der-bildenden-kuenste.de\/kpt2021\/abstracts\/supports-surfaces_2021-zeichnung-malerei-und-kuenstlerinnenbuch-als-digitale-und-analoge-vorhaben\/\" \/>\n<meta property=\"article:modified_time\" content=\"2026-02-02T12:54:03+00:00\" \/>\n<meta property=\"og:image\" content=\"http:\/\/didaktik-der-bildenden-kuenste.de\/kpt2021\/wp-content\/uploads\/sites\/5\/2021\/10\/Lohrer_neu_d_comp.png\" \/>\n<meta name=\"twitter:card\" content=\"summary_large_image\" \/>\n<meta name=\"twitter:label1\" content=\"Gesch\u00e4tzte Lesezeit\" \/>\n\t<meta name=\"twitter:data1\" content=\"10\u00a0Minuten\" \/>\n<script type=\"application\/ld+json\" class=\"yoast-schema-graph\">{\"@context\":\"https:\/\/schema.org\",\"@graph\":[{\"@type\":\"WebPage\",\"@id\":\"http:\/\/didaktik-der-bildenden-kuenste.de\/kpt2021\/abstracts\/supports-surfaces_2021-zeichnung-malerei-und-kuenstlerinnenbuch-als-digitale-und-analoge-vorhaben\/\",\"url\":\"http:\/\/didaktik-der-bildenden-kuenste.de\/kpt2021\/abstracts\/supports-surfaces_2021-zeichnung-malerei-und-kuenstlerinnenbuch-als-digitale-und-analoge-vorhaben\/\",\"name\":\"\\\"Supports\/Surfaces_2021\\\" - Zeichnung, Malerei und K\u00fcnstler*innenbuch als digitale und analoge Vorhaben -\",\"isPartOf\":{\"@id\":\"http:\/\/didaktik-der-bildenden-kuenste.de\/kpt2021\/#website\"},\"primaryImageOfPage\":{\"@id\":\"http:\/\/didaktik-der-bildenden-kuenste.de\/kpt2021\/abstracts\/supports-surfaces_2021-zeichnung-malerei-und-kuenstlerinnenbuch-als-digitale-und-analoge-vorhaben\/#primaryimage\"},\"image\":{\"@id\":\"http:\/\/didaktik-der-bildenden-kuenste.de\/kpt2021\/abstracts\/supports-surfaces_2021-zeichnung-malerei-und-kuenstlerinnenbuch-als-digitale-und-analoge-vorhaben\/#primaryimage\"},\"thumbnailUrl\":\"http:\/\/didaktik-der-bildenden-kuenste.de\/kpt2021\/wp-content\/uploads\/sites\/5\/2021\/10\/Lohrer_neu_d_comp.png\",\"datePublished\":\"2021-01-16T13:43:12+00:00\",\"dateModified\":\"2026-02-02T12:54:03+00:00\",\"breadcrumb\":{\"@id\":\"http:\/\/didaktik-der-bildenden-kuenste.de\/kpt2021\/abstracts\/supports-surfaces_2021-zeichnung-malerei-und-kuenstlerinnenbuch-als-digitale-und-analoge-vorhaben\/#breadcrumb\"},\"inLanguage\":\"de\",\"potentialAction\":[{\"@type\":\"ReadAction\",\"target\":[\"http:\/\/didaktik-der-bildenden-kuenste.de\/kpt2021\/abstracts\/supports-surfaces_2021-zeichnung-malerei-und-kuenstlerinnenbuch-als-digitale-und-analoge-vorhaben\/\"]}]},{\"@type\":\"ImageObject\",\"inLanguage\":\"de\",\"@id\":\"http:\/\/didaktik-der-bildenden-kuenste.de\/kpt2021\/abstracts\/supports-surfaces_2021-zeichnung-malerei-und-kuenstlerinnenbuch-als-digitale-und-analoge-vorhaben\/#primaryimage\",\"url\":\"http:\/\/didaktik-der-bildenden-kuenste.de\/kpt2021\/wp-content\/uploads\/sites\/5\/2021\/10\/Lohrer_neu_d_comp.png\",\"contentUrl\":\"http:\/\/didaktik-der-bildenden-kuenste.de\/kpt2021\/wp-content\/uploads\/sites\/5\/2021\/10\/Lohrer_neu_d_comp.png\",\"width\":2000,\"height\":1333},{\"@type\":\"BreadcrumbList\",\"@id\":\"http:\/\/didaktik-der-bildenden-kuenste.de\/kpt2021\/abstracts\/supports-surfaces_2021-zeichnung-malerei-und-kuenstlerinnenbuch-als-digitale-und-analoge-vorhaben\/#breadcrumb\",\"itemListElement\":[{\"@type\":\"ListItem\",\"position\":1,\"name\":\"Kunstp\u00e4dagogischer Tag\",\"item\":\"http:\/\/didaktik-der-bildenden-kuenste.de\/kpt2021\/\"},{\"@type\":\"ListItem\",\"position\":2,\"name\":\"Workshops\",\"item\":\"http:\/\/didaktik-der-bildenden-kuenste.de\/kpt2021\/abstracts\/\"},{\"@type\":\"ListItem\",\"position\":3,\"name\":\"&#8222;Supports\/Surfaces_2021&#8220; &#8211; Zeichnung, Malerei und K\u00fcnstler*innenbuch als digitale und analoge Vorhaben\"}]},{\"@type\":\"WebSite\",\"@id\":\"http:\/\/didaktik-der-bildenden-kuenste.de\/kpt2021\/#website\",\"url\":\"http:\/\/didaktik-der-bildenden-kuenste.de\/kpt2021\/\",\"name\":\"\",\"description\":\"\",\"potentialAction\":[{\"@type\":\"SearchAction\",\"target\":{\"@type\":\"EntryPoint\",\"urlTemplate\":\"http:\/\/didaktik-der-bildenden-kuenste.de\/kpt2021\/?s={search_term_string}\"},\"query-input\":{\"@type\":\"PropertyValueSpecification\",\"valueRequired\":true,\"valueName\":\"search_term_string\"}}],\"inLanguage\":\"de\"}]}<\/script>\n<!-- \/ Yoast SEO plugin. -->","yoast_head_json":{"title":"\"Supports\/Surfaces_2021\" - Zeichnung, Malerei und K\u00fcnstler*innenbuch als digitale und analoge Vorhaben -","robots":{"index":"index","follow":"follow","max-snippet":"max-snippet:-1","max-image-preview":"max-image-preview:large","max-video-preview":"max-video-preview:-1"},"canonical":"http:\/\/didaktik-der-bildenden-kuenste.de\/kpt2021\/abstracts\/supports-surfaces_2021-zeichnung-malerei-und-kuenstlerinnenbuch-als-digitale-und-analoge-vorhaben\/","og_locale":"de_DE","og_type":"article","og_title":"\"Supports\/Surfaces_2021\" - Zeichnung, Malerei und K\u00fcnstler*innenbuch als digitale und analoge Vorhaben -","og_description":"Annette Hasselbeck \/ Anke Lohrer Mit ihrer Bezeichnung verwies die Gruppierung &#8222;Supports\/Surfaces&#8220; auf die beiden grundlegenden Aspekte ihrer k\u00fcnstlerischen Arbeit, konzentrierten sich die Gruppenmitglieder doch vornehmlich auf die Auslotung unterschiedlicher Ausdrucksformen bez\u00fcglich des Bildtr\u00e4gers (franz.: support) und der Bildoberfl\u00e4che (franz.: surface). In dem Workshop wird das Buch neben Zeichnung und Malerei in seinen medialen Eigenschaften [&hellip;]","og_url":"http:\/\/didaktik-der-bildenden-kuenste.de\/kpt2021\/abstracts\/supports-surfaces_2021-zeichnung-malerei-und-kuenstlerinnenbuch-als-digitale-und-analoge-vorhaben\/","article_modified_time":"2026-02-02T12:54:03+00:00","og_image":[{"url":"http:\/\/didaktik-der-bildenden-kuenste.de\/kpt2021\/wp-content\/uploads\/sites\/5\/2021\/10\/Lohrer_neu_d_comp.png","type":"","width":"","height":""}],"twitter_card":"summary_large_image","twitter_misc":{"Gesch\u00e4tzte Lesezeit":"10\u00a0Minuten"},"schema":{"@context":"https:\/\/schema.org","@graph":[{"@type":"WebPage","@id":"http:\/\/didaktik-der-bildenden-kuenste.de\/kpt2021\/abstracts\/supports-surfaces_2021-zeichnung-malerei-und-kuenstlerinnenbuch-als-digitale-und-analoge-vorhaben\/","url":"http:\/\/didaktik-der-bildenden-kuenste.de\/kpt2021\/abstracts\/supports-surfaces_2021-zeichnung-malerei-und-kuenstlerinnenbuch-als-digitale-und-analoge-vorhaben\/","name":"\"Supports\/Surfaces_2021\" - Zeichnung, Malerei und K\u00fcnstler*innenbuch als digitale und analoge Vorhaben -","isPartOf":{"@id":"http:\/\/didaktik-der-bildenden-kuenste.de\/kpt2021\/#website"},"primaryImageOfPage":{"@id":"http:\/\/didaktik-der-bildenden-kuenste.de\/kpt2021\/abstracts\/supports-surfaces_2021-zeichnung-malerei-und-kuenstlerinnenbuch-als-digitale-und-analoge-vorhaben\/#primaryimage"},"image":{"@id":"http:\/\/didaktik-der-bildenden-kuenste.de\/kpt2021\/abstracts\/supports-surfaces_2021-zeichnung-malerei-und-kuenstlerinnenbuch-als-digitale-und-analoge-vorhaben\/#primaryimage"},"thumbnailUrl":"http:\/\/didaktik-der-bildenden-kuenste.de\/kpt2021\/wp-content\/uploads\/sites\/5\/2021\/10\/Lohrer_neu_d_comp.png","datePublished":"2021-01-16T13:43:12+00:00","dateModified":"2026-02-02T12:54:03+00:00","breadcrumb":{"@id":"http:\/\/didaktik-der-bildenden-kuenste.de\/kpt2021\/abstracts\/supports-surfaces_2021-zeichnung-malerei-und-kuenstlerinnenbuch-als-digitale-und-analoge-vorhaben\/#breadcrumb"},"inLanguage":"de","potentialAction":[{"@type":"ReadAction","target":["http:\/\/didaktik-der-bildenden-kuenste.de\/kpt2021\/abstracts\/supports-surfaces_2021-zeichnung-malerei-und-kuenstlerinnenbuch-als-digitale-und-analoge-vorhaben\/"]}]},{"@type":"ImageObject","inLanguage":"de","@id":"http:\/\/didaktik-der-bildenden-kuenste.de\/kpt2021\/abstracts\/supports-surfaces_2021-zeichnung-malerei-und-kuenstlerinnenbuch-als-digitale-und-analoge-vorhaben\/#primaryimage","url":"http:\/\/didaktik-der-bildenden-kuenste.de\/kpt2021\/wp-content\/uploads\/sites\/5\/2021\/10\/Lohrer_neu_d_comp.png","contentUrl":"http:\/\/didaktik-der-bildenden-kuenste.de\/kpt2021\/wp-content\/uploads\/sites\/5\/2021\/10\/Lohrer_neu_d_comp.png","width":2000,"height":1333},{"@type":"BreadcrumbList","@id":"http:\/\/didaktik-der-bildenden-kuenste.de\/kpt2021\/abstracts\/supports-surfaces_2021-zeichnung-malerei-und-kuenstlerinnenbuch-als-digitale-und-analoge-vorhaben\/#breadcrumb","itemListElement":[{"@type":"ListItem","position":1,"name":"Kunstp\u00e4dagogischer Tag","item":"http:\/\/didaktik-der-bildenden-kuenste.de\/kpt2021\/"},{"@type":"ListItem","position":2,"name":"Workshops","item":"http:\/\/didaktik-der-bildenden-kuenste.de\/kpt2021\/abstracts\/"},{"@type":"ListItem","position":3,"name":"&#8222;Supports\/Surfaces_2021&#8220; &#8211; Zeichnung, Malerei und K\u00fcnstler*innenbuch als digitale und analoge Vorhaben"}]},{"@type":"WebSite","@id":"http:\/\/didaktik-der-bildenden-kuenste.de\/kpt2021\/#website","url":"http:\/\/didaktik-der-bildenden-kuenste.de\/kpt2021\/","name":"","description":"","potentialAction":[{"@type":"SearchAction","target":{"@type":"EntryPoint","urlTemplate":"http:\/\/didaktik-der-bildenden-kuenste.de\/kpt2021\/?s={search_term_string}"},"query-input":{"@type":"PropertyValueSpecification","valueRequired":true,"valueName":"search_term_string"}}],"inLanguage":"de"}]}},"_links":{"self":[{"href":"http:\/\/didaktik-der-bildenden-kuenste.de\/kpt2021\/wp-json\/wp\/v2\/pages\/235","targetHints":{"allow":["GET"]}}],"collection":[{"href":"http:\/\/didaktik-der-bildenden-kuenste.de\/kpt2021\/wp-json\/wp\/v2\/pages"}],"about":[{"href":"http:\/\/didaktik-der-bildenden-kuenste.de\/kpt2021\/wp-json\/wp\/v2\/types\/page"}],"author":[{"embeddable":true,"href":"http:\/\/didaktik-der-bildenden-kuenste.de\/kpt2021\/wp-json\/wp\/v2\/users\/1"}],"replies":[{"embeddable":true,"href":"http:\/\/didaktik-der-bildenden-kuenste.de\/kpt2021\/wp-json\/wp\/v2\/comments?post=235"}],"version-history":[{"count":20,"href":"http:\/\/didaktik-der-bildenden-kuenste.de\/kpt2021\/wp-json\/wp\/v2\/pages\/235\/revisions"}],"predecessor-version":[{"id":804,"href":"http:\/\/didaktik-der-bildenden-kuenste.de\/kpt2021\/wp-json\/wp\/v2\/pages\/235\/revisions\/804"}],"up":[{"embeddable":true,"href":"http:\/\/didaktik-der-bildenden-kuenste.de\/kpt2021\/wp-json\/wp\/v2\/pages\/81"}],"wp:attachment":[{"href":"http:\/\/didaktik-der-bildenden-kuenste.de\/kpt2021\/wp-json\/wp\/v2\/media?parent=235"}],"curies":[{"name":"wp","href":"https:\/\/api.w.org\/{rel}","templated":true}]}}