{"id":410,"date":"2021-03-05T12:22:19","date_gmt":"2021-03-05T11:22:19","guid":{"rendered":"http:\/\/didaktik-der-bildenden-kuenste.de\/kpt2021\/?page_id=410"},"modified":"2026-02-02T13:54:09","modified_gmt":"2026-02-02T12:54:09","slug":"schalte-deine-sinne-an-wahrnehmungskompetenzen-in-mediatisierten-wirklichkeiten","status":"publish","type":"page","link":"http:\/\/didaktik-der-bildenden-kuenste.de\/kpt2021\/abstracts\/schalte-deine-sinne-an-wahrnehmungskompetenzen-in-mediatisierten-wirklichkeiten\/","title":{"rendered":"\u201eSchalte Deine Sinne an\u201c \u2013 Wahrnehmungskompetenzen in mediatisierten Wirklichkeiten"},"content":{"rendered":"\n<div class=\"wp-block-group breadcrumb-row is-layout-flex wp-block-group-is-layout-flex\">\n<p><a href=\"https:\/\/didaktik-der-bildenden-kuenste.de\/\">Didaktik der Bildenden K\u00fcnste<\/a> ><\/p>\n\n\n<div class=\"yoast-breadcrumbs\"><span><span><a href=\"http:\/\/didaktik-der-bildenden-kuenste.de\/kpt2021\/\">Kunstp\u00e4dagogischer Tag<\/a><\/span> &gt; <span><a href=\"http:\/\/didaktik-der-bildenden-kuenste.de\/kpt2021\/abstracts\/\">Workshops<\/a><\/span> &gt; <span class=\"breadcrumb_last\" aria-current=\"page\">\u201eSchalte Deine Sinne an\u201c \u2013 Wahrnehmungskompetenzen in mediatisierten Wirklichkeiten<\/span><\/span><\/div><\/div>\n\n\n\n<div style=\"height:100px\" aria-hidden=\"true\" class=\"wp-block-spacer\"><\/div>\n\n\n\n<figure class=\"wp-block-image size-large\"><img loading=\"lazy\" decoding=\"async\" width=\"1024\" height=\"683\" src=\"http:\/\/didaktik-der-bildenden-kuenste.de\/kpt2021\/wp-content\/uploads\/sites\/5\/2021\/10\/Banner4_comp-1024x683.png\" alt=\"\" class=\"wp-image-597\" srcset=\"http:\/\/didaktik-der-bildenden-kuenste.de\/kpt2021\/wp-content\/uploads\/sites\/5\/2021\/10\/Banner4_comp-1024x683.png 1024w, http:\/\/didaktik-der-bildenden-kuenste.de\/kpt2021\/wp-content\/uploads\/sites\/5\/2021\/10\/Banner4_comp-300x200.png 300w, http:\/\/didaktik-der-bildenden-kuenste.de\/kpt2021\/wp-content\/uploads\/sites\/5\/2021\/10\/Banner4_comp-768x512.png 768w, http:\/\/didaktik-der-bildenden-kuenste.de\/kpt2021\/wp-content\/uploads\/sites\/5\/2021\/10\/Banner4_comp-1536x1024.png 1536w, http:\/\/didaktik-der-bildenden-kuenste.de\/kpt2021\/wp-content\/uploads\/sites\/5\/2021\/10\/Banner4_comp-2048x1365.png 2048w, http:\/\/didaktik-der-bildenden-kuenste.de\/kpt2021\/wp-content\/uploads\/sites\/5\/2021\/10\/Banner4_comp-624x416.png 624w, http:\/\/didaktik-der-bildenden-kuenste.de\/kpt2021\/wp-content\/uploads\/sites\/5\/2021\/10\/Banner4_comp-400x267.png 400w\" sizes=\"auto, (max-width: 1024px) 100vw, 1024px\" \/><\/figure>\n\n\n\n<p>Tessa Knapp \/ Susanne Henning<\/p>\n\n\n\n<p>Digitale Bilder treten mit Kl\u00e4ngen und zeitlichen Dimensionen auf, laden ein zum \u201eAnfassen\u201c, wir bewegen uns durch sie und mit ihnen durch virtuelle R\u00e4ume.\u00a0Die digitale Medienkultur fordert daher nicht nur unser Sehen heraus, sondern adressiert die Ebenen des Sehens, des H\u00f6rens, der Zeitlichkeit und der Somatik, die auf verschiedene Weise verschr\u00e4nkt werden.<br>Welche Wahrnehmungen sind durch physisch-materielle und digital-immaterielle Medien m\u00f6glich und in welchen Verbindungen stehen sie zu einander?<br>Diesen Fragen gehen wir im Workshop anhand der k\u00fcnstlerischen Erkundung von gro\u00dfformatigen Kartons als r\u00e4umlich-k\u00f6rperlichen Objekten nach.\u00a0<br>Zun\u00e4chst differenzieren wir in kurzen \u00dcbungen die Wahrnehmungsdimensionen und die daraus resultierenden k\u00fcnstlerischen Handlungsfelder &#8211; um sie in der anschlie\u00dfenden Erkundung der Kartons in ihrer Verschr\u00e4nkung besser entschl\u00fcsseln und vermitteln zu k\u00f6nnen. F\u00fcr diese Erkundung stehen unterschiedliche Materialien und Tools zur Verf\u00fcgung. Welche der Wahrnehmungsm\u00f6glichkeiten, die der Karton er\u00f6ffnet, treten f\u00fcr mich in den Vordergrund? In einem n\u00e4chsten Schritt wird nach Wegen gesucht, um die eigenen Karton-Erlebnisse an die anderen Teilnehmenden zu \u00fcbermitteln.<br>Ein Austausch mit gegenseitiger Pr\u00e4sentation erster Vermittlungsideen bildet die Basis, um dar\u00fcber nachzudenken, inwiefern die Erfahrbarkeit r\u00e4umlicher und k\u00f6rperlicher Objekte im Kontext unterschiedlicher Vermittlungsweisen transformiert wird. Gefragt wird hiervon ausgehend nach Chancen, die diese und andere Erkundungen der medialen und materiellen Vermittelbarkeit realer Erfahrungen im Kunstunterricht bieten.<\/p>\n\n\n\n<p>TESSA KNAPP arbeitet als K\u00fcnstlerin interdisziplin\u00e4r im Bereich der raum- und zeitbasierten K\u00fcnste Installation, Medien und Performance. Sie studierte an der Kunsthochschule f\u00fcr Medien K\u00f6ln, erhielt zahlreiche Reisestipendien und war international auf Ausstellungen und Festivals vertreten. 2015- 2019 Lehrauftr\u00e4ge f\u00fcr zeitbasierte Medien an der Kunstakademie D\u00fcsseldorf, 2017-2020 Lehrauftr\u00e4ge f\u00fcr Kunst mit Medien\/Konzeptuelle R\u00e4ume an der Universit\u00e4t Essen, 2019-2021 Lehrauftrag im Orientierungsbereich der Kunstakademie D\u00fcsseldorf, seit 2020 k\u00fcnstl.-wissenschaftl. Mitarbeiterin im Fach Kunst der Universit\u00e4t Siegen\/Lehrbereich k\u00fcnstlerische Strategien im \u00f6ffentlichen Raum.<\/p>\n\n\n\n<p>DR. SUSANNE HENNING, Dipl. Ing. Architektin, seit 2020 wiss. Mitarbeiterin im Bereich Didaktik der Bildenden K\u00fcnste an der Kunstakademie D\u00fcsseldorf.  2013-2018 wiss. Mitarbeiterin im Fach Kunst, Bereich Bildhauerei und Didaktik an der Universit\u00e4t Paderborn, 2018-2020 im Bereich Kunstp\u00e4dagogik an der Universit\u00e4t Siegen. 2019 Promotion zu Schnittstellen architektonischer und skulpturaler Bildungsprozesse.<\/p>\n\n\n\n\n\n<div style=\"height:100px\" aria-hidden=\"true\" class=\"wp-block-spacer\"><\/div>\n\n\n\n<p class=\"newsletter-title has-dark-gray-color has-text-color has-link-color wp-elements-3d081ee4412b4aad9057c22a505c72fb\"><a href=\"https:\/\/didaktik-der-bildenden-kuenste.de\/newsletter\/\">NEWSLETTER<\/a><br>Melden Sie sich hier zum Newsletter der Didaktik der Bildenden K\u00fcnste an.<\/p>\n\n\n\n<p class=\"has-small-font-size\"><a href=\"http:\/\/didaktik-der-bildenden-kuenste.de\/kpt2021\/wp-content\/uploads\/sites\/5\/2020\/11\/IMPRESSUM.pdf\" target=\"_blank\">IMPRESSUM<\/a><\/p>\n","protected":false},"excerpt":{"rendered":"<p>Tessa Knapp \/ Susanne Henning Digitale Bilder treten mit Kl\u00e4ngen und zeitlichen Dimensionen auf, laden ein zum \u201eAnfassen\u201c, wir bewegen uns durch sie und mit ihnen durch virtuelle R\u00e4ume.\u00a0Die digitale Medienkultur fordert daher nicht nur unser Sehen heraus, sondern adressiert die Ebenen des Sehens, des H\u00f6rens, der Zeitlichkeit und der Somatik, die auf verschiedene Weise [&hellip;]<\/p>\n","protected":false},"author":1,"featured_media":0,"parent":81,"menu_order":0,"comment_status":"closed","ping_status":"closed","template":"page-templates\/full-width.php","meta":{"footnotes":""},"class_list":["post-410","page","type-page","status-publish","hentry"],"yoast_head":"<!-- This site is optimized with the Yoast SEO plugin v26.8 - https:\/\/yoast.com\/product\/yoast-seo-wordpress\/ -->\n<title>\u201eSchalte Deine Sinne an\u201c \u2013 Wahrnehmungskompetenzen in mediatisierten Wirklichkeiten -<\/title>\n<meta name=\"robots\" content=\"index, follow, max-snippet:-1, max-image-preview:large, max-video-preview:-1\" \/>\n<link rel=\"canonical\" href=\"http:\/\/didaktik-der-bildenden-kuenste.de\/kpt2021\/abstracts\/schalte-deine-sinne-an-wahrnehmungskompetenzen-in-mediatisierten-wirklichkeiten\/\" \/>\n<meta property=\"og:locale\" content=\"de_DE\" \/>\n<meta property=\"og:type\" content=\"article\" \/>\n<meta property=\"og:title\" content=\"\u201eSchalte Deine Sinne an\u201c \u2013 Wahrnehmungskompetenzen in mediatisierten Wirklichkeiten -\" \/>\n<meta property=\"og:description\" content=\"Tessa Knapp \/ Susanne Henning Digitale Bilder treten mit Kl\u00e4ngen und zeitlichen Dimensionen auf, laden ein zum \u201eAnfassen\u201c, wir bewegen uns durch sie und mit ihnen durch virtuelle R\u00e4ume.\u00a0Die digitale Medienkultur fordert daher nicht nur unser Sehen heraus, sondern adressiert die Ebenen des Sehens, des H\u00f6rens, der Zeitlichkeit und der Somatik, die auf verschiedene Weise [&hellip;]\" \/>\n<meta property=\"og:url\" content=\"http:\/\/didaktik-der-bildenden-kuenste.de\/kpt2021\/abstracts\/schalte-deine-sinne-an-wahrnehmungskompetenzen-in-mediatisierten-wirklichkeiten\/\" \/>\n<meta property=\"article:modified_time\" content=\"2026-02-02T12:54:09+00:00\" \/>\n<meta property=\"og:image\" content=\"http:\/\/didaktik-der-bildenden-kuenste.de\/kpt2021\/wp-content\/uploads\/sites\/5\/2021\/10\/Banner4_comp-1024x683.png\" \/>\n<meta name=\"twitter:card\" content=\"summary_large_image\" \/>\n<meta name=\"twitter:label1\" content=\"Gesch\u00e4tzte Lesezeit\" \/>\n\t<meta name=\"twitter:data1\" content=\"7\u00a0Minuten\" \/>\n<script type=\"application\/ld+json\" class=\"yoast-schema-graph\">{\"@context\":\"https:\/\/schema.org\",\"@graph\":[{\"@type\":\"WebPage\",\"@id\":\"http:\/\/didaktik-der-bildenden-kuenste.de\/kpt2021\/abstracts\/schalte-deine-sinne-an-wahrnehmungskompetenzen-in-mediatisierten-wirklichkeiten\/\",\"url\":\"http:\/\/didaktik-der-bildenden-kuenste.de\/kpt2021\/abstracts\/schalte-deine-sinne-an-wahrnehmungskompetenzen-in-mediatisierten-wirklichkeiten\/\",\"name\":\"\u201eSchalte Deine Sinne an\u201c \u2013 Wahrnehmungskompetenzen in mediatisierten Wirklichkeiten -\",\"isPartOf\":{\"@id\":\"http:\/\/didaktik-der-bildenden-kuenste.de\/kpt2021\/#website\"},\"primaryImageOfPage\":{\"@id\":\"http:\/\/didaktik-der-bildenden-kuenste.de\/kpt2021\/abstracts\/schalte-deine-sinne-an-wahrnehmungskompetenzen-in-mediatisierten-wirklichkeiten\/#primaryimage\"},\"image\":{\"@id\":\"http:\/\/didaktik-der-bildenden-kuenste.de\/kpt2021\/abstracts\/schalte-deine-sinne-an-wahrnehmungskompetenzen-in-mediatisierten-wirklichkeiten\/#primaryimage\"},\"thumbnailUrl\":\"http:\/\/didaktik-der-bildenden-kuenste.de\/kpt2021\/wp-content\/uploads\/sites\/5\/2021\/10\/Banner4_comp-1024x683.png\",\"datePublished\":\"2021-03-05T11:22:19+00:00\",\"dateModified\":\"2026-02-02T12:54:09+00:00\",\"breadcrumb\":{\"@id\":\"http:\/\/didaktik-der-bildenden-kuenste.de\/kpt2021\/abstracts\/schalte-deine-sinne-an-wahrnehmungskompetenzen-in-mediatisierten-wirklichkeiten\/#breadcrumb\"},\"inLanguage\":\"de\",\"potentialAction\":[{\"@type\":\"ReadAction\",\"target\":[\"http:\/\/didaktik-der-bildenden-kuenste.de\/kpt2021\/abstracts\/schalte-deine-sinne-an-wahrnehmungskompetenzen-in-mediatisierten-wirklichkeiten\/\"]}]},{\"@type\":\"ImageObject\",\"inLanguage\":\"de\",\"@id\":\"http:\/\/didaktik-der-bildenden-kuenste.de\/kpt2021\/abstracts\/schalte-deine-sinne-an-wahrnehmungskompetenzen-in-mediatisierten-wirklichkeiten\/#primaryimage\",\"url\":\"http:\/\/didaktik-der-bildenden-kuenste.de\/kpt2021\/wp-content\/uploads\/sites\/5\/2021\/10\/Banner4_comp.png\",\"contentUrl\":\"http:\/\/didaktik-der-bildenden-kuenste.de\/kpt2021\/wp-content\/uploads\/sites\/5\/2021\/10\/Banner4_comp.png\",\"width\":2508,\"height\":1672},{\"@type\":\"BreadcrumbList\",\"@id\":\"http:\/\/didaktik-der-bildenden-kuenste.de\/kpt2021\/abstracts\/schalte-deine-sinne-an-wahrnehmungskompetenzen-in-mediatisierten-wirklichkeiten\/#breadcrumb\",\"itemListElement\":[{\"@type\":\"ListItem\",\"position\":1,\"name\":\"Kunstp\u00e4dagogischer Tag\",\"item\":\"http:\/\/didaktik-der-bildenden-kuenste.de\/kpt2021\/\"},{\"@type\":\"ListItem\",\"position\":2,\"name\":\"Workshops\",\"item\":\"http:\/\/didaktik-der-bildenden-kuenste.de\/kpt2021\/abstracts\/\"},{\"@type\":\"ListItem\",\"position\":3,\"name\":\"\u201eSchalte Deine Sinne an\u201c \u2013 Wahrnehmungskompetenzen in mediatisierten Wirklichkeiten\"}]},{\"@type\":\"WebSite\",\"@id\":\"http:\/\/didaktik-der-bildenden-kuenste.de\/kpt2021\/#website\",\"url\":\"http:\/\/didaktik-der-bildenden-kuenste.de\/kpt2021\/\",\"name\":\"\",\"description\":\"\",\"potentialAction\":[{\"@type\":\"SearchAction\",\"target\":{\"@type\":\"EntryPoint\",\"urlTemplate\":\"http:\/\/didaktik-der-bildenden-kuenste.de\/kpt2021\/?s={search_term_string}\"},\"query-input\":{\"@type\":\"PropertyValueSpecification\",\"valueRequired\":true,\"valueName\":\"search_term_string\"}}],\"inLanguage\":\"de\"}]}<\/script>\n<!-- \/ Yoast SEO plugin. -->","yoast_head_json":{"title":"\u201eSchalte Deine Sinne an\u201c \u2013 Wahrnehmungskompetenzen in mediatisierten Wirklichkeiten -","robots":{"index":"index","follow":"follow","max-snippet":"max-snippet:-1","max-image-preview":"max-image-preview:large","max-video-preview":"max-video-preview:-1"},"canonical":"http:\/\/didaktik-der-bildenden-kuenste.de\/kpt2021\/abstracts\/schalte-deine-sinne-an-wahrnehmungskompetenzen-in-mediatisierten-wirklichkeiten\/","og_locale":"de_DE","og_type":"article","og_title":"\u201eSchalte Deine Sinne an\u201c \u2013 Wahrnehmungskompetenzen in mediatisierten Wirklichkeiten -","og_description":"Tessa Knapp \/ Susanne Henning Digitale Bilder treten mit Kl\u00e4ngen und zeitlichen Dimensionen auf, laden ein zum \u201eAnfassen\u201c, wir bewegen uns durch sie und mit ihnen durch virtuelle R\u00e4ume.\u00a0Die digitale Medienkultur fordert daher nicht nur unser Sehen heraus, sondern adressiert die Ebenen des Sehens, des H\u00f6rens, der Zeitlichkeit und der Somatik, die auf verschiedene Weise [&hellip;]","og_url":"http:\/\/didaktik-der-bildenden-kuenste.de\/kpt2021\/abstracts\/schalte-deine-sinne-an-wahrnehmungskompetenzen-in-mediatisierten-wirklichkeiten\/","article_modified_time":"2026-02-02T12:54:09+00:00","og_image":[{"url":"http:\/\/didaktik-der-bildenden-kuenste.de\/kpt2021\/wp-content\/uploads\/sites\/5\/2021\/10\/Banner4_comp-1024x683.png","type":"","width":"","height":""}],"twitter_card":"summary_large_image","twitter_misc":{"Gesch\u00e4tzte Lesezeit":"7\u00a0Minuten"},"schema":{"@context":"https:\/\/schema.org","@graph":[{"@type":"WebPage","@id":"http:\/\/didaktik-der-bildenden-kuenste.de\/kpt2021\/abstracts\/schalte-deine-sinne-an-wahrnehmungskompetenzen-in-mediatisierten-wirklichkeiten\/","url":"http:\/\/didaktik-der-bildenden-kuenste.de\/kpt2021\/abstracts\/schalte-deine-sinne-an-wahrnehmungskompetenzen-in-mediatisierten-wirklichkeiten\/","name":"\u201eSchalte Deine Sinne an\u201c \u2013 Wahrnehmungskompetenzen in mediatisierten Wirklichkeiten -","isPartOf":{"@id":"http:\/\/didaktik-der-bildenden-kuenste.de\/kpt2021\/#website"},"primaryImageOfPage":{"@id":"http:\/\/didaktik-der-bildenden-kuenste.de\/kpt2021\/abstracts\/schalte-deine-sinne-an-wahrnehmungskompetenzen-in-mediatisierten-wirklichkeiten\/#primaryimage"},"image":{"@id":"http:\/\/didaktik-der-bildenden-kuenste.de\/kpt2021\/abstracts\/schalte-deine-sinne-an-wahrnehmungskompetenzen-in-mediatisierten-wirklichkeiten\/#primaryimage"},"thumbnailUrl":"http:\/\/didaktik-der-bildenden-kuenste.de\/kpt2021\/wp-content\/uploads\/sites\/5\/2021\/10\/Banner4_comp-1024x683.png","datePublished":"2021-03-05T11:22:19+00:00","dateModified":"2026-02-02T12:54:09+00:00","breadcrumb":{"@id":"http:\/\/didaktik-der-bildenden-kuenste.de\/kpt2021\/abstracts\/schalte-deine-sinne-an-wahrnehmungskompetenzen-in-mediatisierten-wirklichkeiten\/#breadcrumb"},"inLanguage":"de","potentialAction":[{"@type":"ReadAction","target":["http:\/\/didaktik-der-bildenden-kuenste.de\/kpt2021\/abstracts\/schalte-deine-sinne-an-wahrnehmungskompetenzen-in-mediatisierten-wirklichkeiten\/"]}]},{"@type":"ImageObject","inLanguage":"de","@id":"http:\/\/didaktik-der-bildenden-kuenste.de\/kpt2021\/abstracts\/schalte-deine-sinne-an-wahrnehmungskompetenzen-in-mediatisierten-wirklichkeiten\/#primaryimage","url":"http:\/\/didaktik-der-bildenden-kuenste.de\/kpt2021\/wp-content\/uploads\/sites\/5\/2021\/10\/Banner4_comp.png","contentUrl":"http:\/\/didaktik-der-bildenden-kuenste.de\/kpt2021\/wp-content\/uploads\/sites\/5\/2021\/10\/Banner4_comp.png","width":2508,"height":1672},{"@type":"BreadcrumbList","@id":"http:\/\/didaktik-der-bildenden-kuenste.de\/kpt2021\/abstracts\/schalte-deine-sinne-an-wahrnehmungskompetenzen-in-mediatisierten-wirklichkeiten\/#breadcrumb","itemListElement":[{"@type":"ListItem","position":1,"name":"Kunstp\u00e4dagogischer Tag","item":"http:\/\/didaktik-der-bildenden-kuenste.de\/kpt2021\/"},{"@type":"ListItem","position":2,"name":"Workshops","item":"http:\/\/didaktik-der-bildenden-kuenste.de\/kpt2021\/abstracts\/"},{"@type":"ListItem","position":3,"name":"\u201eSchalte Deine Sinne an\u201c \u2013 Wahrnehmungskompetenzen in mediatisierten Wirklichkeiten"}]},{"@type":"WebSite","@id":"http:\/\/didaktik-der-bildenden-kuenste.de\/kpt2021\/#website","url":"http:\/\/didaktik-der-bildenden-kuenste.de\/kpt2021\/","name":"","description":"","potentialAction":[{"@type":"SearchAction","target":{"@type":"EntryPoint","urlTemplate":"http:\/\/didaktik-der-bildenden-kuenste.de\/kpt2021\/?s={search_term_string}"},"query-input":{"@type":"PropertyValueSpecification","valueRequired":true,"valueName":"search_term_string"}}],"inLanguage":"de"}]}},"_links":{"self":[{"href":"http:\/\/didaktik-der-bildenden-kuenste.de\/kpt2021\/wp-json\/wp\/v2\/pages\/410","targetHints":{"allow":["GET"]}}],"collection":[{"href":"http:\/\/didaktik-der-bildenden-kuenste.de\/kpt2021\/wp-json\/wp\/v2\/pages"}],"about":[{"href":"http:\/\/didaktik-der-bildenden-kuenste.de\/kpt2021\/wp-json\/wp\/v2\/types\/page"}],"author":[{"embeddable":true,"href":"http:\/\/didaktik-der-bildenden-kuenste.de\/kpt2021\/wp-json\/wp\/v2\/users\/1"}],"replies":[{"embeddable":true,"href":"http:\/\/didaktik-der-bildenden-kuenste.de\/kpt2021\/wp-json\/wp\/v2\/comments?post=410"}],"version-history":[{"count":11,"href":"http:\/\/didaktik-der-bildenden-kuenste.de\/kpt2021\/wp-json\/wp\/v2\/pages\/410\/revisions"}],"predecessor-version":[{"id":805,"href":"http:\/\/didaktik-der-bildenden-kuenste.de\/kpt2021\/wp-json\/wp\/v2\/pages\/410\/revisions\/805"}],"up":[{"embeddable":true,"href":"http:\/\/didaktik-der-bildenden-kuenste.de\/kpt2021\/wp-json\/wp\/v2\/pages\/81"}],"wp:attachment":[{"href":"http:\/\/didaktik-der-bildenden-kuenste.de\/kpt2021\/wp-json\/wp\/v2\/media?parent=410"}],"curies":[{"name":"wp","href":"https:\/\/api.w.org\/{rel}","templated":true}]}}