{"id":468,"date":"2021-06-01T11:33:50","date_gmt":"2021-06-01T09:33:50","guid":{"rendered":"http:\/\/didaktik-der-bildenden-kuenste.de\/kpt2021\/?page_id=468"},"modified":"2026-02-02T13:54:33","modified_gmt":"2026-02-02T12:54:33","slug":"performance_2021-transformationen-der-leiblichen-koerper-und-raumerfahrung-in-digital-erzeugte-bilder","status":"publish","type":"page","link":"http:\/\/didaktik-der-bildenden-kuenste.de\/kpt2021\/abstracts\/performance_2021-transformationen-der-leiblichen-koerper-und-raumerfahrung-in-digital-erzeugte-bilder\/","title":{"rendered":"Performance_2021. Transformationen der leiblichen K\u00f6rper- und Raumerfahrung in digital erzeugte Bilder"},"content":{"rendered":"\n<div class=\"wp-block-group breadcrumb-row is-layout-flex wp-block-group-is-layout-flex\">\n<p><a href=\"https:\/\/didaktik-der-bildenden-kuenste.de\/\">Didaktik der Bildenden K\u00fcnste<\/a> ><\/p>\n\n\n<div class=\"yoast-breadcrumbs\"><span><span><a href=\"http:\/\/didaktik-der-bildenden-kuenste.de\/kpt2021\/\">Kunstp\u00e4dagogischer Tag<\/a><\/span> &gt; <span><a href=\"http:\/\/didaktik-der-bildenden-kuenste.de\/kpt2021\/abstracts\/\">Workshops<\/a><\/span> &gt; <span class=\"breadcrumb_last\" aria-current=\"page\">Performance_2021. Transformationen der leiblichen K\u00f6rper- und Raumerfahrung in digital erzeugte Bilder<\/span><\/span><\/div><\/div>\n\n\n\n<div style=\"height:100px\" aria-hidden=\"true\" class=\"wp-block-spacer\"><\/div>\n\n\n\n<figure class=\"wp-block-image size-large\"><img loading=\"lazy\" decoding=\"async\" width=\"1024\" height=\"683\" src=\"http:\/\/didaktik-der-bildenden-kuenste.de\/kpt2021\/wp-content\/uploads\/sites\/5\/2021\/10\/Banner2_comp-1024x683.png\" alt=\"\" class=\"wp-image-604\" srcset=\"http:\/\/didaktik-der-bildenden-kuenste.de\/kpt2021\/wp-content\/uploads\/sites\/5\/2021\/10\/Banner2_comp-1024x683.png 1024w, http:\/\/didaktik-der-bildenden-kuenste.de\/kpt2021\/wp-content\/uploads\/sites\/5\/2021\/10\/Banner2_comp-300x200.png 300w, http:\/\/didaktik-der-bildenden-kuenste.de\/kpt2021\/wp-content\/uploads\/sites\/5\/2021\/10\/Banner2_comp-768x512.png 768w, http:\/\/didaktik-der-bildenden-kuenste.de\/kpt2021\/wp-content\/uploads\/sites\/5\/2021\/10\/Banner2_comp-1536x1024.png 1536w, http:\/\/didaktik-der-bildenden-kuenste.de\/kpt2021\/wp-content\/uploads\/sites\/5\/2021\/10\/Banner2_comp-2048x1365.png 2048w, http:\/\/didaktik-der-bildenden-kuenste.de\/kpt2021\/wp-content\/uploads\/sites\/5\/2021\/10\/Banner2_comp-624x416.png 624w, http:\/\/didaktik-der-bildenden-kuenste.de\/kpt2021\/wp-content\/uploads\/sites\/5\/2021\/10\/Banner2_comp-400x267.png 400w\" sizes=\"auto, (max-width: 1024px) 100vw, 1024px\" \/><\/figure>\n\n\n\n<p>Monique Breuer<\/p>\n\n\n\n<p><br><\/p>\n\n\n\n<p>Bei einer Auff\u00fchrung handelt es sich um eine k\u00f6rperlich vollzogene Handlung im Raum, die von mindestens einer Person wahrgenommen wird. An der Durchf\u00fchrung sind sowohl Akteur*innen als auch Zuschauer*innen beteiligt \u2013 die leibliche Ko-Pr\u00e4senz bildet die Grundlage des Interagierens. Die Zuschauer*innen reagieren auf die Akteur*innen sowie die Akteur*innen auf die Zuschauer*innen (Fischer-Lichte 2012: 54). Der*die Performende kann sich in einer Face-to-Face-Situation den k\u00f6rperlich anwesenden Betrachter*innen nicht entziehen. Seine*ihre eigene leibliche Wahrnehmung ist untrennbar mit der Ko-Pr\u00e4senz der Anderen verbunden.<br>Das Homestudium und Homeschooling verhinderten w\u00e4hrend der Pandemie eine Face-to-Face-Interaktion in der Entwicklung und Durchf\u00fchrung einer k\u00fcnstlerischen Performance: Wie kann die K\u00f6rper- und Raumerfahrung \u00fcber ein digitales Zwischenmedium vermittelt werden? Welche M\u00f6glichkeiten bietet die Etablierung eines kleinformatigen Ateliers im Sinne eines Gestaltungsraumes? Wie k\u00f6nnen \u00dcbungen so angeleitet werden, dass die K\u00f6rpererfahrung und die Raumwahrnehmung in ein digitales Abbild des Raumes \u00fcbertragen werden?<br>Im Workshop wird auf ein Lehrprojekt mit Studierenden zum Thema <em>Transformationen. K\u00f6rper- und Raumerfahrung<\/em> Bezug genommen. Hier entwickelten die Studierenden eigene Performances, indem sie ihren allt\u00e4glichen Raum in einen Aktions- und Gestaltungsraum umwandelten. In diesem Zusammenhang stellten sich grundlegende Fragen danach, welche M\u00f6glichkeiten digitale Vermittlungskonzepte f\u00fcr den Erarbeitungsprozess von k\u00fcnstlerischen Performances bieten, wie die Durchf\u00fchrungen initiiert sowie begleitet werden k\u00f6nnen und welche Impulse notwendig sind.<br>Die Rolle der leiblichen Wahrnehmung im Gestaltungsprozess und die leibliche Kopr\u00e4senz als Interaktionssetting sind im Kontext einer analogen Vermittlung von Raumstruktur sowie Materialerfahrung der digitalen Vermittlung gegen\u00fcberzustellen.<br>Der Workshop beginnt mit K\u00f6rper\u00fcbungen zur Raumwahrnehmung und -strukturierung. Der Schwerpunkt liegt auf dem Konzept des Ateliers als Gestaltungsraum im Hinblick auf die Differenzierung von erlebtem Raum versus digital sichtbarem Raum.<\/p>\n\n\n\n<p><br>Praxismaterial: Handy und Kleidung, die Bewegungsfreiheit erm\u00f6glicht.<br>Literatur:<br>Fischer-Lichte, Erika (2012): Performativit\u00e4t, Bielefeld: transcript, S.53.<\/p>\n\n\n\n<p>MONIQUE BREUER ist derzeit Gastdozentin an der Universit\u00e4t Paderborn im Fachbereich Kunst, wo sie zuvor als Stipendiatin und wissenschaftliche Mitarbeiterin t\u00e4tig war. Ihr Forschungsschwerpunkt liegt auf der Vermittlung von Performancetheorien- und -praktiken, die an der Schnittstelle von bildender Kunst und theaterp\u00e4dagogischen Handlungsfeldern hinterfragt werden. Nach dem Studium der Theaterwissenschaft und Germanistik in Leipzig studierte sie Contemporary Dance in London. Mit einem anschlie\u00dfenden Lehramtsabschluss in den F\u00e4chern Darstellendes Spiel und Deutsch absolvierte sie ihr Referendariat in Hannover.<\/p>\n\n\n\n<p><\/p>\n\n\n\n\n\n<div style=\"height:100px\" aria-hidden=\"true\" class=\"wp-block-spacer\"><\/div>\n\n\n\n<p class=\"newsletter-title has-dark-gray-color has-text-color has-link-color wp-elements-3d081ee4412b4aad9057c22a505c72fb\"><a href=\"https:\/\/didaktik-der-bildenden-kuenste.de\/newsletter\/\">NEWSLETTER<\/a><br>Melden Sie sich hier zum Newsletter der Didaktik der Bildenden K\u00fcnste an.<\/p>\n\n\n\n<p class=\"has-small-font-size\"><a href=\"http:\/\/didaktik-der-bildenden-kuenste.de\/kpt2021\/wp-content\/uploads\/sites\/5\/2020\/11\/IMPRESSUM.pdf\" target=\"_blank\">IMPRESSUM<\/a><\/p>\n","protected":false},"excerpt":{"rendered":"<p>Monique Breuer Bei einer Auff\u00fchrung handelt es sich um eine k\u00f6rperlich vollzogene Handlung im Raum, die von mindestens einer Person wahrgenommen wird. An der Durchf\u00fchrung sind sowohl Akteur*innen als auch Zuschauer*innen beteiligt \u2013 die leibliche Ko-Pr\u00e4senz bildet die Grundlage des Interagierens. Die Zuschauer*innen reagieren auf die Akteur*innen sowie die Akteur*innen auf die Zuschauer*innen (Fischer-Lichte 2012: [&hellip;]<\/p>\n","protected":false},"author":1,"featured_media":0,"parent":81,"menu_order":0,"comment_status":"closed","ping_status":"closed","template":"page-templates\/full-width.php","meta":{"footnotes":""},"class_list":["post-468","page","type-page","status-publish","hentry"],"yoast_head":"<!-- This site is optimized with the Yoast SEO plugin v26.8 - https:\/\/yoast.com\/product\/yoast-seo-wordpress\/ -->\n<title>Performance_2021. Transformationen der leiblichen K\u00f6rper- und Raumerfahrung in digital erzeugte Bilder -<\/title>\n<meta name=\"robots\" content=\"index, follow, max-snippet:-1, max-image-preview:large, max-video-preview:-1\" \/>\n<link rel=\"canonical\" href=\"http:\/\/didaktik-der-bildenden-kuenste.de\/kpt2021\/abstracts\/performance_2021-transformationen-der-leiblichen-koerper-und-raumerfahrung-in-digital-erzeugte-bilder\/\" \/>\n<meta property=\"og:locale\" content=\"de_DE\" \/>\n<meta property=\"og:type\" content=\"article\" \/>\n<meta property=\"og:title\" content=\"Performance_2021. Transformationen der leiblichen K\u00f6rper- und Raumerfahrung in digital erzeugte Bilder -\" \/>\n<meta property=\"og:description\" content=\"Monique Breuer Bei einer Auff\u00fchrung handelt es sich um eine k\u00f6rperlich vollzogene Handlung im Raum, die von mindestens einer Person wahrgenommen wird. An der Durchf\u00fchrung sind sowohl Akteur*innen als auch Zuschauer*innen beteiligt \u2013 die leibliche Ko-Pr\u00e4senz bildet die Grundlage des Interagierens. Die Zuschauer*innen reagieren auf die Akteur*innen sowie die Akteur*innen auf die Zuschauer*innen (Fischer-Lichte 2012: [&hellip;]\" \/>\n<meta property=\"og:url\" content=\"http:\/\/didaktik-der-bildenden-kuenste.de\/kpt2021\/abstracts\/performance_2021-transformationen-der-leiblichen-koerper-und-raumerfahrung-in-digital-erzeugte-bilder\/\" \/>\n<meta property=\"article:modified_time\" content=\"2026-02-02T12:54:33+00:00\" \/>\n<meta property=\"og:image\" content=\"http:\/\/didaktik-der-bildenden-kuenste.de\/kpt2021\/wp-content\/uploads\/sites\/5\/2021\/10\/Banner2_comp-1024x683.png\" \/>\n<meta name=\"twitter:card\" content=\"summary_large_image\" \/>\n<meta name=\"twitter:label1\" content=\"Gesch\u00e4tzte Lesezeit\" \/>\n\t<meta name=\"twitter:data1\" content=\"7\u00a0Minuten\" \/>\n<script type=\"application\/ld+json\" class=\"yoast-schema-graph\">{\"@context\":\"https:\/\/schema.org\",\"@graph\":[{\"@type\":\"WebPage\",\"@id\":\"http:\/\/didaktik-der-bildenden-kuenste.de\/kpt2021\/abstracts\/performance_2021-transformationen-der-leiblichen-koerper-und-raumerfahrung-in-digital-erzeugte-bilder\/\",\"url\":\"http:\/\/didaktik-der-bildenden-kuenste.de\/kpt2021\/abstracts\/performance_2021-transformationen-der-leiblichen-koerper-und-raumerfahrung-in-digital-erzeugte-bilder\/\",\"name\":\"Performance_2021. Transformationen der leiblichen K\u00f6rper- und Raumerfahrung in digital erzeugte Bilder -\",\"isPartOf\":{\"@id\":\"http:\/\/didaktik-der-bildenden-kuenste.de\/kpt2021\/#website\"},\"primaryImageOfPage\":{\"@id\":\"http:\/\/didaktik-der-bildenden-kuenste.de\/kpt2021\/abstracts\/performance_2021-transformationen-der-leiblichen-koerper-und-raumerfahrung-in-digital-erzeugte-bilder\/#primaryimage\"},\"image\":{\"@id\":\"http:\/\/didaktik-der-bildenden-kuenste.de\/kpt2021\/abstracts\/performance_2021-transformationen-der-leiblichen-koerper-und-raumerfahrung-in-digital-erzeugte-bilder\/#primaryimage\"},\"thumbnailUrl\":\"http:\/\/didaktik-der-bildenden-kuenste.de\/kpt2021\/wp-content\/uploads\/sites\/5\/2021\/10\/Banner2_comp-1024x683.png\",\"datePublished\":\"2021-06-01T09:33:50+00:00\",\"dateModified\":\"2026-02-02T12:54:33+00:00\",\"breadcrumb\":{\"@id\":\"http:\/\/didaktik-der-bildenden-kuenste.de\/kpt2021\/abstracts\/performance_2021-transformationen-der-leiblichen-koerper-und-raumerfahrung-in-digital-erzeugte-bilder\/#breadcrumb\"},\"inLanguage\":\"de\",\"potentialAction\":[{\"@type\":\"ReadAction\",\"target\":[\"http:\/\/didaktik-der-bildenden-kuenste.de\/kpt2021\/abstracts\/performance_2021-transformationen-der-leiblichen-koerper-und-raumerfahrung-in-digital-erzeugte-bilder\/\"]}]},{\"@type\":\"ImageObject\",\"inLanguage\":\"de\",\"@id\":\"http:\/\/didaktik-der-bildenden-kuenste.de\/kpt2021\/abstracts\/performance_2021-transformationen-der-leiblichen-koerper-und-raumerfahrung-in-digital-erzeugte-bilder\/#primaryimage\",\"url\":\"http:\/\/didaktik-der-bildenden-kuenste.de\/kpt2021\/wp-content\/uploads\/sites\/5\/2021\/10\/Banner2_comp.png\",\"contentUrl\":\"http:\/\/didaktik-der-bildenden-kuenste.de\/kpt2021\/wp-content\/uploads\/sites\/5\/2021\/10\/Banner2_comp.png\",\"width\":2508,\"height\":1672},{\"@type\":\"BreadcrumbList\",\"@id\":\"http:\/\/didaktik-der-bildenden-kuenste.de\/kpt2021\/abstracts\/performance_2021-transformationen-der-leiblichen-koerper-und-raumerfahrung-in-digital-erzeugte-bilder\/#breadcrumb\",\"itemListElement\":[{\"@type\":\"ListItem\",\"position\":1,\"name\":\"Kunstp\u00e4dagogischer Tag\",\"item\":\"http:\/\/didaktik-der-bildenden-kuenste.de\/kpt2021\/\"},{\"@type\":\"ListItem\",\"position\":2,\"name\":\"Workshops\",\"item\":\"http:\/\/didaktik-der-bildenden-kuenste.de\/kpt2021\/abstracts\/\"},{\"@type\":\"ListItem\",\"position\":3,\"name\":\"Performance_2021. Transformationen der leiblichen K\u00f6rper- und Raumerfahrung in digital erzeugte Bilder\"}]},{\"@type\":\"WebSite\",\"@id\":\"http:\/\/didaktik-der-bildenden-kuenste.de\/kpt2021\/#website\",\"url\":\"http:\/\/didaktik-der-bildenden-kuenste.de\/kpt2021\/\",\"name\":\"\",\"description\":\"\",\"potentialAction\":[{\"@type\":\"SearchAction\",\"target\":{\"@type\":\"EntryPoint\",\"urlTemplate\":\"http:\/\/didaktik-der-bildenden-kuenste.de\/kpt2021\/?s={search_term_string}\"},\"query-input\":{\"@type\":\"PropertyValueSpecification\",\"valueRequired\":true,\"valueName\":\"search_term_string\"}}],\"inLanguage\":\"de\"}]}<\/script>\n<!-- \/ Yoast SEO plugin. -->","yoast_head_json":{"title":"Performance_2021. Transformationen der leiblichen K\u00f6rper- und Raumerfahrung in digital erzeugte Bilder -","robots":{"index":"index","follow":"follow","max-snippet":"max-snippet:-1","max-image-preview":"max-image-preview:large","max-video-preview":"max-video-preview:-1"},"canonical":"http:\/\/didaktik-der-bildenden-kuenste.de\/kpt2021\/abstracts\/performance_2021-transformationen-der-leiblichen-koerper-und-raumerfahrung-in-digital-erzeugte-bilder\/","og_locale":"de_DE","og_type":"article","og_title":"Performance_2021. Transformationen der leiblichen K\u00f6rper- und Raumerfahrung in digital erzeugte Bilder -","og_description":"Monique Breuer Bei einer Auff\u00fchrung handelt es sich um eine k\u00f6rperlich vollzogene Handlung im Raum, die von mindestens einer Person wahrgenommen wird. An der Durchf\u00fchrung sind sowohl Akteur*innen als auch Zuschauer*innen beteiligt \u2013 die leibliche Ko-Pr\u00e4senz bildet die Grundlage des Interagierens. Die Zuschauer*innen reagieren auf die Akteur*innen sowie die Akteur*innen auf die Zuschauer*innen (Fischer-Lichte 2012: [&hellip;]","og_url":"http:\/\/didaktik-der-bildenden-kuenste.de\/kpt2021\/abstracts\/performance_2021-transformationen-der-leiblichen-koerper-und-raumerfahrung-in-digital-erzeugte-bilder\/","article_modified_time":"2026-02-02T12:54:33+00:00","og_image":[{"url":"http:\/\/didaktik-der-bildenden-kuenste.de\/kpt2021\/wp-content\/uploads\/sites\/5\/2021\/10\/Banner2_comp-1024x683.png","type":"","width":"","height":""}],"twitter_card":"summary_large_image","twitter_misc":{"Gesch\u00e4tzte Lesezeit":"7\u00a0Minuten"},"schema":{"@context":"https:\/\/schema.org","@graph":[{"@type":"WebPage","@id":"http:\/\/didaktik-der-bildenden-kuenste.de\/kpt2021\/abstracts\/performance_2021-transformationen-der-leiblichen-koerper-und-raumerfahrung-in-digital-erzeugte-bilder\/","url":"http:\/\/didaktik-der-bildenden-kuenste.de\/kpt2021\/abstracts\/performance_2021-transformationen-der-leiblichen-koerper-und-raumerfahrung-in-digital-erzeugte-bilder\/","name":"Performance_2021. Transformationen der leiblichen K\u00f6rper- und Raumerfahrung in digital erzeugte Bilder -","isPartOf":{"@id":"http:\/\/didaktik-der-bildenden-kuenste.de\/kpt2021\/#website"},"primaryImageOfPage":{"@id":"http:\/\/didaktik-der-bildenden-kuenste.de\/kpt2021\/abstracts\/performance_2021-transformationen-der-leiblichen-koerper-und-raumerfahrung-in-digital-erzeugte-bilder\/#primaryimage"},"image":{"@id":"http:\/\/didaktik-der-bildenden-kuenste.de\/kpt2021\/abstracts\/performance_2021-transformationen-der-leiblichen-koerper-und-raumerfahrung-in-digital-erzeugte-bilder\/#primaryimage"},"thumbnailUrl":"http:\/\/didaktik-der-bildenden-kuenste.de\/kpt2021\/wp-content\/uploads\/sites\/5\/2021\/10\/Banner2_comp-1024x683.png","datePublished":"2021-06-01T09:33:50+00:00","dateModified":"2026-02-02T12:54:33+00:00","breadcrumb":{"@id":"http:\/\/didaktik-der-bildenden-kuenste.de\/kpt2021\/abstracts\/performance_2021-transformationen-der-leiblichen-koerper-und-raumerfahrung-in-digital-erzeugte-bilder\/#breadcrumb"},"inLanguage":"de","potentialAction":[{"@type":"ReadAction","target":["http:\/\/didaktik-der-bildenden-kuenste.de\/kpt2021\/abstracts\/performance_2021-transformationen-der-leiblichen-koerper-und-raumerfahrung-in-digital-erzeugte-bilder\/"]}]},{"@type":"ImageObject","inLanguage":"de","@id":"http:\/\/didaktik-der-bildenden-kuenste.de\/kpt2021\/abstracts\/performance_2021-transformationen-der-leiblichen-koerper-und-raumerfahrung-in-digital-erzeugte-bilder\/#primaryimage","url":"http:\/\/didaktik-der-bildenden-kuenste.de\/kpt2021\/wp-content\/uploads\/sites\/5\/2021\/10\/Banner2_comp.png","contentUrl":"http:\/\/didaktik-der-bildenden-kuenste.de\/kpt2021\/wp-content\/uploads\/sites\/5\/2021\/10\/Banner2_comp.png","width":2508,"height":1672},{"@type":"BreadcrumbList","@id":"http:\/\/didaktik-der-bildenden-kuenste.de\/kpt2021\/abstracts\/performance_2021-transformationen-der-leiblichen-koerper-und-raumerfahrung-in-digital-erzeugte-bilder\/#breadcrumb","itemListElement":[{"@type":"ListItem","position":1,"name":"Kunstp\u00e4dagogischer Tag","item":"http:\/\/didaktik-der-bildenden-kuenste.de\/kpt2021\/"},{"@type":"ListItem","position":2,"name":"Workshops","item":"http:\/\/didaktik-der-bildenden-kuenste.de\/kpt2021\/abstracts\/"},{"@type":"ListItem","position":3,"name":"Performance_2021. Transformationen der leiblichen K\u00f6rper- und Raumerfahrung in digital erzeugte Bilder"}]},{"@type":"WebSite","@id":"http:\/\/didaktik-der-bildenden-kuenste.de\/kpt2021\/#website","url":"http:\/\/didaktik-der-bildenden-kuenste.de\/kpt2021\/","name":"","description":"","potentialAction":[{"@type":"SearchAction","target":{"@type":"EntryPoint","urlTemplate":"http:\/\/didaktik-der-bildenden-kuenste.de\/kpt2021\/?s={search_term_string}"},"query-input":{"@type":"PropertyValueSpecification","valueRequired":true,"valueName":"search_term_string"}}],"inLanguage":"de"}]}},"_links":{"self":[{"href":"http:\/\/didaktik-der-bildenden-kuenste.de\/kpt2021\/wp-json\/wp\/v2\/pages\/468","targetHints":{"allow":["GET"]}}],"collection":[{"href":"http:\/\/didaktik-der-bildenden-kuenste.de\/kpt2021\/wp-json\/wp\/v2\/pages"}],"about":[{"href":"http:\/\/didaktik-der-bildenden-kuenste.de\/kpt2021\/wp-json\/wp\/v2\/types\/page"}],"author":[{"embeddable":true,"href":"http:\/\/didaktik-der-bildenden-kuenste.de\/kpt2021\/wp-json\/wp\/v2\/users\/1"}],"replies":[{"embeddable":true,"href":"http:\/\/didaktik-der-bildenden-kuenste.de\/kpt2021\/wp-json\/wp\/v2\/comments?post=468"}],"version-history":[{"count":11,"href":"http:\/\/didaktik-der-bildenden-kuenste.de\/kpt2021\/wp-json\/wp\/v2\/pages\/468\/revisions"}],"predecessor-version":[{"id":809,"href":"http:\/\/didaktik-der-bildenden-kuenste.de\/kpt2021\/wp-json\/wp\/v2\/pages\/468\/revisions\/809"}],"up":[{"embeddable":true,"href":"http:\/\/didaktik-der-bildenden-kuenste.de\/kpt2021\/wp-json\/wp\/v2\/pages\/81"}],"wp:attachment":[{"href":"http:\/\/didaktik-der-bildenden-kuenste.de\/kpt2021\/wp-json\/wp\/v2\/media?parent=468"}],"curies":[{"name":"wp","href":"https:\/\/api.w.org\/{rel}","templated":true}]}}