{"id":574,"date":"2021-10-06T09:24:48","date_gmt":"2021-10-06T07:24:48","guid":{"rendered":"http:\/\/didaktik-der-bildenden-kuenste.de\/kpt2021\/?page_id=574"},"modified":"2026-02-02T13:53:24","modified_gmt":"2026-02-02T12:53:24","slug":"publikation","status":"publish","type":"page","link":"http:\/\/didaktik-der-bildenden-kuenste.de\/kpt2021\/publikation\/","title":{"rendered":"Publikation"},"content":{"rendered":"\n<div class=\"wp-block-group breadcrumb-row is-layout-flex wp-block-group-is-layout-flex\">\n<p><a href=\"https:\/\/didaktik-der-bildenden-kuenste.de\/\">Didaktik der Bildenden K\u00fcnste<\/a> ><\/p>\n\n\n<div class=\"yoast-breadcrumbs\"><span><span><a href=\"http:\/\/didaktik-der-bildenden-kuenste.de\/kpt2021\/\">Kunstp\u00e4dagogischer Tag<\/a><\/span> &gt; <span class=\"breadcrumb_last\" aria-current=\"page\">Publikation<\/span><\/span><\/div><\/div>\n\n\n\n<div style=\"height:100px\" aria-hidden=\"true\" class=\"wp-block-spacer\"><\/div>\n\n\n\n<p>Sara Horn\u00e4k\/Susanne Henning (HGG.), 2023<\/p>\n\n\n\n<div class=\"wp-block-image\"><figure class=\"alignleft size-large is-resized\"><img loading=\"lazy\" decoding=\"async\" src=\"http:\/\/didaktik-der-bildenden-kuenste.de\/kpt2021\/wp-content\/uploads\/sites\/5\/2023\/08\/DSC8612-1482x2000.jpg\" alt=\"\" class=\"wp-image-698\" width=\"295\" height=\"398\" srcset=\"http:\/\/didaktik-der-bildenden-kuenste.de\/kpt2021\/wp-content\/uploads\/sites\/5\/2023\/08\/DSC8612-1482x2000.jpg 1482w, http:\/\/didaktik-der-bildenden-kuenste.de\/kpt2021\/wp-content\/uploads\/sites\/5\/2023\/08\/DSC8612-222x300.jpg 222w, http:\/\/didaktik-der-bildenden-kuenste.de\/kpt2021\/wp-content\/uploads\/sites\/5\/2023\/08\/DSC8612-768x1036.jpg 768w, http:\/\/didaktik-der-bildenden-kuenste.de\/kpt2021\/wp-content\/uploads\/sites\/5\/2023\/08\/DSC8612-1139x1536.jpg 1139w, http:\/\/didaktik-der-bildenden-kuenste.de\/kpt2021\/wp-content\/uploads\/sites\/5\/2023\/08\/DSC8612-1518x2048.jpg 1518w, http:\/\/didaktik-der-bildenden-kuenste.de\/kpt2021\/wp-content\/uploads\/sites\/5\/2023\/08\/DSC8612-624x842.jpg 624w, http:\/\/didaktik-der-bildenden-kuenste.de\/kpt2021\/wp-content\/uploads\/sites\/5\/2023\/08\/DSC8612-296x400.jpg 296w, http:\/\/didaktik-der-bildenden-kuenste.de\/kpt2021\/wp-content\/uploads\/sites\/5\/2023\/08\/DSC8612-scaled.jpg 1898w\" sizes=\"auto, (max-width: 295px) 100vw, 295px\" \/><\/figure><\/div>\n\n\n\n<p><br>\u00c4sthetische Erfahrungen sowie Wahrnehmungen von Materialit\u00e4t, K\u00f6rper und Raum haben sich in Zeiten fortschreitender Digitalit\u00e4t in den letzten Jahrzehnten fundamental ver\u00e4ndert. Die Autor:innen des Sammelbandes befassen sich mit zentralen Fragen der Kunstp\u00e4dagogik im Zeitalter der Digitalit\u00e4t: Handelt es sich bei Prozessen fortschreitender Digitalisierung weiter Lebensbereiche zugleich um Entk\u00f6rperlichungs-, Entmaterialisierungs- und Entr\u00e4umlichungsprozesse, oder ver\u00e4ndert sich unser Bezug zu K\u00f6rper, Material und Raum nur?&nbsp;<br>In diesem Band wird das Verh\u00e4ltnis von k\u00fcnstlerischen Praxen mit physisch pr\u00e4sentem Material und mit digitalen Medien und Verfahren ausgelotet. Die dabei eingenommene Perspektive auf k\u00fcnstlerische Bildungsprozesse interessiert sich f\u00fcr Einfl\u00fcsse, die Digitalit\u00e4t auf Inhalte, Medien und Methoden von Kunstunterricht hat. Durch ein ver\u00e4ndertes Zusammenspiel von Auge und Hand oder Wahrnehmung und Erkennen ergeben sich neue Aspekte \u00e4sthetischer Erkenntnis und \u00e4sthetischer Handlungsweisen, denen die hier versammelten Beitr\u00e4ge nachgehen.<\/p>\n\n\n\n<p><strong><a href=\"https:\/\/www.wbv.de\/shop\/Das-Glatte-und-das-Raue-I73866\" data-type=\"URL\" data-id=\"https:\/\/www.wbv.de\/shop\/Das-Glatte-und-das-Raue-I73866\">Print- oder E-Book-Version kaufen<\/a><\/strong><\/p>\n\n\n\n\n\n<p><\/p>\n\n\n\n\n\n<div style=\"height:100px\" aria-hidden=\"true\" class=\"wp-block-spacer\"><\/div>\n\n\n\n<p class=\"newsletter-title has-dark-gray-color has-text-color has-link-color wp-elements-3d081ee4412b4aad9057c22a505c72fb\"><a href=\"https:\/\/didaktik-der-bildenden-kuenste.de\/newsletter\/\">NEWSLETTER<\/a><br>Melden Sie sich hier zum Newsletter der Didaktik der Bildenden K\u00fcnste an.<\/p>\n\n\n\n<p class=\"has-small-font-size\"><a href=\"http:\/\/didaktik-der-bildenden-kuenste.de\/kpt2021\/wp-content\/uploads\/sites\/5\/2020\/11\/IMPRESSUM.pdf\" target=\"_blank\">IMPRESSUM<\/a><\/p>\n","protected":false},"excerpt":{"rendered":"<p>Sara Horn\u00e4k\/Susanne Henning (HGG.), 2023 \u00c4sthetische Erfahrungen sowie Wahrnehmungen von Materialit\u00e4t, K\u00f6rper und Raum haben sich in Zeiten fortschreitender Digitalit\u00e4t in den letzten Jahrzehnten fundamental ver\u00e4ndert. Die Autor:innen des Sammelbandes befassen sich mit zentralen Fragen der Kunstp\u00e4dagogik im Zeitalter der Digitalit\u00e4t: Handelt es sich bei Prozessen fortschreitender Digitalisierung weiter Lebensbereiche zugleich um Entk\u00f6rperlichungs-, Entmaterialisierungs- und [&hellip;]<\/p>\n","protected":false},"author":12,"featured_media":0,"parent":0,"menu_order":0,"comment_status":"closed","ping_status":"closed","template":"page-templates\/full-width.php","meta":{"footnotes":""},"class_list":["post-574","page","type-page","status-publish","hentry"],"yoast_head":"<!-- This site is optimized with the Yoast SEO plugin v26.8 - https:\/\/yoast.com\/product\/yoast-seo-wordpress\/ -->\n<title>Publikation -<\/title>\n<meta name=\"robots\" content=\"index, follow, max-snippet:-1, max-image-preview:large, max-video-preview:-1\" \/>\n<link rel=\"canonical\" href=\"http:\/\/didaktik-der-bildenden-kuenste.de\/kpt2021\/publikation\/\" \/>\n<meta property=\"og:locale\" content=\"de_DE\" \/>\n<meta property=\"og:type\" content=\"article\" \/>\n<meta property=\"og:title\" content=\"Publikation -\" \/>\n<meta property=\"og:description\" content=\"Sara Horn\u00e4k\/Susanne Henning (HGG.), 2023 \u00c4sthetische Erfahrungen sowie Wahrnehmungen von Materialit\u00e4t, K\u00f6rper und Raum haben sich in Zeiten fortschreitender Digitalit\u00e4t in den letzten Jahrzehnten fundamental ver\u00e4ndert. Die Autor:innen des Sammelbandes befassen sich mit zentralen Fragen der Kunstp\u00e4dagogik im Zeitalter der Digitalit\u00e4t: Handelt es sich bei Prozessen fortschreitender Digitalisierung weiter Lebensbereiche zugleich um Entk\u00f6rperlichungs-, Entmaterialisierungs- und [&hellip;]\" \/>\n<meta property=\"og:url\" content=\"http:\/\/didaktik-der-bildenden-kuenste.de\/kpt2021\/publikation\/\" \/>\n<meta property=\"article:modified_time\" content=\"2026-02-02T12:53:24+00:00\" \/>\n<meta property=\"og:image\" content=\"http:\/\/didaktik-der-bildenden-kuenste.de\/kpt2021\/wp-content\/uploads\/sites\/5\/2023\/08\/DSC8612-1482x2000.jpg\" \/>\n<meta name=\"twitter:card\" content=\"summary_large_image\" \/>\n<meta name=\"twitter:label1\" content=\"Gesch\u00e4tzte Lesezeit\" \/>\n\t<meta name=\"twitter:data1\" content=\"4\u00a0Minuten\" \/>\n<script type=\"application\/ld+json\" class=\"yoast-schema-graph\">{\"@context\":\"https:\/\/schema.org\",\"@graph\":[{\"@type\":\"WebPage\",\"@id\":\"http:\/\/didaktik-der-bildenden-kuenste.de\/kpt2021\/publikation\/\",\"url\":\"http:\/\/didaktik-der-bildenden-kuenste.de\/kpt2021\/publikation\/\",\"name\":\"Publikation -\",\"isPartOf\":{\"@id\":\"http:\/\/didaktik-der-bildenden-kuenste.de\/kpt2021\/#website\"},\"primaryImageOfPage\":{\"@id\":\"http:\/\/didaktik-der-bildenden-kuenste.de\/kpt2021\/publikation\/#primaryimage\"},\"image\":{\"@id\":\"http:\/\/didaktik-der-bildenden-kuenste.de\/kpt2021\/publikation\/#primaryimage\"},\"thumbnailUrl\":\"http:\/\/didaktik-der-bildenden-kuenste.de\/kpt2021\/wp-content\/uploads\/sites\/5\/2023\/08\/DSC8612-1482x2000.jpg\",\"datePublished\":\"2021-10-06T07:24:48+00:00\",\"dateModified\":\"2026-02-02T12:53:24+00:00\",\"breadcrumb\":{\"@id\":\"http:\/\/didaktik-der-bildenden-kuenste.de\/kpt2021\/publikation\/#breadcrumb\"},\"inLanguage\":\"de\",\"potentialAction\":[{\"@type\":\"ReadAction\",\"target\":[\"http:\/\/didaktik-der-bildenden-kuenste.de\/kpt2021\/publikation\/\"]}]},{\"@type\":\"ImageObject\",\"inLanguage\":\"de\",\"@id\":\"http:\/\/didaktik-der-bildenden-kuenste.de\/kpt2021\/publikation\/#primaryimage\",\"url\":\"http:\/\/didaktik-der-bildenden-kuenste.de\/kpt2021\/wp-content\/uploads\/sites\/5\/2023\/08\/DSC8612-scaled.jpg\",\"contentUrl\":\"http:\/\/didaktik-der-bildenden-kuenste.de\/kpt2021\/wp-content\/uploads\/sites\/5\/2023\/08\/DSC8612-scaled.jpg\",\"width\":1898,\"height\":2560},{\"@type\":\"BreadcrumbList\",\"@id\":\"http:\/\/didaktik-der-bildenden-kuenste.de\/kpt2021\/publikation\/#breadcrumb\",\"itemListElement\":[{\"@type\":\"ListItem\",\"position\":1,\"name\":\"Kunstp\u00e4dagogischer Tag\",\"item\":\"http:\/\/didaktik-der-bildenden-kuenste.de\/kpt2021\/\"},{\"@type\":\"ListItem\",\"position\":2,\"name\":\"Publikation\"}]},{\"@type\":\"WebSite\",\"@id\":\"http:\/\/didaktik-der-bildenden-kuenste.de\/kpt2021\/#website\",\"url\":\"http:\/\/didaktik-der-bildenden-kuenste.de\/kpt2021\/\",\"name\":\"\",\"description\":\"\",\"potentialAction\":[{\"@type\":\"SearchAction\",\"target\":{\"@type\":\"EntryPoint\",\"urlTemplate\":\"http:\/\/didaktik-der-bildenden-kuenste.de\/kpt2021\/?s={search_term_string}\"},\"query-input\":{\"@type\":\"PropertyValueSpecification\",\"valueRequired\":true,\"valueName\":\"search_term_string\"}}],\"inLanguage\":\"de\"}]}<\/script>\n<!-- \/ Yoast SEO plugin. -->","yoast_head_json":{"title":"Publikation -","robots":{"index":"index","follow":"follow","max-snippet":"max-snippet:-1","max-image-preview":"max-image-preview:large","max-video-preview":"max-video-preview:-1"},"canonical":"http:\/\/didaktik-der-bildenden-kuenste.de\/kpt2021\/publikation\/","og_locale":"de_DE","og_type":"article","og_title":"Publikation -","og_description":"Sara Horn\u00e4k\/Susanne Henning (HGG.), 2023 \u00c4sthetische Erfahrungen sowie Wahrnehmungen von Materialit\u00e4t, K\u00f6rper und Raum haben sich in Zeiten fortschreitender Digitalit\u00e4t in den letzten Jahrzehnten fundamental ver\u00e4ndert. Die Autor:innen des Sammelbandes befassen sich mit zentralen Fragen der Kunstp\u00e4dagogik im Zeitalter der Digitalit\u00e4t: Handelt es sich bei Prozessen fortschreitender Digitalisierung weiter Lebensbereiche zugleich um Entk\u00f6rperlichungs-, Entmaterialisierungs- und [&hellip;]","og_url":"http:\/\/didaktik-der-bildenden-kuenste.de\/kpt2021\/publikation\/","article_modified_time":"2026-02-02T12:53:24+00:00","og_image":[{"url":"http:\/\/didaktik-der-bildenden-kuenste.de\/kpt2021\/wp-content\/uploads\/sites\/5\/2023\/08\/DSC8612-1482x2000.jpg","type":"","width":"","height":""}],"twitter_card":"summary_large_image","twitter_misc":{"Gesch\u00e4tzte Lesezeit":"4\u00a0Minuten"},"schema":{"@context":"https:\/\/schema.org","@graph":[{"@type":"WebPage","@id":"http:\/\/didaktik-der-bildenden-kuenste.de\/kpt2021\/publikation\/","url":"http:\/\/didaktik-der-bildenden-kuenste.de\/kpt2021\/publikation\/","name":"Publikation -","isPartOf":{"@id":"http:\/\/didaktik-der-bildenden-kuenste.de\/kpt2021\/#website"},"primaryImageOfPage":{"@id":"http:\/\/didaktik-der-bildenden-kuenste.de\/kpt2021\/publikation\/#primaryimage"},"image":{"@id":"http:\/\/didaktik-der-bildenden-kuenste.de\/kpt2021\/publikation\/#primaryimage"},"thumbnailUrl":"http:\/\/didaktik-der-bildenden-kuenste.de\/kpt2021\/wp-content\/uploads\/sites\/5\/2023\/08\/DSC8612-1482x2000.jpg","datePublished":"2021-10-06T07:24:48+00:00","dateModified":"2026-02-02T12:53:24+00:00","breadcrumb":{"@id":"http:\/\/didaktik-der-bildenden-kuenste.de\/kpt2021\/publikation\/#breadcrumb"},"inLanguage":"de","potentialAction":[{"@type":"ReadAction","target":["http:\/\/didaktik-der-bildenden-kuenste.de\/kpt2021\/publikation\/"]}]},{"@type":"ImageObject","inLanguage":"de","@id":"http:\/\/didaktik-der-bildenden-kuenste.de\/kpt2021\/publikation\/#primaryimage","url":"http:\/\/didaktik-der-bildenden-kuenste.de\/kpt2021\/wp-content\/uploads\/sites\/5\/2023\/08\/DSC8612-scaled.jpg","contentUrl":"http:\/\/didaktik-der-bildenden-kuenste.de\/kpt2021\/wp-content\/uploads\/sites\/5\/2023\/08\/DSC8612-scaled.jpg","width":1898,"height":2560},{"@type":"BreadcrumbList","@id":"http:\/\/didaktik-der-bildenden-kuenste.de\/kpt2021\/publikation\/#breadcrumb","itemListElement":[{"@type":"ListItem","position":1,"name":"Kunstp\u00e4dagogischer Tag","item":"http:\/\/didaktik-der-bildenden-kuenste.de\/kpt2021\/"},{"@type":"ListItem","position":2,"name":"Publikation"}]},{"@type":"WebSite","@id":"http:\/\/didaktik-der-bildenden-kuenste.de\/kpt2021\/#website","url":"http:\/\/didaktik-der-bildenden-kuenste.de\/kpt2021\/","name":"","description":"","potentialAction":[{"@type":"SearchAction","target":{"@type":"EntryPoint","urlTemplate":"http:\/\/didaktik-der-bildenden-kuenste.de\/kpt2021\/?s={search_term_string}"},"query-input":{"@type":"PropertyValueSpecification","valueRequired":true,"valueName":"search_term_string"}}],"inLanguage":"de"}]}},"_links":{"self":[{"href":"http:\/\/didaktik-der-bildenden-kuenste.de\/kpt2021\/wp-json\/wp\/v2\/pages\/574","targetHints":{"allow":["GET"]}}],"collection":[{"href":"http:\/\/didaktik-der-bildenden-kuenste.de\/kpt2021\/wp-json\/wp\/v2\/pages"}],"about":[{"href":"http:\/\/didaktik-der-bildenden-kuenste.de\/kpt2021\/wp-json\/wp\/v2\/types\/page"}],"author":[{"embeddable":true,"href":"http:\/\/didaktik-der-bildenden-kuenste.de\/kpt2021\/wp-json\/wp\/v2\/users\/12"}],"replies":[{"embeddable":true,"href":"http:\/\/didaktik-der-bildenden-kuenste.de\/kpt2021\/wp-json\/wp\/v2\/comments?post=574"}],"version-history":[{"count":10,"href":"http:\/\/didaktik-der-bildenden-kuenste.de\/kpt2021\/wp-json\/wp\/v2\/pages\/574\/revisions"}],"predecessor-version":[{"id":798,"href":"http:\/\/didaktik-der-bildenden-kuenste.de\/kpt2021\/wp-json\/wp\/v2\/pages\/574\/revisions\/798"}],"wp:attachment":[{"href":"http:\/\/didaktik-der-bildenden-kuenste.de\/kpt2021\/wp-json\/wp\/v2\/media?parent=574"}],"curies":[{"name":"wp","href":"https:\/\/api.w.org\/{rel}","templated":true}]}}