{"id":66,"date":"2020-11-03T10:44:57","date_gmt":"2020-11-03T09:44:57","guid":{"rendered":"http:\/\/didaktik-der-bildenden-kuenste.de\/kpt2021\/?page_id=66"},"modified":"2026-02-02T14:19:40","modified_gmt":"2026-02-02T13:19:40","slug":"kontakt","status":"publish","type":"page","link":"http:\/\/didaktik-der-bildenden-kuenste.de\/kpt2021\/kontakt\/","title":{"rendered":"Kontakt"},"content":{"rendered":"\n<div class=\"wp-block-group breadcrumb-row is-layout-flex wp-block-group-is-layout-flex\">\n<p><a href=\"https:\/\/didaktik-der-bildenden-kuenste.de\/\">Didaktik der Bildenden K\u00fcnste<\/a> ><\/p>\n\n\n<div class=\"yoast-breadcrumbs\"><span><span><a href=\"http:\/\/didaktik-der-bildenden-kuenste.de\/kpt2021\/\">Kunstp\u00e4dagogischer Tag<\/a><\/span> &gt; <span class=\"breadcrumb_last\" aria-current=\"page\">Kontakt<\/span><\/span><\/div><\/div>\n\n\n\n<div style=\"height:100px\" aria-hidden=\"true\" class=\"wp-block-spacer\"><\/div>\n\n\n\n<p>Prof.in Dr.in Sara Horn\u00e4k<br>Didaktik der Bildenden K\u00fcnste<br>Kunstakademie D\u00fcsseldorf<br>Eiskellerstr. 1<br>40213 D\u00fcsseldorf<\/p>\n\n\n\n<p><a href=\"https:\/\/kunstakademie-duesseldorf.de\/organisation-und-verwaltung\/fachbereich-2-kunstbezogene-wissenschaften\/\">https:\/\/kunstakademie-duesseldorf.de\/organisation-und-verwaltung\/fachbereich-2-kunstbezogene-wissenschaften\/<\/a><\/p>\n\n\n\n<p><a href=\"https:\/\/kunstakademie-duesseldorf.de\/studienangebot-und-bewerbung\/professor-innen\/prof-in-dr-sara-hornaek\/\" type=\"link\" id=\"https:\/\/kunstakademie-duesseldorf.de\/studienangebot-und-bewerbung\/professor-innen\/prof-in-dr-sara-hornaek\/\">https:\/\/kunstakademie-duesseldorf.de\/studienangebot-und-bewerbung\/professor-innen\/prof-in-dr-sara-hornaek\/<\/a><\/p>\n\n\n\n<p>Verantwortlich f\u00fcr die Kunstakademie D\u00fcsseldorf: <br>Prof.in Dr. Sara Horn\u00e4k (<a href=\"mailto:sara.hornaek@uni-siegen.de\">sara.hornaek@kunstakademie-duesseldorf.de<\/a>), <br>Dr. Susanne Henning (<a href=\"mailto:susanne.henning@uni-siegen.de\">susanne.henning@kunstakademie-duesseldorf.de<\/a>)<\/p>\n\n\n\n<p>Verantwortlich f\u00fcr den BDK: <br>Dr. J\u00f6rg Gr\u00fctjen (<a href=\"mailto:JoergGruetjen@t-online.de\">JoergGruetjen@t-online.de<\/a>), <br>Elfi Alfermann (<a href=\"mailto:e.alfermann@t-online.de\">e.alfermann@t-online.de<\/a>)<\/p>\n\n\n\n\n\n<div style=\"height:100px\" aria-hidden=\"true\" class=\"wp-block-spacer\"><\/div>\n\n\n\n<p class=\"newsletter-title has-dark-gray-color has-text-color has-link-color wp-elements-3d081ee4412b4aad9057c22a505c72fb\"><a href=\"https:\/\/didaktik-der-bildenden-kuenste.de\/newsletter\/\">NEWSLETTER<\/a><br>Melden Sie sich hier zum Newsletter der Didaktik der Bildenden K\u00fcnste an.<\/p>\n\n\n\n<p class=\"has-small-font-size\"><a href=\"http:\/\/didaktik-der-bildenden-kuenste.de\/kpt2021\/wp-content\/uploads\/sites\/5\/2020\/11\/IMPRESSUM.pdf\" target=\"_blank\">IMPRESSUM<\/a><\/p>\n","protected":false},"excerpt":{"rendered":"<p>Prof.in Dr.in Sara Horn\u00e4kDidaktik der Bildenden K\u00fcnsteKunstakademie D\u00fcsseldorfEiskellerstr. 140213 D\u00fcsseldorf https:\/\/kunstakademie-duesseldorf.de\/organisation-und-verwaltung\/fachbereich-2-kunstbezogene-wissenschaften\/ https:\/\/kunstakademie-duesseldorf.de\/studienangebot-und-bewerbung\/professor-innen\/prof-in-dr-sara-hornaek\/ Verantwortlich f\u00fcr die Kunstakademie D\u00fcsseldorf: Prof.in Dr. Sara Horn\u00e4k (sara.hornaek@kunstakademie-duesseldorf.de), Dr. Susanne Henning (susanne.henning@kunstakademie-duesseldorf.de) Verantwortlich f\u00fcr den BDK: Dr. J\u00f6rg Gr\u00fctjen (JoergGruetjen@t-online.de), Elfi Alfermann (e.alfermann@t-online.de)<\/p>\n","protected":false},"author":1,"featured_media":0,"parent":0,"menu_order":0,"comment_status":"closed","ping_status":"closed","template":"page-templates\/full-width.php","meta":{"footnotes":""},"class_list":["post-66","page","type-page","status-publish","hentry"],"yoast_head":"<!-- This site is optimized with the Yoast SEO plugin v26.8 - https:\/\/yoast.com\/product\/yoast-seo-wordpress\/ -->\n<title>Kontakt -<\/title>\n<meta name=\"robots\" content=\"index, follow, max-snippet:-1, max-image-preview:large, max-video-preview:-1\" \/>\n<link rel=\"canonical\" href=\"http:\/\/didaktik-der-bildenden-kuenste.de\/kpt2021\/kontakt\/\" \/>\n<meta property=\"og:locale\" content=\"de_DE\" \/>\n<meta property=\"og:type\" content=\"article\" \/>\n<meta property=\"og:title\" content=\"Kontakt -\" \/>\n<meta property=\"og:description\" content=\"Prof.in Dr.in Sara Horn\u00e4kDidaktik der Bildenden K\u00fcnsteKunstakademie D\u00fcsseldorfEiskellerstr. 140213 D\u00fcsseldorf https:\/\/kunstakademie-duesseldorf.de\/organisation-und-verwaltung\/fachbereich-2-kunstbezogene-wissenschaften\/ https:\/\/kunstakademie-duesseldorf.de\/studienangebot-und-bewerbung\/professor-innen\/prof-in-dr-sara-hornaek\/ Verantwortlich f\u00fcr die Kunstakademie D\u00fcsseldorf: Prof.in Dr. Sara Horn\u00e4k (sara.hornaek@kunstakademie-duesseldorf.de), Dr. Susanne Henning (susanne.henning@kunstakademie-duesseldorf.de) Verantwortlich f\u00fcr den BDK: Dr. J\u00f6rg Gr\u00fctjen (JoergGruetjen@t-online.de), Elfi Alfermann (e.alfermann@t-online.de)\" \/>\n<meta property=\"og:url\" content=\"http:\/\/didaktik-der-bildenden-kuenste.de\/kpt2021\/kontakt\/\" \/>\n<meta property=\"article:modified_time\" content=\"2026-02-02T13:19:40+00:00\" \/>\n<meta name=\"twitter:card\" content=\"summary_large_image\" \/>\n<meta name=\"twitter:label1\" content=\"Gesch\u00e4tzte Lesezeit\" \/>\n\t<meta name=\"twitter:data1\" content=\"1\u00a0Minute\" \/>\n<script type=\"application\/ld+json\" class=\"yoast-schema-graph\">{\"@context\":\"https:\/\/schema.org\",\"@graph\":[{\"@type\":\"WebPage\",\"@id\":\"http:\/\/didaktik-der-bildenden-kuenste.de\/kpt2021\/kontakt\/\",\"url\":\"http:\/\/didaktik-der-bildenden-kuenste.de\/kpt2021\/kontakt\/\",\"name\":\"Kontakt -\",\"isPartOf\":{\"@id\":\"http:\/\/didaktik-der-bildenden-kuenste.de\/kpt2021\/#website\"},\"datePublished\":\"2020-11-03T09:44:57+00:00\",\"dateModified\":\"2026-02-02T13:19:40+00:00\",\"breadcrumb\":{\"@id\":\"http:\/\/didaktik-der-bildenden-kuenste.de\/kpt2021\/kontakt\/#breadcrumb\"},\"inLanguage\":\"de\",\"potentialAction\":[{\"@type\":\"ReadAction\",\"target\":[\"http:\/\/didaktik-der-bildenden-kuenste.de\/kpt2021\/kontakt\/\"]}]},{\"@type\":\"BreadcrumbList\",\"@id\":\"http:\/\/didaktik-der-bildenden-kuenste.de\/kpt2021\/kontakt\/#breadcrumb\",\"itemListElement\":[{\"@type\":\"ListItem\",\"position\":1,\"name\":\"Kunstp\u00e4dagogischer Tag\",\"item\":\"http:\/\/didaktik-der-bildenden-kuenste.de\/kpt2021\/\"},{\"@type\":\"ListItem\",\"position\":2,\"name\":\"Kontakt\"}]},{\"@type\":\"WebSite\",\"@id\":\"http:\/\/didaktik-der-bildenden-kuenste.de\/kpt2021\/#website\",\"url\":\"http:\/\/didaktik-der-bildenden-kuenste.de\/kpt2021\/\",\"name\":\"\",\"description\":\"\",\"potentialAction\":[{\"@type\":\"SearchAction\",\"target\":{\"@type\":\"EntryPoint\",\"urlTemplate\":\"http:\/\/didaktik-der-bildenden-kuenste.de\/kpt2021\/?s={search_term_string}\"},\"query-input\":{\"@type\":\"PropertyValueSpecification\",\"valueRequired\":true,\"valueName\":\"search_term_string\"}}],\"inLanguage\":\"de\"}]}<\/script>\n<!-- \/ Yoast SEO plugin. -->","yoast_head_json":{"title":"Kontakt -","robots":{"index":"index","follow":"follow","max-snippet":"max-snippet:-1","max-image-preview":"max-image-preview:large","max-video-preview":"max-video-preview:-1"},"canonical":"http:\/\/didaktik-der-bildenden-kuenste.de\/kpt2021\/kontakt\/","og_locale":"de_DE","og_type":"article","og_title":"Kontakt -","og_description":"Prof.in Dr.in Sara Horn\u00e4kDidaktik der Bildenden K\u00fcnsteKunstakademie D\u00fcsseldorfEiskellerstr. 140213 D\u00fcsseldorf https:\/\/kunstakademie-duesseldorf.de\/organisation-und-verwaltung\/fachbereich-2-kunstbezogene-wissenschaften\/ https:\/\/kunstakademie-duesseldorf.de\/studienangebot-und-bewerbung\/professor-innen\/prof-in-dr-sara-hornaek\/ Verantwortlich f\u00fcr die Kunstakademie D\u00fcsseldorf: Prof.in Dr. Sara Horn\u00e4k (sara.hornaek@kunstakademie-duesseldorf.de), Dr. Susanne Henning (susanne.henning@kunstakademie-duesseldorf.de) Verantwortlich f\u00fcr den BDK: Dr. J\u00f6rg Gr\u00fctjen (JoergGruetjen@t-online.de), Elfi Alfermann (e.alfermann@t-online.de)","og_url":"http:\/\/didaktik-der-bildenden-kuenste.de\/kpt2021\/kontakt\/","article_modified_time":"2026-02-02T13:19:40+00:00","twitter_card":"summary_large_image","twitter_misc":{"Gesch\u00e4tzte Lesezeit":"1\u00a0Minute"},"schema":{"@context":"https:\/\/schema.org","@graph":[{"@type":"WebPage","@id":"http:\/\/didaktik-der-bildenden-kuenste.de\/kpt2021\/kontakt\/","url":"http:\/\/didaktik-der-bildenden-kuenste.de\/kpt2021\/kontakt\/","name":"Kontakt -","isPartOf":{"@id":"http:\/\/didaktik-der-bildenden-kuenste.de\/kpt2021\/#website"},"datePublished":"2020-11-03T09:44:57+00:00","dateModified":"2026-02-02T13:19:40+00:00","breadcrumb":{"@id":"http:\/\/didaktik-der-bildenden-kuenste.de\/kpt2021\/kontakt\/#breadcrumb"},"inLanguage":"de","potentialAction":[{"@type":"ReadAction","target":["http:\/\/didaktik-der-bildenden-kuenste.de\/kpt2021\/kontakt\/"]}]},{"@type":"BreadcrumbList","@id":"http:\/\/didaktik-der-bildenden-kuenste.de\/kpt2021\/kontakt\/#breadcrumb","itemListElement":[{"@type":"ListItem","position":1,"name":"Kunstp\u00e4dagogischer Tag","item":"http:\/\/didaktik-der-bildenden-kuenste.de\/kpt2021\/"},{"@type":"ListItem","position":2,"name":"Kontakt"}]},{"@type":"WebSite","@id":"http:\/\/didaktik-der-bildenden-kuenste.de\/kpt2021\/#website","url":"http:\/\/didaktik-der-bildenden-kuenste.de\/kpt2021\/","name":"","description":"","potentialAction":[{"@type":"SearchAction","target":{"@type":"EntryPoint","urlTemplate":"http:\/\/didaktik-der-bildenden-kuenste.de\/kpt2021\/?s={search_term_string}"},"query-input":{"@type":"PropertyValueSpecification","valueRequired":true,"valueName":"search_term_string"}}],"inLanguage":"de"}]}},"_links":{"self":[{"href":"http:\/\/didaktik-der-bildenden-kuenste.de\/kpt2021\/wp-json\/wp\/v2\/pages\/66","targetHints":{"allow":["GET"]}}],"collection":[{"href":"http:\/\/didaktik-der-bildenden-kuenste.de\/kpt2021\/wp-json\/wp\/v2\/pages"}],"about":[{"href":"http:\/\/didaktik-der-bildenden-kuenste.de\/kpt2021\/wp-json\/wp\/v2\/types\/page"}],"author":[{"embeddable":true,"href":"http:\/\/didaktik-der-bildenden-kuenste.de\/kpt2021\/wp-json\/wp\/v2\/users\/1"}],"replies":[{"embeddable":true,"href":"http:\/\/didaktik-der-bildenden-kuenste.de\/kpt2021\/wp-json\/wp\/v2\/comments?post=66"}],"version-history":[{"count":17,"href":"http:\/\/didaktik-der-bildenden-kuenste.de\/kpt2021\/wp-json\/wp\/v2\/pages\/66\/revisions"}],"predecessor-version":[{"id":817,"href":"http:\/\/didaktik-der-bildenden-kuenste.de\/kpt2021\/wp-json\/wp\/v2\/pages\/66\/revisions\/817"}],"wp:attachment":[{"href":"http:\/\/didaktik-der-bildenden-kuenste.de\/kpt2021\/wp-json\/wp\/v2\/media?parent=66"}],"curies":[{"name":"wp","href":"https:\/\/api.w.org\/{rel}","templated":true}]}}