{"id":86,"date":"2020-12-03T15:22:44","date_gmt":"2020-12-03T14:22:44","guid":{"rendered":"http:\/\/didaktik-der-bildenden-kuenste.de\/kpt2021\/?page_id=86"},"modified":"2026-02-02T13:54:16","modified_gmt":"2026-02-02T12:54:16","slug":"auf-dem-pruefstand-tutorials-zu-kuenstlerischen-verfahren-und-strategien","status":"publish","type":"page","link":"http:\/\/didaktik-der-bildenden-kuenste.de\/kpt2021\/abstracts\/auf-dem-pruefstand-tutorials-zu-kuenstlerischen-verfahren-und-strategien\/","title":{"rendered":"Auf dem Pr\u00fcfstand \u2013 Tutorials zu k\u00fcnstlerischen Verfahren und Strategien"},"content":{"rendered":"\n<div class=\"wp-block-group breadcrumb-row is-layout-flex wp-block-group-is-layout-flex\">\n<p><a href=\"https:\/\/didaktik-der-bildenden-kuenste.de\/\">Didaktik der Bildenden K\u00fcnste<\/a> ><\/p>\n\n\n<div class=\"yoast-breadcrumbs\"><span><span><a href=\"http:\/\/didaktik-der-bildenden-kuenste.de\/kpt2021\/\">Kunstp\u00e4dagogischer Tag<\/a><\/span> &gt; <span><a href=\"http:\/\/didaktik-der-bildenden-kuenste.de\/kpt2021\/abstracts\/\">Workshops<\/a><\/span> &gt; <span class=\"breadcrumb_last\" aria-current=\"page\">Auf dem Pr\u00fcfstand \u2013 Tutorials zu k\u00fcnstlerischen Verfahren und Strategien<\/span><\/span><\/div><\/div>\n\n\n\n<div style=\"height:100px\" aria-hidden=\"true\" class=\"wp-block-spacer\"><\/div>\n\n\n\n<figure class=\"wp-block-image size-large\"><img loading=\"lazy\" decoding=\"async\" width=\"1024\" height=\"683\" src=\"http:\/\/didaktik-der-bildenden-kuenste.de\/kpt2021\/wp-content\/uploads\/sites\/5\/2021\/10\/Banner7_comp-1024x683.png\" alt=\"\" class=\"wp-image-616\" srcset=\"http:\/\/didaktik-der-bildenden-kuenste.de\/kpt2021\/wp-content\/uploads\/sites\/5\/2021\/10\/Banner7_comp-1024x683.png 1024w, http:\/\/didaktik-der-bildenden-kuenste.de\/kpt2021\/wp-content\/uploads\/sites\/5\/2021\/10\/Banner7_comp-300x200.png 300w, http:\/\/didaktik-der-bildenden-kuenste.de\/kpt2021\/wp-content\/uploads\/sites\/5\/2021\/10\/Banner7_comp-768x512.png 768w, http:\/\/didaktik-der-bildenden-kuenste.de\/kpt2021\/wp-content\/uploads\/sites\/5\/2021\/10\/Banner7_comp-1536x1024.png 1536w, http:\/\/didaktik-der-bildenden-kuenste.de\/kpt2021\/wp-content\/uploads\/sites\/5\/2021\/10\/Banner7_comp-2048x1365.png 2048w, http:\/\/didaktik-der-bildenden-kuenste.de\/kpt2021\/wp-content\/uploads\/sites\/5\/2021\/10\/Banner7_comp-624x416.png 624w, http:\/\/didaktik-der-bildenden-kuenste.de\/kpt2021\/wp-content\/uploads\/sites\/5\/2021\/10\/Banner7_comp-400x267.png 400w\" sizes=\"auto, (max-width: 1024px) 100vw, 1024px\" \/><\/figure>\n\n\n\n<p>Heike Thienenkamp \/ Jutta G\u00f6tze<\/p>\n\n\n\n<p><strong>Was leisten sie? Was bleibt auf der Strecke?<\/strong><\/p>\n\n\n\n<p>Kurze Tutorials, wie sie in Zeiten des distance&nbsp;learning&nbsp;zum bildnerischen und skulpturalen Umgang mit Oberfl\u00e4chenstrukturen entstanden sind, stehen im Mittelpunkt des Workshops. Beim Reagieren auf bereits gefilmte Anregungen zu bestimmten Vorgehensweisen wird erprobt, wie unterschiedlich sich ein Gestaltungsimpuls aufgreifen und in die analoge Praxis \u00fcberf\u00fchren l\u00e4sst. Im Anschluss geht es um eine Reflexion folgender Zusammenh\u00e4nge: Welche didaktisch-methodischen Fragen und Kriterien sind beim Produzieren solcher Videos zu ber\u00fccksichtigen, etwa bez\u00fcglich der Balance zwischen Sequenzen, die zum nachahmenden Handeln, und solchen, die den Wechsel in eigene Bildvorstellungen anregen?&nbsp;K\u00f6nnen sie ggf. auch den Pr\u00e4senzunterricht bereichern? Sowohl das Verh\u00e4ltnis zwischen physischem Materialkontakt und seiner Transformation in digitale Bildlichkeit als auch der m\u00f6gliche Rollentausch, bei dem das Anfertigen von Tutorials als gestalterische Herausforderung an Sch\u00fcler*innen weitergegeben wird, sind weitere Perspektiven.<\/p>\n\n\n\n<p>DR. HEIKE THIENENKAMP ist Lehrkraft f\u00fcr besondere Aufgaben an der Universit\u00e4t Bielefeld.<br>Ihre Schwerpunkte in Lehre und Forschung liegen in der interdisziplin\u00e4ren Arbeit zwischen Kunst und Musik und zwischen Kunst und Naturwissenschaften.<br><br>JUTTA G\u00d6TZE ist Lehrkraft f\u00fcr besondere Aufgaben am Fachbereich Kunst und Musik der<br>Universit\u00e4t Bielefeld. Zuvor war sie als Lehrerin und in verschiedenen Fortbildungsformaten<br>f\u00fcr das Fach Kunst in der Primarstufe t\u00e4tig. Sie leitet ausstellungsbezogene Lehrerfortbildungen im Kunstmuseum Pablo Picasso und<br>befasst sich mit Fragen der Kunstrezeption in analogen und digitalen Vermittlungssituationen.<br><br><\/p>\n\n\n\n\n\n<div style=\"height:100px\" aria-hidden=\"true\" class=\"wp-block-spacer\"><\/div>\n\n\n\n<p class=\"newsletter-title has-dark-gray-color has-text-color has-link-color wp-elements-3d081ee4412b4aad9057c22a505c72fb\"><a href=\"https:\/\/didaktik-der-bildenden-kuenste.de\/newsletter\/\">NEWSLETTER<\/a><br>Melden Sie sich hier zum Newsletter der Didaktik der Bildenden K\u00fcnste an.<\/p>\n\n\n\n<p class=\"has-small-font-size\"><a href=\"http:\/\/didaktik-der-bildenden-kuenste.de\/kpt2021\/wp-content\/uploads\/sites\/5\/2020\/11\/IMPRESSUM.pdf\" target=\"_blank\">IMPRESSUM<\/a><\/p>\n","protected":false},"excerpt":{"rendered":"<p>Heike Thienenkamp \/ Jutta G\u00f6tze Was leisten sie? Was bleibt auf der Strecke? Kurze Tutorials, wie sie in Zeiten des distance&nbsp;learning&nbsp;zum bildnerischen und skulpturalen Umgang mit Oberfl\u00e4chenstrukturen entstanden sind, stehen im Mittelpunkt des Workshops. Beim Reagieren auf bereits gefilmte Anregungen zu bestimmten Vorgehensweisen wird erprobt, wie unterschiedlich sich ein Gestaltungsimpuls aufgreifen und in die analoge [&hellip;]<\/p>\n","protected":false},"author":1,"featured_media":0,"parent":81,"menu_order":0,"comment_status":"closed","ping_status":"closed","template":"page-templates\/full-width.php","meta":{"footnotes":""},"class_list":["post-86","page","type-page","status-publish","hentry"],"yoast_head":"<!-- This site is optimized with the Yoast SEO plugin v26.8 - https:\/\/yoast.com\/product\/yoast-seo-wordpress\/ -->\n<title>Auf dem Pr\u00fcfstand \u2013 Tutorials zu k\u00fcnstlerischen Verfahren und Strategien -<\/title>\n<meta name=\"robots\" content=\"index, follow, max-snippet:-1, max-image-preview:large, max-video-preview:-1\" \/>\n<link rel=\"canonical\" href=\"http:\/\/didaktik-der-bildenden-kuenste.de\/kpt2021\/abstracts\/auf-dem-pruefstand-tutorials-zu-kuenstlerischen-verfahren-und-strategien\/\" \/>\n<meta property=\"og:locale\" content=\"de_DE\" \/>\n<meta property=\"og:type\" content=\"article\" \/>\n<meta property=\"og:title\" content=\"Auf dem Pr\u00fcfstand \u2013 Tutorials zu k\u00fcnstlerischen Verfahren und Strategien -\" \/>\n<meta property=\"og:description\" content=\"Heike Thienenkamp \/ Jutta G\u00f6tze Was leisten sie? Was bleibt auf der Strecke? Kurze Tutorials, wie sie in Zeiten des distance&nbsp;learning&nbsp;zum bildnerischen und skulpturalen Umgang mit Oberfl\u00e4chenstrukturen entstanden sind, stehen im Mittelpunkt des Workshops. Beim Reagieren auf bereits gefilmte Anregungen zu bestimmten Vorgehensweisen wird erprobt, wie unterschiedlich sich ein Gestaltungsimpuls aufgreifen und in die analoge [&hellip;]\" \/>\n<meta property=\"og:url\" content=\"http:\/\/didaktik-der-bildenden-kuenste.de\/kpt2021\/abstracts\/auf-dem-pruefstand-tutorials-zu-kuenstlerischen-verfahren-und-strategien\/\" \/>\n<meta property=\"article:modified_time\" content=\"2026-02-02T12:54:16+00:00\" \/>\n<meta property=\"og:image\" content=\"http:\/\/didaktik-der-bildenden-kuenste.de\/kpt2021\/wp-content\/uploads\/sites\/5\/2021\/10\/Banner7_comp-1024x683.png\" \/>\n<meta name=\"twitter:card\" content=\"summary_large_image\" \/>\n<meta name=\"twitter:label1\" content=\"Gesch\u00e4tzte Lesezeit\" \/>\n\t<meta name=\"twitter:data1\" content=\"5\u00a0Minuten\" \/>\n<script type=\"application\/ld+json\" class=\"yoast-schema-graph\">{\"@context\":\"https:\/\/schema.org\",\"@graph\":[{\"@type\":\"WebPage\",\"@id\":\"http:\/\/didaktik-der-bildenden-kuenste.de\/kpt2021\/abstracts\/auf-dem-pruefstand-tutorials-zu-kuenstlerischen-verfahren-und-strategien\/\",\"url\":\"http:\/\/didaktik-der-bildenden-kuenste.de\/kpt2021\/abstracts\/auf-dem-pruefstand-tutorials-zu-kuenstlerischen-verfahren-und-strategien\/\",\"name\":\"Auf dem Pr\u00fcfstand \u2013 Tutorials zu k\u00fcnstlerischen Verfahren und Strategien -\",\"isPartOf\":{\"@id\":\"http:\/\/didaktik-der-bildenden-kuenste.de\/kpt2021\/#website\"},\"primaryImageOfPage\":{\"@id\":\"http:\/\/didaktik-der-bildenden-kuenste.de\/kpt2021\/abstracts\/auf-dem-pruefstand-tutorials-zu-kuenstlerischen-verfahren-und-strategien\/#primaryimage\"},\"image\":{\"@id\":\"http:\/\/didaktik-der-bildenden-kuenste.de\/kpt2021\/abstracts\/auf-dem-pruefstand-tutorials-zu-kuenstlerischen-verfahren-und-strategien\/#primaryimage\"},\"thumbnailUrl\":\"http:\/\/didaktik-der-bildenden-kuenste.de\/kpt2021\/wp-content\/uploads\/sites\/5\/2021\/10\/Banner7_comp-1024x683.png\",\"datePublished\":\"2020-12-03T14:22:44+00:00\",\"dateModified\":\"2026-02-02T12:54:16+00:00\",\"breadcrumb\":{\"@id\":\"http:\/\/didaktik-der-bildenden-kuenste.de\/kpt2021\/abstracts\/auf-dem-pruefstand-tutorials-zu-kuenstlerischen-verfahren-und-strategien\/#breadcrumb\"},\"inLanguage\":\"de\",\"potentialAction\":[{\"@type\":\"ReadAction\",\"target\":[\"http:\/\/didaktik-der-bildenden-kuenste.de\/kpt2021\/abstracts\/auf-dem-pruefstand-tutorials-zu-kuenstlerischen-verfahren-und-strategien\/\"]}]},{\"@type\":\"ImageObject\",\"inLanguage\":\"de\",\"@id\":\"http:\/\/didaktik-der-bildenden-kuenste.de\/kpt2021\/abstracts\/auf-dem-pruefstand-tutorials-zu-kuenstlerischen-verfahren-und-strategien\/#primaryimage\",\"url\":\"http:\/\/didaktik-der-bildenden-kuenste.de\/kpt2021\/wp-content\/uploads\/sites\/5\/2021\/10\/Banner7_comp.png\",\"contentUrl\":\"http:\/\/didaktik-der-bildenden-kuenste.de\/kpt2021\/wp-content\/uploads\/sites\/5\/2021\/10\/Banner7_comp.png\",\"width\":2508,\"height\":1672},{\"@type\":\"BreadcrumbList\",\"@id\":\"http:\/\/didaktik-der-bildenden-kuenste.de\/kpt2021\/abstracts\/auf-dem-pruefstand-tutorials-zu-kuenstlerischen-verfahren-und-strategien\/#breadcrumb\",\"itemListElement\":[{\"@type\":\"ListItem\",\"position\":1,\"name\":\"Kunstp\u00e4dagogischer Tag\",\"item\":\"http:\/\/didaktik-der-bildenden-kuenste.de\/kpt2021\/\"},{\"@type\":\"ListItem\",\"position\":2,\"name\":\"Workshops\",\"item\":\"http:\/\/didaktik-der-bildenden-kuenste.de\/kpt2021\/abstracts\/\"},{\"@type\":\"ListItem\",\"position\":3,\"name\":\"Auf dem Pr\u00fcfstand \u2013 Tutorials zu k\u00fcnstlerischen Verfahren und Strategien\"}]},{\"@type\":\"WebSite\",\"@id\":\"http:\/\/didaktik-der-bildenden-kuenste.de\/kpt2021\/#website\",\"url\":\"http:\/\/didaktik-der-bildenden-kuenste.de\/kpt2021\/\",\"name\":\"\",\"description\":\"\",\"potentialAction\":[{\"@type\":\"SearchAction\",\"target\":{\"@type\":\"EntryPoint\",\"urlTemplate\":\"http:\/\/didaktik-der-bildenden-kuenste.de\/kpt2021\/?s={search_term_string}\"},\"query-input\":{\"@type\":\"PropertyValueSpecification\",\"valueRequired\":true,\"valueName\":\"search_term_string\"}}],\"inLanguage\":\"de\"}]}<\/script>\n<!-- \/ Yoast SEO plugin. -->","yoast_head_json":{"title":"Auf dem Pr\u00fcfstand \u2013 Tutorials zu k\u00fcnstlerischen Verfahren und Strategien -","robots":{"index":"index","follow":"follow","max-snippet":"max-snippet:-1","max-image-preview":"max-image-preview:large","max-video-preview":"max-video-preview:-1"},"canonical":"http:\/\/didaktik-der-bildenden-kuenste.de\/kpt2021\/abstracts\/auf-dem-pruefstand-tutorials-zu-kuenstlerischen-verfahren-und-strategien\/","og_locale":"de_DE","og_type":"article","og_title":"Auf dem Pr\u00fcfstand \u2013 Tutorials zu k\u00fcnstlerischen Verfahren und Strategien -","og_description":"Heike Thienenkamp \/ Jutta G\u00f6tze Was leisten sie? Was bleibt auf der Strecke? Kurze Tutorials, wie sie in Zeiten des distance&nbsp;learning&nbsp;zum bildnerischen und skulpturalen Umgang mit Oberfl\u00e4chenstrukturen entstanden sind, stehen im Mittelpunkt des Workshops. Beim Reagieren auf bereits gefilmte Anregungen zu bestimmten Vorgehensweisen wird erprobt, wie unterschiedlich sich ein Gestaltungsimpuls aufgreifen und in die analoge [&hellip;]","og_url":"http:\/\/didaktik-der-bildenden-kuenste.de\/kpt2021\/abstracts\/auf-dem-pruefstand-tutorials-zu-kuenstlerischen-verfahren-und-strategien\/","article_modified_time":"2026-02-02T12:54:16+00:00","og_image":[{"url":"http:\/\/didaktik-der-bildenden-kuenste.de\/kpt2021\/wp-content\/uploads\/sites\/5\/2021\/10\/Banner7_comp-1024x683.png","type":"","width":"","height":""}],"twitter_card":"summary_large_image","twitter_misc":{"Gesch\u00e4tzte Lesezeit":"5\u00a0Minuten"},"schema":{"@context":"https:\/\/schema.org","@graph":[{"@type":"WebPage","@id":"http:\/\/didaktik-der-bildenden-kuenste.de\/kpt2021\/abstracts\/auf-dem-pruefstand-tutorials-zu-kuenstlerischen-verfahren-und-strategien\/","url":"http:\/\/didaktik-der-bildenden-kuenste.de\/kpt2021\/abstracts\/auf-dem-pruefstand-tutorials-zu-kuenstlerischen-verfahren-und-strategien\/","name":"Auf dem Pr\u00fcfstand \u2013 Tutorials zu k\u00fcnstlerischen Verfahren und Strategien -","isPartOf":{"@id":"http:\/\/didaktik-der-bildenden-kuenste.de\/kpt2021\/#website"},"primaryImageOfPage":{"@id":"http:\/\/didaktik-der-bildenden-kuenste.de\/kpt2021\/abstracts\/auf-dem-pruefstand-tutorials-zu-kuenstlerischen-verfahren-und-strategien\/#primaryimage"},"image":{"@id":"http:\/\/didaktik-der-bildenden-kuenste.de\/kpt2021\/abstracts\/auf-dem-pruefstand-tutorials-zu-kuenstlerischen-verfahren-und-strategien\/#primaryimage"},"thumbnailUrl":"http:\/\/didaktik-der-bildenden-kuenste.de\/kpt2021\/wp-content\/uploads\/sites\/5\/2021\/10\/Banner7_comp-1024x683.png","datePublished":"2020-12-03T14:22:44+00:00","dateModified":"2026-02-02T12:54:16+00:00","breadcrumb":{"@id":"http:\/\/didaktik-der-bildenden-kuenste.de\/kpt2021\/abstracts\/auf-dem-pruefstand-tutorials-zu-kuenstlerischen-verfahren-und-strategien\/#breadcrumb"},"inLanguage":"de","potentialAction":[{"@type":"ReadAction","target":["http:\/\/didaktik-der-bildenden-kuenste.de\/kpt2021\/abstracts\/auf-dem-pruefstand-tutorials-zu-kuenstlerischen-verfahren-und-strategien\/"]}]},{"@type":"ImageObject","inLanguage":"de","@id":"http:\/\/didaktik-der-bildenden-kuenste.de\/kpt2021\/abstracts\/auf-dem-pruefstand-tutorials-zu-kuenstlerischen-verfahren-und-strategien\/#primaryimage","url":"http:\/\/didaktik-der-bildenden-kuenste.de\/kpt2021\/wp-content\/uploads\/sites\/5\/2021\/10\/Banner7_comp.png","contentUrl":"http:\/\/didaktik-der-bildenden-kuenste.de\/kpt2021\/wp-content\/uploads\/sites\/5\/2021\/10\/Banner7_comp.png","width":2508,"height":1672},{"@type":"BreadcrumbList","@id":"http:\/\/didaktik-der-bildenden-kuenste.de\/kpt2021\/abstracts\/auf-dem-pruefstand-tutorials-zu-kuenstlerischen-verfahren-und-strategien\/#breadcrumb","itemListElement":[{"@type":"ListItem","position":1,"name":"Kunstp\u00e4dagogischer Tag","item":"http:\/\/didaktik-der-bildenden-kuenste.de\/kpt2021\/"},{"@type":"ListItem","position":2,"name":"Workshops","item":"http:\/\/didaktik-der-bildenden-kuenste.de\/kpt2021\/abstracts\/"},{"@type":"ListItem","position":3,"name":"Auf dem Pr\u00fcfstand \u2013 Tutorials zu k\u00fcnstlerischen Verfahren und Strategien"}]},{"@type":"WebSite","@id":"http:\/\/didaktik-der-bildenden-kuenste.de\/kpt2021\/#website","url":"http:\/\/didaktik-der-bildenden-kuenste.de\/kpt2021\/","name":"","description":"","potentialAction":[{"@type":"SearchAction","target":{"@type":"EntryPoint","urlTemplate":"http:\/\/didaktik-der-bildenden-kuenste.de\/kpt2021\/?s={search_term_string}"},"query-input":{"@type":"PropertyValueSpecification","valueRequired":true,"valueName":"search_term_string"}}],"inLanguage":"de"}]}},"_links":{"self":[{"href":"http:\/\/didaktik-der-bildenden-kuenste.de\/kpt2021\/wp-json\/wp\/v2\/pages\/86","targetHints":{"allow":["GET"]}}],"collection":[{"href":"http:\/\/didaktik-der-bildenden-kuenste.de\/kpt2021\/wp-json\/wp\/v2\/pages"}],"about":[{"href":"http:\/\/didaktik-der-bildenden-kuenste.de\/kpt2021\/wp-json\/wp\/v2\/types\/page"}],"author":[{"embeddable":true,"href":"http:\/\/didaktik-der-bildenden-kuenste.de\/kpt2021\/wp-json\/wp\/v2\/users\/1"}],"replies":[{"embeddable":true,"href":"http:\/\/didaktik-der-bildenden-kuenste.de\/kpt2021\/wp-json\/wp\/v2\/comments?post=86"}],"version-history":[{"count":11,"href":"http:\/\/didaktik-der-bildenden-kuenste.de\/kpt2021\/wp-json\/wp\/v2\/pages\/86\/revisions"}],"predecessor-version":[{"id":806,"href":"http:\/\/didaktik-der-bildenden-kuenste.de\/kpt2021\/wp-json\/wp\/v2\/pages\/86\/revisions\/806"}],"up":[{"embeddable":true,"href":"http:\/\/didaktik-der-bildenden-kuenste.de\/kpt2021\/wp-json\/wp\/v2\/pages\/81"}],"wp:attachment":[{"href":"http:\/\/didaktik-der-bildenden-kuenste.de\/kpt2021\/wp-json\/wp\/v2\/media?parent=86"}],"curies":[{"name":"wp","href":"https:\/\/api.w.org\/{rel}","templated":true}]}}