{"id":92,"date":"2020-12-03T15:35:32","date_gmt":"2020-12-03T14:35:32","guid":{"rendered":"http:\/\/didaktik-der-bildenden-kuenste.de\/kpt2021\/?page_id=92"},"modified":"2026-02-02T14:00:26","modified_gmt":"2026-02-02T13:00:26","slug":"you-can-touch-this-materialuebersetzungen-zwischen-analog-und-digital","status":"publish","type":"page","link":"http:\/\/didaktik-der-bildenden-kuenste.de\/kpt2021\/abstracts\/you-can-touch-this-materialuebersetzungen-zwischen-analog-und-digital\/","title":{"rendered":"You can touch this. Material\u00fcbersetzungen zwischen analog und digital"},"content":{"rendered":"\n<div class=\"wp-block-group breadcrumb-row is-layout-flex wp-block-group-is-layout-flex\">\n<p><a href=\"https:\/\/didaktik-der-bildenden-kuenste.de\/\">Didaktik der Bildenden K\u00fcnste<\/a> ><\/p>\n\n\n<div class=\"yoast-breadcrumbs\"><span><span><a href=\"http:\/\/didaktik-der-bildenden-kuenste.de\/kpt2021\/\">Kunstp\u00e4dagogischer Tag<\/a><\/span> &gt; <span><a href=\"http:\/\/didaktik-der-bildenden-kuenste.de\/kpt2021\/abstracts\/\">Workshops<\/a><\/span> &gt; <span class=\"breadcrumb_last\" aria-current=\"page\">You can touch this. Material\u00fcbersetzungen zwischen analog und digital<\/span><\/span><\/div><\/div>\n\n\n\n<div style=\"height:100px\" aria-hidden=\"true\" class=\"wp-block-spacer\"><\/div>\n\n\n\n<figure class=\"wp-block-image size-large\"><img loading=\"lazy\" decoding=\"async\" width=\"1024\" height=\"683\" src=\"http:\/\/didaktik-der-bildenden-kuenste.de\/kpt2021\/wp-content\/uploads\/sites\/5\/2021\/10\/Hausmann_comp-1024x683.png\" alt=\"\" class=\"wp-image-610\" srcset=\"http:\/\/didaktik-der-bildenden-kuenste.de\/kpt2021\/wp-content\/uploads\/sites\/5\/2021\/10\/Hausmann_comp-1024x683.png 1024w, http:\/\/didaktik-der-bildenden-kuenste.de\/kpt2021\/wp-content\/uploads\/sites\/5\/2021\/10\/Hausmann_comp-300x200.png 300w, http:\/\/didaktik-der-bildenden-kuenste.de\/kpt2021\/wp-content\/uploads\/sites\/5\/2021\/10\/Hausmann_comp-768x512.png 768w, http:\/\/didaktik-der-bildenden-kuenste.de\/kpt2021\/wp-content\/uploads\/sites\/5\/2021\/10\/Hausmann_comp-1536x1024.png 1536w, http:\/\/didaktik-der-bildenden-kuenste.de\/kpt2021\/wp-content\/uploads\/sites\/5\/2021\/10\/Hausmann_comp-2048x1365.png 2048w, http:\/\/didaktik-der-bildenden-kuenste.de\/kpt2021\/wp-content\/uploads\/sites\/5\/2021\/10\/Hausmann_comp-624x416.png 624w, http:\/\/didaktik-der-bildenden-kuenste.de\/kpt2021\/wp-content\/uploads\/sites\/5\/2021\/10\/Hausmann_comp-400x267.png 400w\" sizes=\"auto, (max-width: 1024px) 100vw, 1024px\" \/><\/figure>\n\n\n\n<p>Robert Hausmann \/ Matthias Laabs<\/p>\n\n\n\n<p>Digitalit\u00e4t hat unsere Gegenwart geflutet. Digitale Technologien haben sich untrennbar mit der analogen (physischen) Welt, mit unseren K\u00f6rpern, allt\u00e4glichen Praktiken, Verhaltensweisen, mit Materialien, R\u00e4umen und Orten verbunden. Klammheimlich ver\u00e4ndern sich dabei auch Formen des Miteinanders, der Wahrnehmung, der Wissensaneignung und der Materialit\u00e4t von Dingen. Im Zentrum des Workshops stehen Erprobungen experimenteller Spielarten und hybrider Formen des Umgangs mit Material zwischen analog und digital. In verschiedenen Anwendungen und Formaten wird mit Dingen des Alltags, mit taktilen \u00dcberg\u00e4ngen und medialen \u00dcbersetzungen zwischen physischem und virtuellem Raum, analoger und digitaler Materialit\u00e4t experimentiert. Nach einer handlungsorientierten Impulsphase entwickeln die Teil-nehmenden in unterrichtserprobten \u00dcbungen eigene, gezielte \u00dcbersetzungen und \u00dcberlagerungen von analoger und digitaler Materialit\u00e4t. Fokussiert werden tastend-suchende, improvisierende, konzeptuelle, bisweilen sogar unsinnig oder trashig erscheinende Herangehensweisen an Material und deren \u00dcbersetzungen in mediale Miniformate wie Filter-Fotos, GIFs, Sekundenvideos, 3D-Scans oder Augmented-Reality-Effekte mithilfe mobiler Endger\u00e4te. In verschiedenen Reflexionsphasen werden Ideen f\u00fcr Einsatzm\u00f6glichkeiten der erprobten \u00dcbungen diskutiert und deren Eignung f\u00fcr den Kunstunterricht thematisiert. <\/p>\n\n\n\n<p>ROBERT HAUSMANN, wissenschaftlicher Mitarbeiter der Professur f\u00fcr Didaktik der bildenden Kunst, Burg Giebichenstein Kunsthochschule Halle. Studium der Kunstp\u00e4dagogik, Geschichte und Erziehungswissenschaften an der TU Dresden. 2015 wissenschaftlicher Mitarbeiter der Professur f\u00fcr Kunst und ihre Didaktik, Universit\u00e4t zu K\u00f6ln. 2015-19 Lehrkraft f\u00fcr die F\u00e4cher Kunst und Geschichte an einem Gymnasium in Magdeburg. Arbeits- und Forschungsschwerpunkte: u. a. Zukunftsentw\u00fcrfe aktueller Kunst, Updates f\u00fcr eine gegenw\u00e4rtige Kunstp\u00e4dagogik der Zukunft, kunstp\u00e4dagogisches Handeln in einer Gegenwart der Digitalit\u00e4t.<\/p>\n\n\n\n<p>MATTHIAS LAABS (*1982), Studiendirektor f\u00fcr die F\u00e4cher Kunst und Geographie am Lyonel-Feininger-Gymnasium in Halle und Fachbetreuer f\u00fcr das Fach Kunst Bereich Sachsen-Anhalt S\u00fcd. Studium an der TU Dresden, Studienreferendar am S\u00e4chsischen Landesgymnasium f\u00fcr Musik Dresden, 2013-17 Studienrat am Luisen-Gymnasium in Hamburg, 2017-2019 Studienrat am Gymnasium Querfurt. 2016 Preistr\u00e4ger des Deutschen Lehrerpreises in der Kategorie Unterricht innovativ mit dem Projekt \u201eWas braucht dieser Ort\u201c.<\/p>\n\n\n\n\n\n<div style=\"height:100px\" aria-hidden=\"true\" class=\"wp-block-spacer\"><\/div>\n\n\n\n<p class=\"newsletter-title has-dark-gray-color has-text-color has-link-color wp-elements-3d081ee4412b4aad9057c22a505c72fb\"><a href=\"https:\/\/didaktik-der-bildenden-kuenste.de\/newsletter\/\">NEWSLETTER<\/a><br>Melden Sie sich hier zum Newsletter der Didaktik der Bildenden K\u00fcnste an.<\/p>\n\n\n\n<p class=\"has-small-font-size\"><a href=\"http:\/\/didaktik-der-bildenden-kuenste.de\/kpt2021\/wp-content\/uploads\/sites\/5\/2020\/11\/IMPRESSUM.pdf\" target=\"_blank\">IMPRESSUM<\/a><\/p>\n","protected":false},"excerpt":{"rendered":"<p>Robert Hausmann \/ Matthias Laabs Digitalit\u00e4t hat unsere Gegenwart geflutet. Digitale Technologien haben sich untrennbar mit der analogen (physischen) Welt, mit unseren K\u00f6rpern, allt\u00e4glichen Praktiken, Verhaltensweisen, mit Materialien, R\u00e4umen und Orten verbunden. Klammheimlich ver\u00e4ndern sich dabei auch Formen des Miteinanders, der Wahrnehmung, der Wissensaneignung und der Materialit\u00e4t von Dingen. Im Zentrum des Workshops stehen Erprobungen [&hellip;]<\/p>\n","protected":false},"author":1,"featured_media":0,"parent":81,"menu_order":0,"comment_status":"closed","ping_status":"closed","template":"page-templates\/full-width.php","meta":{"footnotes":""},"class_list":["post-92","page","type-page","status-publish","hentry"],"yoast_head":"<!-- This site is optimized with the Yoast SEO plugin v26.8 - https:\/\/yoast.com\/product\/yoast-seo-wordpress\/ -->\n<title>You can touch this. Material\u00fcbersetzungen zwischen analog und digital -<\/title>\n<meta name=\"robots\" content=\"index, follow, max-snippet:-1, max-image-preview:large, max-video-preview:-1\" \/>\n<link rel=\"canonical\" href=\"http:\/\/didaktik-der-bildenden-kuenste.de\/kpt2021\/abstracts\/you-can-touch-this-materialuebersetzungen-zwischen-analog-und-digital\/\" \/>\n<meta property=\"og:locale\" content=\"de_DE\" \/>\n<meta property=\"og:type\" content=\"article\" \/>\n<meta property=\"og:title\" content=\"You can touch this. Material\u00fcbersetzungen zwischen analog und digital -\" \/>\n<meta property=\"og:description\" content=\"Robert Hausmann \/ Matthias Laabs Digitalit\u00e4t hat unsere Gegenwart geflutet. Digitale Technologien haben sich untrennbar mit der analogen (physischen) Welt, mit unseren K\u00f6rpern, allt\u00e4glichen Praktiken, Verhaltensweisen, mit Materialien, R\u00e4umen und Orten verbunden. Klammheimlich ver\u00e4ndern sich dabei auch Formen des Miteinanders, der Wahrnehmung, der Wissensaneignung und der Materialit\u00e4t von Dingen. Im Zentrum des Workshops stehen Erprobungen [&hellip;]\" \/>\n<meta property=\"og:url\" content=\"http:\/\/didaktik-der-bildenden-kuenste.de\/kpt2021\/abstracts\/you-can-touch-this-materialuebersetzungen-zwischen-analog-und-digital\/\" \/>\n<meta property=\"article:modified_time\" content=\"2026-02-02T13:00:26+00:00\" \/>\n<meta property=\"og:image\" content=\"http:\/\/didaktik-der-bildenden-kuenste.de\/kpt2021\/wp-content\/uploads\/sites\/5\/2021\/10\/Hausmann_comp-1024x683.png\" \/>\n<meta name=\"twitter:card\" content=\"summary_large_image\" \/>\n<meta name=\"twitter:label1\" content=\"Gesch\u00e4tzte Lesezeit\" \/>\n\t<meta name=\"twitter:data1\" content=\"6\u00a0Minuten\" \/>\n<script type=\"application\/ld+json\" class=\"yoast-schema-graph\">{\"@context\":\"https:\/\/schema.org\",\"@graph\":[{\"@type\":\"WebPage\",\"@id\":\"http:\/\/didaktik-der-bildenden-kuenste.de\/kpt2021\/abstracts\/you-can-touch-this-materialuebersetzungen-zwischen-analog-und-digital\/\",\"url\":\"http:\/\/didaktik-der-bildenden-kuenste.de\/kpt2021\/abstracts\/you-can-touch-this-materialuebersetzungen-zwischen-analog-und-digital\/\",\"name\":\"You can touch this. Material\u00fcbersetzungen zwischen analog und digital -\",\"isPartOf\":{\"@id\":\"http:\/\/didaktik-der-bildenden-kuenste.de\/kpt2021\/#website\"},\"primaryImageOfPage\":{\"@id\":\"http:\/\/didaktik-der-bildenden-kuenste.de\/kpt2021\/abstracts\/you-can-touch-this-materialuebersetzungen-zwischen-analog-und-digital\/#primaryimage\"},\"image\":{\"@id\":\"http:\/\/didaktik-der-bildenden-kuenste.de\/kpt2021\/abstracts\/you-can-touch-this-materialuebersetzungen-zwischen-analog-und-digital\/#primaryimage\"},\"thumbnailUrl\":\"http:\/\/didaktik-der-bildenden-kuenste.de\/kpt2021\/wp-content\/uploads\/sites\/5\/2021\/10\/Hausmann_comp-1024x683.png\",\"datePublished\":\"2020-12-03T14:35:32+00:00\",\"dateModified\":\"2026-02-02T13:00:26+00:00\",\"breadcrumb\":{\"@id\":\"http:\/\/didaktik-der-bildenden-kuenste.de\/kpt2021\/abstracts\/you-can-touch-this-materialuebersetzungen-zwischen-analog-und-digital\/#breadcrumb\"},\"inLanguage\":\"de\",\"potentialAction\":[{\"@type\":\"ReadAction\",\"target\":[\"http:\/\/didaktik-der-bildenden-kuenste.de\/kpt2021\/abstracts\/you-can-touch-this-materialuebersetzungen-zwischen-analog-und-digital\/\"]}]},{\"@type\":\"ImageObject\",\"inLanguage\":\"de\",\"@id\":\"http:\/\/didaktik-der-bildenden-kuenste.de\/kpt2021\/abstracts\/you-can-touch-this-materialuebersetzungen-zwischen-analog-und-digital\/#primaryimage\",\"url\":\"http:\/\/didaktik-der-bildenden-kuenste.de\/kpt2021\/wp-content\/uploads\/sites\/5\/2021\/10\/Hausmann_comp.png\",\"contentUrl\":\"http:\/\/didaktik-der-bildenden-kuenste.de\/kpt2021\/wp-content\/uploads\/sites\/5\/2021\/10\/Hausmann_comp.png\",\"width\":2508,\"height\":1672},{\"@type\":\"BreadcrumbList\",\"@id\":\"http:\/\/didaktik-der-bildenden-kuenste.de\/kpt2021\/abstracts\/you-can-touch-this-materialuebersetzungen-zwischen-analog-und-digital\/#breadcrumb\",\"itemListElement\":[{\"@type\":\"ListItem\",\"position\":1,\"name\":\"Kunstp\u00e4dagogischer Tag\",\"item\":\"http:\/\/didaktik-der-bildenden-kuenste.de\/kpt2021\/\"},{\"@type\":\"ListItem\",\"position\":2,\"name\":\"Workshops\",\"item\":\"http:\/\/didaktik-der-bildenden-kuenste.de\/kpt2021\/abstracts\/\"},{\"@type\":\"ListItem\",\"position\":3,\"name\":\"You can touch this. Material\u00fcbersetzungen zwischen analog und digital\"}]},{\"@type\":\"WebSite\",\"@id\":\"http:\/\/didaktik-der-bildenden-kuenste.de\/kpt2021\/#website\",\"url\":\"http:\/\/didaktik-der-bildenden-kuenste.de\/kpt2021\/\",\"name\":\"\",\"description\":\"\",\"potentialAction\":[{\"@type\":\"SearchAction\",\"target\":{\"@type\":\"EntryPoint\",\"urlTemplate\":\"http:\/\/didaktik-der-bildenden-kuenste.de\/kpt2021\/?s={search_term_string}\"},\"query-input\":{\"@type\":\"PropertyValueSpecification\",\"valueRequired\":true,\"valueName\":\"search_term_string\"}}],\"inLanguage\":\"de\"}]}<\/script>\n<!-- \/ Yoast SEO plugin. -->","yoast_head_json":{"title":"You can touch this. Material\u00fcbersetzungen zwischen analog und digital -","robots":{"index":"index","follow":"follow","max-snippet":"max-snippet:-1","max-image-preview":"max-image-preview:large","max-video-preview":"max-video-preview:-1"},"canonical":"http:\/\/didaktik-der-bildenden-kuenste.de\/kpt2021\/abstracts\/you-can-touch-this-materialuebersetzungen-zwischen-analog-und-digital\/","og_locale":"de_DE","og_type":"article","og_title":"You can touch this. Material\u00fcbersetzungen zwischen analog und digital -","og_description":"Robert Hausmann \/ Matthias Laabs Digitalit\u00e4t hat unsere Gegenwart geflutet. Digitale Technologien haben sich untrennbar mit der analogen (physischen) Welt, mit unseren K\u00f6rpern, allt\u00e4glichen Praktiken, Verhaltensweisen, mit Materialien, R\u00e4umen und Orten verbunden. Klammheimlich ver\u00e4ndern sich dabei auch Formen des Miteinanders, der Wahrnehmung, der Wissensaneignung und der Materialit\u00e4t von Dingen. Im Zentrum des Workshops stehen Erprobungen [&hellip;]","og_url":"http:\/\/didaktik-der-bildenden-kuenste.de\/kpt2021\/abstracts\/you-can-touch-this-materialuebersetzungen-zwischen-analog-und-digital\/","article_modified_time":"2026-02-02T13:00:26+00:00","og_image":[{"url":"http:\/\/didaktik-der-bildenden-kuenste.de\/kpt2021\/wp-content\/uploads\/sites\/5\/2021\/10\/Hausmann_comp-1024x683.png","type":"","width":"","height":""}],"twitter_card":"summary_large_image","twitter_misc":{"Gesch\u00e4tzte Lesezeit":"6\u00a0Minuten"},"schema":{"@context":"https:\/\/schema.org","@graph":[{"@type":"WebPage","@id":"http:\/\/didaktik-der-bildenden-kuenste.de\/kpt2021\/abstracts\/you-can-touch-this-materialuebersetzungen-zwischen-analog-und-digital\/","url":"http:\/\/didaktik-der-bildenden-kuenste.de\/kpt2021\/abstracts\/you-can-touch-this-materialuebersetzungen-zwischen-analog-und-digital\/","name":"You can touch this. Material\u00fcbersetzungen zwischen analog und digital -","isPartOf":{"@id":"http:\/\/didaktik-der-bildenden-kuenste.de\/kpt2021\/#website"},"primaryImageOfPage":{"@id":"http:\/\/didaktik-der-bildenden-kuenste.de\/kpt2021\/abstracts\/you-can-touch-this-materialuebersetzungen-zwischen-analog-und-digital\/#primaryimage"},"image":{"@id":"http:\/\/didaktik-der-bildenden-kuenste.de\/kpt2021\/abstracts\/you-can-touch-this-materialuebersetzungen-zwischen-analog-und-digital\/#primaryimage"},"thumbnailUrl":"http:\/\/didaktik-der-bildenden-kuenste.de\/kpt2021\/wp-content\/uploads\/sites\/5\/2021\/10\/Hausmann_comp-1024x683.png","datePublished":"2020-12-03T14:35:32+00:00","dateModified":"2026-02-02T13:00:26+00:00","breadcrumb":{"@id":"http:\/\/didaktik-der-bildenden-kuenste.de\/kpt2021\/abstracts\/you-can-touch-this-materialuebersetzungen-zwischen-analog-und-digital\/#breadcrumb"},"inLanguage":"de","potentialAction":[{"@type":"ReadAction","target":["http:\/\/didaktik-der-bildenden-kuenste.de\/kpt2021\/abstracts\/you-can-touch-this-materialuebersetzungen-zwischen-analog-und-digital\/"]}]},{"@type":"ImageObject","inLanguage":"de","@id":"http:\/\/didaktik-der-bildenden-kuenste.de\/kpt2021\/abstracts\/you-can-touch-this-materialuebersetzungen-zwischen-analog-und-digital\/#primaryimage","url":"http:\/\/didaktik-der-bildenden-kuenste.de\/kpt2021\/wp-content\/uploads\/sites\/5\/2021\/10\/Hausmann_comp.png","contentUrl":"http:\/\/didaktik-der-bildenden-kuenste.de\/kpt2021\/wp-content\/uploads\/sites\/5\/2021\/10\/Hausmann_comp.png","width":2508,"height":1672},{"@type":"BreadcrumbList","@id":"http:\/\/didaktik-der-bildenden-kuenste.de\/kpt2021\/abstracts\/you-can-touch-this-materialuebersetzungen-zwischen-analog-und-digital\/#breadcrumb","itemListElement":[{"@type":"ListItem","position":1,"name":"Kunstp\u00e4dagogischer Tag","item":"http:\/\/didaktik-der-bildenden-kuenste.de\/kpt2021\/"},{"@type":"ListItem","position":2,"name":"Workshops","item":"http:\/\/didaktik-der-bildenden-kuenste.de\/kpt2021\/abstracts\/"},{"@type":"ListItem","position":3,"name":"You can touch this. Material\u00fcbersetzungen zwischen analog und digital"}]},{"@type":"WebSite","@id":"http:\/\/didaktik-der-bildenden-kuenste.de\/kpt2021\/#website","url":"http:\/\/didaktik-der-bildenden-kuenste.de\/kpt2021\/","name":"","description":"","potentialAction":[{"@type":"SearchAction","target":{"@type":"EntryPoint","urlTemplate":"http:\/\/didaktik-der-bildenden-kuenste.de\/kpt2021\/?s={search_term_string}"},"query-input":{"@type":"PropertyValueSpecification","valueRequired":true,"valueName":"search_term_string"}}],"inLanguage":"de"}]}},"_links":{"self":[{"href":"http:\/\/didaktik-der-bildenden-kuenste.de\/kpt2021\/wp-json\/wp\/v2\/pages\/92","targetHints":{"allow":["GET"]}}],"collection":[{"href":"http:\/\/didaktik-der-bildenden-kuenste.de\/kpt2021\/wp-json\/wp\/v2\/pages"}],"about":[{"href":"http:\/\/didaktik-der-bildenden-kuenste.de\/kpt2021\/wp-json\/wp\/v2\/types\/page"}],"author":[{"embeddable":true,"href":"http:\/\/didaktik-der-bildenden-kuenste.de\/kpt2021\/wp-json\/wp\/v2\/users\/1"}],"replies":[{"embeddable":true,"href":"http:\/\/didaktik-der-bildenden-kuenste.de\/kpt2021\/wp-json\/wp\/v2\/comments?post=92"}],"version-history":[{"count":10,"href":"http:\/\/didaktik-der-bildenden-kuenste.de\/kpt2021\/wp-json\/wp\/v2\/pages\/92\/revisions"}],"predecessor-version":[{"id":813,"href":"http:\/\/didaktik-der-bildenden-kuenste.de\/kpt2021\/wp-json\/wp\/v2\/pages\/92\/revisions\/813"}],"up":[{"embeddable":true,"href":"http:\/\/didaktik-der-bildenden-kuenste.de\/kpt2021\/wp-json\/wp\/v2\/pages\/81"}],"wp:attachment":[{"href":"http:\/\/didaktik-der-bildenden-kuenste.de\/kpt2021\/wp-json\/wp\/v2\/media?parent=92"}],"curies":[{"name":"wp","href":"https:\/\/api.w.org\/{rel}","templated":true}]}}