{"id":98,"date":"2020-12-03T15:59:07","date_gmt":"2020-12-03T14:59:07","guid":{"rendered":"http:\/\/didaktik-der-bildenden-kuenste.de\/kpt2021\/?page_id=98"},"modified":"2026-02-02T13:53:30","modified_gmt":"2026-02-02T12:53:30","slug":"vortraege","status":"publish","type":"page","link":"http:\/\/didaktik-der-bildenden-kuenste.de\/kpt2021\/vortraege\/","title":{"rendered":"Vortr\u00e4ge"},"content":{"rendered":"\n<div class=\"wp-block-group breadcrumb-row is-layout-flex wp-block-group-is-layout-flex\">\n<p><a href=\"https:\/\/didaktik-der-bildenden-kuenste.de\/\">Didaktik der Bildenden K\u00fcnste<\/a> ><\/p>\n\n\n<div class=\"yoast-breadcrumbs\"><span><span><a href=\"http:\/\/didaktik-der-bildenden-kuenste.de\/kpt2021\/\">Kunstp\u00e4dagogischer Tag<\/a><\/span> &gt; <span class=\"breadcrumb_last\" aria-current=\"page\">Vortr\u00e4ge<\/span><\/span><\/div><\/div>\n\n\n\n<div style=\"height:100px\" aria-hidden=\"true\" class=\"wp-block-spacer\"><\/div>\n\n\n\n<p><strong><a href=\"http:\/\/didaktik-der-bildenden-kuenste.de\/kpt2021\/vortraege\/taste-und-tasten\/\">Taste und Tasten<\/a><\/strong><br>Sara Horn\u00e4k<\/p>\n\n\n\n<p><strong><a href=\"http:\/\/didaktik-der-bildenden-kuenste.de\/kpt2021\/vortraege\/wie-frei-ist-die-smartness-zur-bedeutung-der-kulturellen-dimension-von-digitalitaet\/\">Wie frei ist die Smartness? Zur Bedeutung der kulturellen Dimension von Digitalit\u00e4t<\/a><\/strong><br>Frank Jebe<\/p>\n\n\n\n<p><strong><a href=\"http:\/\/didaktik-der-bildenden-kuenste.de\/kpt2021\/vortraege\/dies-ist-mein-stein-experiment-narration-und-digitale-transformation-im-kontext-einer-materialbildung\/\">\u201eDies ist mein Stein.\u201c Experiment, Narration und digitale Transformation im Kontext einer Materialbildung<\/a><\/strong><br>Sara Burkhardt<\/p>\n\n\n\n<p><strong>Zur\u00fcck in die Zukunft. Kunstp\u00e4dagogik im Feld k\u00fcnstlerischer, sozialer und digitaler Entwicklungen<\/strong><br>Susanne Henning<\/p>\n\n\n\n\n\n<div style=\"height:100px\" aria-hidden=\"true\" class=\"wp-block-spacer\"><\/div>\n\n\n\n<p class=\"newsletter-title has-dark-gray-color has-text-color has-link-color wp-elements-3d081ee4412b4aad9057c22a505c72fb\"><a href=\"https:\/\/didaktik-der-bildenden-kuenste.de\/newsletter\/\">NEWSLETTER<\/a><br>Melden Sie sich hier zum Newsletter der Didaktik der Bildenden K\u00fcnste an.<\/p>\n\n\n\n<p class=\"has-small-font-size\"><a href=\"http:\/\/didaktik-der-bildenden-kuenste.de\/kpt2021\/wp-content\/uploads\/sites\/5\/2020\/11\/IMPRESSUM.pdf\" target=\"_blank\">IMPRESSUM<\/a><\/p>\n","protected":false},"excerpt":{"rendered":"<p>Taste und TastenSara Horn\u00e4k Wie frei ist die Smartness? Zur Bedeutung der kulturellen Dimension von Digitalit\u00e4tFrank Jebe \u201eDies ist mein Stein.\u201c Experiment, Narration und digitale Transformation im Kontext einer MaterialbildungSara Burkhardt Zur\u00fcck in die Zukunft. Kunstp\u00e4dagogik im Feld k\u00fcnstlerischer, sozialer und digitaler EntwicklungenSusanne Henning<\/p>\n","protected":false},"author":1,"featured_media":0,"parent":0,"menu_order":0,"comment_status":"closed","ping_status":"closed","template":"page-templates\/full-width.php","meta":{"footnotes":""},"class_list":["post-98","page","type-page","status-publish","hentry"],"yoast_head":"<!-- This site is optimized with the Yoast SEO plugin v26.8 - https:\/\/yoast.com\/product\/yoast-seo-wordpress\/ -->\n<title>Vortr\u00e4ge -<\/title>\n<meta name=\"robots\" content=\"index, follow, max-snippet:-1, max-image-preview:large, max-video-preview:-1\" \/>\n<link rel=\"canonical\" href=\"https:\/\/didaktik-der-bildenden-kuenste.de\/kpt2021\/vortraege\/\" \/>\n<meta property=\"og:locale\" content=\"de_DE\" \/>\n<meta property=\"og:type\" content=\"article\" \/>\n<meta property=\"og:title\" content=\"Vortr\u00e4ge -\" \/>\n<meta property=\"og:description\" content=\"Taste und TastenSara Horn\u00e4k Wie frei ist die Smartness? Zur Bedeutung der kulturellen Dimension von Digitalit\u00e4tFrank Jebe \u201eDies ist mein Stein.\u201c Experiment, Narration und digitale Transformation im Kontext einer MaterialbildungSara Burkhardt Zur\u00fcck in die Zukunft. Kunstp\u00e4dagogik im Feld k\u00fcnstlerischer, sozialer und digitaler EntwicklungenSusanne Henning\" \/>\n<meta property=\"og:url\" content=\"https:\/\/didaktik-der-bildenden-kuenste.de\/kpt2021\/vortraege\/\" \/>\n<meta property=\"article:modified_time\" content=\"2026-02-02T12:53:30+00:00\" \/>\n<meta name=\"twitter:card\" content=\"summary_large_image\" \/>\n<meta name=\"twitter:label1\" content=\"Gesch\u00e4tzte Lesezeit\" \/>\n\t<meta name=\"twitter:data1\" content=\"1\u00a0Minute\" \/>\n<script type=\"application\/ld+json\" class=\"yoast-schema-graph\">{\"@context\":\"https:\/\/schema.org\",\"@graph\":[{\"@type\":\"WebPage\",\"@id\":\"https:\/\/didaktik-der-bildenden-kuenste.de\/kpt2021\/vortraege\/\",\"url\":\"https:\/\/didaktik-der-bildenden-kuenste.de\/kpt2021\/vortraege\/\",\"name\":\"Vortr\u00e4ge -\",\"isPartOf\":{\"@id\":\"http:\/\/didaktik-der-bildenden-kuenste.de\/kpt2021\/#website\"},\"datePublished\":\"2020-12-03T14:59:07+00:00\",\"dateModified\":\"2026-02-02T12:53:30+00:00\",\"breadcrumb\":{\"@id\":\"https:\/\/didaktik-der-bildenden-kuenste.de\/kpt2021\/vortraege\/#breadcrumb\"},\"inLanguage\":\"de\",\"potentialAction\":[{\"@type\":\"ReadAction\",\"target\":[\"https:\/\/didaktik-der-bildenden-kuenste.de\/kpt2021\/vortraege\/\"]}]},{\"@type\":\"BreadcrumbList\",\"@id\":\"https:\/\/didaktik-der-bildenden-kuenste.de\/kpt2021\/vortraege\/#breadcrumb\",\"itemListElement\":[{\"@type\":\"ListItem\",\"position\":1,\"name\":\"Kunstp\u00e4dagogischer Tag\",\"item\":\"http:\/\/didaktik-der-bildenden-kuenste.de\/kpt2021\/\"},{\"@type\":\"ListItem\",\"position\":2,\"name\":\"Vortr\u00e4ge\"}]},{\"@type\":\"WebSite\",\"@id\":\"http:\/\/didaktik-der-bildenden-kuenste.de\/kpt2021\/#website\",\"url\":\"http:\/\/didaktik-der-bildenden-kuenste.de\/kpt2021\/\",\"name\":\"\",\"description\":\"\",\"potentialAction\":[{\"@type\":\"SearchAction\",\"target\":{\"@type\":\"EntryPoint\",\"urlTemplate\":\"http:\/\/didaktik-der-bildenden-kuenste.de\/kpt2021\/?s={search_term_string}\"},\"query-input\":{\"@type\":\"PropertyValueSpecification\",\"valueRequired\":true,\"valueName\":\"search_term_string\"}}],\"inLanguage\":\"de\"}]}<\/script>\n<!-- \/ Yoast SEO plugin. -->","yoast_head_json":{"title":"Vortr\u00e4ge -","robots":{"index":"index","follow":"follow","max-snippet":"max-snippet:-1","max-image-preview":"max-image-preview:large","max-video-preview":"max-video-preview:-1"},"canonical":"https:\/\/didaktik-der-bildenden-kuenste.de\/kpt2021\/vortraege\/","og_locale":"de_DE","og_type":"article","og_title":"Vortr\u00e4ge -","og_description":"Taste und TastenSara Horn\u00e4k Wie frei ist die Smartness? Zur Bedeutung der kulturellen Dimension von Digitalit\u00e4tFrank Jebe \u201eDies ist mein Stein.\u201c Experiment, Narration und digitale Transformation im Kontext einer MaterialbildungSara Burkhardt Zur\u00fcck in die Zukunft. Kunstp\u00e4dagogik im Feld k\u00fcnstlerischer, sozialer und digitaler EntwicklungenSusanne Henning","og_url":"https:\/\/didaktik-der-bildenden-kuenste.de\/kpt2021\/vortraege\/","article_modified_time":"2026-02-02T12:53:30+00:00","twitter_card":"summary_large_image","twitter_misc":{"Gesch\u00e4tzte Lesezeit":"1\u00a0Minute"},"schema":{"@context":"https:\/\/schema.org","@graph":[{"@type":"WebPage","@id":"https:\/\/didaktik-der-bildenden-kuenste.de\/kpt2021\/vortraege\/","url":"https:\/\/didaktik-der-bildenden-kuenste.de\/kpt2021\/vortraege\/","name":"Vortr\u00e4ge -","isPartOf":{"@id":"http:\/\/didaktik-der-bildenden-kuenste.de\/kpt2021\/#website"},"datePublished":"2020-12-03T14:59:07+00:00","dateModified":"2026-02-02T12:53:30+00:00","breadcrumb":{"@id":"https:\/\/didaktik-der-bildenden-kuenste.de\/kpt2021\/vortraege\/#breadcrumb"},"inLanguage":"de","potentialAction":[{"@type":"ReadAction","target":["https:\/\/didaktik-der-bildenden-kuenste.de\/kpt2021\/vortraege\/"]}]},{"@type":"BreadcrumbList","@id":"https:\/\/didaktik-der-bildenden-kuenste.de\/kpt2021\/vortraege\/#breadcrumb","itemListElement":[{"@type":"ListItem","position":1,"name":"Kunstp\u00e4dagogischer Tag","item":"http:\/\/didaktik-der-bildenden-kuenste.de\/kpt2021\/"},{"@type":"ListItem","position":2,"name":"Vortr\u00e4ge"}]},{"@type":"WebSite","@id":"http:\/\/didaktik-der-bildenden-kuenste.de\/kpt2021\/#website","url":"http:\/\/didaktik-der-bildenden-kuenste.de\/kpt2021\/","name":"","description":"","potentialAction":[{"@type":"SearchAction","target":{"@type":"EntryPoint","urlTemplate":"http:\/\/didaktik-der-bildenden-kuenste.de\/kpt2021\/?s={search_term_string}"},"query-input":{"@type":"PropertyValueSpecification","valueRequired":true,"valueName":"search_term_string"}}],"inLanguage":"de"}]}},"_links":{"self":[{"href":"http:\/\/didaktik-der-bildenden-kuenste.de\/kpt2021\/wp-json\/wp\/v2\/pages\/98","targetHints":{"allow":["GET"]}}],"collection":[{"href":"http:\/\/didaktik-der-bildenden-kuenste.de\/kpt2021\/wp-json\/wp\/v2\/pages"}],"about":[{"href":"http:\/\/didaktik-der-bildenden-kuenste.de\/kpt2021\/wp-json\/wp\/v2\/types\/page"}],"author":[{"embeddable":true,"href":"http:\/\/didaktik-der-bildenden-kuenste.de\/kpt2021\/wp-json\/wp\/v2\/users\/1"}],"replies":[{"embeddable":true,"href":"http:\/\/didaktik-der-bildenden-kuenste.de\/kpt2021\/wp-json\/wp\/v2\/comments?post=98"}],"version-history":[{"count":12,"href":"http:\/\/didaktik-der-bildenden-kuenste.de\/kpt2021\/wp-json\/wp\/v2\/pages\/98\/revisions"}],"predecessor-version":[{"id":799,"href":"http:\/\/didaktik-der-bildenden-kuenste.de\/kpt2021\/wp-json\/wp\/v2\/pages\/98\/revisions\/799"}],"wp:attachment":[{"href":"http:\/\/didaktik-der-bildenden-kuenste.de\/kpt2021\/wp-json\/wp\/v2\/media?parent=98"}],"curies":[{"name":"wp","href":"https:\/\/api.w.org\/{rel}","templated":true}]}}