{"id":199,"date":"2023-09-26T13:46:55","date_gmt":"2023-09-26T11:46:55","guid":{"rendered":"http:\/\/didaktik-der-bildenden-kuenste.de\/ortekuenstlerischerbildungsprozesse\/?page_id=199"},"modified":"2026-01-21T09:23:56","modified_gmt":"2026-01-21T08:23:56","slug":"gesa-krebber","status":"publish","type":"page","link":"http:\/\/didaktik-der-bildenden-kuenste.de\/ortekuenstlerischerbildungsprozesse\/vortraege\/gesa-krebber\/","title":{"rendered":"artistic habitats"},"content":{"rendered":"\n<p style=\"font-size:clamp(14px, 0.875rem + ((1vw - 3.2px) * 0.408), 18px);\">artistic habitats &#8211; Kunstakademie als Gemeinschaft<br>Gesa Krebber<\/p>\n\n\n\n<p>Kunstlehrer*innenbildung braucht einen agilen Lebensraum enger Relationen von Kunst, Kunstvermittlung und Kunstdidaktik. Um diesen zu verwirklichen m\u00fcssen Verbindungen und Interaktionen sichtbar gemacht werden, die sich weniger in sprachlichen Diskursen, als vielmehr in k\u00f6rperlichen und performativen Handlungen manifestieren. Inspiriert von Haraways Konzept der Beziehungen m\u00f6chte ich Verbindungen und unterschiedliche Wege, Interaktionen und Formate von Zusammenarbeit und Beziehungen an Kunsthochschulen in den Blick nehmen. Hierf\u00fcr aktiviere ich den Begriff des Habitats, der die k\u00fcnstlerische Bildung als etwas begreift, das in einem komplexen Lebensraum mit einem immer dynamischen Austausch von Ideen und Erfahrungen stattfindet. Der Begriff hilft bei der Bewusstmachung sublimierter, sedimentierter Beziehungsmuster und dem Erkennen von m\u00f6glichen und w\u00fcnschenswerten Interaktionen. Ein solcher Blick bietet an, festgefahrene Strukturen von Hierarchien zu verlassen und die Kunstakademie als ein lebendiges \u00d6kosystem&nbsp;zu begreifen, in dem Kreativit\u00e4t und Bildung durch sich entwickelnde, miteinander verbundene Beziehungen zwischen ihren vielf\u00e4ltigen Akteur*innen gedeihen.<\/p>\n\n\n\n<p>GESA KREBBER, Dr. phil; seit 2022 Professorin f\u00fcr Kunstdidaktik und \u00c4sthetische Bildung an der Kunstakademie M\u00fcnster. Von&nbsp;2017-2022 Studienr\u00e4tin im Hochschuldienst am Institut f\u00fcr Kunst und Kunsttheorie, Humanwissenschaftlichen Fakult\u00e4t\/Universit\u00e4t zu K\u00f6ln;&nbsp;Arbeitsschwerpunkte: Forschendes Lernen im Kontext der Kunstdidaktik; Praxissemester Kunst; Hochschule als Community;&nbsp;Forschungsschwerpunkte: Kollaborative Praktiken in Kunst und Kunstp\u00e4dagogik, Kunstp\u00e4dagogik in Vernetzung, Collaborative Learning Spaces in digitaler Kultur, Zusammenarbeit von Hochschule und Schule.&nbsp;Publikationen u.a. im transcript Verlag und kopaed Verlag.&nbsp;<\/p>\n\n\n\n<p>Kontakt:&nbsp;<a rel=\"noreferrer noopener\" href=\"mailto:krebber@kunstakademie-muenster.de\" target=\"_blank\">krebber@kunstakademie-muenster.de<\/a><\/p>\n","protected":false},"excerpt":{"rendered":"<p>artistic habitats &#8211; Kunstakademie als GemeinschaftGesa Krebber Kunstlehrer*innenbildung braucht einen agilen Lebensraum enger Relationen von Kunst, Kunstvermittlung und Kunstdidaktik. Um diesen zu verwirklichen m\u00fcssen Verbindungen und Interaktionen sichtbar gemacht werden, die sich weniger in sprachlichen Diskursen, als vielmehr in k\u00f6rperlichen und performativen Handlungen manifestieren. Inspiriert von Haraways Konzept der Beziehungen m\u00f6chte ich Verbindungen und unterschiedliche [&hellip;]<\/p>\n","protected":false},"author":12,"featured_media":0,"parent":12,"menu_order":0,"comment_status":"closed","ping_status":"closed","template":"seite-ohne-titel","meta":{"footnotes":""},"class_list":["post-199","page","type-page","status-publish","hentry"],"yoast_head":"<!-- This site is optimized with the Yoast SEO plugin v26.8 - https:\/\/yoast.com\/product\/yoast-seo-wordpress\/ -->\n<title>artistic habitats - Orte k\u00fcnstlerischer Bildungsprozesse<\/title>\n<meta name=\"robots\" content=\"index, follow, max-snippet:-1, max-image-preview:large, max-video-preview:-1\" \/>\n<link rel=\"canonical\" href=\"http:\/\/didaktik-der-bildenden-kuenste.de\/ortekuenstlerischerbildungsprozesse\/vortraege\/gesa-krebber\/\" \/>\n<meta property=\"og:locale\" content=\"de_DE\" \/>\n<meta property=\"og:type\" content=\"article\" \/>\n<meta property=\"og:title\" content=\"artistic habitats - Orte k\u00fcnstlerischer Bildungsprozesse\" \/>\n<meta property=\"og:description\" content=\"artistic habitats &#8211; Kunstakademie als GemeinschaftGesa Krebber Kunstlehrer*innenbildung braucht einen agilen Lebensraum enger Relationen von Kunst, Kunstvermittlung und Kunstdidaktik. Um diesen zu verwirklichen m\u00fcssen Verbindungen und Interaktionen sichtbar gemacht werden, die sich weniger in sprachlichen Diskursen, als vielmehr in k\u00f6rperlichen und performativen Handlungen manifestieren. Inspiriert von Haraways Konzept der Beziehungen m\u00f6chte ich Verbindungen und unterschiedliche [&hellip;]\" \/>\n<meta property=\"og:url\" content=\"http:\/\/didaktik-der-bildenden-kuenste.de\/ortekuenstlerischerbildungsprozesse\/vortraege\/gesa-krebber\/\" \/>\n<meta property=\"og:site_name\" content=\"Orte k\u00fcnstlerischer Bildungsprozesse\" \/>\n<meta property=\"article:modified_time\" content=\"2026-01-21T08:23:56+00:00\" \/>\n<meta name=\"twitter:card\" content=\"summary_large_image\" \/>\n<meta name=\"twitter:label1\" content=\"Gesch\u00e4tzte Lesezeit\" \/>\n\t<meta name=\"twitter:data1\" content=\"1\u00a0Minute\" \/>\n<script type=\"application\/ld+json\" class=\"yoast-schema-graph\">{\"@context\":\"https:\/\/schema.org\",\"@graph\":[{\"@type\":\"WebPage\",\"@id\":\"http:\/\/didaktik-der-bildenden-kuenste.de\/ortekuenstlerischerbildungsprozesse\/vortraege\/gesa-krebber\/\",\"url\":\"http:\/\/didaktik-der-bildenden-kuenste.de\/ortekuenstlerischerbildungsprozesse\/vortraege\/gesa-krebber\/\",\"name\":\"artistic habitats - Orte k\u00fcnstlerischer Bildungsprozesse\",\"isPartOf\":{\"@id\":\"https:\/\/didaktik-der-bildenden-kuenste.de\/ortekuenstlerischerbildungsprozesse\/#website\"},\"datePublished\":\"2023-09-26T11:46:55+00:00\",\"dateModified\":\"2026-01-21T08:23:56+00:00\",\"breadcrumb\":{\"@id\":\"http:\/\/didaktik-der-bildenden-kuenste.de\/ortekuenstlerischerbildungsprozesse\/vortraege\/gesa-krebber\/#breadcrumb\"},\"inLanguage\":\"de\",\"potentialAction\":[{\"@type\":\"ReadAction\",\"target\":[\"http:\/\/didaktik-der-bildenden-kuenste.de\/ortekuenstlerischerbildungsprozesse\/vortraege\/gesa-krebber\/\"]}]},{\"@type\":\"BreadcrumbList\",\"@id\":\"http:\/\/didaktik-der-bildenden-kuenste.de\/ortekuenstlerischerbildungsprozesse\/vortraege\/gesa-krebber\/#breadcrumb\",\"itemListElement\":[{\"@type\":\"ListItem\",\"position\":1,\"name\":\"Orte K\u00fcnstlerischer Bildungsprozesse\",\"item\":\"https:\/\/didaktik-der-bildenden-kuenste.de\/ortekuenstlerischerbildungsprozesse\/\"},{\"@type\":\"ListItem\",\"position\":2,\"name\":\"Vortr\u00e4ge\",\"item\":\"http:\/\/didaktik-der-bildenden-kuenste.de\/ortekuenstlerischerbildungsprozesse\/vortraege\/\"},{\"@type\":\"ListItem\",\"position\":3,\"name\":\"artistic habitats\"}]},{\"@type\":\"WebSite\",\"@id\":\"https:\/\/didaktik-der-bildenden-kuenste.de\/ortekuenstlerischerbildungsprozesse\/#website\",\"url\":\"https:\/\/didaktik-der-bildenden-kuenste.de\/ortekuenstlerischerbildungsprozesse\/\",\"name\":\"Orte k\u00fcnstlerischer Bildungsprozesse\",\"description\":\"Kunstp\u00e4dagogische Praxen an Kunstakademien\",\"potentialAction\":[{\"@type\":\"SearchAction\",\"target\":{\"@type\":\"EntryPoint\",\"urlTemplate\":\"https:\/\/didaktik-der-bildenden-kuenste.de\/ortekuenstlerischerbildungsprozesse\/?s={search_term_string}\"},\"query-input\":{\"@type\":\"PropertyValueSpecification\",\"valueRequired\":true,\"valueName\":\"search_term_string\"}}],\"inLanguage\":\"de\"}]}<\/script>\n<!-- \/ Yoast SEO plugin. -->","yoast_head_json":{"title":"artistic habitats - Orte k\u00fcnstlerischer Bildungsprozesse","robots":{"index":"index","follow":"follow","max-snippet":"max-snippet:-1","max-image-preview":"max-image-preview:large","max-video-preview":"max-video-preview:-1"},"canonical":"http:\/\/didaktik-der-bildenden-kuenste.de\/ortekuenstlerischerbildungsprozesse\/vortraege\/gesa-krebber\/","og_locale":"de_DE","og_type":"article","og_title":"artistic habitats - Orte k\u00fcnstlerischer Bildungsprozesse","og_description":"artistic habitats &#8211; Kunstakademie als GemeinschaftGesa Krebber Kunstlehrer*innenbildung braucht einen agilen Lebensraum enger Relationen von Kunst, Kunstvermittlung und Kunstdidaktik. Um diesen zu verwirklichen m\u00fcssen Verbindungen und Interaktionen sichtbar gemacht werden, die sich weniger in sprachlichen Diskursen, als vielmehr in k\u00f6rperlichen und performativen Handlungen manifestieren. Inspiriert von Haraways Konzept der Beziehungen m\u00f6chte ich Verbindungen und unterschiedliche [&hellip;]","og_url":"http:\/\/didaktik-der-bildenden-kuenste.de\/ortekuenstlerischerbildungsprozesse\/vortraege\/gesa-krebber\/","og_site_name":"Orte k\u00fcnstlerischer Bildungsprozesse","article_modified_time":"2026-01-21T08:23:56+00:00","twitter_card":"summary_large_image","twitter_misc":{"Gesch\u00e4tzte Lesezeit":"1\u00a0Minute"},"schema":{"@context":"https:\/\/schema.org","@graph":[{"@type":"WebPage","@id":"http:\/\/didaktik-der-bildenden-kuenste.de\/ortekuenstlerischerbildungsprozesse\/vortraege\/gesa-krebber\/","url":"http:\/\/didaktik-der-bildenden-kuenste.de\/ortekuenstlerischerbildungsprozesse\/vortraege\/gesa-krebber\/","name":"artistic habitats - Orte k\u00fcnstlerischer Bildungsprozesse","isPartOf":{"@id":"https:\/\/didaktik-der-bildenden-kuenste.de\/ortekuenstlerischerbildungsprozesse\/#website"},"datePublished":"2023-09-26T11:46:55+00:00","dateModified":"2026-01-21T08:23:56+00:00","breadcrumb":{"@id":"http:\/\/didaktik-der-bildenden-kuenste.de\/ortekuenstlerischerbildungsprozesse\/vortraege\/gesa-krebber\/#breadcrumb"},"inLanguage":"de","potentialAction":[{"@type":"ReadAction","target":["http:\/\/didaktik-der-bildenden-kuenste.de\/ortekuenstlerischerbildungsprozesse\/vortraege\/gesa-krebber\/"]}]},{"@type":"BreadcrumbList","@id":"http:\/\/didaktik-der-bildenden-kuenste.de\/ortekuenstlerischerbildungsprozesse\/vortraege\/gesa-krebber\/#breadcrumb","itemListElement":[{"@type":"ListItem","position":1,"name":"Orte K\u00fcnstlerischer Bildungsprozesse","item":"https:\/\/didaktik-der-bildenden-kuenste.de\/ortekuenstlerischerbildungsprozesse\/"},{"@type":"ListItem","position":2,"name":"Vortr\u00e4ge","item":"http:\/\/didaktik-der-bildenden-kuenste.de\/ortekuenstlerischerbildungsprozesse\/vortraege\/"},{"@type":"ListItem","position":3,"name":"artistic habitats"}]},{"@type":"WebSite","@id":"https:\/\/didaktik-der-bildenden-kuenste.de\/ortekuenstlerischerbildungsprozesse\/#website","url":"https:\/\/didaktik-der-bildenden-kuenste.de\/ortekuenstlerischerbildungsprozesse\/","name":"Orte k\u00fcnstlerischer Bildungsprozesse","description":"Kunstp\u00e4dagogische Praxen an Kunstakademien","potentialAction":[{"@type":"SearchAction","target":{"@type":"EntryPoint","urlTemplate":"https:\/\/didaktik-der-bildenden-kuenste.de\/ortekuenstlerischerbildungsprozesse\/?s={search_term_string}"},"query-input":{"@type":"PropertyValueSpecification","valueRequired":true,"valueName":"search_term_string"}}],"inLanguage":"de"}]}},"_links":{"self":[{"href":"http:\/\/didaktik-der-bildenden-kuenste.de\/ortekuenstlerischerbildungsprozesse\/wp-json\/wp\/v2\/pages\/199","targetHints":{"allow":["GET"]}}],"collection":[{"href":"http:\/\/didaktik-der-bildenden-kuenste.de\/ortekuenstlerischerbildungsprozesse\/wp-json\/wp\/v2\/pages"}],"about":[{"href":"http:\/\/didaktik-der-bildenden-kuenste.de\/ortekuenstlerischerbildungsprozesse\/wp-json\/wp\/v2\/types\/page"}],"author":[{"embeddable":true,"href":"http:\/\/didaktik-der-bildenden-kuenste.de\/ortekuenstlerischerbildungsprozesse\/wp-json\/wp\/v2\/users\/12"}],"replies":[{"embeddable":true,"href":"http:\/\/didaktik-der-bildenden-kuenste.de\/ortekuenstlerischerbildungsprozesse\/wp-json\/wp\/v2\/comments?post=199"}],"version-history":[{"count":8,"href":"http:\/\/didaktik-der-bildenden-kuenste.de\/ortekuenstlerischerbildungsprozesse\/wp-json\/wp\/v2\/pages\/199\/revisions"}],"predecessor-version":[{"id":482,"href":"http:\/\/didaktik-der-bildenden-kuenste.de\/ortekuenstlerischerbildungsprozesse\/wp-json\/wp\/v2\/pages\/199\/revisions\/482"}],"up":[{"embeddable":true,"href":"http:\/\/didaktik-der-bildenden-kuenste.de\/ortekuenstlerischerbildungsprozesse\/wp-json\/wp\/v2\/pages\/12"}],"wp:attachment":[{"href":"http:\/\/didaktik-der-bildenden-kuenste.de\/ortekuenstlerischerbildungsprozesse\/wp-json\/wp\/v2\/media?parent=199"}],"curies":[{"name":"wp","href":"https:\/\/api.w.org\/{rel}","templated":true}]}}