{"id":206,"date":"2023-09-26T13:59:03","date_gmt":"2023-09-26T11:59:03","guid":{"rendered":"http:\/\/didaktik-der-bildenden-kuenste.de\/ortekuenstlerischerbildungsprozesse\/?page_id=206"},"modified":"2026-01-21T09:27:01","modified_gmt":"2026-01-21T08:27:01","slug":"sara-burkhardt","status":"publish","type":"page","link":"http:\/\/didaktik-der-bildenden-kuenste.de\/ortekuenstlerischerbildungsprozesse\/vortraege\/sara-burkhardt\/","title":{"rendered":"\u201eIch bin Kunstp\u00e4dagog*in.\u201c"},"content":{"rendered":"\n<p class=\"has-dm-sans-font-family\" style=\"font-size:clamp(14px, 0.875rem + ((1vw - 3.2px) * 0.408), 18px);\">&#8222;Ich bin Kunstp\u00e4dagog*in.&#8220; Arbeit am Selbstbild und -verst\u00e4ndnis<br>Sara Burkhardt<\/p>\n\n\n\n<figure class=\"wp-block-image size-large wp-duotone-unset-1\"><img loading=\"lazy\" decoding=\"async\" width=\"1024\" height=\"679\" src=\"http:\/\/didaktik-der-bildenden-kuenste.de\/ortekuenstlerischerbildungsprozesse\/wp-content\/uploads\/sites\/15\/2024\/01\/IMG_8124-1024x679.jpg\" alt=\"\" class=\"wp-image-352\" srcset=\"http:\/\/didaktik-der-bildenden-kuenste.de\/ortekuenstlerischerbildungsprozesse\/wp-content\/uploads\/sites\/15\/2024\/01\/IMG_8124-1024x679.jpg 1024w, http:\/\/didaktik-der-bildenden-kuenste.de\/ortekuenstlerischerbildungsprozesse\/wp-content\/uploads\/sites\/15\/2024\/01\/IMG_8124-300x199.jpg 300w, http:\/\/didaktik-der-bildenden-kuenste.de\/ortekuenstlerischerbildungsprozesse\/wp-content\/uploads\/sites\/15\/2024\/01\/IMG_8124-768x509.jpg 768w, http:\/\/didaktik-der-bildenden-kuenste.de\/ortekuenstlerischerbildungsprozesse\/wp-content\/uploads\/sites\/15\/2024\/01\/IMG_8124-1536x1018.jpg 1536w, http:\/\/didaktik-der-bildenden-kuenste.de\/ortekuenstlerischerbildungsprozesse\/wp-content\/uploads\/sites\/15\/2024\/01\/IMG_8124-2048x1357.jpg 2048w\" sizes=\"auto, (max-width: 1024px) 100vw, 1024px\" \/><\/figure>\n\n\n\n<p style=\"font-size:14px\">Drei erste Bilder, schnell zusammengesucht, zur Beschreibung einer Profession: Eine Baustelle, ein Fragezeichen, ein Netzwerk. Mein erster kunstp\u00e4dagogischer Vortrag 2003 mit dem Titel \u201eHaltung bewahren\u201c \u2014 wie liest er sich 20 Jahre sp\u00e4ter? Zum Jubil\u00e4um der BURG werde ich gefragt: Welches Verb beschreibt deine Professur? Immer wieder wundere ich mich \u00fcber den Gebrauch des Begriffs \u201edidaktisch\u201c an der Kunsthochschule. So beginnt eine Suche.<br>Welche Bilder von Kunstlehrer*innen finden sich in Filmen und im Netz? Welche Vorstellungen haben andere Menschen, welche haben wir? Was bedeutet es, Kunstlehrer*in zu werden, zu sein? Was sollten Kunstp\u00e4dagog*innen k\u00f6nnen? Welcher Kenntnisse bedarf es, welcher Haltung? Und wie verorten sich Studierende?<br>Im Vortrag stecke ich anhand von Bildern und Texten dieses sehr weite Feld ab, umrei\u00dfe, was ein Selbstbild, ein Selbstverst\u00e4ndnis als Kunstp\u00e4dagog*in umfassen k\u00f6nnte. Anhand von Beispielen aus kunstp\u00e4dagogischer Lehre, Aussagen von Studierenden und eigenen \u00dcberlegungen wird das Spannungsverh\u00e4ltnis von Kunst und P\u00e4dagogik im Kontext (m)einer Kunsthochschule n\u00e4her betrachtet.&nbsp;<\/p>\n\n\n\n<p style=\"font-size:14px\">SARA BURKHARDT, Dr. phil., Professorin f\u00fcr Kunstp\u00e4dagogik und Kunstdidaktik an der Burg Giebichenstein Kunsthochschule Halle (BURG). Arbeitsschwerpunkte: Materialit\u00e4t und Digitalit\u00e4t im kunstp\u00e4dagogischen Kontext, Materialbildung und objektorientierte Lernsettings, Vermittlung in und mit Sammlungen und Archiven, Kunstp\u00e4dagogik und \u00f6kologische Fragestellungen, \u00f6ffentlicher Raum als Handlungsfeld von Kunst, exploratives Handeln und forschendes Lernen.&nbsp;<\/p>\n","protected":false},"excerpt":{"rendered":"<p>&#8222;Ich bin Kunstp\u00e4dagog*in.&#8220; Arbeit am Selbstbild und -verst\u00e4ndnisSara Burkhardt Drei erste Bilder, schnell zusammengesucht, zur Beschreibung einer Profession: Eine Baustelle, ein Fragezeichen, ein Netzwerk. Mein erster kunstp\u00e4dagogischer Vortrag 2003 mit dem Titel \u201eHaltung bewahren\u201c \u2014 wie liest er sich 20 Jahre sp\u00e4ter? Zum Jubil\u00e4um der BURG werde ich gefragt: Welches Verb beschreibt deine Professur? Immer [&hellip;]<\/p>\n","protected":false},"author":12,"featured_media":0,"parent":12,"menu_order":0,"comment_status":"closed","ping_status":"closed","template":"seite-ohne-titel","meta":{"footnotes":""},"class_list":["post-206","page","type-page","status-publish","hentry"],"yoast_head":"<!-- This site is optimized with the Yoast SEO plugin v26.8 - https:\/\/yoast.com\/product\/yoast-seo-wordpress\/ -->\n<title>\u201eIch bin Kunstp\u00e4dagog*in.\u201c - Orte k\u00fcnstlerischer Bildungsprozesse<\/title>\n<meta name=\"robots\" content=\"index, follow, max-snippet:-1, max-image-preview:large, max-video-preview:-1\" \/>\n<link rel=\"canonical\" href=\"http:\/\/didaktik-der-bildenden-kuenste.de\/ortekuenstlerischerbildungsprozesse\/vortraege\/sara-burkhardt\/\" \/>\n<meta property=\"og:locale\" content=\"de_DE\" \/>\n<meta property=\"og:type\" content=\"article\" \/>\n<meta property=\"og:title\" content=\"\u201eIch bin Kunstp\u00e4dagog*in.\u201c - Orte k\u00fcnstlerischer Bildungsprozesse\" \/>\n<meta property=\"og:description\" content=\"&#8222;Ich bin Kunstp\u00e4dagog*in.&#8220; Arbeit am Selbstbild und -verst\u00e4ndnisSara Burkhardt Drei erste Bilder, schnell zusammengesucht, zur Beschreibung einer Profession: Eine Baustelle, ein Fragezeichen, ein Netzwerk. Mein erster kunstp\u00e4dagogischer Vortrag 2003 mit dem Titel \u201eHaltung bewahren\u201c \u2014 wie liest er sich 20 Jahre sp\u00e4ter? Zum Jubil\u00e4um der BURG werde ich gefragt: Welches Verb beschreibt deine Professur? Immer [&hellip;]\" \/>\n<meta property=\"og:url\" content=\"http:\/\/didaktik-der-bildenden-kuenste.de\/ortekuenstlerischerbildungsprozesse\/vortraege\/sara-burkhardt\/\" \/>\n<meta property=\"og:site_name\" content=\"Orte k\u00fcnstlerischer Bildungsprozesse\" \/>\n<meta property=\"article:modified_time\" content=\"2026-01-21T08:27:01+00:00\" \/>\n<meta property=\"og:image\" content=\"http:\/\/didaktik-der-bildenden-kuenste.de\/ortekuenstlerischerbildungsprozesse\/wp-content\/uploads\/sites\/15\/2024\/01\/IMG_8124-1024x679.jpg\" \/>\n<meta name=\"twitter:card\" content=\"summary_large_image\" \/>\n<meta name=\"twitter:label1\" content=\"Gesch\u00e4tzte Lesezeit\" \/>\n\t<meta name=\"twitter:data1\" content=\"1\u00a0Minute\" \/>\n<script type=\"application\/ld+json\" class=\"yoast-schema-graph\">{\"@context\":\"https:\/\/schema.org\",\"@graph\":[{\"@type\":\"WebPage\",\"@id\":\"http:\/\/didaktik-der-bildenden-kuenste.de\/ortekuenstlerischerbildungsprozesse\/vortraege\/sara-burkhardt\/\",\"url\":\"http:\/\/didaktik-der-bildenden-kuenste.de\/ortekuenstlerischerbildungsprozesse\/vortraege\/sara-burkhardt\/\",\"name\":\"\u201eIch bin Kunstp\u00e4dagog*in.\u201c - Orte k\u00fcnstlerischer Bildungsprozesse\",\"isPartOf\":{\"@id\":\"https:\/\/didaktik-der-bildenden-kuenste.de\/ortekuenstlerischerbildungsprozesse\/#website\"},\"primaryImageOfPage\":{\"@id\":\"http:\/\/didaktik-der-bildenden-kuenste.de\/ortekuenstlerischerbildungsprozesse\/vortraege\/sara-burkhardt\/#primaryimage\"},\"image\":{\"@id\":\"http:\/\/didaktik-der-bildenden-kuenste.de\/ortekuenstlerischerbildungsprozesse\/vortraege\/sara-burkhardt\/#primaryimage\"},\"thumbnailUrl\":\"http:\/\/didaktik-der-bildenden-kuenste.de\/ortekuenstlerischerbildungsprozesse\/wp-content\/uploads\/sites\/15\/2024\/01\/IMG_8124-1024x679.jpg\",\"datePublished\":\"2023-09-26T11:59:03+00:00\",\"dateModified\":\"2026-01-21T08:27:01+00:00\",\"breadcrumb\":{\"@id\":\"http:\/\/didaktik-der-bildenden-kuenste.de\/ortekuenstlerischerbildungsprozesse\/vortraege\/sara-burkhardt\/#breadcrumb\"},\"inLanguage\":\"de\",\"potentialAction\":[{\"@type\":\"ReadAction\",\"target\":[\"http:\/\/didaktik-der-bildenden-kuenste.de\/ortekuenstlerischerbildungsprozesse\/vortraege\/sara-burkhardt\/\"]}]},{\"@type\":\"ImageObject\",\"inLanguage\":\"de\",\"@id\":\"http:\/\/didaktik-der-bildenden-kuenste.de\/ortekuenstlerischerbildungsprozesse\/vortraege\/sara-burkhardt\/#primaryimage\",\"url\":\"http:\/\/didaktik-der-bildenden-kuenste.de\/ortekuenstlerischerbildungsprozesse\/wp-content\/uploads\/sites\/15\/2024\/01\/IMG_8124-scaled.jpg\",\"contentUrl\":\"http:\/\/didaktik-der-bildenden-kuenste.de\/ortekuenstlerischerbildungsprozesse\/wp-content\/uploads\/sites\/15\/2024\/01\/IMG_8124-scaled.jpg\",\"width\":2560,\"height\":1697},{\"@type\":\"BreadcrumbList\",\"@id\":\"http:\/\/didaktik-der-bildenden-kuenste.de\/ortekuenstlerischerbildungsprozesse\/vortraege\/sara-burkhardt\/#breadcrumb\",\"itemListElement\":[{\"@type\":\"ListItem\",\"position\":1,\"name\":\"Orte K\u00fcnstlerischer Bildungsprozesse\",\"item\":\"https:\/\/didaktik-der-bildenden-kuenste.de\/ortekuenstlerischerbildungsprozesse\/\"},{\"@type\":\"ListItem\",\"position\":2,\"name\":\"Vortr\u00e4ge\",\"item\":\"http:\/\/didaktik-der-bildenden-kuenste.de\/ortekuenstlerischerbildungsprozesse\/vortraege\/\"},{\"@type\":\"ListItem\",\"position\":3,\"name\":\"\u201eIch bin Kunstp\u00e4dagog*in.\u201c\"}]},{\"@type\":\"WebSite\",\"@id\":\"https:\/\/didaktik-der-bildenden-kuenste.de\/ortekuenstlerischerbildungsprozesse\/#website\",\"url\":\"https:\/\/didaktik-der-bildenden-kuenste.de\/ortekuenstlerischerbildungsprozesse\/\",\"name\":\"Orte k\u00fcnstlerischer Bildungsprozesse\",\"description\":\"Kunstp\u00e4dagogische Praxen an Kunstakademien\",\"potentialAction\":[{\"@type\":\"SearchAction\",\"target\":{\"@type\":\"EntryPoint\",\"urlTemplate\":\"https:\/\/didaktik-der-bildenden-kuenste.de\/ortekuenstlerischerbildungsprozesse\/?s={search_term_string}\"},\"query-input\":{\"@type\":\"PropertyValueSpecification\",\"valueRequired\":true,\"valueName\":\"search_term_string\"}}],\"inLanguage\":\"de\"}]}<\/script>\n<!-- \/ Yoast SEO plugin. -->","yoast_head_json":{"title":"\u201eIch bin Kunstp\u00e4dagog*in.\u201c - Orte k\u00fcnstlerischer Bildungsprozesse","robots":{"index":"index","follow":"follow","max-snippet":"max-snippet:-1","max-image-preview":"max-image-preview:large","max-video-preview":"max-video-preview:-1"},"canonical":"http:\/\/didaktik-der-bildenden-kuenste.de\/ortekuenstlerischerbildungsprozesse\/vortraege\/sara-burkhardt\/","og_locale":"de_DE","og_type":"article","og_title":"\u201eIch bin Kunstp\u00e4dagog*in.\u201c - Orte k\u00fcnstlerischer Bildungsprozesse","og_description":"&#8222;Ich bin Kunstp\u00e4dagog*in.&#8220; Arbeit am Selbstbild und -verst\u00e4ndnisSara Burkhardt Drei erste Bilder, schnell zusammengesucht, zur Beschreibung einer Profession: Eine Baustelle, ein Fragezeichen, ein Netzwerk. Mein erster kunstp\u00e4dagogischer Vortrag 2003 mit dem Titel \u201eHaltung bewahren\u201c \u2014 wie liest er sich 20 Jahre sp\u00e4ter? Zum Jubil\u00e4um der BURG werde ich gefragt: Welches Verb beschreibt deine Professur? Immer [&hellip;]","og_url":"http:\/\/didaktik-der-bildenden-kuenste.de\/ortekuenstlerischerbildungsprozesse\/vortraege\/sara-burkhardt\/","og_site_name":"Orte k\u00fcnstlerischer Bildungsprozesse","article_modified_time":"2026-01-21T08:27:01+00:00","og_image":[{"url":"http:\/\/didaktik-der-bildenden-kuenste.de\/ortekuenstlerischerbildungsprozesse\/wp-content\/uploads\/sites\/15\/2024\/01\/IMG_8124-1024x679.jpg","type":"","width":"","height":""}],"twitter_card":"summary_large_image","twitter_misc":{"Gesch\u00e4tzte Lesezeit":"1\u00a0Minute"},"schema":{"@context":"https:\/\/schema.org","@graph":[{"@type":"WebPage","@id":"http:\/\/didaktik-der-bildenden-kuenste.de\/ortekuenstlerischerbildungsprozesse\/vortraege\/sara-burkhardt\/","url":"http:\/\/didaktik-der-bildenden-kuenste.de\/ortekuenstlerischerbildungsprozesse\/vortraege\/sara-burkhardt\/","name":"\u201eIch bin Kunstp\u00e4dagog*in.\u201c - Orte k\u00fcnstlerischer Bildungsprozesse","isPartOf":{"@id":"https:\/\/didaktik-der-bildenden-kuenste.de\/ortekuenstlerischerbildungsprozesse\/#website"},"primaryImageOfPage":{"@id":"http:\/\/didaktik-der-bildenden-kuenste.de\/ortekuenstlerischerbildungsprozesse\/vortraege\/sara-burkhardt\/#primaryimage"},"image":{"@id":"http:\/\/didaktik-der-bildenden-kuenste.de\/ortekuenstlerischerbildungsprozesse\/vortraege\/sara-burkhardt\/#primaryimage"},"thumbnailUrl":"http:\/\/didaktik-der-bildenden-kuenste.de\/ortekuenstlerischerbildungsprozesse\/wp-content\/uploads\/sites\/15\/2024\/01\/IMG_8124-1024x679.jpg","datePublished":"2023-09-26T11:59:03+00:00","dateModified":"2026-01-21T08:27:01+00:00","breadcrumb":{"@id":"http:\/\/didaktik-der-bildenden-kuenste.de\/ortekuenstlerischerbildungsprozesse\/vortraege\/sara-burkhardt\/#breadcrumb"},"inLanguage":"de","potentialAction":[{"@type":"ReadAction","target":["http:\/\/didaktik-der-bildenden-kuenste.de\/ortekuenstlerischerbildungsprozesse\/vortraege\/sara-burkhardt\/"]}]},{"@type":"ImageObject","inLanguage":"de","@id":"http:\/\/didaktik-der-bildenden-kuenste.de\/ortekuenstlerischerbildungsprozesse\/vortraege\/sara-burkhardt\/#primaryimage","url":"http:\/\/didaktik-der-bildenden-kuenste.de\/ortekuenstlerischerbildungsprozesse\/wp-content\/uploads\/sites\/15\/2024\/01\/IMG_8124-scaled.jpg","contentUrl":"http:\/\/didaktik-der-bildenden-kuenste.de\/ortekuenstlerischerbildungsprozesse\/wp-content\/uploads\/sites\/15\/2024\/01\/IMG_8124-scaled.jpg","width":2560,"height":1697},{"@type":"BreadcrumbList","@id":"http:\/\/didaktik-der-bildenden-kuenste.de\/ortekuenstlerischerbildungsprozesse\/vortraege\/sara-burkhardt\/#breadcrumb","itemListElement":[{"@type":"ListItem","position":1,"name":"Orte K\u00fcnstlerischer Bildungsprozesse","item":"https:\/\/didaktik-der-bildenden-kuenste.de\/ortekuenstlerischerbildungsprozesse\/"},{"@type":"ListItem","position":2,"name":"Vortr\u00e4ge","item":"http:\/\/didaktik-der-bildenden-kuenste.de\/ortekuenstlerischerbildungsprozesse\/vortraege\/"},{"@type":"ListItem","position":3,"name":"\u201eIch bin Kunstp\u00e4dagog*in.\u201c"}]},{"@type":"WebSite","@id":"https:\/\/didaktik-der-bildenden-kuenste.de\/ortekuenstlerischerbildungsprozesse\/#website","url":"https:\/\/didaktik-der-bildenden-kuenste.de\/ortekuenstlerischerbildungsprozesse\/","name":"Orte k\u00fcnstlerischer Bildungsprozesse","description":"Kunstp\u00e4dagogische Praxen an Kunstakademien","potentialAction":[{"@type":"SearchAction","target":{"@type":"EntryPoint","urlTemplate":"https:\/\/didaktik-der-bildenden-kuenste.de\/ortekuenstlerischerbildungsprozesse\/?s={search_term_string}"},"query-input":{"@type":"PropertyValueSpecification","valueRequired":true,"valueName":"search_term_string"}}],"inLanguage":"de"}]}},"_links":{"self":[{"href":"http:\/\/didaktik-der-bildenden-kuenste.de\/ortekuenstlerischerbildungsprozesse\/wp-json\/wp\/v2\/pages\/206","targetHints":{"allow":["GET"]}}],"collection":[{"href":"http:\/\/didaktik-der-bildenden-kuenste.de\/ortekuenstlerischerbildungsprozesse\/wp-json\/wp\/v2\/pages"}],"about":[{"href":"http:\/\/didaktik-der-bildenden-kuenste.de\/ortekuenstlerischerbildungsprozesse\/wp-json\/wp\/v2\/types\/page"}],"author":[{"embeddable":true,"href":"http:\/\/didaktik-der-bildenden-kuenste.de\/ortekuenstlerischerbildungsprozesse\/wp-json\/wp\/v2\/users\/12"}],"replies":[{"embeddable":true,"href":"http:\/\/didaktik-der-bildenden-kuenste.de\/ortekuenstlerischerbildungsprozesse\/wp-json\/wp\/v2\/comments?post=206"}],"version-history":[{"count":9,"href":"http:\/\/didaktik-der-bildenden-kuenste.de\/ortekuenstlerischerbildungsprozesse\/wp-json\/wp\/v2\/pages\/206\/revisions"}],"predecessor-version":[{"id":488,"href":"http:\/\/didaktik-der-bildenden-kuenste.de\/ortekuenstlerischerbildungsprozesse\/wp-json\/wp\/v2\/pages\/206\/revisions\/488"}],"up":[{"embeddable":true,"href":"http:\/\/didaktik-der-bildenden-kuenste.de\/ortekuenstlerischerbildungsprozesse\/wp-json\/wp\/v2\/pages\/12"}],"wp:attachment":[{"href":"http:\/\/didaktik-der-bildenden-kuenste.de\/ortekuenstlerischerbildungsprozesse\/wp-json\/wp\/v2\/media?parent=206"}],"curies":[{"name":"wp","href":"https:\/\/api.w.org\/{rel}","templated":true}]}}