{"id":1251,"date":"2015-12-15T09:17:49","date_gmt":"2015-12-15T08:17:49","guid":{"rendered":"http:\/\/didaktik-der-bildenden-kuenste.de\/skulptur-lehren\/?page_id=1251"},"modified":"2016-03-08T12:36:31","modified_gmt":"2016-03-08T11:36:31","slug":"dr-karina-pauls","status":"publish","type":"page","link":"http:\/\/didaktik-der-bildenden-kuenste.de\/skulptur-lehren\/?page_id=1251","title":{"rendered":"Karina Pauls"},"content":{"rendered":"<p>(Kunstakademie D\u00fcsseldorf)<\/p>\n<p>\u201eSKULPTUR IN ZEITEN IHRER ENTGRENZUNG&#8220;<br \/>\nHERAUSFORDERUNGEN UND M\u00d6GLICHKEITEN IHRER VERMITTLUNG<\/p>\n<p>Der Begriff der \u201eSkulptur\u201c umfasst heute eine Vielzahl k\u00fcnstlerischer Ausdrucksformen. \u00d6ffnungen fanden und finden u.a. in Bezug auf den Raum und im Bereich der Verfahren und Materialien statt. Die Rolle des Betrachters sowie die Betonung prozessualer Momente haben ebenso zur Erweiterung der Gattungsgrenzen beigetragen. \u201eSkulptur\u201c grenzt sich nicht immer eindeutig von der Alltagswelt ab, sondern tritt vielmehr mit dieser in einen Dialog und fordert ihre Betrachter heraus, zu fragen: Was bedeutet \u201eSkulptur\u201c?<br \/>\nDurch diese Entwicklungen entstehen auch neue Herausforderungen f\u00fcr die Kunstvermittlung, sowohl im Umgang mit vorhandenen Bildern als auch im Hinblick auf Bildfindungsprozesse. Woran soll und kann sich der Kunstunterricht orientieren? Wie kann er der Offenheit und Vielfalt zeitgen\u00f6ssischer Skulptur gerecht werden und zugleich dem Lernenden Orientierung geben und Wege f\u00fcr die eigene gestalterische Arbeit aufzeigen?<br \/>\nDieser Beitrag wird \u201eSkulptur in Zeiten ihrer Entgrenzung\u201c anhand konkreter Beispiele beleuchten und aus einer kunstdidaktischen Perspektive M\u00f6glichkeiten der Vermittlung in den Blick nehmen.<\/p>\n<hr \/>\n<p>KARINA PAULS Dr. phil., seit 2010 wissenschaftliche Mitarbeiterin an der Kunstakademie D\u00fcsseldorf, Didaktik der Bildenden K\u00fcnste; 2007-2015 Kunstp\u00e4dagogin in Neuss (Nelly-Sachs-Gymnasium); Promotion an der Kunstakademie D\u00fcsseldorf; T\u00e4tigkeit in der Museumsp\u00e4dagogik; Erstes und Zweites Staatsexamen, Meistersch\u00fclerin von Prof. Irmin Kamp (Kunstakademie D\u00fcsseldorf); Forschungsschwerpunkte und Publikationen u.a. im Bereich \u201eR\u00e4ume\u201c in der Kunst, gestalterische und rezeptive Auseinandersetzung mit Bildhauerei im Kunstunterricht, Bild- und Formfindungsprozesse in der Plastik und im Kunstunterricht; Alltagsbilder und Bilder der bildenden Kunst im Kunstunterricht; Farbe in zeitgen\u00f6ssischer Plastik und ihre Vermittlung im Kunstunterricht<\/p>\n","protected":false},"excerpt":{"rendered":"<p>(Kunstakademie D\u00fcsseldorf) \u201eSKULPTUR IN ZEITEN IHRER ENTGRENZUNG&#8220; HERAUSFORDERUNGEN UND M\u00d6GLICHKEITEN IHRER VERMITTLUNG Der Begriff der \u201eSkulptur\u201c umfasst heute eine Vielzahl k\u00fcnstlerischer Ausdrucksformen. \u00d6ffnungen fanden und finden u.a. in Bezug auf den Raum und im Bereich der Verfahren und Materialien statt. Die Rolle des Betrachters sowie die Betonung prozessualer Momente haben ebenso zur Erweiterung der Gattungsgrenzen &#8230; <span class=\"more\"><a class=\"more-link\" href=\"http:\/\/didaktik-der-bildenden-kuenste.de\/skulptur-lehren\/?page_id=1251\">[Read more&#8230;]<\/a><\/span><\/p>\n","protected":false},"author":2,"featured_media":0,"parent":841,"menu_order":50,"comment_status":"closed","ping_status":"closed","template":"","meta":{"footnotes":""},"class_list":["entry","page","publish","author-sara","post-1251"],"yoast_head":"<!-- This site is optimized with the Yoast SEO plugin v26.8 - https:\/\/yoast.com\/product\/yoast-seo-wordpress\/ -->\n<title>Karina Pauls - SKULPTUR LEHREN<\/title>\n<meta name=\"robots\" content=\"index, follow, max-snippet:-1, max-image-preview:large, max-video-preview:-1\" \/>\n<link rel=\"canonical\" href=\"http:\/\/didaktik-der-bildenden-kuenste.de\/skulptur-lehren\/?page_id=1251\" \/>\n<meta property=\"og:locale\" content=\"de_DE\" \/>\n<meta property=\"og:type\" content=\"article\" \/>\n<meta property=\"og:title\" content=\"Karina Pauls - SKULPTUR LEHREN\" \/>\n<meta property=\"og:description\" content=\"(Kunstakademie D\u00fcsseldorf) \u201eSKULPTUR IN ZEITEN IHRER ENTGRENZUNG&#8220; HERAUSFORDERUNGEN UND M\u00d6GLICHKEITEN IHRER VERMITTLUNG Der Begriff der \u201eSkulptur\u201c umfasst heute eine Vielzahl k\u00fcnstlerischer Ausdrucksformen. \u00d6ffnungen fanden und finden u.a. in Bezug auf den Raum und im Bereich der Verfahren und Materialien statt. Die Rolle des Betrachters sowie die Betonung prozessualer Momente haben ebenso zur Erweiterung der Gattungsgrenzen ... [Read more...]\" \/>\n<meta property=\"og:url\" content=\"http:\/\/didaktik-der-bildenden-kuenste.de\/skulptur-lehren\/?page_id=1251\" \/>\n<meta property=\"og:site_name\" content=\"SKULPTUR LEHREN\" \/>\n<meta property=\"article:modified_time\" content=\"2016-03-08T11:36:31+00:00\" \/>\n<meta name=\"twitter:card\" content=\"summary_large_image\" \/>\n<meta name=\"twitter:label1\" content=\"Gesch\u00e4tzte Lesezeit\" \/>\n\t<meta name=\"twitter:data1\" content=\"1\u00a0Minute\" \/>\n<script type=\"application\/ld+json\" class=\"yoast-schema-graph\">{\"@context\":\"https:\/\/schema.org\",\"@graph\":[{\"@type\":\"WebPage\",\"@id\":\"http:\/\/didaktik-der-bildenden-kuenste.de\/skulptur-lehren\/?page_id=1251\",\"url\":\"http:\/\/didaktik-der-bildenden-kuenste.de\/skulptur-lehren\/?page_id=1251\",\"name\":\"Karina Pauls - SKULPTUR LEHREN\",\"isPartOf\":{\"@id\":\"http:\/\/didaktik-der-bildenden-kuenste.de\/skulptur-lehren\/#website\"},\"datePublished\":\"2015-12-15T08:17:49+00:00\",\"dateModified\":\"2016-03-08T11:36:31+00:00\",\"breadcrumb\":{\"@id\":\"http:\/\/didaktik-der-bildenden-kuenste.de\/skulptur-lehren\/?page_id=1251#breadcrumb\"},\"inLanguage\":\"de\",\"potentialAction\":[{\"@type\":\"ReadAction\",\"target\":[\"http:\/\/didaktik-der-bildenden-kuenste.de\/skulptur-lehren\/?page_id=1251\"]}]},{\"@type\":\"BreadcrumbList\",\"@id\":\"http:\/\/didaktik-der-bildenden-kuenste.de\/skulptur-lehren\/?page_id=1251#breadcrumb\",\"itemListElement\":[{\"@type\":\"ListItem\",\"position\":1,\"name\":\"Home\",\"item\":\"http:\/\/didaktik-der-bildenden-kuenste.de\/skulptur-lehren\/\"},{\"@type\":\"ListItem\",\"position\":2,\"name\":\"Referentinnen und Referenten\",\"item\":\"http:\/\/didaktik-der-bildenden-kuenste.de\/skulptur-lehren\/?page_id=841\"},{\"@type\":\"ListItem\",\"position\":3,\"name\":\"Karina Pauls\"}]},{\"@type\":\"WebSite\",\"@id\":\"http:\/\/didaktik-der-bildenden-kuenste.de\/skulptur-lehren\/#website\",\"url\":\"http:\/\/didaktik-der-bildenden-kuenste.de\/skulptur-lehren\/\",\"name\":\"SKULPTUR LEHREN\",\"description\":\"\",\"publisher\":{\"@id\":\"http:\/\/didaktik-der-bildenden-kuenste.de\/skulptur-lehren\/#organization\"},\"potentialAction\":[{\"@type\":\"SearchAction\",\"target\":{\"@type\":\"EntryPoint\",\"urlTemplate\":\"http:\/\/didaktik-der-bildenden-kuenste.de\/skulptur-lehren\/?s={search_term_string}\"},\"query-input\":{\"@type\":\"PropertyValueSpecification\",\"valueRequired\":true,\"valueName\":\"search_term_string\"}}],\"inLanguage\":\"de\"},{\"@type\":\"Organization\",\"@id\":\"http:\/\/didaktik-der-bildenden-kuenste.de\/skulptur-lehren\/#organization\",\"name\":\"SKULPTUR LEHREN\",\"url\":\"http:\/\/didaktik-der-bildenden-kuenste.de\/skulptur-lehren\/\",\"logo\":{\"@type\":\"ImageObject\",\"inLanguage\":\"de\",\"@id\":\"http:\/\/didaktik-der-bildenden-kuenste.de\/skulptur-lehren\/#\/schema\/logo\/image\/\",\"url\":\"\",\"contentUrl\":\"\",\"caption\":\"SKULPTUR LEHREN\"},\"image\":{\"@id\":\"http:\/\/didaktik-der-bildenden-kuenste.de\/skulptur-lehren\/#\/schema\/logo\/image\/\"}}]}<\/script>\n<!-- \/ Yoast SEO plugin. -->","yoast_head_json":{"title":"Karina Pauls - SKULPTUR LEHREN","robots":{"index":"index","follow":"follow","max-snippet":"max-snippet:-1","max-image-preview":"max-image-preview:large","max-video-preview":"max-video-preview:-1"},"canonical":"http:\/\/didaktik-der-bildenden-kuenste.de\/skulptur-lehren\/?page_id=1251","og_locale":"de_DE","og_type":"article","og_title":"Karina Pauls - SKULPTUR LEHREN","og_description":"(Kunstakademie D\u00fcsseldorf) \u201eSKULPTUR IN ZEITEN IHRER ENTGRENZUNG&#8220; HERAUSFORDERUNGEN UND M\u00d6GLICHKEITEN IHRER VERMITTLUNG Der Begriff der \u201eSkulptur\u201c umfasst heute eine Vielzahl k\u00fcnstlerischer Ausdrucksformen. \u00d6ffnungen fanden und finden u.a. in Bezug auf den Raum und im Bereich der Verfahren und Materialien statt. Die Rolle des Betrachters sowie die Betonung prozessualer Momente haben ebenso zur Erweiterung der Gattungsgrenzen ... [Read more...]","og_url":"http:\/\/didaktik-der-bildenden-kuenste.de\/skulptur-lehren\/?page_id=1251","og_site_name":"SKULPTUR LEHREN","article_modified_time":"2016-03-08T11:36:31+00:00","twitter_card":"summary_large_image","twitter_misc":{"Gesch\u00e4tzte Lesezeit":"1\u00a0Minute"},"schema":{"@context":"https:\/\/schema.org","@graph":[{"@type":"WebPage","@id":"http:\/\/didaktik-der-bildenden-kuenste.de\/skulptur-lehren\/?page_id=1251","url":"http:\/\/didaktik-der-bildenden-kuenste.de\/skulptur-lehren\/?page_id=1251","name":"Karina Pauls - SKULPTUR LEHREN","isPartOf":{"@id":"http:\/\/didaktik-der-bildenden-kuenste.de\/skulptur-lehren\/#website"},"datePublished":"2015-12-15T08:17:49+00:00","dateModified":"2016-03-08T11:36:31+00:00","breadcrumb":{"@id":"http:\/\/didaktik-der-bildenden-kuenste.de\/skulptur-lehren\/?page_id=1251#breadcrumb"},"inLanguage":"de","potentialAction":[{"@type":"ReadAction","target":["http:\/\/didaktik-der-bildenden-kuenste.de\/skulptur-lehren\/?page_id=1251"]}]},{"@type":"BreadcrumbList","@id":"http:\/\/didaktik-der-bildenden-kuenste.de\/skulptur-lehren\/?page_id=1251#breadcrumb","itemListElement":[{"@type":"ListItem","position":1,"name":"Home","item":"http:\/\/didaktik-der-bildenden-kuenste.de\/skulptur-lehren\/"},{"@type":"ListItem","position":2,"name":"Referentinnen und Referenten","item":"http:\/\/didaktik-der-bildenden-kuenste.de\/skulptur-lehren\/?page_id=841"},{"@type":"ListItem","position":3,"name":"Karina Pauls"}]},{"@type":"WebSite","@id":"http:\/\/didaktik-der-bildenden-kuenste.de\/skulptur-lehren\/#website","url":"http:\/\/didaktik-der-bildenden-kuenste.de\/skulptur-lehren\/","name":"SKULPTUR LEHREN","description":"","publisher":{"@id":"http:\/\/didaktik-der-bildenden-kuenste.de\/skulptur-lehren\/#organization"},"potentialAction":[{"@type":"SearchAction","target":{"@type":"EntryPoint","urlTemplate":"http:\/\/didaktik-der-bildenden-kuenste.de\/skulptur-lehren\/?s={search_term_string}"},"query-input":{"@type":"PropertyValueSpecification","valueRequired":true,"valueName":"search_term_string"}}],"inLanguage":"de"},{"@type":"Organization","@id":"http:\/\/didaktik-der-bildenden-kuenste.de\/skulptur-lehren\/#organization","name":"SKULPTUR LEHREN","url":"http:\/\/didaktik-der-bildenden-kuenste.de\/skulptur-lehren\/","logo":{"@type":"ImageObject","inLanguage":"de","@id":"http:\/\/didaktik-der-bildenden-kuenste.de\/skulptur-lehren\/#\/schema\/logo\/image\/","url":"","contentUrl":"","caption":"SKULPTUR LEHREN"},"image":{"@id":"http:\/\/didaktik-der-bildenden-kuenste.de\/skulptur-lehren\/#\/schema\/logo\/image\/"}}]}},"_links":{"self":[{"href":"http:\/\/didaktik-der-bildenden-kuenste.de\/skulptur-lehren\/index.php?rest_route=\/wp\/v2\/pages\/1251","targetHints":{"allow":["GET"]}}],"collection":[{"href":"http:\/\/didaktik-der-bildenden-kuenste.de\/skulptur-lehren\/index.php?rest_route=\/wp\/v2\/pages"}],"about":[{"href":"http:\/\/didaktik-der-bildenden-kuenste.de\/skulptur-lehren\/index.php?rest_route=\/wp\/v2\/types\/page"}],"author":[{"embeddable":true,"href":"http:\/\/didaktik-der-bildenden-kuenste.de\/skulptur-lehren\/index.php?rest_route=\/wp\/v2\/users\/2"}],"replies":[{"embeddable":true,"href":"http:\/\/didaktik-der-bildenden-kuenste.de\/skulptur-lehren\/index.php?rest_route=%2Fwp%2Fv2%2Fcomments&post=1251"}],"version-history":[{"count":11,"href":"http:\/\/didaktik-der-bildenden-kuenste.de\/skulptur-lehren\/index.php?rest_route=\/wp\/v2\/pages\/1251\/revisions"}],"predecessor-version":[{"id":6422,"href":"http:\/\/didaktik-der-bildenden-kuenste.de\/skulptur-lehren\/index.php?rest_route=\/wp\/v2\/pages\/1251\/revisions\/6422"}],"up":[{"embeddable":true,"href":"http:\/\/didaktik-der-bildenden-kuenste.de\/skulptur-lehren\/index.php?rest_route=\/wp\/v2\/pages\/841"}],"wp:attachment":[{"href":"http:\/\/didaktik-der-bildenden-kuenste.de\/skulptur-lehren\/index.php?rest_route=%2Fwp%2Fv2%2Fmedia&parent=1251"}],"curies":[{"name":"wp","href":"https:\/\/api.w.org\/{rel}","templated":true}]}}