{"id":1271,"date":"2015-12-15T09:18:44","date_gmt":"2015-12-15T08:18:44","guid":{"rendered":"http:\/\/didaktik-der-bildenden-kuenste.de\/skulptur-lehren\/?page_id=1271"},"modified":"2016-02-01T13:31:04","modified_gmt":"2016-02-01T12:31:04","slug":"prof-dr-petra-kathke","status":"publish","type":"page","link":"http:\/\/didaktik-der-bildenden-kuenste.de\/skulptur-lehren\/?page_id=1271","title":{"rendered":"Petra Kathke"},"content":{"rendered":"<p>(Universit\u00e4t Bielefeld)<\/p>\n<p>R\u00c4UME DAZWISCHEN &#8211; STRATEGIEN DER ENTGRENZUNG IN DER K\u00dcNSTLERISCHEN LEHRE<\/p>\n<p>Skulpturales Handeln ist ein Feld k\u00fcnstlerischer Arbeit, in dem sich Grenzen zwischen K\u00f6rper, Bild und Raum wie zwischen Materialit\u00e4t und Medialit\u00e4t nicht nur \u00fcberschreiten, sondern bewusst inszenieren und thematisieren lassen. \u00dcberg\u00e4nge zu performativem Handeln, raumbezogenem Installieren oder bildbezogenem Agieren regen vor allem in der k\u00fcnstlerischen Lehre an, Synergieeffekte der strukturellen Differenzen zu nutzen \u2013 auch vor dem Hintergrund aktueller Diskurse um Interdisziplinarit\u00e4t, Intermaterialit\u00e4t und Positionen eines Neuen Materialismus.<br \/>\nMit Blick auf den Stellenwert k\u00f6rperlichen Agierens werden Beispiele aus k\u00fcnstlerischen Lehr-\/ Lernkontexten daraufhin befragt, was die Arbeit an Schnittstellen skulpturaler, k\u00f6rperhafter, performativer und medialer Ausdrucksweisen auszeichnet und wie solche Grenz\u00fcberschreitungen angeregt und reflektiert werden k\u00f6nnen.<\/p>\n<hr \/>\n<p>PETRA KATHKE\u00a0 Dr. phil., seit 2011 Professorin f\u00fcr Kunstp\u00e4dagogik an der Universit\u00e4t Bielefeld; 2006-2011 Professorin f\u00fcr Kunst und ihre Didaktik an der PH Schw\u00e4bisch Gm\u00fcnd, davor seit 2002 Vertretungsprofessorin f\u00fcr Kunst und Kunstdidaktik an der UdK-Berlin und der Universit\u00e4t Paderborn; Studium der F\u00e4cher Kunst und Biologie auf Lehramt (PH-Berlin); Aufbau-Studium in Kunstgeschichte, Klassischer Arch\u00e4ologie und Erziehungswissenschaft (FU-Berlin); 1995 Promotion in Kunstgeschichte an der FU-Berlin; 1985-2006 Kunstp\u00e4dagogische Werkstatt (Berlin); Arbeitsschwerpunkte: Initiierung, Begleitung und Evaluierung k\u00fcnstlerischer Bildungsprozesse; K\u00fcnstlerische Arbeit an medialen und materialen Schnittstellen.<\/p>\n","protected":false},"excerpt":{"rendered":"<p>(Universit\u00e4t Bielefeld) R\u00c4UME DAZWISCHEN &#8211; STRATEGIEN DER ENTGRENZUNG IN DER K\u00dcNSTLERISCHEN LEHRE Skulpturales Handeln ist ein Feld k\u00fcnstlerischer Arbeit, in dem sich Grenzen zwischen K\u00f6rper, Bild und Raum wie zwischen Materialit\u00e4t und Medialit\u00e4t nicht nur \u00fcberschreiten, sondern bewusst inszenieren und thematisieren lassen. \u00dcberg\u00e4nge zu performativem Handeln, raumbezogenem Installieren oder bildbezogenem Agieren regen vor allem in &#8230; <span class=\"more\"><a class=\"more-link\" href=\"http:\/\/didaktik-der-bildenden-kuenste.de\/skulptur-lehren\/?page_id=1271\">[Read more&#8230;]<\/a><\/span><\/p>\n","protected":false},"author":2,"featured_media":0,"parent":841,"menu_order":35,"comment_status":"closed","ping_status":"closed","template":"","meta":{"footnotes":""},"class_list":["entry","page","publish","author-sara","post-1271"],"yoast_head":"<!-- This site is optimized with the Yoast SEO plugin v26.8 - https:\/\/yoast.com\/product\/yoast-seo-wordpress\/ -->\n<title>Petra Kathke - SKULPTUR LEHREN<\/title>\n<meta name=\"robots\" content=\"index, follow, max-snippet:-1, max-image-preview:large, max-video-preview:-1\" \/>\n<link rel=\"canonical\" href=\"http:\/\/didaktik-der-bildenden-kuenste.de\/skulptur-lehren\/?page_id=1271\" \/>\n<meta property=\"og:locale\" content=\"de_DE\" \/>\n<meta property=\"og:type\" content=\"article\" \/>\n<meta property=\"og:title\" content=\"Petra Kathke - SKULPTUR LEHREN\" \/>\n<meta property=\"og:description\" content=\"(Universit\u00e4t Bielefeld) R\u00c4UME DAZWISCHEN &#8211; STRATEGIEN DER ENTGRENZUNG IN DER K\u00dcNSTLERISCHEN LEHRE Skulpturales Handeln ist ein Feld k\u00fcnstlerischer Arbeit, in dem sich Grenzen zwischen K\u00f6rper, Bild und Raum wie zwischen Materialit\u00e4t und Medialit\u00e4t nicht nur \u00fcberschreiten, sondern bewusst inszenieren und thematisieren lassen. \u00dcberg\u00e4nge zu performativem Handeln, raumbezogenem Installieren oder bildbezogenem Agieren regen vor allem in ... [Read more...]\" \/>\n<meta property=\"og:url\" content=\"http:\/\/didaktik-der-bildenden-kuenste.de\/skulptur-lehren\/?page_id=1271\" \/>\n<meta property=\"og:site_name\" content=\"SKULPTUR LEHREN\" \/>\n<meta property=\"article:modified_time\" content=\"2016-02-01T12:31:04+00:00\" \/>\n<meta name=\"twitter:card\" content=\"summary_large_image\" \/>\n<meta name=\"twitter:label1\" content=\"Gesch\u00e4tzte Lesezeit\" \/>\n\t<meta name=\"twitter:data1\" content=\"1\u00a0Minute\" \/>\n<script type=\"application\/ld+json\" class=\"yoast-schema-graph\">{\"@context\":\"https:\/\/schema.org\",\"@graph\":[{\"@type\":\"WebPage\",\"@id\":\"http:\/\/didaktik-der-bildenden-kuenste.de\/skulptur-lehren\/?page_id=1271\",\"url\":\"http:\/\/didaktik-der-bildenden-kuenste.de\/skulptur-lehren\/?page_id=1271\",\"name\":\"Petra Kathke - SKULPTUR LEHREN\",\"isPartOf\":{\"@id\":\"http:\/\/didaktik-der-bildenden-kuenste.de\/skulptur-lehren\/#website\"},\"datePublished\":\"2015-12-15T08:18:44+00:00\",\"dateModified\":\"2016-02-01T12:31:04+00:00\",\"breadcrumb\":{\"@id\":\"http:\/\/didaktik-der-bildenden-kuenste.de\/skulptur-lehren\/?page_id=1271#breadcrumb\"},\"inLanguage\":\"de\",\"potentialAction\":[{\"@type\":\"ReadAction\",\"target\":[\"http:\/\/didaktik-der-bildenden-kuenste.de\/skulptur-lehren\/?page_id=1271\"]}]},{\"@type\":\"BreadcrumbList\",\"@id\":\"http:\/\/didaktik-der-bildenden-kuenste.de\/skulptur-lehren\/?page_id=1271#breadcrumb\",\"itemListElement\":[{\"@type\":\"ListItem\",\"position\":1,\"name\":\"Home\",\"item\":\"http:\/\/didaktik-der-bildenden-kuenste.de\/skulptur-lehren\/\"},{\"@type\":\"ListItem\",\"position\":2,\"name\":\"Referentinnen und Referenten\",\"item\":\"http:\/\/didaktik-der-bildenden-kuenste.de\/skulptur-lehren\/?page_id=841\"},{\"@type\":\"ListItem\",\"position\":3,\"name\":\"Petra Kathke\"}]},{\"@type\":\"WebSite\",\"@id\":\"http:\/\/didaktik-der-bildenden-kuenste.de\/skulptur-lehren\/#website\",\"url\":\"http:\/\/didaktik-der-bildenden-kuenste.de\/skulptur-lehren\/\",\"name\":\"SKULPTUR LEHREN\",\"description\":\"\",\"publisher\":{\"@id\":\"http:\/\/didaktik-der-bildenden-kuenste.de\/skulptur-lehren\/#organization\"},\"potentialAction\":[{\"@type\":\"SearchAction\",\"target\":{\"@type\":\"EntryPoint\",\"urlTemplate\":\"http:\/\/didaktik-der-bildenden-kuenste.de\/skulptur-lehren\/?s={search_term_string}\"},\"query-input\":{\"@type\":\"PropertyValueSpecification\",\"valueRequired\":true,\"valueName\":\"search_term_string\"}}],\"inLanguage\":\"de\"},{\"@type\":\"Organization\",\"@id\":\"http:\/\/didaktik-der-bildenden-kuenste.de\/skulptur-lehren\/#organization\",\"name\":\"SKULPTUR LEHREN\",\"url\":\"http:\/\/didaktik-der-bildenden-kuenste.de\/skulptur-lehren\/\",\"logo\":{\"@type\":\"ImageObject\",\"inLanguage\":\"de\",\"@id\":\"http:\/\/didaktik-der-bildenden-kuenste.de\/skulptur-lehren\/#\/schema\/logo\/image\/\",\"url\":\"\",\"contentUrl\":\"\",\"caption\":\"SKULPTUR LEHREN\"},\"image\":{\"@id\":\"http:\/\/didaktik-der-bildenden-kuenste.de\/skulptur-lehren\/#\/schema\/logo\/image\/\"}}]}<\/script>\n<!-- \/ Yoast SEO plugin. -->","yoast_head_json":{"title":"Petra Kathke - SKULPTUR LEHREN","robots":{"index":"index","follow":"follow","max-snippet":"max-snippet:-1","max-image-preview":"max-image-preview:large","max-video-preview":"max-video-preview:-1"},"canonical":"http:\/\/didaktik-der-bildenden-kuenste.de\/skulptur-lehren\/?page_id=1271","og_locale":"de_DE","og_type":"article","og_title":"Petra Kathke - SKULPTUR LEHREN","og_description":"(Universit\u00e4t Bielefeld) R\u00c4UME DAZWISCHEN &#8211; STRATEGIEN DER ENTGRENZUNG IN DER K\u00dcNSTLERISCHEN LEHRE Skulpturales Handeln ist ein Feld k\u00fcnstlerischer Arbeit, in dem sich Grenzen zwischen K\u00f6rper, Bild und Raum wie zwischen Materialit\u00e4t und Medialit\u00e4t nicht nur \u00fcberschreiten, sondern bewusst inszenieren und thematisieren lassen. \u00dcberg\u00e4nge zu performativem Handeln, raumbezogenem Installieren oder bildbezogenem Agieren regen vor allem in ... [Read more...]","og_url":"http:\/\/didaktik-der-bildenden-kuenste.de\/skulptur-lehren\/?page_id=1271","og_site_name":"SKULPTUR LEHREN","article_modified_time":"2016-02-01T12:31:04+00:00","twitter_card":"summary_large_image","twitter_misc":{"Gesch\u00e4tzte Lesezeit":"1\u00a0Minute"},"schema":{"@context":"https:\/\/schema.org","@graph":[{"@type":"WebPage","@id":"http:\/\/didaktik-der-bildenden-kuenste.de\/skulptur-lehren\/?page_id=1271","url":"http:\/\/didaktik-der-bildenden-kuenste.de\/skulptur-lehren\/?page_id=1271","name":"Petra Kathke - SKULPTUR LEHREN","isPartOf":{"@id":"http:\/\/didaktik-der-bildenden-kuenste.de\/skulptur-lehren\/#website"},"datePublished":"2015-12-15T08:18:44+00:00","dateModified":"2016-02-01T12:31:04+00:00","breadcrumb":{"@id":"http:\/\/didaktik-der-bildenden-kuenste.de\/skulptur-lehren\/?page_id=1271#breadcrumb"},"inLanguage":"de","potentialAction":[{"@type":"ReadAction","target":["http:\/\/didaktik-der-bildenden-kuenste.de\/skulptur-lehren\/?page_id=1271"]}]},{"@type":"BreadcrumbList","@id":"http:\/\/didaktik-der-bildenden-kuenste.de\/skulptur-lehren\/?page_id=1271#breadcrumb","itemListElement":[{"@type":"ListItem","position":1,"name":"Home","item":"http:\/\/didaktik-der-bildenden-kuenste.de\/skulptur-lehren\/"},{"@type":"ListItem","position":2,"name":"Referentinnen und Referenten","item":"http:\/\/didaktik-der-bildenden-kuenste.de\/skulptur-lehren\/?page_id=841"},{"@type":"ListItem","position":3,"name":"Petra Kathke"}]},{"@type":"WebSite","@id":"http:\/\/didaktik-der-bildenden-kuenste.de\/skulptur-lehren\/#website","url":"http:\/\/didaktik-der-bildenden-kuenste.de\/skulptur-lehren\/","name":"SKULPTUR LEHREN","description":"","publisher":{"@id":"http:\/\/didaktik-der-bildenden-kuenste.de\/skulptur-lehren\/#organization"},"potentialAction":[{"@type":"SearchAction","target":{"@type":"EntryPoint","urlTemplate":"http:\/\/didaktik-der-bildenden-kuenste.de\/skulptur-lehren\/?s={search_term_string}"},"query-input":{"@type":"PropertyValueSpecification","valueRequired":true,"valueName":"search_term_string"}}],"inLanguage":"de"},{"@type":"Organization","@id":"http:\/\/didaktik-der-bildenden-kuenste.de\/skulptur-lehren\/#organization","name":"SKULPTUR LEHREN","url":"http:\/\/didaktik-der-bildenden-kuenste.de\/skulptur-lehren\/","logo":{"@type":"ImageObject","inLanguage":"de","@id":"http:\/\/didaktik-der-bildenden-kuenste.de\/skulptur-lehren\/#\/schema\/logo\/image\/","url":"","contentUrl":"","caption":"SKULPTUR LEHREN"},"image":{"@id":"http:\/\/didaktik-der-bildenden-kuenste.de\/skulptur-lehren\/#\/schema\/logo\/image\/"}}]}},"_links":{"self":[{"href":"http:\/\/didaktik-der-bildenden-kuenste.de\/skulptur-lehren\/index.php?rest_route=\/wp\/v2\/pages\/1271","targetHints":{"allow":["GET"]}}],"collection":[{"href":"http:\/\/didaktik-der-bildenden-kuenste.de\/skulptur-lehren\/index.php?rest_route=\/wp\/v2\/pages"}],"about":[{"href":"http:\/\/didaktik-der-bildenden-kuenste.de\/skulptur-lehren\/index.php?rest_route=\/wp\/v2\/types\/page"}],"author":[{"embeddable":true,"href":"http:\/\/didaktik-der-bildenden-kuenste.de\/skulptur-lehren\/index.php?rest_route=\/wp\/v2\/users\/2"}],"replies":[{"embeddable":true,"href":"http:\/\/didaktik-der-bildenden-kuenste.de\/skulptur-lehren\/index.php?rest_route=%2Fwp%2Fv2%2Fcomments&post=1271"}],"version-history":[{"count":8,"href":"http:\/\/didaktik-der-bildenden-kuenste.de\/skulptur-lehren\/index.php?rest_route=\/wp\/v2\/pages\/1271\/revisions"}],"predecessor-version":[{"id":4412,"href":"http:\/\/didaktik-der-bildenden-kuenste.de\/skulptur-lehren\/index.php?rest_route=\/wp\/v2\/pages\/1271\/revisions\/4412"}],"up":[{"embeddable":true,"href":"http:\/\/didaktik-der-bildenden-kuenste.de\/skulptur-lehren\/index.php?rest_route=\/wp\/v2\/pages\/841"}],"wp:attachment":[{"href":"http:\/\/didaktik-der-bildenden-kuenste.de\/skulptur-lehren\/index.php?rest_route=%2Fwp%2Fv2%2Fmedia&parent=1271"}],"curies":[{"name":"wp","href":"https:\/\/api.w.org\/{rel}","templated":true}]}}