{"id":1291,"date":"2015-12-15T09:20:43","date_gmt":"2015-12-15T08:20:43","guid":{"rendered":"http:\/\/didaktik-der-bildenden-kuenste.de\/skulptur-lehren\/?page_id=1291"},"modified":"2021-03-29T11:07:13","modified_gmt":"2021-03-29T09:07:13","slug":"hartmut-wilkening","status":"publish","type":"page","link":"http:\/\/didaktik-der-bildenden-kuenste.de\/skulptur-lehren\/?page_id=1291","title":{"rendered":"Hartmut Wilkening"},"content":{"rendered":"\n<p>(Amsterdam)<\/p>\n\n\n\n<p>PARADIGMENWECHSEL F\u00dcR DIE SKULPTUR = NEUES PARADIGMA F\u00dcR DIE AUSBILDUNG?<\/p>\n\n\n\n<figure class=\"wp-block-video\"><video controls poster=\"http:\/\/didaktik-der-bildenden-kuenste.de\/skulptur-lehren\/wp-content\/uploads\/sites\/3\/2021\/01\/Final_2.5_4k_Final-01_breit1-scaled_rechts_neu.jpg\" src=\"http:\/\/didaktik-der-bildenden-kuenste.de\/skulptur-lehren\/wp-content\/uploads\/sites\/3\/2016\/07\/02A_Wilkening.mp4\"><\/video><\/figure>\n\n\n\n<p><\/p>\n\n\n\n<p>Das Berufsfeld f\u00fcr Bildhauer und andere professionelle K\u00fcnstler in Europa hat sich in den letzten Jahren drastisch ver\u00e4ndert. Der Kunstmarkt realisiert mehr Umsatz mit weniger K\u00fcnstlern, die \u00f6ffentliche Hand zieht sich zur\u00fcck. Zudem entstehen zeitgleich mit neuen Technologien und neuen Marketingstrategien auch neue Berufsfelder. Zunehmend werden hier Arbeitskr\u00e4fte mit besonderen kreativen Kompetenzen gesucht. Insgesamt k\u00f6nnen wir beobachten, wie eine gesellschaftlich breit getragene Wertsch\u00e4tzung von autonomen Kunstpraktiken in hohem Tempo Platz macht f\u00fcr eine eher pragmatische Auffassung von der Kunst \u2013 oft umschrieben mit dem Begriff der Kreativit\u00e4t.<\/p>\n\n\n\n<p>In meinem Vortrag m\u00f6chte ich die These vertreten, dass der Autonomieverlust der bildenden Kunst nicht nur die Folge eines zunehmend dominanten Marktdenkens ist. Der Autonomieverlust hat eine tiefere Logik. Er ist tief eingebettet in die Zeit, in der wir heute leben. Die Forderung, die Kunst nutzbar zu machen, ist mittlerweile auch gegenw\u00e4rtig, wenn sie nicht ausgesprochen wird. Wir k\u00f6nnen von einem Paradigmenwechsel sprechen. Die jetzt studierende Generation akzeptiert beispielsweise nicht, dass dringende Probleme der Gegenwart zwischen den W\u00e4nden der Kunstmuseen abgehandelt werden. Sie vertraut immer weniger auf eine autonome Dom\u00e4ne. Sie sucht Antworten \u00fcberwiegend au\u00dferhalb der klassischen Ausstellungsr\u00e4ume. Oder vergisst, dass es Museen \u00fcberhaupt gibt.<\/p>\n\n\n\n<p>F\u00fcr Studierende und Dozenten der Bildhauerei stellt sich die Herausforderung, die wertvollen, traditionellen Kompetenzen des skulpturalen Handelns zu aktualisieren. Eine realistische Perspektive auf zuk\u00fcnftige Arbeitsfelder f\u00fcr Bildhauer und Bildhauerinnen ist hier essentiell. Mit Beispielen aus der aktuellen Kunstgeschichte und Lehrpraxis m\u00f6chte ich meine Auffassung veranschaulichen, dass wir uns weniger von einer Vorstellung von autonomer Produktion leiten lassen sollten, sondern viel mehr von der Idee autonomer Denkgewohnheiten.<\/p>\n\n\n\n<hr class=\"wp-block-separator\"\/>\n\n\n\n<p>HARTMUT WILKENING geboren 1962 in Hamburg, wohnt und arbeitet als freier K\u00fcnstler in Amsterdam. Seit 2007 als Gastdozent an der Universit\u00e4t Paderborn. Unterrichtete an zahlreichen Akademien in Deutschland, Belgien und den Niederlanden. Momentan unterrichtet er Masterstudenten am Sandberg Instituut Amsterdam. Er studierte Bildhauerei an der Kunstakademie D\u00fcsseldorf und an der Rijksakademie Amsterdam. Einzelausstellungen unter anderen im Chinese European Art Center Xiamen, TENT Rotterdam und Galerie Rodolphe Janssen in Br\u00fcssel. Kunstauftr\u00e4ge unter anderen in Zusammenarbeit mit dem staatlichen Hochbauamt Stuttgart, der niederl\u00e4ndischen Stiftung SKOR, der Stadt Venlo und der Stadt Amsterdam.<\/p>\n\n\n","protected":false},"excerpt":{"rendered":"<p>(Amsterdam) PARADIGMENWECHSEL F\u00dcR DIE SKULPTUR = NEUES PARADIGMA F\u00dcR DIE AUSBILDUNG? Das Berufsfeld f\u00fcr Bildhauer und andere professionelle K\u00fcnstler in Europa hat sich in den letzten Jahren drastisch ver\u00e4ndert. Der Kunstmarkt realisiert mehr Umsatz mit weniger K\u00fcnstlern, die \u00f6ffentliche Hand zieht sich zur\u00fcck. Zudem entstehen zeitgleich mit neuen Technologien und neuen Marketingstrategien auch neue Berufsfelder. &#8230; <span class=\"more\"><a class=\"more-link\" href=\"http:\/\/didaktik-der-bildenden-kuenste.de\/skulptur-lehren\/?page_id=1291\">[Read more&#8230;]<\/a><\/span><\/p>\n","protected":false},"author":2,"featured_media":0,"parent":841,"menu_order":80,"comment_status":"closed","ping_status":"closed","template":"","meta":{"footnotes":""},"class_list":["entry","page","publish","author-sara","post-1291"],"yoast_head":"<!-- This site is optimized with the Yoast SEO plugin v26.8 - https:\/\/yoast.com\/product\/yoast-seo-wordpress\/ -->\n<title>Hartmut Wilkening - SKULPTUR LEHREN<\/title>\n<meta name=\"robots\" content=\"index, follow, max-snippet:-1, max-image-preview:large, max-video-preview:-1\" \/>\n<link rel=\"canonical\" href=\"http:\/\/didaktik-der-bildenden-kuenste.de\/skulptur-lehren\/?page_id=1291\" \/>\n<meta property=\"og:locale\" content=\"de_DE\" \/>\n<meta property=\"og:type\" content=\"article\" \/>\n<meta property=\"og:title\" content=\"Hartmut Wilkening - SKULPTUR LEHREN\" \/>\n<meta property=\"og:description\" content=\"(Amsterdam) PARADIGMENWECHSEL F\u00dcR DIE SKULPTUR = NEUES PARADIGMA F\u00dcR DIE AUSBILDUNG? Das Berufsfeld f\u00fcr Bildhauer und andere professionelle K\u00fcnstler in Europa hat sich in den letzten Jahren drastisch ver\u00e4ndert. Der Kunstmarkt realisiert mehr Umsatz mit weniger K\u00fcnstlern, die \u00f6ffentliche Hand zieht sich zur\u00fcck. Zudem entstehen zeitgleich mit neuen Technologien und neuen Marketingstrategien auch neue Berufsfelder. ... [Read more...]\" \/>\n<meta property=\"og:url\" content=\"http:\/\/didaktik-der-bildenden-kuenste.de\/skulptur-lehren\/?page_id=1291\" \/>\n<meta property=\"og:site_name\" content=\"SKULPTUR LEHREN\" \/>\n<meta property=\"article:modified_time\" content=\"2021-03-29T09:07:13+00:00\" \/>\n<meta name=\"twitter:card\" content=\"summary_large_image\" \/>\n<meta name=\"twitter:label1\" content=\"Gesch\u00e4tzte Lesezeit\" \/>\n\t<meta name=\"twitter:data1\" content=\"2\u00a0Minuten\" \/>\n<script type=\"application\/ld+json\" class=\"yoast-schema-graph\">{\"@context\":\"https:\/\/schema.org\",\"@graph\":[{\"@type\":\"WebPage\",\"@id\":\"http:\/\/didaktik-der-bildenden-kuenste.de\/skulptur-lehren\/?page_id=1291\",\"url\":\"http:\/\/didaktik-der-bildenden-kuenste.de\/skulptur-lehren\/?page_id=1291\",\"name\":\"Hartmut Wilkening - SKULPTUR LEHREN\",\"isPartOf\":{\"@id\":\"http:\/\/didaktik-der-bildenden-kuenste.de\/skulptur-lehren\/#website\"},\"datePublished\":\"2015-12-15T08:20:43+00:00\",\"dateModified\":\"2021-03-29T09:07:13+00:00\",\"breadcrumb\":{\"@id\":\"http:\/\/didaktik-der-bildenden-kuenste.de\/skulptur-lehren\/?page_id=1291#breadcrumb\"},\"inLanguage\":\"de\",\"potentialAction\":[{\"@type\":\"ReadAction\",\"target\":[\"http:\/\/didaktik-der-bildenden-kuenste.de\/skulptur-lehren\/?page_id=1291\"]}]},{\"@type\":\"BreadcrumbList\",\"@id\":\"http:\/\/didaktik-der-bildenden-kuenste.de\/skulptur-lehren\/?page_id=1291#breadcrumb\",\"itemListElement\":[{\"@type\":\"ListItem\",\"position\":1,\"name\":\"Home\",\"item\":\"http:\/\/didaktik-der-bildenden-kuenste.de\/skulptur-lehren\/\"},{\"@type\":\"ListItem\",\"position\":2,\"name\":\"Referentinnen und Referenten\",\"item\":\"http:\/\/didaktik-der-bildenden-kuenste.de\/skulptur-lehren\/?page_id=841\"},{\"@type\":\"ListItem\",\"position\":3,\"name\":\"Hartmut Wilkening\"}]},{\"@type\":\"WebSite\",\"@id\":\"http:\/\/didaktik-der-bildenden-kuenste.de\/skulptur-lehren\/#website\",\"url\":\"http:\/\/didaktik-der-bildenden-kuenste.de\/skulptur-lehren\/\",\"name\":\"SKULPTUR LEHREN\",\"description\":\"\",\"publisher\":{\"@id\":\"http:\/\/didaktik-der-bildenden-kuenste.de\/skulptur-lehren\/#organization\"},\"potentialAction\":[{\"@type\":\"SearchAction\",\"target\":{\"@type\":\"EntryPoint\",\"urlTemplate\":\"http:\/\/didaktik-der-bildenden-kuenste.de\/skulptur-lehren\/?s={search_term_string}\"},\"query-input\":{\"@type\":\"PropertyValueSpecification\",\"valueRequired\":true,\"valueName\":\"search_term_string\"}}],\"inLanguage\":\"de\"},{\"@type\":\"Organization\",\"@id\":\"http:\/\/didaktik-der-bildenden-kuenste.de\/skulptur-lehren\/#organization\",\"name\":\"SKULPTUR LEHREN\",\"url\":\"http:\/\/didaktik-der-bildenden-kuenste.de\/skulptur-lehren\/\",\"logo\":{\"@type\":\"ImageObject\",\"inLanguage\":\"de\",\"@id\":\"http:\/\/didaktik-der-bildenden-kuenste.de\/skulptur-lehren\/#\/schema\/logo\/image\/\",\"url\":\"\",\"contentUrl\":\"\",\"caption\":\"SKULPTUR LEHREN\"},\"image\":{\"@id\":\"http:\/\/didaktik-der-bildenden-kuenste.de\/skulptur-lehren\/#\/schema\/logo\/image\/\"}}]}<\/script>\n<!-- \/ Yoast SEO plugin. -->","yoast_head_json":{"title":"Hartmut Wilkening - SKULPTUR LEHREN","robots":{"index":"index","follow":"follow","max-snippet":"max-snippet:-1","max-image-preview":"max-image-preview:large","max-video-preview":"max-video-preview:-1"},"canonical":"http:\/\/didaktik-der-bildenden-kuenste.de\/skulptur-lehren\/?page_id=1291","og_locale":"de_DE","og_type":"article","og_title":"Hartmut Wilkening - SKULPTUR LEHREN","og_description":"(Amsterdam) PARADIGMENWECHSEL F\u00dcR DIE SKULPTUR = NEUES PARADIGMA F\u00dcR DIE AUSBILDUNG? Das Berufsfeld f\u00fcr Bildhauer und andere professionelle K\u00fcnstler in Europa hat sich in den letzten Jahren drastisch ver\u00e4ndert. Der Kunstmarkt realisiert mehr Umsatz mit weniger K\u00fcnstlern, die \u00f6ffentliche Hand zieht sich zur\u00fcck. Zudem entstehen zeitgleich mit neuen Technologien und neuen Marketingstrategien auch neue Berufsfelder. ... [Read more...]","og_url":"http:\/\/didaktik-der-bildenden-kuenste.de\/skulptur-lehren\/?page_id=1291","og_site_name":"SKULPTUR LEHREN","article_modified_time":"2021-03-29T09:07:13+00:00","twitter_card":"summary_large_image","twitter_misc":{"Gesch\u00e4tzte Lesezeit":"2\u00a0Minuten"},"schema":{"@context":"https:\/\/schema.org","@graph":[{"@type":"WebPage","@id":"http:\/\/didaktik-der-bildenden-kuenste.de\/skulptur-lehren\/?page_id=1291","url":"http:\/\/didaktik-der-bildenden-kuenste.de\/skulptur-lehren\/?page_id=1291","name":"Hartmut Wilkening - SKULPTUR LEHREN","isPartOf":{"@id":"http:\/\/didaktik-der-bildenden-kuenste.de\/skulptur-lehren\/#website"},"datePublished":"2015-12-15T08:20:43+00:00","dateModified":"2021-03-29T09:07:13+00:00","breadcrumb":{"@id":"http:\/\/didaktik-der-bildenden-kuenste.de\/skulptur-lehren\/?page_id=1291#breadcrumb"},"inLanguage":"de","potentialAction":[{"@type":"ReadAction","target":["http:\/\/didaktik-der-bildenden-kuenste.de\/skulptur-lehren\/?page_id=1291"]}]},{"@type":"BreadcrumbList","@id":"http:\/\/didaktik-der-bildenden-kuenste.de\/skulptur-lehren\/?page_id=1291#breadcrumb","itemListElement":[{"@type":"ListItem","position":1,"name":"Home","item":"http:\/\/didaktik-der-bildenden-kuenste.de\/skulptur-lehren\/"},{"@type":"ListItem","position":2,"name":"Referentinnen und Referenten","item":"http:\/\/didaktik-der-bildenden-kuenste.de\/skulptur-lehren\/?page_id=841"},{"@type":"ListItem","position":3,"name":"Hartmut Wilkening"}]},{"@type":"WebSite","@id":"http:\/\/didaktik-der-bildenden-kuenste.de\/skulptur-lehren\/#website","url":"http:\/\/didaktik-der-bildenden-kuenste.de\/skulptur-lehren\/","name":"SKULPTUR LEHREN","description":"","publisher":{"@id":"http:\/\/didaktik-der-bildenden-kuenste.de\/skulptur-lehren\/#organization"},"potentialAction":[{"@type":"SearchAction","target":{"@type":"EntryPoint","urlTemplate":"http:\/\/didaktik-der-bildenden-kuenste.de\/skulptur-lehren\/?s={search_term_string}"},"query-input":{"@type":"PropertyValueSpecification","valueRequired":true,"valueName":"search_term_string"}}],"inLanguage":"de"},{"@type":"Organization","@id":"http:\/\/didaktik-der-bildenden-kuenste.de\/skulptur-lehren\/#organization","name":"SKULPTUR LEHREN","url":"http:\/\/didaktik-der-bildenden-kuenste.de\/skulptur-lehren\/","logo":{"@type":"ImageObject","inLanguage":"de","@id":"http:\/\/didaktik-der-bildenden-kuenste.de\/skulptur-lehren\/#\/schema\/logo\/image\/","url":"","contentUrl":"","caption":"SKULPTUR LEHREN"},"image":{"@id":"http:\/\/didaktik-der-bildenden-kuenste.de\/skulptur-lehren\/#\/schema\/logo\/image\/"}}]}},"_links":{"self":[{"href":"http:\/\/didaktik-der-bildenden-kuenste.de\/skulptur-lehren\/index.php?rest_route=\/wp\/v2\/pages\/1291","targetHints":{"allow":["GET"]}}],"collection":[{"href":"http:\/\/didaktik-der-bildenden-kuenste.de\/skulptur-lehren\/index.php?rest_route=\/wp\/v2\/pages"}],"about":[{"href":"http:\/\/didaktik-der-bildenden-kuenste.de\/skulptur-lehren\/index.php?rest_route=\/wp\/v2\/types\/page"}],"author":[{"embeddable":true,"href":"http:\/\/didaktik-der-bildenden-kuenste.de\/skulptur-lehren\/index.php?rest_route=\/wp\/v2\/users\/2"}],"replies":[{"embeddable":true,"href":"http:\/\/didaktik-der-bildenden-kuenste.de\/skulptur-lehren\/index.php?rest_route=%2Fwp%2Fv2%2Fcomments&post=1291"}],"version-history":[{"count":18,"href":"http:\/\/didaktik-der-bildenden-kuenste.de\/skulptur-lehren\/index.php?rest_route=\/wp\/v2\/pages\/1291\/revisions"}],"predecessor-version":[{"id":7903,"href":"http:\/\/didaktik-der-bildenden-kuenste.de\/skulptur-lehren\/index.php?rest_route=\/wp\/v2\/pages\/1291\/revisions\/7903"}],"up":[{"embeddable":true,"href":"http:\/\/didaktik-der-bildenden-kuenste.de\/skulptur-lehren\/index.php?rest_route=\/wp\/v2\/pages\/841"}],"wp:attachment":[{"href":"http:\/\/didaktik-der-bildenden-kuenste.de\/skulptur-lehren\/index.php?rest_route=%2Fwp%2Fv2%2Fmedia&parent=1291"}],"curies":[{"name":"wp","href":"https:\/\/api.w.org\/{rel}","templated":true}]}}