{"id":1311,"date":"2015-12-15T09:21:53","date_gmt":"2015-12-15T08:21:53","guid":{"rendered":"http:\/\/didaktik-der-bildenden-kuenste.de\/skulptur-lehren\/?page_id=1311"},"modified":"2016-03-08T14:58:11","modified_gmt":"2016-03-08T13:58:11","slug":"prof-dr-petra-maria-meyer","status":"publish","type":"page","link":"http:\/\/didaktik-der-bildenden-kuenste.de\/skulptur-lehren\/?page_id=1311","title":{"rendered":"Petra Maria Meyer"},"content":{"rendered":"<p>(Muthesius Kunsthochschule Kiel)<\/p>\n<p>DAS WACHSEN DER LEERE<br \/>\nPLASTISCHES DENKEN UND FORMEN AUS PHILOSOPHISCHER SICHT<\/p>\n<p>Aus Raum einen Menschen, aus Zeit ein Geschehen zu formen, geh\u00f6rt zu den plastischen Arbeiten, die sich heute erweitert denken lassen. Das beginnt schon in der Moderne mit dem Wunsch, den aus Stein gemachten Menschen nicht zu versteinern, durch ein Wachsen der Leere ein gehauenes Bild zu unbegrenzen. Da dann Joseph Beuys noch umfassender den gewohnten physikalischen Aspekt der Kunst um die geistige Komponente erweiterte, darf er nicht fehlen. Im Vortrag sollen jedoch Raum und Zeit und ein Formen philosophisch grunds\u00e4tzlicher betrachtet werden.<\/p>\n<hr \/>\n<p>PETRA MARIA MEYER Philosophin sowie Theater- und Medienwissenschaftlerin, seit 2004 Professorin fu\u0308r Kultur- und Medienwissenschaften, von 2004 bis 2008 Intendantin des \u00bbCenter for Interdisciplinary Studies\u00ab (Forum) der Muthesius Kunsthochschule Kiel. Promotion 1992 an der Heinrich Heine-Universit\u00e4t Du\u0308sseldorf in Philosophie, Habilitation 2000 an der Johannes Gutenberg-Universit\u00e4t Mainz in Theaterwissenschaft mit medienphilosophischer Ausrichtung. Langj\u00e4hrige T\u00e4tigkeit als Lektorin, Dramaturgin und Autorin fu\u0308r den WDR-K\u00f6ln. Forschungsschwerpunkte: Medien- und Kunstphilosophie, Intermedialit\u00e4t, Akustische Kunst und Szenographie. Wichtige Buchpublikationen u. a. : \u00bbDie Stimme und ihre Schrift\u00ab 1993; \u00bbGed\u00e4chtniskultur des H\u00f6rens\u00ab, 1996; \u00bbIntermedialit\u00e4t des Theaters\u00ab, 2001; Ged\u00e4chtniskultur und ku\u0308nstlerische Erinnerungspraxis. Kieler Vorlesung zu \u00bbGed\u00e4chtnisMedienMetaphern im historischen Wandel\u00ab, erscheint 2015; (Hg.) \u00bbPerformance im medialen Wandel\u00ab, 2006; (Hg.) \u00bbAcoustic Turn\u00ab, 2008; (Hg.) \u00bbGegenbilder. Zu abweichenden Strategien der Kriegsdarstellung\u00ab, 2009, (Hg.) \u00bbIntuition\u00ab, 2012.<\/p>\n","protected":false},"excerpt":{"rendered":"<p>(Muthesius Kunsthochschule Kiel) DAS WACHSEN DER LEERE PLASTISCHES DENKEN UND FORMEN AUS PHILOSOPHISCHER SICHT Aus Raum einen Menschen, aus Zeit ein Geschehen zu formen, geh\u00f6rt zu den plastischen Arbeiten, die sich heute erweitert denken lassen. Das beginnt schon in der Moderne mit dem Wunsch, den aus Stein gemachten Menschen nicht zu versteinern, durch ein Wachsen &#8230; <span class=\"more\"><a class=\"more-link\" href=\"http:\/\/didaktik-der-bildenden-kuenste.de\/skulptur-lehren\/?page_id=1311\">[Read more&#8230;]<\/a><\/span><\/p>\n","protected":false},"author":2,"featured_media":0,"parent":841,"menu_order":45,"comment_status":"closed","ping_status":"closed","template":"","meta":{"footnotes":""},"class_list":["entry","page","publish","author-sara","post-1311"],"yoast_head":"<!-- This site is optimized with the Yoast SEO plugin v26.8 - https:\/\/yoast.com\/product\/yoast-seo-wordpress\/ -->\n<title>Petra Maria Meyer - SKULPTUR LEHREN<\/title>\n<meta name=\"robots\" content=\"index, follow, max-snippet:-1, max-image-preview:large, max-video-preview:-1\" \/>\n<link rel=\"canonical\" href=\"http:\/\/didaktik-der-bildenden-kuenste.de\/skulptur-lehren\/?page_id=1311\" \/>\n<meta property=\"og:locale\" content=\"de_DE\" \/>\n<meta property=\"og:type\" content=\"article\" \/>\n<meta property=\"og:title\" content=\"Petra Maria Meyer - SKULPTUR LEHREN\" \/>\n<meta property=\"og:description\" content=\"(Muthesius Kunsthochschule Kiel) DAS WACHSEN DER LEERE PLASTISCHES DENKEN UND FORMEN AUS PHILOSOPHISCHER SICHT Aus Raum einen Menschen, aus Zeit ein Geschehen zu formen, geh\u00f6rt zu den plastischen Arbeiten, die sich heute erweitert denken lassen. Das beginnt schon in der Moderne mit dem Wunsch, den aus Stein gemachten Menschen nicht zu versteinern, durch ein Wachsen ... [Read more...]\" \/>\n<meta property=\"og:url\" content=\"http:\/\/didaktik-der-bildenden-kuenste.de\/skulptur-lehren\/?page_id=1311\" \/>\n<meta property=\"og:site_name\" content=\"SKULPTUR LEHREN\" \/>\n<meta property=\"article:modified_time\" content=\"2016-03-08T13:58:11+00:00\" \/>\n<meta name=\"twitter:card\" content=\"summary_large_image\" \/>\n<meta name=\"twitter:label1\" content=\"Gesch\u00e4tzte Lesezeit\" \/>\n\t<meta name=\"twitter:data1\" content=\"1\u00a0Minute\" \/>\n<script type=\"application\/ld+json\" class=\"yoast-schema-graph\">{\"@context\":\"https:\/\/schema.org\",\"@graph\":[{\"@type\":\"WebPage\",\"@id\":\"http:\/\/didaktik-der-bildenden-kuenste.de\/skulptur-lehren\/?page_id=1311\",\"url\":\"http:\/\/didaktik-der-bildenden-kuenste.de\/skulptur-lehren\/?page_id=1311\",\"name\":\"Petra Maria Meyer - SKULPTUR LEHREN\",\"isPartOf\":{\"@id\":\"http:\/\/didaktik-der-bildenden-kuenste.de\/skulptur-lehren\/#website\"},\"datePublished\":\"2015-12-15T08:21:53+00:00\",\"dateModified\":\"2016-03-08T13:58:11+00:00\",\"breadcrumb\":{\"@id\":\"http:\/\/didaktik-der-bildenden-kuenste.de\/skulptur-lehren\/?page_id=1311#breadcrumb\"},\"inLanguage\":\"de\",\"potentialAction\":[{\"@type\":\"ReadAction\",\"target\":[\"http:\/\/didaktik-der-bildenden-kuenste.de\/skulptur-lehren\/?page_id=1311\"]}]},{\"@type\":\"BreadcrumbList\",\"@id\":\"http:\/\/didaktik-der-bildenden-kuenste.de\/skulptur-lehren\/?page_id=1311#breadcrumb\",\"itemListElement\":[{\"@type\":\"ListItem\",\"position\":1,\"name\":\"Home\",\"item\":\"http:\/\/didaktik-der-bildenden-kuenste.de\/skulptur-lehren\/\"},{\"@type\":\"ListItem\",\"position\":2,\"name\":\"Referentinnen und Referenten\",\"item\":\"http:\/\/didaktik-der-bildenden-kuenste.de\/skulptur-lehren\/?page_id=841\"},{\"@type\":\"ListItem\",\"position\":3,\"name\":\"Petra Maria Meyer\"}]},{\"@type\":\"WebSite\",\"@id\":\"http:\/\/didaktik-der-bildenden-kuenste.de\/skulptur-lehren\/#website\",\"url\":\"http:\/\/didaktik-der-bildenden-kuenste.de\/skulptur-lehren\/\",\"name\":\"SKULPTUR LEHREN\",\"description\":\"\",\"publisher\":{\"@id\":\"http:\/\/didaktik-der-bildenden-kuenste.de\/skulptur-lehren\/#organization\"},\"potentialAction\":[{\"@type\":\"SearchAction\",\"target\":{\"@type\":\"EntryPoint\",\"urlTemplate\":\"http:\/\/didaktik-der-bildenden-kuenste.de\/skulptur-lehren\/?s={search_term_string}\"},\"query-input\":{\"@type\":\"PropertyValueSpecification\",\"valueRequired\":true,\"valueName\":\"search_term_string\"}}],\"inLanguage\":\"de\"},{\"@type\":\"Organization\",\"@id\":\"http:\/\/didaktik-der-bildenden-kuenste.de\/skulptur-lehren\/#organization\",\"name\":\"SKULPTUR LEHREN\",\"url\":\"http:\/\/didaktik-der-bildenden-kuenste.de\/skulptur-lehren\/\",\"logo\":{\"@type\":\"ImageObject\",\"inLanguage\":\"de\",\"@id\":\"http:\/\/didaktik-der-bildenden-kuenste.de\/skulptur-lehren\/#\/schema\/logo\/image\/\",\"url\":\"\",\"contentUrl\":\"\",\"caption\":\"SKULPTUR LEHREN\"},\"image\":{\"@id\":\"http:\/\/didaktik-der-bildenden-kuenste.de\/skulptur-lehren\/#\/schema\/logo\/image\/\"}}]}<\/script>\n<!-- \/ Yoast SEO plugin. -->","yoast_head_json":{"title":"Petra Maria Meyer - SKULPTUR LEHREN","robots":{"index":"index","follow":"follow","max-snippet":"max-snippet:-1","max-image-preview":"max-image-preview:large","max-video-preview":"max-video-preview:-1"},"canonical":"http:\/\/didaktik-der-bildenden-kuenste.de\/skulptur-lehren\/?page_id=1311","og_locale":"de_DE","og_type":"article","og_title":"Petra Maria Meyer - SKULPTUR LEHREN","og_description":"(Muthesius Kunsthochschule Kiel) DAS WACHSEN DER LEERE PLASTISCHES DENKEN UND FORMEN AUS PHILOSOPHISCHER SICHT Aus Raum einen Menschen, aus Zeit ein Geschehen zu formen, geh\u00f6rt zu den plastischen Arbeiten, die sich heute erweitert denken lassen. Das beginnt schon in der Moderne mit dem Wunsch, den aus Stein gemachten Menschen nicht zu versteinern, durch ein Wachsen ... [Read more...]","og_url":"http:\/\/didaktik-der-bildenden-kuenste.de\/skulptur-lehren\/?page_id=1311","og_site_name":"SKULPTUR LEHREN","article_modified_time":"2016-03-08T13:58:11+00:00","twitter_card":"summary_large_image","twitter_misc":{"Gesch\u00e4tzte Lesezeit":"1\u00a0Minute"},"schema":{"@context":"https:\/\/schema.org","@graph":[{"@type":"WebPage","@id":"http:\/\/didaktik-der-bildenden-kuenste.de\/skulptur-lehren\/?page_id=1311","url":"http:\/\/didaktik-der-bildenden-kuenste.de\/skulptur-lehren\/?page_id=1311","name":"Petra Maria Meyer - SKULPTUR LEHREN","isPartOf":{"@id":"http:\/\/didaktik-der-bildenden-kuenste.de\/skulptur-lehren\/#website"},"datePublished":"2015-12-15T08:21:53+00:00","dateModified":"2016-03-08T13:58:11+00:00","breadcrumb":{"@id":"http:\/\/didaktik-der-bildenden-kuenste.de\/skulptur-lehren\/?page_id=1311#breadcrumb"},"inLanguage":"de","potentialAction":[{"@type":"ReadAction","target":["http:\/\/didaktik-der-bildenden-kuenste.de\/skulptur-lehren\/?page_id=1311"]}]},{"@type":"BreadcrumbList","@id":"http:\/\/didaktik-der-bildenden-kuenste.de\/skulptur-lehren\/?page_id=1311#breadcrumb","itemListElement":[{"@type":"ListItem","position":1,"name":"Home","item":"http:\/\/didaktik-der-bildenden-kuenste.de\/skulptur-lehren\/"},{"@type":"ListItem","position":2,"name":"Referentinnen und Referenten","item":"http:\/\/didaktik-der-bildenden-kuenste.de\/skulptur-lehren\/?page_id=841"},{"@type":"ListItem","position":3,"name":"Petra Maria Meyer"}]},{"@type":"WebSite","@id":"http:\/\/didaktik-der-bildenden-kuenste.de\/skulptur-lehren\/#website","url":"http:\/\/didaktik-der-bildenden-kuenste.de\/skulptur-lehren\/","name":"SKULPTUR LEHREN","description":"","publisher":{"@id":"http:\/\/didaktik-der-bildenden-kuenste.de\/skulptur-lehren\/#organization"},"potentialAction":[{"@type":"SearchAction","target":{"@type":"EntryPoint","urlTemplate":"http:\/\/didaktik-der-bildenden-kuenste.de\/skulptur-lehren\/?s={search_term_string}"},"query-input":{"@type":"PropertyValueSpecification","valueRequired":true,"valueName":"search_term_string"}}],"inLanguage":"de"},{"@type":"Organization","@id":"http:\/\/didaktik-der-bildenden-kuenste.de\/skulptur-lehren\/#organization","name":"SKULPTUR LEHREN","url":"http:\/\/didaktik-der-bildenden-kuenste.de\/skulptur-lehren\/","logo":{"@type":"ImageObject","inLanguage":"de","@id":"http:\/\/didaktik-der-bildenden-kuenste.de\/skulptur-lehren\/#\/schema\/logo\/image\/","url":"","contentUrl":"","caption":"SKULPTUR LEHREN"},"image":{"@id":"http:\/\/didaktik-der-bildenden-kuenste.de\/skulptur-lehren\/#\/schema\/logo\/image\/"}}]}},"_links":{"self":[{"href":"http:\/\/didaktik-der-bildenden-kuenste.de\/skulptur-lehren\/index.php?rest_route=\/wp\/v2\/pages\/1311","targetHints":{"allow":["GET"]}}],"collection":[{"href":"http:\/\/didaktik-der-bildenden-kuenste.de\/skulptur-lehren\/index.php?rest_route=\/wp\/v2\/pages"}],"about":[{"href":"http:\/\/didaktik-der-bildenden-kuenste.de\/skulptur-lehren\/index.php?rest_route=\/wp\/v2\/types\/page"}],"author":[{"embeddable":true,"href":"http:\/\/didaktik-der-bildenden-kuenste.de\/skulptur-lehren\/index.php?rest_route=\/wp\/v2\/users\/2"}],"replies":[{"embeddable":true,"href":"http:\/\/didaktik-der-bildenden-kuenste.de\/skulptur-lehren\/index.php?rest_route=%2Fwp%2Fv2%2Fcomments&post=1311"}],"version-history":[{"count":13,"href":"http:\/\/didaktik-der-bildenden-kuenste.de\/skulptur-lehren\/index.php?rest_route=\/wp\/v2\/pages\/1311\/revisions"}],"predecessor-version":[{"id":6452,"href":"http:\/\/didaktik-der-bildenden-kuenste.de\/skulptur-lehren\/index.php?rest_route=\/wp\/v2\/pages\/1311\/revisions\/6452"}],"up":[{"embeddable":true,"href":"http:\/\/didaktik-der-bildenden-kuenste.de\/skulptur-lehren\/index.php?rest_route=\/wp\/v2\/pages\/841"}],"wp:attachment":[{"href":"http:\/\/didaktik-der-bildenden-kuenste.de\/skulptur-lehren\/index.php?rest_route=%2Fwp%2Fv2%2Fmedia&parent=1311"}],"curies":[{"name":"wp","href":"https:\/\/api.w.org\/{rel}","templated":true}]}}