{"id":1371,"date":"2015-12-15T09:26:43","date_gmt":"2015-12-15T08:26:43","guid":{"rendered":"http:\/\/didaktik-der-bildenden-kuenste.de\/skulptur-lehren\/?page_id=1371"},"modified":"2021-03-29T10:27:33","modified_gmt":"2021-03-29T08:27:33","slug":"prof-dr-carl-peter-buschkuehle","status":"publish","type":"page","link":"http:\/\/didaktik-der-bildenden-kuenste.de\/skulptur-lehren\/?page_id=1371","title":{"rendered":"Carl-Peter Buschk\u00fchle"},"content":{"rendered":"\n<p>(Universit\u00e4t Gie\u00dfen)<\/p>\n\n\n\n<p>DENKEN IST PLASTIK. DER ERWEITERTE PLASTIK-BEGRIFF VON JOSEPH BEUYS UND DIE K\u00dcNSTLERISCHE BILDUNG<\/p>\n\n\n\n<figure class=\"wp-block-video\"><video controls src=\"http:\/\/didaktik-der-bildenden-kuenste.de\/skulptur-lehren\/wp-content\/uploads\/sites\/3\/2016\/07\/Buschkuehle.mp4\"><\/video><\/figure>\n\n\n\n<p><\/p>\n\n\n\n<p>Der von ihm gepr\u00e4gte Begriff der \u201asozialen Plastik\u2018 bringt die Dimension des erweiterten Kunstbegriffs von Joseph Beuys zum Ausdruck. Gesellschaft ist ein plastischer Prozess, der von den Einzelnen als Autoren dieses Prozesses gestaltet wird. In diesem Sinne gilt der Satz: \u201eJeder Mensch ist ein K\u00fcnstler\u201c. Im Kern ist darin der Anspruch formuliert, jeden Menschen zum K\u00fcnstler zu machen, der er ist. Beuys\u2018 Plastik-Begriff beinhaltet wesentlich eine Bildungsdimension. Gebildet werden soll das k\u00fcnstlerische Denken, welches Beuys auch als \u201eElement 3\u201c bezeichnete \u2013 die Verbindung aus Intuition und Rationalit\u00e4t. Die F\u00e4higkeiten, die mit der vollen Ausbildung der existentiellen Kreativit\u00e4t der Denkoperationen geschult werden, sind F\u00e4higkeiten zur Lebenskunst in einer globalisierten Kultur.<\/p>\n\n\n\n<hr class=\"wp-block-separator\"\/>\n\n\n\n<p>CARL-PETER BUSCHK\u00dcHLE (1957) Dr. phil., habil. Studium der Kunst, der Philosophie und der Erziehungswissenschaften in Paderborn, Wuppertal und K\u00f6ln, Professor f\u00fcr Kunstp\u00e4dagogik, 2000 &#8211; 2007 an der P\u00e4dagogischen Hochschule Heidelberg, seit 2007 an der Justus-Liebig-Universit\u00e4t Gie\u00dfen; Wissenschaftliche Arbeit in den Schwerpunkten k\u00fcnstlerische Bildung und philosophische \u00c4sthetik.<\/p>\n","protected":false},"excerpt":{"rendered":"<p>(Universit\u00e4t Gie\u00dfen) DENKEN IST PLASTIK. DER ERWEITERTE PLASTIK-BEGRIFF VON JOSEPH BEUYS UND DIE K\u00dcNSTLERISCHE BILDUNG Der von ihm gepr\u00e4gte Begriff der \u201asozialen Plastik\u2018 bringt die Dimension des erweiterten Kunstbegriffs von Joseph Beuys zum Ausdruck. Gesellschaft ist ein plastischer Prozess, der von den Einzelnen als Autoren dieses Prozesses gestaltet wird. In diesem Sinne gilt der Satz: &#8230; <span class=\"more\"><a class=\"more-link\" href=\"http:\/\/didaktik-der-bildenden-kuenste.de\/skulptur-lehren\/?page_id=1371\">[Read more&#8230;]<\/a><\/span><\/p>\n","protected":false},"author":2,"featured_media":0,"parent":841,"menu_order":10,"comment_status":"closed","ping_status":"closed","template":"","meta":{"footnotes":""},"class_list":["entry","page","publish","author-sara","post-1371"],"yoast_head":"<!-- This site is optimized with the Yoast SEO plugin v26.8 - https:\/\/yoast.com\/product\/yoast-seo-wordpress\/ -->\n<title>Carl-Peter Buschk\u00fchle - SKULPTUR LEHREN<\/title>\n<meta name=\"robots\" content=\"index, follow, max-snippet:-1, max-image-preview:large, max-video-preview:-1\" \/>\n<link rel=\"canonical\" href=\"http:\/\/didaktik-der-bildenden-kuenste.de\/skulptur-lehren\/?page_id=1371\" \/>\n<meta property=\"og:locale\" content=\"de_DE\" \/>\n<meta property=\"og:type\" content=\"article\" \/>\n<meta property=\"og:title\" content=\"Carl-Peter Buschk\u00fchle - SKULPTUR LEHREN\" \/>\n<meta property=\"og:description\" content=\"(Universit\u00e4t Gie\u00dfen) DENKEN IST PLASTIK. DER ERWEITERTE PLASTIK-BEGRIFF VON JOSEPH BEUYS UND DIE K\u00dcNSTLERISCHE BILDUNG Der von ihm gepr\u00e4gte Begriff der \u201asozialen Plastik\u2018 bringt die Dimension des erweiterten Kunstbegriffs von Joseph Beuys zum Ausdruck. Gesellschaft ist ein plastischer Prozess, der von den Einzelnen als Autoren dieses Prozesses gestaltet wird. In diesem Sinne gilt der Satz: ... [Read more...]\" \/>\n<meta property=\"og:url\" content=\"http:\/\/didaktik-der-bildenden-kuenste.de\/skulptur-lehren\/?page_id=1371\" \/>\n<meta property=\"og:site_name\" content=\"SKULPTUR LEHREN\" \/>\n<meta property=\"article:modified_time\" content=\"2021-03-29T08:27:33+00:00\" \/>\n<meta name=\"twitter:card\" content=\"summary_large_image\" \/>\n<meta name=\"twitter:label1\" content=\"Gesch\u00e4tzte Lesezeit\" \/>\n\t<meta name=\"twitter:data1\" content=\"1\u00a0Minute\" \/>\n<script type=\"application\/ld+json\" class=\"yoast-schema-graph\">{\"@context\":\"https:\/\/schema.org\",\"@graph\":[{\"@type\":\"WebPage\",\"@id\":\"http:\/\/didaktik-der-bildenden-kuenste.de\/skulptur-lehren\/?page_id=1371\",\"url\":\"http:\/\/didaktik-der-bildenden-kuenste.de\/skulptur-lehren\/?page_id=1371\",\"name\":\"Carl-Peter Buschk\u00fchle - SKULPTUR LEHREN\",\"isPartOf\":{\"@id\":\"http:\/\/didaktik-der-bildenden-kuenste.de\/skulptur-lehren\/#website\"},\"datePublished\":\"2015-12-15T08:26:43+00:00\",\"dateModified\":\"2021-03-29T08:27:33+00:00\",\"breadcrumb\":{\"@id\":\"http:\/\/didaktik-der-bildenden-kuenste.de\/skulptur-lehren\/?page_id=1371#breadcrumb\"},\"inLanguage\":\"de\",\"potentialAction\":[{\"@type\":\"ReadAction\",\"target\":[\"http:\/\/didaktik-der-bildenden-kuenste.de\/skulptur-lehren\/?page_id=1371\"]}]},{\"@type\":\"BreadcrumbList\",\"@id\":\"http:\/\/didaktik-der-bildenden-kuenste.de\/skulptur-lehren\/?page_id=1371#breadcrumb\",\"itemListElement\":[{\"@type\":\"ListItem\",\"position\":1,\"name\":\"Home\",\"item\":\"http:\/\/didaktik-der-bildenden-kuenste.de\/skulptur-lehren\/\"},{\"@type\":\"ListItem\",\"position\":2,\"name\":\"Referentinnen und Referenten\",\"item\":\"http:\/\/didaktik-der-bildenden-kuenste.de\/skulptur-lehren\/?page_id=841\"},{\"@type\":\"ListItem\",\"position\":3,\"name\":\"Carl-Peter Buschk\u00fchle\"}]},{\"@type\":\"WebSite\",\"@id\":\"http:\/\/didaktik-der-bildenden-kuenste.de\/skulptur-lehren\/#website\",\"url\":\"http:\/\/didaktik-der-bildenden-kuenste.de\/skulptur-lehren\/\",\"name\":\"SKULPTUR LEHREN\",\"description\":\"\",\"publisher\":{\"@id\":\"http:\/\/didaktik-der-bildenden-kuenste.de\/skulptur-lehren\/#organization\"},\"potentialAction\":[{\"@type\":\"SearchAction\",\"target\":{\"@type\":\"EntryPoint\",\"urlTemplate\":\"http:\/\/didaktik-der-bildenden-kuenste.de\/skulptur-lehren\/?s={search_term_string}\"},\"query-input\":{\"@type\":\"PropertyValueSpecification\",\"valueRequired\":true,\"valueName\":\"search_term_string\"}}],\"inLanguage\":\"de\"},{\"@type\":\"Organization\",\"@id\":\"http:\/\/didaktik-der-bildenden-kuenste.de\/skulptur-lehren\/#organization\",\"name\":\"SKULPTUR LEHREN\",\"url\":\"http:\/\/didaktik-der-bildenden-kuenste.de\/skulptur-lehren\/\",\"logo\":{\"@type\":\"ImageObject\",\"inLanguage\":\"de\",\"@id\":\"http:\/\/didaktik-der-bildenden-kuenste.de\/skulptur-lehren\/#\/schema\/logo\/image\/\",\"url\":\"\",\"contentUrl\":\"\",\"caption\":\"SKULPTUR LEHREN\"},\"image\":{\"@id\":\"http:\/\/didaktik-der-bildenden-kuenste.de\/skulptur-lehren\/#\/schema\/logo\/image\/\"}}]}<\/script>\n<!-- \/ Yoast SEO plugin. -->","yoast_head_json":{"title":"Carl-Peter Buschk\u00fchle - SKULPTUR LEHREN","robots":{"index":"index","follow":"follow","max-snippet":"max-snippet:-1","max-image-preview":"max-image-preview:large","max-video-preview":"max-video-preview:-1"},"canonical":"http:\/\/didaktik-der-bildenden-kuenste.de\/skulptur-lehren\/?page_id=1371","og_locale":"de_DE","og_type":"article","og_title":"Carl-Peter Buschk\u00fchle - SKULPTUR LEHREN","og_description":"(Universit\u00e4t Gie\u00dfen) DENKEN IST PLASTIK. DER ERWEITERTE PLASTIK-BEGRIFF VON JOSEPH BEUYS UND DIE K\u00dcNSTLERISCHE BILDUNG Der von ihm gepr\u00e4gte Begriff der \u201asozialen Plastik\u2018 bringt die Dimension des erweiterten Kunstbegriffs von Joseph Beuys zum Ausdruck. Gesellschaft ist ein plastischer Prozess, der von den Einzelnen als Autoren dieses Prozesses gestaltet wird. In diesem Sinne gilt der Satz: ... [Read more...]","og_url":"http:\/\/didaktik-der-bildenden-kuenste.de\/skulptur-lehren\/?page_id=1371","og_site_name":"SKULPTUR LEHREN","article_modified_time":"2021-03-29T08:27:33+00:00","twitter_card":"summary_large_image","twitter_misc":{"Gesch\u00e4tzte Lesezeit":"1\u00a0Minute"},"schema":{"@context":"https:\/\/schema.org","@graph":[{"@type":"WebPage","@id":"http:\/\/didaktik-der-bildenden-kuenste.de\/skulptur-lehren\/?page_id=1371","url":"http:\/\/didaktik-der-bildenden-kuenste.de\/skulptur-lehren\/?page_id=1371","name":"Carl-Peter Buschk\u00fchle - SKULPTUR LEHREN","isPartOf":{"@id":"http:\/\/didaktik-der-bildenden-kuenste.de\/skulptur-lehren\/#website"},"datePublished":"2015-12-15T08:26:43+00:00","dateModified":"2021-03-29T08:27:33+00:00","breadcrumb":{"@id":"http:\/\/didaktik-der-bildenden-kuenste.de\/skulptur-lehren\/?page_id=1371#breadcrumb"},"inLanguage":"de","potentialAction":[{"@type":"ReadAction","target":["http:\/\/didaktik-der-bildenden-kuenste.de\/skulptur-lehren\/?page_id=1371"]}]},{"@type":"BreadcrumbList","@id":"http:\/\/didaktik-der-bildenden-kuenste.de\/skulptur-lehren\/?page_id=1371#breadcrumb","itemListElement":[{"@type":"ListItem","position":1,"name":"Home","item":"http:\/\/didaktik-der-bildenden-kuenste.de\/skulptur-lehren\/"},{"@type":"ListItem","position":2,"name":"Referentinnen und Referenten","item":"http:\/\/didaktik-der-bildenden-kuenste.de\/skulptur-lehren\/?page_id=841"},{"@type":"ListItem","position":3,"name":"Carl-Peter Buschk\u00fchle"}]},{"@type":"WebSite","@id":"http:\/\/didaktik-der-bildenden-kuenste.de\/skulptur-lehren\/#website","url":"http:\/\/didaktik-der-bildenden-kuenste.de\/skulptur-lehren\/","name":"SKULPTUR LEHREN","description":"","publisher":{"@id":"http:\/\/didaktik-der-bildenden-kuenste.de\/skulptur-lehren\/#organization"},"potentialAction":[{"@type":"SearchAction","target":{"@type":"EntryPoint","urlTemplate":"http:\/\/didaktik-der-bildenden-kuenste.de\/skulptur-lehren\/?s={search_term_string}"},"query-input":{"@type":"PropertyValueSpecification","valueRequired":true,"valueName":"search_term_string"}}],"inLanguage":"de"},{"@type":"Organization","@id":"http:\/\/didaktik-der-bildenden-kuenste.de\/skulptur-lehren\/#organization","name":"SKULPTUR LEHREN","url":"http:\/\/didaktik-der-bildenden-kuenste.de\/skulptur-lehren\/","logo":{"@type":"ImageObject","inLanguage":"de","@id":"http:\/\/didaktik-der-bildenden-kuenste.de\/skulptur-lehren\/#\/schema\/logo\/image\/","url":"","contentUrl":"","caption":"SKULPTUR LEHREN"},"image":{"@id":"http:\/\/didaktik-der-bildenden-kuenste.de\/skulptur-lehren\/#\/schema\/logo\/image\/"}}]}},"_links":{"self":[{"href":"http:\/\/didaktik-der-bildenden-kuenste.de\/skulptur-lehren\/index.php?rest_route=\/wp\/v2\/pages\/1371","targetHints":{"allow":["GET"]}}],"collection":[{"href":"http:\/\/didaktik-der-bildenden-kuenste.de\/skulptur-lehren\/index.php?rest_route=\/wp\/v2\/pages"}],"about":[{"href":"http:\/\/didaktik-der-bildenden-kuenste.de\/skulptur-lehren\/index.php?rest_route=\/wp\/v2\/types\/page"}],"author":[{"embeddable":true,"href":"http:\/\/didaktik-der-bildenden-kuenste.de\/skulptur-lehren\/index.php?rest_route=\/wp\/v2\/users\/2"}],"replies":[{"embeddable":true,"href":"http:\/\/didaktik-der-bildenden-kuenste.de\/skulptur-lehren\/index.php?rest_route=%2Fwp%2Fv2%2Fcomments&post=1371"}],"version-history":[{"count":12,"href":"http:\/\/didaktik-der-bildenden-kuenste.de\/skulptur-lehren\/index.php?rest_route=\/wp\/v2\/pages\/1371\/revisions"}],"predecessor-version":[{"id":7901,"href":"http:\/\/didaktik-der-bildenden-kuenste.de\/skulptur-lehren\/index.php?rest_route=\/wp\/v2\/pages\/1371\/revisions\/7901"}],"up":[{"embeddable":true,"href":"http:\/\/didaktik-der-bildenden-kuenste.de\/skulptur-lehren\/index.php?rest_route=\/wp\/v2\/pages\/841"}],"wp:attachment":[{"href":"http:\/\/didaktik-der-bildenden-kuenste.de\/skulptur-lehren\/index.php?rest_route=%2Fwp%2Fv2%2Fmedia&parent=1371"}],"curies":[{"name":"wp","href":"https:\/\/api.w.org\/{rel}","templated":true}]}}