{"id":1431,"date":"2015-12-15T09:30:59","date_gmt":"2015-12-15T08:30:59","guid":{"rendered":"http:\/\/didaktik-der-bildenden-kuenste.de\/skulptur-lehren\/?page_id=1431"},"modified":"2016-02-01T13:33:43","modified_gmt":"2016-02-01T12:33:43","slug":"anna-penning","status":"publish","type":"page","link":"http:\/\/didaktik-der-bildenden-kuenste.de\/skulptur-lehren\/?page_id=1431","title":{"rendered":"Anna Penning"},"content":{"rendered":"<p>(Universit\u00e4t Paderborn)<\/p>\n<p>SKULPTURALES HANDELN IM AKUSTISCHEN RAUM<\/p>\n<p>Die Materialit\u00e4t zeitgen\u00f6ssischer Skulpturen und Installationen ist vielgestaltig und l\u00e4sst sich nicht allein mit dem visuell-optischen Sinn wahrnehmen: Zum grunds\u00e4tzlich gegebenen K\u00f6rperbezug der Skulptur durch ihre reale Pr\u00e4senz im Raum kommen Ger\u00fcche, T\u00f6ne und Ger\u00e4usche, Geschm\u00e4cker, syn\u00e4sthetische Wahrnehmungen, haptische Wahrnehmungen auf der Haut wie Wind, W\u00e4rme oder der Gleichgewichtssinn wird angesprochen. Exemplarisch f\u00fcr diese Entwicklung ist eine Erweiterung skulpturalen Handelns ins Akustische. Doch was haben skulpturale Kunstwerke, die neben Sehsinn und Haptik auch den H\u00f6rsinn ansprechen, gemeinsam? Wie werden sie wahrgenommen und welche didaktischen Potentiale ergeben sich aus dieser neuen Skulpturwahrnehmung?<br \/>\nUnter Ber\u00fccksichtigung einschl\u00e4giger Literatur zum Thema Klangkunst lassen sich drei Entwicklungen ausmachen, welche die Besonderheiten der Verwendung von Klang als skulpturalem Material bedingen, aber auch exemplarisch f\u00fcr viele andere zeitgen\u00f6ssische, skulpturale und installative Arbeiten sind: Zum einen ist ein sich stetig erweiterndes Materialverst\u00e4ndnis zu verzeichnen, welches sinnliche Erfahrungen von Skulptur erm\u00f6glicht, die \u00fcber das Visuelle weit hinausgehen. Zum anderen zeigt sich eine sich ver\u00e4ndernde raum-zeitliche Organisation, von Sabine Sanio treffend als \u201e\u00e4sthetische Situation\u201c beschrieben. Hier l\u00e4sst sich neben der zunehmenden Relevanz der r\u00e4umlichen und kontextuellen Verortung eine Tendenz zur Verzeitlichung feststellen sowie die Verschiebung des Fokus vom fertigen, dinghaften Kunstwerk auf den Prozess, das Machen. Drittens ist eine zunehmende Involvierung des Rezipienten in die Skulptur oder Installation, bis hin zu einer direkten Mitwirkung\/ Partizipationsm\u00f6glichkeit festzustellen.<br \/>\nIn diesen drei Entwicklungen hat das Akustische exemplarischen Charakter f\u00fcr die Kunst des 20. Jahrhunderts und der Gegenwart. Skulpturales Handeln im akustischen Raum ist somit auch relevant f\u00fcr den kunstdidaktischen Diskurs.<\/p>\n<hr \/>\n<p>ANNA PENNING Wiss. Mitarbeiterin im Bereich Kunst und ihre Didaktik (Schwerpunkt Bildhauerei) an der Universit\u00e4t Paderborn; Ausbildung und T\u00e4tigkeit als Glasmalerin; Lehramtsstudium an der Universit\u00e4t Paderborn, 1. Staatsexamen; Arbeitsschwerpunkt Kunst und Sound: Kl\u00e4nge in Skulptur und Installation.<\/p>\n","protected":false},"excerpt":{"rendered":"<p>(Universit\u00e4t Paderborn) SKULPTURALES HANDELN IM AKUSTISCHEN RAUM Die Materialit\u00e4t zeitgen\u00f6ssischer Skulpturen und Installationen ist vielgestaltig und l\u00e4sst sich nicht allein mit dem visuell-optischen Sinn wahrnehmen: Zum grunds\u00e4tzlich gegebenen K\u00f6rperbezug der Skulptur durch ihre reale Pr\u00e4senz im Raum kommen Ger\u00fcche, T\u00f6ne und Ger\u00e4usche, Geschm\u00e4cker, syn\u00e4sthetische Wahrnehmungen, haptische Wahrnehmungen auf der Haut wie Wind, W\u00e4rme oder der &#8230; <span class=\"more\"><a class=\"more-link\" href=\"http:\/\/didaktik-der-bildenden-kuenste.de\/skulptur-lehren\/?page_id=1431\">[Read more&#8230;]<\/a><\/span><\/p>\n","protected":false},"author":2,"featured_media":0,"parent":841,"menu_order":55,"comment_status":"closed","ping_status":"closed","template":"","meta":{"footnotes":""},"class_list":["entry","page","publish","author-sara","post-1431"],"yoast_head":"<!-- This site is optimized with the Yoast SEO plugin v26.8 - https:\/\/yoast.com\/product\/yoast-seo-wordpress\/ -->\n<title>Anna Penning - SKULPTUR LEHREN<\/title>\n<meta name=\"robots\" content=\"index, follow, max-snippet:-1, max-image-preview:large, max-video-preview:-1\" \/>\n<link rel=\"canonical\" href=\"http:\/\/didaktik-der-bildenden-kuenste.de\/skulptur-lehren\/?page_id=1431\" \/>\n<meta property=\"og:locale\" content=\"de_DE\" \/>\n<meta property=\"og:type\" content=\"article\" \/>\n<meta property=\"og:title\" content=\"Anna Penning - SKULPTUR LEHREN\" \/>\n<meta property=\"og:description\" content=\"(Universit\u00e4t Paderborn) SKULPTURALES HANDELN IM AKUSTISCHEN RAUM Die Materialit\u00e4t zeitgen\u00f6ssischer Skulpturen und Installationen ist vielgestaltig und l\u00e4sst sich nicht allein mit dem visuell-optischen Sinn wahrnehmen: Zum grunds\u00e4tzlich gegebenen K\u00f6rperbezug der Skulptur durch ihre reale Pr\u00e4senz im Raum kommen Ger\u00fcche, T\u00f6ne und Ger\u00e4usche, Geschm\u00e4cker, syn\u00e4sthetische Wahrnehmungen, haptische Wahrnehmungen auf der Haut wie Wind, W\u00e4rme oder der ... [Read more...]\" \/>\n<meta property=\"og:url\" content=\"http:\/\/didaktik-der-bildenden-kuenste.de\/skulptur-lehren\/?page_id=1431\" \/>\n<meta property=\"og:site_name\" content=\"SKULPTUR LEHREN\" \/>\n<meta property=\"article:modified_time\" content=\"2016-02-01T12:33:43+00:00\" \/>\n<meta name=\"twitter:card\" content=\"summary_large_image\" \/>\n<meta name=\"twitter:label1\" content=\"Gesch\u00e4tzte Lesezeit\" \/>\n\t<meta name=\"twitter:data1\" content=\"2\u00a0Minuten\" \/>\n<script type=\"application\/ld+json\" class=\"yoast-schema-graph\">{\"@context\":\"https:\/\/schema.org\",\"@graph\":[{\"@type\":\"WebPage\",\"@id\":\"http:\/\/didaktik-der-bildenden-kuenste.de\/skulptur-lehren\/?page_id=1431\",\"url\":\"http:\/\/didaktik-der-bildenden-kuenste.de\/skulptur-lehren\/?page_id=1431\",\"name\":\"Anna Penning - SKULPTUR LEHREN\",\"isPartOf\":{\"@id\":\"http:\/\/didaktik-der-bildenden-kuenste.de\/skulptur-lehren\/#website\"},\"datePublished\":\"2015-12-15T08:30:59+00:00\",\"dateModified\":\"2016-02-01T12:33:43+00:00\",\"breadcrumb\":{\"@id\":\"http:\/\/didaktik-der-bildenden-kuenste.de\/skulptur-lehren\/?page_id=1431#breadcrumb\"},\"inLanguage\":\"de\",\"potentialAction\":[{\"@type\":\"ReadAction\",\"target\":[\"http:\/\/didaktik-der-bildenden-kuenste.de\/skulptur-lehren\/?page_id=1431\"]}]},{\"@type\":\"BreadcrumbList\",\"@id\":\"http:\/\/didaktik-der-bildenden-kuenste.de\/skulptur-lehren\/?page_id=1431#breadcrumb\",\"itemListElement\":[{\"@type\":\"ListItem\",\"position\":1,\"name\":\"Home\",\"item\":\"http:\/\/didaktik-der-bildenden-kuenste.de\/skulptur-lehren\/\"},{\"@type\":\"ListItem\",\"position\":2,\"name\":\"Referentinnen und Referenten\",\"item\":\"http:\/\/didaktik-der-bildenden-kuenste.de\/skulptur-lehren\/?page_id=841\"},{\"@type\":\"ListItem\",\"position\":3,\"name\":\"Anna Penning\"}]},{\"@type\":\"WebSite\",\"@id\":\"http:\/\/didaktik-der-bildenden-kuenste.de\/skulptur-lehren\/#website\",\"url\":\"http:\/\/didaktik-der-bildenden-kuenste.de\/skulptur-lehren\/\",\"name\":\"SKULPTUR LEHREN\",\"description\":\"\",\"publisher\":{\"@id\":\"http:\/\/didaktik-der-bildenden-kuenste.de\/skulptur-lehren\/#organization\"},\"potentialAction\":[{\"@type\":\"SearchAction\",\"target\":{\"@type\":\"EntryPoint\",\"urlTemplate\":\"http:\/\/didaktik-der-bildenden-kuenste.de\/skulptur-lehren\/?s={search_term_string}\"},\"query-input\":{\"@type\":\"PropertyValueSpecification\",\"valueRequired\":true,\"valueName\":\"search_term_string\"}}],\"inLanguage\":\"de\"},{\"@type\":\"Organization\",\"@id\":\"http:\/\/didaktik-der-bildenden-kuenste.de\/skulptur-lehren\/#organization\",\"name\":\"SKULPTUR LEHREN\",\"url\":\"http:\/\/didaktik-der-bildenden-kuenste.de\/skulptur-lehren\/\",\"logo\":{\"@type\":\"ImageObject\",\"inLanguage\":\"de\",\"@id\":\"http:\/\/didaktik-der-bildenden-kuenste.de\/skulptur-lehren\/#\/schema\/logo\/image\/\",\"url\":\"\",\"contentUrl\":\"\",\"caption\":\"SKULPTUR LEHREN\"},\"image\":{\"@id\":\"http:\/\/didaktik-der-bildenden-kuenste.de\/skulptur-lehren\/#\/schema\/logo\/image\/\"}}]}<\/script>\n<!-- \/ Yoast SEO plugin. -->","yoast_head_json":{"title":"Anna Penning - SKULPTUR LEHREN","robots":{"index":"index","follow":"follow","max-snippet":"max-snippet:-1","max-image-preview":"max-image-preview:large","max-video-preview":"max-video-preview:-1"},"canonical":"http:\/\/didaktik-der-bildenden-kuenste.de\/skulptur-lehren\/?page_id=1431","og_locale":"de_DE","og_type":"article","og_title":"Anna Penning - SKULPTUR LEHREN","og_description":"(Universit\u00e4t Paderborn) SKULPTURALES HANDELN IM AKUSTISCHEN RAUM Die Materialit\u00e4t zeitgen\u00f6ssischer Skulpturen und Installationen ist vielgestaltig und l\u00e4sst sich nicht allein mit dem visuell-optischen Sinn wahrnehmen: Zum grunds\u00e4tzlich gegebenen K\u00f6rperbezug der Skulptur durch ihre reale Pr\u00e4senz im Raum kommen Ger\u00fcche, T\u00f6ne und Ger\u00e4usche, Geschm\u00e4cker, syn\u00e4sthetische Wahrnehmungen, haptische Wahrnehmungen auf der Haut wie Wind, W\u00e4rme oder der ... [Read more...]","og_url":"http:\/\/didaktik-der-bildenden-kuenste.de\/skulptur-lehren\/?page_id=1431","og_site_name":"SKULPTUR LEHREN","article_modified_time":"2016-02-01T12:33:43+00:00","twitter_card":"summary_large_image","twitter_misc":{"Gesch\u00e4tzte Lesezeit":"2\u00a0Minuten"},"schema":{"@context":"https:\/\/schema.org","@graph":[{"@type":"WebPage","@id":"http:\/\/didaktik-der-bildenden-kuenste.de\/skulptur-lehren\/?page_id=1431","url":"http:\/\/didaktik-der-bildenden-kuenste.de\/skulptur-lehren\/?page_id=1431","name":"Anna Penning - SKULPTUR LEHREN","isPartOf":{"@id":"http:\/\/didaktik-der-bildenden-kuenste.de\/skulptur-lehren\/#website"},"datePublished":"2015-12-15T08:30:59+00:00","dateModified":"2016-02-01T12:33:43+00:00","breadcrumb":{"@id":"http:\/\/didaktik-der-bildenden-kuenste.de\/skulptur-lehren\/?page_id=1431#breadcrumb"},"inLanguage":"de","potentialAction":[{"@type":"ReadAction","target":["http:\/\/didaktik-der-bildenden-kuenste.de\/skulptur-lehren\/?page_id=1431"]}]},{"@type":"BreadcrumbList","@id":"http:\/\/didaktik-der-bildenden-kuenste.de\/skulptur-lehren\/?page_id=1431#breadcrumb","itemListElement":[{"@type":"ListItem","position":1,"name":"Home","item":"http:\/\/didaktik-der-bildenden-kuenste.de\/skulptur-lehren\/"},{"@type":"ListItem","position":2,"name":"Referentinnen und Referenten","item":"http:\/\/didaktik-der-bildenden-kuenste.de\/skulptur-lehren\/?page_id=841"},{"@type":"ListItem","position":3,"name":"Anna Penning"}]},{"@type":"WebSite","@id":"http:\/\/didaktik-der-bildenden-kuenste.de\/skulptur-lehren\/#website","url":"http:\/\/didaktik-der-bildenden-kuenste.de\/skulptur-lehren\/","name":"SKULPTUR LEHREN","description":"","publisher":{"@id":"http:\/\/didaktik-der-bildenden-kuenste.de\/skulptur-lehren\/#organization"},"potentialAction":[{"@type":"SearchAction","target":{"@type":"EntryPoint","urlTemplate":"http:\/\/didaktik-der-bildenden-kuenste.de\/skulptur-lehren\/?s={search_term_string}"},"query-input":{"@type":"PropertyValueSpecification","valueRequired":true,"valueName":"search_term_string"}}],"inLanguage":"de"},{"@type":"Organization","@id":"http:\/\/didaktik-der-bildenden-kuenste.de\/skulptur-lehren\/#organization","name":"SKULPTUR LEHREN","url":"http:\/\/didaktik-der-bildenden-kuenste.de\/skulptur-lehren\/","logo":{"@type":"ImageObject","inLanguage":"de","@id":"http:\/\/didaktik-der-bildenden-kuenste.de\/skulptur-lehren\/#\/schema\/logo\/image\/","url":"","contentUrl":"","caption":"SKULPTUR LEHREN"},"image":{"@id":"http:\/\/didaktik-der-bildenden-kuenste.de\/skulptur-lehren\/#\/schema\/logo\/image\/"}}]}},"_links":{"self":[{"href":"http:\/\/didaktik-der-bildenden-kuenste.de\/skulptur-lehren\/index.php?rest_route=\/wp\/v2\/pages\/1431","targetHints":{"allow":["GET"]}}],"collection":[{"href":"http:\/\/didaktik-der-bildenden-kuenste.de\/skulptur-lehren\/index.php?rest_route=\/wp\/v2\/pages"}],"about":[{"href":"http:\/\/didaktik-der-bildenden-kuenste.de\/skulptur-lehren\/index.php?rest_route=\/wp\/v2\/types\/page"}],"author":[{"embeddable":true,"href":"http:\/\/didaktik-der-bildenden-kuenste.de\/skulptur-lehren\/index.php?rest_route=\/wp\/v2\/users\/2"}],"replies":[{"embeddable":true,"href":"http:\/\/didaktik-der-bildenden-kuenste.de\/skulptur-lehren\/index.php?rest_route=%2Fwp%2Fv2%2Fcomments&post=1431"}],"version-history":[{"count":12,"href":"http:\/\/didaktik-der-bildenden-kuenste.de\/skulptur-lehren\/index.php?rest_route=\/wp\/v2\/pages\/1431\/revisions"}],"predecessor-version":[{"id":4452,"href":"http:\/\/didaktik-der-bildenden-kuenste.de\/skulptur-lehren\/index.php?rest_route=\/wp\/v2\/pages\/1431\/revisions\/4452"}],"up":[{"embeddable":true,"href":"http:\/\/didaktik-der-bildenden-kuenste.de\/skulptur-lehren\/index.php?rest_route=\/wp\/v2\/pages\/841"}],"wp:attachment":[{"href":"http:\/\/didaktik-der-bildenden-kuenste.de\/skulptur-lehren\/index.php?rest_route=%2Fwp%2Fv2%2Fmedia&parent=1431"}],"curies":[{"name":"wp","href":"https:\/\/api.w.org\/{rel}","templated":true}]}}