{"id":1451,"date":"2015-12-15T09:32:06","date_gmt":"2015-12-15T08:32:06","guid":{"rendered":"http:\/\/didaktik-der-bildenden-kuenste.de\/skulptur-lehren\/?page_id=1451"},"modified":"2021-03-29T14:18:38","modified_gmt":"2021-03-29T12:18:38","slug":"prof-gereon-krebber","status":"publish","type":"page","link":"http:\/\/didaktik-der-bildenden-kuenste.de\/skulptur-lehren\/?page_id=1451","title":{"rendered":"Gereon Krebber"},"content":{"rendered":"\n<p>(Kunstakademie D\u00fcsseldorf)<\/p>\n\n\n\n<p>IMMER \u00c4RGER MIT DER SCHWERKRAFT<\/p>\n\n\n\n<figure class=\"wp-block-video\"><video controls src=\"http:\/\/didaktik-der-bildenden-kuenste.de\/skulptur-lehren\/wp-content\/uploads\/sites\/3\/2016\/07\/11A_Krebber.mp4\"><\/video><\/figure>\n\n\n\n<p><\/p>\n\n\n\n<p>&#8222;Bau das mal&#8220; lautet mein Standardspruch, wenn ich mal wieder zu skulpturaler T\u00e4tigkeit animieren m\u00f6chte. Ich unterrichte im Orientierungsbereich der Kunstakademie D\u00fcsseldorf. Die meisten, die frisch an die Akademie kommen, malen und zeichnen. Das gilt zumindest am Anfang nach wie vor als Leitbild des K\u00fcnstlers und liegt vor allem direkt im Rahmen eigener M\u00f6glichkeiten. Das war bei mir auch so. Ich bin auch erst im Rahmen der Akademie zu einer skulpturalen T\u00e4tigkeit gekommen. Die Faszination am Material, an der Formfindung und Pr\u00e4senz hat mich nicht mehr losgelassen. Ich zeige am Beispiel meiner eigenen Arbeit, wie sich das bei mir entwickelt hat und erz\u00e4hle davon, wie ich meine eigene Faszination jetzt an andere vermitteln m\u00f6chte. Meine These dabei: Malen und inzwischen auch Fotografie sind die Einstiegsdrogen. Skulptur ist nicht unbedingt der h\u00e4rtere Stoff, aber gibt den Kick des Realen. Dabei geht es mir nicht um einen bedrogten Paragone, sondern um die Kraft eines Gegen\u00fcber. Es geht mir um eine fantasievolle und spielerische Praxis, die Pr\u00e4senzen erschafft.<\/p>\n\n\n\n<hr class=\"wp-block-separator\"\/>\n\n\n\n<p>GEREON KREBBER Seit 2012 Professor f\u00fcr Bildhauerei im Orientierungsbereich der Kunstakademie D\u00fcsseldorf. Von 1994-2000 studierte er Bildhauerei an der Kunstakademie D\u00fcsseldorf bei Prof. Luise Kimme, Prof. Tony Cragg und Prof. Hubert Kiecol , anschlie\u00dfend bis 2002 am Royal College of Art, London. Nach seiner Lehrt\u00e4tigkeit an der University of East London im Bereich BA Fine Art (2003-2008) hatte er von 2010-2011 eine Gastprofessur an der Hochschule der bildenden K\u00fcnste in Hamburg inne. Gereon Krebber gewann eine Reihe von Preisen und Stipendien und stellt in Museen, Kunstvereinen und Galerien im In- und Ausland aus.<\/p>\n","protected":false},"excerpt":{"rendered":"<p>(Kunstakademie D\u00fcsseldorf) IMMER \u00c4RGER MIT DER SCHWERKRAFT &#8222;Bau das mal&#8220; lautet mein Standardspruch, wenn ich mal wieder zu skulpturaler T\u00e4tigkeit animieren m\u00f6chte. Ich unterrichte im Orientierungsbereich der Kunstakademie D\u00fcsseldorf. Die meisten, die frisch an die Akademie kommen, malen und zeichnen. Das gilt zumindest am Anfang nach wie vor als Leitbild des K\u00fcnstlers und liegt vor &#8230; <span class=\"more\"><a class=\"more-link\" href=\"http:\/\/didaktik-der-bildenden-kuenste.de\/skulptur-lehren\/?page_id=1451\">[Read more&#8230;]<\/a><\/span><\/p>\n","protected":false},"author":2,"featured_media":0,"parent":841,"menu_order":40,"comment_status":"closed","ping_status":"closed","template":"","meta":{"footnotes":""},"class_list":["entry","page","publish","author-sara","post-1451"],"yoast_head":"<!-- This site is optimized with the Yoast SEO plugin v26.8 - https:\/\/yoast.com\/product\/yoast-seo-wordpress\/ -->\n<title>Gereon Krebber - SKULPTUR LEHREN<\/title>\n<meta name=\"robots\" content=\"index, follow, max-snippet:-1, max-image-preview:large, max-video-preview:-1\" \/>\n<link rel=\"canonical\" href=\"http:\/\/didaktik-der-bildenden-kuenste.de\/skulptur-lehren\/?page_id=1451\" \/>\n<meta property=\"og:locale\" content=\"de_DE\" \/>\n<meta property=\"og:type\" content=\"article\" \/>\n<meta property=\"og:title\" content=\"Gereon Krebber - SKULPTUR LEHREN\" \/>\n<meta property=\"og:description\" content=\"(Kunstakademie D\u00fcsseldorf) IMMER \u00c4RGER MIT DER SCHWERKRAFT &#8222;Bau das mal&#8220; lautet mein Standardspruch, wenn ich mal wieder zu skulpturaler T\u00e4tigkeit animieren m\u00f6chte. Ich unterrichte im Orientierungsbereich der Kunstakademie D\u00fcsseldorf. Die meisten, die frisch an die Akademie kommen, malen und zeichnen. Das gilt zumindest am Anfang nach wie vor als Leitbild des K\u00fcnstlers und liegt vor ... [Read more...]\" \/>\n<meta property=\"og:url\" content=\"http:\/\/didaktik-der-bildenden-kuenste.de\/skulptur-lehren\/?page_id=1451\" \/>\n<meta property=\"og:site_name\" content=\"SKULPTUR LEHREN\" \/>\n<meta property=\"article:modified_time\" content=\"2021-03-29T12:18:38+00:00\" \/>\n<meta name=\"twitter:card\" content=\"summary_large_image\" \/>\n<meta name=\"twitter:label1\" content=\"Gesch\u00e4tzte Lesezeit\" \/>\n\t<meta name=\"twitter:data1\" content=\"1\u00a0Minute\" \/>\n<script type=\"application\/ld+json\" class=\"yoast-schema-graph\">{\"@context\":\"https:\/\/schema.org\",\"@graph\":[{\"@type\":\"WebPage\",\"@id\":\"http:\/\/didaktik-der-bildenden-kuenste.de\/skulptur-lehren\/?page_id=1451\",\"url\":\"http:\/\/didaktik-der-bildenden-kuenste.de\/skulptur-lehren\/?page_id=1451\",\"name\":\"Gereon Krebber - SKULPTUR LEHREN\",\"isPartOf\":{\"@id\":\"http:\/\/didaktik-der-bildenden-kuenste.de\/skulptur-lehren\/#website\"},\"datePublished\":\"2015-12-15T08:32:06+00:00\",\"dateModified\":\"2021-03-29T12:18:38+00:00\",\"breadcrumb\":{\"@id\":\"http:\/\/didaktik-der-bildenden-kuenste.de\/skulptur-lehren\/?page_id=1451#breadcrumb\"},\"inLanguage\":\"de\",\"potentialAction\":[{\"@type\":\"ReadAction\",\"target\":[\"http:\/\/didaktik-der-bildenden-kuenste.de\/skulptur-lehren\/?page_id=1451\"]}]},{\"@type\":\"BreadcrumbList\",\"@id\":\"http:\/\/didaktik-der-bildenden-kuenste.de\/skulptur-lehren\/?page_id=1451#breadcrumb\",\"itemListElement\":[{\"@type\":\"ListItem\",\"position\":1,\"name\":\"Home\",\"item\":\"http:\/\/didaktik-der-bildenden-kuenste.de\/skulptur-lehren\/\"},{\"@type\":\"ListItem\",\"position\":2,\"name\":\"Referentinnen und Referenten\",\"item\":\"http:\/\/didaktik-der-bildenden-kuenste.de\/skulptur-lehren\/?page_id=841\"},{\"@type\":\"ListItem\",\"position\":3,\"name\":\"Gereon Krebber\"}]},{\"@type\":\"WebSite\",\"@id\":\"http:\/\/didaktik-der-bildenden-kuenste.de\/skulptur-lehren\/#website\",\"url\":\"http:\/\/didaktik-der-bildenden-kuenste.de\/skulptur-lehren\/\",\"name\":\"SKULPTUR LEHREN\",\"description\":\"\",\"publisher\":{\"@id\":\"http:\/\/didaktik-der-bildenden-kuenste.de\/skulptur-lehren\/#organization\"},\"potentialAction\":[{\"@type\":\"SearchAction\",\"target\":{\"@type\":\"EntryPoint\",\"urlTemplate\":\"http:\/\/didaktik-der-bildenden-kuenste.de\/skulptur-lehren\/?s={search_term_string}\"},\"query-input\":{\"@type\":\"PropertyValueSpecification\",\"valueRequired\":true,\"valueName\":\"search_term_string\"}}],\"inLanguage\":\"de\"},{\"@type\":\"Organization\",\"@id\":\"http:\/\/didaktik-der-bildenden-kuenste.de\/skulptur-lehren\/#organization\",\"name\":\"SKULPTUR LEHREN\",\"url\":\"http:\/\/didaktik-der-bildenden-kuenste.de\/skulptur-lehren\/\",\"logo\":{\"@type\":\"ImageObject\",\"inLanguage\":\"de\",\"@id\":\"http:\/\/didaktik-der-bildenden-kuenste.de\/skulptur-lehren\/#\/schema\/logo\/image\/\",\"url\":\"\",\"contentUrl\":\"\",\"caption\":\"SKULPTUR LEHREN\"},\"image\":{\"@id\":\"http:\/\/didaktik-der-bildenden-kuenste.de\/skulptur-lehren\/#\/schema\/logo\/image\/\"}}]}<\/script>\n<!-- \/ Yoast SEO plugin. -->","yoast_head_json":{"title":"Gereon Krebber - SKULPTUR LEHREN","robots":{"index":"index","follow":"follow","max-snippet":"max-snippet:-1","max-image-preview":"max-image-preview:large","max-video-preview":"max-video-preview:-1"},"canonical":"http:\/\/didaktik-der-bildenden-kuenste.de\/skulptur-lehren\/?page_id=1451","og_locale":"de_DE","og_type":"article","og_title":"Gereon Krebber - SKULPTUR LEHREN","og_description":"(Kunstakademie D\u00fcsseldorf) IMMER \u00c4RGER MIT DER SCHWERKRAFT &#8222;Bau das mal&#8220; lautet mein Standardspruch, wenn ich mal wieder zu skulpturaler T\u00e4tigkeit animieren m\u00f6chte. Ich unterrichte im Orientierungsbereich der Kunstakademie D\u00fcsseldorf. Die meisten, die frisch an die Akademie kommen, malen und zeichnen. Das gilt zumindest am Anfang nach wie vor als Leitbild des K\u00fcnstlers und liegt vor ... [Read more...]","og_url":"http:\/\/didaktik-der-bildenden-kuenste.de\/skulptur-lehren\/?page_id=1451","og_site_name":"SKULPTUR LEHREN","article_modified_time":"2021-03-29T12:18:38+00:00","twitter_card":"summary_large_image","twitter_misc":{"Gesch\u00e4tzte Lesezeit":"1\u00a0Minute"},"schema":{"@context":"https:\/\/schema.org","@graph":[{"@type":"WebPage","@id":"http:\/\/didaktik-der-bildenden-kuenste.de\/skulptur-lehren\/?page_id=1451","url":"http:\/\/didaktik-der-bildenden-kuenste.de\/skulptur-lehren\/?page_id=1451","name":"Gereon Krebber - SKULPTUR LEHREN","isPartOf":{"@id":"http:\/\/didaktik-der-bildenden-kuenste.de\/skulptur-lehren\/#website"},"datePublished":"2015-12-15T08:32:06+00:00","dateModified":"2021-03-29T12:18:38+00:00","breadcrumb":{"@id":"http:\/\/didaktik-der-bildenden-kuenste.de\/skulptur-lehren\/?page_id=1451#breadcrumb"},"inLanguage":"de","potentialAction":[{"@type":"ReadAction","target":["http:\/\/didaktik-der-bildenden-kuenste.de\/skulptur-lehren\/?page_id=1451"]}]},{"@type":"BreadcrumbList","@id":"http:\/\/didaktik-der-bildenden-kuenste.de\/skulptur-lehren\/?page_id=1451#breadcrumb","itemListElement":[{"@type":"ListItem","position":1,"name":"Home","item":"http:\/\/didaktik-der-bildenden-kuenste.de\/skulptur-lehren\/"},{"@type":"ListItem","position":2,"name":"Referentinnen und Referenten","item":"http:\/\/didaktik-der-bildenden-kuenste.de\/skulptur-lehren\/?page_id=841"},{"@type":"ListItem","position":3,"name":"Gereon Krebber"}]},{"@type":"WebSite","@id":"http:\/\/didaktik-der-bildenden-kuenste.de\/skulptur-lehren\/#website","url":"http:\/\/didaktik-der-bildenden-kuenste.de\/skulptur-lehren\/","name":"SKULPTUR LEHREN","description":"","publisher":{"@id":"http:\/\/didaktik-der-bildenden-kuenste.de\/skulptur-lehren\/#organization"},"potentialAction":[{"@type":"SearchAction","target":{"@type":"EntryPoint","urlTemplate":"http:\/\/didaktik-der-bildenden-kuenste.de\/skulptur-lehren\/?s={search_term_string}"},"query-input":{"@type":"PropertyValueSpecification","valueRequired":true,"valueName":"search_term_string"}}],"inLanguage":"de"},{"@type":"Organization","@id":"http:\/\/didaktik-der-bildenden-kuenste.de\/skulptur-lehren\/#organization","name":"SKULPTUR LEHREN","url":"http:\/\/didaktik-der-bildenden-kuenste.de\/skulptur-lehren\/","logo":{"@type":"ImageObject","inLanguage":"de","@id":"http:\/\/didaktik-der-bildenden-kuenste.de\/skulptur-lehren\/#\/schema\/logo\/image\/","url":"","contentUrl":"","caption":"SKULPTUR LEHREN"},"image":{"@id":"http:\/\/didaktik-der-bildenden-kuenste.de\/skulptur-lehren\/#\/schema\/logo\/image\/"}}]}},"_links":{"self":[{"href":"http:\/\/didaktik-der-bildenden-kuenste.de\/skulptur-lehren\/index.php?rest_route=\/wp\/v2\/pages\/1451","targetHints":{"allow":["GET"]}}],"collection":[{"href":"http:\/\/didaktik-der-bildenden-kuenste.de\/skulptur-lehren\/index.php?rest_route=\/wp\/v2\/pages"}],"about":[{"href":"http:\/\/didaktik-der-bildenden-kuenste.de\/skulptur-lehren\/index.php?rest_route=\/wp\/v2\/types\/page"}],"author":[{"embeddable":true,"href":"http:\/\/didaktik-der-bildenden-kuenste.de\/skulptur-lehren\/index.php?rest_route=\/wp\/v2\/users\/2"}],"replies":[{"embeddable":true,"href":"http:\/\/didaktik-der-bildenden-kuenste.de\/skulptur-lehren\/index.php?rest_route=%2Fwp%2Fv2%2Fcomments&post=1451"}],"version-history":[{"count":11,"href":"http:\/\/didaktik-der-bildenden-kuenste.de\/skulptur-lehren\/index.php?rest_route=\/wp\/v2\/pages\/1451\/revisions"}],"predecessor-version":[{"id":7913,"href":"http:\/\/didaktik-der-bildenden-kuenste.de\/skulptur-lehren\/index.php?rest_route=\/wp\/v2\/pages\/1451\/revisions\/7913"}],"up":[{"embeddable":true,"href":"http:\/\/didaktik-der-bildenden-kuenste.de\/skulptur-lehren\/index.php?rest_route=\/wp\/v2\/pages\/841"}],"wp:attachment":[{"href":"http:\/\/didaktik-der-bildenden-kuenste.de\/skulptur-lehren\/index.php?rest_route=%2Fwp%2Fv2%2Fmedia&parent=1451"}],"curies":[{"name":"wp","href":"https:\/\/api.w.org\/{rel}","templated":true}]}}