{"id":1471,"date":"2015-12-15T09:32:49","date_gmt":"2015-12-15T08:32:49","guid":{"rendered":"http:\/\/didaktik-der-bildenden-kuenste.de\/skulptur-lehren\/?page_id=1471"},"modified":"2021-03-30T10:02:57","modified_gmt":"2021-03-30T08:02:57","slug":"johanna-schwarz","status":"publish","type":"page","link":"http:\/\/didaktik-der-bildenden-kuenste.de\/skulptur-lehren\/?page_id=1471","title":{"rendered":"Johanna Schwarz"},"content":{"rendered":"\n<p>(Universit\u00e4t Duisburg Essen)<\/p>\n\n\n\n<p>EINFACHIMRAUM<\/p>\n\n\n\n<p>R\u00e4ume sind Lebewesen*<\/p>\n\n\n\n<figure class=\"wp-block-video\"><video controls src=\"http:\/\/didaktik-der-bildenden-kuenste.de\/skulptur-lehren\/wp-content\/uploads\/sites\/3\/2016\/07\/07A_Schwarz.mp4\"><\/video><\/figure>\n\n\n\n<p><\/p>\n\n\n\n<p>Der Kursraum, die Universit\u00e4t, der Campus, die Strasse, der Container, das Ladenlokal, die leere Kirche, das Kunsthaus, der Tr\u00f6delladen\u2026<\/p>\n\n\n\n<p>Wie wird wo k\u00fcnstlerisch agiert?<br>Wie wird auf Raum reagiert und womit?<br>Wo findet man neue M\u00f6glichkeiten, um sich real (nicht im Modell) mit Raum und Lebensraum auseinanderzusetzen?<\/p>\n\n\n\n<p>Ausgew\u00e4hlte studentische Arbeiten werden unter diesen Aspekten vorgestellt und analysiert. Der Fokus liegt auf der Einfachheit der Mittel. Wie kann man in der Lehre ohne viel Geld, Zeit, Material und hervorragende r\u00e4umliche Strukturen dennoch im Raum agieren und auf ihn reagieren.<br>Es wird der Frage nachgegangen, wie skulpturale Erfahrung, Raumwahrnehmung und ortsbezogenes Arbeiten mit einfachen gestalterischen Mitteln initiiert werden kann und welche konzeptuellen und k\u00fcnstlerischen Aspekte den vorgestellten Kursprojekten zu Grunde liegen.<\/p>\n\n\n\n<p>* aus: Franz Xaver Baier, Der Raum, S. 7, K\u00f6ln, 2000<\/p>\n\n\n\n<hr class=\"wp-block-separator\"\/>\n\n\n\n<p>JOHANNA SCHWARZ K\u00fcnstlerin und Kunstvermittlerin. K\u00fcnstlerische Mitarbeiterin an der Universit\u00e4t Duisburg-Essen im Institut f\u00fcr Kunst- und Kunstwissenschaft. Schwerpunkt der Lehre ist das dreidimensionale Arbeiten mit Fokus auf Raum, Rauminstallation, Konzeptuelles Arbeiten.<br>2004-2010 u.a. Dozentin an den Hochschulen f\u00fcr Kunst und Gestaltung Bern und Z\u00fcrich, Lehrauftr\u00e4ge an den Universit\u00e4ten Dortmund, Siegen und Bielefeld. Freie Mitarbeit u.a. bei Schule+Kultur der Bildungsdirektion des Kanton Z\u00fcrich und in der Stiftung Wilhelm Lehmbruck Museum, Duisburg. Mitarbeit bei verschiedenen Theaterprojekten im Bereich Kost\u00fcm\/Raum. Seit 2014 Atelier und kuratorische Mitarbeit im Kunsthaus Essen.<\/p>\n","protected":false},"excerpt":{"rendered":"<p>(Universit\u00e4t Duisburg Essen) EINFACHIMRAUM R\u00e4ume sind Lebewesen* Der Kursraum, die Universit\u00e4t, der Campus, die Strasse, der Container, das Ladenlokal, die leere Kirche, das Kunsthaus, der Tr\u00f6delladen\u2026 Wie wird wo k\u00fcnstlerisch agiert?Wie wird auf Raum reagiert und womit?Wo findet man neue M\u00f6glichkeiten, um sich real (nicht im Modell) mit Raum und Lebensraum auseinanderzusetzen? Ausgew\u00e4hlte studentische Arbeiten &#8230; <span class=\"more\"><a class=\"more-link\" href=\"http:\/\/didaktik-der-bildenden-kuenste.de\/skulptur-lehren\/?page_id=1471\">[Read more&#8230;]<\/a><\/span><\/p>\n","protected":false},"author":2,"featured_media":0,"parent":841,"menu_order":70,"comment_status":"closed","ping_status":"closed","template":"","meta":{"footnotes":""},"class_list":["entry","page","publish","author-sara","post-1471"],"yoast_head":"<!-- This site is optimized with the Yoast SEO plugin v26.8 - https:\/\/yoast.com\/product\/yoast-seo-wordpress\/ -->\n<title>Johanna Schwarz - SKULPTUR LEHREN<\/title>\n<meta name=\"robots\" content=\"index, follow, max-snippet:-1, max-image-preview:large, max-video-preview:-1\" \/>\n<link rel=\"canonical\" href=\"http:\/\/didaktik-der-bildenden-kuenste.de\/skulptur-lehren\/?page_id=1471\" \/>\n<meta property=\"og:locale\" content=\"de_DE\" \/>\n<meta property=\"og:type\" content=\"article\" \/>\n<meta property=\"og:title\" content=\"Johanna Schwarz - SKULPTUR LEHREN\" \/>\n<meta property=\"og:description\" content=\"(Universit\u00e4t Duisburg Essen) EINFACHIMRAUM R\u00e4ume sind Lebewesen* Der Kursraum, die Universit\u00e4t, der Campus, die Strasse, der Container, das Ladenlokal, die leere Kirche, das Kunsthaus, der Tr\u00f6delladen\u2026 Wie wird wo k\u00fcnstlerisch agiert?Wie wird auf Raum reagiert und womit?Wo findet man neue M\u00f6glichkeiten, um sich real (nicht im Modell) mit Raum und Lebensraum auseinanderzusetzen? Ausgew\u00e4hlte studentische Arbeiten ... [Read more...]\" \/>\n<meta property=\"og:url\" content=\"http:\/\/didaktik-der-bildenden-kuenste.de\/skulptur-lehren\/?page_id=1471\" \/>\n<meta property=\"og:site_name\" content=\"SKULPTUR LEHREN\" \/>\n<meta property=\"article:modified_time\" content=\"2021-03-30T08:02:57+00:00\" \/>\n<meta name=\"twitter:card\" content=\"summary_large_image\" \/>\n<meta name=\"twitter:label1\" content=\"Gesch\u00e4tzte Lesezeit\" \/>\n\t<meta name=\"twitter:data1\" content=\"1\u00a0Minute\" \/>\n<script type=\"application\/ld+json\" class=\"yoast-schema-graph\">{\"@context\":\"https:\/\/schema.org\",\"@graph\":[{\"@type\":\"WebPage\",\"@id\":\"http:\/\/didaktik-der-bildenden-kuenste.de\/skulptur-lehren\/?page_id=1471\",\"url\":\"http:\/\/didaktik-der-bildenden-kuenste.de\/skulptur-lehren\/?page_id=1471\",\"name\":\"Johanna Schwarz - SKULPTUR LEHREN\",\"isPartOf\":{\"@id\":\"http:\/\/didaktik-der-bildenden-kuenste.de\/skulptur-lehren\/#website\"},\"datePublished\":\"2015-12-15T08:32:49+00:00\",\"dateModified\":\"2021-03-30T08:02:57+00:00\",\"breadcrumb\":{\"@id\":\"http:\/\/didaktik-der-bildenden-kuenste.de\/skulptur-lehren\/?page_id=1471#breadcrumb\"},\"inLanguage\":\"de\",\"potentialAction\":[{\"@type\":\"ReadAction\",\"target\":[\"http:\/\/didaktik-der-bildenden-kuenste.de\/skulptur-lehren\/?page_id=1471\"]}]},{\"@type\":\"BreadcrumbList\",\"@id\":\"http:\/\/didaktik-der-bildenden-kuenste.de\/skulptur-lehren\/?page_id=1471#breadcrumb\",\"itemListElement\":[{\"@type\":\"ListItem\",\"position\":1,\"name\":\"Home\",\"item\":\"http:\/\/didaktik-der-bildenden-kuenste.de\/skulptur-lehren\/\"},{\"@type\":\"ListItem\",\"position\":2,\"name\":\"Referentinnen und Referenten\",\"item\":\"http:\/\/didaktik-der-bildenden-kuenste.de\/skulptur-lehren\/?page_id=841\"},{\"@type\":\"ListItem\",\"position\":3,\"name\":\"Johanna Schwarz\"}]},{\"@type\":\"WebSite\",\"@id\":\"http:\/\/didaktik-der-bildenden-kuenste.de\/skulptur-lehren\/#website\",\"url\":\"http:\/\/didaktik-der-bildenden-kuenste.de\/skulptur-lehren\/\",\"name\":\"SKULPTUR LEHREN\",\"description\":\"\",\"publisher\":{\"@id\":\"http:\/\/didaktik-der-bildenden-kuenste.de\/skulptur-lehren\/#organization\"},\"potentialAction\":[{\"@type\":\"SearchAction\",\"target\":{\"@type\":\"EntryPoint\",\"urlTemplate\":\"http:\/\/didaktik-der-bildenden-kuenste.de\/skulptur-lehren\/?s={search_term_string}\"},\"query-input\":{\"@type\":\"PropertyValueSpecification\",\"valueRequired\":true,\"valueName\":\"search_term_string\"}}],\"inLanguage\":\"de\"},{\"@type\":\"Organization\",\"@id\":\"http:\/\/didaktik-der-bildenden-kuenste.de\/skulptur-lehren\/#organization\",\"name\":\"SKULPTUR LEHREN\",\"url\":\"http:\/\/didaktik-der-bildenden-kuenste.de\/skulptur-lehren\/\",\"logo\":{\"@type\":\"ImageObject\",\"inLanguage\":\"de\",\"@id\":\"http:\/\/didaktik-der-bildenden-kuenste.de\/skulptur-lehren\/#\/schema\/logo\/image\/\",\"url\":\"\",\"contentUrl\":\"\",\"caption\":\"SKULPTUR LEHREN\"},\"image\":{\"@id\":\"http:\/\/didaktik-der-bildenden-kuenste.de\/skulptur-lehren\/#\/schema\/logo\/image\/\"}}]}<\/script>\n<!-- \/ Yoast SEO plugin. -->","yoast_head_json":{"title":"Johanna Schwarz - SKULPTUR LEHREN","robots":{"index":"index","follow":"follow","max-snippet":"max-snippet:-1","max-image-preview":"max-image-preview:large","max-video-preview":"max-video-preview:-1"},"canonical":"http:\/\/didaktik-der-bildenden-kuenste.de\/skulptur-lehren\/?page_id=1471","og_locale":"de_DE","og_type":"article","og_title":"Johanna Schwarz - SKULPTUR LEHREN","og_description":"(Universit\u00e4t Duisburg Essen) EINFACHIMRAUM R\u00e4ume sind Lebewesen* Der Kursraum, die Universit\u00e4t, der Campus, die Strasse, der Container, das Ladenlokal, die leere Kirche, das Kunsthaus, der Tr\u00f6delladen\u2026 Wie wird wo k\u00fcnstlerisch agiert?Wie wird auf Raum reagiert und womit?Wo findet man neue M\u00f6glichkeiten, um sich real (nicht im Modell) mit Raum und Lebensraum auseinanderzusetzen? Ausgew\u00e4hlte studentische Arbeiten ... [Read more...]","og_url":"http:\/\/didaktik-der-bildenden-kuenste.de\/skulptur-lehren\/?page_id=1471","og_site_name":"SKULPTUR LEHREN","article_modified_time":"2021-03-30T08:02:57+00:00","twitter_card":"summary_large_image","twitter_misc":{"Gesch\u00e4tzte Lesezeit":"1\u00a0Minute"},"schema":{"@context":"https:\/\/schema.org","@graph":[{"@type":"WebPage","@id":"http:\/\/didaktik-der-bildenden-kuenste.de\/skulptur-lehren\/?page_id=1471","url":"http:\/\/didaktik-der-bildenden-kuenste.de\/skulptur-lehren\/?page_id=1471","name":"Johanna Schwarz - SKULPTUR LEHREN","isPartOf":{"@id":"http:\/\/didaktik-der-bildenden-kuenste.de\/skulptur-lehren\/#website"},"datePublished":"2015-12-15T08:32:49+00:00","dateModified":"2021-03-30T08:02:57+00:00","breadcrumb":{"@id":"http:\/\/didaktik-der-bildenden-kuenste.de\/skulptur-lehren\/?page_id=1471#breadcrumb"},"inLanguage":"de","potentialAction":[{"@type":"ReadAction","target":["http:\/\/didaktik-der-bildenden-kuenste.de\/skulptur-lehren\/?page_id=1471"]}]},{"@type":"BreadcrumbList","@id":"http:\/\/didaktik-der-bildenden-kuenste.de\/skulptur-lehren\/?page_id=1471#breadcrumb","itemListElement":[{"@type":"ListItem","position":1,"name":"Home","item":"http:\/\/didaktik-der-bildenden-kuenste.de\/skulptur-lehren\/"},{"@type":"ListItem","position":2,"name":"Referentinnen und Referenten","item":"http:\/\/didaktik-der-bildenden-kuenste.de\/skulptur-lehren\/?page_id=841"},{"@type":"ListItem","position":3,"name":"Johanna Schwarz"}]},{"@type":"WebSite","@id":"http:\/\/didaktik-der-bildenden-kuenste.de\/skulptur-lehren\/#website","url":"http:\/\/didaktik-der-bildenden-kuenste.de\/skulptur-lehren\/","name":"SKULPTUR LEHREN","description":"","publisher":{"@id":"http:\/\/didaktik-der-bildenden-kuenste.de\/skulptur-lehren\/#organization"},"potentialAction":[{"@type":"SearchAction","target":{"@type":"EntryPoint","urlTemplate":"http:\/\/didaktik-der-bildenden-kuenste.de\/skulptur-lehren\/?s={search_term_string}"},"query-input":{"@type":"PropertyValueSpecification","valueRequired":true,"valueName":"search_term_string"}}],"inLanguage":"de"},{"@type":"Organization","@id":"http:\/\/didaktik-der-bildenden-kuenste.de\/skulptur-lehren\/#organization","name":"SKULPTUR LEHREN","url":"http:\/\/didaktik-der-bildenden-kuenste.de\/skulptur-lehren\/","logo":{"@type":"ImageObject","inLanguage":"de","@id":"http:\/\/didaktik-der-bildenden-kuenste.de\/skulptur-lehren\/#\/schema\/logo\/image\/","url":"","contentUrl":"","caption":"SKULPTUR LEHREN"},"image":{"@id":"http:\/\/didaktik-der-bildenden-kuenste.de\/skulptur-lehren\/#\/schema\/logo\/image\/"}}]}},"_links":{"self":[{"href":"http:\/\/didaktik-der-bildenden-kuenste.de\/skulptur-lehren\/index.php?rest_route=\/wp\/v2\/pages\/1471","targetHints":{"allow":["GET"]}}],"collection":[{"href":"http:\/\/didaktik-der-bildenden-kuenste.de\/skulptur-lehren\/index.php?rest_route=\/wp\/v2\/pages"}],"about":[{"href":"http:\/\/didaktik-der-bildenden-kuenste.de\/skulptur-lehren\/index.php?rest_route=\/wp\/v2\/types\/page"}],"author":[{"embeddable":true,"href":"http:\/\/didaktik-der-bildenden-kuenste.de\/skulptur-lehren\/index.php?rest_route=\/wp\/v2\/users\/2"}],"replies":[{"embeddable":true,"href":"http:\/\/didaktik-der-bildenden-kuenste.de\/skulptur-lehren\/index.php?rest_route=%2Fwp%2Fv2%2Fcomments&post=1471"}],"version-history":[{"count":11,"href":"http:\/\/didaktik-der-bildenden-kuenste.de\/skulptur-lehren\/index.php?rest_route=\/wp\/v2\/pages\/1471\/revisions"}],"predecessor-version":[{"id":7918,"href":"http:\/\/didaktik-der-bildenden-kuenste.de\/skulptur-lehren\/index.php?rest_route=\/wp\/v2\/pages\/1471\/revisions\/7918"}],"up":[{"embeddable":true,"href":"http:\/\/didaktik-der-bildenden-kuenste.de\/skulptur-lehren\/index.php?rest_route=\/wp\/v2\/pages\/841"}],"wp:attachment":[{"href":"http:\/\/didaktik-der-bildenden-kuenste.de\/skulptur-lehren\/index.php?rest_route=%2Fwp%2Fv2%2Fmedia&parent=1471"}],"curies":[{"name":"wp","href":"https:\/\/api.w.org\/{rel}","templated":true}]}}