{"id":1511,"date":"2015-12-15T09:35:20","date_gmt":"2015-12-15T08:35:20","guid":{"rendered":"http:\/\/didaktik-der-bildenden-kuenste.de\/skulptur-lehren\/?page_id=1511"},"modified":"2016-03-08T12:15:35","modified_gmt":"2016-03-08T11:15:35","slug":"anja-ciupka","status":"publish","type":"page","link":"http:\/\/didaktik-der-bildenden-kuenste.de\/skulptur-lehren\/?page_id=1511","title":{"rendered":"Anja Ciupka"},"content":{"rendered":"<p>(Universit\u00e4t Siegen)<\/p>\n<p>HAUPTSACHE DREIDIMENSIONAL<br \/>\nK\u00dcNSTLERISCHE LEHRE IM ERSTEN SEMESTER DES LEHRAMTSTUDIUMS KUNST<\/p>\n<p>Der Vortrag folgt der Einladung, etwas zu meiner eigenen k\u00fcnstlerischen Arbeit im erweiterten Feld von Installation, Skulptur und Zeichnung und der Arbeit mit Studierenden an der Universit\u00e4t Siegen vor dem Hintergrund k\u00fcnstlerischer und kunstp\u00e4dagogischer \u00dcberlegungen zu berichten. Hierzu unternehme ich den Versuch, mit Hilfe einer r\u00e4umlich forschenden Haltung selbstreflexiv Einflussfaktoren auf die Entstehungsprozesse meiner eigenen k\u00fcnstlerischen Arbeit aufzuzeigen, um anschlie\u00dfend herauszuarbeiten, auf welche Art und Weise ich dieses Wissen im Rahmen meiner k\u00fcnstlerischen Lehre im Bereich \u201ePlastik\u201c im ersten Semesters des Lehramtsstudiums Kunst, also am \u00dcbergang der Studierenden vom schulischen Kunstunterricht zum Studium, einbringe.<\/p>\n<hr \/>\n<p>ANJA CIUPKA AOR, wiss. Mitarbeiterin f\u00fcr Bildende Kunst und ihre Didaktik sowie Plastik an der Universit\u00e4t Siegen. Sie studierte Kunst und Germanistik an der Universit\u00e4t Siegen f\u00fcr das Lehramt der Sekundarstufen I und II. Nach dem ersten Staatsexamen studierte sie Freie Kunst an der Kunstakademie D\u00fcsseldorf und wurde Meistersch\u00fclerin von Prof. Magdalena Jetelov\u00e1. Anschlie\u00dfend war sie wissenschaftliche Volont\u00e4rin an der Kunstsammlung NRW in der Abteilung f\u00fcr Bildung. F\u00fcr ihre k\u00fcnstlerische Arbeit erhielt sie zahlreiche Auszeichnungen, wie das Stipendium der Deutschen Akademie Rom Villa Massimo f\u00fcr Casa Baldi in Olevano Romano oder die Nachwuchsf\u00f6rderung Bildende Kunst der Kunststiftung NRW. Ihre Arbeiten werden in Museen, Kunstvereinen und Galerien ausgestellt. Forschungsschwerpunkte: Vermittlung zeitgen\u00f6ssischer Kunst vorm Original, Zeichnerisches Handeln von Kindern. K\u00fcnstlerischer Schwerpunkt:<br \/>\nInstallation, Skulptur, Zeichnung.<\/p>\n","protected":false},"excerpt":{"rendered":"<p>(Universit\u00e4t Siegen) HAUPTSACHE DREIDIMENSIONAL K\u00dcNSTLERISCHE LEHRE IM ERSTEN SEMESTER DES LEHRAMTSTUDIUMS KUNST Der Vortrag folgt der Einladung, etwas zu meiner eigenen k\u00fcnstlerischen Arbeit im erweiterten Feld von Installation, Skulptur und Zeichnung und der Arbeit mit Studierenden an der Universit\u00e4t Siegen vor dem Hintergrund k\u00fcnstlerischer und kunstp\u00e4dagogischer \u00dcberlegungen zu berichten. Hierzu unternehme ich den Versuch, mit &#8230; <span class=\"more\"><a class=\"more-link\" href=\"http:\/\/didaktik-der-bildenden-kuenste.de\/skulptur-lehren\/?page_id=1511\">[Read more&#8230;]<\/a><\/span><\/p>\n","protected":false},"author":2,"featured_media":0,"parent":841,"menu_order":20,"comment_status":"closed","ping_status":"closed","template":"","meta":{"footnotes":""},"class_list":["entry","page","publish","author-sara","post-1511"],"yoast_head":"<!-- This site is optimized with the Yoast SEO plugin v26.8 - https:\/\/yoast.com\/product\/yoast-seo-wordpress\/ -->\n<title>Anja Ciupka - SKULPTUR LEHREN<\/title>\n<meta name=\"robots\" content=\"index, follow, max-snippet:-1, max-image-preview:large, max-video-preview:-1\" \/>\n<link rel=\"canonical\" href=\"http:\/\/didaktik-der-bildenden-kuenste.de\/skulptur-lehren\/?page_id=1511\" \/>\n<meta property=\"og:locale\" content=\"de_DE\" \/>\n<meta property=\"og:type\" content=\"article\" \/>\n<meta property=\"og:title\" content=\"Anja Ciupka - SKULPTUR LEHREN\" \/>\n<meta property=\"og:description\" content=\"(Universit\u00e4t Siegen) HAUPTSACHE DREIDIMENSIONAL K\u00dcNSTLERISCHE LEHRE IM ERSTEN SEMESTER DES LEHRAMTSTUDIUMS KUNST Der Vortrag folgt der Einladung, etwas zu meiner eigenen k\u00fcnstlerischen Arbeit im erweiterten Feld von Installation, Skulptur und Zeichnung und der Arbeit mit Studierenden an der Universit\u00e4t Siegen vor dem Hintergrund k\u00fcnstlerischer und kunstp\u00e4dagogischer \u00dcberlegungen zu berichten. Hierzu unternehme ich den Versuch, mit ... [Read more...]\" \/>\n<meta property=\"og:url\" content=\"http:\/\/didaktik-der-bildenden-kuenste.de\/skulptur-lehren\/?page_id=1511\" \/>\n<meta property=\"og:site_name\" content=\"SKULPTUR LEHREN\" \/>\n<meta property=\"article:modified_time\" content=\"2016-03-08T11:15:35+00:00\" \/>\n<meta name=\"twitter:card\" content=\"summary_large_image\" \/>\n<meta name=\"twitter:label1\" content=\"Gesch\u00e4tzte Lesezeit\" \/>\n\t<meta name=\"twitter:data1\" content=\"1\u00a0Minute\" \/>\n<script type=\"application\/ld+json\" class=\"yoast-schema-graph\">{\"@context\":\"https:\/\/schema.org\",\"@graph\":[{\"@type\":\"WebPage\",\"@id\":\"http:\/\/didaktik-der-bildenden-kuenste.de\/skulptur-lehren\/?page_id=1511\",\"url\":\"http:\/\/didaktik-der-bildenden-kuenste.de\/skulptur-lehren\/?page_id=1511\",\"name\":\"Anja Ciupka - SKULPTUR LEHREN\",\"isPartOf\":{\"@id\":\"http:\/\/didaktik-der-bildenden-kuenste.de\/skulptur-lehren\/#website\"},\"datePublished\":\"2015-12-15T08:35:20+00:00\",\"dateModified\":\"2016-03-08T11:15:35+00:00\",\"breadcrumb\":{\"@id\":\"http:\/\/didaktik-der-bildenden-kuenste.de\/skulptur-lehren\/?page_id=1511#breadcrumb\"},\"inLanguage\":\"de\",\"potentialAction\":[{\"@type\":\"ReadAction\",\"target\":[\"http:\/\/didaktik-der-bildenden-kuenste.de\/skulptur-lehren\/?page_id=1511\"]}]},{\"@type\":\"BreadcrumbList\",\"@id\":\"http:\/\/didaktik-der-bildenden-kuenste.de\/skulptur-lehren\/?page_id=1511#breadcrumb\",\"itemListElement\":[{\"@type\":\"ListItem\",\"position\":1,\"name\":\"Home\",\"item\":\"http:\/\/didaktik-der-bildenden-kuenste.de\/skulptur-lehren\/\"},{\"@type\":\"ListItem\",\"position\":2,\"name\":\"Referentinnen und Referenten\",\"item\":\"http:\/\/didaktik-der-bildenden-kuenste.de\/skulptur-lehren\/?page_id=841\"},{\"@type\":\"ListItem\",\"position\":3,\"name\":\"Anja Ciupka\"}]},{\"@type\":\"WebSite\",\"@id\":\"http:\/\/didaktik-der-bildenden-kuenste.de\/skulptur-lehren\/#website\",\"url\":\"http:\/\/didaktik-der-bildenden-kuenste.de\/skulptur-lehren\/\",\"name\":\"SKULPTUR LEHREN\",\"description\":\"\",\"publisher\":{\"@id\":\"http:\/\/didaktik-der-bildenden-kuenste.de\/skulptur-lehren\/#organization\"},\"potentialAction\":[{\"@type\":\"SearchAction\",\"target\":{\"@type\":\"EntryPoint\",\"urlTemplate\":\"http:\/\/didaktik-der-bildenden-kuenste.de\/skulptur-lehren\/?s={search_term_string}\"},\"query-input\":{\"@type\":\"PropertyValueSpecification\",\"valueRequired\":true,\"valueName\":\"search_term_string\"}}],\"inLanguage\":\"de\"},{\"@type\":\"Organization\",\"@id\":\"http:\/\/didaktik-der-bildenden-kuenste.de\/skulptur-lehren\/#organization\",\"name\":\"SKULPTUR LEHREN\",\"url\":\"http:\/\/didaktik-der-bildenden-kuenste.de\/skulptur-lehren\/\",\"logo\":{\"@type\":\"ImageObject\",\"inLanguage\":\"de\",\"@id\":\"http:\/\/didaktik-der-bildenden-kuenste.de\/skulptur-lehren\/#\/schema\/logo\/image\/\",\"url\":\"\",\"contentUrl\":\"\",\"caption\":\"SKULPTUR LEHREN\"},\"image\":{\"@id\":\"http:\/\/didaktik-der-bildenden-kuenste.de\/skulptur-lehren\/#\/schema\/logo\/image\/\"}}]}<\/script>\n<!-- \/ Yoast SEO plugin. -->","yoast_head_json":{"title":"Anja Ciupka - SKULPTUR LEHREN","robots":{"index":"index","follow":"follow","max-snippet":"max-snippet:-1","max-image-preview":"max-image-preview:large","max-video-preview":"max-video-preview:-1"},"canonical":"http:\/\/didaktik-der-bildenden-kuenste.de\/skulptur-lehren\/?page_id=1511","og_locale":"de_DE","og_type":"article","og_title":"Anja Ciupka - SKULPTUR LEHREN","og_description":"(Universit\u00e4t Siegen) HAUPTSACHE DREIDIMENSIONAL K\u00dcNSTLERISCHE LEHRE IM ERSTEN SEMESTER DES LEHRAMTSTUDIUMS KUNST Der Vortrag folgt der Einladung, etwas zu meiner eigenen k\u00fcnstlerischen Arbeit im erweiterten Feld von Installation, Skulptur und Zeichnung und der Arbeit mit Studierenden an der Universit\u00e4t Siegen vor dem Hintergrund k\u00fcnstlerischer und kunstp\u00e4dagogischer \u00dcberlegungen zu berichten. Hierzu unternehme ich den Versuch, mit ... [Read more...]","og_url":"http:\/\/didaktik-der-bildenden-kuenste.de\/skulptur-lehren\/?page_id=1511","og_site_name":"SKULPTUR LEHREN","article_modified_time":"2016-03-08T11:15:35+00:00","twitter_card":"summary_large_image","twitter_misc":{"Gesch\u00e4tzte Lesezeit":"1\u00a0Minute"},"schema":{"@context":"https:\/\/schema.org","@graph":[{"@type":"WebPage","@id":"http:\/\/didaktik-der-bildenden-kuenste.de\/skulptur-lehren\/?page_id=1511","url":"http:\/\/didaktik-der-bildenden-kuenste.de\/skulptur-lehren\/?page_id=1511","name":"Anja Ciupka - SKULPTUR LEHREN","isPartOf":{"@id":"http:\/\/didaktik-der-bildenden-kuenste.de\/skulptur-lehren\/#website"},"datePublished":"2015-12-15T08:35:20+00:00","dateModified":"2016-03-08T11:15:35+00:00","breadcrumb":{"@id":"http:\/\/didaktik-der-bildenden-kuenste.de\/skulptur-lehren\/?page_id=1511#breadcrumb"},"inLanguage":"de","potentialAction":[{"@type":"ReadAction","target":["http:\/\/didaktik-der-bildenden-kuenste.de\/skulptur-lehren\/?page_id=1511"]}]},{"@type":"BreadcrumbList","@id":"http:\/\/didaktik-der-bildenden-kuenste.de\/skulptur-lehren\/?page_id=1511#breadcrumb","itemListElement":[{"@type":"ListItem","position":1,"name":"Home","item":"http:\/\/didaktik-der-bildenden-kuenste.de\/skulptur-lehren\/"},{"@type":"ListItem","position":2,"name":"Referentinnen und Referenten","item":"http:\/\/didaktik-der-bildenden-kuenste.de\/skulptur-lehren\/?page_id=841"},{"@type":"ListItem","position":3,"name":"Anja Ciupka"}]},{"@type":"WebSite","@id":"http:\/\/didaktik-der-bildenden-kuenste.de\/skulptur-lehren\/#website","url":"http:\/\/didaktik-der-bildenden-kuenste.de\/skulptur-lehren\/","name":"SKULPTUR LEHREN","description":"","publisher":{"@id":"http:\/\/didaktik-der-bildenden-kuenste.de\/skulptur-lehren\/#organization"},"potentialAction":[{"@type":"SearchAction","target":{"@type":"EntryPoint","urlTemplate":"http:\/\/didaktik-der-bildenden-kuenste.de\/skulptur-lehren\/?s={search_term_string}"},"query-input":{"@type":"PropertyValueSpecification","valueRequired":true,"valueName":"search_term_string"}}],"inLanguage":"de"},{"@type":"Organization","@id":"http:\/\/didaktik-der-bildenden-kuenste.de\/skulptur-lehren\/#organization","name":"SKULPTUR LEHREN","url":"http:\/\/didaktik-der-bildenden-kuenste.de\/skulptur-lehren\/","logo":{"@type":"ImageObject","inLanguage":"de","@id":"http:\/\/didaktik-der-bildenden-kuenste.de\/skulptur-lehren\/#\/schema\/logo\/image\/","url":"","contentUrl":"","caption":"SKULPTUR LEHREN"},"image":{"@id":"http:\/\/didaktik-der-bildenden-kuenste.de\/skulptur-lehren\/#\/schema\/logo\/image\/"}}]}},"_links":{"self":[{"href":"http:\/\/didaktik-der-bildenden-kuenste.de\/skulptur-lehren\/index.php?rest_route=\/wp\/v2\/pages\/1511","targetHints":{"allow":["GET"]}}],"collection":[{"href":"http:\/\/didaktik-der-bildenden-kuenste.de\/skulptur-lehren\/index.php?rest_route=\/wp\/v2\/pages"}],"about":[{"href":"http:\/\/didaktik-der-bildenden-kuenste.de\/skulptur-lehren\/index.php?rest_route=\/wp\/v2\/types\/page"}],"author":[{"embeddable":true,"href":"http:\/\/didaktik-der-bildenden-kuenste.de\/skulptur-lehren\/index.php?rest_route=\/wp\/v2\/users\/2"}],"replies":[{"embeddable":true,"href":"http:\/\/didaktik-der-bildenden-kuenste.de\/skulptur-lehren\/index.php?rest_route=%2Fwp%2Fv2%2Fcomments&post=1511"}],"version-history":[{"count":15,"href":"http:\/\/didaktik-der-bildenden-kuenste.de\/skulptur-lehren\/index.php?rest_route=\/wp\/v2\/pages\/1511\/revisions"}],"predecessor-version":[{"id":6372,"href":"http:\/\/didaktik-der-bildenden-kuenste.de\/skulptur-lehren\/index.php?rest_route=\/wp\/v2\/pages\/1511\/revisions\/6372"}],"up":[{"embeddable":true,"href":"http:\/\/didaktik-der-bildenden-kuenste.de\/skulptur-lehren\/index.php?rest_route=\/wp\/v2\/pages\/841"}],"wp:attachment":[{"href":"http:\/\/didaktik-der-bildenden-kuenste.de\/skulptur-lehren\/index.php?rest_route=%2Fwp%2Fv2%2Fmedia&parent=1511"}],"curies":[{"name":"wp","href":"https:\/\/api.w.org\/{rel}","templated":true}]}}