{"id":1991,"date":"2016-01-04T13:40:05","date_gmt":"2016-01-04T12:40:05","guid":{"rendered":"http:\/\/didaktik-der-bildenden-kuenste.de\/skulptur-lehren\/?page_id=1991"},"modified":"2021-03-29T12:12:34","modified_gmt":"2021-03-29T10:12:34","slug":"prof-dr-sara-hornaek","status":"publish","type":"page","link":"http:\/\/didaktik-der-bildenden-kuenste.de\/skulptur-lehren\/?page_id=1991","title":{"rendered":"Sara Horn\u00e4k"},"content":{"rendered":"\n<p>(Universit\u00e4t Paderborn)<\/p>\n\n\n\n<p>SKULPTUR LEHREN<br>EINF\u00dcHRUNG IN DIE THEMATIK UND DAS PROGRAMM DER TAGUNG<\/p>\n\n\n\n<figure class=\"wp-block-video\"><video controls src=\"http:\/\/didaktik-der-bildenden-kuenste.de\/skulptur-lehren\/wp-content\/uploads\/sites\/3\/2016\/06\/00_Hornaek.mp4\"><\/video><\/figure>\n\n\n\n<p><\/p>\n\n\n\n<p>Die Skulptur heute umschreibt sehr unterschiedliche Erscheinungsformen plastischer, skulpturaler oder installativer Werke und etabliert sich als Gattungsbegriff f\u00fcr alle raumbezogenen Arbeiten. Skulptur tritt nicht mehr nur als hermetisch geschlossenes autonomes Objekt in Erscheinung, sondern interveniert in \u00f6ffentliche, urbane, architektonische oder soziale R\u00e4ume, sie entfaltet ihr raumgreifendes Potential und l\u00e4sst den Betrachter als Gegen\u00fcber damit unmittelbar partizipieren. Gemeinsam ist allen dreidimensionalen Werken, dass sie einen spezifischen Realit\u00e4tscharakter besitzen. Dadurch dass sie im Raum verortet sind, stehen sie uns als Betrachter gegen\u00fcber, nehmen Bezug auf unsere eigene K\u00f6rperlichkeit und lassen h\u00e4ufig ein dialogisches Verh\u00e4ltnis entstehen. Indem wir die Skulptur sehen, sp\u00fcren, h\u00f6ren, tasten, ist ihre Pr\u00e4senz unmittelbar erfahrbar. Skulpturales Handeln \u2013 d.h. Formen, Hauen, Bauen oder das Agieren im Raum \u2013 bietet einen unmittelbaren Materialzugriff und l\u00e4sst die eigene Wirksamkeit und mit ihr die Gestaltbarkeit von Welt sichtbar werden. R\u00e4umliches und damit der Orientierung in der Welt dienendes Denken wird durch plastisches, skulpturales sowie installatives Handeln ausgebildet.<br>Aus der Verkn\u00fcpfung kunstwissenschaftlicher, k\u00fcnstlerischer und kunstp\u00e4dagogischer Forschung zur Skulptur sollen auf dieser Tagung, in deren Programm ich einf\u00fchren werde, Wege gefunden werden, der Marginalisierung von Skulptur, ihrer Theorien und ihrer Lehre im Unterricht zu begegnen. Dazu werden ihre Entwicklungen im Kontext von Entgrenzungstendenzen in den Blick genommen, um gemeinsam dar\u00fcber nachzudenken, wie bestehende und neue Erlebnisqualit\u00e4ten oder Erfahrungsr\u00e4ume auch in Vermittlungsprozessen erschlossen, skulpturale Handlungs- und Erkenntnisprozesse initiiert sowie Wahrnehmung und Gestaltung von und im Raum angeregt werden k\u00f6nnen.<\/p>\n\n\n\n<hr class=\"wp-block-separator\"\/>\n\n\n\n<p>SARA HORN\u00c4K Professorin f\u00fcr Kunst und ihre Didaktik\/ Schwerpunkt Bildhauerei an der Universit\u00e4t Paderborn (seit 2006). Sie studierte Kunst und Philosophie an der Kunstakademie und Universit\u00e4t in D\u00fcsseldorf. Nach dem Ersten und Zweiten Staatsexamen und ihrer T\u00e4tigkeit als Studienr\u00e4tin promovierte sie 2003 an der Kunstakademie D\u00fcsseldorf zu &#8222;Spinoza und Vermeer \u2013 Immanenz in Philosophie und Malerei&#8220;. Aktuelle Arbeitsschwerpunkte: Erweiterungstendenzen in der Skulptur der Gegenwart; Theorien skulpturalen Denkens und Handelns; Diskurse zur k\u00fcnstlerischen Praxis und k\u00fcnstlerischen Forschung; zum Verh\u00e4ltnis von Kunsttheorie, \u00c4sthetik und Kunstp\u00e4dagogik; plastisches Ausdrucksverhalten von Kindern und Jugendlichen.<\/p>\n","protected":false},"excerpt":{"rendered":"<p>(Universit\u00e4t Paderborn) SKULPTUR LEHRENEINF\u00dcHRUNG IN DIE THEMATIK UND DAS PROGRAMM DER TAGUNG Die Skulptur heute umschreibt sehr unterschiedliche Erscheinungsformen plastischer, skulpturaler oder installativer Werke und etabliert sich als Gattungsbegriff f\u00fcr alle raumbezogenen Arbeiten. Skulptur tritt nicht mehr nur als hermetisch geschlossenes autonomes Objekt in Erscheinung, sondern interveniert in \u00f6ffentliche, urbane, architektonische oder soziale R\u00e4ume, sie &#8230; <span class=\"more\"><a class=\"more-link\" href=\"http:\/\/didaktik-der-bildenden-kuenste.de\/skulptur-lehren\/?page_id=1991\">[Read more&#8230;]<\/a><\/span><\/p>\n","protected":false},"author":2,"featured_media":0,"parent":841,"menu_order":32,"comment_status":"closed","ping_status":"closed","template":"","meta":{"footnotes":""},"class_list":["entry","page","publish","author-sara","post-1991"],"yoast_head":"<!-- This site is optimized with the Yoast SEO plugin v26.8 - https:\/\/yoast.com\/product\/yoast-seo-wordpress\/ -->\n<title>Sara Horn\u00e4k - SKULPTUR LEHREN<\/title>\n<meta name=\"robots\" content=\"index, follow, max-snippet:-1, max-image-preview:large, max-video-preview:-1\" \/>\n<link rel=\"canonical\" href=\"http:\/\/didaktik-der-bildenden-kuenste.de\/skulptur-lehren\/?page_id=1991\" \/>\n<meta property=\"og:locale\" content=\"de_DE\" \/>\n<meta property=\"og:type\" content=\"article\" \/>\n<meta property=\"og:title\" content=\"Sara Horn\u00e4k - SKULPTUR LEHREN\" \/>\n<meta property=\"og:description\" content=\"(Universit\u00e4t Paderborn) SKULPTUR LEHRENEINF\u00dcHRUNG IN DIE THEMATIK UND DAS PROGRAMM DER TAGUNG Die Skulptur heute umschreibt sehr unterschiedliche Erscheinungsformen plastischer, skulpturaler oder installativer Werke und etabliert sich als Gattungsbegriff f\u00fcr alle raumbezogenen Arbeiten. Skulptur tritt nicht mehr nur als hermetisch geschlossenes autonomes Objekt in Erscheinung, sondern interveniert in \u00f6ffentliche, urbane, architektonische oder soziale R\u00e4ume, sie ... [Read more...]\" \/>\n<meta property=\"og:url\" content=\"http:\/\/didaktik-der-bildenden-kuenste.de\/skulptur-lehren\/?page_id=1991\" \/>\n<meta property=\"og:site_name\" content=\"SKULPTUR LEHREN\" \/>\n<meta property=\"article:modified_time\" content=\"2021-03-29T10:12:34+00:00\" \/>\n<meta name=\"twitter:card\" content=\"summary_large_image\" \/>\n<meta name=\"twitter:label1\" content=\"Gesch\u00e4tzte Lesezeit\" \/>\n\t<meta name=\"twitter:data1\" content=\"2\u00a0Minuten\" \/>\n<script type=\"application\/ld+json\" class=\"yoast-schema-graph\">{\"@context\":\"https:\/\/schema.org\",\"@graph\":[{\"@type\":\"WebPage\",\"@id\":\"http:\/\/didaktik-der-bildenden-kuenste.de\/skulptur-lehren\/?page_id=1991\",\"url\":\"http:\/\/didaktik-der-bildenden-kuenste.de\/skulptur-lehren\/?page_id=1991\",\"name\":\"Sara Horn\u00e4k - SKULPTUR LEHREN\",\"isPartOf\":{\"@id\":\"http:\/\/didaktik-der-bildenden-kuenste.de\/skulptur-lehren\/#website\"},\"datePublished\":\"2016-01-04T12:40:05+00:00\",\"dateModified\":\"2021-03-29T10:12:34+00:00\",\"breadcrumb\":{\"@id\":\"http:\/\/didaktik-der-bildenden-kuenste.de\/skulptur-lehren\/?page_id=1991#breadcrumb\"},\"inLanguage\":\"de\",\"potentialAction\":[{\"@type\":\"ReadAction\",\"target\":[\"http:\/\/didaktik-der-bildenden-kuenste.de\/skulptur-lehren\/?page_id=1991\"]}]},{\"@type\":\"BreadcrumbList\",\"@id\":\"http:\/\/didaktik-der-bildenden-kuenste.de\/skulptur-lehren\/?page_id=1991#breadcrumb\",\"itemListElement\":[{\"@type\":\"ListItem\",\"position\":1,\"name\":\"Home\",\"item\":\"http:\/\/didaktik-der-bildenden-kuenste.de\/skulptur-lehren\/\"},{\"@type\":\"ListItem\",\"position\":2,\"name\":\"Referentinnen und Referenten\",\"item\":\"http:\/\/didaktik-der-bildenden-kuenste.de\/skulptur-lehren\/?page_id=841\"},{\"@type\":\"ListItem\",\"position\":3,\"name\":\"Sara Horn\u00e4k\"}]},{\"@type\":\"WebSite\",\"@id\":\"http:\/\/didaktik-der-bildenden-kuenste.de\/skulptur-lehren\/#website\",\"url\":\"http:\/\/didaktik-der-bildenden-kuenste.de\/skulptur-lehren\/\",\"name\":\"SKULPTUR LEHREN\",\"description\":\"\",\"publisher\":{\"@id\":\"http:\/\/didaktik-der-bildenden-kuenste.de\/skulptur-lehren\/#organization\"},\"potentialAction\":[{\"@type\":\"SearchAction\",\"target\":{\"@type\":\"EntryPoint\",\"urlTemplate\":\"http:\/\/didaktik-der-bildenden-kuenste.de\/skulptur-lehren\/?s={search_term_string}\"},\"query-input\":{\"@type\":\"PropertyValueSpecification\",\"valueRequired\":true,\"valueName\":\"search_term_string\"}}],\"inLanguage\":\"de\"},{\"@type\":\"Organization\",\"@id\":\"http:\/\/didaktik-der-bildenden-kuenste.de\/skulptur-lehren\/#organization\",\"name\":\"SKULPTUR LEHREN\",\"url\":\"http:\/\/didaktik-der-bildenden-kuenste.de\/skulptur-lehren\/\",\"logo\":{\"@type\":\"ImageObject\",\"inLanguage\":\"de\",\"@id\":\"http:\/\/didaktik-der-bildenden-kuenste.de\/skulptur-lehren\/#\/schema\/logo\/image\/\",\"url\":\"\",\"contentUrl\":\"\",\"caption\":\"SKULPTUR LEHREN\"},\"image\":{\"@id\":\"http:\/\/didaktik-der-bildenden-kuenste.de\/skulptur-lehren\/#\/schema\/logo\/image\/\"}}]}<\/script>\n<!-- \/ Yoast SEO plugin. -->","yoast_head_json":{"title":"Sara Horn\u00e4k - SKULPTUR LEHREN","robots":{"index":"index","follow":"follow","max-snippet":"max-snippet:-1","max-image-preview":"max-image-preview:large","max-video-preview":"max-video-preview:-1"},"canonical":"http:\/\/didaktik-der-bildenden-kuenste.de\/skulptur-lehren\/?page_id=1991","og_locale":"de_DE","og_type":"article","og_title":"Sara Horn\u00e4k - SKULPTUR LEHREN","og_description":"(Universit\u00e4t Paderborn) SKULPTUR LEHRENEINF\u00dcHRUNG IN DIE THEMATIK UND DAS PROGRAMM DER TAGUNG Die Skulptur heute umschreibt sehr unterschiedliche Erscheinungsformen plastischer, skulpturaler oder installativer Werke und etabliert sich als Gattungsbegriff f\u00fcr alle raumbezogenen Arbeiten. Skulptur tritt nicht mehr nur als hermetisch geschlossenes autonomes Objekt in Erscheinung, sondern interveniert in \u00f6ffentliche, urbane, architektonische oder soziale R\u00e4ume, sie ... [Read more...]","og_url":"http:\/\/didaktik-der-bildenden-kuenste.de\/skulptur-lehren\/?page_id=1991","og_site_name":"SKULPTUR LEHREN","article_modified_time":"2021-03-29T10:12:34+00:00","twitter_card":"summary_large_image","twitter_misc":{"Gesch\u00e4tzte Lesezeit":"2\u00a0Minuten"},"schema":{"@context":"https:\/\/schema.org","@graph":[{"@type":"WebPage","@id":"http:\/\/didaktik-der-bildenden-kuenste.de\/skulptur-lehren\/?page_id=1991","url":"http:\/\/didaktik-der-bildenden-kuenste.de\/skulptur-lehren\/?page_id=1991","name":"Sara Horn\u00e4k - SKULPTUR LEHREN","isPartOf":{"@id":"http:\/\/didaktik-der-bildenden-kuenste.de\/skulptur-lehren\/#website"},"datePublished":"2016-01-04T12:40:05+00:00","dateModified":"2021-03-29T10:12:34+00:00","breadcrumb":{"@id":"http:\/\/didaktik-der-bildenden-kuenste.de\/skulptur-lehren\/?page_id=1991#breadcrumb"},"inLanguage":"de","potentialAction":[{"@type":"ReadAction","target":["http:\/\/didaktik-der-bildenden-kuenste.de\/skulptur-lehren\/?page_id=1991"]}]},{"@type":"BreadcrumbList","@id":"http:\/\/didaktik-der-bildenden-kuenste.de\/skulptur-lehren\/?page_id=1991#breadcrumb","itemListElement":[{"@type":"ListItem","position":1,"name":"Home","item":"http:\/\/didaktik-der-bildenden-kuenste.de\/skulptur-lehren\/"},{"@type":"ListItem","position":2,"name":"Referentinnen und Referenten","item":"http:\/\/didaktik-der-bildenden-kuenste.de\/skulptur-lehren\/?page_id=841"},{"@type":"ListItem","position":3,"name":"Sara Horn\u00e4k"}]},{"@type":"WebSite","@id":"http:\/\/didaktik-der-bildenden-kuenste.de\/skulptur-lehren\/#website","url":"http:\/\/didaktik-der-bildenden-kuenste.de\/skulptur-lehren\/","name":"SKULPTUR LEHREN","description":"","publisher":{"@id":"http:\/\/didaktik-der-bildenden-kuenste.de\/skulptur-lehren\/#organization"},"potentialAction":[{"@type":"SearchAction","target":{"@type":"EntryPoint","urlTemplate":"http:\/\/didaktik-der-bildenden-kuenste.de\/skulptur-lehren\/?s={search_term_string}"},"query-input":{"@type":"PropertyValueSpecification","valueRequired":true,"valueName":"search_term_string"}}],"inLanguage":"de"},{"@type":"Organization","@id":"http:\/\/didaktik-der-bildenden-kuenste.de\/skulptur-lehren\/#organization","name":"SKULPTUR LEHREN","url":"http:\/\/didaktik-der-bildenden-kuenste.de\/skulptur-lehren\/","logo":{"@type":"ImageObject","inLanguage":"de","@id":"http:\/\/didaktik-der-bildenden-kuenste.de\/skulptur-lehren\/#\/schema\/logo\/image\/","url":"","contentUrl":"","caption":"SKULPTUR LEHREN"},"image":{"@id":"http:\/\/didaktik-der-bildenden-kuenste.de\/skulptur-lehren\/#\/schema\/logo\/image\/"}}]}},"_links":{"self":[{"href":"http:\/\/didaktik-der-bildenden-kuenste.de\/skulptur-lehren\/index.php?rest_route=\/wp\/v2\/pages\/1991","targetHints":{"allow":["GET"]}}],"collection":[{"href":"http:\/\/didaktik-der-bildenden-kuenste.de\/skulptur-lehren\/index.php?rest_route=\/wp\/v2\/pages"}],"about":[{"href":"http:\/\/didaktik-der-bildenden-kuenste.de\/skulptur-lehren\/index.php?rest_route=\/wp\/v2\/types\/page"}],"author":[{"embeddable":true,"href":"http:\/\/didaktik-der-bildenden-kuenste.de\/skulptur-lehren\/index.php?rest_route=\/wp\/v2\/users\/2"}],"replies":[{"embeddable":true,"href":"http:\/\/didaktik-der-bildenden-kuenste.de\/skulptur-lehren\/index.php?rest_route=%2Fwp%2Fv2%2Fcomments&post=1991"}],"version-history":[{"count":19,"href":"http:\/\/didaktik-der-bildenden-kuenste.de\/skulptur-lehren\/index.php?rest_route=\/wp\/v2\/pages\/1991\/revisions"}],"predecessor-version":[{"id":7912,"href":"http:\/\/didaktik-der-bildenden-kuenste.de\/skulptur-lehren\/index.php?rest_route=\/wp\/v2\/pages\/1991\/revisions\/7912"}],"up":[{"embeddable":true,"href":"http:\/\/didaktik-der-bildenden-kuenste.de\/skulptur-lehren\/index.php?rest_route=\/wp\/v2\/pages\/841"}],"wp:attachment":[{"href":"http:\/\/didaktik-der-bildenden-kuenste.de\/skulptur-lehren\/index.php?rest_route=%2Fwp%2Fv2%2Fmedia&parent=1991"}],"curies":[{"name":"wp","href":"https:\/\/api.w.org\/{rel}","templated":true}]}}