{"id":2831,"date":"2016-01-18T09:18:06","date_gmt":"2016-01-18T08:18:06","guid":{"rendered":"http:\/\/didaktik-der-bildenden-kuenste.de\/skulptur-lehren\/?page_id=2831"},"modified":"2021-03-30T09:45:19","modified_gmt":"2021-03-30T07:45:19","slug":"prof-dr-manfred-blohm","status":"publish","type":"page","link":"http:\/\/didaktik-der-bildenden-kuenste.de\/skulptur-lehren\/?page_id=2831","title":{"rendered":"Manfred Blohm"},"content":{"rendered":"\n<p>(Europa-Universit\u00e4t Flensburg)<\/p>\n\n\n\n<p>\u00dcberSehen \u2013 SKULPTURKONZEPTE IN \u00d6FFENTLICHEN KONTEXTEN<\/p>\n\n\n\n<figure class=\"wp-block-video\"><video controls src=\"http:\/\/didaktik-der-bildenden-kuenste.de\/skulptur-lehren\/wp-content\/uploads\/sites\/3\/2016\/07\/16A_Blohm.mp4\"><\/video><\/figure>\n\n\n\n<p><\/p>\n\n\n\n<p>Exemplarisch thematisiert und befragt werden k\u00fcnstlerische Arbeiten, die sich einer Wahrnehmung und einem Erkennen als k\u00fcnstlerische Werke in allt\u00e4glichen Kontexten tendenziell verweigern. Passanten gehen an diesen Werken vorbei und nehmen sie meist gar nicht wahr oder allenfalls zuf\u00e4llig oder als irritierende St\u00f6rung. Solche Arbeiten haben es gewisserma\u00dfen schwer, die Aufmerksamkeit in einer \u00e4sthetischen F\u00fclle auf sich zu lenken. Den Kunstkontext und ihr Potential entfalten diese Werke erst dadurch, dass die Betrachter*innen sie in dem Bewusstsein wahrnehmen und reflektieren, dass es sich um k\u00fcnstlerische Konzepte oder k\u00fcnstlerische Arbeiten handelt.<br>Wenn Karin Sanders beispielsweise sechs Litfa\u00dfs\u00e4ulen tempor\u00e4r im Stadtraum Langenhagens mit Raufasertapete tapezieren l\u00e4sst, oder Tadashi Kawamata im Rahmen seines Projektes \u201eField Work\u201c in verschiedenen Gro\u00dfst\u00e4dten verschiedener Kontinente in einer Art Guerilla-Taktik jeweils vorgefundene Materialien zu tempor\u00e4ren Bauten zusammenf\u00fcgt, um sie dann dem Verfall zu \u00fcberantworten, oder wenn KimSooja in ihrer Video Performance Arbeit \u201eA Needle Woman\u201c an zentralen Orten allt\u00e4glichen Lebens in weltweiten Gro\u00dfst\u00e4dten in immer derselben Kleidung starr dasteht, so dass die Passanten ihr ausweichen m\u00fcssen, dann wird das Verh\u00e4ltnis von K\u00fcnstler*in, Betrachter*in und Kunstwerk ein Verh\u00e4ltnis, dass zuweilen eher in der zeitlichen Distanz \u2013 also u.U. nach dem Beenden oder Verschwinden der Arbeiten \u2013 in den Kunstkontext eingeholt wird. Kunstprojekte werden zu einer Art soziologischer Versuchsanordnung, die einerseits R\u00fcckschl\u00fcsse \u00fcber die Orte und die dort lebenden Menschen erm\u00f6glichen und andererseits Funktionen von Kunst im gesellschaftlichen Kontext der Zeit mit thematisieren.<br>Kunstp\u00e4dagogisch interessant k\u00f6nnen solche Konzepte und Projekte unter dem Aspekt der Thematisierung von \u00e4sthetischen Eingriffen in allt\u00e4gliche Lebensr\u00e4ume werden, die nicht einem direkten (\u00e4sthetischen) Gebrauchswert unterliegen. Sch\u00fclerinnen und Sch\u00fcler k\u00f6nnen eigene raumbezogene Gestaltungsanordnungen oder -eingriffe konzipieren und auf ihre Wirkungen auf ihre Umgebung hin untersuchen.<\/p>\n\n\n\n<hr class=\"wp-block-separator\"\/>\n\n\n\n<p>MANFRED BLOHM Professor f\u00fcr Bildende Kunst an der Europa-Universit\u00e4t Flensburg (seit 1995). Er studierte von 1973 bis 1978 an der Hochschule f\u00fcr Bildende K\u00fcnste Braunschweig und promovierte 1984 zum Dr. phil. an der Universit\u00e4t Oldenburg (b. Prof. Gert Selle). Vor einer T\u00e4tigkeit als Lehrer an einer Gesamtschule in Hannover war er wissenschaftlicher Mitarbeiter an der Universit\u00e4t Essen. Von 2005 \u2013 2009 war er Prorektor der Europa-Universit\u00e4t Flensburg. Er ist Mitglied im Beirat des Projektes \u201cKultur.Forscher!\u201d der Deutschen Kinder- und Jugendstiftung (DKJS), Berlin. Arbeitsschwerpunkte: \u00c4sthetische Biografiearbeit, \u00c4sthetische Forschung, Medienp\u00e4dagogik.<\/p>\n","protected":false},"excerpt":{"rendered":"<p>(Europa-Universit\u00e4t Flensburg) \u00dcberSehen \u2013 SKULPTURKONZEPTE IN \u00d6FFENTLICHEN KONTEXTEN Exemplarisch thematisiert und befragt werden k\u00fcnstlerische Arbeiten, die sich einer Wahrnehmung und einem Erkennen als k\u00fcnstlerische Werke in allt\u00e4glichen Kontexten tendenziell verweigern. Passanten gehen an diesen Werken vorbei und nehmen sie meist gar nicht wahr oder allenfalls zuf\u00e4llig oder als irritierende St\u00f6rung. Solche Arbeiten haben es gewisserma\u00dfen &#8230; <span class=\"more\"><a class=\"more-link\" href=\"http:\/\/didaktik-der-bildenden-kuenste.de\/skulptur-lehren\/?page_id=2831\">[Read more&#8230;]<\/a><\/span><\/p>\n","protected":false},"author":2,"featured_media":0,"parent":841,"menu_order":3,"comment_status":"closed","ping_status":"closed","template":"","meta":{"footnotes":""},"class_list":["entry","page","publish","author-sara","post-2831"],"yoast_head":"<!-- This site is optimized with the Yoast SEO plugin v26.8 - https:\/\/yoast.com\/product\/yoast-seo-wordpress\/ -->\n<title>Manfred Blohm - SKULPTUR LEHREN<\/title>\n<meta name=\"robots\" content=\"index, follow, max-snippet:-1, max-image-preview:large, max-video-preview:-1\" \/>\n<link rel=\"canonical\" href=\"http:\/\/didaktik-der-bildenden-kuenste.de\/skulptur-lehren\/?page_id=2831\" \/>\n<meta property=\"og:locale\" content=\"de_DE\" \/>\n<meta property=\"og:type\" content=\"article\" \/>\n<meta property=\"og:title\" content=\"Manfred Blohm - SKULPTUR LEHREN\" \/>\n<meta property=\"og:description\" content=\"(Europa-Universit\u00e4t Flensburg) \u00dcberSehen \u2013 SKULPTURKONZEPTE IN \u00d6FFENTLICHEN KONTEXTEN Exemplarisch thematisiert und befragt werden k\u00fcnstlerische Arbeiten, die sich einer Wahrnehmung und einem Erkennen als k\u00fcnstlerische Werke in allt\u00e4glichen Kontexten tendenziell verweigern. Passanten gehen an diesen Werken vorbei und nehmen sie meist gar nicht wahr oder allenfalls zuf\u00e4llig oder als irritierende St\u00f6rung. Solche Arbeiten haben es gewisserma\u00dfen ... [Read more...]\" \/>\n<meta property=\"og:url\" content=\"http:\/\/didaktik-der-bildenden-kuenste.de\/skulptur-lehren\/?page_id=2831\" \/>\n<meta property=\"og:site_name\" content=\"SKULPTUR LEHREN\" \/>\n<meta property=\"article:modified_time\" content=\"2021-03-30T07:45:19+00:00\" \/>\n<meta name=\"twitter:card\" content=\"summary_large_image\" \/>\n<meta name=\"twitter:label1\" content=\"Gesch\u00e4tzte Lesezeit\" \/>\n\t<meta name=\"twitter:data1\" content=\"2\u00a0Minuten\" \/>\n<script type=\"application\/ld+json\" class=\"yoast-schema-graph\">{\"@context\":\"https:\/\/schema.org\",\"@graph\":[{\"@type\":\"WebPage\",\"@id\":\"http:\/\/didaktik-der-bildenden-kuenste.de\/skulptur-lehren\/?page_id=2831\",\"url\":\"http:\/\/didaktik-der-bildenden-kuenste.de\/skulptur-lehren\/?page_id=2831\",\"name\":\"Manfred Blohm - SKULPTUR LEHREN\",\"isPartOf\":{\"@id\":\"http:\/\/didaktik-der-bildenden-kuenste.de\/skulptur-lehren\/#website\"},\"datePublished\":\"2016-01-18T08:18:06+00:00\",\"dateModified\":\"2021-03-30T07:45:19+00:00\",\"breadcrumb\":{\"@id\":\"http:\/\/didaktik-der-bildenden-kuenste.de\/skulptur-lehren\/?page_id=2831#breadcrumb\"},\"inLanguage\":\"de\",\"potentialAction\":[{\"@type\":\"ReadAction\",\"target\":[\"http:\/\/didaktik-der-bildenden-kuenste.de\/skulptur-lehren\/?page_id=2831\"]}]},{\"@type\":\"BreadcrumbList\",\"@id\":\"http:\/\/didaktik-der-bildenden-kuenste.de\/skulptur-lehren\/?page_id=2831#breadcrumb\",\"itemListElement\":[{\"@type\":\"ListItem\",\"position\":1,\"name\":\"Home\",\"item\":\"http:\/\/didaktik-der-bildenden-kuenste.de\/skulptur-lehren\/\"},{\"@type\":\"ListItem\",\"position\":2,\"name\":\"Referentinnen und Referenten\",\"item\":\"http:\/\/didaktik-der-bildenden-kuenste.de\/skulptur-lehren\/?page_id=841\"},{\"@type\":\"ListItem\",\"position\":3,\"name\":\"Manfred Blohm\"}]},{\"@type\":\"WebSite\",\"@id\":\"http:\/\/didaktik-der-bildenden-kuenste.de\/skulptur-lehren\/#website\",\"url\":\"http:\/\/didaktik-der-bildenden-kuenste.de\/skulptur-lehren\/\",\"name\":\"SKULPTUR LEHREN\",\"description\":\"\",\"publisher\":{\"@id\":\"http:\/\/didaktik-der-bildenden-kuenste.de\/skulptur-lehren\/#organization\"},\"potentialAction\":[{\"@type\":\"SearchAction\",\"target\":{\"@type\":\"EntryPoint\",\"urlTemplate\":\"http:\/\/didaktik-der-bildenden-kuenste.de\/skulptur-lehren\/?s={search_term_string}\"},\"query-input\":{\"@type\":\"PropertyValueSpecification\",\"valueRequired\":true,\"valueName\":\"search_term_string\"}}],\"inLanguage\":\"de\"},{\"@type\":\"Organization\",\"@id\":\"http:\/\/didaktik-der-bildenden-kuenste.de\/skulptur-lehren\/#organization\",\"name\":\"SKULPTUR LEHREN\",\"url\":\"http:\/\/didaktik-der-bildenden-kuenste.de\/skulptur-lehren\/\",\"logo\":{\"@type\":\"ImageObject\",\"inLanguage\":\"de\",\"@id\":\"http:\/\/didaktik-der-bildenden-kuenste.de\/skulptur-lehren\/#\/schema\/logo\/image\/\",\"url\":\"\",\"contentUrl\":\"\",\"caption\":\"SKULPTUR LEHREN\"},\"image\":{\"@id\":\"http:\/\/didaktik-der-bildenden-kuenste.de\/skulptur-lehren\/#\/schema\/logo\/image\/\"}}]}<\/script>\n<!-- \/ Yoast SEO plugin. -->","yoast_head_json":{"title":"Manfred Blohm - SKULPTUR LEHREN","robots":{"index":"index","follow":"follow","max-snippet":"max-snippet:-1","max-image-preview":"max-image-preview:large","max-video-preview":"max-video-preview:-1"},"canonical":"http:\/\/didaktik-der-bildenden-kuenste.de\/skulptur-lehren\/?page_id=2831","og_locale":"de_DE","og_type":"article","og_title":"Manfred Blohm - SKULPTUR LEHREN","og_description":"(Europa-Universit\u00e4t Flensburg) \u00dcberSehen \u2013 SKULPTURKONZEPTE IN \u00d6FFENTLICHEN KONTEXTEN Exemplarisch thematisiert und befragt werden k\u00fcnstlerische Arbeiten, die sich einer Wahrnehmung und einem Erkennen als k\u00fcnstlerische Werke in allt\u00e4glichen Kontexten tendenziell verweigern. Passanten gehen an diesen Werken vorbei und nehmen sie meist gar nicht wahr oder allenfalls zuf\u00e4llig oder als irritierende St\u00f6rung. Solche Arbeiten haben es gewisserma\u00dfen ... [Read more...]","og_url":"http:\/\/didaktik-der-bildenden-kuenste.de\/skulptur-lehren\/?page_id=2831","og_site_name":"SKULPTUR LEHREN","article_modified_time":"2021-03-30T07:45:19+00:00","twitter_card":"summary_large_image","twitter_misc":{"Gesch\u00e4tzte Lesezeit":"2\u00a0Minuten"},"schema":{"@context":"https:\/\/schema.org","@graph":[{"@type":"WebPage","@id":"http:\/\/didaktik-der-bildenden-kuenste.de\/skulptur-lehren\/?page_id=2831","url":"http:\/\/didaktik-der-bildenden-kuenste.de\/skulptur-lehren\/?page_id=2831","name":"Manfred Blohm - SKULPTUR LEHREN","isPartOf":{"@id":"http:\/\/didaktik-der-bildenden-kuenste.de\/skulptur-lehren\/#website"},"datePublished":"2016-01-18T08:18:06+00:00","dateModified":"2021-03-30T07:45:19+00:00","breadcrumb":{"@id":"http:\/\/didaktik-der-bildenden-kuenste.de\/skulptur-lehren\/?page_id=2831#breadcrumb"},"inLanguage":"de","potentialAction":[{"@type":"ReadAction","target":["http:\/\/didaktik-der-bildenden-kuenste.de\/skulptur-lehren\/?page_id=2831"]}]},{"@type":"BreadcrumbList","@id":"http:\/\/didaktik-der-bildenden-kuenste.de\/skulptur-lehren\/?page_id=2831#breadcrumb","itemListElement":[{"@type":"ListItem","position":1,"name":"Home","item":"http:\/\/didaktik-der-bildenden-kuenste.de\/skulptur-lehren\/"},{"@type":"ListItem","position":2,"name":"Referentinnen und Referenten","item":"http:\/\/didaktik-der-bildenden-kuenste.de\/skulptur-lehren\/?page_id=841"},{"@type":"ListItem","position":3,"name":"Manfred Blohm"}]},{"@type":"WebSite","@id":"http:\/\/didaktik-der-bildenden-kuenste.de\/skulptur-lehren\/#website","url":"http:\/\/didaktik-der-bildenden-kuenste.de\/skulptur-lehren\/","name":"SKULPTUR LEHREN","description":"","publisher":{"@id":"http:\/\/didaktik-der-bildenden-kuenste.de\/skulptur-lehren\/#organization"},"potentialAction":[{"@type":"SearchAction","target":{"@type":"EntryPoint","urlTemplate":"http:\/\/didaktik-der-bildenden-kuenste.de\/skulptur-lehren\/?s={search_term_string}"},"query-input":{"@type":"PropertyValueSpecification","valueRequired":true,"valueName":"search_term_string"}}],"inLanguage":"de"},{"@type":"Organization","@id":"http:\/\/didaktik-der-bildenden-kuenste.de\/skulptur-lehren\/#organization","name":"SKULPTUR LEHREN","url":"http:\/\/didaktik-der-bildenden-kuenste.de\/skulptur-lehren\/","logo":{"@type":"ImageObject","inLanguage":"de","@id":"http:\/\/didaktik-der-bildenden-kuenste.de\/skulptur-lehren\/#\/schema\/logo\/image\/","url":"","contentUrl":"","caption":"SKULPTUR LEHREN"},"image":{"@id":"http:\/\/didaktik-der-bildenden-kuenste.de\/skulptur-lehren\/#\/schema\/logo\/image\/"}}]}},"_links":{"self":[{"href":"http:\/\/didaktik-der-bildenden-kuenste.de\/skulptur-lehren\/index.php?rest_route=\/wp\/v2\/pages\/2831","targetHints":{"allow":["GET"]}}],"collection":[{"href":"http:\/\/didaktik-der-bildenden-kuenste.de\/skulptur-lehren\/index.php?rest_route=\/wp\/v2\/pages"}],"about":[{"href":"http:\/\/didaktik-der-bildenden-kuenste.de\/skulptur-lehren\/index.php?rest_route=\/wp\/v2\/types\/page"}],"author":[{"embeddable":true,"href":"http:\/\/didaktik-der-bildenden-kuenste.de\/skulptur-lehren\/index.php?rest_route=\/wp\/v2\/users\/2"}],"replies":[{"embeddable":true,"href":"http:\/\/didaktik-der-bildenden-kuenste.de\/skulptur-lehren\/index.php?rest_route=%2Fwp%2Fv2%2Fcomments&post=2831"}],"version-history":[{"count":13,"href":"http:\/\/didaktik-der-bildenden-kuenste.de\/skulptur-lehren\/index.php?rest_route=\/wp\/v2\/pages\/2831\/revisions"}],"predecessor-version":[{"id":7916,"href":"http:\/\/didaktik-der-bildenden-kuenste.de\/skulptur-lehren\/index.php?rest_route=\/wp\/v2\/pages\/2831\/revisions\/7916"}],"up":[{"embeddable":true,"href":"http:\/\/didaktik-der-bildenden-kuenste.de\/skulptur-lehren\/index.php?rest_route=\/wp\/v2\/pages\/841"}],"wp:attachment":[{"href":"http:\/\/didaktik-der-bildenden-kuenste.de\/skulptur-lehren\/index.php?rest_route=%2Fwp%2Fv2%2Fmedia&parent=2831"}],"curies":[{"name":"wp","href":"https:\/\/api.w.org\/{rel}","templated":true}]}}