{"id":7867,"date":"2020-09-04T14:06:07","date_gmt":"2020-09-04T12:06:07","guid":{"rendered":"http:\/\/didaktik-der-bildenden-kuenste.de\/skulptur-lehren\/?page_id=7867"},"modified":"2020-09-04T14:29:40","modified_gmt":"2020-09-04T12:29:40","slug":"publikation","status":"publish","type":"page","link":"http:\/\/didaktik-der-bildenden-kuenste.de\/skulptur-lehren\/?page_id=7867","title":{"rendered":"Publikation"},"content":{"rendered":"\n<figure class=\"wp-block-image size-large\"><img loading=\"lazy\" decoding=\"async\" width=\"645\" height=\"1024\" src=\"http:\/\/didaktik-der-bildenden-kuenste.de\/skulptur-lehren\/wp-content\/uploads\/sites\/3\/2020\/09\/cover-645x1024-1.jpg\" alt=\"\" class=\"wp-image-7877\" srcset=\"http:\/\/didaktik-der-bildenden-kuenste.de\/skulptur-lehren\/wp-content\/uploads\/sites\/3\/2020\/09\/cover-645x1024-1.jpg 645w, http:\/\/didaktik-der-bildenden-kuenste.de\/skulptur-lehren\/wp-content\/uploads\/sites\/3\/2020\/09\/cover-645x1024-1-189x300.jpg 189w\" sizes=\"auto, (max-width: 645px) 100vw, 645px\" \/><\/figure>\n\n\n\n<p>Skulptur lehren<br>K\u00fcnstlerische, kunstwissenschaftliche<br>und kunstp\u00e4dagogische Perspektiven<br>auf Skulptur im erweiterten Feld<\/p>\n\n\n\n<p>Herausgegeben von Sara Horn\u00e4k<\/p>\n\n\n\n<p>unter Mitarbeit von Susanne Henning<\/p>\n\n\n\n<p>2018. 356 Seiten, 16 farb. u. 134 s\/w Abb., Festeinband<br>\u20ac 59,00<br>ISBN 978-3-7705-6189-6 <span><a style=\"top: 6.4px; position: relative; vertical-align: text-bottom;\" href=\"javascript:\"><img decoding=\"async\" identifier=\"978-3-7705-6189-6\" identifiertype=\"2\" title=\"Titel anhand dieser ISBN in Citavi-Projekt \u00fcbernehmen\" existsinproject=\"0\" class=\"citavipicker\" src=\"data:image\/svg+xml;base64,PD94bWwgdmVyc2lvbj0iMS4wIiBlbmNvZGluZz0idXRmLTgiPz48IURPQ1RZUEUgc3ZnIFBVQkxJQyAiLS8vVzNDLy9EVEQgU1ZHIDEuMS8vRU4iICJodHRwOi8vd3d3LnczLm9yZy9HcmFwaGljcy9TVkcvMS4xL0RURC9zdmcxMS5kdGQiPjxzdmcgdmVyc2lvbj0iMS4xIiBpZD0iRWJlbmVfMSIgeG1sbnM9Imh0dHA6Ly93d3cudzMub3JnLzIwMDAvc3ZnIiB4bWxuczp4bGluaz0iaHR0cDovL3d3dy53My5vcmcvMTk5OS94bGluayIgeD0iMHB4IiB5PSIwcHgiIHdpZHRoPSIxNnB4IiBoZWlnaHQ9IjE2cHgiIHZpZXdCb3g9IjAgMCAxNiAxNiIgZW5hYmxlLWJhY2tncm91bmQ9Im5ldyAwIDAgMTYgMTYiIHhtbDpzcGFjZT0icHJlc2VydmUiPjxnPjxnPjxwYXRoIGZpbGw9IiNGRkZGRkYiIGQ9Ik04LjAwMSwxNS41QzMuODY0LDE1LjUsMC41LDEyLjEzNiwwLjUsOGMwLTQuMTM1LDMuMzY1LTcuNSw3LjUwMS03LjVTMTUuNSwzLjg2NCwxNS41LDhTMTIuMTM3LDE1LjUsOC4wMDEsMTUuNXoiLz48cGF0aCBmaWxsPSIjRDUyQjFFIiBkPSJNOC4wMDEsMUMxMS44NiwxLDE1LDQuMTQxLDE1LDhzLTMuMTM5LDctNi45OTksN0M0LjE0LDE1LDEsMTEuODU5LDEsOFM0LjE0LDEsOC4wMDEsMSBNOC4wMDEsMEMzLjU4MiwwLDAsMy41ODIsMCw4czMuNTgyLDgsOC4wMDEsOEMxMi40MTgsMTYsMTYsMTIuNDE4LDE2LDhTMTIuNDE4LDAsOC4wMDEsMEw4LjAwMSwweiIvPjwvZz48cGF0aCBmaWxsPSIjRDUyQjFFIiBkPSJNNi43NDUsMTIuNTg5Yy0wLjIyNywwLjEyMi0wLjQ5NywwLjI0Ny0wLjY4NCwwLjI0N2MtMC4zMTgsMC0wLjUwMS0wLjE2NC0wLjUwMS0wLjQ1MmMwLTAuMjA3LDAuMTQtMC4zNzUsMC41OTUtMC42MjJjMS41NDktMC45MDQsMi41OTQtMi4yNzIsMi41OTQtMy43MjFjMC0wLjgyNS0wLjIyNy0xLjExOS0wLjY4MS0xLjExOWMtMC4xMzUsMC0wLjMyLDAuMjE5LTAuNjM2LDAuMjE5SDcuMTU3QzYuMTAyLDcuMTQzLDUuMzMzLDYuMjY0LDUuMzMzLDUuMjNjMC0xLjE1MiwwLjk1OC0yLjAwNiwyLjI4LTIuMDA2YzEuNzc3LDAsMy4wNTMsMS4zNzMsMy4wNTMsMy40M0MxMC42NjYsOS4yMTUsOS4yMDMsMTEuMjcsNi43NDUsMTIuNTg5Ii8+PC9nPjwvc3ZnPg\" style=\"border: 0px none!important;width: 16px!important;height: 16px!important;margin-left:1px !important;margin-right:1px !important;\"><\/a><\/span> <a href=\"javascript:\"><\/a><\/p>\n\n\n\n<p>Die Skulptur heute umfasst Erscheinungsformen sehr unterschiedlicher Art. Plastische, skulpturale oder installative Werke lassen einen Gattungsbegriff zunehmend obsolet erscheinen. In ihren vielf\u00e4ltigen Entgrenzungstendenzen wird die Skulptur der Gegenwart in Bezug auf ihr Verh\u00e4ltnis zum Raum, zum Material, zur Zeit sowie zur Betrachterin und zum Betrachter untersucht. Vor diesem Hintergrund stellt sich die Frage, inwiefern ver\u00e4nderte Erlebnisqualit\u00e4ten der im Erfahrungsraum des Subjekts verorteten Skulptur neue Perspektiven f\u00fcr Lehr- und Lernprozesse er\u00f6ffnen.<br>Autorinnen und Autoren diskutieren in diesem Band aus Sicht von Kunstwissenschaft, Kunst und Kunstp\u00e4dagogik verschiedene Formen skulpturalen Denkens und Handelns im Hinblick auf M\u00f6glichkeiten, Kunst in einem erweiterten Feld zu lehren.<\/p>\n","protected":false},"excerpt":{"rendered":"<p>Skulptur lehrenK\u00fcnstlerische, kunstwissenschaftlicheund kunstp\u00e4dagogische Perspektivenauf Skulptur im erweiterten Feld Herausgegeben von Sara Horn\u00e4k unter Mitarbeit von Susanne Henning 2018. 356 Seiten, 16 farb. u. 134 s\/w Abb., Festeinband\u20ac 59,00ISBN 978-3-7705-6189-6 Die Skulptur heute umfasst Erscheinungsformen sehr unterschiedlicher Art. Plastische, skulpturale oder installative Werke lassen einen Gattungsbegriff zunehmend obsolet erscheinen. In ihren vielf\u00e4ltigen Entgrenzungstendenzen wird die &#8230; <span class=\"more\"><a class=\"more-link\" href=\"http:\/\/didaktik-der-bildenden-kuenste.de\/skulptur-lehren\/?page_id=7867\">[Read more&#8230;]<\/a><\/span><\/p>\n","protected":false},"author":1,"featured_media":0,"parent":0,"menu_order":0,"comment_status":"closed","ping_status":"closed","template":"","meta":{"footnotes":""},"class_list":["entry","page","publish","author-susanne-henning","post-7867"],"yoast_head":"<!-- This site is optimized with the Yoast SEO plugin v26.8 - https:\/\/yoast.com\/product\/yoast-seo-wordpress\/ -->\n<title>Publikation - SKULPTUR LEHREN<\/title>\n<meta name=\"robots\" content=\"index, follow, max-snippet:-1, max-image-preview:large, max-video-preview:-1\" \/>\n<link rel=\"canonical\" href=\"http:\/\/didaktik-der-bildenden-kuenste.de\/skulptur-lehren\/?page_id=7867\" \/>\n<meta property=\"og:locale\" content=\"de_DE\" \/>\n<meta property=\"og:type\" content=\"article\" \/>\n<meta property=\"og:title\" content=\"Publikation - SKULPTUR LEHREN\" \/>\n<meta property=\"og:description\" content=\"Skulptur lehrenK\u00fcnstlerische, kunstwissenschaftlicheund kunstp\u00e4dagogische Perspektivenauf Skulptur im erweiterten Feld Herausgegeben von Sara Horn\u00e4k unter Mitarbeit von Susanne Henning 2018. 356 Seiten, 16 farb. u. 134 s\/w Abb., Festeinband\u20ac 59,00ISBN 978-3-7705-6189-6 Die Skulptur heute umfasst Erscheinungsformen sehr unterschiedlicher Art. Plastische, skulpturale oder installative Werke lassen einen Gattungsbegriff zunehmend obsolet erscheinen. In ihren vielf\u00e4ltigen Entgrenzungstendenzen wird die ... [Read more...]\" \/>\n<meta property=\"og:url\" content=\"http:\/\/didaktik-der-bildenden-kuenste.de\/skulptur-lehren\/?page_id=7867\" \/>\n<meta property=\"og:site_name\" content=\"SKULPTUR LEHREN\" \/>\n<meta property=\"article:modified_time\" content=\"2020-09-04T12:29:40+00:00\" \/>\n<meta property=\"og:image\" content=\"http:\/\/didaktik-der-bildenden-kuenste.de\/skulptur-lehren\/wp-content\/uploads\/sites\/3\/2020\/09\/cover-645x1024-1.jpg\" \/>\n<meta name=\"twitter:card\" content=\"summary_large_image\" \/>\n<meta name=\"twitter:label1\" content=\"Gesch\u00e4tzte Lesezeit\" \/>\n\t<meta name=\"twitter:data1\" content=\"1\u00a0Minute\" \/>\n<script type=\"application\/ld+json\" class=\"yoast-schema-graph\">{\"@context\":\"https:\/\/schema.org\",\"@graph\":[{\"@type\":\"WebPage\",\"@id\":\"http:\/\/didaktik-der-bildenden-kuenste.de\/skulptur-lehren\/?page_id=7867\",\"url\":\"http:\/\/didaktik-der-bildenden-kuenste.de\/skulptur-lehren\/?page_id=7867\",\"name\":\"Publikation - SKULPTUR LEHREN\",\"isPartOf\":{\"@id\":\"http:\/\/didaktik-der-bildenden-kuenste.de\/skulptur-lehren\/#website\"},\"primaryImageOfPage\":{\"@id\":\"http:\/\/didaktik-der-bildenden-kuenste.de\/skulptur-lehren\/?page_id=7867#primaryimage\"},\"image\":{\"@id\":\"http:\/\/didaktik-der-bildenden-kuenste.de\/skulptur-lehren\/?page_id=7867#primaryimage\"},\"thumbnailUrl\":\"http:\/\/didaktik-der-bildenden-kuenste.de\/skulptur-lehren\/wp-content\/uploads\/sites\/3\/2020\/09\/cover-645x1024-1.jpg\",\"datePublished\":\"2020-09-04T12:06:07+00:00\",\"dateModified\":\"2020-09-04T12:29:40+00:00\",\"breadcrumb\":{\"@id\":\"http:\/\/didaktik-der-bildenden-kuenste.de\/skulptur-lehren\/?page_id=7867#breadcrumb\"},\"inLanguage\":\"de\",\"potentialAction\":[{\"@type\":\"ReadAction\",\"target\":[\"http:\/\/didaktik-der-bildenden-kuenste.de\/skulptur-lehren\/?page_id=7867\"]}]},{\"@type\":\"ImageObject\",\"inLanguage\":\"de\",\"@id\":\"http:\/\/didaktik-der-bildenden-kuenste.de\/skulptur-lehren\/?page_id=7867#primaryimage\",\"url\":\"http:\/\/didaktik-der-bildenden-kuenste.de\/skulptur-lehren\/wp-content\/uploads\/sites\/3\/2020\/09\/cover-645x1024-1.jpg\",\"contentUrl\":\"http:\/\/didaktik-der-bildenden-kuenste.de\/skulptur-lehren\/wp-content\/uploads\/sites\/3\/2020\/09\/cover-645x1024-1.jpg\",\"width\":645,\"height\":1024},{\"@type\":\"BreadcrumbList\",\"@id\":\"http:\/\/didaktik-der-bildenden-kuenste.de\/skulptur-lehren\/?page_id=7867#breadcrumb\",\"itemListElement\":[{\"@type\":\"ListItem\",\"position\":1,\"name\":\"Home\",\"item\":\"http:\/\/didaktik-der-bildenden-kuenste.de\/skulptur-lehren\/\"},{\"@type\":\"ListItem\",\"position\":2,\"name\":\"Publikation\"}]},{\"@type\":\"WebSite\",\"@id\":\"http:\/\/didaktik-der-bildenden-kuenste.de\/skulptur-lehren\/#website\",\"url\":\"http:\/\/didaktik-der-bildenden-kuenste.de\/skulptur-lehren\/\",\"name\":\"SKULPTUR LEHREN\",\"description\":\"\",\"publisher\":{\"@id\":\"http:\/\/didaktik-der-bildenden-kuenste.de\/skulptur-lehren\/#organization\"},\"potentialAction\":[{\"@type\":\"SearchAction\",\"target\":{\"@type\":\"EntryPoint\",\"urlTemplate\":\"http:\/\/didaktik-der-bildenden-kuenste.de\/skulptur-lehren\/?s={search_term_string}\"},\"query-input\":{\"@type\":\"PropertyValueSpecification\",\"valueRequired\":true,\"valueName\":\"search_term_string\"}}],\"inLanguage\":\"de\"},{\"@type\":\"Organization\",\"@id\":\"http:\/\/didaktik-der-bildenden-kuenste.de\/skulptur-lehren\/#organization\",\"name\":\"SKULPTUR LEHREN\",\"url\":\"http:\/\/didaktik-der-bildenden-kuenste.de\/skulptur-lehren\/\",\"logo\":{\"@type\":\"ImageObject\",\"inLanguage\":\"de\",\"@id\":\"http:\/\/didaktik-der-bildenden-kuenste.de\/skulptur-lehren\/#\/schema\/logo\/image\/\",\"url\":\"\",\"contentUrl\":\"\",\"caption\":\"SKULPTUR LEHREN\"},\"image\":{\"@id\":\"http:\/\/didaktik-der-bildenden-kuenste.de\/skulptur-lehren\/#\/schema\/logo\/image\/\"}}]}<\/script>\n<!-- \/ Yoast SEO plugin. -->","yoast_head_json":{"title":"Publikation - SKULPTUR LEHREN","robots":{"index":"index","follow":"follow","max-snippet":"max-snippet:-1","max-image-preview":"max-image-preview:large","max-video-preview":"max-video-preview:-1"},"canonical":"http:\/\/didaktik-der-bildenden-kuenste.de\/skulptur-lehren\/?page_id=7867","og_locale":"de_DE","og_type":"article","og_title":"Publikation - SKULPTUR LEHREN","og_description":"Skulptur lehrenK\u00fcnstlerische, kunstwissenschaftlicheund kunstp\u00e4dagogische Perspektivenauf Skulptur im erweiterten Feld Herausgegeben von Sara Horn\u00e4k unter Mitarbeit von Susanne Henning 2018. 356 Seiten, 16 farb. u. 134 s\/w Abb., Festeinband\u20ac 59,00ISBN 978-3-7705-6189-6 Die Skulptur heute umfasst Erscheinungsformen sehr unterschiedlicher Art. Plastische, skulpturale oder installative Werke lassen einen Gattungsbegriff zunehmend obsolet erscheinen. In ihren vielf\u00e4ltigen Entgrenzungstendenzen wird die ... [Read more...]","og_url":"http:\/\/didaktik-der-bildenden-kuenste.de\/skulptur-lehren\/?page_id=7867","og_site_name":"SKULPTUR LEHREN","article_modified_time":"2020-09-04T12:29:40+00:00","og_image":[{"url":"http:\/\/didaktik-der-bildenden-kuenste.de\/skulptur-lehren\/wp-content\/uploads\/sites\/3\/2020\/09\/cover-645x1024-1.jpg","type":"","width":"","height":""}],"twitter_card":"summary_large_image","twitter_misc":{"Gesch\u00e4tzte Lesezeit":"1\u00a0Minute"},"schema":{"@context":"https:\/\/schema.org","@graph":[{"@type":"WebPage","@id":"http:\/\/didaktik-der-bildenden-kuenste.de\/skulptur-lehren\/?page_id=7867","url":"http:\/\/didaktik-der-bildenden-kuenste.de\/skulptur-lehren\/?page_id=7867","name":"Publikation - SKULPTUR LEHREN","isPartOf":{"@id":"http:\/\/didaktik-der-bildenden-kuenste.de\/skulptur-lehren\/#website"},"primaryImageOfPage":{"@id":"http:\/\/didaktik-der-bildenden-kuenste.de\/skulptur-lehren\/?page_id=7867#primaryimage"},"image":{"@id":"http:\/\/didaktik-der-bildenden-kuenste.de\/skulptur-lehren\/?page_id=7867#primaryimage"},"thumbnailUrl":"http:\/\/didaktik-der-bildenden-kuenste.de\/skulptur-lehren\/wp-content\/uploads\/sites\/3\/2020\/09\/cover-645x1024-1.jpg","datePublished":"2020-09-04T12:06:07+00:00","dateModified":"2020-09-04T12:29:40+00:00","breadcrumb":{"@id":"http:\/\/didaktik-der-bildenden-kuenste.de\/skulptur-lehren\/?page_id=7867#breadcrumb"},"inLanguage":"de","potentialAction":[{"@type":"ReadAction","target":["http:\/\/didaktik-der-bildenden-kuenste.de\/skulptur-lehren\/?page_id=7867"]}]},{"@type":"ImageObject","inLanguage":"de","@id":"http:\/\/didaktik-der-bildenden-kuenste.de\/skulptur-lehren\/?page_id=7867#primaryimage","url":"http:\/\/didaktik-der-bildenden-kuenste.de\/skulptur-lehren\/wp-content\/uploads\/sites\/3\/2020\/09\/cover-645x1024-1.jpg","contentUrl":"http:\/\/didaktik-der-bildenden-kuenste.de\/skulptur-lehren\/wp-content\/uploads\/sites\/3\/2020\/09\/cover-645x1024-1.jpg","width":645,"height":1024},{"@type":"BreadcrumbList","@id":"http:\/\/didaktik-der-bildenden-kuenste.de\/skulptur-lehren\/?page_id=7867#breadcrumb","itemListElement":[{"@type":"ListItem","position":1,"name":"Home","item":"http:\/\/didaktik-der-bildenden-kuenste.de\/skulptur-lehren\/"},{"@type":"ListItem","position":2,"name":"Publikation"}]},{"@type":"WebSite","@id":"http:\/\/didaktik-der-bildenden-kuenste.de\/skulptur-lehren\/#website","url":"http:\/\/didaktik-der-bildenden-kuenste.de\/skulptur-lehren\/","name":"SKULPTUR LEHREN","description":"","publisher":{"@id":"http:\/\/didaktik-der-bildenden-kuenste.de\/skulptur-lehren\/#organization"},"potentialAction":[{"@type":"SearchAction","target":{"@type":"EntryPoint","urlTemplate":"http:\/\/didaktik-der-bildenden-kuenste.de\/skulptur-lehren\/?s={search_term_string}"},"query-input":{"@type":"PropertyValueSpecification","valueRequired":true,"valueName":"search_term_string"}}],"inLanguage":"de"},{"@type":"Organization","@id":"http:\/\/didaktik-der-bildenden-kuenste.de\/skulptur-lehren\/#organization","name":"SKULPTUR LEHREN","url":"http:\/\/didaktik-der-bildenden-kuenste.de\/skulptur-lehren\/","logo":{"@type":"ImageObject","inLanguage":"de","@id":"http:\/\/didaktik-der-bildenden-kuenste.de\/skulptur-lehren\/#\/schema\/logo\/image\/","url":"","contentUrl":"","caption":"SKULPTUR LEHREN"},"image":{"@id":"http:\/\/didaktik-der-bildenden-kuenste.de\/skulptur-lehren\/#\/schema\/logo\/image\/"}}]}},"_links":{"self":[{"href":"http:\/\/didaktik-der-bildenden-kuenste.de\/skulptur-lehren\/index.php?rest_route=\/wp\/v2\/pages\/7867","targetHints":{"allow":["GET"]}}],"collection":[{"href":"http:\/\/didaktik-der-bildenden-kuenste.de\/skulptur-lehren\/index.php?rest_route=\/wp\/v2\/pages"}],"about":[{"href":"http:\/\/didaktik-der-bildenden-kuenste.de\/skulptur-lehren\/index.php?rest_route=\/wp\/v2\/types\/page"}],"author":[{"embeddable":true,"href":"http:\/\/didaktik-der-bildenden-kuenste.de\/skulptur-lehren\/index.php?rest_route=\/wp\/v2\/users\/1"}],"replies":[{"embeddable":true,"href":"http:\/\/didaktik-der-bildenden-kuenste.de\/skulptur-lehren\/index.php?rest_route=%2Fwp%2Fv2%2Fcomments&post=7867"}],"version-history":[{"count":5,"href":"http:\/\/didaktik-der-bildenden-kuenste.de\/skulptur-lehren\/index.php?rest_route=\/wp\/v2\/pages\/7867\/revisions"}],"predecessor-version":[{"id":7878,"href":"http:\/\/didaktik-der-bildenden-kuenste.de\/skulptur-lehren\/index.php?rest_route=\/wp\/v2\/pages\/7867\/revisions\/7878"}],"wp:attachment":[{"href":"http:\/\/didaktik-der-bildenden-kuenste.de\/skulptur-lehren\/index.php?rest_route=%2Fwp%2Fv2%2Fmedia&parent=7867"}],"curies":[{"name":"wp","href":"https:\/\/api.w.org\/{rel}","templated":true}]}}