{"id":841,"date":"2015-12-02T11:50:20","date_gmt":"2015-12-02T10:50:20","guid":{"rendered":"http:\/\/didaktik-der-bildenden-kuenste.de\/skulptur-lehren\/?page_id=841"},"modified":"2016-06-23T17:44:24","modified_gmt":"2016-06-23T15:44:24","slug":"referentinnen-und-referenten","status":"publish","type":"page","link":"http:\/\/didaktik-der-bildenden-kuenste.de\/skulptur-lehren\/?page_id=841","title":{"rendered":"Referentinnen und Referenten"},"content":{"rendered":"<p><strong>Abstracts<\/strong><\/p>\n\n<table id=\"tablepress-6\" class=\"tablepress tablepress-id-6\">\n<tbody>\n<tr class=\"row-1\">\n\t<td class=\"column-1\"><a href=\"http:\/\/didaktik-der-bildenden-kuenste.de\/skulptur-lehren\/?page_id=1231\">Sabiene Autsch (Universit\u00e4t Paderborn) <\/a><\/td><td class=\"column-2\"><a href=\"http:\/\/didaktik-der-bildenden-kuenste.de\/skulptur-lehren\/wp-content\/uploads\/sites\/3\/2016\/07\/Autsch.mp4\"target=\"_blank\"><img decoding=\"async\" src=\"http:\/\/didaktik-der-bildenden-kuenste.de\/skulptur-lehren\/wp-content\/uploads\/sites\/3\/2021\/03\/video_icon.png\" width=\"30\"\/><\/a><\/td>\n<\/tr>\n<tr class=\"row-2\">\n\t<td class=\"column-1\"><a href=\"http:\/\/didaktik-der-bildenden-kuenste.de\/skulptur-lehren\/?page_id=2831\">Manfred Blohm (Europa-Universit\u00e4t Flensburg)     <\/a><\/td><td class=\"column-2\"><a href=\"http:\/\/didaktik-der-bildenden-kuenste.de\/skulptur-lehren\/wp-content\/uploads\/sites\/3\/2016\/07\/16A_Blohm.mp4\"target=\"_blank\"><img decoding=\"async\" src=\"http:\/\/didaktik-der-bildenden-kuenste.de\/skulptur-lehren\/wp-content\/uploads\/sites\/3\/2021\/03\/video_icon.png\" width=\"30\"\/><\/a><\/td>\n<\/tr>\n<tr class=\"row-3\">\n\t<td class=\"column-1\"><a href=\"http:\/\/didaktik-der-bildenden-kuenste.de\/skulptur-lehren\/?page_id=1331\">Sara Burkhardt (Burg Giebichenstein Kunsthochschule Halle)<\/a>Kunsthochschule Halle)<\/td><td class=\"column-2\"><\/td>\n<\/tr>\n<tr class=\"row-4\">\n\t<td class=\"column-1\"><a href=\"http:\/\/didaktik-der-bildenden-kuenste.de\/skulptur-lehren\/?page_id=1371\">Carl-Peter Buschk\u00fchle (Universit\u00e4t Gie\u00dfen)     <\/a><\/td><td class=\"column-2\"><a href=\"http:\/\/didaktik-der-bildenden-kuenste.de\/skulptur-lehren\/wp-content\/uploads\/sites\/3\/2016\/07\/Buschkuehle.mp4\"target=\"_blank\"><img decoding=\"async\" src=\"http:\/\/didaktik-der-bildenden-kuenste.de\/skulptur-lehren\/wp-content\/uploads\/sites\/3\/2021\/03\/video_icon.png\" width=\"30\"\/><\/a><\/td>\n<\/tr>\n<tr class=\"row-5\">\n\t<td class=\"column-1\"><a href=\"http:\/\/didaktik-der-bildenden-kuenste.de\/skulptur-lehren\/?page_id=1411\">Hannes Brunner (Kunsthochschule Wei\u00dfensee Berlin)  <\/a><\/td><td class=\"column-2\"><a href=\"http:\/\/didaktik-der-bildenden-kuenste.de\/skulptur-lehren\/wp-content\/uploads\/sites\/3\/2016\/07\/19A_Brunner.mp4\"target=\"_blank\"><img decoding=\"async\" src=\"http:\/\/didaktik-der-bildenden-kuenste.de\/skulptur-lehren\/wp-content\/uploads\/sites\/3\/2021\/03\/video_icon.png\" width=\"30\"\/><\/a><\/td>\n<\/tr>\n<tr class=\"row-6\">\n\t<td class=\"column-1\"><a href=\"http:\/\/didaktik-der-bildenden-kuenste.de\/skulptur-lehren\/?page_id=1511\">Anja Ciupka (Universit\u00e4t Siegen)<\/a><\/td><td class=\"column-2\"><\/td>\n<\/tr>\n<tr class=\"row-7\">\n\t<td class=\"column-1\"><a href=\"http:\/\/didaktik-der-bildenden-kuenste.de\/skulptur-lehren\/?page_id=911\">Martina Dobbe (Kunstakademie D\u00fcsseldorf)<\/a><\/td><td class=\"column-2\"><\/td>\n<\/tr>\n<tr class=\"row-8\">\n\t<td class=\"column-1\"><a href=\"http:\/\/didaktik-der-bildenden-kuenste.de\/skulptur-lehren\/?page_id=1531\" target=\"_blank\">Susanne Henning (Universit\u00e4t Paderborn)     <\/a><\/td><td class=\"column-2\"><a href=\"http:\/\/didaktik-der-bildenden-kuenste.de\/skulptur-lehren\/wp-content\/uploads\/sites\/3\/2016\/07\/05A_Henning.mp4\"target=\"_blank\"><img decoding=\"async\" src=\"http:\/\/didaktik-der-bildenden-kuenste.de\/skulptur-lehren\/wp-content\/uploads\/sites\/3\/2021\/03\/video_icon.png\" width=\"30\"\/><\/a><\/td>\n<\/tr>\n<tr class=\"row-9\">\n\t<td class=\"column-1\"><a href=\"http:\/\/didaktik-der-bildenden-kuenste.de\/skulptur-lehren\/?page_id=1991\">Sara Horn\u00e4k (Universit\u00e4t Paderborn)     <\/a><\/td><td class=\"column-2\"><a href=\"http:\/\/didaktik-der-bildenden-kuenste.de\/skulptur-lehren\/wp-content\/uploads\/sites\/3\/2016\/06\/00_Hornaek.mp4\"target=\"_blank\"><img decoding=\"async\" src=\"http:\/\/didaktik-der-bildenden-kuenste.de\/skulptur-lehren\/wp-content\/uploads\/sites\/3\/2021\/03\/video_icon.png\" width=\"30\"\/><\/a><\/td>\n<\/tr>\n<tr class=\"row-10\">\n\t<td class=\"column-1\"><a href=\"http:\/\/didaktik-der-bildenden-kuenste.de\/skulptur-lehren\/?page_id=1271\">Petra Kathke (Universit\u00e4t Bielefeld)<\/a><br \/>\n<\/td><td class=\"column-2\"><\/td>\n<\/tr>\n<tr class=\"row-11\">\n\t<td class=\"column-1\"><a href=\"http:\/\/didaktik-der-bildenden-kuenste.de\/skulptur-lehren\/?page_id=1451\">Gereon Krebber (Kunstakademie D\u00fcsseldorf)      <\/a><\/td><td class=\"column-2\"><a href=\"http:\/\/didaktik-der-bildenden-kuenste.de\/skulptur-lehren\/wp-content\/uploads\/sites\/3\/2016\/10\/11_Krebber_GereonN.mp4\"target=\"_blank\"><img decoding=\"async\" src=\"http:\/\/didaktik-der-bildenden-kuenste.de\/skulptur-lehren\/wp-content\/uploads\/sites\/3\/2021\/03\/video_icon.png\" width=\"30\"\/><\/a><\/td>\n<\/tr>\n<tr class=\"row-12\">\n\t<td class=\"column-1\"><a href=\"http:\/\/didaktik-der-bildenden-kuenste.de\/skulptur-lehren\/?page_id=2671\">Anke Lohrer (D\u00fcsseldorf)     <\/a><\/td><td class=\"column-2\"><a href=\"http:\/\/didaktik-der-bildenden-kuenste.de\/skulptur-lehren\/wp-content\/uploads\/sites\/3\/2016\/07\/10A_Lohrer.mp4\"target=\"_blank\"><img decoding=\"async\" src=\"http:\/\/didaktik-der-bildenden-kuenste.de\/skulptur-lehren\/wp-content\/uploads\/sites\/3\/2021\/03\/video_icon.png\" width=\"30\"\/><\/a><\/td>\n<\/tr>\n<tr class=\"row-13\">\n\t<td class=\"column-1\"><a href=\"http:\/\/didaktik-der-bildenden-kuenste.de\/skulptur-lehren\/?page_id=1311\">Petra Maria Meyer (Muthesius Kunsthochschule Kiel)<\/a><\/td><td class=\"column-2\"><\/td>\n<\/tr>\n<tr class=\"row-14\">\n\t<td class=\"column-1\"><a href=\"http:\/\/didaktik-der-bildenden-kuenste.de\/skulptur-lehren\/?page_id=1251\">Karina Pauls (Kunstakademie D\u00fcsseldorf)<\/a><br \/>\n<\/td><td class=\"column-2\"><\/td>\n<\/tr>\n<tr class=\"row-15\">\n\t<td class=\"column-1\"><a href=\"http:\/\/didaktik-der-bildenden-kuenste.de\/skulptur-lehren\/?page_id=1431\">Anna Penning (Universit\u00e4t Paderborn)<\/a><\/td><td class=\"column-2\"><\/td>\n<\/tr>\n<tr class=\"row-16\">\n\t<td class=\"column-1\"><a href=\"http:\/\/didaktik-der-bildenden-kuenste.de\/skulptur-lehren\/?page_id=951\">Dietmar R\u00fcbel (HfBK Dresden)<\/a><\/td><td class=\"column-2\"><\/td>\n<\/tr>\n<tr class=\"row-17\">\n\t<td class=\"column-1\"><a href=\"http:\/\/didaktik-der-bildenden-kuenste.de\/skulptur-lehren\/?page_id=1491\">Michael Schulze (RWTH Aachen)     <\/a><\/td><td class=\"column-2\"><a href=\"http:\/\/didaktik-der-bildenden-kuenste.de\/skulptur-lehren\/wp-content\/uploads\/sites\/3\/2016\/06\/Schulze_bearbeitet.mp4\"target=\"_blank\"><img decoding=\"async\" src=\"http:\/\/didaktik-der-bildenden-kuenste.de\/skulptur-lehren\/wp-content\/uploads\/sites\/3\/2021\/03\/video_icon.png\" width=\"30\"\/><\/a><\/td>\n<\/tr>\n<tr class=\"row-18\">\n\t<td class=\"column-1\"><a href=\"http:\/\/didaktik-der-bildenden-kuenste.de\/skulptur-lehren\/?page_id=1471\">Johanna Schwarz (Universt\u00e4t Duisburg Essen)     <\/a><\/td><td class=\"column-2\"><a href=\"http:\/\/didaktik-der-bildenden-kuenste.de\/skulptur-lehren\/wp-content\/uploads\/sites\/3\/2016\/07\/07A_Schwarz.mp4\"target=\"_blank\"><img decoding=\"async\" src=\"http:\/\/didaktik-der-bildenden-kuenste.de\/skulptur-lehren\/wp-content\/uploads\/sites\/3\/2021\/03\/video_icon.png\" width=\"30\"\/><\/a><\/td>\n<\/tr>\n<tr class=\"row-19\">\n\t<td class=\"column-1\"><a href=\"http:\/\/didaktik-der-bildenden-kuenste.de\/skulptur-lehren\/?page_id=1391\">Ursula Str\u00f6bele (UdK Berlin)<\/a><\/td><td class=\"column-2\"><\/td>\n<\/tr>\n<tr class=\"row-20\">\n\t<td class=\"column-1\"><a href=\"http:\/\/didaktik-der-bildenden-kuenste.de\/skulptur-lehren\/?page_id=1291\">Hartmut Wilkening (Amsterdam)     <\/a><\/td><td class=\"column-2\"><a href=\"http:\/\/didaktik-der-bildenden-kuenste.de\/skulptur-lehren\/wp-content\/uploads\/sites\/3\/2016\/07\/02A_Wilkening.mp4\"target=\"_blank\"><img decoding=\"async\" src=\"http:\/\/didaktik-der-bildenden-kuenste.de\/skulptur-lehren\/wp-content\/uploads\/sites\/3\/2021\/03\/video_icon.png\" width=\"30\"\/><\/a><\/td>\n<\/tr>\n<\/tbody>\n<\/table>\n<!-- #tablepress-6 from cache -->\n","protected":false},"excerpt":{"rendered":"<p>Abstracts<\/p>\n","protected":false},"author":2,"featured_media":0,"parent":0,"menu_order":0,"comment_status":"closed","ping_status":"closed","template":"","meta":{"footnotes":""},"class_list":["entry","page","publish","author-sara","post-841"],"yoast_head":"<!-- This site is optimized with the Yoast SEO plugin v26.8 - https:\/\/yoast.com\/product\/yoast-seo-wordpress\/ -->\n<title>Referentinnen und Referenten - SKULPTUR LEHREN<\/title>\n<meta name=\"robots\" content=\"index, follow, max-snippet:-1, max-image-preview:large, max-video-preview:-1\" \/>\n<link rel=\"canonical\" href=\"http:\/\/didaktik-der-bildenden-kuenste.de\/skulptur-lehren\/?page_id=841\" \/>\n<meta property=\"og:locale\" content=\"de_DE\" \/>\n<meta property=\"og:type\" content=\"article\" \/>\n<meta property=\"og:title\" content=\"Referentinnen und Referenten - SKULPTUR LEHREN\" \/>\n<meta property=\"og:description\" content=\"Abstracts\" \/>\n<meta property=\"og:url\" content=\"http:\/\/didaktik-der-bildenden-kuenste.de\/skulptur-lehren\/?page_id=841\" \/>\n<meta property=\"og:site_name\" content=\"SKULPTUR LEHREN\" \/>\n<meta property=\"article:modified_time\" content=\"2016-06-23T15:44:24+00:00\" \/>\n<meta name=\"twitter:card\" content=\"summary_large_image\" \/>\n<script type=\"application\/ld+json\" class=\"yoast-schema-graph\">{\"@context\":\"https:\/\/schema.org\",\"@graph\":[{\"@type\":\"WebPage\",\"@id\":\"http:\/\/didaktik-der-bildenden-kuenste.de\/skulptur-lehren\/?page_id=841\",\"url\":\"http:\/\/didaktik-der-bildenden-kuenste.de\/skulptur-lehren\/?page_id=841\",\"name\":\"Referentinnen und Referenten - SKULPTUR LEHREN\",\"isPartOf\":{\"@id\":\"http:\/\/didaktik-der-bildenden-kuenste.de\/skulptur-lehren\/#website\"},\"datePublished\":\"2015-12-02T10:50:20+00:00\",\"dateModified\":\"2016-06-23T15:44:24+00:00\",\"breadcrumb\":{\"@id\":\"http:\/\/didaktik-der-bildenden-kuenste.de\/skulptur-lehren\/?page_id=841#breadcrumb\"},\"inLanguage\":\"de\",\"potentialAction\":[{\"@type\":\"ReadAction\",\"target\":[\"http:\/\/didaktik-der-bildenden-kuenste.de\/skulptur-lehren\/?page_id=841\"]}]},{\"@type\":\"BreadcrumbList\",\"@id\":\"http:\/\/didaktik-der-bildenden-kuenste.de\/skulptur-lehren\/?page_id=841#breadcrumb\",\"itemListElement\":[{\"@type\":\"ListItem\",\"position\":1,\"name\":\"Home\",\"item\":\"http:\/\/didaktik-der-bildenden-kuenste.de\/skulptur-lehren\/\"},{\"@type\":\"ListItem\",\"position\":2,\"name\":\"Referentinnen und Referenten\"}]},{\"@type\":\"WebSite\",\"@id\":\"http:\/\/didaktik-der-bildenden-kuenste.de\/skulptur-lehren\/#website\",\"url\":\"http:\/\/didaktik-der-bildenden-kuenste.de\/skulptur-lehren\/\",\"name\":\"SKULPTUR LEHREN\",\"description\":\"\",\"publisher\":{\"@id\":\"http:\/\/didaktik-der-bildenden-kuenste.de\/skulptur-lehren\/#organization\"},\"potentialAction\":[{\"@type\":\"SearchAction\",\"target\":{\"@type\":\"EntryPoint\",\"urlTemplate\":\"http:\/\/didaktik-der-bildenden-kuenste.de\/skulptur-lehren\/?s={search_term_string}\"},\"query-input\":{\"@type\":\"PropertyValueSpecification\",\"valueRequired\":true,\"valueName\":\"search_term_string\"}}],\"inLanguage\":\"de\"},{\"@type\":\"Organization\",\"@id\":\"http:\/\/didaktik-der-bildenden-kuenste.de\/skulptur-lehren\/#organization\",\"name\":\"SKULPTUR LEHREN\",\"url\":\"http:\/\/didaktik-der-bildenden-kuenste.de\/skulptur-lehren\/\",\"logo\":{\"@type\":\"ImageObject\",\"inLanguage\":\"de\",\"@id\":\"http:\/\/didaktik-der-bildenden-kuenste.de\/skulptur-lehren\/#\/schema\/logo\/image\/\",\"url\":\"\",\"contentUrl\":\"\",\"caption\":\"SKULPTUR LEHREN\"},\"image\":{\"@id\":\"http:\/\/didaktik-der-bildenden-kuenste.de\/skulptur-lehren\/#\/schema\/logo\/image\/\"}}]}<\/script>\n<!-- \/ Yoast SEO plugin. -->","yoast_head_json":{"title":"Referentinnen und Referenten - SKULPTUR LEHREN","robots":{"index":"index","follow":"follow","max-snippet":"max-snippet:-1","max-image-preview":"max-image-preview:large","max-video-preview":"max-video-preview:-1"},"canonical":"http:\/\/didaktik-der-bildenden-kuenste.de\/skulptur-lehren\/?page_id=841","og_locale":"de_DE","og_type":"article","og_title":"Referentinnen und Referenten - SKULPTUR LEHREN","og_description":"Abstracts","og_url":"http:\/\/didaktik-der-bildenden-kuenste.de\/skulptur-lehren\/?page_id=841","og_site_name":"SKULPTUR LEHREN","article_modified_time":"2016-06-23T15:44:24+00:00","twitter_card":"summary_large_image","schema":{"@context":"https:\/\/schema.org","@graph":[{"@type":"WebPage","@id":"http:\/\/didaktik-der-bildenden-kuenste.de\/skulptur-lehren\/?page_id=841","url":"http:\/\/didaktik-der-bildenden-kuenste.de\/skulptur-lehren\/?page_id=841","name":"Referentinnen und Referenten - SKULPTUR LEHREN","isPartOf":{"@id":"http:\/\/didaktik-der-bildenden-kuenste.de\/skulptur-lehren\/#website"},"datePublished":"2015-12-02T10:50:20+00:00","dateModified":"2016-06-23T15:44:24+00:00","breadcrumb":{"@id":"http:\/\/didaktik-der-bildenden-kuenste.de\/skulptur-lehren\/?page_id=841#breadcrumb"},"inLanguage":"de","potentialAction":[{"@type":"ReadAction","target":["http:\/\/didaktik-der-bildenden-kuenste.de\/skulptur-lehren\/?page_id=841"]}]},{"@type":"BreadcrumbList","@id":"http:\/\/didaktik-der-bildenden-kuenste.de\/skulptur-lehren\/?page_id=841#breadcrumb","itemListElement":[{"@type":"ListItem","position":1,"name":"Home","item":"http:\/\/didaktik-der-bildenden-kuenste.de\/skulptur-lehren\/"},{"@type":"ListItem","position":2,"name":"Referentinnen und Referenten"}]},{"@type":"WebSite","@id":"http:\/\/didaktik-der-bildenden-kuenste.de\/skulptur-lehren\/#website","url":"http:\/\/didaktik-der-bildenden-kuenste.de\/skulptur-lehren\/","name":"SKULPTUR LEHREN","description":"","publisher":{"@id":"http:\/\/didaktik-der-bildenden-kuenste.de\/skulptur-lehren\/#organization"},"potentialAction":[{"@type":"SearchAction","target":{"@type":"EntryPoint","urlTemplate":"http:\/\/didaktik-der-bildenden-kuenste.de\/skulptur-lehren\/?s={search_term_string}"},"query-input":{"@type":"PropertyValueSpecification","valueRequired":true,"valueName":"search_term_string"}}],"inLanguage":"de"},{"@type":"Organization","@id":"http:\/\/didaktik-der-bildenden-kuenste.de\/skulptur-lehren\/#organization","name":"SKULPTUR LEHREN","url":"http:\/\/didaktik-der-bildenden-kuenste.de\/skulptur-lehren\/","logo":{"@type":"ImageObject","inLanguage":"de","@id":"http:\/\/didaktik-der-bildenden-kuenste.de\/skulptur-lehren\/#\/schema\/logo\/image\/","url":"","contentUrl":"","caption":"SKULPTUR LEHREN"},"image":{"@id":"http:\/\/didaktik-der-bildenden-kuenste.de\/skulptur-lehren\/#\/schema\/logo\/image\/"}}]}},"_links":{"self":[{"href":"http:\/\/didaktik-der-bildenden-kuenste.de\/skulptur-lehren\/index.php?rest_route=\/wp\/v2\/pages\/841","targetHints":{"allow":["GET"]}}],"collection":[{"href":"http:\/\/didaktik-der-bildenden-kuenste.de\/skulptur-lehren\/index.php?rest_route=\/wp\/v2\/pages"}],"about":[{"href":"http:\/\/didaktik-der-bildenden-kuenste.de\/skulptur-lehren\/index.php?rest_route=\/wp\/v2\/types\/page"}],"author":[{"embeddable":true,"href":"http:\/\/didaktik-der-bildenden-kuenste.de\/skulptur-lehren\/index.php?rest_route=\/wp\/v2\/users\/2"}],"replies":[{"embeddable":true,"href":"http:\/\/didaktik-der-bildenden-kuenste.de\/skulptur-lehren\/index.php?rest_route=%2Fwp%2Fv2%2Fcomments&post=841"}],"version-history":[{"count":32,"href":"http:\/\/didaktik-der-bildenden-kuenste.de\/skulptur-lehren\/index.php?rest_route=\/wp\/v2\/pages\/841\/revisions"}],"predecessor-version":[{"id":7752,"href":"http:\/\/didaktik-der-bildenden-kuenste.de\/skulptur-lehren\/index.php?rest_route=\/wp\/v2\/pages\/841\/revisions\/7752"}],"wp:attachment":[{"href":"http:\/\/didaktik-der-bildenden-kuenste.de\/skulptur-lehren\/index.php?rest_route=%2Fwp%2Fv2%2Fmedia&parent=841"}],"curies":[{"name":"wp","href":"https:\/\/api.w.org\/{rel}","templated":true}]}}