{"id":911,"date":"2015-12-02T12:13:13","date_gmt":"2015-12-02T11:13:13","guid":{"rendered":"http:\/\/didaktik-der-bildenden-kuenste.de\/skulptur-lehren\/?page_id=911"},"modified":"2016-02-01T13:19:13","modified_gmt":"2016-02-01T12:19:13","slug":"prof-dr-martina-dobbe","status":"publish","type":"page","link":"http:\/\/didaktik-der-bildenden-kuenste.de\/skulptur-lehren\/?page_id=911","title":{"rendered":"Martina Dobbe"},"content":{"rendered":"<p>(Kunstakademie D\u00fcsseldorf)<\/p>\n<p>VON DER SKULPTUR IM ERWEITERTEN FELD ZUM SKULPTURALEN ALS POST-MEDIALER KATEGORIE<\/p>\n<p>Der Vortrag wird einige begriffsgeschichtliche Aspekte der \u201eSkulptur im erweiterten Feld\u201c bzw. der \u201eSkulptur in Zeiten ihrer Entgrenzung\u201c thematisieren. Er lenkt den Blick zur\u00fcck auf jene Zeit, als die essentialistische Frage nach der Skulptur (Was ist Skulptur?) kunsttheoretisch obsolet erschien und neue Erscheinungsformen der Skulptur \/ des Skulpturalen auch ein ver\u00e4ndertes Medien- bzw. Gattungsverst\u00e4ndnis herausforderten. Im Mittelpunkt der Auseinandersetzung wird die Besch\u00e4ftigung mit Rosalind Krauss&#8216; Rede von der \u201eSkulptur im erweiterten Feld\u201c stehen. Dabei gilt es zum einen, Krauss&#8216; Ansatz in seinem post\/strukturalistischen Umfeld zu rekontextualisieren. Zum anderen soll gefragt werden, welche Potenziale ein generisches Verst\u00e4ndnis von Skulptur \u2013 im Sinne des \u201eSkulpturalen als post-medialer Kategorie\u201c &#8211; heute besitzt.<\/p>\n<hr \/>\n<p>MARTINA DOBBE Professorin f\u00fcr Kunstgeschichte mit dem Schwerpunkt Moderne\/Gegenwart an der Kunstakademie D\u00fcsseldorf; Studium der Kunstgeschichte, Philosophie und Germanistik; Promotion an der Ruhr-Universit\u00e4t Bochum mit einer Arbeit zur Malereitheorie (Querelle des Anciens, des Modernes et des Postmodernes, M\u00fcnchen 1998); Habilitation an der Universit\u00e4t Siegen mit einer Arbeit zur Fotografie als theoretisches Objekt (M\u00fcnchen 2007); 2006-2015 Professorin f\u00fcr Kunstgeschichte an der UdK Berlin. Aktuelle Arbeitsschwerpunkte: Kunsttheorie als Bild- und Medientheorie; Dispositive des Sehens in der Kunst seit den 1960er Jahren; Theorie der Skulptur; Kunst und Wissen.<\/p>\n","protected":false},"excerpt":{"rendered":"<p>(Kunstakademie D\u00fcsseldorf) VON DER SKULPTUR IM ERWEITERTEN FELD ZUM SKULPTURALEN ALS POST-MEDIALER KATEGORIE Der Vortrag wird einige begriffsgeschichtliche Aspekte der \u201eSkulptur im erweiterten Feld\u201c bzw. der \u201eSkulptur in Zeiten ihrer Entgrenzung\u201c thematisieren. Er lenkt den Blick zur\u00fcck auf jene Zeit, als die essentialistische Frage nach der Skulptur (Was ist Skulptur?) kunsttheoretisch obsolet erschien und neue &#8230; <span class=\"more\"><a class=\"more-link\" href=\"http:\/\/didaktik-der-bildenden-kuenste.de\/skulptur-lehren\/?page_id=911\">[Read more&#8230;]<\/a><\/span><\/p>\n","protected":false},"author":2,"featured_media":0,"parent":841,"menu_order":25,"comment_status":"closed","ping_status":"closed","template":"","meta":{"footnotes":""},"class_list":["entry","page","publish","author-sara","post-911"],"yoast_head":"<!-- This site is optimized with the Yoast SEO plugin v26.8 - https:\/\/yoast.com\/product\/yoast-seo-wordpress\/ -->\n<title>Martina Dobbe - SKULPTUR LEHREN<\/title>\n<meta name=\"robots\" content=\"index, follow, max-snippet:-1, max-image-preview:large, max-video-preview:-1\" \/>\n<link rel=\"canonical\" href=\"http:\/\/didaktik-der-bildenden-kuenste.de\/skulptur-lehren\/?page_id=911\" \/>\n<meta property=\"og:locale\" content=\"de_DE\" \/>\n<meta property=\"og:type\" content=\"article\" \/>\n<meta property=\"og:title\" content=\"Martina Dobbe - SKULPTUR LEHREN\" \/>\n<meta property=\"og:description\" content=\"(Kunstakademie D\u00fcsseldorf) VON DER SKULPTUR IM ERWEITERTEN FELD ZUM SKULPTURALEN ALS POST-MEDIALER KATEGORIE Der Vortrag wird einige begriffsgeschichtliche Aspekte der \u201eSkulptur im erweiterten Feld\u201c bzw. der \u201eSkulptur in Zeiten ihrer Entgrenzung\u201c thematisieren. Er lenkt den Blick zur\u00fcck auf jene Zeit, als die essentialistische Frage nach der Skulptur (Was ist Skulptur?) kunsttheoretisch obsolet erschien und neue ... [Read more...]\" \/>\n<meta property=\"og:url\" content=\"http:\/\/didaktik-der-bildenden-kuenste.de\/skulptur-lehren\/?page_id=911\" \/>\n<meta property=\"og:site_name\" content=\"SKULPTUR LEHREN\" \/>\n<meta property=\"article:modified_time\" content=\"2016-02-01T12:19:13+00:00\" \/>\n<meta name=\"twitter:card\" content=\"summary_large_image\" \/>\n<meta name=\"twitter:label1\" content=\"Gesch\u00e4tzte Lesezeit\" \/>\n\t<meta name=\"twitter:data1\" content=\"1\u00a0Minute\" \/>\n<script type=\"application\/ld+json\" class=\"yoast-schema-graph\">{\"@context\":\"https:\/\/schema.org\",\"@graph\":[{\"@type\":\"WebPage\",\"@id\":\"http:\/\/didaktik-der-bildenden-kuenste.de\/skulptur-lehren\/?page_id=911\",\"url\":\"http:\/\/didaktik-der-bildenden-kuenste.de\/skulptur-lehren\/?page_id=911\",\"name\":\"Martina Dobbe - SKULPTUR LEHREN\",\"isPartOf\":{\"@id\":\"http:\/\/didaktik-der-bildenden-kuenste.de\/skulptur-lehren\/#website\"},\"datePublished\":\"2015-12-02T11:13:13+00:00\",\"dateModified\":\"2016-02-01T12:19:13+00:00\",\"breadcrumb\":{\"@id\":\"http:\/\/didaktik-der-bildenden-kuenste.de\/skulptur-lehren\/?page_id=911#breadcrumb\"},\"inLanguage\":\"de\",\"potentialAction\":[{\"@type\":\"ReadAction\",\"target\":[\"http:\/\/didaktik-der-bildenden-kuenste.de\/skulptur-lehren\/?page_id=911\"]}]},{\"@type\":\"BreadcrumbList\",\"@id\":\"http:\/\/didaktik-der-bildenden-kuenste.de\/skulptur-lehren\/?page_id=911#breadcrumb\",\"itemListElement\":[{\"@type\":\"ListItem\",\"position\":1,\"name\":\"Home\",\"item\":\"http:\/\/didaktik-der-bildenden-kuenste.de\/skulptur-lehren\/\"},{\"@type\":\"ListItem\",\"position\":2,\"name\":\"Referentinnen und Referenten\",\"item\":\"http:\/\/didaktik-der-bildenden-kuenste.de\/skulptur-lehren\/?page_id=841\"},{\"@type\":\"ListItem\",\"position\":3,\"name\":\"Martina Dobbe\"}]},{\"@type\":\"WebSite\",\"@id\":\"http:\/\/didaktik-der-bildenden-kuenste.de\/skulptur-lehren\/#website\",\"url\":\"http:\/\/didaktik-der-bildenden-kuenste.de\/skulptur-lehren\/\",\"name\":\"SKULPTUR LEHREN\",\"description\":\"\",\"publisher\":{\"@id\":\"http:\/\/didaktik-der-bildenden-kuenste.de\/skulptur-lehren\/#organization\"},\"potentialAction\":[{\"@type\":\"SearchAction\",\"target\":{\"@type\":\"EntryPoint\",\"urlTemplate\":\"http:\/\/didaktik-der-bildenden-kuenste.de\/skulptur-lehren\/?s={search_term_string}\"},\"query-input\":{\"@type\":\"PropertyValueSpecification\",\"valueRequired\":true,\"valueName\":\"search_term_string\"}}],\"inLanguage\":\"de\"},{\"@type\":\"Organization\",\"@id\":\"http:\/\/didaktik-der-bildenden-kuenste.de\/skulptur-lehren\/#organization\",\"name\":\"SKULPTUR LEHREN\",\"url\":\"http:\/\/didaktik-der-bildenden-kuenste.de\/skulptur-lehren\/\",\"logo\":{\"@type\":\"ImageObject\",\"inLanguage\":\"de\",\"@id\":\"http:\/\/didaktik-der-bildenden-kuenste.de\/skulptur-lehren\/#\/schema\/logo\/image\/\",\"url\":\"\",\"contentUrl\":\"\",\"caption\":\"SKULPTUR LEHREN\"},\"image\":{\"@id\":\"http:\/\/didaktik-der-bildenden-kuenste.de\/skulptur-lehren\/#\/schema\/logo\/image\/\"}}]}<\/script>\n<!-- \/ Yoast SEO plugin. -->","yoast_head_json":{"title":"Martina Dobbe - SKULPTUR LEHREN","robots":{"index":"index","follow":"follow","max-snippet":"max-snippet:-1","max-image-preview":"max-image-preview:large","max-video-preview":"max-video-preview:-1"},"canonical":"http:\/\/didaktik-der-bildenden-kuenste.de\/skulptur-lehren\/?page_id=911","og_locale":"de_DE","og_type":"article","og_title":"Martina Dobbe - SKULPTUR LEHREN","og_description":"(Kunstakademie D\u00fcsseldorf) VON DER SKULPTUR IM ERWEITERTEN FELD ZUM SKULPTURALEN ALS POST-MEDIALER KATEGORIE Der Vortrag wird einige begriffsgeschichtliche Aspekte der \u201eSkulptur im erweiterten Feld\u201c bzw. der \u201eSkulptur in Zeiten ihrer Entgrenzung\u201c thematisieren. Er lenkt den Blick zur\u00fcck auf jene Zeit, als die essentialistische Frage nach der Skulptur (Was ist Skulptur?) kunsttheoretisch obsolet erschien und neue ... [Read more...]","og_url":"http:\/\/didaktik-der-bildenden-kuenste.de\/skulptur-lehren\/?page_id=911","og_site_name":"SKULPTUR LEHREN","article_modified_time":"2016-02-01T12:19:13+00:00","twitter_card":"summary_large_image","twitter_misc":{"Gesch\u00e4tzte Lesezeit":"1\u00a0Minute"},"schema":{"@context":"https:\/\/schema.org","@graph":[{"@type":"WebPage","@id":"http:\/\/didaktik-der-bildenden-kuenste.de\/skulptur-lehren\/?page_id=911","url":"http:\/\/didaktik-der-bildenden-kuenste.de\/skulptur-lehren\/?page_id=911","name":"Martina Dobbe - SKULPTUR LEHREN","isPartOf":{"@id":"http:\/\/didaktik-der-bildenden-kuenste.de\/skulptur-lehren\/#website"},"datePublished":"2015-12-02T11:13:13+00:00","dateModified":"2016-02-01T12:19:13+00:00","breadcrumb":{"@id":"http:\/\/didaktik-der-bildenden-kuenste.de\/skulptur-lehren\/?page_id=911#breadcrumb"},"inLanguage":"de","potentialAction":[{"@type":"ReadAction","target":["http:\/\/didaktik-der-bildenden-kuenste.de\/skulptur-lehren\/?page_id=911"]}]},{"@type":"BreadcrumbList","@id":"http:\/\/didaktik-der-bildenden-kuenste.de\/skulptur-lehren\/?page_id=911#breadcrumb","itemListElement":[{"@type":"ListItem","position":1,"name":"Home","item":"http:\/\/didaktik-der-bildenden-kuenste.de\/skulptur-lehren\/"},{"@type":"ListItem","position":2,"name":"Referentinnen und Referenten","item":"http:\/\/didaktik-der-bildenden-kuenste.de\/skulptur-lehren\/?page_id=841"},{"@type":"ListItem","position":3,"name":"Martina Dobbe"}]},{"@type":"WebSite","@id":"http:\/\/didaktik-der-bildenden-kuenste.de\/skulptur-lehren\/#website","url":"http:\/\/didaktik-der-bildenden-kuenste.de\/skulptur-lehren\/","name":"SKULPTUR LEHREN","description":"","publisher":{"@id":"http:\/\/didaktik-der-bildenden-kuenste.de\/skulptur-lehren\/#organization"},"potentialAction":[{"@type":"SearchAction","target":{"@type":"EntryPoint","urlTemplate":"http:\/\/didaktik-der-bildenden-kuenste.de\/skulptur-lehren\/?s={search_term_string}"},"query-input":{"@type":"PropertyValueSpecification","valueRequired":true,"valueName":"search_term_string"}}],"inLanguage":"de"},{"@type":"Organization","@id":"http:\/\/didaktik-der-bildenden-kuenste.de\/skulptur-lehren\/#organization","name":"SKULPTUR LEHREN","url":"http:\/\/didaktik-der-bildenden-kuenste.de\/skulptur-lehren\/","logo":{"@type":"ImageObject","inLanguage":"de","@id":"http:\/\/didaktik-der-bildenden-kuenste.de\/skulptur-lehren\/#\/schema\/logo\/image\/","url":"","contentUrl":"","caption":"SKULPTUR LEHREN"},"image":{"@id":"http:\/\/didaktik-der-bildenden-kuenste.de\/skulptur-lehren\/#\/schema\/logo\/image\/"}}]}},"_links":{"self":[{"href":"http:\/\/didaktik-der-bildenden-kuenste.de\/skulptur-lehren\/index.php?rest_route=\/wp\/v2\/pages\/911","targetHints":{"allow":["GET"]}}],"collection":[{"href":"http:\/\/didaktik-der-bildenden-kuenste.de\/skulptur-lehren\/index.php?rest_route=\/wp\/v2\/pages"}],"about":[{"href":"http:\/\/didaktik-der-bildenden-kuenste.de\/skulptur-lehren\/index.php?rest_route=\/wp\/v2\/types\/page"}],"author":[{"embeddable":true,"href":"http:\/\/didaktik-der-bildenden-kuenste.de\/skulptur-lehren\/index.php?rest_route=\/wp\/v2\/users\/2"}],"replies":[{"embeddable":true,"href":"http:\/\/didaktik-der-bildenden-kuenste.de\/skulptur-lehren\/index.php?rest_route=%2Fwp%2Fv2%2Fcomments&post=911"}],"version-history":[{"count":18,"href":"http:\/\/didaktik-der-bildenden-kuenste.de\/skulptur-lehren\/index.php?rest_route=\/wp\/v2\/pages\/911\/revisions"}],"predecessor-version":[{"id":4332,"href":"http:\/\/didaktik-der-bildenden-kuenste.de\/skulptur-lehren\/index.php?rest_route=\/wp\/v2\/pages\/911\/revisions\/4332"}],"up":[{"embeddable":true,"href":"http:\/\/didaktik-der-bildenden-kuenste.de\/skulptur-lehren\/index.php?rest_route=\/wp\/v2\/pages\/841"}],"wp:attachment":[{"href":"http:\/\/didaktik-der-bildenden-kuenste.de\/skulptur-lehren\/index.php?rest_route=%2Fwp%2Fv2%2Fmedia&parent=911"}],"curies":[{"name":"wp","href":"https:\/\/api.w.org\/{rel}","templated":true}]}}