{"id":1317,"date":"2026-02-02T14:53:53","date_gmt":"2026-02-02T13:53:53","guid":{"rendered":"https:\/\/didaktik-der-bildenden-kuenste.de\/hybrideszeichnen\/?page_id=1317"},"modified":"2026-02-02T16:24:05","modified_gmt":"2026-02-02T15:24:05","slug":"materialien","status":"publish","type":"page","link":"https:\/\/didaktik-der-bildenden-kuenste.de\/hybrideszeichnen\/materialien\/","title":{"rendered":"Materialien"},"content":{"rendered":"\n<p><sub>Im Folgenden erhalten Sie r\u00fcckschauend einen \u00dcberblick \u00fcber die Materialien der Workshops der kunstp\u00e4dagogischen Tagung. <\/sub><br><sub>Klicken Sie auf einen Workshoptitel, um zu weiteren Informationen und zu den Workshopmaterialien zu gelangen.<\/sub><\/p>\n\n\n\n<p class=\"has-pale-pink-color has-text-color has-link-color has-dm-sans-font-family wp-elements-e03f9f15cc94474e8f9b9cad7d60cce0\"><a href=\"https:\/\/didaktik-der-bildenden-kuenste.de\/hybrideszeichnen\/kontaktzonen-zwischen-identitaet-und-territorium\/materialien\">I Kontaktzonen zwischen Identit\u00e4t und Territorium<br>Dora Celentano, Lisa Thal und Kevin Schnabelrauch (D\u00fcsseldorf)<\/a><\/p>\n\n\n\n<p class=\"has-link-color has-dm-sans-font-family wp-elements-b783446fbfa2e927c3b5f18ac74693ee\"><a href=\"https:\/\/didaktik-der-bildenden-kuenste.de\/hybrideszeichnen\/workshops\/umgang-mit-fluechtigkeit-und-referentialitaet-in-digitalen-bildwelten\/materialien\/\">II Umgang mit Fl\u00fcchtigkeit und Referentialit\u00e4t in digitalen Bildwelten<br>Anna Kreysing, Canan Tercan (D\u00fcsseldorf)<\/a><\/p>\n\n\n\n<p class=\"has-link-color has-dm-sans-font-family wp-elements-7df0a8be003f521a1ee4a6a5787d3caf\"><a href=\"https:\/\/didaktik-der-bildenden-kuenste.de\/hybrideszeichnen\/workshops\/poetische-bildprachen-im-animationsfilm\/materialien\/\">III Poetische Bildprachen im Animationsfilm<br>Gesine Hopstein (K\u00f6ln)<\/a><\/p>\n","protected":false},"excerpt":{"rendered":"<p>Im Folgenden erhalten Sie r\u00fcckschauend einen \u00dcberblick \u00fcber die Materialien der Workshops der kunstp\u00e4dagogischen Tagung. Klicken Sie auf einen Workshoptitel, um zu weiteren Informationen und zu den Workshopmaterialien zu gelangen. I Kontaktzonen zwischen Identit\u00e4t und TerritoriumDora Celentano, Lisa Thal und Kevin Schnabelrauch (D\u00fcsseldorf) II Umgang mit Fl\u00fcchtigkeit und Referentialit\u00e4t in digitalen BildweltenAnna Kreysing, Canan Tercan [&hellip;]<\/p>\n","protected":false},"author":11,"featured_media":0,"parent":0,"menu_order":0,"comment_status":"closed","ping_status":"closed","template":"","meta":{"footnotes":""},"class_list":["post-1317","page","type-page","status-publish","hentry"],"yoast_head":"<!-- This site is optimized with the Yoast SEO plugin v26.8 - https:\/\/yoast.com\/product\/yoast-seo-wordpress\/ -->\n<title>Materialien - KUNSTP\u00c4DAGOGISCHER TAG<\/title>\n<meta name=\"description\" content=\"Kentridge Didaktik der Bildenden K\u00fcnste Hybride Prozesse des Zeichnens. William Kentridge im Unterricht. Kunstp\u00e4dagogischer Tag der Didaktik der Bildenen K\u00fcnste an der Kunstakademie D\u00fcsseldorf am 08.03.2024. Kentridge Tagung D\u00fcsseldorf - William Kentridge Kunstp\u00e4dagogik - Kunstp\u00e4dagogischer Tag Kunstakademie Sara Horn\u00e4k (D\u00fcsseldorf) Vortrag Drawing Lessons - Kentridge als P\u00e4dagoge? Angela Breidbach (L\u00fcneburg) Vortrag Das Zeichnen auf die B\u00fchne bringen - Zur k\u00fcnstlerischen Praxis von William Kentridge Workshop Dora Celentano, Lisa Thal und Studierende (D\u00fcsseldorf) Kontaktzonen zwischen Identit\u00e4t und Territorium Workshop Anna Kreysing Canan Tercan (D\u00fcsseldorf) Umgang mit Fl\u00fcchtigkeit und Referentialit\u00e4t in digitalen Bildwelten Workshop Gesine Hopstein (K\u00f6ln) Poetische Bildprachen im Animationsfilm\" \/>\n<meta name=\"robots\" content=\"index, follow, max-snippet:-1, max-image-preview:large, max-video-preview:-1\" \/>\n<link rel=\"canonical\" href=\"https:\/\/didaktik-der-bildenden-kuenste.de\/hybrideszeichnen\/materialien\/\" \/>\n<meta property=\"og:locale\" content=\"de_DE\" \/>\n<meta property=\"og:type\" content=\"article\" \/>\n<meta property=\"og:title\" content=\"Materialien - KUNSTP\u00c4DAGOGISCHER TAG\" \/>\n<meta property=\"og:description\" content=\"Kentridge Didaktik der Bildenden K\u00fcnste Hybride Prozesse des Zeichnens. William Kentridge im Unterricht. Kunstp\u00e4dagogischer Tag der Didaktik der Bildenen K\u00fcnste an der Kunstakademie D\u00fcsseldorf am 08.03.2024. Kentridge Tagung D\u00fcsseldorf - William Kentridge Kunstp\u00e4dagogik - Kunstp\u00e4dagogischer Tag Kunstakademie Sara Horn\u00e4k (D\u00fcsseldorf) Vortrag Drawing Lessons - Kentridge als P\u00e4dagoge? Angela Breidbach (L\u00fcneburg) Vortrag Das Zeichnen auf die B\u00fchne bringen - Zur k\u00fcnstlerischen Praxis von William Kentridge Workshop Dora Celentano, Lisa Thal und Studierende (D\u00fcsseldorf) Kontaktzonen zwischen Identit\u00e4t und Territorium Workshop Anna Kreysing Canan Tercan (D\u00fcsseldorf) Umgang mit Fl\u00fcchtigkeit und Referentialit\u00e4t in digitalen Bildwelten Workshop Gesine Hopstein (K\u00f6ln) Poetische Bildprachen im Animationsfilm\" \/>\n<meta property=\"og:url\" content=\"https:\/\/didaktik-der-bildenden-kuenste.de\/hybrideszeichnen\/materialien\/\" \/>\n<meta property=\"og:site_name\" content=\"KUNSTP\u00c4DAGOGISCHER TAG\" \/>\n<meta property=\"article:modified_time\" content=\"2026-02-02T15:24:05+00:00\" \/>\n<meta name=\"twitter:card\" content=\"summary_large_image\" \/>\n<meta name=\"twitter:label1\" content=\"Gesch\u00e4tzte Lesezeit\" \/>\n\t<meta name=\"twitter:data1\" content=\"1\u00a0Minute\" \/>\n<script type=\"application\/ld+json\" class=\"yoast-schema-graph\">{\"@context\":\"https:\/\/schema.org\",\"@graph\":[{\"@type\":\"WebPage\",\"@id\":\"https:\/\/didaktik-der-bildenden-kuenste.de\/hybrideszeichnen\/materialien\/\",\"url\":\"https:\/\/didaktik-der-bildenden-kuenste.de\/hybrideszeichnen\/materialien\/\",\"name\":\"Materialien - KUNSTP\u00c4DAGOGISCHER TAG\",\"isPartOf\":{\"@id\":\"http:\/\/didaktik-der-bildenden-kuenste.de\/hybrideszeichnen\/#website\"},\"datePublished\":\"2026-02-02T13:53:53+00:00\",\"dateModified\":\"2026-02-02T15:24:05+00:00\",\"description\":\"Kentridge Didaktik der Bildenden K\u00fcnste Hybride Prozesse des Zeichnens. William Kentridge im Unterricht. Kunstp\u00e4dagogischer Tag der Didaktik der Bildenen K\u00fcnste an der Kunstakademie D\u00fcsseldorf am 08.03.2024. Kentridge Tagung D\u00fcsseldorf - William Kentridge Kunstp\u00e4dagogik - Kunstp\u00e4dagogischer Tag Kunstakademie Sara Horn\u00e4k (D\u00fcsseldorf) Vortrag Drawing Lessons - Kentridge als P\u00e4dagoge? Angela Breidbach (L\u00fcneburg) Vortrag Das Zeichnen auf die B\u00fchne bringen - Zur k\u00fcnstlerischen Praxis von William Kentridge Workshop Dora Celentano, Lisa Thal und Studierende (D\u00fcsseldorf) Kontaktzonen zwischen Identit\u00e4t und Territorium Workshop Anna Kreysing Canan Tercan (D\u00fcsseldorf) Umgang mit Fl\u00fcchtigkeit und Referentialit\u00e4t in digitalen Bildwelten Workshop Gesine Hopstein (K\u00f6ln) Poetische Bildprachen im Animationsfilm\",\"breadcrumb\":{\"@id\":\"https:\/\/didaktik-der-bildenden-kuenste.de\/hybrideszeichnen\/materialien\/#breadcrumb\"},\"inLanguage\":\"de\",\"potentialAction\":[{\"@type\":\"ReadAction\",\"target\":[\"https:\/\/didaktik-der-bildenden-kuenste.de\/hybrideszeichnen\/materialien\/\"]}]},{\"@type\":\"BreadcrumbList\",\"@id\":\"https:\/\/didaktik-der-bildenden-kuenste.de\/hybrideszeichnen\/materialien\/#breadcrumb\",\"itemListElement\":[{\"@type\":\"ListItem\",\"position\":1,\"name\":\"Kunstp\u00e4dagogischer Tag\",\"item\":\"http:\/\/didaktik-der-bildenden-kuenste.de\/hybrideszeichnen\/\"},{\"@type\":\"ListItem\",\"position\":2,\"name\":\"Materialien\"}]},{\"@type\":\"WebSite\",\"@id\":\"http:\/\/didaktik-der-bildenden-kuenste.de\/hybrideszeichnen\/#website\",\"url\":\"http:\/\/didaktik-der-bildenden-kuenste.de\/hybrideszeichnen\/\",\"name\":\"KUNSTP\u00c4DAGOGISCHER TAG\",\"description\":\"\",\"potentialAction\":[{\"@type\":\"SearchAction\",\"target\":{\"@type\":\"EntryPoint\",\"urlTemplate\":\"http:\/\/didaktik-der-bildenden-kuenste.de\/hybrideszeichnen\/?s={search_term_string}\"},\"query-input\":{\"@type\":\"PropertyValueSpecification\",\"valueRequired\":true,\"valueName\":\"search_term_string\"}}],\"inLanguage\":\"de\"}]}<\/script>\n<!-- \/ Yoast SEO plugin. -->","yoast_head_json":{"title":"Materialien - KUNSTP\u00c4DAGOGISCHER TAG","description":"Kentridge Didaktik der Bildenden K\u00fcnste Hybride Prozesse des Zeichnens. William Kentridge im Unterricht. Kunstp\u00e4dagogischer Tag der Didaktik der Bildenen K\u00fcnste an der Kunstakademie D\u00fcsseldorf am 08.03.2024. Kentridge Tagung D\u00fcsseldorf - William Kentridge Kunstp\u00e4dagogik - Kunstp\u00e4dagogischer Tag Kunstakademie Sara Horn\u00e4k (D\u00fcsseldorf) Vortrag Drawing Lessons - Kentridge als P\u00e4dagoge? Angela Breidbach (L\u00fcneburg) Vortrag Das Zeichnen auf die B\u00fchne bringen - Zur k\u00fcnstlerischen Praxis von William Kentridge Workshop Dora Celentano, Lisa Thal und Studierende (D\u00fcsseldorf) Kontaktzonen zwischen Identit\u00e4t und Territorium Workshop Anna Kreysing Canan Tercan (D\u00fcsseldorf) Umgang mit Fl\u00fcchtigkeit und Referentialit\u00e4t in digitalen Bildwelten Workshop Gesine Hopstein (K\u00f6ln) Poetische Bildprachen im Animationsfilm","robots":{"index":"index","follow":"follow","max-snippet":"max-snippet:-1","max-image-preview":"max-image-preview:large","max-video-preview":"max-video-preview:-1"},"canonical":"https:\/\/didaktik-der-bildenden-kuenste.de\/hybrideszeichnen\/materialien\/","og_locale":"de_DE","og_type":"article","og_title":"Materialien - KUNSTP\u00c4DAGOGISCHER TAG","og_description":"Kentridge Didaktik der Bildenden K\u00fcnste Hybride Prozesse des Zeichnens. William Kentridge im Unterricht. Kunstp\u00e4dagogischer Tag der Didaktik der Bildenen K\u00fcnste an der Kunstakademie D\u00fcsseldorf am 08.03.2024. Kentridge Tagung D\u00fcsseldorf - William Kentridge Kunstp\u00e4dagogik - Kunstp\u00e4dagogischer Tag Kunstakademie Sara Horn\u00e4k (D\u00fcsseldorf) Vortrag Drawing Lessons - Kentridge als P\u00e4dagoge? Angela Breidbach (L\u00fcneburg) Vortrag Das Zeichnen auf die B\u00fchne bringen - Zur k\u00fcnstlerischen Praxis von William Kentridge Workshop Dora Celentano, Lisa Thal und Studierende (D\u00fcsseldorf) Kontaktzonen zwischen Identit\u00e4t und Territorium Workshop Anna Kreysing Canan Tercan (D\u00fcsseldorf) Umgang mit Fl\u00fcchtigkeit und Referentialit\u00e4t in digitalen Bildwelten Workshop Gesine Hopstein (K\u00f6ln) Poetische Bildprachen im Animationsfilm","og_url":"https:\/\/didaktik-der-bildenden-kuenste.de\/hybrideszeichnen\/materialien\/","og_site_name":"KUNSTP\u00c4DAGOGISCHER TAG","article_modified_time":"2026-02-02T15:24:05+00:00","twitter_card":"summary_large_image","twitter_misc":{"Gesch\u00e4tzte Lesezeit":"1\u00a0Minute"},"schema":{"@context":"https:\/\/schema.org","@graph":[{"@type":"WebPage","@id":"https:\/\/didaktik-der-bildenden-kuenste.de\/hybrideszeichnen\/materialien\/","url":"https:\/\/didaktik-der-bildenden-kuenste.de\/hybrideszeichnen\/materialien\/","name":"Materialien - KUNSTP\u00c4DAGOGISCHER TAG","isPartOf":{"@id":"http:\/\/didaktik-der-bildenden-kuenste.de\/hybrideszeichnen\/#website"},"datePublished":"2026-02-02T13:53:53+00:00","dateModified":"2026-02-02T15:24:05+00:00","description":"Kentridge Didaktik der Bildenden K\u00fcnste Hybride Prozesse des Zeichnens. William Kentridge im Unterricht. Kunstp\u00e4dagogischer Tag der Didaktik der Bildenen K\u00fcnste an der Kunstakademie D\u00fcsseldorf am 08.03.2024. Kentridge Tagung D\u00fcsseldorf - William Kentridge Kunstp\u00e4dagogik - Kunstp\u00e4dagogischer Tag Kunstakademie Sara Horn\u00e4k (D\u00fcsseldorf) Vortrag Drawing Lessons - Kentridge als P\u00e4dagoge? Angela Breidbach (L\u00fcneburg) Vortrag Das Zeichnen auf die B\u00fchne bringen - Zur k\u00fcnstlerischen Praxis von William Kentridge Workshop Dora Celentano, Lisa Thal und Studierende (D\u00fcsseldorf) Kontaktzonen zwischen Identit\u00e4t und Territorium Workshop Anna Kreysing Canan Tercan (D\u00fcsseldorf) Umgang mit Fl\u00fcchtigkeit und Referentialit\u00e4t in digitalen Bildwelten Workshop Gesine Hopstein (K\u00f6ln) Poetische Bildprachen im Animationsfilm","breadcrumb":{"@id":"https:\/\/didaktik-der-bildenden-kuenste.de\/hybrideszeichnen\/materialien\/#breadcrumb"},"inLanguage":"de","potentialAction":[{"@type":"ReadAction","target":["https:\/\/didaktik-der-bildenden-kuenste.de\/hybrideszeichnen\/materialien\/"]}]},{"@type":"BreadcrumbList","@id":"https:\/\/didaktik-der-bildenden-kuenste.de\/hybrideszeichnen\/materialien\/#breadcrumb","itemListElement":[{"@type":"ListItem","position":1,"name":"Kunstp\u00e4dagogischer Tag","item":"http:\/\/didaktik-der-bildenden-kuenste.de\/hybrideszeichnen\/"},{"@type":"ListItem","position":2,"name":"Materialien"}]},{"@type":"WebSite","@id":"http:\/\/didaktik-der-bildenden-kuenste.de\/hybrideszeichnen\/#website","url":"http:\/\/didaktik-der-bildenden-kuenste.de\/hybrideszeichnen\/","name":"KUNSTP\u00c4DAGOGISCHER TAG","description":"","potentialAction":[{"@type":"SearchAction","target":{"@type":"EntryPoint","urlTemplate":"http:\/\/didaktik-der-bildenden-kuenste.de\/hybrideszeichnen\/?s={search_term_string}"},"query-input":{"@type":"PropertyValueSpecification","valueRequired":true,"valueName":"search_term_string"}}],"inLanguage":"de"}]}},"_links":{"self":[{"href":"https:\/\/didaktik-der-bildenden-kuenste.de\/hybrideszeichnen\/wp-json\/wp\/v2\/pages\/1317","targetHints":{"allow":["GET"]}}],"collection":[{"href":"https:\/\/didaktik-der-bildenden-kuenste.de\/hybrideszeichnen\/wp-json\/wp\/v2\/pages"}],"about":[{"href":"https:\/\/didaktik-der-bildenden-kuenste.de\/hybrideszeichnen\/wp-json\/wp\/v2\/types\/page"}],"author":[{"embeddable":true,"href":"https:\/\/didaktik-der-bildenden-kuenste.de\/hybrideszeichnen\/wp-json\/wp\/v2\/users\/11"}],"replies":[{"embeddable":true,"href":"https:\/\/didaktik-der-bildenden-kuenste.de\/hybrideszeichnen\/wp-json\/wp\/v2\/comments?post=1317"}],"version-history":[{"count":3,"href":"https:\/\/didaktik-der-bildenden-kuenste.de\/hybrideszeichnen\/wp-json\/wp\/v2\/pages\/1317\/revisions"}],"predecessor-version":[{"id":1325,"href":"https:\/\/didaktik-der-bildenden-kuenste.de\/hybrideszeichnen\/wp-json\/wp\/v2\/pages\/1317\/revisions\/1325"}],"wp:attachment":[{"href":"https:\/\/didaktik-der-bildenden-kuenste.de\/hybrideszeichnen\/wp-json\/wp\/v2\/media?parent=1317"}],"curies":[{"name":"wp","href":"https:\/\/api.w.org\/{rel}","templated":true}]}}