{"id":143,"date":"2024-01-24T18:16:42","date_gmt":"2024-01-24T17:16:42","guid":{"rendered":"http:\/\/didaktik-der-bildenden-kuenste.de\/hybrideszeichnen\/?page_id=143"},"modified":"2026-02-25T11:55:42","modified_gmt":"2026-02-25T10:55:42","slug":"poetische-bildprachen-im-animationsfilm","status":"publish","type":"page","link":"https:\/\/didaktik-der-bildenden-kuenste.de\/hybrideszeichnen\/workshops\/poetische-bildprachen-im-animationsfilm\/","title":{"rendered":"Poetische Bildprachen im Animationsfilm"},"content":{"rendered":"\n<div class=\"wp-block-columns alignwide is-layout-flex wp-container-core-columns-is-layout-28f84493 wp-block-columns-is-layout-flex\">\n<div class=\"wp-block-column is-layout-flow wp-block-column-is-layout-flow\" style=\"flex-basis:100%\">\n<p class=\"has-inter-font-family has-x-large-font-size\"><strong><em>Poetische Bildprachen <\/em><\/strong><br><strong><em>im Animationsfilm<\/em><\/strong><\/p>\n\n\n\n<p style=\"font-size:clamp(1.092rem, 1.092rem + ((1vw - 0.2rem) * 1.105), 1.7rem);\">Gesine Hopstein (K\u00f6ln)&nbsp;<\/p>\n<\/div>\n<\/div>\n\n\n\n<div class=\"wp-block-columns alignwide is-layout-flex wp-container-core-columns-is-layout-28f84493 wp-block-columns-is-layout-flex\">\n<div class=\"wp-block-column is-layout-flow wp-block-column-is-layout-flow\" style=\"flex-basis:100%\">\n<div class=\"alignnormal\"><div id=\"metaslider-id-864\" style=\"width: 100%; margin: 0 auto;\" class=\"ml-slider-3-104-0 metaslider metaslider-flex metaslider-864 ml-slider has-dots-nav has-carousel-mode ms-theme-default\" role=\"region\" aria-label=\"Workshop 3\" data-height=\"800\" data-width=\"1200\">\n    <div id=\"metaslider_container_864\">\n        <div id=\"metaslider_864\">\n            <ul class='slides'>\n                <li style=\"display: none; width: 100%;\" class=\"slide-904 ms-image \" aria-roledescription=\"slide\" data-date=\"2024-03-26 10:55:50\" data-filename=\"01-3-1200x800.jpg\" data-slide-type=\"image\"><img loading=\"lazy\" decoding=\"async\" src=\"https:\/\/didaktik-der-bildenden-kuenste.de\/hybrideszeichnen\/wp-content\/uploads\/sites\/16\/2024\/03\/01-3-1200x800.jpg\" height=\"800\" width=\"1200\" alt=\"\" class=\"slider-864 slide-904 msDefaultImage\" title=\"Poetische Bildprachen im Animationsfilm\" \/><\/li>\n                <li style=\"display: none; width: 100%;\" class=\"slide-905 ms-image \" aria-roledescription=\"slide\" data-date=\"2024-03-26 10:55:51\" data-filename=\"Unbenannt-88-2-1200x800.jpg\" data-slide-type=\"image\"><img loading=\"lazy\" decoding=\"async\" src=\"https:\/\/didaktik-der-bildenden-kuenste.de\/hybrideszeichnen\/wp-content\/uploads\/sites\/16\/2024\/03\/Unbenannt-88-2-1200x800.jpg\" height=\"800\" width=\"1200\" alt=\"\" class=\"slider-864 slide-905 msDefaultImage\" title=\"Poetische Bildprachen im Animationsfilm\" \/><\/li>\n                <li style=\"display: none; width: 100%;\" class=\"slide-893 ms-image \" aria-roledescription=\"slide\" data-date=\"2024-03-26 10:55:50\" data-filename=\"Unbenannt-89-2-1200x800.jpg\" data-slide-type=\"image\"><img loading=\"lazy\" decoding=\"async\" src=\"https:\/\/didaktik-der-bildenden-kuenste.de\/hybrideszeichnen\/wp-content\/uploads\/sites\/16\/2024\/03\/Unbenannt-89-2-1200x800.jpg\" height=\"800\" width=\"1200\" alt=\"\" class=\"slider-864 slide-893 msDefaultImage\" title=\"Poetische Bildprachen im Animationsfilm\" \/><\/li>\n                <li style=\"display: none; width: 100%;\" class=\"slide-894 ms-image \" aria-roledescription=\"slide\" data-date=\"2024-03-26 10:55:50\" data-filename=\"Unbenannt-90-2-1200x800.jpg\" data-slide-type=\"image\"><img loading=\"lazy\" decoding=\"async\" src=\"https:\/\/didaktik-der-bildenden-kuenste.de\/hybrideszeichnen\/wp-content\/uploads\/sites\/16\/2024\/03\/Unbenannt-90-2-1200x800.jpg\" height=\"800\" width=\"1200\" alt=\"\" class=\"slider-864 slide-894 msDefaultImage\" title=\"Poetische Bildprachen im Animationsfilm\" \/><\/li>\n                <li style=\"display: none; width: 100%;\" class=\"slide-895 ms-image \" aria-roledescription=\"slide\" data-date=\"2024-03-26 10:55:50\" data-filename=\"Unbenannt-91-2-1200x800.jpg\" data-slide-type=\"image\"><img loading=\"lazy\" decoding=\"async\" src=\"https:\/\/didaktik-der-bildenden-kuenste.de\/hybrideszeichnen\/wp-content\/uploads\/sites\/16\/2024\/03\/Unbenannt-91-2-1200x800.jpg\" height=\"800\" width=\"1200\" alt=\"\" class=\"slider-864 slide-895 msDefaultImage\" title=\"Poetische Bildprachen im Animationsfilm\" \/><\/li>\n                <li style=\"display: none; width: 100%;\" class=\"slide-896 ms-image \" aria-roledescription=\"slide\" data-date=\"2024-03-26 10:55:50\" data-filename=\"Unbenannt-92-2-1200x800.jpg\" data-slide-type=\"image\"><img loading=\"lazy\" decoding=\"async\" src=\"https:\/\/didaktik-der-bildenden-kuenste.de\/hybrideszeichnen\/wp-content\/uploads\/sites\/16\/2024\/03\/Unbenannt-92-2-1200x800.jpg\" height=\"800\" width=\"1200\" alt=\"\" class=\"slider-864 slide-896 msDefaultImage\" title=\"Poetische Bildprachen im Animationsfilm\" \/><\/li>\n                <li style=\"display: none; width: 100%;\" class=\"slide-897 ms-image \" aria-roledescription=\"slide\" data-date=\"2024-03-26 10:55:50\" data-filename=\"Unbenannt-95-2-1200x800.jpg\" data-slide-type=\"image\"><img loading=\"lazy\" decoding=\"async\" src=\"https:\/\/didaktik-der-bildenden-kuenste.de\/hybrideszeichnen\/wp-content\/uploads\/sites\/16\/2024\/03\/Unbenannt-95-2-1200x800.jpg\" height=\"800\" width=\"1200\" alt=\"\" class=\"slider-864 slide-897 msDefaultImage\" title=\"Poetische Bildprachen im Animationsfilm\" \/><\/li>\n                <li style=\"display: none; width: 100%;\" class=\"slide-901 ms-image \" aria-roledescription=\"slide\" data-date=\"2024-03-26 10:55:50\" data-filename=\"Unbenannt-99-3-1200x800.jpg\" data-slide-type=\"image\"><img loading=\"lazy\" decoding=\"async\" src=\"https:\/\/didaktik-der-bildenden-kuenste.de\/hybrideszeichnen\/wp-content\/uploads\/sites\/16\/2024\/03\/Unbenannt-99-3-1200x800.jpg\" height=\"800\" width=\"1200\" alt=\"\" class=\"slider-864 slide-901 msDefaultImage\" title=\"Poetische Bildprachen im Animationsfilm\" \/><\/li>\n            <\/ul>\n        <\/div>\n        \n    <\/div>\n<\/div><\/div>\n\n\n\n<p><a href=\"https:\/\/didaktik-der-bildenden-kuenste.de\/hybrideszeichnen\/workshops\/poetische-bildprachen-im-animationsfilm\/materialien\/\">\u00dcber diesen Link erhalten Sie die Workshop-Materialien (passwortgesch\u00fctzter Bereich).<\/a><\/p>\n\n\n\n<p><p align=\"justify\">William Kentridges Kunst zeichnet sich aus durch eine als poetisch&nbsp;zu&nbsp;bezeichnende Arbeitsweise.&nbsp;Dazu geh\u00f6ren die&nbsp;Entwicklung und der&nbsp;Einsatz von symbolischen Motiven und metaphorischen Bildern, das&nbsp;Aufbauen verschiedener Bedeutungsschichten durch unterschiedliche&nbsp;Strategien der Collage\/Montage, der Umgang mit den Grenzen und&nbsp;spezifischen Eigenschaften des Materials, der Einbezug transmedialer Strategien und die Einbindung von Sprache und Schrift im Bild. Anhand eines Unterrichtprojekts zum Thema Experimentalfilm\/Lyrikfilm&nbsp;sollen Anregungen gegeben werden, poetische Bewegtbildsprachen zu&nbsp;entwickeln und diese f\u00fcr k\u00fcnstlerische Praxis im Unterricht zu nutzen. Dabei werden \u00dcbungen und Experimente zum &#8218;Handmadefilm&#8216;, Animation und&nbsp;anderen Bewegtbildpraxen und das Kennenlernen von weiteren&nbsp;k\u00fcnstlerischen Positionen, insbesondere aus dem Bereich&nbsp;Experimentalfilm\/Animation, im Vordergrund stehen.&nbsp;<\/p><\/p>\n<\/div>\n<\/div>\n\n\n\n<div class=\"wp-block-columns alignwide is-layout-flex wp-container-core-columns-is-layout-28f84493 wp-block-columns-is-layout-flex\">\n<div class=\"wp-block-column is-layout-flow wp-block-column-is-layout-flow\" style=\"flex-basis:100%\">\n<p>Es wurde darum gebeten, ein Smartphone\/Tablet und\/oder Laptop mitbringen. Zus\u00e4tzlich wurde empfohlen, die App &#8218;Stopmotion&nbsp;Studio&#8216; auf dem Smartphone\/Tablet bzw. die&nbsp;Opensource-Software &#8218;GIMP&#8216; auf dem Laptop vorzuinstallieren.<\/p>\n<\/div>\n<\/div>\n","protected":false},"excerpt":{"rendered":"<p>Poetische Bildprachen im Animationsfilm Gesine Hopstein (K\u00f6ln)&nbsp; \u00dcber diesen Link erhalten Sie die Workshop-Materialien (passwortgesch\u00fctzter Bereich). William Kentridges Kunst zeichnet sich aus durch eine als poetisch&nbsp;zu&nbsp;bezeichnende Arbeitsweise.&nbsp;Dazu geh\u00f6ren die&nbsp;Entwicklung und der&nbsp;Einsatz von symbolischen Motiven und metaphorischen Bildern, das&nbsp;Aufbauen verschiedener Bedeutungsschichten durch unterschiedliche&nbsp;Strategien der Collage\/Montage, der Umgang mit den Grenzen und&nbsp;spezifischen Eigenschaften des Materials, der Einbezug [&hellip;]<\/p>\n","protected":false},"author":12,"featured_media":0,"parent":134,"menu_order":0,"comment_status":"closed","ping_status":"closed","template":"wp-custom-template-seite-ohne-titel","meta":{"footnotes":""},"class_list":["post-143","page","type-page","status-publish","hentry"],"yoast_head":"<!-- This site is optimized with the Yoast SEO plugin v26.8 - https:\/\/yoast.com\/product\/yoast-seo-wordpress\/ -->\n<title>Poetische Bildprachen im Animationsfilm - KUNSTP\u00c4DAGOGISCHER TAG<\/title>\n<meta name=\"description\" content=\"Kentridge Didaktik der Bildenden K\u00fcnste Hybride Prozesse des Zeichnens. William Kentridge im Unterricht. Kunstp\u00e4dagogischer Tag der Didaktik der Bildenen K\u00fcnste an der Kunstakademie D\u00fcsseldorf am 08.03.2024. Kentridge Tagung D\u00fcsseldorf - William Kentridge Kunstp\u00e4dagogik - Kunstp\u00e4dagogischer Tag Kunstakademie Sara Horn\u00e4k (D\u00fcsseldorf) Vortrag Drawing Lessons - Kentridge als P\u00e4dagoge? Angela Breidbach (L\u00fcneburg) Vortrag Das Zeichnen auf die B\u00fchne bringen - Zur k\u00fcnstlerischen Praxis von William Kentridge Workshop Dora Celentano, Lisa Thal und Studierende (D\u00fcsseldorf) Kontaktzonen zwischen Identit\u00e4t und Territorium Workshop Anna Kreysing Canan Tercan (D\u00fcsseldorf) Umgang mit Fl\u00fcchtigkeit und Referentialit\u00e4t in digitalen Bildwelten Workshop Gesine Hopstein (K\u00f6ln) Poetische Bildprachen im Animationsfilm\" \/>\n<meta name=\"robots\" content=\"index, follow, max-snippet:-1, max-image-preview:large, max-video-preview:-1\" \/>\n<link rel=\"canonical\" href=\"https:\/\/didaktik-der-bildenden-kuenste.de\/hybrideszeichnen\/workshops\/poetische-bildprachen-im-animationsfilm\/\" \/>\n<meta property=\"og:locale\" content=\"de_DE\" \/>\n<meta property=\"og:type\" content=\"article\" \/>\n<meta property=\"og:title\" content=\"Poetische Bildprachen im Animationsfilm - KUNSTP\u00c4DAGOGISCHER TAG\" \/>\n<meta property=\"og:description\" content=\"Kentridge Didaktik der Bildenden K\u00fcnste Hybride Prozesse des Zeichnens. William Kentridge im Unterricht. Kunstp\u00e4dagogischer Tag der Didaktik der Bildenen K\u00fcnste an der Kunstakademie D\u00fcsseldorf am 08.03.2024. Kentridge Tagung D\u00fcsseldorf - William Kentridge Kunstp\u00e4dagogik - Kunstp\u00e4dagogischer Tag Kunstakademie Sara Horn\u00e4k (D\u00fcsseldorf) Vortrag Drawing Lessons - Kentridge als P\u00e4dagoge? Angela Breidbach (L\u00fcneburg) Vortrag Das Zeichnen auf die B\u00fchne bringen - Zur k\u00fcnstlerischen Praxis von William Kentridge Workshop Dora Celentano, Lisa Thal und Studierende (D\u00fcsseldorf) Kontaktzonen zwischen Identit\u00e4t und Territorium Workshop Anna Kreysing Canan Tercan (D\u00fcsseldorf) Umgang mit Fl\u00fcchtigkeit und Referentialit\u00e4t in digitalen Bildwelten Workshop Gesine Hopstein (K\u00f6ln) Poetische Bildprachen im Animationsfilm\" \/>\n<meta property=\"og:url\" content=\"https:\/\/didaktik-der-bildenden-kuenste.de\/hybrideszeichnen\/workshops\/poetische-bildprachen-im-animationsfilm\/\" \/>\n<meta property=\"og:site_name\" content=\"KUNSTP\u00c4DAGOGISCHER TAG\" \/>\n<meta property=\"article:modified_time\" content=\"2026-02-25T10:55:42+00:00\" \/>\n<meta name=\"twitter:card\" content=\"summary_large_image\" \/>\n<meta name=\"twitter:label1\" content=\"Gesch\u00e4tzte Lesezeit\" \/>\n\t<meta name=\"twitter:data1\" content=\"1\u00a0Minute\" \/>\n<script type=\"application\/ld+json\" class=\"yoast-schema-graph\">{\"@context\":\"https:\/\/schema.org\",\"@graph\":[{\"@type\":\"WebPage\",\"@id\":\"https:\/\/didaktik-der-bildenden-kuenste.de\/hybrideszeichnen\/workshops\/poetische-bildprachen-im-animationsfilm\/\",\"url\":\"https:\/\/didaktik-der-bildenden-kuenste.de\/hybrideszeichnen\/workshops\/poetische-bildprachen-im-animationsfilm\/\",\"name\":\"Poetische Bildprachen im Animationsfilm - KUNSTP\u00c4DAGOGISCHER TAG\",\"isPartOf\":{\"@id\":\"https:\/\/didaktik-der-bildenden-kuenste.de\/hybrideszeichnen\/#website\"},\"datePublished\":\"2024-01-24T17:16:42+00:00\",\"dateModified\":\"2026-02-25T10:55:42+00:00\",\"description\":\"Kentridge Didaktik der Bildenden K\u00fcnste Hybride Prozesse des Zeichnens. William Kentridge im Unterricht. Kunstp\u00e4dagogischer Tag der Didaktik der Bildenen K\u00fcnste an der Kunstakademie D\u00fcsseldorf am 08.03.2024. Kentridge Tagung D\u00fcsseldorf - William Kentridge Kunstp\u00e4dagogik - Kunstp\u00e4dagogischer Tag Kunstakademie Sara Horn\u00e4k (D\u00fcsseldorf) Vortrag Drawing Lessons - Kentridge als P\u00e4dagoge? Angela Breidbach (L\u00fcneburg) Vortrag Das Zeichnen auf die B\u00fchne bringen - Zur k\u00fcnstlerischen Praxis von William Kentridge Workshop Dora Celentano, Lisa Thal und Studierende (D\u00fcsseldorf) Kontaktzonen zwischen Identit\u00e4t und Territorium Workshop Anna Kreysing Canan Tercan (D\u00fcsseldorf) Umgang mit Fl\u00fcchtigkeit und Referentialit\u00e4t in digitalen Bildwelten Workshop Gesine Hopstein (K\u00f6ln) Poetische Bildprachen im Animationsfilm\",\"breadcrumb\":{\"@id\":\"https:\/\/didaktik-der-bildenden-kuenste.de\/hybrideszeichnen\/workshops\/poetische-bildprachen-im-animationsfilm\/#breadcrumb\"},\"inLanguage\":\"de\",\"potentialAction\":[{\"@type\":\"ReadAction\",\"target\":[\"https:\/\/didaktik-der-bildenden-kuenste.de\/hybrideszeichnen\/workshops\/poetische-bildprachen-im-animationsfilm\/\"]}]},{\"@type\":\"BreadcrumbList\",\"@id\":\"https:\/\/didaktik-der-bildenden-kuenste.de\/hybrideszeichnen\/workshops\/poetische-bildprachen-im-animationsfilm\/#breadcrumb\",\"itemListElement\":[{\"@type\":\"ListItem\",\"position\":1,\"name\":\"Kunstp\u00e4dagogischer Tag\",\"item\":\"https:\/\/didaktik-der-bildenden-kuenste.de\/hybrideszeichnen\/\"},{\"@type\":\"ListItem\",\"position\":2,\"name\":\"Workshops\",\"item\":\"http:\/\/didaktik-der-bildenden-kuenste.de\/hybrideszeichnen\/workshops\/\"},{\"@type\":\"ListItem\",\"position\":3,\"name\":\"Poetische Bildprachen im Animationsfilm\"}]},{\"@type\":\"WebSite\",\"@id\":\"https:\/\/didaktik-der-bildenden-kuenste.de\/hybrideszeichnen\/#website\",\"url\":\"https:\/\/didaktik-der-bildenden-kuenste.de\/hybrideszeichnen\/\",\"name\":\"KUNSTP\u00c4DAGOGISCHER TAG\",\"description\":\"\",\"potentialAction\":[{\"@type\":\"SearchAction\",\"target\":{\"@type\":\"EntryPoint\",\"urlTemplate\":\"https:\/\/didaktik-der-bildenden-kuenste.de\/hybrideszeichnen\/?s={search_term_string}\"},\"query-input\":{\"@type\":\"PropertyValueSpecification\",\"valueRequired\":true,\"valueName\":\"search_term_string\"}}],\"inLanguage\":\"de\"}]}<\/script>\n<!-- \/ Yoast SEO plugin. -->","yoast_head_json":{"title":"Poetische Bildprachen im Animationsfilm - KUNSTP\u00c4DAGOGISCHER TAG","description":"Kentridge Didaktik der Bildenden K\u00fcnste Hybride Prozesse des Zeichnens. William Kentridge im Unterricht. Kunstp\u00e4dagogischer Tag der Didaktik der Bildenen K\u00fcnste an der Kunstakademie D\u00fcsseldorf am 08.03.2024. Kentridge Tagung D\u00fcsseldorf - William Kentridge Kunstp\u00e4dagogik - Kunstp\u00e4dagogischer Tag Kunstakademie Sara Horn\u00e4k (D\u00fcsseldorf) Vortrag Drawing Lessons - Kentridge als P\u00e4dagoge? Angela Breidbach (L\u00fcneburg) Vortrag Das Zeichnen auf die B\u00fchne bringen - Zur k\u00fcnstlerischen Praxis von William Kentridge Workshop Dora Celentano, Lisa Thal und Studierende (D\u00fcsseldorf) Kontaktzonen zwischen Identit\u00e4t und Territorium Workshop Anna Kreysing Canan Tercan (D\u00fcsseldorf) Umgang mit Fl\u00fcchtigkeit und Referentialit\u00e4t in digitalen Bildwelten Workshop Gesine Hopstein (K\u00f6ln) Poetische Bildprachen im Animationsfilm","robots":{"index":"index","follow":"follow","max-snippet":"max-snippet:-1","max-image-preview":"max-image-preview:large","max-video-preview":"max-video-preview:-1"},"canonical":"https:\/\/didaktik-der-bildenden-kuenste.de\/hybrideszeichnen\/workshops\/poetische-bildprachen-im-animationsfilm\/","og_locale":"de_DE","og_type":"article","og_title":"Poetische Bildprachen im Animationsfilm - KUNSTP\u00c4DAGOGISCHER TAG","og_description":"Kentridge Didaktik der Bildenden K\u00fcnste Hybride Prozesse des Zeichnens. William Kentridge im Unterricht. Kunstp\u00e4dagogischer Tag der Didaktik der Bildenen K\u00fcnste an der Kunstakademie D\u00fcsseldorf am 08.03.2024. Kentridge Tagung D\u00fcsseldorf - William Kentridge Kunstp\u00e4dagogik - Kunstp\u00e4dagogischer Tag Kunstakademie Sara Horn\u00e4k (D\u00fcsseldorf) Vortrag Drawing Lessons - Kentridge als P\u00e4dagoge? Angela Breidbach (L\u00fcneburg) Vortrag Das Zeichnen auf die B\u00fchne bringen - Zur k\u00fcnstlerischen Praxis von William Kentridge Workshop Dora Celentano, Lisa Thal und Studierende (D\u00fcsseldorf) Kontaktzonen zwischen Identit\u00e4t und Territorium Workshop Anna Kreysing Canan Tercan (D\u00fcsseldorf) Umgang mit Fl\u00fcchtigkeit und Referentialit\u00e4t in digitalen Bildwelten Workshop Gesine Hopstein (K\u00f6ln) Poetische Bildprachen im Animationsfilm","og_url":"https:\/\/didaktik-der-bildenden-kuenste.de\/hybrideszeichnen\/workshops\/poetische-bildprachen-im-animationsfilm\/","og_site_name":"KUNSTP\u00c4DAGOGISCHER TAG","article_modified_time":"2026-02-25T10:55:42+00:00","twitter_card":"summary_large_image","twitter_misc":{"Gesch\u00e4tzte Lesezeit":"1\u00a0Minute"},"schema":{"@context":"https:\/\/schema.org","@graph":[{"@type":"WebPage","@id":"https:\/\/didaktik-der-bildenden-kuenste.de\/hybrideszeichnen\/workshops\/poetische-bildprachen-im-animationsfilm\/","url":"https:\/\/didaktik-der-bildenden-kuenste.de\/hybrideszeichnen\/workshops\/poetische-bildprachen-im-animationsfilm\/","name":"Poetische Bildprachen im Animationsfilm - KUNSTP\u00c4DAGOGISCHER TAG","isPartOf":{"@id":"https:\/\/didaktik-der-bildenden-kuenste.de\/hybrideszeichnen\/#website"},"datePublished":"2024-01-24T17:16:42+00:00","dateModified":"2026-02-25T10:55:42+00:00","description":"Kentridge Didaktik der Bildenden K\u00fcnste Hybride Prozesse des Zeichnens. William Kentridge im Unterricht. Kunstp\u00e4dagogischer Tag der Didaktik der Bildenen K\u00fcnste an der Kunstakademie D\u00fcsseldorf am 08.03.2024. Kentridge Tagung D\u00fcsseldorf - William Kentridge Kunstp\u00e4dagogik - Kunstp\u00e4dagogischer Tag Kunstakademie Sara Horn\u00e4k (D\u00fcsseldorf) Vortrag Drawing Lessons - Kentridge als P\u00e4dagoge? Angela Breidbach (L\u00fcneburg) Vortrag Das Zeichnen auf die B\u00fchne bringen - Zur k\u00fcnstlerischen Praxis von William Kentridge Workshop Dora Celentano, Lisa Thal und Studierende (D\u00fcsseldorf) Kontaktzonen zwischen Identit\u00e4t und Territorium Workshop Anna Kreysing Canan Tercan (D\u00fcsseldorf) Umgang mit Fl\u00fcchtigkeit und Referentialit\u00e4t in digitalen Bildwelten Workshop Gesine Hopstein (K\u00f6ln) Poetische Bildprachen im Animationsfilm","breadcrumb":{"@id":"https:\/\/didaktik-der-bildenden-kuenste.de\/hybrideszeichnen\/workshops\/poetische-bildprachen-im-animationsfilm\/#breadcrumb"},"inLanguage":"de","potentialAction":[{"@type":"ReadAction","target":["https:\/\/didaktik-der-bildenden-kuenste.de\/hybrideszeichnen\/workshops\/poetische-bildprachen-im-animationsfilm\/"]}]},{"@type":"BreadcrumbList","@id":"https:\/\/didaktik-der-bildenden-kuenste.de\/hybrideszeichnen\/workshops\/poetische-bildprachen-im-animationsfilm\/#breadcrumb","itemListElement":[{"@type":"ListItem","position":1,"name":"Kunstp\u00e4dagogischer Tag","item":"https:\/\/didaktik-der-bildenden-kuenste.de\/hybrideszeichnen\/"},{"@type":"ListItem","position":2,"name":"Workshops","item":"http:\/\/didaktik-der-bildenden-kuenste.de\/hybrideszeichnen\/workshops\/"},{"@type":"ListItem","position":3,"name":"Poetische Bildprachen im Animationsfilm"}]},{"@type":"WebSite","@id":"https:\/\/didaktik-der-bildenden-kuenste.de\/hybrideszeichnen\/#website","url":"https:\/\/didaktik-der-bildenden-kuenste.de\/hybrideszeichnen\/","name":"KUNSTP\u00c4DAGOGISCHER TAG","description":"","potentialAction":[{"@type":"SearchAction","target":{"@type":"EntryPoint","urlTemplate":"https:\/\/didaktik-der-bildenden-kuenste.de\/hybrideszeichnen\/?s={search_term_string}"},"query-input":{"@type":"PropertyValueSpecification","valueRequired":true,"valueName":"search_term_string"}}],"inLanguage":"de"}]}},"_links":{"self":[{"href":"https:\/\/didaktik-der-bildenden-kuenste.de\/hybrideszeichnen\/wp-json\/wp\/v2\/pages\/143","targetHints":{"allow":["GET"]}}],"collection":[{"href":"https:\/\/didaktik-der-bildenden-kuenste.de\/hybrideszeichnen\/wp-json\/wp\/v2\/pages"}],"about":[{"href":"https:\/\/didaktik-der-bildenden-kuenste.de\/hybrideszeichnen\/wp-json\/wp\/v2\/types\/page"}],"author":[{"embeddable":true,"href":"https:\/\/didaktik-der-bildenden-kuenste.de\/hybrideszeichnen\/wp-json\/wp\/v2\/users\/12"}],"replies":[{"embeddable":true,"href":"https:\/\/didaktik-der-bildenden-kuenste.de\/hybrideszeichnen\/wp-json\/wp\/v2\/comments?post=143"}],"version-history":[{"count":20,"href":"https:\/\/didaktik-der-bildenden-kuenste.de\/hybrideszeichnen\/wp-json\/wp\/v2\/pages\/143\/revisions"}],"predecessor-version":[{"id":1340,"href":"https:\/\/didaktik-der-bildenden-kuenste.de\/hybrideszeichnen\/wp-json\/wp\/v2\/pages\/143\/revisions\/1340"}],"up":[{"embeddable":true,"href":"https:\/\/didaktik-der-bildenden-kuenste.de\/hybrideszeichnen\/wp-json\/wp\/v2\/pages\/134"}],"wp:attachment":[{"href":"https:\/\/didaktik-der-bildenden-kuenste.de\/hybrideszeichnen\/wp-json\/wp\/v2\/media?parent=143"}],"curies":[{"name":"wp","href":"https:\/\/api.w.org\/{rel}","templated":true}]}}