{"id":108,"date":"2018-05-26T19:35:48","date_gmt":"2018-05-26T17:35:48","guid":{"rendered":"http:\/\/blogs.uni-siegen.de\/kpt2018\/?page_id=108"},"modified":"2020-10-07T19:35:26","modified_gmt":"2020-10-07T17:35:26","slug":"seife-und-gemeinschaftsbilder","status":"publish","type":"page","link":"https:\/\/didaktik-der-bildenden-kuenste.de\/kpt2018\/abstracts\/seife-und-gemeinschaftsbilder\/","title":{"rendered":"Seife und Gemeinschaftsbilder"},"content":{"rendered":"<p><img loading=\"lazy\" decoding=\"async\" class=\"alignnone size-full wp-image-490\" src=\"http:\/\/blogs.uni-siegen.de\/kpt2018\/files\/2018\/10\/kessl2-1.jpg\" alt=\"\" width=\"960\" height=\"267\" srcset=\"https:\/\/didaktik-der-bildenden-kuenste.de\/kpt2018\/wp-content\/uploads\/sites\/4\/2018\/10\/kessl2-1.jpg 960w, https:\/\/didaktik-der-bildenden-kuenste.de\/kpt2018\/wp-content\/uploads\/sites\/4\/2018\/10\/kessl2-1-300x83.jpg 300w, https:\/\/didaktik-der-bildenden-kuenste.de\/kpt2018\/wp-content\/uploads\/sites\/4\/2018\/10\/kessl2-1-768x214.jpg 768w, https:\/\/didaktik-der-bildenden-kuenste.de\/kpt2018\/wp-content\/uploads\/sites\/4\/2018\/10\/kessl2-1-624x174.jpg 624w\" sizes=\"auto, (max-width: 960px) 100vw, 960px\" \/><\/p>\n<p>Workshop von Ulrike Kessl<\/p>\n<p>Im Atelier von UNART e.V. in Essen arbeiten professionelle K\u00fcnstlerinnen und K\u00fcnstler zusammen mit psychisch kranken und verhaltensauff\u00e4lligen Kindern und Jugendlichen. Das Spektrum der k\u00fcnstlerischen Handlungen reicht dabei von der direkten Umsetzung spontaner Einf\u00e4lle bis zu geplanten und sorgf\u00e4ltig ausgef\u00fchrten Arbeiten in unterschiedlichsten Techniken: Malen und Matschen, Modellieren und Seife gie\u00dfen, Zeichnen und Teebeutel werfen. Das geschieht prozessorientiert und gemeinsam, parallel nebeneinander oder auch ganz individuell.<br \/>\nIm Workshop wird die Arbeit von UNART anhand von Fallbeispielen vorgestellt. Anschlie\u00dfend erproben wir verschiedene M\u00f6glichkeiten des Malens und Zeichnens, mit- und gegeneinander. Wie St\u00f6rungen und Verweigerungsstrategien als kreatives Potential dienen k\u00f6nnen, soll dabei deutlich werden.<\/p>\n<p>Ulrike Kessl studierte freie Kunst an der Kunstakademie D\u00fcsseldort. Seit 1984 ist sie Mitglied bei UNART e.V. Kunstprojekt in der Psychiatrie. 1992 erhielt sie ein Graduiertenstipendium am IHEAP in Paris. Stipendien, Preise und Residenzen: u.a. F\u00f6rderpreis der Stadt D\u00fcsseldorf; Wilhelm Lehmbruck Stipendium, Duisburg; Artist in Residence, Chinati Foundation, Marfa, Texas. Lehrauftr\u00e4ge an der Universit\u00e4t Dortmund, FH Bielefeld, Kunstakademie M\u00fcnster und Gastprofessur an der UdK Berlin; P\u00e4dagogische und partizipative&nbsp; Projekte mit Kindern, Jugendlichen und Erwachsenen u.a. an Schulen, Kliniken und sozialpsychiatrischen Einrichtungen; zahlreiche Ausstellungen im In- und Ausland<\/p>\n<p><a href=\"http:\/\/www.ulrikekessl.de\">www.ulrikekessl.de<\/a><\/p>\n","protected":false},"excerpt":{"rendered":"<p>Workshop von Ulrike Kessl Im Atelier von UNART e.V. in Essen arbeiten professionelle K\u00fcnstlerinnen und K\u00fcnstler zusammen mit psychisch kranken und verhaltensauff\u00e4lligen Kindern und Jugendlichen. Das Spektrum der k\u00fcnstlerischen Handlungen reicht dabei von der direkten Umsetzung spontaner Einf\u00e4lle bis zu geplanten und sorgf\u00e4ltig ausgef\u00fchrten Arbeiten in unterschiedlichsten Techniken: Malen und Matschen, Modellieren und Seife gie\u00dfen, [&hellip;]<\/p>\n","protected":false},"author":1,"featured_media":0,"parent":67,"menu_order":0,"comment_status":"closed","ping_status":"closed","template":"page-templates\/full-width.php","meta":{"footnotes":""},"class_list":["post-108","page","type-page","status-publish","hentry"],"yoast_head":"<!-- This site is optimized with the Yoast SEO plugin v26.8 - https:\/\/yoast.com\/product\/yoast-seo-wordpress\/ -->\n<title>Seife und Gemeinschaftsbilder - Kunstp\u00e4dagogischer Tag 2018 I K\u00fcnstlerisches Handeln zwischen Kooperation, Differenzierung, Partizipation und Individualisierung<\/title>\n<meta name=\"robots\" content=\"index, follow, max-snippet:-1, max-image-preview:large, max-video-preview:-1\" \/>\n<link rel=\"canonical\" href=\"https:\/\/didaktik-der-bildenden-kuenste.de\/kpt2018\/abstracts\/seife-und-gemeinschaftsbilder\/\" \/>\n<meta property=\"og:locale\" content=\"de_DE\" \/>\n<meta property=\"og:type\" content=\"article\" \/>\n<meta property=\"og:title\" content=\"Seife und Gemeinschaftsbilder - Kunstp\u00e4dagogischer Tag 2018 I K\u00fcnstlerisches Handeln zwischen Kooperation, Differenzierung, Partizipation und Individualisierung\" \/>\n<meta property=\"og:description\" content=\"Workshop von Ulrike Kessl Im Atelier von UNART e.V. in Essen arbeiten professionelle K\u00fcnstlerinnen und K\u00fcnstler zusammen mit psychisch kranken und verhaltensauff\u00e4lligen Kindern und Jugendlichen. Das Spektrum der k\u00fcnstlerischen Handlungen reicht dabei von der direkten Umsetzung spontaner Einf\u00e4lle bis zu geplanten und sorgf\u00e4ltig ausgef\u00fchrten Arbeiten in unterschiedlichsten Techniken: Malen und Matschen, Modellieren und Seife gie\u00dfen, [&hellip;]\" \/>\n<meta property=\"og:url\" content=\"https:\/\/didaktik-der-bildenden-kuenste.de\/kpt2018\/abstracts\/seife-und-gemeinschaftsbilder\/\" \/>\n<meta property=\"og:site_name\" content=\"Kunstp\u00e4dagogischer Tag 2018 I K\u00fcnstlerisches Handeln zwischen Kooperation, Differenzierung, Partizipation und Individualisierung\" \/>\n<meta property=\"article:modified_time\" content=\"2020-10-07T17:35:26+00:00\" \/>\n<meta property=\"og:image\" content=\"http:\/\/blogs.uni-siegen.de\/kpt2018\/files\/2018\/10\/kessl2-1.jpg\" \/>\n<meta name=\"twitter:card\" content=\"summary_large_image\" \/>\n<meta name=\"twitter:label1\" content=\"Gesch\u00e4tzte Lesezeit\" \/>\n\t<meta name=\"twitter:data1\" content=\"1\u00a0Minute\" \/>\n<script type=\"application\/ld+json\" class=\"yoast-schema-graph\">{\"@context\":\"https:\/\/schema.org\",\"@graph\":[{\"@type\":\"WebPage\",\"@id\":\"https:\/\/didaktik-der-bildenden-kuenste.de\/kpt2018\/abstracts\/seife-und-gemeinschaftsbilder\/\",\"url\":\"https:\/\/didaktik-der-bildenden-kuenste.de\/kpt2018\/abstracts\/seife-und-gemeinschaftsbilder\/\",\"name\":\"Seife und Gemeinschaftsbilder - Kunstp\u00e4dagogischer Tag 2018 I K\u00fcnstlerisches Handeln zwischen Kooperation, Differenzierung, Partizipation und Individualisierung\",\"isPartOf\":{\"@id\":\"http:\/\/didaktik-der-bildenden-kuenste.de\/kpt2018\/#website\"},\"primaryImageOfPage\":{\"@id\":\"https:\/\/didaktik-der-bildenden-kuenste.de\/kpt2018\/abstracts\/seife-und-gemeinschaftsbilder\/#primaryimage\"},\"image\":{\"@id\":\"https:\/\/didaktik-der-bildenden-kuenste.de\/kpt2018\/abstracts\/seife-und-gemeinschaftsbilder\/#primaryimage\"},\"thumbnailUrl\":\"http:\/\/blogs.uni-siegen.de\/kpt2018\/files\/2018\/10\/kessl2-1.jpg\",\"datePublished\":\"2018-05-26T17:35:48+00:00\",\"dateModified\":\"2020-10-07T17:35:26+00:00\",\"breadcrumb\":{\"@id\":\"https:\/\/didaktik-der-bildenden-kuenste.de\/kpt2018\/abstracts\/seife-und-gemeinschaftsbilder\/#breadcrumb\"},\"inLanguage\":\"de\",\"potentialAction\":[{\"@type\":\"ReadAction\",\"target\":[\"https:\/\/didaktik-der-bildenden-kuenste.de\/kpt2018\/abstracts\/seife-und-gemeinschaftsbilder\/\"]}]},{\"@type\":\"ImageObject\",\"inLanguage\":\"de\",\"@id\":\"https:\/\/didaktik-der-bildenden-kuenste.de\/kpt2018\/abstracts\/seife-und-gemeinschaftsbilder\/#primaryimage\",\"url\":\"http:\/\/blogs.uni-siegen.de\/kpt2018\/files\/2018\/10\/kessl2-1.jpg\",\"contentUrl\":\"http:\/\/blogs.uni-siegen.de\/kpt2018\/files\/2018\/10\/kessl2-1.jpg\"},{\"@type\":\"BreadcrumbList\",\"@id\":\"https:\/\/didaktik-der-bildenden-kuenste.de\/kpt2018\/abstracts\/seife-und-gemeinschaftsbilder\/#breadcrumb\",\"itemListElement\":[{\"@type\":\"ListItem\",\"position\":1,\"name\":\"Home\",\"item\":\"http:\/\/didaktik-der-bildenden-kuenste.de\/kpt2018\/\"},{\"@type\":\"ListItem\",\"position\":2,\"name\":\"Workshops\/Materialien\",\"item\":\"https:\/\/didaktik-der-bildenden-kuenste.de\/kpt2018\/abstracts\/\"},{\"@type\":\"ListItem\",\"position\":3,\"name\":\"Seife und Gemeinschaftsbilder\"}]},{\"@type\":\"WebSite\",\"@id\":\"http:\/\/didaktik-der-bildenden-kuenste.de\/kpt2018\/#website\",\"url\":\"http:\/\/didaktik-der-bildenden-kuenste.de\/kpt2018\/\",\"name\":\"Kunstp\u00e4dagogischer Tag 2018 I K\u00fcnstlerisches Handeln zwischen Kooperation, Differenzierung, Partizipation und Individualisierung\",\"description\":\"Eine weitere Didaktik der bildenden K\u00fcnste Websites Website\",\"potentialAction\":[{\"@type\":\"SearchAction\",\"target\":{\"@type\":\"EntryPoint\",\"urlTemplate\":\"http:\/\/didaktik-der-bildenden-kuenste.de\/kpt2018\/?s={search_term_string}\"},\"query-input\":{\"@type\":\"PropertyValueSpecification\",\"valueRequired\":true,\"valueName\":\"search_term_string\"}}],\"inLanguage\":\"de\"}]}<\/script>\n<!-- \/ Yoast SEO plugin. -->","yoast_head_json":{"title":"Seife und Gemeinschaftsbilder - Kunstp\u00e4dagogischer Tag 2018 I K\u00fcnstlerisches Handeln zwischen Kooperation, Differenzierung, Partizipation und Individualisierung","robots":{"index":"index","follow":"follow","max-snippet":"max-snippet:-1","max-image-preview":"max-image-preview:large","max-video-preview":"max-video-preview:-1"},"canonical":"https:\/\/didaktik-der-bildenden-kuenste.de\/kpt2018\/abstracts\/seife-und-gemeinschaftsbilder\/","og_locale":"de_DE","og_type":"article","og_title":"Seife und Gemeinschaftsbilder - Kunstp\u00e4dagogischer Tag 2018 I K\u00fcnstlerisches Handeln zwischen Kooperation, Differenzierung, Partizipation und Individualisierung","og_description":"Workshop von Ulrike Kessl Im Atelier von UNART e.V. in Essen arbeiten professionelle K\u00fcnstlerinnen und K\u00fcnstler zusammen mit psychisch kranken und verhaltensauff\u00e4lligen Kindern und Jugendlichen. Das Spektrum der k\u00fcnstlerischen Handlungen reicht dabei von der direkten Umsetzung spontaner Einf\u00e4lle bis zu geplanten und sorgf\u00e4ltig ausgef\u00fchrten Arbeiten in unterschiedlichsten Techniken: Malen und Matschen, Modellieren und Seife gie\u00dfen, [&hellip;]","og_url":"https:\/\/didaktik-der-bildenden-kuenste.de\/kpt2018\/abstracts\/seife-und-gemeinschaftsbilder\/","og_site_name":"Kunstp\u00e4dagogischer Tag 2018 I K\u00fcnstlerisches Handeln zwischen Kooperation, Differenzierung, Partizipation und Individualisierung","article_modified_time":"2020-10-07T17:35:26+00:00","og_image":[{"url":"http:\/\/blogs.uni-siegen.de\/kpt2018\/files\/2018\/10\/kessl2-1.jpg","type":"","width":"","height":""}],"twitter_card":"summary_large_image","twitter_misc":{"Gesch\u00e4tzte Lesezeit":"1\u00a0Minute"},"schema":{"@context":"https:\/\/schema.org","@graph":[{"@type":"WebPage","@id":"https:\/\/didaktik-der-bildenden-kuenste.de\/kpt2018\/abstracts\/seife-und-gemeinschaftsbilder\/","url":"https:\/\/didaktik-der-bildenden-kuenste.de\/kpt2018\/abstracts\/seife-und-gemeinschaftsbilder\/","name":"Seife und Gemeinschaftsbilder - Kunstp\u00e4dagogischer Tag 2018 I K\u00fcnstlerisches Handeln zwischen Kooperation, Differenzierung, Partizipation und Individualisierung","isPartOf":{"@id":"http:\/\/didaktik-der-bildenden-kuenste.de\/kpt2018\/#website"},"primaryImageOfPage":{"@id":"https:\/\/didaktik-der-bildenden-kuenste.de\/kpt2018\/abstracts\/seife-und-gemeinschaftsbilder\/#primaryimage"},"image":{"@id":"https:\/\/didaktik-der-bildenden-kuenste.de\/kpt2018\/abstracts\/seife-und-gemeinschaftsbilder\/#primaryimage"},"thumbnailUrl":"http:\/\/blogs.uni-siegen.de\/kpt2018\/files\/2018\/10\/kessl2-1.jpg","datePublished":"2018-05-26T17:35:48+00:00","dateModified":"2020-10-07T17:35:26+00:00","breadcrumb":{"@id":"https:\/\/didaktik-der-bildenden-kuenste.de\/kpt2018\/abstracts\/seife-und-gemeinschaftsbilder\/#breadcrumb"},"inLanguage":"de","potentialAction":[{"@type":"ReadAction","target":["https:\/\/didaktik-der-bildenden-kuenste.de\/kpt2018\/abstracts\/seife-und-gemeinschaftsbilder\/"]}]},{"@type":"ImageObject","inLanguage":"de","@id":"https:\/\/didaktik-der-bildenden-kuenste.de\/kpt2018\/abstracts\/seife-und-gemeinschaftsbilder\/#primaryimage","url":"http:\/\/blogs.uni-siegen.de\/kpt2018\/files\/2018\/10\/kessl2-1.jpg","contentUrl":"http:\/\/blogs.uni-siegen.de\/kpt2018\/files\/2018\/10\/kessl2-1.jpg"},{"@type":"BreadcrumbList","@id":"https:\/\/didaktik-der-bildenden-kuenste.de\/kpt2018\/abstracts\/seife-und-gemeinschaftsbilder\/#breadcrumb","itemListElement":[{"@type":"ListItem","position":1,"name":"Home","item":"http:\/\/didaktik-der-bildenden-kuenste.de\/kpt2018\/"},{"@type":"ListItem","position":2,"name":"Workshops\/Materialien","item":"https:\/\/didaktik-der-bildenden-kuenste.de\/kpt2018\/abstracts\/"},{"@type":"ListItem","position":3,"name":"Seife und Gemeinschaftsbilder"}]},{"@type":"WebSite","@id":"http:\/\/didaktik-der-bildenden-kuenste.de\/kpt2018\/#website","url":"http:\/\/didaktik-der-bildenden-kuenste.de\/kpt2018\/","name":"Kunstp\u00e4dagogischer Tag 2018 I K\u00fcnstlerisches Handeln zwischen Kooperation, Differenzierung, Partizipation und Individualisierung","description":"Eine weitere Didaktik der bildenden K\u00fcnste Websites Website","potentialAction":[{"@type":"SearchAction","target":{"@type":"EntryPoint","urlTemplate":"http:\/\/didaktik-der-bildenden-kuenste.de\/kpt2018\/?s={search_term_string}"},"query-input":{"@type":"PropertyValueSpecification","valueRequired":true,"valueName":"search_term_string"}}],"inLanguage":"de"}]}},"_links":{"self":[{"href":"https:\/\/didaktik-der-bildenden-kuenste.de\/kpt2018\/wp-json\/wp\/v2\/pages\/108","targetHints":{"allow":["GET"]}}],"collection":[{"href":"https:\/\/didaktik-der-bildenden-kuenste.de\/kpt2018\/wp-json\/wp\/v2\/pages"}],"about":[{"href":"https:\/\/didaktik-der-bildenden-kuenste.de\/kpt2018\/wp-json\/wp\/v2\/types\/page"}],"author":[{"embeddable":true,"href":"https:\/\/didaktik-der-bildenden-kuenste.de\/kpt2018\/wp-json\/wp\/v2\/users\/1"}],"replies":[{"embeddable":true,"href":"https:\/\/didaktik-der-bildenden-kuenste.de\/kpt2018\/wp-json\/wp\/v2\/comments?post=108"}],"version-history":[{"count":1,"href":"https:\/\/didaktik-der-bildenden-kuenste.de\/kpt2018\/wp-json\/wp\/v2\/pages\/108\/revisions"}],"predecessor-version":[{"id":651,"href":"https:\/\/didaktik-der-bildenden-kuenste.de\/kpt2018\/wp-json\/wp\/v2\/pages\/108\/revisions\/651"}],"up":[{"embeddable":true,"href":"https:\/\/didaktik-der-bildenden-kuenste.de\/kpt2018\/wp-json\/wp\/v2\/pages\/67"}],"wp:attachment":[{"href":"https:\/\/didaktik-der-bildenden-kuenste.de\/kpt2018\/wp-json\/wp\/v2\/media?parent=108"}],"curies":[{"name":"wp","href":"https:\/\/api.w.org\/{rel}","templated":true}]}}