{"id":117,"date":"2018-05-28T14:50:31","date_gmt":"2018-05-28T12:50:31","guid":{"rendered":"http:\/\/blogs.uni-siegen.de\/kpt2018\/?page_id=117"},"modified":"2020-10-07T21:29:09","modified_gmt":"2020-10-07T19:29:09","slug":"die-subjektive-handykamera-im-kunstunterricht","status":"publish","type":"page","link":"https:\/\/didaktik-der-bildenden-kuenste.de\/kpt2018\/abstracts\/die-subjektive-handykamera-im-kunstunterricht\/","title":{"rendered":"Die subjektive Handykamera im Kunstunterricht"},"content":{"rendered":"<p><img loading=\"lazy\" decoding=\"async\" class=\"alignnone size-full wp-image-602\" src=\"http:\/\/blogs.uni-siegen.de\/kpt2018\/files\/2018\/11\/Thienenkamp2.jpg\" alt=\"\" width=\"960\" height=\"267\"><\/p>\n<p>Workshop von Heike Thienenkamp und Carolin Ehring<\/p>\n<p>Das Stilmittel der subjektiven Kamera wird in Spiel- oder Dokumentarfilmen u.a. eingesetzt, damit Zuschauer*innen die individuelle Sichtweise von Protagonist*innen oder Filmemacher*innen nachvollziehen k\u00f6nnen. Sch\u00fcler*innen wenden in ihrer Freizeit \u00e4hnliche Strategien an, wenn sie zum Beispiel auf YouTube individuelle Computerspielerlebnisse in Form von \u201eLet\u00b4s Play\u201c-Videos kommentieren oder eine sportliche Aktivit\u00e4t mit der Helmkamera festhalten.<\/p>\n<p>In dem Workshop experimentieren wir in kleinen filmpraktischen \u00dcbungen mit subjektiven Blickweisen. Dar\u00fcber hinaus m\u00f6chten wir mit den Teilnehmer*innen diskutieren, welches didaktische Potenzial sich durch heterogene Darstellungen erlebter Wirklichkeiten im Rahmen filmgestalterischer Arbeiten f\u00fcr den Kunstunterricht ergibt.<\/p>\n<p>Die Teilnehmer*innen werden gebeten, f\u00fcr den Workshop ein aufgeladenes Smartphone mitzubringen.<\/p>\n<p>Carolin Ehring ist abgeordnete Lehrkraft f\u00fcr besondere Aufgaben an der Universit\u00e4t Bielefeld und Studienr\u00e4tin mit den F\u00e4chern Kunst, Musik und Film am Ratsgymnasium Minden. In ihrem k\u00fcrzlich abgeschlossenen Dissertationsprojekt hat sie sich mit Schnittstellen von Film und Neuer Musik im produktionsorientierten Kunst- und Musikunterricht auseinandergesetzt.<\/p>\n<p>Dr. Heike Thienenkamp ist Lehrkraft f\u00fcr besondere Aufgaben an der Universit\u00e4t Bielefeld. Ihre Schwerpunkte in Lehre und Forschung liegen in der interdisziplin\u00e4ren Arbeit zwischen Kunst und Musik sowie Kunst und Naturwissenschaften.<\/p>\n","protected":false},"excerpt":{"rendered":"<p>Workshop von Heike Thienenkamp und Carolin Ehring Das Stilmittel der subjektiven Kamera wird in Spiel- oder Dokumentarfilmen u.a. eingesetzt, damit Zuschauer*innen die individuelle Sichtweise von Protagonist*innen oder Filmemacher*innen nachvollziehen k\u00f6nnen. Sch\u00fcler*innen wenden in ihrer Freizeit \u00e4hnliche Strategien an, wenn sie zum Beispiel auf YouTube individuelle Computerspielerlebnisse in Form von \u201eLet\u00b4s Play\u201c-Videos kommentieren oder eine sportliche [&hellip;]<\/p>\n","protected":false},"author":1,"featured_media":0,"parent":67,"menu_order":0,"comment_status":"closed","ping_status":"closed","template":"page-templates\/full-width.php","meta":{"footnotes":""},"class_list":["post-117","page","type-page","status-publish","hentry"],"yoast_head":"<!-- This site is optimized with the Yoast SEO plugin v26.8 - https:\/\/yoast.com\/product\/yoast-seo-wordpress\/ -->\n<title>Die subjektive Handykamera im Kunstunterricht - Kunstp\u00e4dagogischer Tag 2018 I K\u00fcnstlerisches Handeln zwischen Kooperation, Differenzierung, Partizipation und Individualisierung<\/title>\n<meta name=\"robots\" content=\"index, follow, max-snippet:-1, max-image-preview:large, max-video-preview:-1\" \/>\n<link rel=\"canonical\" href=\"https:\/\/didaktik-der-bildenden-kuenste.de\/kpt2018\/abstracts\/die-subjektive-handykamera-im-kunstunterricht\/\" \/>\n<meta property=\"og:locale\" content=\"de_DE\" \/>\n<meta property=\"og:type\" content=\"article\" \/>\n<meta property=\"og:title\" content=\"Die subjektive Handykamera im Kunstunterricht - Kunstp\u00e4dagogischer Tag 2018 I K\u00fcnstlerisches Handeln zwischen Kooperation, Differenzierung, Partizipation und Individualisierung\" \/>\n<meta property=\"og:description\" content=\"Workshop von Heike Thienenkamp und Carolin Ehring Das Stilmittel der subjektiven Kamera wird in Spiel- oder Dokumentarfilmen u.a. eingesetzt, damit Zuschauer*innen die individuelle Sichtweise von Protagonist*innen oder Filmemacher*innen nachvollziehen k\u00f6nnen. Sch\u00fcler*innen wenden in ihrer Freizeit \u00e4hnliche Strategien an, wenn sie zum Beispiel auf YouTube individuelle Computerspielerlebnisse in Form von \u201eLet\u00b4s Play\u201c-Videos kommentieren oder eine sportliche [&hellip;]\" \/>\n<meta property=\"og:url\" content=\"https:\/\/didaktik-der-bildenden-kuenste.de\/kpt2018\/abstracts\/die-subjektive-handykamera-im-kunstunterricht\/\" \/>\n<meta property=\"og:site_name\" content=\"Kunstp\u00e4dagogischer Tag 2018 I K\u00fcnstlerisches Handeln zwischen Kooperation, Differenzierung, Partizipation und Individualisierung\" \/>\n<meta property=\"article:modified_time\" content=\"2020-10-07T19:29:09+00:00\" \/>\n<meta property=\"og:image\" content=\"http:\/\/blogs.uni-siegen.de\/kpt2018\/files\/2018\/11\/Thienenkamp2.jpg\" \/>\n<meta name=\"twitter:card\" content=\"summary_large_image\" \/>\n<meta name=\"twitter:label1\" content=\"Gesch\u00e4tzte Lesezeit\" \/>\n\t<meta name=\"twitter:data1\" content=\"1\u00a0Minute\" \/>\n<script type=\"application\/ld+json\" class=\"yoast-schema-graph\">{\"@context\":\"https:\/\/schema.org\",\"@graph\":[{\"@type\":\"WebPage\",\"@id\":\"https:\/\/didaktik-der-bildenden-kuenste.de\/kpt2018\/abstracts\/die-subjektive-handykamera-im-kunstunterricht\/\",\"url\":\"https:\/\/didaktik-der-bildenden-kuenste.de\/kpt2018\/abstracts\/die-subjektive-handykamera-im-kunstunterricht\/\",\"name\":\"Die subjektive Handykamera im Kunstunterricht - Kunstp\u00e4dagogischer Tag 2018 I K\u00fcnstlerisches Handeln zwischen Kooperation, Differenzierung, Partizipation und Individualisierung\",\"isPartOf\":{\"@id\":\"http:\/\/didaktik-der-bildenden-kuenste.de\/kpt2018\/#website\"},\"primaryImageOfPage\":{\"@id\":\"https:\/\/didaktik-der-bildenden-kuenste.de\/kpt2018\/abstracts\/die-subjektive-handykamera-im-kunstunterricht\/#primaryimage\"},\"image\":{\"@id\":\"https:\/\/didaktik-der-bildenden-kuenste.de\/kpt2018\/abstracts\/die-subjektive-handykamera-im-kunstunterricht\/#primaryimage\"},\"thumbnailUrl\":\"http:\/\/blogs.uni-siegen.de\/kpt2018\/files\/2018\/11\/Thienenkamp2.jpg\",\"datePublished\":\"2018-05-28T12:50:31+00:00\",\"dateModified\":\"2020-10-07T19:29:09+00:00\",\"breadcrumb\":{\"@id\":\"https:\/\/didaktik-der-bildenden-kuenste.de\/kpt2018\/abstracts\/die-subjektive-handykamera-im-kunstunterricht\/#breadcrumb\"},\"inLanguage\":\"de\",\"potentialAction\":[{\"@type\":\"ReadAction\",\"target\":[\"https:\/\/didaktik-der-bildenden-kuenste.de\/kpt2018\/abstracts\/die-subjektive-handykamera-im-kunstunterricht\/\"]}]},{\"@type\":\"ImageObject\",\"inLanguage\":\"de\",\"@id\":\"https:\/\/didaktik-der-bildenden-kuenste.de\/kpt2018\/abstracts\/die-subjektive-handykamera-im-kunstunterricht\/#primaryimage\",\"url\":\"http:\/\/blogs.uni-siegen.de\/kpt2018\/files\/2018\/11\/Thienenkamp2.jpg\",\"contentUrl\":\"http:\/\/blogs.uni-siegen.de\/kpt2018\/files\/2018\/11\/Thienenkamp2.jpg\"},{\"@type\":\"BreadcrumbList\",\"@id\":\"https:\/\/didaktik-der-bildenden-kuenste.de\/kpt2018\/abstracts\/die-subjektive-handykamera-im-kunstunterricht\/#breadcrumb\",\"itemListElement\":[{\"@type\":\"ListItem\",\"position\":1,\"name\":\"Home\",\"item\":\"http:\/\/didaktik-der-bildenden-kuenste.de\/kpt2018\/\"},{\"@type\":\"ListItem\",\"position\":2,\"name\":\"Workshops\/Materialien\",\"item\":\"https:\/\/didaktik-der-bildenden-kuenste.de\/kpt2018\/abstracts\/\"},{\"@type\":\"ListItem\",\"position\":3,\"name\":\"Die subjektive Handykamera im Kunstunterricht\"}]},{\"@type\":\"WebSite\",\"@id\":\"http:\/\/didaktik-der-bildenden-kuenste.de\/kpt2018\/#website\",\"url\":\"http:\/\/didaktik-der-bildenden-kuenste.de\/kpt2018\/\",\"name\":\"Kunstp\u00e4dagogischer Tag 2018 I K\u00fcnstlerisches Handeln zwischen Kooperation, Differenzierung, Partizipation und Individualisierung\",\"description\":\"Eine weitere Didaktik der bildenden K\u00fcnste Websites Website\",\"potentialAction\":[{\"@type\":\"SearchAction\",\"target\":{\"@type\":\"EntryPoint\",\"urlTemplate\":\"http:\/\/didaktik-der-bildenden-kuenste.de\/kpt2018\/?s={search_term_string}\"},\"query-input\":{\"@type\":\"PropertyValueSpecification\",\"valueRequired\":true,\"valueName\":\"search_term_string\"}}],\"inLanguage\":\"de\"}]}<\/script>\n<!-- \/ Yoast SEO plugin. -->","yoast_head_json":{"title":"Die subjektive Handykamera im Kunstunterricht - Kunstp\u00e4dagogischer Tag 2018 I K\u00fcnstlerisches Handeln zwischen Kooperation, Differenzierung, Partizipation und Individualisierung","robots":{"index":"index","follow":"follow","max-snippet":"max-snippet:-1","max-image-preview":"max-image-preview:large","max-video-preview":"max-video-preview:-1"},"canonical":"https:\/\/didaktik-der-bildenden-kuenste.de\/kpt2018\/abstracts\/die-subjektive-handykamera-im-kunstunterricht\/","og_locale":"de_DE","og_type":"article","og_title":"Die subjektive Handykamera im Kunstunterricht - Kunstp\u00e4dagogischer Tag 2018 I K\u00fcnstlerisches Handeln zwischen Kooperation, Differenzierung, Partizipation und Individualisierung","og_description":"Workshop von Heike Thienenkamp und Carolin Ehring Das Stilmittel der subjektiven Kamera wird in Spiel- oder Dokumentarfilmen u.a. eingesetzt, damit Zuschauer*innen die individuelle Sichtweise von Protagonist*innen oder Filmemacher*innen nachvollziehen k\u00f6nnen. Sch\u00fcler*innen wenden in ihrer Freizeit \u00e4hnliche Strategien an, wenn sie zum Beispiel auf YouTube individuelle Computerspielerlebnisse in Form von \u201eLet\u00b4s Play\u201c-Videos kommentieren oder eine sportliche [&hellip;]","og_url":"https:\/\/didaktik-der-bildenden-kuenste.de\/kpt2018\/abstracts\/die-subjektive-handykamera-im-kunstunterricht\/","og_site_name":"Kunstp\u00e4dagogischer Tag 2018 I K\u00fcnstlerisches Handeln zwischen Kooperation, Differenzierung, Partizipation und Individualisierung","article_modified_time":"2020-10-07T19:29:09+00:00","og_image":[{"url":"http:\/\/blogs.uni-siegen.de\/kpt2018\/files\/2018\/11\/Thienenkamp2.jpg","type":"","width":"","height":""}],"twitter_card":"summary_large_image","twitter_misc":{"Gesch\u00e4tzte Lesezeit":"1\u00a0Minute"},"schema":{"@context":"https:\/\/schema.org","@graph":[{"@type":"WebPage","@id":"https:\/\/didaktik-der-bildenden-kuenste.de\/kpt2018\/abstracts\/die-subjektive-handykamera-im-kunstunterricht\/","url":"https:\/\/didaktik-der-bildenden-kuenste.de\/kpt2018\/abstracts\/die-subjektive-handykamera-im-kunstunterricht\/","name":"Die subjektive Handykamera im Kunstunterricht - Kunstp\u00e4dagogischer Tag 2018 I K\u00fcnstlerisches Handeln zwischen Kooperation, Differenzierung, Partizipation und Individualisierung","isPartOf":{"@id":"http:\/\/didaktik-der-bildenden-kuenste.de\/kpt2018\/#website"},"primaryImageOfPage":{"@id":"https:\/\/didaktik-der-bildenden-kuenste.de\/kpt2018\/abstracts\/die-subjektive-handykamera-im-kunstunterricht\/#primaryimage"},"image":{"@id":"https:\/\/didaktik-der-bildenden-kuenste.de\/kpt2018\/abstracts\/die-subjektive-handykamera-im-kunstunterricht\/#primaryimage"},"thumbnailUrl":"http:\/\/blogs.uni-siegen.de\/kpt2018\/files\/2018\/11\/Thienenkamp2.jpg","datePublished":"2018-05-28T12:50:31+00:00","dateModified":"2020-10-07T19:29:09+00:00","breadcrumb":{"@id":"https:\/\/didaktik-der-bildenden-kuenste.de\/kpt2018\/abstracts\/die-subjektive-handykamera-im-kunstunterricht\/#breadcrumb"},"inLanguage":"de","potentialAction":[{"@type":"ReadAction","target":["https:\/\/didaktik-der-bildenden-kuenste.de\/kpt2018\/abstracts\/die-subjektive-handykamera-im-kunstunterricht\/"]}]},{"@type":"ImageObject","inLanguage":"de","@id":"https:\/\/didaktik-der-bildenden-kuenste.de\/kpt2018\/abstracts\/die-subjektive-handykamera-im-kunstunterricht\/#primaryimage","url":"http:\/\/blogs.uni-siegen.de\/kpt2018\/files\/2018\/11\/Thienenkamp2.jpg","contentUrl":"http:\/\/blogs.uni-siegen.de\/kpt2018\/files\/2018\/11\/Thienenkamp2.jpg"},{"@type":"BreadcrumbList","@id":"https:\/\/didaktik-der-bildenden-kuenste.de\/kpt2018\/abstracts\/die-subjektive-handykamera-im-kunstunterricht\/#breadcrumb","itemListElement":[{"@type":"ListItem","position":1,"name":"Home","item":"http:\/\/didaktik-der-bildenden-kuenste.de\/kpt2018\/"},{"@type":"ListItem","position":2,"name":"Workshops\/Materialien","item":"https:\/\/didaktik-der-bildenden-kuenste.de\/kpt2018\/abstracts\/"},{"@type":"ListItem","position":3,"name":"Die subjektive Handykamera im Kunstunterricht"}]},{"@type":"WebSite","@id":"http:\/\/didaktik-der-bildenden-kuenste.de\/kpt2018\/#website","url":"http:\/\/didaktik-der-bildenden-kuenste.de\/kpt2018\/","name":"Kunstp\u00e4dagogischer Tag 2018 I K\u00fcnstlerisches Handeln zwischen Kooperation, Differenzierung, Partizipation und Individualisierung","description":"Eine weitere Didaktik der bildenden K\u00fcnste Websites Website","potentialAction":[{"@type":"SearchAction","target":{"@type":"EntryPoint","urlTemplate":"http:\/\/didaktik-der-bildenden-kuenste.de\/kpt2018\/?s={search_term_string}"},"query-input":{"@type":"PropertyValueSpecification","valueRequired":true,"valueName":"search_term_string"}}],"inLanguage":"de"}]}},"_links":{"self":[{"href":"https:\/\/didaktik-der-bildenden-kuenste.de\/kpt2018\/wp-json\/wp\/v2\/pages\/117","targetHints":{"allow":["GET"]}}],"collection":[{"href":"https:\/\/didaktik-der-bildenden-kuenste.de\/kpt2018\/wp-json\/wp\/v2\/pages"}],"about":[{"href":"https:\/\/didaktik-der-bildenden-kuenste.de\/kpt2018\/wp-json\/wp\/v2\/types\/page"}],"author":[{"embeddable":true,"href":"https:\/\/didaktik-der-bildenden-kuenste.de\/kpt2018\/wp-json\/wp\/v2\/users\/1"}],"replies":[{"embeddable":true,"href":"https:\/\/didaktik-der-bildenden-kuenste.de\/kpt2018\/wp-json\/wp\/v2\/comments?post=117"}],"version-history":[{"count":1,"href":"https:\/\/didaktik-der-bildenden-kuenste.de\/kpt2018\/wp-json\/wp\/v2\/pages\/117\/revisions"}],"predecessor-version":[{"id":652,"href":"https:\/\/didaktik-der-bildenden-kuenste.de\/kpt2018\/wp-json\/wp\/v2\/pages\/117\/revisions\/652"}],"up":[{"embeddable":true,"href":"https:\/\/didaktik-der-bildenden-kuenste.de\/kpt2018\/wp-json\/wp\/v2\/pages\/67"}],"wp:attachment":[{"href":"https:\/\/didaktik-der-bildenden-kuenste.de\/kpt2018\/wp-json\/wp\/v2\/media?parent=117"}],"curies":[{"name":"wp","href":"https:\/\/api.w.org\/{rel}","templated":true}]}}