{"id":132,"date":"2018-05-28T15:15:24","date_gmt":"2018-05-28T13:15:24","guid":{"rendered":"http:\/\/blogs.uni-siegen.de\/kpt2018\/?page_id=132"},"modified":"2020-10-07T21:25:46","modified_gmt":"2020-10-07T19:25:46","slug":"wir-tappen-im-dunkeln","status":"publish","type":"page","link":"https:\/\/didaktik-der-bildenden-kuenste.de\/kpt2018\/abstracts\/wir-tappen-im-dunkeln\/","title":{"rendered":"Wir tappen im Dunkeln &#8211; Schwarzlichttheater"},"content":{"rendered":"<p>Schwarzlichttheater in inklusiven Lerngruppen<\/p>\n<p><img loading=\"lazy\" decoding=\"async\" class=\"alignnone size-full wp-image-484\" src=\"http:\/\/blogs.uni-siegen.de\/kpt2018\/files\/2018\/10\/hoederath.jpg\" alt=\"\" width=\"960\" height=\"267\" srcset=\"https:\/\/didaktik-der-bildenden-kuenste.de\/kpt2018\/wp-content\/uploads\/sites\/4\/2018\/10\/hoederath.jpg 960w, https:\/\/didaktik-der-bildenden-kuenste.de\/kpt2018\/wp-content\/uploads\/sites\/4\/2018\/10\/hoederath-300x83.jpg 300w, https:\/\/didaktik-der-bildenden-kuenste.de\/kpt2018\/wp-content\/uploads\/sites\/4\/2018\/10\/hoederath-768x214.jpg 768w, https:\/\/didaktik-der-bildenden-kuenste.de\/kpt2018\/wp-content\/uploads\/sites\/4\/2018\/10\/hoederath-624x174.jpg 624w\" sizes=\"auto, (max-width: 960px) 100vw, 960px\" \/><\/p>\n<p>Workshop von Sabine Adolph-H\u00f6derath<\/p>\n<p>Die Urspr\u00fcnge des Schwarzen Theater liegen in China, wo es als eine Spielart des Puppenspiels entstand. Im 19. Jahrhundert nutzen viele Zauberer und Magier diese Technik bei ihren Tricks. Zur Jahrhundertwende wurde es in Europa als gestalterisches B\u00fchnenelement wiederentdeckt und seit Beginn der 80er Jahre&nbsp; durch die Entwicklung einer neuen Form des Schwarzen Theaters auf das Einfachste reduziert. Es wurde ein Kunstbereich geschaffen, der Kindern und Anf\u00e4ngern durch kreatives Experimentieren einen Zugang zur darstellenden Kunst er\u00f6ffnet. Es wird sowohl mit dem K\u00f6rper als auch mit Requisiten experimentiert. Es ergeben sich auf der komplett schwarzen B\u00fchne, die nur durch UV-Licht&nbsp; \u201ebestrahlt\u201c wird, visuelle Effekte, die es erm\u00f6glichen, Dinge auftauchen, schweben und wieder verschwinden zu lassen. Diese Art des Theaters wird meist ohne Sprache dargeboten und von Musik untermalt. Durch den Verzicht auf Sprache und das \u201eUnsichtbarmachen\u201c des eigenen K\u00f6rpers&nbsp; stellt sich die oft beobachtbare Scheu \u2013 sich in exponierter Stellung auf der B\u00fchne darzustellen \u2013 nicht ein. Eine hervorragende Voraussetzung f\u00fcr inklusive Prozesse.<\/p>\n<p>In dem Workshop werden wir eine kleine Szenenabfolge inhaltlich und methodisch entwickeln und dabei ein besonderes Augenmerk auf die unterschiedlichen Sch\u00fclervoraussetzungen im Rahmen von Inklusion legen.<\/p>\n<p>Alle Teilnehmerinnen und Teilnehmer sollten m\u00f6glichst schwarze Kleidung tragen.<\/p>\n<p>Nach einem Studium der Sonderp\u00e4dagogik und einer zus\u00e4tzlichen Ausbildung als Theaterp\u00e4dagogin arbeitet<br \/>\nSabine Adolf-H\u00f6derarth seit 40 Jahren sowohl im F\u00f6rderschul- als auch im Regelschulbereich. Sie befasst sich im Rahmen von Arbeitsgemeinschaften regelm\u00e4\u00dfig mit dem Schwarzlichttheater.<\/p>\n","protected":false},"excerpt":{"rendered":"<p>Schwarzlichttheater in inklusiven Lerngruppen Workshop von Sabine Adolph-H\u00f6derath Die Urspr\u00fcnge des Schwarzen Theater liegen in China, wo es als eine Spielart des Puppenspiels entstand. Im 19. Jahrhundert nutzen viele Zauberer und Magier diese Technik bei ihren Tricks. Zur Jahrhundertwende wurde es in Europa als gestalterisches B\u00fchnenelement wiederentdeckt und seit Beginn der 80er Jahre&nbsp; durch die [&hellip;]<\/p>\n","protected":false},"author":1,"featured_media":0,"parent":67,"menu_order":0,"comment_status":"closed","ping_status":"closed","template":"page-templates\/full-width.php","meta":{"footnotes":""},"class_list":["post-132","page","type-page","status-publish","hentry"],"yoast_head":"<!-- This site is optimized with the Yoast SEO plugin v26.8 - https:\/\/yoast.com\/product\/yoast-seo-wordpress\/ -->\n<title>Wir tappen im Dunkeln - Schwarzlichttheater - Kunstp\u00e4dagogischer Tag 2018 I K\u00fcnstlerisches Handeln zwischen Kooperation, Differenzierung, Partizipation und Individualisierung<\/title>\n<meta name=\"robots\" content=\"index, follow, max-snippet:-1, max-image-preview:large, max-video-preview:-1\" \/>\n<link rel=\"canonical\" href=\"https:\/\/didaktik-der-bildenden-kuenste.de\/kpt2018\/abstracts\/wir-tappen-im-dunkeln\/\" \/>\n<meta property=\"og:locale\" content=\"de_DE\" \/>\n<meta property=\"og:type\" content=\"article\" \/>\n<meta property=\"og:title\" content=\"Wir tappen im Dunkeln - Schwarzlichttheater - Kunstp\u00e4dagogischer Tag 2018 I K\u00fcnstlerisches Handeln zwischen Kooperation, Differenzierung, Partizipation und Individualisierung\" \/>\n<meta property=\"og:description\" content=\"Schwarzlichttheater in inklusiven Lerngruppen Workshop von Sabine Adolph-H\u00f6derath Die Urspr\u00fcnge des Schwarzen Theater liegen in China, wo es als eine Spielart des Puppenspiels entstand. Im 19. Jahrhundert nutzen viele Zauberer und Magier diese Technik bei ihren Tricks. Zur Jahrhundertwende wurde es in Europa als gestalterisches B\u00fchnenelement wiederentdeckt und seit Beginn der 80er Jahre&nbsp; durch die [&hellip;]\" \/>\n<meta property=\"og:url\" content=\"https:\/\/didaktik-der-bildenden-kuenste.de\/kpt2018\/abstracts\/wir-tappen-im-dunkeln\/\" \/>\n<meta property=\"og:site_name\" content=\"Kunstp\u00e4dagogischer Tag 2018 I K\u00fcnstlerisches Handeln zwischen Kooperation, Differenzierung, Partizipation und Individualisierung\" \/>\n<meta property=\"article:modified_time\" content=\"2020-10-07T19:25:46+00:00\" \/>\n<meta property=\"og:image\" content=\"http:\/\/blogs.uni-siegen.de\/kpt2018\/files\/2018\/10\/hoederath.jpg\" \/>\n<meta name=\"twitter:card\" content=\"summary_large_image\" \/>\n<meta name=\"twitter:label1\" content=\"Gesch\u00e4tzte Lesezeit\" \/>\n\t<meta name=\"twitter:data1\" content=\"1\u00a0Minute\" \/>\n<script type=\"application\/ld+json\" class=\"yoast-schema-graph\">{\"@context\":\"https:\/\/schema.org\",\"@graph\":[{\"@type\":\"WebPage\",\"@id\":\"https:\/\/didaktik-der-bildenden-kuenste.de\/kpt2018\/abstracts\/wir-tappen-im-dunkeln\/\",\"url\":\"https:\/\/didaktik-der-bildenden-kuenste.de\/kpt2018\/abstracts\/wir-tappen-im-dunkeln\/\",\"name\":\"Wir tappen im Dunkeln - Schwarzlichttheater - Kunstp\u00e4dagogischer Tag 2018 I K\u00fcnstlerisches Handeln zwischen Kooperation, Differenzierung, Partizipation und Individualisierung\",\"isPartOf\":{\"@id\":\"http:\/\/didaktik-der-bildenden-kuenste.de\/kpt2018\/#website\"},\"primaryImageOfPage\":{\"@id\":\"https:\/\/didaktik-der-bildenden-kuenste.de\/kpt2018\/abstracts\/wir-tappen-im-dunkeln\/#primaryimage\"},\"image\":{\"@id\":\"https:\/\/didaktik-der-bildenden-kuenste.de\/kpt2018\/abstracts\/wir-tappen-im-dunkeln\/#primaryimage\"},\"thumbnailUrl\":\"http:\/\/blogs.uni-siegen.de\/kpt2018\/files\/2018\/10\/hoederath.jpg\",\"datePublished\":\"2018-05-28T13:15:24+00:00\",\"dateModified\":\"2020-10-07T19:25:46+00:00\",\"breadcrumb\":{\"@id\":\"https:\/\/didaktik-der-bildenden-kuenste.de\/kpt2018\/abstracts\/wir-tappen-im-dunkeln\/#breadcrumb\"},\"inLanguage\":\"de\",\"potentialAction\":[{\"@type\":\"ReadAction\",\"target\":[\"https:\/\/didaktik-der-bildenden-kuenste.de\/kpt2018\/abstracts\/wir-tappen-im-dunkeln\/\"]}]},{\"@type\":\"ImageObject\",\"inLanguage\":\"de\",\"@id\":\"https:\/\/didaktik-der-bildenden-kuenste.de\/kpt2018\/abstracts\/wir-tappen-im-dunkeln\/#primaryimage\",\"url\":\"http:\/\/blogs.uni-siegen.de\/kpt2018\/files\/2018\/10\/hoederath.jpg\",\"contentUrl\":\"http:\/\/blogs.uni-siegen.de\/kpt2018\/files\/2018\/10\/hoederath.jpg\"},{\"@type\":\"BreadcrumbList\",\"@id\":\"https:\/\/didaktik-der-bildenden-kuenste.de\/kpt2018\/abstracts\/wir-tappen-im-dunkeln\/#breadcrumb\",\"itemListElement\":[{\"@type\":\"ListItem\",\"position\":1,\"name\":\"Home\",\"item\":\"http:\/\/didaktik-der-bildenden-kuenste.de\/kpt2018\/\"},{\"@type\":\"ListItem\",\"position\":2,\"name\":\"Workshops\/Materialien\",\"item\":\"https:\/\/didaktik-der-bildenden-kuenste.de\/kpt2018\/abstracts\/\"},{\"@type\":\"ListItem\",\"position\":3,\"name\":\"Wir tappen im Dunkeln &#8211; Schwarzlichttheater\"}]},{\"@type\":\"WebSite\",\"@id\":\"http:\/\/didaktik-der-bildenden-kuenste.de\/kpt2018\/#website\",\"url\":\"http:\/\/didaktik-der-bildenden-kuenste.de\/kpt2018\/\",\"name\":\"Kunstp\u00e4dagogischer Tag 2018 I K\u00fcnstlerisches Handeln zwischen Kooperation, Differenzierung, Partizipation und Individualisierung\",\"description\":\"Eine weitere Didaktik der bildenden K\u00fcnste Websites Website\",\"potentialAction\":[{\"@type\":\"SearchAction\",\"target\":{\"@type\":\"EntryPoint\",\"urlTemplate\":\"http:\/\/didaktik-der-bildenden-kuenste.de\/kpt2018\/?s={search_term_string}\"},\"query-input\":{\"@type\":\"PropertyValueSpecification\",\"valueRequired\":true,\"valueName\":\"search_term_string\"}}],\"inLanguage\":\"de\"}]}<\/script>\n<!-- \/ Yoast SEO plugin. -->","yoast_head_json":{"title":"Wir tappen im Dunkeln - Schwarzlichttheater - Kunstp\u00e4dagogischer Tag 2018 I K\u00fcnstlerisches Handeln zwischen Kooperation, Differenzierung, Partizipation und Individualisierung","robots":{"index":"index","follow":"follow","max-snippet":"max-snippet:-1","max-image-preview":"max-image-preview:large","max-video-preview":"max-video-preview:-1"},"canonical":"https:\/\/didaktik-der-bildenden-kuenste.de\/kpt2018\/abstracts\/wir-tappen-im-dunkeln\/","og_locale":"de_DE","og_type":"article","og_title":"Wir tappen im Dunkeln - Schwarzlichttheater - Kunstp\u00e4dagogischer Tag 2018 I K\u00fcnstlerisches Handeln zwischen Kooperation, Differenzierung, Partizipation und Individualisierung","og_description":"Schwarzlichttheater in inklusiven Lerngruppen Workshop von Sabine Adolph-H\u00f6derath Die Urspr\u00fcnge des Schwarzen Theater liegen in China, wo es als eine Spielart des Puppenspiels entstand. Im 19. Jahrhundert nutzen viele Zauberer und Magier diese Technik bei ihren Tricks. Zur Jahrhundertwende wurde es in Europa als gestalterisches B\u00fchnenelement wiederentdeckt und seit Beginn der 80er Jahre&nbsp; durch die [&hellip;]","og_url":"https:\/\/didaktik-der-bildenden-kuenste.de\/kpt2018\/abstracts\/wir-tappen-im-dunkeln\/","og_site_name":"Kunstp\u00e4dagogischer Tag 2018 I K\u00fcnstlerisches Handeln zwischen Kooperation, Differenzierung, Partizipation und Individualisierung","article_modified_time":"2020-10-07T19:25:46+00:00","og_image":[{"url":"http:\/\/blogs.uni-siegen.de\/kpt2018\/files\/2018\/10\/hoederath.jpg","type":"","width":"","height":""}],"twitter_card":"summary_large_image","twitter_misc":{"Gesch\u00e4tzte Lesezeit":"1\u00a0Minute"},"schema":{"@context":"https:\/\/schema.org","@graph":[{"@type":"WebPage","@id":"https:\/\/didaktik-der-bildenden-kuenste.de\/kpt2018\/abstracts\/wir-tappen-im-dunkeln\/","url":"https:\/\/didaktik-der-bildenden-kuenste.de\/kpt2018\/abstracts\/wir-tappen-im-dunkeln\/","name":"Wir tappen im Dunkeln - Schwarzlichttheater - Kunstp\u00e4dagogischer Tag 2018 I K\u00fcnstlerisches Handeln zwischen Kooperation, Differenzierung, Partizipation und Individualisierung","isPartOf":{"@id":"http:\/\/didaktik-der-bildenden-kuenste.de\/kpt2018\/#website"},"primaryImageOfPage":{"@id":"https:\/\/didaktik-der-bildenden-kuenste.de\/kpt2018\/abstracts\/wir-tappen-im-dunkeln\/#primaryimage"},"image":{"@id":"https:\/\/didaktik-der-bildenden-kuenste.de\/kpt2018\/abstracts\/wir-tappen-im-dunkeln\/#primaryimage"},"thumbnailUrl":"http:\/\/blogs.uni-siegen.de\/kpt2018\/files\/2018\/10\/hoederath.jpg","datePublished":"2018-05-28T13:15:24+00:00","dateModified":"2020-10-07T19:25:46+00:00","breadcrumb":{"@id":"https:\/\/didaktik-der-bildenden-kuenste.de\/kpt2018\/abstracts\/wir-tappen-im-dunkeln\/#breadcrumb"},"inLanguage":"de","potentialAction":[{"@type":"ReadAction","target":["https:\/\/didaktik-der-bildenden-kuenste.de\/kpt2018\/abstracts\/wir-tappen-im-dunkeln\/"]}]},{"@type":"ImageObject","inLanguage":"de","@id":"https:\/\/didaktik-der-bildenden-kuenste.de\/kpt2018\/abstracts\/wir-tappen-im-dunkeln\/#primaryimage","url":"http:\/\/blogs.uni-siegen.de\/kpt2018\/files\/2018\/10\/hoederath.jpg","contentUrl":"http:\/\/blogs.uni-siegen.de\/kpt2018\/files\/2018\/10\/hoederath.jpg"},{"@type":"BreadcrumbList","@id":"https:\/\/didaktik-der-bildenden-kuenste.de\/kpt2018\/abstracts\/wir-tappen-im-dunkeln\/#breadcrumb","itemListElement":[{"@type":"ListItem","position":1,"name":"Home","item":"http:\/\/didaktik-der-bildenden-kuenste.de\/kpt2018\/"},{"@type":"ListItem","position":2,"name":"Workshops\/Materialien","item":"https:\/\/didaktik-der-bildenden-kuenste.de\/kpt2018\/abstracts\/"},{"@type":"ListItem","position":3,"name":"Wir tappen im Dunkeln &#8211; Schwarzlichttheater"}]},{"@type":"WebSite","@id":"http:\/\/didaktik-der-bildenden-kuenste.de\/kpt2018\/#website","url":"http:\/\/didaktik-der-bildenden-kuenste.de\/kpt2018\/","name":"Kunstp\u00e4dagogischer Tag 2018 I K\u00fcnstlerisches Handeln zwischen Kooperation, Differenzierung, Partizipation und Individualisierung","description":"Eine weitere Didaktik der bildenden K\u00fcnste Websites Website","potentialAction":[{"@type":"SearchAction","target":{"@type":"EntryPoint","urlTemplate":"http:\/\/didaktik-der-bildenden-kuenste.de\/kpt2018\/?s={search_term_string}"},"query-input":{"@type":"PropertyValueSpecification","valueRequired":true,"valueName":"search_term_string"}}],"inLanguage":"de"}]}},"_links":{"self":[{"href":"https:\/\/didaktik-der-bildenden-kuenste.de\/kpt2018\/wp-json\/wp\/v2\/pages\/132","targetHints":{"allow":["GET"]}}],"collection":[{"href":"https:\/\/didaktik-der-bildenden-kuenste.de\/kpt2018\/wp-json\/wp\/v2\/pages"}],"about":[{"href":"https:\/\/didaktik-der-bildenden-kuenste.de\/kpt2018\/wp-json\/wp\/v2\/types\/page"}],"author":[{"embeddable":true,"href":"https:\/\/didaktik-der-bildenden-kuenste.de\/kpt2018\/wp-json\/wp\/v2\/users\/1"}],"replies":[{"embeddable":true,"href":"https:\/\/didaktik-der-bildenden-kuenste.de\/kpt2018\/wp-json\/wp\/v2\/comments?post=132"}],"version-history":[{"count":1,"href":"https:\/\/didaktik-der-bildenden-kuenste.de\/kpt2018\/wp-json\/wp\/v2\/pages\/132\/revisions"}],"predecessor-version":[{"id":657,"href":"https:\/\/didaktik-der-bildenden-kuenste.de\/kpt2018\/wp-json\/wp\/v2\/pages\/132\/revisions\/657"}],"up":[{"embeddable":true,"href":"https:\/\/didaktik-der-bildenden-kuenste.de\/kpt2018\/wp-json\/wp\/v2\/pages\/67"}],"wp:attachment":[{"href":"https:\/\/didaktik-der-bildenden-kuenste.de\/kpt2018\/wp-json\/wp\/v2\/media?parent=132"}],"curies":[{"name":"wp","href":"https:\/\/api.w.org\/{rel}","templated":true}]}}