{"id":49,"date":"2018-04-25T11:25:45","date_gmt":"2018-04-25T09:25:45","guid":{"rendered":"http:\/\/blogs.uni-siegen.de\/kpt2018\/?page_id=49"},"modified":"2020-10-07T20:24:13","modified_gmt":"2020-10-07T18:24:13","slug":"programm","status":"publish","type":"page","link":"https:\/\/didaktik-der-bildenden-kuenste.de\/kpt2018\/programm\/","title":{"rendered":"Programm"},"content":{"rendered":"<table>\n<tbody>\n<tr>\n<td width=\"200\">8.45 \u2013 9.30 Uhr<\/td>\n<td width=\"751\">Einlass, Anmeldung und\u00a0 Einteilung der Workshopgruppen<\/td>\n<\/tr>\n<tr>\n<td width=\"200\">9.30 \u2013 9.40 Uhr<\/td>\n<td width=\"751\"><a href=\"http:\/\/didaktik-der-bildenden-kuenste.de\/kpt2018\/begruessung-dekan\/\">Er\u00f6ffnung der Tagung<\/a><br \/>\nProf. Dr. Thomas Coelen, Dekan der Fakult\u00e4t II, Universit\u00e4t Siegen<\/td>\n<\/tr>\n<tr>\n<td width=\"200\">9.40 \u2013 9.50 Uhr<\/td>\n<td width=\"751\"><a href=\"http:\/\/didaktik-der-bildenden-kuenste.de\/kpt2018\/vortrag-alfermann\/\">Begr\u00fc\u00dfung<\/a><br \/>\nElfie Alfermann, BDK NRW, Fachverband f\u00fcr Kunstp\u00e4dagogik<\/td>\n<\/tr>\n<tr>\n<td width=\"200\">9.50 \u2013 10.15 Uhr<\/td>\n<td width=\"751\"><a href=\"http:\/\/didaktik-der-bildenden-kuenste.de\/kpt2018\/einfuehrung\/\">Einf\u00fchrung<\/a><br \/>\nProf. Dr. Sara Horn\u00e4k (Siegen)<br \/>\nAnders Denken und Handeln &#8211; Inklusionsaspekte in Kunst und Kunstunterricht<\/td>\n<\/tr>\n<tr>\n<td width=\"200\">10.15 \u2013 11.00 Uhr<\/td>\n<td width=\"751\"><a href=\"http:\/\/didaktik-der-bildenden-kuenste.de\/kpt2018\/vortrag-i\/\">Vortrag I<\/a><br \/>\nProf. Dr. Sidonie Engels (Berlin)<br \/>\nInklusiver Kunstunterricht. Chancen prozess- und subjektorientierter Ans\u00e4tze<\/td>\n<\/tr>\n<tr>\n<td width=\"200\">11.00 \u2013 12.30 Uhr<\/td>\n<td width=\"751\">Workshops Block I<\/td>\n<\/tr>\n<tr>\n<td width=\"200\">12.30 \u2013 13.30 Uhr<\/td>\n<td width=\"751\">Mittagspause und Kaffeetrinken<\/td>\n<\/tr>\n<tr>\n<td width=\"200\">13.30 \u2013 14.30 Uhr<\/td>\n<td width=\"751\"><a href=\"http:\/\/didaktik-der-bildenden-kuenste.de\/kpt2018\/vortrag-roeske\/\">Vortrag II<\/a><br \/>\nPD Dr. Thomas R\u00f6ske (Heidelberg)<br \/>\nDie Sammlung Prinzhorn &#8211; R\u00fcckblick und Ausblick<\/td>\n<\/tr>\n<tr>\n<td width=\"200\">14.30 \u2013 16.00 Uhr<\/td>\n<td width=\"751\">Workshops Block II<\/td>\n<\/tr>\n<tr>\n<td width=\"200\">16.00 \u2013 17.00 Uhr<\/td>\n<td width=\"751\">Kaffee und Kuchen<\/td>\n<\/tr>\n<\/tbody>\n<\/table>\n","protected":false},"excerpt":{"rendered":"<p>8.45 \u2013 9.30 Uhr Einlass, Anmeldung und\u00a0 Einteilung der Workshopgruppen 9.30 \u2013 9.40 Uhr Er\u00f6ffnung der Tagung Prof. Dr. Thomas Coelen, Dekan der Fakult\u00e4t II, Universit\u00e4t Siegen 9.40 \u2013 9.50 Uhr Begr\u00fc\u00dfung Elfie Alfermann, BDK NRW, Fachverband f\u00fcr Kunstp\u00e4dagogik 9.50 \u2013 10.15 Uhr Einf\u00fchrung Prof. Dr. Sara Horn\u00e4k (Siegen) Anders Denken und Handeln &#8211; Inklusionsaspekte [&hellip;]<\/p>\n","protected":false},"author":1,"featured_media":0,"parent":0,"menu_order":0,"comment_status":"closed","ping_status":"closed","template":"page-templates\/full-width.php","meta":{"footnotes":""},"class_list":["post-49","page","type-page","status-publish","hentry"],"yoast_head":"<!-- This site is optimized with the Yoast SEO plugin v26.8 - https:\/\/yoast.com\/product\/yoast-seo-wordpress\/ -->\n<title>Programm - Kunstp\u00e4dagogischer Tag 2018 I K\u00fcnstlerisches Handeln zwischen Kooperation, Differenzierung, Partizipation und Individualisierung<\/title>\n<meta name=\"robots\" content=\"index, follow, max-snippet:-1, max-image-preview:large, max-video-preview:-1\" \/>\n<link rel=\"canonical\" href=\"https:\/\/didaktik-der-bildenden-kuenste.de\/kpt2018\/programm\/\" \/>\n<meta property=\"og:locale\" content=\"de_DE\" \/>\n<meta property=\"og:type\" content=\"article\" \/>\n<meta property=\"og:title\" content=\"Programm - Kunstp\u00e4dagogischer Tag 2018 I K\u00fcnstlerisches Handeln zwischen Kooperation, Differenzierung, Partizipation und Individualisierung\" \/>\n<meta property=\"og:description\" content=\"8.45 \u2013 9.30 Uhr Einlass, Anmeldung und\u00a0 Einteilung der Workshopgruppen 9.30 \u2013 9.40 Uhr Er\u00f6ffnung der Tagung Prof. Dr. Thomas Coelen, Dekan der Fakult\u00e4t II, Universit\u00e4t Siegen 9.40 \u2013 9.50 Uhr Begr\u00fc\u00dfung Elfie Alfermann, BDK NRW, Fachverband f\u00fcr Kunstp\u00e4dagogik 9.50 \u2013 10.15 Uhr Einf\u00fchrung Prof. Dr. Sara Horn\u00e4k (Siegen) Anders Denken und Handeln &#8211; Inklusionsaspekte [&hellip;]\" \/>\n<meta property=\"og:url\" content=\"https:\/\/didaktik-der-bildenden-kuenste.de\/kpt2018\/programm\/\" \/>\n<meta property=\"og:site_name\" content=\"Kunstp\u00e4dagogischer Tag 2018 I K\u00fcnstlerisches Handeln zwischen Kooperation, Differenzierung, Partizipation und Individualisierung\" \/>\n<meta property=\"article:modified_time\" content=\"2020-10-07T18:24:13+00:00\" \/>\n<meta name=\"twitter:card\" content=\"summary_large_image\" \/>\n<meta name=\"twitter:label1\" content=\"Gesch\u00e4tzte Lesezeit\" \/>\n\t<meta name=\"twitter:data1\" content=\"1\u00a0Minute\" \/>\n<script type=\"application\/ld+json\" class=\"yoast-schema-graph\">{\"@context\":\"https:\/\/schema.org\",\"@graph\":[{\"@type\":\"WebPage\",\"@id\":\"https:\/\/didaktik-der-bildenden-kuenste.de\/kpt2018\/programm\/\",\"url\":\"https:\/\/didaktik-der-bildenden-kuenste.de\/kpt2018\/programm\/\",\"name\":\"Programm - Kunstp\u00e4dagogischer Tag 2018 I K\u00fcnstlerisches Handeln zwischen Kooperation, Differenzierung, Partizipation und Individualisierung\",\"isPartOf\":{\"@id\":\"http:\/\/didaktik-der-bildenden-kuenste.de\/kpt2018\/#website\"},\"datePublished\":\"2018-04-25T09:25:45+00:00\",\"dateModified\":\"2020-10-07T18:24:13+00:00\",\"breadcrumb\":{\"@id\":\"https:\/\/didaktik-der-bildenden-kuenste.de\/kpt2018\/programm\/#breadcrumb\"},\"inLanguage\":\"de\",\"potentialAction\":[{\"@type\":\"ReadAction\",\"target\":[\"https:\/\/didaktik-der-bildenden-kuenste.de\/kpt2018\/programm\/\"]}]},{\"@type\":\"BreadcrumbList\",\"@id\":\"https:\/\/didaktik-der-bildenden-kuenste.de\/kpt2018\/programm\/#breadcrumb\",\"itemListElement\":[{\"@type\":\"ListItem\",\"position\":1,\"name\":\"Home\",\"item\":\"http:\/\/didaktik-der-bildenden-kuenste.de\/kpt2018\/\"},{\"@type\":\"ListItem\",\"position\":2,\"name\":\"Programm\"}]},{\"@type\":\"WebSite\",\"@id\":\"http:\/\/didaktik-der-bildenden-kuenste.de\/kpt2018\/#website\",\"url\":\"http:\/\/didaktik-der-bildenden-kuenste.de\/kpt2018\/\",\"name\":\"Kunstp\u00e4dagogischer Tag 2018 I K\u00fcnstlerisches Handeln zwischen Kooperation, Differenzierung, Partizipation und Individualisierung\",\"description\":\"Eine weitere Didaktik der bildenden K\u00fcnste Websites Website\",\"potentialAction\":[{\"@type\":\"SearchAction\",\"target\":{\"@type\":\"EntryPoint\",\"urlTemplate\":\"http:\/\/didaktik-der-bildenden-kuenste.de\/kpt2018\/?s={search_term_string}\"},\"query-input\":{\"@type\":\"PropertyValueSpecification\",\"valueRequired\":true,\"valueName\":\"search_term_string\"}}],\"inLanguage\":\"de\"}]}<\/script>\n<!-- \/ Yoast SEO plugin. -->","yoast_head_json":{"title":"Programm - Kunstp\u00e4dagogischer Tag 2018 I K\u00fcnstlerisches Handeln zwischen Kooperation, Differenzierung, Partizipation und Individualisierung","robots":{"index":"index","follow":"follow","max-snippet":"max-snippet:-1","max-image-preview":"max-image-preview:large","max-video-preview":"max-video-preview:-1"},"canonical":"https:\/\/didaktik-der-bildenden-kuenste.de\/kpt2018\/programm\/","og_locale":"de_DE","og_type":"article","og_title":"Programm - Kunstp\u00e4dagogischer Tag 2018 I K\u00fcnstlerisches Handeln zwischen Kooperation, Differenzierung, Partizipation und Individualisierung","og_description":"8.45 \u2013 9.30 Uhr Einlass, Anmeldung und\u00a0 Einteilung der Workshopgruppen 9.30 \u2013 9.40 Uhr Er\u00f6ffnung der Tagung Prof. Dr. Thomas Coelen, Dekan der Fakult\u00e4t II, Universit\u00e4t Siegen 9.40 \u2013 9.50 Uhr Begr\u00fc\u00dfung Elfie Alfermann, BDK NRW, Fachverband f\u00fcr Kunstp\u00e4dagogik 9.50 \u2013 10.15 Uhr Einf\u00fchrung Prof. Dr. Sara Horn\u00e4k (Siegen) Anders Denken und Handeln &#8211; Inklusionsaspekte [&hellip;]","og_url":"https:\/\/didaktik-der-bildenden-kuenste.de\/kpt2018\/programm\/","og_site_name":"Kunstp\u00e4dagogischer Tag 2018 I K\u00fcnstlerisches Handeln zwischen Kooperation, Differenzierung, Partizipation und Individualisierung","article_modified_time":"2020-10-07T18:24:13+00:00","twitter_card":"summary_large_image","twitter_misc":{"Gesch\u00e4tzte Lesezeit":"1\u00a0Minute"},"schema":{"@context":"https:\/\/schema.org","@graph":[{"@type":"WebPage","@id":"https:\/\/didaktik-der-bildenden-kuenste.de\/kpt2018\/programm\/","url":"https:\/\/didaktik-der-bildenden-kuenste.de\/kpt2018\/programm\/","name":"Programm - Kunstp\u00e4dagogischer Tag 2018 I K\u00fcnstlerisches Handeln zwischen Kooperation, Differenzierung, Partizipation und Individualisierung","isPartOf":{"@id":"http:\/\/didaktik-der-bildenden-kuenste.de\/kpt2018\/#website"},"datePublished":"2018-04-25T09:25:45+00:00","dateModified":"2020-10-07T18:24:13+00:00","breadcrumb":{"@id":"https:\/\/didaktik-der-bildenden-kuenste.de\/kpt2018\/programm\/#breadcrumb"},"inLanguage":"de","potentialAction":[{"@type":"ReadAction","target":["https:\/\/didaktik-der-bildenden-kuenste.de\/kpt2018\/programm\/"]}]},{"@type":"BreadcrumbList","@id":"https:\/\/didaktik-der-bildenden-kuenste.de\/kpt2018\/programm\/#breadcrumb","itemListElement":[{"@type":"ListItem","position":1,"name":"Home","item":"http:\/\/didaktik-der-bildenden-kuenste.de\/kpt2018\/"},{"@type":"ListItem","position":2,"name":"Programm"}]},{"@type":"WebSite","@id":"http:\/\/didaktik-der-bildenden-kuenste.de\/kpt2018\/#website","url":"http:\/\/didaktik-der-bildenden-kuenste.de\/kpt2018\/","name":"Kunstp\u00e4dagogischer Tag 2018 I K\u00fcnstlerisches Handeln zwischen Kooperation, Differenzierung, Partizipation und Individualisierung","description":"Eine weitere Didaktik der bildenden K\u00fcnste Websites Website","potentialAction":[{"@type":"SearchAction","target":{"@type":"EntryPoint","urlTemplate":"http:\/\/didaktik-der-bildenden-kuenste.de\/kpt2018\/?s={search_term_string}"},"query-input":{"@type":"PropertyValueSpecification","valueRequired":true,"valueName":"search_term_string"}}],"inLanguage":"de"}]}},"_links":{"self":[{"href":"https:\/\/didaktik-der-bildenden-kuenste.de\/kpt2018\/wp-json\/wp\/v2\/pages\/49","targetHints":{"allow":["GET"]}}],"collection":[{"href":"https:\/\/didaktik-der-bildenden-kuenste.de\/kpt2018\/wp-json\/wp\/v2\/pages"}],"about":[{"href":"https:\/\/didaktik-der-bildenden-kuenste.de\/kpt2018\/wp-json\/wp\/v2\/types\/page"}],"author":[{"embeddable":true,"href":"https:\/\/didaktik-der-bildenden-kuenste.de\/kpt2018\/wp-json\/wp\/v2\/users\/1"}],"replies":[{"embeddable":true,"href":"https:\/\/didaktik-der-bildenden-kuenste.de\/kpt2018\/wp-json\/wp\/v2\/comments?post=49"}],"version-history":[{"count":16,"href":"https:\/\/didaktik-der-bildenden-kuenste.de\/kpt2018\/wp-json\/wp\/v2\/pages\/49\/revisions"}],"predecessor-version":[{"id":693,"href":"https:\/\/didaktik-der-bildenden-kuenste.de\/kpt2018\/wp-json\/wp\/v2\/pages\/49\/revisions\/693"}],"wp:attachment":[{"href":"https:\/\/didaktik-der-bildenden-kuenste.de\/kpt2018\/wp-json\/wp\/v2\/media?parent=49"}],"curies":[{"name":"wp","href":"https:\/\/api.w.org\/{rel}","templated":true}]}}