{"id":615,"date":"2020-06-30T11:09:07","date_gmt":"2020-06-30T09:09:07","guid":{"rendered":"http:\/\/blogs.uni-siegen.de\/kpt2018\/?page_id=615"},"modified":"2020-10-07T19:26:27","modified_gmt":"2020-10-07T17:26:27","slug":"publikation","status":"publish","type":"page","link":"https:\/\/didaktik-der-bildenden-kuenste.de\/kpt2018\/publikation\/","title":{"rendered":"Publikation"},"content":{"rendered":"<p><img loading=\"lazy\" decoding=\"async\" class=\"alignnone size-full wp-image-616\" src=\"http:\/\/blogs.uni-siegen.de\/kpt2018\/files\/2020\/06\/In_der_Praxis.jpg\" alt=\"\" width=\"400\" height=\"564\"><\/p>\n<p>K\u00fcnstlerische Handlungsprozesse stehen in diesem Tagungsband im Zentrum der \u00dcberlegungen zur Inklusion. In den vorgestellten k\u00fcnstlerischen Praktiken werden inklusive Settings des kooperativen Lernens am gemeinsamen Gegenstand und M\u00f6glichkeiten innerer Differenzierung sowie unterschiedlicher individueller Zug\u00e4nge entwickelt und diskutiert. Die Autorinnen untersuchen in den Beitr\u00e4gen, inwiefern sich ein Kunstunterricht, in dem Sch\u00fclerinnen in heterogenen Gruppen bildnerisch arbeiten, eignet, Vielfalt als Chance zu begreifen. Gefragt wird dabei nach M\u00f6glichkeiten kunstp\u00e4dagogischen und k\u00fcnstlerischen Handelns, subjektorientierte und individualisierte Lehr- und Lernprozesse zu initiieren, die differenzierend und gemeinschaftsstiftend zugleich agieren, um zur gesellschaftliche Anerkennung von Diversit\u00e4t beizutragen und Teilhabe, Chancengleichheit und Bildungsgerechtigkeit zu verwirklichen. Den k\u00fcnstlerischen F\u00e4chern kommt dabei eine besondere Bedeutung zu, da \u00e4sthetisches Denken und Handeln im Spannungsfeld unterschiedlicher Erkenntnisformen und Erfahrungsbereiche verortet ist und verschiedenartige Weltzug\u00e4nge nicht nur m\u00f6glich, sondern notwendig sind. Die vorgestellten Projekte zeigen insofern Wege zu einem inklusiven Schulsystem auf, als Formen der Differenzierung und der individuellen F\u00f6rderung innerhalb \u00e4sthetischer Bildungsprozesse realisiert werden. Aus der Praxis heraus wird das besondere Potential inklusiver Kunstp\u00e4dagogik beispielhaft erprobt und reflektiert.<\/p>\n","protected":false},"excerpt":{"rendered":"<p>K\u00fcnstlerische Handlungsprozesse stehen in diesem Tagungsband im Zentrum der \u00dcberlegungen zur Inklusion. In den vorgestellten k\u00fcnstlerischen Praktiken werden inklusive Settings des kooperativen Lernens am gemeinsamen Gegenstand und M\u00f6glichkeiten innerer Differenzierung sowie unterschiedlicher individueller Zug\u00e4nge entwickelt und diskutiert. Die Autorinnen untersuchen in den Beitr\u00e4gen, inwiefern sich ein Kunstunterricht, in dem Sch\u00fclerinnen in heterogenen Gruppen bildnerisch arbeiten, [&hellip;]<\/p>\n","protected":false},"author":1,"featured_media":0,"parent":0,"menu_order":0,"comment_status":"closed","ping_status":"closed","template":"page-templates\/full-width.php","meta":{"footnotes":""},"class_list":["post-615","page","type-page","status-publish","hentry"],"yoast_head":"<!-- This site is optimized with the Yoast SEO plugin v26.8 - https:\/\/yoast.com\/product\/yoast-seo-wordpress\/ -->\n<title>Publikation - Kunstp\u00e4dagogischer Tag 2018 I K\u00fcnstlerisches Handeln zwischen Kooperation, Differenzierung, Partizipation und Individualisierung<\/title>\n<meta name=\"robots\" content=\"index, follow, max-snippet:-1, max-image-preview:large, max-video-preview:-1\" \/>\n<link rel=\"canonical\" href=\"https:\/\/didaktik-der-bildenden-kuenste.de\/kpt2018\/publikation\/\" \/>\n<meta property=\"og:locale\" content=\"de_DE\" \/>\n<meta property=\"og:type\" content=\"article\" \/>\n<meta property=\"og:title\" content=\"Publikation - Kunstp\u00e4dagogischer Tag 2018 I K\u00fcnstlerisches Handeln zwischen Kooperation, Differenzierung, Partizipation und Individualisierung\" \/>\n<meta property=\"og:description\" content=\"K\u00fcnstlerische Handlungsprozesse stehen in diesem Tagungsband im Zentrum der \u00dcberlegungen zur Inklusion. In den vorgestellten k\u00fcnstlerischen Praktiken werden inklusive Settings des kooperativen Lernens am gemeinsamen Gegenstand und M\u00f6glichkeiten innerer Differenzierung sowie unterschiedlicher individueller Zug\u00e4nge entwickelt und diskutiert. Die Autorinnen untersuchen in den Beitr\u00e4gen, inwiefern sich ein Kunstunterricht, in dem Sch\u00fclerinnen in heterogenen Gruppen bildnerisch arbeiten, [&hellip;]\" \/>\n<meta property=\"og:url\" content=\"https:\/\/didaktik-der-bildenden-kuenste.de\/kpt2018\/publikation\/\" \/>\n<meta property=\"og:site_name\" content=\"Kunstp\u00e4dagogischer Tag 2018 I K\u00fcnstlerisches Handeln zwischen Kooperation, Differenzierung, Partizipation und Individualisierung\" \/>\n<meta property=\"article:modified_time\" content=\"2020-10-07T17:26:27+00:00\" \/>\n<meta property=\"og:image\" content=\"http:\/\/blogs.uni-siegen.de\/kpt2018\/files\/2020\/06\/In_der_Praxis.jpg\" \/>\n<meta name=\"twitter:card\" content=\"summary_large_image\" \/>\n<meta name=\"twitter:label1\" content=\"Gesch\u00e4tzte Lesezeit\" \/>\n\t<meta name=\"twitter:data1\" content=\"1\u00a0Minute\" \/>\n<script type=\"application\/ld+json\" class=\"yoast-schema-graph\">{\"@context\":\"https:\/\/schema.org\",\"@graph\":[{\"@type\":\"WebPage\",\"@id\":\"https:\/\/didaktik-der-bildenden-kuenste.de\/kpt2018\/publikation\/\",\"url\":\"https:\/\/didaktik-der-bildenden-kuenste.de\/kpt2018\/publikation\/\",\"name\":\"Publikation - Kunstp\u00e4dagogischer Tag 2018 I K\u00fcnstlerisches Handeln zwischen Kooperation, Differenzierung, Partizipation und Individualisierung\",\"isPartOf\":{\"@id\":\"http:\/\/didaktik-der-bildenden-kuenste.de\/kpt2018\/#website\"},\"primaryImageOfPage\":{\"@id\":\"https:\/\/didaktik-der-bildenden-kuenste.de\/kpt2018\/publikation\/#primaryimage\"},\"image\":{\"@id\":\"https:\/\/didaktik-der-bildenden-kuenste.de\/kpt2018\/publikation\/#primaryimage\"},\"thumbnailUrl\":\"http:\/\/blogs.uni-siegen.de\/kpt2018\/files\/2020\/06\/In_der_Praxis.jpg\",\"datePublished\":\"2020-06-30T09:09:07+00:00\",\"dateModified\":\"2020-10-07T17:26:27+00:00\",\"breadcrumb\":{\"@id\":\"https:\/\/didaktik-der-bildenden-kuenste.de\/kpt2018\/publikation\/#breadcrumb\"},\"inLanguage\":\"de\",\"potentialAction\":[{\"@type\":\"ReadAction\",\"target\":[\"https:\/\/didaktik-der-bildenden-kuenste.de\/kpt2018\/publikation\/\"]}]},{\"@type\":\"ImageObject\",\"inLanguage\":\"de\",\"@id\":\"https:\/\/didaktik-der-bildenden-kuenste.de\/kpt2018\/publikation\/#primaryimage\",\"url\":\"http:\/\/blogs.uni-siegen.de\/kpt2018\/files\/2020\/06\/In_der_Praxis.jpg\",\"contentUrl\":\"http:\/\/blogs.uni-siegen.de\/kpt2018\/files\/2020\/06\/In_der_Praxis.jpg\"},{\"@type\":\"BreadcrumbList\",\"@id\":\"https:\/\/didaktik-der-bildenden-kuenste.de\/kpt2018\/publikation\/#breadcrumb\",\"itemListElement\":[{\"@type\":\"ListItem\",\"position\":1,\"name\":\"Home\",\"item\":\"http:\/\/didaktik-der-bildenden-kuenste.de\/kpt2018\/\"},{\"@type\":\"ListItem\",\"position\":2,\"name\":\"Publikation\"}]},{\"@type\":\"WebSite\",\"@id\":\"http:\/\/didaktik-der-bildenden-kuenste.de\/kpt2018\/#website\",\"url\":\"http:\/\/didaktik-der-bildenden-kuenste.de\/kpt2018\/\",\"name\":\"Kunstp\u00e4dagogischer Tag 2018 I K\u00fcnstlerisches Handeln zwischen Kooperation, Differenzierung, Partizipation und Individualisierung\",\"description\":\"Eine weitere Didaktik der bildenden K\u00fcnste Websites Website\",\"potentialAction\":[{\"@type\":\"SearchAction\",\"target\":{\"@type\":\"EntryPoint\",\"urlTemplate\":\"http:\/\/didaktik-der-bildenden-kuenste.de\/kpt2018\/?s={search_term_string}\"},\"query-input\":{\"@type\":\"PropertyValueSpecification\",\"valueRequired\":true,\"valueName\":\"search_term_string\"}}],\"inLanguage\":\"de\"}]}<\/script>\n<!-- \/ Yoast SEO plugin. -->","yoast_head_json":{"title":"Publikation - Kunstp\u00e4dagogischer Tag 2018 I K\u00fcnstlerisches Handeln zwischen Kooperation, Differenzierung, Partizipation und Individualisierung","robots":{"index":"index","follow":"follow","max-snippet":"max-snippet:-1","max-image-preview":"max-image-preview:large","max-video-preview":"max-video-preview:-1"},"canonical":"https:\/\/didaktik-der-bildenden-kuenste.de\/kpt2018\/publikation\/","og_locale":"de_DE","og_type":"article","og_title":"Publikation - Kunstp\u00e4dagogischer Tag 2018 I K\u00fcnstlerisches Handeln zwischen Kooperation, Differenzierung, Partizipation und Individualisierung","og_description":"K\u00fcnstlerische Handlungsprozesse stehen in diesem Tagungsband im Zentrum der \u00dcberlegungen zur Inklusion. In den vorgestellten k\u00fcnstlerischen Praktiken werden inklusive Settings des kooperativen Lernens am gemeinsamen Gegenstand und M\u00f6glichkeiten innerer Differenzierung sowie unterschiedlicher individueller Zug\u00e4nge entwickelt und diskutiert. Die Autorinnen untersuchen in den Beitr\u00e4gen, inwiefern sich ein Kunstunterricht, in dem Sch\u00fclerinnen in heterogenen Gruppen bildnerisch arbeiten, [&hellip;]","og_url":"https:\/\/didaktik-der-bildenden-kuenste.de\/kpt2018\/publikation\/","og_site_name":"Kunstp\u00e4dagogischer Tag 2018 I K\u00fcnstlerisches Handeln zwischen Kooperation, Differenzierung, Partizipation und Individualisierung","article_modified_time":"2020-10-07T17:26:27+00:00","og_image":[{"url":"http:\/\/blogs.uni-siegen.de\/kpt2018\/files\/2020\/06\/In_der_Praxis.jpg","type":"","width":"","height":""}],"twitter_card":"summary_large_image","twitter_misc":{"Gesch\u00e4tzte Lesezeit":"1\u00a0Minute"},"schema":{"@context":"https:\/\/schema.org","@graph":[{"@type":"WebPage","@id":"https:\/\/didaktik-der-bildenden-kuenste.de\/kpt2018\/publikation\/","url":"https:\/\/didaktik-der-bildenden-kuenste.de\/kpt2018\/publikation\/","name":"Publikation - Kunstp\u00e4dagogischer Tag 2018 I K\u00fcnstlerisches Handeln zwischen Kooperation, Differenzierung, Partizipation und Individualisierung","isPartOf":{"@id":"http:\/\/didaktik-der-bildenden-kuenste.de\/kpt2018\/#website"},"primaryImageOfPage":{"@id":"https:\/\/didaktik-der-bildenden-kuenste.de\/kpt2018\/publikation\/#primaryimage"},"image":{"@id":"https:\/\/didaktik-der-bildenden-kuenste.de\/kpt2018\/publikation\/#primaryimage"},"thumbnailUrl":"http:\/\/blogs.uni-siegen.de\/kpt2018\/files\/2020\/06\/In_der_Praxis.jpg","datePublished":"2020-06-30T09:09:07+00:00","dateModified":"2020-10-07T17:26:27+00:00","breadcrumb":{"@id":"https:\/\/didaktik-der-bildenden-kuenste.de\/kpt2018\/publikation\/#breadcrumb"},"inLanguage":"de","potentialAction":[{"@type":"ReadAction","target":["https:\/\/didaktik-der-bildenden-kuenste.de\/kpt2018\/publikation\/"]}]},{"@type":"ImageObject","inLanguage":"de","@id":"https:\/\/didaktik-der-bildenden-kuenste.de\/kpt2018\/publikation\/#primaryimage","url":"http:\/\/blogs.uni-siegen.de\/kpt2018\/files\/2020\/06\/In_der_Praxis.jpg","contentUrl":"http:\/\/blogs.uni-siegen.de\/kpt2018\/files\/2020\/06\/In_der_Praxis.jpg"},{"@type":"BreadcrumbList","@id":"https:\/\/didaktik-der-bildenden-kuenste.de\/kpt2018\/publikation\/#breadcrumb","itemListElement":[{"@type":"ListItem","position":1,"name":"Home","item":"http:\/\/didaktik-der-bildenden-kuenste.de\/kpt2018\/"},{"@type":"ListItem","position":2,"name":"Publikation"}]},{"@type":"WebSite","@id":"http:\/\/didaktik-der-bildenden-kuenste.de\/kpt2018\/#website","url":"http:\/\/didaktik-der-bildenden-kuenste.de\/kpt2018\/","name":"Kunstp\u00e4dagogischer Tag 2018 I K\u00fcnstlerisches Handeln zwischen Kooperation, Differenzierung, Partizipation und Individualisierung","description":"Eine weitere Didaktik der bildenden K\u00fcnste Websites Website","potentialAction":[{"@type":"SearchAction","target":{"@type":"EntryPoint","urlTemplate":"http:\/\/didaktik-der-bildenden-kuenste.de\/kpt2018\/?s={search_term_string}"},"query-input":{"@type":"PropertyValueSpecification","valueRequired":true,"valueName":"search_term_string"}}],"inLanguage":"de"}]}},"_links":{"self":[{"href":"https:\/\/didaktik-der-bildenden-kuenste.de\/kpt2018\/wp-json\/wp\/v2\/pages\/615","targetHints":{"allow":["GET"]}}],"collection":[{"href":"https:\/\/didaktik-der-bildenden-kuenste.de\/kpt2018\/wp-json\/wp\/v2\/pages"}],"about":[{"href":"https:\/\/didaktik-der-bildenden-kuenste.de\/kpt2018\/wp-json\/wp\/v2\/types\/page"}],"author":[{"embeddable":true,"href":"https:\/\/didaktik-der-bildenden-kuenste.de\/kpt2018\/wp-json\/wp\/v2\/users\/1"}],"replies":[{"embeddable":true,"href":"https:\/\/didaktik-der-bildenden-kuenste.de\/kpt2018\/wp-json\/wp\/v2\/comments?post=615"}],"version-history":[{"count":1,"href":"https:\/\/didaktik-der-bildenden-kuenste.de\/kpt2018\/wp-json\/wp\/v2\/pages\/615\/revisions"}],"predecessor-version":[{"id":645,"href":"https:\/\/didaktik-der-bildenden-kuenste.de\/kpt2018\/wp-json\/wp\/v2\/pages\/615\/revisions\/645"}],"wp:attachment":[{"href":"https:\/\/didaktik-der-bildenden-kuenste.de\/kpt2018\/wp-json\/wp\/v2\/media?parent=615"}],"curies":[{"name":"wp","href":"https:\/\/api.w.org\/{rel}","templated":true}]}}