{"id":210,"date":"2018-10-05T11:22:08","date_gmt":"2018-10-05T09:22:08","guid":{"rendered":"http:\/\/blogs.uni-siegen.de\/kunstpaedagogik-und\/?page_id=210"},"modified":"2021-04-12T22:19:25","modified_gmt":"2021-04-12T20:19:25","slug":"axel-buether","status":"publish","type":"page","link":"https:\/\/didaktik-der-bildenden-kuenste.de\/kunstpaedagogik-und\/abstracts\/axel-buether\/","title":{"rendered":"AXEL BUETHER"},"content":{"rendered":"\n<p>PROF. DR. AXEL BUETHER<br>Universit\u00e4t Wuppertal<\/p>\n\n\n\n<h4 class=\"wp-block-heading\"><strong>KUNSTP\u00c4DAGOGIK UND ANGEWANDTE K\u00dcNSTE<br><\/strong><strong>Wie wird der Kunstunterricht zu einem Kernfach moderner Gesellschaften?<\/strong><\/h4>\n\n\n\n<figure class=\"wp-block-video\"><video controls src=\"http:\/\/didaktik-der-bildenden-kuenste.de\/kunstpaedagogik-und\/wp-content\/uploads\/sites\/2\/2021\/04\/Kunstp%C3%A4dagogik_6_Buether.mp4\"><\/video><\/figure>\n\n\n\n<p>Warum muss das&nbsp;Schulfach Kunst um seinen Stellenwert in den Bildungssystemen Europas k\u00e4mpfen?&nbsp;Wir sprechen von einer&nbsp;Zeiterscheinung, die sich nicht nur in Deutschland, sondern in allen&nbsp;Mitgliedsstaaten der EU an fehlender Akzeptanz und schrumpfenden&nbsp;Bildungsanteilen bemerkbar macht.&nbsp;Nach Einsch\u00e4tzungen der OECD und der Europ\u00e4ischen Kommission, die im Rahmen&nbsp;der PISA Studie mit weitreichenden Folgen f\u00fcr die Bildungspraxis der L\u00e4nder&nbsp;getroffen wurden, besitzt Kunst nicht den gleichen Stellenwert f\u00fcr die&nbsp;erfolgreiche Partizipation des Menschen in modernen Gesellschaften wie die&nbsp;Kerndisziplinen Mathematik, Sprachen und Naturwissenschaften.&nbsp;Die Anforderungen an die Allgemeinbildung kommender Generationen werden heute von&nbsp;den Kr\u00e4ften der Globalisierung und&nbsp;\u00d6konomisierung aller Lebensbereiche der&nbsp;Gesellschaft gepr\u00e4gt. Das allgemeinbildende Schulfach Kunst wird davon nicht&nbsp;ausgenommen, weshalb ich mich in meinem Vortrag auf die erhebliche Bedeutung&nbsp;von Kernthemen k\u00fcnstlerischer Bildung wie Kreativit\u00e4t, Probleml\u00f6sen und Visuelle Kommunikation in den gesellschaftlichen Handlungsfeldern Architektur&nbsp;und&nbsp;Design konzentrieren m\u00f6chte, deren&nbsp;Vermittlung&nbsp;f\u00fcr den Erfolg von Individuen in modernen Gesellschaften unverzichtbar ist.<\/p>\n\n\n\n<p>_____________________________<\/p>\n\n\n\n<p>AXEL BUETHER,&nbsp;Prof. Dr.,&nbsp; ist seit 2012 Professor f\u00fcr die \u201eDidaktik der Visuellen Kommunikation\u201c im Fachbereich \u201eDesign und Kunst\u201c an der Bergischen Universit\u00e4t Wuppertal. Vorsitzender der Arbeitsgruppe \u201eDigitalisierung und Mediendidaktik in der Lehrerbildung im \u201eGemeinsamen Studienausschuss\u201c. 2006 &#8211; 2012 Professor \u201eK\u00fcnstlerisch-gestalterische Grundlagen Farbe Licht Raum\u201c an der Burg Giebichenstein Kunsthochschule Halle. 2012 Ruf auf die Pro\u00adfes\u00adsur \u201eWahr\u00adneh\u00admungs\u00adpsy\u00adcho\u00adlo\u00adgie und Krea\u00adti\u00advi\u00adt\u00e4t\u201c Hoch\u00adschule Han\u00adno\u00adver. 2013 Ruf auf die Pro\u00adfes\u00adsur \u201eGestal\u00adtung und Gestal\u00adtungs\u00adtheo\u00adrie\u201c Uni\u00adver\u00adsi\u00adt\u00e4t Sie\u00adgen. Pro\u00admo\u00adtion \u201eSemiotik des Anschauungsraums &#8211; Neurobiologische Grundlagen f\u00fcr die methodische F\u00f6rderung der anschaulichen Wahrnehmung, Vorstellung und Darstellung im Gestaltungs- und Kommunikationsprozess.\u201c an der Uni\u00adver\u00adsi\u00adt\u00e4t Stutt\u00adgart I 1999 \u2013 2005 WMA Lehrstuhl \u201e Entwerfen Wohn- und Sozialbauten\u201c an der Brandenburgisch Technischen Universit\u00e4t Cottbus. Studium und Praxis Architektur. Handwerksberuf Steinmetz und Steinbildhauer<\/p>\n\n\n\n<p><a href=\"http:\/\/www.axelbuether.de\">www.axelbuether.de<\/a><br><a href=\"http:\/\/www.colour.education\">www.colour.education<\/a><br><a href=\"http:\/\/www.digitalisierung.education\">www.digitalisierung.education<\/a><\/p>\n","protected":false},"excerpt":{"rendered":"<p>PROF. DR. AXEL BUETHERUniversit\u00e4t Wuppertal KUNSTP\u00c4DAGOGIK UND ANGEWANDTE K\u00dcNSTEWie wird der Kunstunterricht zu einem Kernfach moderner Gesellschaften? Warum muss das&nbsp;Schulfach Kunst um seinen Stellenwert in den Bildungssystemen Europas k\u00e4mpfen?&nbsp;Wir sprechen von einer&nbsp;Zeiterscheinung, die sich nicht nur in Deutschland, sondern in allen&nbsp;Mitgliedsstaaten der EU an fehlender Akzeptanz und schrumpfenden&nbsp;Bildungsanteilen bemerkbar macht.&nbsp;Nach Einsch\u00e4tzungen der OECD und der [&hellip;]<\/p>\n","protected":false},"author":1,"featured_media":0,"parent":49,"menu_order":6,"comment_status":"closed","ping_status":"closed","template":"page-templates\/full-width.php","meta":{"footnotes":""},"class_list":["post-210","page","type-page","status-publish","hentry"],"yoast_head":"<!-- This site is optimized with the Yoast SEO plugin v26.8 - https:\/\/yoast.com\/product\/yoast-seo-wordpress\/ -->\n<title>AXEL BUETHER - Kunstp\u00e4dagogik und ...<\/title>\n<meta name=\"robots\" content=\"index, follow, max-snippet:-1, max-image-preview:large, max-video-preview:-1\" \/>\n<link rel=\"canonical\" href=\"https:\/\/didaktik-der-bildenden-kuenste.de\/kunstpaedagogik-und\/abstracts\/axel-buether\/\" \/>\n<meta property=\"og:locale\" content=\"de_DE\" \/>\n<meta property=\"og:type\" content=\"article\" \/>\n<meta property=\"og:title\" content=\"AXEL BUETHER - Kunstp\u00e4dagogik und ...\" \/>\n<meta property=\"og:description\" content=\"PROF. DR. AXEL BUETHERUniversit\u00e4t Wuppertal KUNSTP\u00c4DAGOGIK UND ANGEWANDTE K\u00dcNSTEWie wird der Kunstunterricht zu einem Kernfach moderner Gesellschaften? Warum muss das&nbsp;Schulfach Kunst um seinen Stellenwert in den Bildungssystemen Europas k\u00e4mpfen?&nbsp;Wir sprechen von einer&nbsp;Zeiterscheinung, die sich nicht nur in Deutschland, sondern in allen&nbsp;Mitgliedsstaaten der EU an fehlender Akzeptanz und schrumpfenden&nbsp;Bildungsanteilen bemerkbar macht.&nbsp;Nach Einsch\u00e4tzungen der OECD und der [&hellip;]\" \/>\n<meta property=\"og:url\" content=\"https:\/\/didaktik-der-bildenden-kuenste.de\/kunstpaedagogik-und\/abstracts\/axel-buether\/\" \/>\n<meta property=\"og:site_name\" content=\"Kunstp\u00e4dagogik und ...\" \/>\n<meta property=\"article:modified_time\" content=\"2021-04-12T20:19:25+00:00\" \/>\n<meta name=\"twitter:card\" content=\"summary_large_image\" \/>\n<meta name=\"twitter:label1\" content=\"Gesch\u00e4tzte Lesezeit\" \/>\n\t<meta name=\"twitter:data1\" content=\"2\u00a0Minuten\" \/>\n<script type=\"application\/ld+json\" class=\"yoast-schema-graph\">{\"@context\":\"https:\/\/schema.org\",\"@graph\":[{\"@type\":\"WebPage\",\"@id\":\"https:\/\/didaktik-der-bildenden-kuenste.de\/kunstpaedagogik-und\/abstracts\/axel-buether\/\",\"url\":\"https:\/\/didaktik-der-bildenden-kuenste.de\/kunstpaedagogik-und\/abstracts\/axel-buether\/\",\"name\":\"AXEL BUETHER - Kunstp\u00e4dagogik und ...\",\"isPartOf\":{\"@id\":\"http:\/\/didaktik-der-bildenden-kuenste.de\/kunstpaedagogik-und\/#website\"},\"datePublished\":\"2018-10-05T09:22:08+00:00\",\"dateModified\":\"2021-04-12T20:19:25+00:00\",\"breadcrumb\":{\"@id\":\"https:\/\/didaktik-der-bildenden-kuenste.de\/kunstpaedagogik-und\/abstracts\/axel-buether\/#breadcrumb\"},\"inLanguage\":\"de\",\"potentialAction\":[{\"@type\":\"ReadAction\",\"target\":[\"https:\/\/didaktik-der-bildenden-kuenste.de\/kunstpaedagogik-und\/abstracts\/axel-buether\/\"]}]},{\"@type\":\"BreadcrumbList\",\"@id\":\"https:\/\/didaktik-der-bildenden-kuenste.de\/kunstpaedagogik-und\/abstracts\/axel-buether\/#breadcrumb\",\"itemListElement\":[{\"@type\":\"ListItem\",\"position\":1,\"name\":\"Home\",\"item\":\"http:\/\/didaktik-der-bildenden-kuenste.de\/kunstpaedagogik-und\/\"},{\"@type\":\"ListItem\",\"position\":2,\"name\":\"VORTR\u00c4GE\",\"item\":\"http:\/\/didaktik-der-bildenden-kuenste.de\/kunstpaedagogik-und\/abstracts\/\"},{\"@type\":\"ListItem\",\"position\":3,\"name\":\"AXEL BUETHER\"}]},{\"@type\":\"WebSite\",\"@id\":\"http:\/\/didaktik-der-bildenden-kuenste.de\/kunstpaedagogik-und\/#website\",\"url\":\"http:\/\/didaktik-der-bildenden-kuenste.de\/kunstpaedagogik-und\/\",\"name\":\"Kunstp\u00e4dagogik und ...\",\"description\":\"Eine weitere Didaktik der bildenden K\u00fcnste Websites Website\",\"potentialAction\":[{\"@type\":\"SearchAction\",\"target\":{\"@type\":\"EntryPoint\",\"urlTemplate\":\"http:\/\/didaktik-der-bildenden-kuenste.de\/kunstpaedagogik-und\/?s={search_term_string}\"},\"query-input\":{\"@type\":\"PropertyValueSpecification\",\"valueRequired\":true,\"valueName\":\"search_term_string\"}}],\"inLanguage\":\"de\"}]}<\/script>\n<!-- \/ Yoast SEO plugin. -->","yoast_head_json":{"title":"AXEL BUETHER - Kunstp\u00e4dagogik und ...","robots":{"index":"index","follow":"follow","max-snippet":"max-snippet:-1","max-image-preview":"max-image-preview:large","max-video-preview":"max-video-preview:-1"},"canonical":"https:\/\/didaktik-der-bildenden-kuenste.de\/kunstpaedagogik-und\/abstracts\/axel-buether\/","og_locale":"de_DE","og_type":"article","og_title":"AXEL BUETHER - Kunstp\u00e4dagogik und ...","og_description":"PROF. DR. AXEL BUETHERUniversit\u00e4t Wuppertal KUNSTP\u00c4DAGOGIK UND ANGEWANDTE K\u00dcNSTEWie wird der Kunstunterricht zu einem Kernfach moderner Gesellschaften? Warum muss das&nbsp;Schulfach Kunst um seinen Stellenwert in den Bildungssystemen Europas k\u00e4mpfen?&nbsp;Wir sprechen von einer&nbsp;Zeiterscheinung, die sich nicht nur in Deutschland, sondern in allen&nbsp;Mitgliedsstaaten der EU an fehlender Akzeptanz und schrumpfenden&nbsp;Bildungsanteilen bemerkbar macht.&nbsp;Nach Einsch\u00e4tzungen der OECD und der [&hellip;]","og_url":"https:\/\/didaktik-der-bildenden-kuenste.de\/kunstpaedagogik-und\/abstracts\/axel-buether\/","og_site_name":"Kunstp\u00e4dagogik und ...","article_modified_time":"2021-04-12T20:19:25+00:00","twitter_card":"summary_large_image","twitter_misc":{"Gesch\u00e4tzte Lesezeit":"2\u00a0Minuten"},"schema":{"@context":"https:\/\/schema.org","@graph":[{"@type":"WebPage","@id":"https:\/\/didaktik-der-bildenden-kuenste.de\/kunstpaedagogik-und\/abstracts\/axel-buether\/","url":"https:\/\/didaktik-der-bildenden-kuenste.de\/kunstpaedagogik-und\/abstracts\/axel-buether\/","name":"AXEL BUETHER - Kunstp\u00e4dagogik und ...","isPartOf":{"@id":"http:\/\/didaktik-der-bildenden-kuenste.de\/kunstpaedagogik-und\/#website"},"datePublished":"2018-10-05T09:22:08+00:00","dateModified":"2021-04-12T20:19:25+00:00","breadcrumb":{"@id":"https:\/\/didaktik-der-bildenden-kuenste.de\/kunstpaedagogik-und\/abstracts\/axel-buether\/#breadcrumb"},"inLanguage":"de","potentialAction":[{"@type":"ReadAction","target":["https:\/\/didaktik-der-bildenden-kuenste.de\/kunstpaedagogik-und\/abstracts\/axel-buether\/"]}]},{"@type":"BreadcrumbList","@id":"https:\/\/didaktik-der-bildenden-kuenste.de\/kunstpaedagogik-und\/abstracts\/axel-buether\/#breadcrumb","itemListElement":[{"@type":"ListItem","position":1,"name":"Home","item":"http:\/\/didaktik-der-bildenden-kuenste.de\/kunstpaedagogik-und\/"},{"@type":"ListItem","position":2,"name":"VORTR\u00c4GE","item":"http:\/\/didaktik-der-bildenden-kuenste.de\/kunstpaedagogik-und\/abstracts\/"},{"@type":"ListItem","position":3,"name":"AXEL BUETHER"}]},{"@type":"WebSite","@id":"http:\/\/didaktik-der-bildenden-kuenste.de\/kunstpaedagogik-und\/#website","url":"http:\/\/didaktik-der-bildenden-kuenste.de\/kunstpaedagogik-und\/","name":"Kunstp\u00e4dagogik und ...","description":"Eine weitere Didaktik der bildenden K\u00fcnste Websites Website","potentialAction":[{"@type":"SearchAction","target":{"@type":"EntryPoint","urlTemplate":"http:\/\/didaktik-der-bildenden-kuenste.de\/kunstpaedagogik-und\/?s={search_term_string}"},"query-input":{"@type":"PropertyValueSpecification","valueRequired":true,"valueName":"search_term_string"}}],"inLanguage":"de"}]}},"_links":{"self":[{"href":"https:\/\/didaktik-der-bildenden-kuenste.de\/kunstpaedagogik-und\/wp-json\/wp\/v2\/pages\/210","targetHints":{"allow":["GET"]}}],"collection":[{"href":"https:\/\/didaktik-der-bildenden-kuenste.de\/kunstpaedagogik-und\/wp-json\/wp\/v2\/pages"}],"about":[{"href":"https:\/\/didaktik-der-bildenden-kuenste.de\/kunstpaedagogik-und\/wp-json\/wp\/v2\/types\/page"}],"author":[{"embeddable":true,"href":"https:\/\/didaktik-der-bildenden-kuenste.de\/kunstpaedagogik-und\/wp-json\/wp\/v2\/users\/1"}],"replies":[{"embeddable":true,"href":"https:\/\/didaktik-der-bildenden-kuenste.de\/kunstpaedagogik-und\/wp-json\/wp\/v2\/comments?post=210"}],"version-history":[{"count":1,"href":"https:\/\/didaktik-der-bildenden-kuenste.de\/kunstpaedagogik-und\/wp-json\/wp\/v2\/pages\/210\/revisions"}],"predecessor-version":[{"id":622,"href":"https:\/\/didaktik-der-bildenden-kuenste.de\/kunstpaedagogik-und\/wp-json\/wp\/v2\/pages\/210\/revisions\/622"}],"up":[{"embeddable":true,"href":"https:\/\/didaktik-der-bildenden-kuenste.de\/kunstpaedagogik-und\/wp-json\/wp\/v2\/pages\/49"}],"wp:attachment":[{"href":"https:\/\/didaktik-der-bildenden-kuenste.de\/kunstpaedagogik-und\/wp-json\/wp\/v2\/media?parent=210"}],"curies":[{"name":"wp","href":"https:\/\/api.w.org\/{rel}","templated":true}]}}