{"id":248,"date":"2018-10-14T13:52:47","date_gmt":"2018-10-14T11:52:47","guid":{"rendered":"http:\/\/blogs.uni-siegen.de\/kunstpaedagogik-und\/?page_id=248"},"modified":"2018-10-14T13:52:47","modified_gmt":"2018-10-14T11:52:47","slug":"notburga-karl","status":"publish","type":"page","link":"https:\/\/didaktik-der-bildenden-kuenste.de\/kunstpaedagogik-und\/abstracts\/notburga-karl\/","title":{"rendered":"NOTBURGA KARL"},"content":{"rendered":"<p>NOTBURGA KARL<br \/>\nUniversit\u00e4t Bamberg<\/p>\n<h4>KUNSTP\u00c4DAGOGIK UND KUNSTPRAXIS<\/h4>\n<h4>Zwischen Praxis und Didaktik<\/h4>\n<p><img loading=\"lazy\" decoding=\"async\" class=\"alignnone size-full wp-image-322\" src=\"http:\/\/blogs.uni-siegen.de\/kunstpaedagogik-und\/files\/2019\/01\/N_Karl_neu.jpg\" alt=\"\" width=\"960\" height=\"219\" srcset=\"https:\/\/didaktik-der-bildenden-kuenste.de\/kunstpaedagogik-und\/wp-content\/uploads\/sites\/2\/2019\/01\/N_Karl_neu.jpg 960w, https:\/\/didaktik-der-bildenden-kuenste.de\/kunstpaedagogik-und\/wp-content\/uploads\/sites\/2\/2019\/01\/N_Karl_neu-300x68.jpg 300w, https:\/\/didaktik-der-bildenden-kuenste.de\/kunstpaedagogik-und\/wp-content\/uploads\/sites\/2\/2019\/01\/N_Karl_neu-768x175.jpg 768w, https:\/\/didaktik-der-bildenden-kuenste.de\/kunstpaedagogik-und\/wp-content\/uploads\/sites\/2\/2019\/01\/N_Karl_neu-500x114.jpg 500w\" sizes=\"auto, (max-width: 960px) 100vw, 960px\" \/><\/p>\n<p>Was professionsbedingt oft zusammengedacht wird, m\u00f6chte ich zun\u00e4chst einzeln betrachten: Kunst \u2013 als autonome Praxis meines Denkens, F\u00fchlens und Handelns, mit ihrer eigenen Geschichte \u2013 und die Didaktik der Kunst: die Anleitung zu und mit und \u00fcber Kunst als meine Gabe f\u00fcr andere (ebenfalls mit ihrer eigenen Geschichte). Beides ist sch\u00f6n, macht aber viel Arbeit. Dabei soll mir das Eine jeweils zur Kontrastfolie des Anderen werden: Die Arbeit im Atelier zeigt, wie k\u00fcnstlich die Situation des angeleiteten Lernens sein kann, wie vorbestimmt und unhinterfragt Inhalte gefasst sein k\u00f6nnen, wie wenig Zeit zur Reife vorgesehen ist. Umgekehrt zeigt die Didaktik der Kunst, wie kurzlebig Diskurse \u2013 auch der Kunst \u2013 sein k\u00f6nnen, was passiert, wenn Autopoesis verwechselt wird mit Egoismus \u2013 als elit\u00e4re abgeschottete Subkultur, ihre Kurzlebigkeit und Gefr\u00e4\u00dfigkeit, die Relativit\u00e4t von kreativem Chaos. Sie zeigt, was in der Kunst verdeckt, weil vermeintlich selbstverst\u00e4ndlich ist: Wie sich Selbstwirksamkeit anf\u00fchlt, aber auch, welche \u00d6konomisierungsstrategien von Zeit, Raum und Ressourcen den Elan austreiben.<\/p>\n<p>Von Aby Warburg bis Didi-Hubermann gilt der Zwischenraum als Ort der Erkenntnis. Diesen gilt es auszuloten. Welche Einsichten und Anregungen gewinne ich zwischen k\u00fcnstlersicher Praxis und Didaktik? Dazu operiere ich mit eigenen \u00e4sthetischen Versuchsanordnungen und Fremdbeobachtung und will mir selbst ein Fallbeispiel sein.<\/p>\n","protected":false},"excerpt":{"rendered":"<p>NOTBURGA KARL Universit\u00e4t Bamberg KUNSTP\u00c4DAGOGIK UND KUNSTPRAXIS Zwischen Praxis und Didaktik Was professionsbedingt oft zusammengedacht wird, m\u00f6chte ich zun\u00e4chst einzeln betrachten: Kunst \u2013 als autonome Praxis meines Denkens, F\u00fchlens und Handelns, mit ihrer eigenen Geschichte \u2013 und die Didaktik der Kunst: die Anleitung zu und mit und \u00fcber Kunst als meine Gabe f\u00fcr andere (ebenfalls [&hellip;]<\/p>\n","protected":false},"author":1,"featured_media":0,"parent":49,"menu_order":3,"comment_status":"closed","ping_status":"closed","template":"page-templates\/full-width.php","meta":{"footnotes":""},"class_list":["post-248","page","type-page","status-publish","hentry"],"yoast_head":"<!-- This site is optimized with the Yoast SEO plugin v26.8 - https:\/\/yoast.com\/product\/yoast-seo-wordpress\/ -->\n<title>NOTBURGA KARL - Kunstp\u00e4dagogik und ...<\/title>\n<meta name=\"robots\" content=\"index, follow, max-snippet:-1, max-image-preview:large, max-video-preview:-1\" \/>\n<link rel=\"canonical\" href=\"https:\/\/didaktik-der-bildenden-kuenste.de\/kunstpaedagogik-und\/abstracts\/notburga-karl\/\" \/>\n<meta property=\"og:locale\" content=\"de_DE\" \/>\n<meta property=\"og:type\" content=\"article\" \/>\n<meta property=\"og:title\" content=\"NOTBURGA KARL - Kunstp\u00e4dagogik und ...\" \/>\n<meta property=\"og:description\" content=\"NOTBURGA KARL Universit\u00e4t Bamberg KUNSTP\u00c4DAGOGIK UND KUNSTPRAXIS Zwischen Praxis und Didaktik Was professionsbedingt oft zusammengedacht wird, m\u00f6chte ich zun\u00e4chst einzeln betrachten: Kunst \u2013 als autonome Praxis meines Denkens, F\u00fchlens und Handelns, mit ihrer eigenen Geschichte \u2013 und die Didaktik der Kunst: die Anleitung zu und mit und \u00fcber Kunst als meine Gabe f\u00fcr andere (ebenfalls [&hellip;]\" \/>\n<meta property=\"og:url\" content=\"https:\/\/didaktik-der-bildenden-kuenste.de\/kunstpaedagogik-und\/abstracts\/notburga-karl\/\" \/>\n<meta property=\"og:site_name\" content=\"Kunstp\u00e4dagogik und ...\" \/>\n<meta property=\"og:image\" content=\"http:\/\/blogs.uni-siegen.de\/kunstpaedagogik-und\/files\/2019\/01\/N_Karl_neu.jpg\" \/>\n<meta name=\"twitter:card\" content=\"summary_large_image\" \/>\n<meta name=\"twitter:label1\" content=\"Gesch\u00e4tzte Lesezeit\" \/>\n\t<meta name=\"twitter:data1\" content=\"1\u00a0Minute\" \/>\n<script type=\"application\/ld+json\" class=\"yoast-schema-graph\">{\"@context\":\"https:\/\/schema.org\",\"@graph\":[{\"@type\":\"WebPage\",\"@id\":\"https:\/\/didaktik-der-bildenden-kuenste.de\/kunstpaedagogik-und\/abstracts\/notburga-karl\/\",\"url\":\"https:\/\/didaktik-der-bildenden-kuenste.de\/kunstpaedagogik-und\/abstracts\/notburga-karl\/\",\"name\":\"NOTBURGA KARL - Kunstp\u00e4dagogik und ...\",\"isPartOf\":{\"@id\":\"http:\/\/didaktik-der-bildenden-kuenste.de\/kunstpaedagogik-und\/#website\"},\"primaryImageOfPage\":{\"@id\":\"https:\/\/didaktik-der-bildenden-kuenste.de\/kunstpaedagogik-und\/abstracts\/notburga-karl\/#primaryimage\"},\"image\":{\"@id\":\"https:\/\/didaktik-der-bildenden-kuenste.de\/kunstpaedagogik-und\/abstracts\/notburga-karl\/#primaryimage\"},\"thumbnailUrl\":\"http:\/\/blogs.uni-siegen.de\/kunstpaedagogik-und\/files\/2019\/01\/N_Karl_neu.jpg\",\"datePublished\":\"2018-10-14T11:52:47+00:00\",\"breadcrumb\":{\"@id\":\"https:\/\/didaktik-der-bildenden-kuenste.de\/kunstpaedagogik-und\/abstracts\/notburga-karl\/#breadcrumb\"},\"inLanguage\":\"de\",\"potentialAction\":[{\"@type\":\"ReadAction\",\"target\":[\"https:\/\/didaktik-der-bildenden-kuenste.de\/kunstpaedagogik-und\/abstracts\/notburga-karl\/\"]}]},{\"@type\":\"ImageObject\",\"inLanguage\":\"de\",\"@id\":\"https:\/\/didaktik-der-bildenden-kuenste.de\/kunstpaedagogik-und\/abstracts\/notburga-karl\/#primaryimage\",\"url\":\"http:\/\/blogs.uni-siegen.de\/kunstpaedagogik-und\/files\/2019\/01\/N_Karl_neu.jpg\",\"contentUrl\":\"http:\/\/blogs.uni-siegen.de\/kunstpaedagogik-und\/files\/2019\/01\/N_Karl_neu.jpg\"},{\"@type\":\"BreadcrumbList\",\"@id\":\"https:\/\/didaktik-der-bildenden-kuenste.de\/kunstpaedagogik-und\/abstracts\/notburga-karl\/#breadcrumb\",\"itemListElement\":[{\"@type\":\"ListItem\",\"position\":1,\"name\":\"Home\",\"item\":\"http:\/\/didaktik-der-bildenden-kuenste.de\/kunstpaedagogik-und\/\"},{\"@type\":\"ListItem\",\"position\":2,\"name\":\"VORTR\u00c4GE\",\"item\":\"http:\/\/didaktik-der-bildenden-kuenste.de\/kunstpaedagogik-und\/abstracts\/\"},{\"@type\":\"ListItem\",\"position\":3,\"name\":\"NOTBURGA KARL\"}]},{\"@type\":\"WebSite\",\"@id\":\"http:\/\/didaktik-der-bildenden-kuenste.de\/kunstpaedagogik-und\/#website\",\"url\":\"http:\/\/didaktik-der-bildenden-kuenste.de\/kunstpaedagogik-und\/\",\"name\":\"Kunstp\u00e4dagogik und ...\",\"description\":\"Eine weitere Didaktik der bildenden K\u00fcnste Websites Website\",\"potentialAction\":[{\"@type\":\"SearchAction\",\"target\":{\"@type\":\"EntryPoint\",\"urlTemplate\":\"http:\/\/didaktik-der-bildenden-kuenste.de\/kunstpaedagogik-und\/?s={search_term_string}\"},\"query-input\":{\"@type\":\"PropertyValueSpecification\",\"valueRequired\":true,\"valueName\":\"search_term_string\"}}],\"inLanguage\":\"de\"}]}<\/script>\n<!-- \/ Yoast SEO plugin. -->","yoast_head_json":{"title":"NOTBURGA KARL - Kunstp\u00e4dagogik und ...","robots":{"index":"index","follow":"follow","max-snippet":"max-snippet:-1","max-image-preview":"max-image-preview:large","max-video-preview":"max-video-preview:-1"},"canonical":"https:\/\/didaktik-der-bildenden-kuenste.de\/kunstpaedagogik-und\/abstracts\/notburga-karl\/","og_locale":"de_DE","og_type":"article","og_title":"NOTBURGA KARL - Kunstp\u00e4dagogik und ...","og_description":"NOTBURGA KARL Universit\u00e4t Bamberg KUNSTP\u00c4DAGOGIK UND KUNSTPRAXIS Zwischen Praxis und Didaktik Was professionsbedingt oft zusammengedacht wird, m\u00f6chte ich zun\u00e4chst einzeln betrachten: Kunst \u2013 als autonome Praxis meines Denkens, F\u00fchlens und Handelns, mit ihrer eigenen Geschichte \u2013 und die Didaktik der Kunst: die Anleitung zu und mit und \u00fcber Kunst als meine Gabe f\u00fcr andere (ebenfalls [&hellip;]","og_url":"https:\/\/didaktik-der-bildenden-kuenste.de\/kunstpaedagogik-und\/abstracts\/notburga-karl\/","og_site_name":"Kunstp\u00e4dagogik und ...","og_image":[{"url":"http:\/\/blogs.uni-siegen.de\/kunstpaedagogik-und\/files\/2019\/01\/N_Karl_neu.jpg","type":"","width":"","height":""}],"twitter_card":"summary_large_image","twitter_misc":{"Gesch\u00e4tzte Lesezeit":"1\u00a0Minute"},"schema":{"@context":"https:\/\/schema.org","@graph":[{"@type":"WebPage","@id":"https:\/\/didaktik-der-bildenden-kuenste.de\/kunstpaedagogik-und\/abstracts\/notburga-karl\/","url":"https:\/\/didaktik-der-bildenden-kuenste.de\/kunstpaedagogik-und\/abstracts\/notburga-karl\/","name":"NOTBURGA KARL - Kunstp\u00e4dagogik und ...","isPartOf":{"@id":"http:\/\/didaktik-der-bildenden-kuenste.de\/kunstpaedagogik-und\/#website"},"primaryImageOfPage":{"@id":"https:\/\/didaktik-der-bildenden-kuenste.de\/kunstpaedagogik-und\/abstracts\/notburga-karl\/#primaryimage"},"image":{"@id":"https:\/\/didaktik-der-bildenden-kuenste.de\/kunstpaedagogik-und\/abstracts\/notburga-karl\/#primaryimage"},"thumbnailUrl":"http:\/\/blogs.uni-siegen.de\/kunstpaedagogik-und\/files\/2019\/01\/N_Karl_neu.jpg","datePublished":"2018-10-14T11:52:47+00:00","breadcrumb":{"@id":"https:\/\/didaktik-der-bildenden-kuenste.de\/kunstpaedagogik-und\/abstracts\/notburga-karl\/#breadcrumb"},"inLanguage":"de","potentialAction":[{"@type":"ReadAction","target":["https:\/\/didaktik-der-bildenden-kuenste.de\/kunstpaedagogik-und\/abstracts\/notburga-karl\/"]}]},{"@type":"ImageObject","inLanguage":"de","@id":"https:\/\/didaktik-der-bildenden-kuenste.de\/kunstpaedagogik-und\/abstracts\/notburga-karl\/#primaryimage","url":"http:\/\/blogs.uni-siegen.de\/kunstpaedagogik-und\/files\/2019\/01\/N_Karl_neu.jpg","contentUrl":"http:\/\/blogs.uni-siegen.de\/kunstpaedagogik-und\/files\/2019\/01\/N_Karl_neu.jpg"},{"@type":"BreadcrumbList","@id":"https:\/\/didaktik-der-bildenden-kuenste.de\/kunstpaedagogik-und\/abstracts\/notburga-karl\/#breadcrumb","itemListElement":[{"@type":"ListItem","position":1,"name":"Home","item":"http:\/\/didaktik-der-bildenden-kuenste.de\/kunstpaedagogik-und\/"},{"@type":"ListItem","position":2,"name":"VORTR\u00c4GE","item":"http:\/\/didaktik-der-bildenden-kuenste.de\/kunstpaedagogik-und\/abstracts\/"},{"@type":"ListItem","position":3,"name":"NOTBURGA KARL"}]},{"@type":"WebSite","@id":"http:\/\/didaktik-der-bildenden-kuenste.de\/kunstpaedagogik-und\/#website","url":"http:\/\/didaktik-der-bildenden-kuenste.de\/kunstpaedagogik-und\/","name":"Kunstp\u00e4dagogik und ...","description":"Eine weitere Didaktik der bildenden K\u00fcnste Websites Website","potentialAction":[{"@type":"SearchAction","target":{"@type":"EntryPoint","urlTemplate":"http:\/\/didaktik-der-bildenden-kuenste.de\/kunstpaedagogik-und\/?s={search_term_string}"},"query-input":{"@type":"PropertyValueSpecification","valueRequired":true,"valueName":"search_term_string"}}],"inLanguage":"de"}]}},"_links":{"self":[{"href":"https:\/\/didaktik-der-bildenden-kuenste.de\/kunstpaedagogik-und\/wp-json\/wp\/v2\/pages\/248","targetHints":{"allow":["GET"]}}],"collection":[{"href":"https:\/\/didaktik-der-bildenden-kuenste.de\/kunstpaedagogik-und\/wp-json\/wp\/v2\/pages"}],"about":[{"href":"https:\/\/didaktik-der-bildenden-kuenste.de\/kunstpaedagogik-und\/wp-json\/wp\/v2\/types\/page"}],"author":[{"embeddable":true,"href":"https:\/\/didaktik-der-bildenden-kuenste.de\/kunstpaedagogik-und\/wp-json\/wp\/v2\/users\/1"}],"replies":[{"embeddable":true,"href":"https:\/\/didaktik-der-bildenden-kuenste.de\/kunstpaedagogik-und\/wp-json\/wp\/v2\/comments?post=248"}],"version-history":[{"count":0,"href":"https:\/\/didaktik-der-bildenden-kuenste.de\/kunstpaedagogik-und\/wp-json\/wp\/v2\/pages\/248\/revisions"}],"up":[{"embeddable":true,"href":"https:\/\/didaktik-der-bildenden-kuenste.de\/kunstpaedagogik-und\/wp-json\/wp\/v2\/pages\/49"}],"wp:attachment":[{"href":"https:\/\/didaktik-der-bildenden-kuenste.de\/kunstpaedagogik-und\/wp-json\/wp\/v2\/media?parent=248"}],"curies":[{"name":"wp","href":"https:\/\/api.w.org\/{rel}","templated":true}]}}