{"id":265,"date":"2018-11-09T08:57:00","date_gmt":"2018-11-09T07:57:00","guid":{"rendered":"http:\/\/blogs.uni-siegen.de\/kunstpaedagogik-und\/?page_id=265"},"modified":"2022-02-11T10:29:42","modified_gmt":"2022-02-11T09:29:42","slug":"konzept","status":"publish","type":"page","link":"https:\/\/didaktik-der-bildenden-kuenste.de\/kunstpaedagogik-und\/","title":{"rendered":"KONZEPT"},"content":{"rendered":"<h4>&#8230; <a href=\"http:\/\/didaktik-der-bildenden-kuenste.de\/kunstpaedagogik-und\/abstracts\/mario-urlass\/\">SCHULPRAXIS \u00a0<\/a> I\u00a0\u00a0 <a href=\"http:\/\/didaktik-der-bildenden-kuenste.de\/kunstpaedagogik-und\/abstracts\/mirjam-schaub\/\">PHILOSOPHIE\u00a0<\/a>\u00a0 I\u00a0\u00a0 <a href=\"http:\/\/didaktik-der-bildenden-kuenste.de\/kunstpaedagogik-und\/abstracts\/notburga-karl\/\">KUNSTPRAXIS \u00a0<\/a> I \u00a0 <a href=\"http:\/\/didaktik-der-bildenden-kuenste.de\/kunstpaedagogik-und\/abstracts\/sabiene-autsch\/\">KUNSTGESCHICHTE \u00a0 <\/a>I\u00a0\u00a0 <a href=\"http:\/\/didaktik-der-bildenden-kuenste.de\/kunstpaedagogik-und\/abstracts\/kerstin-hallmann\/\">KUNSTVERMITTLUNG<\/a>\u00a0\u00a0 I\u00a0\u00a0 <a href=\"http:\/\/didaktik-der-bildenden-kuenste.de\/kunstpaedagogik-und\/abstracts\/axel-buether\/\">ANGEWANDTE K\u00dcNSTE\u00a0<\/a>\u00a0 I\u00a0 <a href=\"http:\/\/didaktik-der-bildenden-kuenste.de\/kunstpaedagogik-und\/abstracts\/christina-griebel\/\">POETIK<\/a>\u00a0 I\u00a0 <a href=\"http:\/\/didaktik-der-bildenden-kuenste.de\/kunstpaedagogik-und\/abstracts\/stefan-lausch\/\">GESTALTUNGSLEHRE<\/a>\u00a0 I\u00a0 <a href=\"http:\/\/didaktik-der-bildenden-kuenste.de\/kunstpaedagogik-und\/abstracts\/tanja-wetzel\/\">BILDUNGSWISSENSCHAFTEN\u00a0<\/a> I <a href=\"http:\/\/didaktik-der-bildenden-kuenste.de\/kunstpaedagogik-und\/abstracts\/christine-biehler\/\">K\u00dcNSTLERISCHE AKTION<\/a>\u00a0 I\u00a0 <a href=\"http:\/\/didaktik-der-bildenden-kuenste.de\/kunstpaedagogik-und\/abstracts\/ansgar-schnurr\/\">POLITISCHE BILDUNG<\/a>\u00a0 I\u00a0 <a href=\"http:\/\/didaktik-der-bildenden-kuenste.de\/kunstpaedagogik-und\/abstracts\/monique-breuer\/\">PERFORMATIVE K\u00dcNSTE<\/a><\/h4>\n<h4><\/h4>\n<h4>BEZUGSFELDER UND PERSPEKTIVEN KUNSTP\u00c4DAGOGISCHER THEORIE UND PRAXIS<\/h4>\n<p>Ausgehend von der \u00dcberlegung, dass die Kunstp\u00e4dagogik durch ein enges Verh\u00e4ltnis zu Kunstpraxis und Kunstwissenschaft, zu Philosophie und \u00c4sthetik, zum schulischen und au\u00dferschulischen Unterricht, zur P\u00e4dagogik, zur kulturellen Bildung und Kunstvermittlung gekennzeichnet ist, werden wir ihre Beziehung zu den genannten Feldern in der geplanten Vortrags- und Diskussionsreihe ausloten. Bilden die Bezugsfelder eine Grundlage oder Perspektivierung der Kunstp\u00e4dagogik oder stehen sie in einem dialogischen Verh\u00e4ltnis zu ihr, in dem beide Disziplinen voneinander lernen k\u00f6nnen? Oft handelt es sich um ungekl\u00e4rte oder schwierige Beziehungen, um Grenz\u00fcberschreitungen, territoriale Abgrenzungen oder aber um das Entstehen des einen aus dem anderen, d.h. um Wechselseitigkeit.<\/p>\n<p>Anstatt die Kunstp\u00e4dagogik zu definieren und einzugrenzen, versuchen wir, sie durch \u00dcberschneidungen zu anderen Disziplinen zu konturieren. Die transdisziplin\u00e4ren Aspekte und Schnittstellen machen das Spezifische des Faches Kunstp\u00e4dagogik aus. Erst die Ber\u00fchrungspunkte lassen Inhalte und Formen entstehen, aus denen heraus sich didaktische Fragestellungen ergeben.<\/p>\n<p>Eine Vortragsreihe im Wintersemester 2018\/19 bildete den Auftakt zu einer fortlaufenden Reihe von Gastvortr\u00e4gen der Kunstp\u00e4dagogik zu weiteren k\u00fcnstlerischen und wissenschaftlichen Bezugsfeldern. Die an der Universit\u00e4t Siegen begonnene Reihe wird an der Kunstakademie D\u00fcsseldorf fortgef\u00fchrt.<\/p>\n<p style=\"text-align: right;\">Prof. Dr. Sara Horn\u00e4k, Dr. Susanne Henning<\/p>\n<p><a href=\"http:\/\/blogs.uni-siegen.de\/kunstpaedagogik-und\/aktuelles-programm\/\"><b>FORTSETZUNG DER VORTRAGSREIHE IM WS 2019\/20<\/b><\/a><\/p>\n<p>IM SIEGERLANDKOLLEG, MITTWOCHS 10.15 \u2013 11.45 UHR, SK 207,<br \/>\nUNIVERSIT\u00c4T SIEGEN, ADOLF-REICHWEIN-STRASSE 2, 57076 SIEGEN<\/p>\n<p><img loading=\"lazy\" decoding=\"async\" class=\"alignnone size-full wp-image-510\" src=\"http:\/\/blogs.uni-siegen.de\/kunstpaedagogik-und\/files\/2019\/10\/PlakatWS19_20a.jpg\" alt=\"\" width=\"7016\" height=\"9933\" \/><\/p>\n<p><strong><a href=\"http:\/\/blogs.uni-siegen.de\/kunstpaedagogik-und\/archiv\/sommersemester-2019-2\/\">VORTRAGSREIHE IM SS 2019<\/a><\/strong><\/p>\n<p><img loading=\"lazy\" decoding=\"async\" class=\"alignnone size-full wp-image-438\" src=\"http:\/\/blogs.uni-siegen.de\/kunstpaedagogik-und\/files\/2019\/04\/ringvorlesung_finalfinalBeschnitt_04_04_19.jpg\" alt=\"\" width=\"3489\" height=\"4954\" \/><\/p>\n<p>_____________________________<\/p>\n<h4><\/h4>\n<h4>VORTRAGSREIHE IM WS 2018\/19<\/h4>\n<p>IM BRAUHAUS, MITTWOCHS 10.15 &#8211; 11.45 UHR, BH 202,<br \/>\nUNIVERSIT\u00c4T SIEGEN, ZUM WILDGEHEGE 25, 57076 SIEGEN<\/p>\n<p><img loading=\"lazy\" decoding=\"async\" class=\"alignnone size-full wp-image-175\" src=\"http:\/\/blogs.uni-siegen.de\/kunstpaedagogik-und\/files\/2018\/09\/Unbenannt-12.jpg\" alt=\"\" width=\"1684\" height=\"2384\" srcset=\"https:\/\/didaktik-der-bildenden-kuenste.de\/kunstpaedagogik-und\/wp-content\/uploads\/sites\/2\/2018\/09\/Unbenannt-12.jpg 1684w, https:\/\/didaktik-der-bildenden-kuenste.de\/kunstpaedagogik-und\/wp-content\/uploads\/sites\/2\/2018\/09\/Unbenannt-12-212x300.jpg 212w, https:\/\/didaktik-der-bildenden-kuenste.de\/kunstpaedagogik-und\/wp-content\/uploads\/sites\/2\/2018\/09\/Unbenannt-12-723x1024.jpg 723w, https:\/\/didaktik-der-bildenden-kuenste.de\/kunstpaedagogik-und\/wp-content\/uploads\/sites\/2\/2018\/09\/Unbenannt-12-768x1087.jpg 768w, https:\/\/didaktik-der-bildenden-kuenste.de\/kunstpaedagogik-und\/wp-content\/uploads\/sites\/2\/2018\/09\/Unbenannt-12-1085x1536.jpg 1085w, https:\/\/didaktik-der-bildenden-kuenste.de\/kunstpaedagogik-und\/wp-content\/uploads\/sites\/2\/2018\/09\/Unbenannt-12-1447x2048.jpg 1447w\" sizes=\"auto, (max-width: 1684px) 100vw, 1684px\" \/><\/p>\n","protected":false},"excerpt":{"rendered":"<p>&#8230; SCHULPRAXIS \u00a0 I\u00a0\u00a0 PHILOSOPHIE\u00a0\u00a0 I\u00a0\u00a0 KUNSTPRAXIS \u00a0 I \u00a0 KUNSTGESCHICHTE \u00a0 I\u00a0\u00a0 KUNSTVERMITTLUNG\u00a0\u00a0 I\u00a0\u00a0 ANGEWANDTE K\u00dcNSTE\u00a0\u00a0 I\u00a0 POETIK\u00a0 I\u00a0 GESTALTUNGSLEHRE\u00a0 I\u00a0 BILDUNGSWISSENSCHAFTEN\u00a0 I K\u00dcNSTLERISCHE AKTION\u00a0 I\u00a0 POLITISCHE BILDUNG\u00a0 I\u00a0 PERFORMATIVE K\u00dcNSTE BEZUGSFELDER UND PERSPEKTIVEN KUNSTP\u00c4DAGOGISCHER THEORIE UND PRAXIS Ausgehend von der \u00dcberlegung, dass die Kunstp\u00e4dagogik durch ein enges Verh\u00e4ltnis zu Kunstpraxis und Kunstwissenschaft, zu [&hellip;]<\/p>\n","protected":false},"author":1,"featured_media":0,"parent":0,"menu_order":0,"comment_status":"closed","ping_status":"closed","template":"page-templates\/full-width.php","meta":{"footnotes":""},"class_list":["post-265","page","type-page","status-publish","hentry"],"yoast_head":"<!-- This site is optimized with the Yoast SEO plugin v26.8 - https:\/\/yoast.com\/product\/yoast-seo-wordpress\/ -->\n<title>KONZEPT - Kunstp\u00e4dagogik und ...<\/title>\n<meta name=\"robots\" content=\"index, follow, max-snippet:-1, max-image-preview:large, max-video-preview:-1\" \/>\n<link rel=\"canonical\" href=\"https:\/\/didaktik-der-bildenden-kuenste.de\/kunstpaedagogik-und\/\" \/>\n<meta property=\"og:locale\" content=\"de_DE\" \/>\n<meta property=\"og:type\" content=\"article\" \/>\n<meta property=\"og:title\" content=\"KONZEPT - Kunstp\u00e4dagogik und ...\" \/>\n<meta property=\"og:description\" content=\"&#8230; SCHULPRAXIS \u00a0 I\u00a0\u00a0 PHILOSOPHIE\u00a0\u00a0 I\u00a0\u00a0 KUNSTPRAXIS \u00a0 I \u00a0 KUNSTGESCHICHTE \u00a0 I\u00a0\u00a0 KUNSTVERMITTLUNG\u00a0\u00a0 I\u00a0\u00a0 ANGEWANDTE K\u00dcNSTE\u00a0\u00a0 I\u00a0 POETIK\u00a0 I\u00a0 GESTALTUNGSLEHRE\u00a0 I\u00a0 BILDUNGSWISSENSCHAFTEN\u00a0 I K\u00dcNSTLERISCHE AKTION\u00a0 I\u00a0 POLITISCHE BILDUNG\u00a0 I\u00a0 PERFORMATIVE K\u00dcNSTE BEZUGSFELDER UND PERSPEKTIVEN KUNSTP\u00c4DAGOGISCHER THEORIE UND PRAXIS Ausgehend von der \u00dcberlegung, dass die Kunstp\u00e4dagogik durch ein enges Verh\u00e4ltnis zu Kunstpraxis und Kunstwissenschaft, zu [&hellip;]\" \/>\n<meta property=\"og:url\" content=\"https:\/\/didaktik-der-bildenden-kuenste.de\/kunstpaedagogik-und\/\" \/>\n<meta property=\"og:site_name\" content=\"Kunstp\u00e4dagogik und ...\" \/>\n<meta property=\"article:modified_time\" content=\"2022-02-11T09:29:42+00:00\" \/>\n<meta property=\"og:image\" content=\"http:\/\/blogs.uni-siegen.de\/kunstpaedagogik-und\/files\/2019\/10\/PlakatWS19_20a.jpg\" \/>\n<meta name=\"twitter:card\" content=\"summary_large_image\" \/>\n<meta name=\"twitter:label1\" content=\"Gesch\u00e4tzte Lesezeit\" \/>\n\t<meta name=\"twitter:data1\" content=\"1\u00a0Minute\" \/>\n<script type=\"application\/ld+json\" class=\"yoast-schema-graph\">{\"@context\":\"https:\/\/schema.org\",\"@graph\":[{\"@type\":\"WebPage\",\"@id\":\"https:\/\/didaktik-der-bildenden-kuenste.de\/kunstpaedagogik-und\/\",\"url\":\"https:\/\/didaktik-der-bildenden-kuenste.de\/kunstpaedagogik-und\/\",\"name\":\"KONZEPT - Kunstp\u00e4dagogik und ...\",\"isPartOf\":{\"@id\":\"https:\/\/didaktik-der-bildenden-kuenste.de\/kunstpaedagogik-und\/#website\"},\"primaryImageOfPage\":{\"@id\":\"https:\/\/didaktik-der-bildenden-kuenste.de\/kunstpaedagogik-und\/#primaryimage\"},\"image\":{\"@id\":\"https:\/\/didaktik-der-bildenden-kuenste.de\/kunstpaedagogik-und\/#primaryimage\"},\"thumbnailUrl\":\"http:\/\/blogs.uni-siegen.de\/kunstpaedagogik-und\/files\/2019\/10\/PlakatWS19_20a.jpg\",\"datePublished\":\"2018-11-09T07:57:00+00:00\",\"dateModified\":\"2022-02-11T09:29:42+00:00\",\"breadcrumb\":{\"@id\":\"https:\/\/didaktik-der-bildenden-kuenste.de\/kunstpaedagogik-und\/#breadcrumb\"},\"inLanguage\":\"de\",\"potentialAction\":[{\"@type\":\"ReadAction\",\"target\":[\"https:\/\/didaktik-der-bildenden-kuenste.de\/kunstpaedagogik-und\/\"]}]},{\"@type\":\"ImageObject\",\"inLanguage\":\"de\",\"@id\":\"https:\/\/didaktik-der-bildenden-kuenste.de\/kunstpaedagogik-und\/#primaryimage\",\"url\":\"http:\/\/blogs.uni-siegen.de\/kunstpaedagogik-und\/files\/2019\/10\/PlakatWS19_20a.jpg\",\"contentUrl\":\"http:\/\/blogs.uni-siegen.de\/kunstpaedagogik-und\/files\/2019\/10\/PlakatWS19_20a.jpg\"},{\"@type\":\"BreadcrumbList\",\"@id\":\"https:\/\/didaktik-der-bildenden-kuenste.de\/kunstpaedagogik-und\/#breadcrumb\",\"itemListElement\":[{\"@type\":\"ListItem\",\"position\":1,\"name\":\"Home\",\"item\":\"https:\/\/didaktik-der-bildenden-kuenste.de\/kunstpaedagogik-und\/\"},{\"@type\":\"ListItem\",\"position\":2,\"name\":\"KONZEPT\"}]},{\"@type\":\"WebSite\",\"@id\":\"https:\/\/didaktik-der-bildenden-kuenste.de\/kunstpaedagogik-und\/#website\",\"url\":\"https:\/\/didaktik-der-bildenden-kuenste.de\/kunstpaedagogik-und\/\",\"name\":\"Kunstp\u00e4dagogik und ...\",\"description\":\"Eine weitere Didaktik der bildenden K\u00fcnste Websites Website\",\"potentialAction\":[{\"@type\":\"SearchAction\",\"target\":{\"@type\":\"EntryPoint\",\"urlTemplate\":\"https:\/\/didaktik-der-bildenden-kuenste.de\/kunstpaedagogik-und\/?s={search_term_string}\"},\"query-input\":{\"@type\":\"PropertyValueSpecification\",\"valueRequired\":true,\"valueName\":\"search_term_string\"}}],\"inLanguage\":\"de\"}]}<\/script>\n<!-- \/ Yoast SEO plugin. -->","yoast_head_json":{"title":"KONZEPT - Kunstp\u00e4dagogik und ...","robots":{"index":"index","follow":"follow","max-snippet":"max-snippet:-1","max-image-preview":"max-image-preview:large","max-video-preview":"max-video-preview:-1"},"canonical":"https:\/\/didaktik-der-bildenden-kuenste.de\/kunstpaedagogik-und\/","og_locale":"de_DE","og_type":"article","og_title":"KONZEPT - Kunstp\u00e4dagogik und ...","og_description":"&#8230; SCHULPRAXIS \u00a0 I\u00a0\u00a0 PHILOSOPHIE\u00a0\u00a0 I\u00a0\u00a0 KUNSTPRAXIS \u00a0 I \u00a0 KUNSTGESCHICHTE \u00a0 I\u00a0\u00a0 KUNSTVERMITTLUNG\u00a0\u00a0 I\u00a0\u00a0 ANGEWANDTE K\u00dcNSTE\u00a0\u00a0 I\u00a0 POETIK\u00a0 I\u00a0 GESTALTUNGSLEHRE\u00a0 I\u00a0 BILDUNGSWISSENSCHAFTEN\u00a0 I K\u00dcNSTLERISCHE AKTION\u00a0 I\u00a0 POLITISCHE BILDUNG\u00a0 I\u00a0 PERFORMATIVE K\u00dcNSTE BEZUGSFELDER UND PERSPEKTIVEN KUNSTP\u00c4DAGOGISCHER THEORIE UND PRAXIS Ausgehend von der \u00dcberlegung, dass die Kunstp\u00e4dagogik durch ein enges Verh\u00e4ltnis zu Kunstpraxis und Kunstwissenschaft, zu [&hellip;]","og_url":"https:\/\/didaktik-der-bildenden-kuenste.de\/kunstpaedagogik-und\/","og_site_name":"Kunstp\u00e4dagogik und ...","article_modified_time":"2022-02-11T09:29:42+00:00","og_image":[{"url":"http:\/\/blogs.uni-siegen.de\/kunstpaedagogik-und\/files\/2019\/10\/PlakatWS19_20a.jpg","type":"","width":"","height":""}],"twitter_card":"summary_large_image","twitter_misc":{"Gesch\u00e4tzte Lesezeit":"1\u00a0Minute"},"schema":{"@context":"https:\/\/schema.org","@graph":[{"@type":"WebPage","@id":"https:\/\/didaktik-der-bildenden-kuenste.de\/kunstpaedagogik-und\/","url":"https:\/\/didaktik-der-bildenden-kuenste.de\/kunstpaedagogik-und\/","name":"KONZEPT - Kunstp\u00e4dagogik und ...","isPartOf":{"@id":"https:\/\/didaktik-der-bildenden-kuenste.de\/kunstpaedagogik-und\/#website"},"primaryImageOfPage":{"@id":"https:\/\/didaktik-der-bildenden-kuenste.de\/kunstpaedagogik-und\/#primaryimage"},"image":{"@id":"https:\/\/didaktik-der-bildenden-kuenste.de\/kunstpaedagogik-und\/#primaryimage"},"thumbnailUrl":"http:\/\/blogs.uni-siegen.de\/kunstpaedagogik-und\/files\/2019\/10\/PlakatWS19_20a.jpg","datePublished":"2018-11-09T07:57:00+00:00","dateModified":"2022-02-11T09:29:42+00:00","breadcrumb":{"@id":"https:\/\/didaktik-der-bildenden-kuenste.de\/kunstpaedagogik-und\/#breadcrumb"},"inLanguage":"de","potentialAction":[{"@type":"ReadAction","target":["https:\/\/didaktik-der-bildenden-kuenste.de\/kunstpaedagogik-und\/"]}]},{"@type":"ImageObject","inLanguage":"de","@id":"https:\/\/didaktik-der-bildenden-kuenste.de\/kunstpaedagogik-und\/#primaryimage","url":"http:\/\/blogs.uni-siegen.de\/kunstpaedagogik-und\/files\/2019\/10\/PlakatWS19_20a.jpg","contentUrl":"http:\/\/blogs.uni-siegen.de\/kunstpaedagogik-und\/files\/2019\/10\/PlakatWS19_20a.jpg"},{"@type":"BreadcrumbList","@id":"https:\/\/didaktik-der-bildenden-kuenste.de\/kunstpaedagogik-und\/#breadcrumb","itemListElement":[{"@type":"ListItem","position":1,"name":"Home","item":"https:\/\/didaktik-der-bildenden-kuenste.de\/kunstpaedagogik-und\/"},{"@type":"ListItem","position":2,"name":"KONZEPT"}]},{"@type":"WebSite","@id":"https:\/\/didaktik-der-bildenden-kuenste.de\/kunstpaedagogik-und\/#website","url":"https:\/\/didaktik-der-bildenden-kuenste.de\/kunstpaedagogik-und\/","name":"Kunstp\u00e4dagogik und ...","description":"Eine weitere Didaktik der bildenden K\u00fcnste Websites Website","potentialAction":[{"@type":"SearchAction","target":{"@type":"EntryPoint","urlTemplate":"https:\/\/didaktik-der-bildenden-kuenste.de\/kunstpaedagogik-und\/?s={search_term_string}"},"query-input":{"@type":"PropertyValueSpecification","valueRequired":true,"valueName":"search_term_string"}}],"inLanguage":"de"}]}},"_links":{"self":[{"href":"https:\/\/didaktik-der-bildenden-kuenste.de\/kunstpaedagogik-und\/wp-json\/wp\/v2\/pages\/265","targetHints":{"allow":["GET"]}}],"collection":[{"href":"https:\/\/didaktik-der-bildenden-kuenste.de\/kunstpaedagogik-und\/wp-json\/wp\/v2\/pages"}],"about":[{"href":"https:\/\/didaktik-der-bildenden-kuenste.de\/kunstpaedagogik-und\/wp-json\/wp\/v2\/types\/page"}],"author":[{"embeddable":true,"href":"https:\/\/didaktik-der-bildenden-kuenste.de\/kunstpaedagogik-und\/wp-json\/wp\/v2\/users\/1"}],"replies":[{"embeddable":true,"href":"https:\/\/didaktik-der-bildenden-kuenste.de\/kunstpaedagogik-und\/wp-json\/wp\/v2\/comments?post=265"}],"version-history":[{"count":4,"href":"https:\/\/didaktik-der-bildenden-kuenste.de\/kunstpaedagogik-und\/wp-json\/wp\/v2\/pages\/265\/revisions"}],"predecessor-version":[{"id":654,"href":"https:\/\/didaktik-der-bildenden-kuenste.de\/kunstpaedagogik-und\/wp-json\/wp\/v2\/pages\/265\/revisions\/654"}],"wp:attachment":[{"href":"https:\/\/didaktik-der-bildenden-kuenste.de\/kunstpaedagogik-und\/wp-json\/wp\/v2\/media?parent=265"}],"curies":[{"name":"wp","href":"https:\/\/api.w.org\/{rel}","templated":true}]}}