{"id":333,"date":"2019-03-11T09:05:32","date_gmt":"2019-03-11T08:05:32","guid":{"rendered":"http:\/\/blogs.uni-siegen.de\/kunstpaedagogik-und\/?page_id=333"},"modified":"2022-02-11T10:37:45","modified_gmt":"2022-02-11T09:37:45","slug":"wise-2018-19","status":"publish","type":"page","link":"https:\/\/didaktik-der-bildenden-kuenste.de\/kunstpaedagogik-und\/archiv\/wise-2018-19\/","title":{"rendered":"Wintersemester 2018\/19"},"content":{"rendered":"<h4>Programm Wintersemester 2018\/19<\/h4>\n<h4>KUNSTP\u00c4DAGOGIK UND &#8230;<\/h4>\n<table width=\"907\">\n<tbody>\n<tr>\n<td width=\"212\">\n<h5>31.10.2018<\/h5>\n<\/td>\n<td width=\"695\">\n<h5><strong>&#8230; SCHULPRAXIS<\/strong><\/h5>\n<p>Prof. Mario Urla\u00df (PH Heidelberg)<\/p>\n<p><a href=\"http:\/\/didaktik-der-bildenden-kuenste.de\/kunstpaedagogik-und\/abstracts\/mario-urlass\/\">Zur Praxis k\u00fcnstlerischer Bildung in der Grundschule<\/a><\/p>\n<p>Lernen in Projekten<\/td>\n<\/tr>\n<tr>\n<td width=\"212\">\n<h5>07.11.2018\u00a0 (14.15-15.45)<\/h5>\n<\/td>\n<td width=\"695\">\n<h5><strong>&#8230; PHILOSOPHIE<\/strong><\/h5>\n<p>Prof. Dr. Mirjam Schaub (Burg Giebichenstein, Halle)<\/p>\n<p><a href=\"http:\/\/didaktik-der-bildenden-kuenste.de\/kunstpaedagogik-und\/abstracts\/mirjam-schaub\/\">Der audio-visuelle Kontrakt des Kinos<\/a><\/p>\n<p>A Clockwork Orange und das Ende der \u201eWohlf\u00fchlp\u00e4dagogik\u201c<\/td>\n<\/tr>\n<tr>\n<td width=\"212\">\n<h5>21.11.2018<\/h5>\n<\/td>\n<td width=\"695\">\n<h5><strong>&#8230; KUNSTPRAXIS<\/strong><\/h5>\n<p>Notburga Karl (Universit\u00e4t Bamberg)<\/p>\n<p><a href=\"http:\/\/didaktik-der-bildenden-kuenste.de\/kunstpaedagogik-und\/abstracts\/notburga-karl\/\">Zwischen Praxis und Didaktik<\/a><\/td>\n<\/tr>\n<tr>\n<td width=\"212\">\n<h5>05.12.2018<\/h5>\n<\/td>\n<td width=\"695\">\n<h5><strong>&#8230; KUNSTGESCHICHTE<\/strong><\/h5>\n<p>Prof. Dr. Sabiene Autsch (Universit\u00e4t Paderborn)<\/p>\n<p><a href=\"http:\/\/didaktik-der-bildenden-kuenste.de\/kunstpaedagogik-und\/abstracts\/sabiene-autsch\/\">Die Stadt als Material<\/a> \u2013 City Walks und Talks im Spannungsfeld von<\/p>\n<p>Kunstvermittlung, k\u00fcnstlerischer Praxis und Kunstgeschichte<\/td>\n<\/tr>\n<tr>\n<td width=\"212\">\n<h5>19.12.2018<\/h5>\n<\/td>\n<td width=\"695\">\n<h5><strong>&#8230; KUNSTVERMITTLUNG<\/strong><\/h5>\n<p>Dr. Kerstin Hallmann (Universit\u00e4t L\u00fcneburg \/ Kunstakademie M\u00fcnster)<\/p>\n<p><a href=\"http:\/\/didaktik-der-bildenden-kuenste.de\/kunstpaedagogik-und\/abstracts\/kerstin-hallmann\/\">Vom Eigensinn des K\u00fcnstlerischen und der Bildung im \u00c4sthetischen<\/a><\/td>\n<\/tr>\n<tr>\n<td width=\"212\">\n<h5>16.01.2019<\/h5>\n<\/td>\n<td width=\"695\">\n<h5><strong>&#8230; ANGEWANDTE K\u00dcNSTE<\/strong><\/h5>\n<p>Prof. Dr. Axel Buether (Universit\u00e4t Wuppertal)<\/p>\n<p>Kunstp\u00e4dagogik und die P\u00e4dagogik angewandter K\u00fcnste &#8211; Architektur und Design<\/p>\n<p><a href=\"http:\/\/didaktik-der-bildenden-kuenste.de\/kunstpaedagogik-und\/abstracts\/axel-buether\/\">Wie wird der Kunstunterricht zu einem Kernfach moderner Gesellschaften?<\/a><\/td>\n<\/tr>\n<\/tbody>\n<\/table>\n<p><img loading=\"lazy\" decoding=\"async\" class=\"alignnone size-full wp-image-175\" src=\"http:\/\/blogs.uni-siegen.de\/kunstpaedagogik-und\/files\/2018\/09\/Unbenannt-12.jpg\" alt=\"\" width=\"1684\" height=\"2384\" srcset=\"https:\/\/didaktik-der-bildenden-kuenste.de\/kunstpaedagogik-und\/wp-content\/uploads\/sites\/2\/2018\/09\/Unbenannt-12.jpg 1684w, https:\/\/didaktik-der-bildenden-kuenste.de\/kunstpaedagogik-und\/wp-content\/uploads\/sites\/2\/2018\/09\/Unbenannt-12-212x300.jpg 212w, https:\/\/didaktik-der-bildenden-kuenste.de\/kunstpaedagogik-und\/wp-content\/uploads\/sites\/2\/2018\/09\/Unbenannt-12-723x1024.jpg 723w, https:\/\/didaktik-der-bildenden-kuenste.de\/kunstpaedagogik-und\/wp-content\/uploads\/sites\/2\/2018\/09\/Unbenannt-12-768x1087.jpg 768w, https:\/\/didaktik-der-bildenden-kuenste.de\/kunstpaedagogik-und\/wp-content\/uploads\/sites\/2\/2018\/09\/Unbenannt-12-1085x1536.jpg 1085w, https:\/\/didaktik-der-bildenden-kuenste.de\/kunstpaedagogik-und\/wp-content\/uploads\/sites\/2\/2018\/09\/Unbenannt-12-1447x2048.jpg 1447w\" sizes=\"auto, (max-width: 1684px) 100vw, 1684px\" \/><\/p>\n","protected":false},"excerpt":{"rendered":"<p>Programm Wintersemester 2018\/19 KUNSTP\u00c4DAGOGIK UND &#8230; 31.10.2018 &#8230; SCHULPRAXIS Prof. Mario Urla\u00df (PH Heidelberg) Zur Praxis k\u00fcnstlerischer Bildung in der Grundschule Lernen in Projekten 07.11.2018\u00a0 (14.15-15.45) &#8230; PHILOSOPHIE Prof. Dr. Mirjam Schaub (Burg Giebichenstein, Halle) Der audio-visuelle Kontrakt des Kinos A Clockwork Orange und das Ende der \u201eWohlf\u00fchlp\u00e4dagogik\u201c 21.11.2018 &#8230; KUNSTPRAXIS Notburga Karl (Universit\u00e4t Bamberg) [&hellip;]<\/p>\n","protected":false},"author":1,"featured_media":0,"parent":476,"menu_order":0,"comment_status":"closed","ping_status":"closed","template":"page-templates\/full-width.php","meta":{"footnotes":""},"class_list":["post-333","page","type-page","status-publish","hentry"],"yoast_head":"<!-- This site is optimized with the Yoast SEO plugin v26.8 - https:\/\/yoast.com\/product\/yoast-seo-wordpress\/ -->\n<title>Wintersemester 2018\/19 - Kunstp\u00e4dagogik und ...<\/title>\n<meta name=\"robots\" content=\"index, follow, max-snippet:-1, max-image-preview:large, max-video-preview:-1\" \/>\n<link rel=\"canonical\" href=\"https:\/\/didaktik-der-bildenden-kuenste.de\/kunstpaedagogik-und\/archiv\/wise-2018-19\/\" \/>\n<meta property=\"og:locale\" content=\"de_DE\" \/>\n<meta property=\"og:type\" content=\"article\" \/>\n<meta property=\"og:title\" content=\"Wintersemester 2018\/19 - Kunstp\u00e4dagogik und ...\" \/>\n<meta property=\"og:description\" content=\"Programm Wintersemester 2018\/19 KUNSTP\u00c4DAGOGIK UND &#8230; 31.10.2018 &#8230; SCHULPRAXIS Prof. Mario Urla\u00df (PH Heidelberg) Zur Praxis k\u00fcnstlerischer Bildung in der Grundschule Lernen in Projekten 07.11.2018\u00a0 (14.15-15.45) &#8230; PHILOSOPHIE Prof. Dr. Mirjam Schaub (Burg Giebichenstein, Halle) Der audio-visuelle Kontrakt des Kinos A Clockwork Orange und das Ende der \u201eWohlf\u00fchlp\u00e4dagogik\u201c 21.11.2018 &#8230; KUNSTPRAXIS Notburga Karl (Universit\u00e4t Bamberg) [&hellip;]\" \/>\n<meta property=\"og:url\" content=\"https:\/\/didaktik-der-bildenden-kuenste.de\/kunstpaedagogik-und\/archiv\/wise-2018-19\/\" \/>\n<meta property=\"og:site_name\" content=\"Kunstp\u00e4dagogik und ...\" \/>\n<meta property=\"article:modified_time\" content=\"2022-02-11T09:37:45+00:00\" \/>\n<meta property=\"og:image\" content=\"http:\/\/blogs.uni-siegen.de\/kunstpaedagogik-und\/files\/2018\/09\/Unbenannt-12.jpg\" \/>\n<meta name=\"twitter:card\" content=\"summary_large_image\" \/>\n<meta name=\"twitter:label1\" content=\"Gesch\u00e4tzte Lesezeit\" \/>\n\t<meta name=\"twitter:data1\" content=\"1\u00a0Minute\" \/>\n<script type=\"application\/ld+json\" class=\"yoast-schema-graph\">{\"@context\":\"https:\/\/schema.org\",\"@graph\":[{\"@type\":\"WebPage\",\"@id\":\"https:\/\/didaktik-der-bildenden-kuenste.de\/kunstpaedagogik-und\/archiv\/wise-2018-19\/\",\"url\":\"https:\/\/didaktik-der-bildenden-kuenste.de\/kunstpaedagogik-und\/archiv\/wise-2018-19\/\",\"name\":\"Wintersemester 2018\/19 - Kunstp\u00e4dagogik und ...\",\"isPartOf\":{\"@id\":\"http:\/\/didaktik-der-bildenden-kuenste.de\/kunstpaedagogik-und\/#website\"},\"primaryImageOfPage\":{\"@id\":\"https:\/\/didaktik-der-bildenden-kuenste.de\/kunstpaedagogik-und\/archiv\/wise-2018-19\/#primaryimage\"},\"image\":{\"@id\":\"https:\/\/didaktik-der-bildenden-kuenste.de\/kunstpaedagogik-und\/archiv\/wise-2018-19\/#primaryimage\"},\"thumbnailUrl\":\"http:\/\/blogs.uni-siegen.de\/kunstpaedagogik-und\/files\/2018\/09\/Unbenannt-12.jpg\",\"datePublished\":\"2019-03-11T08:05:32+00:00\",\"dateModified\":\"2022-02-11T09:37:45+00:00\",\"breadcrumb\":{\"@id\":\"https:\/\/didaktik-der-bildenden-kuenste.de\/kunstpaedagogik-und\/archiv\/wise-2018-19\/#breadcrumb\"},\"inLanguage\":\"de\",\"potentialAction\":[{\"@type\":\"ReadAction\",\"target\":[\"https:\/\/didaktik-der-bildenden-kuenste.de\/kunstpaedagogik-und\/archiv\/wise-2018-19\/\"]}]},{\"@type\":\"ImageObject\",\"inLanguage\":\"de\",\"@id\":\"https:\/\/didaktik-der-bildenden-kuenste.de\/kunstpaedagogik-und\/archiv\/wise-2018-19\/#primaryimage\",\"url\":\"http:\/\/blogs.uni-siegen.de\/kunstpaedagogik-und\/files\/2018\/09\/Unbenannt-12.jpg\",\"contentUrl\":\"http:\/\/blogs.uni-siegen.de\/kunstpaedagogik-und\/files\/2018\/09\/Unbenannt-12.jpg\"},{\"@type\":\"BreadcrumbList\",\"@id\":\"https:\/\/didaktik-der-bildenden-kuenste.de\/kunstpaedagogik-und\/archiv\/wise-2018-19\/#breadcrumb\",\"itemListElement\":[{\"@type\":\"ListItem\",\"position\":1,\"name\":\"Home\",\"item\":\"http:\/\/didaktik-der-bildenden-kuenste.de\/kunstpaedagogik-und\/\"},{\"@type\":\"ListItem\",\"position\":2,\"name\":\"Archiv\",\"item\":\"https:\/\/didaktik-der-bildenden-kuenste.de\/kunstpaedagogik-und\/archiv\/\"},{\"@type\":\"ListItem\",\"position\":3,\"name\":\"Wintersemester 2018\/19\"}]},{\"@type\":\"WebSite\",\"@id\":\"http:\/\/didaktik-der-bildenden-kuenste.de\/kunstpaedagogik-und\/#website\",\"url\":\"http:\/\/didaktik-der-bildenden-kuenste.de\/kunstpaedagogik-und\/\",\"name\":\"Kunstp\u00e4dagogik und ...\",\"description\":\"Eine weitere Didaktik der bildenden K\u00fcnste Websites Website\",\"potentialAction\":[{\"@type\":\"SearchAction\",\"target\":{\"@type\":\"EntryPoint\",\"urlTemplate\":\"http:\/\/didaktik-der-bildenden-kuenste.de\/kunstpaedagogik-und\/?s={search_term_string}\"},\"query-input\":{\"@type\":\"PropertyValueSpecification\",\"valueRequired\":true,\"valueName\":\"search_term_string\"}}],\"inLanguage\":\"de\"}]}<\/script>\n<!-- \/ Yoast SEO plugin. -->","yoast_head_json":{"title":"Wintersemester 2018\/19 - Kunstp\u00e4dagogik und ...","robots":{"index":"index","follow":"follow","max-snippet":"max-snippet:-1","max-image-preview":"max-image-preview:large","max-video-preview":"max-video-preview:-1"},"canonical":"https:\/\/didaktik-der-bildenden-kuenste.de\/kunstpaedagogik-und\/archiv\/wise-2018-19\/","og_locale":"de_DE","og_type":"article","og_title":"Wintersemester 2018\/19 - Kunstp\u00e4dagogik und ...","og_description":"Programm Wintersemester 2018\/19 KUNSTP\u00c4DAGOGIK UND &#8230; 31.10.2018 &#8230; SCHULPRAXIS Prof. Mario Urla\u00df (PH Heidelberg) Zur Praxis k\u00fcnstlerischer Bildung in der Grundschule Lernen in Projekten 07.11.2018\u00a0 (14.15-15.45) &#8230; PHILOSOPHIE Prof. Dr. Mirjam Schaub (Burg Giebichenstein, Halle) Der audio-visuelle Kontrakt des Kinos A Clockwork Orange und das Ende der \u201eWohlf\u00fchlp\u00e4dagogik\u201c 21.11.2018 &#8230; KUNSTPRAXIS Notburga Karl (Universit\u00e4t Bamberg) [&hellip;]","og_url":"https:\/\/didaktik-der-bildenden-kuenste.de\/kunstpaedagogik-und\/archiv\/wise-2018-19\/","og_site_name":"Kunstp\u00e4dagogik und ...","article_modified_time":"2022-02-11T09:37:45+00:00","og_image":[{"url":"http:\/\/blogs.uni-siegen.de\/kunstpaedagogik-und\/files\/2018\/09\/Unbenannt-12.jpg","type":"","width":"","height":""}],"twitter_card":"summary_large_image","twitter_misc":{"Gesch\u00e4tzte Lesezeit":"1\u00a0Minute"},"schema":{"@context":"https:\/\/schema.org","@graph":[{"@type":"WebPage","@id":"https:\/\/didaktik-der-bildenden-kuenste.de\/kunstpaedagogik-und\/archiv\/wise-2018-19\/","url":"https:\/\/didaktik-der-bildenden-kuenste.de\/kunstpaedagogik-und\/archiv\/wise-2018-19\/","name":"Wintersemester 2018\/19 - Kunstp\u00e4dagogik und ...","isPartOf":{"@id":"http:\/\/didaktik-der-bildenden-kuenste.de\/kunstpaedagogik-und\/#website"},"primaryImageOfPage":{"@id":"https:\/\/didaktik-der-bildenden-kuenste.de\/kunstpaedagogik-und\/archiv\/wise-2018-19\/#primaryimage"},"image":{"@id":"https:\/\/didaktik-der-bildenden-kuenste.de\/kunstpaedagogik-und\/archiv\/wise-2018-19\/#primaryimage"},"thumbnailUrl":"http:\/\/blogs.uni-siegen.de\/kunstpaedagogik-und\/files\/2018\/09\/Unbenannt-12.jpg","datePublished":"2019-03-11T08:05:32+00:00","dateModified":"2022-02-11T09:37:45+00:00","breadcrumb":{"@id":"https:\/\/didaktik-der-bildenden-kuenste.de\/kunstpaedagogik-und\/archiv\/wise-2018-19\/#breadcrumb"},"inLanguage":"de","potentialAction":[{"@type":"ReadAction","target":["https:\/\/didaktik-der-bildenden-kuenste.de\/kunstpaedagogik-und\/archiv\/wise-2018-19\/"]}]},{"@type":"ImageObject","inLanguage":"de","@id":"https:\/\/didaktik-der-bildenden-kuenste.de\/kunstpaedagogik-und\/archiv\/wise-2018-19\/#primaryimage","url":"http:\/\/blogs.uni-siegen.de\/kunstpaedagogik-und\/files\/2018\/09\/Unbenannt-12.jpg","contentUrl":"http:\/\/blogs.uni-siegen.de\/kunstpaedagogik-und\/files\/2018\/09\/Unbenannt-12.jpg"},{"@type":"BreadcrumbList","@id":"https:\/\/didaktik-der-bildenden-kuenste.de\/kunstpaedagogik-und\/archiv\/wise-2018-19\/#breadcrumb","itemListElement":[{"@type":"ListItem","position":1,"name":"Home","item":"http:\/\/didaktik-der-bildenden-kuenste.de\/kunstpaedagogik-und\/"},{"@type":"ListItem","position":2,"name":"Archiv","item":"https:\/\/didaktik-der-bildenden-kuenste.de\/kunstpaedagogik-und\/archiv\/"},{"@type":"ListItem","position":3,"name":"Wintersemester 2018\/19"}]},{"@type":"WebSite","@id":"http:\/\/didaktik-der-bildenden-kuenste.de\/kunstpaedagogik-und\/#website","url":"http:\/\/didaktik-der-bildenden-kuenste.de\/kunstpaedagogik-und\/","name":"Kunstp\u00e4dagogik und ...","description":"Eine weitere Didaktik der bildenden K\u00fcnste Websites Website","potentialAction":[{"@type":"SearchAction","target":{"@type":"EntryPoint","urlTemplate":"http:\/\/didaktik-der-bildenden-kuenste.de\/kunstpaedagogik-und\/?s={search_term_string}"},"query-input":{"@type":"PropertyValueSpecification","valueRequired":true,"valueName":"search_term_string"}}],"inLanguage":"de"}]}},"_links":{"self":[{"href":"https:\/\/didaktik-der-bildenden-kuenste.de\/kunstpaedagogik-und\/wp-json\/wp\/v2\/pages\/333","targetHints":{"allow":["GET"]}}],"collection":[{"href":"https:\/\/didaktik-der-bildenden-kuenste.de\/kunstpaedagogik-und\/wp-json\/wp\/v2\/pages"}],"about":[{"href":"https:\/\/didaktik-der-bildenden-kuenste.de\/kunstpaedagogik-und\/wp-json\/wp\/v2\/types\/page"}],"author":[{"embeddable":true,"href":"https:\/\/didaktik-der-bildenden-kuenste.de\/kunstpaedagogik-und\/wp-json\/wp\/v2\/users\/1"}],"replies":[{"embeddable":true,"href":"https:\/\/didaktik-der-bildenden-kuenste.de\/kunstpaedagogik-und\/wp-json\/wp\/v2\/comments?post=333"}],"version-history":[{"count":1,"href":"https:\/\/didaktik-der-bildenden-kuenste.de\/kunstpaedagogik-und\/wp-json\/wp\/v2\/pages\/333\/revisions"}],"predecessor-version":[{"id":645,"href":"https:\/\/didaktik-der-bildenden-kuenste.de\/kunstpaedagogik-und\/wp-json\/wp\/v2\/pages\/333\/revisions\/645"}],"up":[{"embeddable":true,"href":"https:\/\/didaktik-der-bildenden-kuenste.de\/kunstpaedagogik-und\/wp-json\/wp\/v2\/pages\/476"}],"wp:attachment":[{"href":"https:\/\/didaktik-der-bildenden-kuenste.de\/kunstpaedagogik-und\/wp-json\/wp\/v2\/media?parent=333"}],"curies":[{"name":"wp","href":"https:\/\/api.w.org\/{rel}","templated":true}]}}