{"id":380,"date":"2019-03-16T19:24:30","date_gmt":"2019-03-16T18:24:30","guid":{"rendered":"http:\/\/blogs.uni-siegen.de\/kunstpaedagogik-und\/?page_id=380"},"modified":"2021-04-12T12:22:48","modified_gmt":"2021-04-12T10:22:48","slug":"stefan-lausch","status":"publish","type":"page","link":"https:\/\/didaktik-der-bildenden-kuenste.de\/kunstpaedagogik-und\/abstracts\/stefan-lausch\/","title":{"rendered":"STEFAN LAUSCH"},"content":{"rendered":"\n<p>PROF. STEFAN LAUSCH<br>Folkwang Universit\u00e4t Essen<\/p>\n\n\n\n<h4 class=\"wp-block-heading\">KUNSTP\u00c4DAGOGIK UND GESTALTUNGSLEHRE<\/h4>\n\n\n\n<h4 class=\"wp-block-heading\">oder: K\u00f6nnen Experimente beauftragt werden?<\/h4>\n\n\n\n<figure class=\"wp-block-video\"><video controls src=\"http:\/\/didaktik-der-bildenden-kuenste.de\/kunstpaedagogik-und\/wp-content\/uploads\/sites\/2\/2021\/04\/Kunstp%C3%A4dagogik_SoSe2019_Lausch.mp4\"><\/video><\/figure>\n\n\n\n<p>Mit dem Begriff des Experiments wird h\u00e4ufig eine Offenheit verbunden, die jener der freien Kunst recht nahe zu kommen scheint. Freie K\u00fcnstler*innen, so sagt man, erfinden die Kunst jeden Tag aufs Neue; sie experimentieren &#8211; ohne einengende Kriterien f\u00fcr &#8222;richtig und falsch&#8220; &#8211; und stellen erst gestern noch als gesichert Geglaubtes heute schon wieder infrage. Was schon f\u00fcr die freie Kunst wie ein hehres und nur schwer lebbares Ideal erscheint, ist selbstverst\u00e4ndlich nicht so ohne weiteres auf die kunstp\u00e4dagogische Praxis in der Schule \u00fcbertragbar, zumal die Frage danach, was Kunst eigentlich sei, gerade heute immer weniger beantwortbar zu sein scheint. Betrachtet man den Begriff des Experimentes aber als gestalterische Methode hinsichtlich bestimmter Fragestellungen, die auch sehr offen formuliert sein k\u00f6nnen, er\u00f6ffnen die daraus gewonnenen Ergebnisse sogar verallgemeinerbare Erkenntnisse, die sich nicht allein auf ein Wissen beschr\u00e4nken, sondern sich vielmehr auf eine Erfahrung st\u00fctzen.<br>Dies ist unter manch anderem ein Ziel der Gestaltungslehre, wie sie vor allem in den ersten Semestern eines Studiums der angewandten K\u00fcnste verpflichtend angeboten und nicht ohne Grund traditionell von K\u00fcnstler*innen aus der freien Kunst vertreten wird.<br>In dem Vortrag wird ein Ger\u00fcst von Zusammenh\u00e4ngen erl\u00e4utert sowie aus der Praxis der &#8222;beauftragten Experimente&#8220; berichtet werden.<\/p>\n\n\n\n<p>_____________________________<\/p>\n\n\n\n<p>STEFAN LAUSCH, Prof., Studium der Malerei an der Kunstakademie D\u00fcsseldorf bei Professor Alfonso H\u00fcppi. Neben der T\u00e4tigkeit als K\u00fcnstler Lehre in der Erwachsenenbildung, 1999 &#8211; 2004 im Rahmen des Mus-e Projektes der Yehudi-Menuhin-Stiftung als K\u00fcnstler in Grundschulen und in einer Hauptschule t\u00e4tig, bei AKKI e.V. D\u00fcsseldorf und in der Offenen Ganztagsschule. Seit 2006 Professur f\u00fcr Grundlagen bildnerischer Gestaltung (zun\u00e4chst an der Universit\u00e4t Duisburg-Essen, seit 2008 an der Folkwang Universit\u00e4t der K\u00fcnste), Beteiligung an vielen Einzel- und Gruppenausstellungen.<\/p>\n","protected":false},"excerpt":{"rendered":"<p>PROF. STEFAN LAUSCHFolkwang Universit\u00e4t Essen KUNSTP\u00c4DAGOGIK UND GESTALTUNGSLEHRE oder: K\u00f6nnen Experimente beauftragt werden? Mit dem Begriff des Experiments wird h\u00e4ufig eine Offenheit verbunden, die jener der freien Kunst recht nahe zu kommen scheint. Freie K\u00fcnstler*innen, so sagt man, erfinden die Kunst jeden Tag aufs Neue; sie experimentieren &#8211; ohne einengende Kriterien f\u00fcr &#8222;richtig und falsch&#8220; [&hellip;]<\/p>\n","protected":false},"author":1,"featured_media":0,"parent":49,"menu_order":0,"comment_status":"closed","ping_status":"closed","template":"page-templates\/full-width.php","meta":{"footnotes":""},"class_list":["post-380","page","type-page","status-publish","hentry"],"yoast_head":"<!-- This site is optimized with the Yoast SEO plugin v26.8 - https:\/\/yoast.com\/product\/yoast-seo-wordpress\/ -->\n<title>STEFAN LAUSCH - Kunstp\u00e4dagogik und ...<\/title>\n<meta name=\"robots\" content=\"index, follow, max-snippet:-1, max-image-preview:large, max-video-preview:-1\" \/>\n<link rel=\"canonical\" href=\"https:\/\/didaktik-der-bildenden-kuenste.de\/kunstpaedagogik-und\/abstracts\/stefan-lausch\/\" \/>\n<meta property=\"og:locale\" content=\"de_DE\" \/>\n<meta property=\"og:type\" content=\"article\" \/>\n<meta property=\"og:title\" content=\"STEFAN LAUSCH - Kunstp\u00e4dagogik und ...\" \/>\n<meta property=\"og:description\" content=\"PROF. STEFAN LAUSCHFolkwang Universit\u00e4t Essen KUNSTP\u00c4DAGOGIK UND GESTALTUNGSLEHRE oder: K\u00f6nnen Experimente beauftragt werden? Mit dem Begriff des Experiments wird h\u00e4ufig eine Offenheit verbunden, die jener der freien Kunst recht nahe zu kommen scheint. Freie K\u00fcnstler*innen, so sagt man, erfinden die Kunst jeden Tag aufs Neue; sie experimentieren &#8211; ohne einengende Kriterien f\u00fcr &#8222;richtig und falsch&#8220; [&hellip;]\" \/>\n<meta property=\"og:url\" content=\"https:\/\/didaktik-der-bildenden-kuenste.de\/kunstpaedagogik-und\/abstracts\/stefan-lausch\/\" \/>\n<meta property=\"og:site_name\" content=\"Kunstp\u00e4dagogik und ...\" \/>\n<meta property=\"article:modified_time\" content=\"2021-04-12T10:22:48+00:00\" \/>\n<meta name=\"twitter:card\" content=\"summary_large_image\" \/>\n<meta name=\"twitter:label1\" content=\"Gesch\u00e4tzte Lesezeit\" \/>\n\t<meta name=\"twitter:data1\" content=\"2\u00a0Minuten\" \/>\n<script type=\"application\/ld+json\" class=\"yoast-schema-graph\">{\"@context\":\"https:\/\/schema.org\",\"@graph\":[{\"@type\":\"WebPage\",\"@id\":\"https:\/\/didaktik-der-bildenden-kuenste.de\/kunstpaedagogik-und\/abstracts\/stefan-lausch\/\",\"url\":\"https:\/\/didaktik-der-bildenden-kuenste.de\/kunstpaedagogik-und\/abstracts\/stefan-lausch\/\",\"name\":\"STEFAN LAUSCH - Kunstp\u00e4dagogik und ...\",\"isPartOf\":{\"@id\":\"http:\/\/didaktik-der-bildenden-kuenste.de\/kunstpaedagogik-und\/#website\"},\"datePublished\":\"2019-03-16T18:24:30+00:00\",\"dateModified\":\"2021-04-12T10:22:48+00:00\",\"breadcrumb\":{\"@id\":\"https:\/\/didaktik-der-bildenden-kuenste.de\/kunstpaedagogik-und\/abstracts\/stefan-lausch\/#breadcrumb\"},\"inLanguage\":\"de\",\"potentialAction\":[{\"@type\":\"ReadAction\",\"target\":[\"https:\/\/didaktik-der-bildenden-kuenste.de\/kunstpaedagogik-und\/abstracts\/stefan-lausch\/\"]}]},{\"@type\":\"BreadcrumbList\",\"@id\":\"https:\/\/didaktik-der-bildenden-kuenste.de\/kunstpaedagogik-und\/abstracts\/stefan-lausch\/#breadcrumb\",\"itemListElement\":[{\"@type\":\"ListItem\",\"position\":1,\"name\":\"Home\",\"item\":\"http:\/\/didaktik-der-bildenden-kuenste.de\/kunstpaedagogik-und\/\"},{\"@type\":\"ListItem\",\"position\":2,\"name\":\"VORTR\u00c4GE\",\"item\":\"http:\/\/didaktik-der-bildenden-kuenste.de\/kunstpaedagogik-und\/abstracts\/\"},{\"@type\":\"ListItem\",\"position\":3,\"name\":\"STEFAN LAUSCH\"}]},{\"@type\":\"WebSite\",\"@id\":\"http:\/\/didaktik-der-bildenden-kuenste.de\/kunstpaedagogik-und\/#website\",\"url\":\"http:\/\/didaktik-der-bildenden-kuenste.de\/kunstpaedagogik-und\/\",\"name\":\"Kunstp\u00e4dagogik und ...\",\"description\":\"Eine weitere Didaktik der bildenden K\u00fcnste Websites Website\",\"potentialAction\":[{\"@type\":\"SearchAction\",\"target\":{\"@type\":\"EntryPoint\",\"urlTemplate\":\"http:\/\/didaktik-der-bildenden-kuenste.de\/kunstpaedagogik-und\/?s={search_term_string}\"},\"query-input\":{\"@type\":\"PropertyValueSpecification\",\"valueRequired\":true,\"valueName\":\"search_term_string\"}}],\"inLanguage\":\"de\"}]}<\/script>\n<!-- \/ Yoast SEO plugin. -->","yoast_head_json":{"title":"STEFAN LAUSCH - Kunstp\u00e4dagogik und ...","robots":{"index":"index","follow":"follow","max-snippet":"max-snippet:-1","max-image-preview":"max-image-preview:large","max-video-preview":"max-video-preview:-1"},"canonical":"https:\/\/didaktik-der-bildenden-kuenste.de\/kunstpaedagogik-und\/abstracts\/stefan-lausch\/","og_locale":"de_DE","og_type":"article","og_title":"STEFAN LAUSCH - Kunstp\u00e4dagogik und ...","og_description":"PROF. STEFAN LAUSCHFolkwang Universit\u00e4t Essen KUNSTP\u00c4DAGOGIK UND GESTALTUNGSLEHRE oder: K\u00f6nnen Experimente beauftragt werden? Mit dem Begriff des Experiments wird h\u00e4ufig eine Offenheit verbunden, die jener der freien Kunst recht nahe zu kommen scheint. Freie K\u00fcnstler*innen, so sagt man, erfinden die Kunst jeden Tag aufs Neue; sie experimentieren &#8211; ohne einengende Kriterien f\u00fcr &#8222;richtig und falsch&#8220; [&hellip;]","og_url":"https:\/\/didaktik-der-bildenden-kuenste.de\/kunstpaedagogik-und\/abstracts\/stefan-lausch\/","og_site_name":"Kunstp\u00e4dagogik und ...","article_modified_time":"2021-04-12T10:22:48+00:00","twitter_card":"summary_large_image","twitter_misc":{"Gesch\u00e4tzte Lesezeit":"2\u00a0Minuten"},"schema":{"@context":"https:\/\/schema.org","@graph":[{"@type":"WebPage","@id":"https:\/\/didaktik-der-bildenden-kuenste.de\/kunstpaedagogik-und\/abstracts\/stefan-lausch\/","url":"https:\/\/didaktik-der-bildenden-kuenste.de\/kunstpaedagogik-und\/abstracts\/stefan-lausch\/","name":"STEFAN LAUSCH - Kunstp\u00e4dagogik und ...","isPartOf":{"@id":"http:\/\/didaktik-der-bildenden-kuenste.de\/kunstpaedagogik-und\/#website"},"datePublished":"2019-03-16T18:24:30+00:00","dateModified":"2021-04-12T10:22:48+00:00","breadcrumb":{"@id":"https:\/\/didaktik-der-bildenden-kuenste.de\/kunstpaedagogik-und\/abstracts\/stefan-lausch\/#breadcrumb"},"inLanguage":"de","potentialAction":[{"@type":"ReadAction","target":["https:\/\/didaktik-der-bildenden-kuenste.de\/kunstpaedagogik-und\/abstracts\/stefan-lausch\/"]}]},{"@type":"BreadcrumbList","@id":"https:\/\/didaktik-der-bildenden-kuenste.de\/kunstpaedagogik-und\/abstracts\/stefan-lausch\/#breadcrumb","itemListElement":[{"@type":"ListItem","position":1,"name":"Home","item":"http:\/\/didaktik-der-bildenden-kuenste.de\/kunstpaedagogik-und\/"},{"@type":"ListItem","position":2,"name":"VORTR\u00c4GE","item":"http:\/\/didaktik-der-bildenden-kuenste.de\/kunstpaedagogik-und\/abstracts\/"},{"@type":"ListItem","position":3,"name":"STEFAN LAUSCH"}]},{"@type":"WebSite","@id":"http:\/\/didaktik-der-bildenden-kuenste.de\/kunstpaedagogik-und\/#website","url":"http:\/\/didaktik-der-bildenden-kuenste.de\/kunstpaedagogik-und\/","name":"Kunstp\u00e4dagogik und ...","description":"Eine weitere Didaktik der bildenden K\u00fcnste Websites Website","potentialAction":[{"@type":"SearchAction","target":{"@type":"EntryPoint","urlTemplate":"http:\/\/didaktik-der-bildenden-kuenste.de\/kunstpaedagogik-und\/?s={search_term_string}"},"query-input":{"@type":"PropertyValueSpecification","valueRequired":true,"valueName":"search_term_string"}}],"inLanguage":"de"}]}},"_links":{"self":[{"href":"https:\/\/didaktik-der-bildenden-kuenste.de\/kunstpaedagogik-und\/wp-json\/wp\/v2\/pages\/380","targetHints":{"allow":["GET"]}}],"collection":[{"href":"https:\/\/didaktik-der-bildenden-kuenste.de\/kunstpaedagogik-und\/wp-json\/wp\/v2\/pages"}],"about":[{"href":"https:\/\/didaktik-der-bildenden-kuenste.de\/kunstpaedagogik-und\/wp-json\/wp\/v2\/types\/page"}],"author":[{"embeddable":true,"href":"https:\/\/didaktik-der-bildenden-kuenste.de\/kunstpaedagogik-und\/wp-json\/wp\/v2\/users\/1"}],"replies":[{"embeddable":true,"href":"https:\/\/didaktik-der-bildenden-kuenste.de\/kunstpaedagogik-und\/wp-json\/wp\/v2\/comments?post=380"}],"version-history":[{"count":1,"href":"https:\/\/didaktik-der-bildenden-kuenste.de\/kunstpaedagogik-und\/wp-json\/wp\/v2\/pages\/380\/revisions"}],"predecessor-version":[{"id":614,"href":"https:\/\/didaktik-der-bildenden-kuenste.de\/kunstpaedagogik-und\/wp-json\/wp\/v2\/pages\/380\/revisions\/614"}],"up":[{"embeddable":true,"href":"https:\/\/didaktik-der-bildenden-kuenste.de\/kunstpaedagogik-und\/wp-json\/wp\/v2\/pages\/49"}],"wp:attachment":[{"href":"https:\/\/didaktik-der-bildenden-kuenste.de\/kunstpaedagogik-und\/wp-json\/wp\/v2\/media?parent=380"}],"curies":[{"name":"wp","href":"https:\/\/api.w.org\/{rel}","templated":true}]}}