{"id":473,"date":"2019-09-19T15:30:44","date_gmt":"2019-09-19T13:30:44","guid":{"rendered":"http:\/\/blogs.uni-siegen.de\/kunstpaedagogik-und\/?page_id=473"},"modified":"2022-02-11T10:38:50","modified_gmt":"2022-02-11T09:38:50","slug":"aktuelles-programm","status":"publish","type":"page","link":"https:\/\/didaktik-der-bildenden-kuenste.de\/kunstpaedagogik-und\/aktuelles-programm\/","title":{"rendered":"Programm WS 2019\/20"},"content":{"rendered":"<h4>Programm Wintersemester 2019\/20<\/h4>\n<h4>KUNSTP\u00c4DAGOGIK UND &#8230;<\/h4>\n<table width=\"907\">\n<tbody>\n<tr>\n<td width=\"212\">\n<h5>30.10.2019<\/h5>\n<\/td>\n<td width=\"695\">\n<h5><strong><a href=\"http:\/\/didaktik-der-bildenden-kuenste.de\/kunstpaedagogik-und\/abstracts\/christine-biehler\/\">&#8230; K\u00dcNSTLERISCHE AKTION<\/a><b><br \/>\n<\/b><\/strong><\/h5>\n<p>Christine Biehler (Frankfurt am Main)<\/p>\n<p>Performative Praxen in der Lehre<\/td>\n<\/tr>\n<tr>\n<td width=\"212\">\n<h5><\/h5>\n<h5>04.12.2019<\/h5>\n<\/td>\n<td width=\"695\">\n<h5><strong><a href=\"http:\/\/didaktik-der-bildenden-kuenste.de\/kunstpaedagogik-und\/abstracts\/ansgar-schnurr\/\">&#8230; POLITISCHE BILDUNG<\/a><br \/>\n<\/strong><\/h5>\n<p>Prof. Dr. Ansgar Schnurr (Justus-Liebig-Universit\u00e4t Gie\u00dfen)<\/p>\n<p>Ambiguit\u00e4t und die Bildung demokratischer Haltungen in Kunst und P\u00e4dagogik<\/td>\n<\/tr>\n<tr>\n<td width=\"212\">\n<h5>29.01.2020<\/h5>\n<\/td>\n<td width=\"695\">\n<h5><a href=\"http:\/\/didaktik-der-bildenden-kuenste.de\/kunstpaedagogik-und\/abstracts\/monique-breuer\/\"><strong>&#8230; PERFORMATIVE K\u00dcNSTE<\/strong><\/a><\/h5>\n<p>Monique Breuer (Universit\u00e4t Paderborn)<\/p>\n<p>K\u00f6rper als Material in der site-specific Art<\/td>\n<\/tr>\n<\/tbody>\n<\/table>\n","protected":false},"excerpt":{"rendered":"<p>Programm Wintersemester 2019\/20 KUNSTP\u00c4DAGOGIK UND &#8230; 30.10.2019 &#8230; K\u00dcNSTLERISCHE AKTION Christine Biehler (Frankfurt am Main) Performative Praxen in der Lehre 04.12.2019 &#8230; POLITISCHE BILDUNG Prof. Dr. Ansgar Schnurr (Justus-Liebig-Universit\u00e4t Gie\u00dfen) Ambiguit\u00e4t und die Bildung demokratischer Haltungen in Kunst und P\u00e4dagogik 29.01.2020 &#8230; PERFORMATIVE K\u00dcNSTE Monique Breuer (Universit\u00e4t Paderborn) K\u00f6rper als Material in der site-specific Art<\/p>\n","protected":false},"author":1,"featured_media":0,"parent":0,"menu_order":0,"comment_status":"closed","ping_status":"closed","template":"page-templates\/full-width.php","meta":{"footnotes":""},"class_list":["post-473","page","type-page","status-publish","hentry"],"yoast_head":"<!-- This site is optimized with the Yoast SEO plugin v26.8 - https:\/\/yoast.com\/product\/yoast-seo-wordpress\/ -->\n<title>Programm WS 2019\/20 - Kunstp\u00e4dagogik und ...<\/title>\n<meta name=\"robots\" content=\"index, follow, max-snippet:-1, max-image-preview:large, max-video-preview:-1\" \/>\n<link rel=\"canonical\" href=\"https:\/\/didaktik-der-bildenden-kuenste.de\/kunstpaedagogik-und\/aktuelles-programm\/\" \/>\n<meta property=\"og:locale\" content=\"de_DE\" \/>\n<meta property=\"og:type\" content=\"article\" \/>\n<meta property=\"og:title\" content=\"Programm WS 2019\/20 - Kunstp\u00e4dagogik und ...\" \/>\n<meta property=\"og:description\" content=\"Programm Wintersemester 2019\/20 KUNSTP\u00c4DAGOGIK UND &#8230; 30.10.2019 &#8230; K\u00dcNSTLERISCHE AKTION Christine Biehler (Frankfurt am Main) Performative Praxen in der Lehre 04.12.2019 &#8230; POLITISCHE BILDUNG Prof. Dr. Ansgar Schnurr (Justus-Liebig-Universit\u00e4t Gie\u00dfen) Ambiguit\u00e4t und die Bildung demokratischer Haltungen in Kunst und P\u00e4dagogik 29.01.2020 &#8230; PERFORMATIVE K\u00dcNSTE Monique Breuer (Universit\u00e4t Paderborn) K\u00f6rper als Material in der site-specific Art\" \/>\n<meta property=\"og:url\" content=\"https:\/\/didaktik-der-bildenden-kuenste.de\/kunstpaedagogik-und\/aktuelles-programm\/\" \/>\n<meta property=\"og:site_name\" content=\"Kunstp\u00e4dagogik und ...\" \/>\n<meta property=\"article:modified_time\" content=\"2022-02-11T09:38:50+00:00\" \/>\n<meta name=\"twitter:card\" content=\"summary_large_image\" \/>\n<script type=\"application\/ld+json\" class=\"yoast-schema-graph\">{\"@context\":\"https:\/\/schema.org\",\"@graph\":[{\"@type\":\"WebPage\",\"@id\":\"https:\/\/didaktik-der-bildenden-kuenste.de\/kunstpaedagogik-und\/aktuelles-programm\/\",\"url\":\"https:\/\/didaktik-der-bildenden-kuenste.de\/kunstpaedagogik-und\/aktuelles-programm\/\",\"name\":\"Programm WS 2019\/20 - Kunstp\u00e4dagogik und ...\",\"isPartOf\":{\"@id\":\"http:\/\/didaktik-der-bildenden-kuenste.de\/kunstpaedagogik-und\/#website\"},\"datePublished\":\"2019-09-19T13:30:44+00:00\",\"dateModified\":\"2022-02-11T09:38:50+00:00\",\"breadcrumb\":{\"@id\":\"https:\/\/didaktik-der-bildenden-kuenste.de\/kunstpaedagogik-und\/aktuelles-programm\/#breadcrumb\"},\"inLanguage\":\"de\",\"potentialAction\":[{\"@type\":\"ReadAction\",\"target\":[\"https:\/\/didaktik-der-bildenden-kuenste.de\/kunstpaedagogik-und\/aktuelles-programm\/\"]}]},{\"@type\":\"BreadcrumbList\",\"@id\":\"https:\/\/didaktik-der-bildenden-kuenste.de\/kunstpaedagogik-und\/aktuelles-programm\/#breadcrumb\",\"itemListElement\":[{\"@type\":\"ListItem\",\"position\":1,\"name\":\"Home\",\"item\":\"http:\/\/didaktik-der-bildenden-kuenste.de\/kunstpaedagogik-und\/\"},{\"@type\":\"ListItem\",\"position\":2,\"name\":\"Programm WS 2019\/20\"}]},{\"@type\":\"WebSite\",\"@id\":\"http:\/\/didaktik-der-bildenden-kuenste.de\/kunstpaedagogik-und\/#website\",\"url\":\"http:\/\/didaktik-der-bildenden-kuenste.de\/kunstpaedagogik-und\/\",\"name\":\"Kunstp\u00e4dagogik und ...\",\"description\":\"Eine weitere Didaktik der bildenden K\u00fcnste Websites Website\",\"potentialAction\":[{\"@type\":\"SearchAction\",\"target\":{\"@type\":\"EntryPoint\",\"urlTemplate\":\"http:\/\/didaktik-der-bildenden-kuenste.de\/kunstpaedagogik-und\/?s={search_term_string}\"},\"query-input\":{\"@type\":\"PropertyValueSpecification\",\"valueRequired\":true,\"valueName\":\"search_term_string\"}}],\"inLanguage\":\"de\"}]}<\/script>\n<!-- \/ Yoast SEO plugin. -->","yoast_head_json":{"title":"Programm WS 2019\/20 - Kunstp\u00e4dagogik und ...","robots":{"index":"index","follow":"follow","max-snippet":"max-snippet:-1","max-image-preview":"max-image-preview:large","max-video-preview":"max-video-preview:-1"},"canonical":"https:\/\/didaktik-der-bildenden-kuenste.de\/kunstpaedagogik-und\/aktuelles-programm\/","og_locale":"de_DE","og_type":"article","og_title":"Programm WS 2019\/20 - Kunstp\u00e4dagogik und ...","og_description":"Programm Wintersemester 2019\/20 KUNSTP\u00c4DAGOGIK UND &#8230; 30.10.2019 &#8230; K\u00dcNSTLERISCHE AKTION Christine Biehler (Frankfurt am Main) Performative Praxen in der Lehre 04.12.2019 &#8230; POLITISCHE BILDUNG Prof. Dr. Ansgar Schnurr (Justus-Liebig-Universit\u00e4t Gie\u00dfen) Ambiguit\u00e4t und die Bildung demokratischer Haltungen in Kunst und P\u00e4dagogik 29.01.2020 &#8230; PERFORMATIVE K\u00dcNSTE Monique Breuer (Universit\u00e4t Paderborn) K\u00f6rper als Material in der site-specific Art","og_url":"https:\/\/didaktik-der-bildenden-kuenste.de\/kunstpaedagogik-und\/aktuelles-programm\/","og_site_name":"Kunstp\u00e4dagogik und ...","article_modified_time":"2022-02-11T09:38:50+00:00","twitter_card":"summary_large_image","schema":{"@context":"https:\/\/schema.org","@graph":[{"@type":"WebPage","@id":"https:\/\/didaktik-der-bildenden-kuenste.de\/kunstpaedagogik-und\/aktuelles-programm\/","url":"https:\/\/didaktik-der-bildenden-kuenste.de\/kunstpaedagogik-und\/aktuelles-programm\/","name":"Programm WS 2019\/20 - Kunstp\u00e4dagogik und ...","isPartOf":{"@id":"http:\/\/didaktik-der-bildenden-kuenste.de\/kunstpaedagogik-und\/#website"},"datePublished":"2019-09-19T13:30:44+00:00","dateModified":"2022-02-11T09:38:50+00:00","breadcrumb":{"@id":"https:\/\/didaktik-der-bildenden-kuenste.de\/kunstpaedagogik-und\/aktuelles-programm\/#breadcrumb"},"inLanguage":"de","potentialAction":[{"@type":"ReadAction","target":["https:\/\/didaktik-der-bildenden-kuenste.de\/kunstpaedagogik-und\/aktuelles-programm\/"]}]},{"@type":"BreadcrumbList","@id":"https:\/\/didaktik-der-bildenden-kuenste.de\/kunstpaedagogik-und\/aktuelles-programm\/#breadcrumb","itemListElement":[{"@type":"ListItem","position":1,"name":"Home","item":"http:\/\/didaktik-der-bildenden-kuenste.de\/kunstpaedagogik-und\/"},{"@type":"ListItem","position":2,"name":"Programm WS 2019\/20"}]},{"@type":"WebSite","@id":"http:\/\/didaktik-der-bildenden-kuenste.de\/kunstpaedagogik-und\/#website","url":"http:\/\/didaktik-der-bildenden-kuenste.de\/kunstpaedagogik-und\/","name":"Kunstp\u00e4dagogik und ...","description":"Eine weitere Didaktik der bildenden K\u00fcnste Websites Website","potentialAction":[{"@type":"SearchAction","target":{"@type":"EntryPoint","urlTemplate":"http:\/\/didaktik-der-bildenden-kuenste.de\/kunstpaedagogik-und\/?s={search_term_string}"},"query-input":{"@type":"PropertyValueSpecification","valueRequired":true,"valueName":"search_term_string"}}],"inLanguage":"de"}]}},"_links":{"self":[{"href":"https:\/\/didaktik-der-bildenden-kuenste.de\/kunstpaedagogik-und\/wp-json\/wp\/v2\/pages\/473","targetHints":{"allow":["GET"]}}],"collection":[{"href":"https:\/\/didaktik-der-bildenden-kuenste.de\/kunstpaedagogik-und\/wp-json\/wp\/v2\/pages"}],"about":[{"href":"https:\/\/didaktik-der-bildenden-kuenste.de\/kunstpaedagogik-und\/wp-json\/wp\/v2\/types\/page"}],"author":[{"embeddable":true,"href":"https:\/\/didaktik-der-bildenden-kuenste.de\/kunstpaedagogik-und\/wp-json\/wp\/v2\/users\/1"}],"replies":[{"embeddable":true,"href":"https:\/\/didaktik-der-bildenden-kuenste.de\/kunstpaedagogik-und\/wp-json\/wp\/v2\/comments?post=473"}],"version-history":[{"count":2,"href":"https:\/\/didaktik-der-bildenden-kuenste.de\/kunstpaedagogik-und\/wp-json\/wp\/v2\/pages\/473\/revisions"}],"predecessor-version":[{"id":646,"href":"https:\/\/didaktik-der-bildenden-kuenste.de\/kunstpaedagogik-und\/wp-json\/wp\/v2\/pages\/473\/revisions\/646"}],"wp:attachment":[{"href":"https:\/\/didaktik-der-bildenden-kuenste.de\/kunstpaedagogik-und\/wp-json\/wp\/v2\/media?parent=473"}],"curies":[{"name":"wp","href":"https:\/\/api.w.org\/{rel}","templated":true}]}}