{"id":49,"date":"2018-09-24T13:55:46","date_gmt":"2018-09-24T11:55:46","guid":{"rendered":"http:\/\/blogs.uni-siegen.de\/kunstpaedagogik-und\/?page_id=49"},"modified":"2018-09-24T13:55:46","modified_gmt":"2018-09-24T11:55:46","slug":"abstracts","status":"publish","type":"page","link":"https:\/\/didaktik-der-bildenden-kuenste.de\/kunstpaedagogik-und\/abstracts\/","title":{"rendered":"VORTR\u00c4GE"},"content":{"rendered":"<h4>VORTR\u00c4GE<\/h4>\n<p>Prof. Dr. Ansgar Schnurr (Universit\u00e4t Gie\u00dfen)<br \/>\n<a href=\"https:\/\/blogs.uni-siegen.de\/kunstpaedagogik-und\/abstracts\/ansgar-schnurr\/\">Ambiguit\u00e4t und die Bildung demokratischer Haltungen in Kunst und P\u00e4dagogik<\/a><\/p>\n<p>Christine Biehler (Frankfurt am Main)<br \/>\n<a href=\"https:\/\/blogs.uni-siegen.de\/kunstpaedagogik-und\/abstracts\/christine-biehler\/\">Performative Praxen in der Lehre<\/a><\/p>\n<p>Prof. Dr. Tanja Wetzel (Kunsthochschule Kassel)<br \/>\n<a href=\"https:\/\/blogs.uni-siegen.de\/kunstpaedagogik-und\/abstracts\/tanja-wetzel\/\">Ins Gespr\u00e4ch kommen \u00fcber \u00e4sthetische Praxis im Kunstunterricht<\/a><\/p>\n<p>Prof. Dr. Christina Griebel (Staatliche Akademie der Bildenden K\u00fcnste Karlsruhe)<br \/>\n<a href=\"https:\/\/blogs.uni-siegen.de\/kunstpaedagogik-und\/abstracts\/christina-griebel\/\">Reflexive Praxen<\/a><\/p>\n<p>Prof. Stefan Lausch (Folkwang Universit\u00e4t der K\u00fcnste Essen)<br \/>\n<a href=\"https:\/\/blogs.uni-siegen.de\/kunstpaedagogik-und\/abstracts\/stefan-lausch\/\">K\u00f6nnen Experimente beauftragt werden?<\/a><\/p>\n<p>Prof. Dr. Axel Buether (Universit\u00e4t Wuppertal)<br \/>\n<a href=\"https:\/\/blogs.uni-siegen.de\/kunstpaedagogik-und\/abstracts\/axel-buether\/\">Wie wird der Kunstunterricht zu einem Kernfach moderner Gesellschaften?<\/a><\/p>\n<p>Dr. Kerstin Hallmann (Universit\u00e4t L\u00fcneburg \/ Kunstakademie M\u00fcnster)<br \/>\n<a href=\"https:\/\/blogs.uni-siegen.de\/kunstpaedagogik-und\/abstracts\/kerstin-hallmann\/\">Vom Eigensinn des K\u00fcnstlerischen und der Bildung im \u00c4sthetischen<\/a><\/p>\n<p>Prof. Dr. Sabiene Autsch (Universit\u00e4t Paderborn)<br \/>\n<a href=\"https:\/\/blogs.uni-siegen.de\/kunstpaedagogik-und\/abstracts\/sabiene-autsch\/\">Die Stadt als Material \u2013 City Walks und Talks im Spannungsfeld von Kunstvermittlung, k\u00fcnstlerischer Praxis und Kunstgeschichte<\/a><\/p>\n<p>Notburga Karl<br \/>\n<a href=\"https:\/\/blogs.uni-siegen.de\/kunstpaedagogik-und\/abstracts\/notburga-karl\/\">Zwischen Praxis und Didaktik<\/a><\/p>\n<p>Prof. Dr. Mirjam Schaub (Burg Giebichenstein, Halle)<br \/>\n<a href=\"https:\/\/blogs.uni-siegen.de\/kunstpaedagogik-und\/abstracts\/mirjam-schaub\/\">Der audio-visuelle Kontrakt des Kinos &#8211; A Clockwork Orange und das Ende der \u201eWohlf\u00fchlp\u00e4dagogik\u201c<\/a><\/p>\n<p>Prof. Mario Urla\u00df (P\u00e4dagogische Hochschule Heidelberg)<br \/>\n<a href=\"https:\/\/blogs.uni-siegen.de\/kunstpaedagogik-und\/abstracts\/mario-urlass\/\">Zur Praxis k\u00fcnstlerischer Bildung in der Grundschule. Lernen in Projekten<\/a><\/p>\n<p>&nbsp;<\/p>\n<p>&nbsp;<\/p>\n<p>&nbsp;<\/p>\n<p>&nbsp;<\/p>\n<p>&nbsp;<\/p>\n","protected":false},"excerpt":{"rendered":"<p>VORTR\u00c4GE Prof. Dr. Ansgar Schnurr (Universit\u00e4t Gie\u00dfen) Ambiguit\u00e4t und die Bildung demokratischer Haltungen in Kunst und P\u00e4dagogik Christine Biehler (Frankfurt am Main) Performative Praxen in der Lehre Prof. Dr. Tanja Wetzel (Kunsthochschule Kassel) Ins Gespr\u00e4ch kommen \u00fcber \u00e4sthetische Praxis im Kunstunterricht Prof. Dr. Christina Griebel (Staatliche Akademie der Bildenden K\u00fcnste Karlsruhe) Reflexive Praxen Prof. Stefan [&hellip;]<\/p>\n","protected":false},"author":1,"featured_media":0,"parent":0,"menu_order":4,"comment_status":"closed","ping_status":"closed","template":"page-templates\/full-width.php","meta":{"footnotes":""},"class_list":["post-49","page","type-page","status-publish","hentry"],"yoast_head":"<!-- This site is optimized with the Yoast SEO plugin v26.8 - https:\/\/yoast.com\/product\/yoast-seo-wordpress\/ -->\n<title>VORTR\u00c4GE - Kunstp\u00e4dagogik und ...<\/title>\n<meta name=\"robots\" content=\"index, follow, max-snippet:-1, max-image-preview:large, max-video-preview:-1\" \/>\n<link rel=\"canonical\" href=\"http:\/\/didaktik-der-bildenden-kuenste.de\/kunstpaedagogik-und\/abstracts\/\" \/>\n<meta property=\"og:locale\" content=\"de_DE\" \/>\n<meta property=\"og:type\" content=\"article\" \/>\n<meta property=\"og:title\" content=\"VORTR\u00c4GE - Kunstp\u00e4dagogik und ...\" \/>\n<meta property=\"og:description\" content=\"VORTR\u00c4GE Prof. Dr. Ansgar Schnurr (Universit\u00e4t Gie\u00dfen) Ambiguit\u00e4t und die Bildung demokratischer Haltungen in Kunst und P\u00e4dagogik Christine Biehler (Frankfurt am Main) Performative Praxen in der Lehre Prof. Dr. Tanja Wetzel (Kunsthochschule Kassel) Ins Gespr\u00e4ch kommen \u00fcber \u00e4sthetische Praxis im Kunstunterricht Prof. Dr. Christina Griebel (Staatliche Akademie der Bildenden K\u00fcnste Karlsruhe) Reflexive Praxen Prof. Stefan [&hellip;]\" \/>\n<meta property=\"og:url\" content=\"http:\/\/didaktik-der-bildenden-kuenste.de\/kunstpaedagogik-und\/abstracts\/\" \/>\n<meta property=\"og:site_name\" content=\"Kunstp\u00e4dagogik und ...\" \/>\n<meta name=\"twitter:card\" content=\"summary_large_image\" \/>\n<meta name=\"twitter:label1\" content=\"Gesch\u00e4tzte Lesezeit\" \/>\n\t<meta name=\"twitter:data1\" content=\"1\u00a0Minute\" \/>\n<script type=\"application\/ld+json\" class=\"yoast-schema-graph\">{\"@context\":\"https:\/\/schema.org\",\"@graph\":[{\"@type\":\"WebPage\",\"@id\":\"http:\/\/didaktik-der-bildenden-kuenste.de\/kunstpaedagogik-und\/abstracts\/\",\"url\":\"http:\/\/didaktik-der-bildenden-kuenste.de\/kunstpaedagogik-und\/abstracts\/\",\"name\":\"VORTR\u00c4GE - Kunstp\u00e4dagogik und ...\",\"isPartOf\":{\"@id\":\"http:\/\/didaktik-der-bildenden-kuenste.de\/kunstpaedagogik-und\/#website\"},\"datePublished\":\"2018-09-24T11:55:46+00:00\",\"breadcrumb\":{\"@id\":\"http:\/\/didaktik-der-bildenden-kuenste.de\/kunstpaedagogik-und\/abstracts\/#breadcrumb\"},\"inLanguage\":\"de\",\"potentialAction\":[{\"@type\":\"ReadAction\",\"target\":[\"http:\/\/didaktik-der-bildenden-kuenste.de\/kunstpaedagogik-und\/abstracts\/\"]}]},{\"@type\":\"BreadcrumbList\",\"@id\":\"http:\/\/didaktik-der-bildenden-kuenste.de\/kunstpaedagogik-und\/abstracts\/#breadcrumb\",\"itemListElement\":[{\"@type\":\"ListItem\",\"position\":1,\"name\":\"Home\",\"item\":\"http:\/\/didaktik-der-bildenden-kuenste.de\/kunstpaedagogik-und\/\"},{\"@type\":\"ListItem\",\"position\":2,\"name\":\"VORTR\u00c4GE\"}]},{\"@type\":\"WebSite\",\"@id\":\"http:\/\/didaktik-der-bildenden-kuenste.de\/kunstpaedagogik-und\/#website\",\"url\":\"http:\/\/didaktik-der-bildenden-kuenste.de\/kunstpaedagogik-und\/\",\"name\":\"Kunstp\u00e4dagogik und ...\",\"description\":\"Eine weitere Didaktik der bildenden K\u00fcnste Websites Website\",\"potentialAction\":[{\"@type\":\"SearchAction\",\"target\":{\"@type\":\"EntryPoint\",\"urlTemplate\":\"http:\/\/didaktik-der-bildenden-kuenste.de\/kunstpaedagogik-und\/?s={search_term_string}\"},\"query-input\":{\"@type\":\"PropertyValueSpecification\",\"valueRequired\":true,\"valueName\":\"search_term_string\"}}],\"inLanguage\":\"de\"}]}<\/script>\n<!-- \/ Yoast SEO plugin. -->","yoast_head_json":{"title":"VORTR\u00c4GE - Kunstp\u00e4dagogik und ...","robots":{"index":"index","follow":"follow","max-snippet":"max-snippet:-1","max-image-preview":"max-image-preview:large","max-video-preview":"max-video-preview:-1"},"canonical":"http:\/\/didaktik-der-bildenden-kuenste.de\/kunstpaedagogik-und\/abstracts\/","og_locale":"de_DE","og_type":"article","og_title":"VORTR\u00c4GE - Kunstp\u00e4dagogik und ...","og_description":"VORTR\u00c4GE Prof. Dr. Ansgar Schnurr (Universit\u00e4t Gie\u00dfen) Ambiguit\u00e4t und die Bildung demokratischer Haltungen in Kunst und P\u00e4dagogik Christine Biehler (Frankfurt am Main) Performative Praxen in der Lehre Prof. Dr. Tanja Wetzel (Kunsthochschule Kassel) Ins Gespr\u00e4ch kommen \u00fcber \u00e4sthetische Praxis im Kunstunterricht Prof. Dr. Christina Griebel (Staatliche Akademie der Bildenden K\u00fcnste Karlsruhe) Reflexive Praxen Prof. Stefan [&hellip;]","og_url":"http:\/\/didaktik-der-bildenden-kuenste.de\/kunstpaedagogik-und\/abstracts\/","og_site_name":"Kunstp\u00e4dagogik und ...","twitter_card":"summary_large_image","twitter_misc":{"Gesch\u00e4tzte Lesezeit":"1\u00a0Minute"},"schema":{"@context":"https:\/\/schema.org","@graph":[{"@type":"WebPage","@id":"http:\/\/didaktik-der-bildenden-kuenste.de\/kunstpaedagogik-und\/abstracts\/","url":"http:\/\/didaktik-der-bildenden-kuenste.de\/kunstpaedagogik-und\/abstracts\/","name":"VORTR\u00c4GE - Kunstp\u00e4dagogik und ...","isPartOf":{"@id":"http:\/\/didaktik-der-bildenden-kuenste.de\/kunstpaedagogik-und\/#website"},"datePublished":"2018-09-24T11:55:46+00:00","breadcrumb":{"@id":"http:\/\/didaktik-der-bildenden-kuenste.de\/kunstpaedagogik-und\/abstracts\/#breadcrumb"},"inLanguage":"de","potentialAction":[{"@type":"ReadAction","target":["http:\/\/didaktik-der-bildenden-kuenste.de\/kunstpaedagogik-und\/abstracts\/"]}]},{"@type":"BreadcrumbList","@id":"http:\/\/didaktik-der-bildenden-kuenste.de\/kunstpaedagogik-und\/abstracts\/#breadcrumb","itemListElement":[{"@type":"ListItem","position":1,"name":"Home","item":"http:\/\/didaktik-der-bildenden-kuenste.de\/kunstpaedagogik-und\/"},{"@type":"ListItem","position":2,"name":"VORTR\u00c4GE"}]},{"@type":"WebSite","@id":"http:\/\/didaktik-der-bildenden-kuenste.de\/kunstpaedagogik-und\/#website","url":"http:\/\/didaktik-der-bildenden-kuenste.de\/kunstpaedagogik-und\/","name":"Kunstp\u00e4dagogik und ...","description":"Eine weitere Didaktik der bildenden K\u00fcnste Websites Website","potentialAction":[{"@type":"SearchAction","target":{"@type":"EntryPoint","urlTemplate":"http:\/\/didaktik-der-bildenden-kuenste.de\/kunstpaedagogik-und\/?s={search_term_string}"},"query-input":{"@type":"PropertyValueSpecification","valueRequired":true,"valueName":"search_term_string"}}],"inLanguage":"de"}]}},"_links":{"self":[{"href":"https:\/\/didaktik-der-bildenden-kuenste.de\/kunstpaedagogik-und\/wp-json\/wp\/v2\/pages\/49","targetHints":{"allow":["GET"]}}],"collection":[{"href":"https:\/\/didaktik-der-bildenden-kuenste.de\/kunstpaedagogik-und\/wp-json\/wp\/v2\/pages"}],"about":[{"href":"https:\/\/didaktik-der-bildenden-kuenste.de\/kunstpaedagogik-und\/wp-json\/wp\/v2\/types\/page"}],"author":[{"embeddable":true,"href":"https:\/\/didaktik-der-bildenden-kuenste.de\/kunstpaedagogik-und\/wp-json\/wp\/v2\/users\/1"}],"replies":[{"embeddable":true,"href":"https:\/\/didaktik-der-bildenden-kuenste.de\/kunstpaedagogik-und\/wp-json\/wp\/v2\/comments?post=49"}],"version-history":[{"count":0,"href":"https:\/\/didaktik-der-bildenden-kuenste.de\/kunstpaedagogik-und\/wp-json\/wp\/v2\/pages\/49\/revisions"}],"wp:attachment":[{"href":"https:\/\/didaktik-der-bildenden-kuenste.de\/kunstpaedagogik-und\/wp-json\/wp\/v2\/media?parent=49"}],"curies":[{"name":"wp","href":"https:\/\/api.w.org\/{rel}","templated":true}]}}