{"id":12,"date":"2023-09-13T16:05:26","date_gmt":"2023-09-13T14:05:26","guid":{"rendered":"http:\/\/didaktik-der-bildenden-kuenste.de\/ortekuenstlerischerbildungsprozesse\/?page_id=12"},"modified":"2026-01-22T10:35:32","modified_gmt":"2026-01-22T09:35:32","slug":"vortraege","status":"publish","type":"page","link":"https:\/\/didaktik-der-bildenden-kuenste.de\/ortekuenstlerischerbildungsprozesse\/vortraege\/","title":{"rendered":"Vortr\u00e4ge"},"content":{"rendered":"\n<p><\/p>\n\n\n\n<div class=\"wp-block-columns wp-elements-acc4ea29ae6dfa6fb228945e729e9e00 is-layout-flex wp-container-core-columns-is-layout-615fc4ce wp-block-columns-is-layout-flex\" style=\"padding-top:0;padding-right:var(--wp--preset--spacing--30);padding-bottom:0;padding-left:var(--wp--preset--spacing--30);font-style:normal;font-weight:200\">\n<div class=\"wp-block-column is-layout-flow wp-block-column-is-layout-flow\">\n<p class=\"has-small-font-size\"><a href=\"http:\/\/didaktik-der-bildenden-kuenste.de\/ortekuenstlerischerbildungsprozesse\/sara-hornaek\/\">SARA HORN\u00c4K (D\u00dcSSELDORF)<\/a><br>Playgrounds &#8211; Wechselwirkungen zwischen k\u00fcnstlerischen und kursdidaktischen Fragestellungen<\/p>\n<\/div>\n\n\n\n<div class=\"wp-block-column is-layout-flow wp-block-column-is-layout-flow\">\n<p id=\"maximiliane-baumgartner\"><a href=\"http:\/\/didaktik-der-bildenden-kuenste.de\/ortekuenstlerischerbildungsprozesse\/annette-hasselbeck\/\">ANNETTE HASSELBECK (D\u00dcSSELDORF)<\/a><br>Geni(e)us Loci? Die Kunstakademie als Ort des Studiums von Kunst und Lehre<\/p>\n<\/div>\n\n\n\n<div class=\"wp-block-column is-layout-flow wp-block-column-is-layout-flow\">\n<p><a href=\"http:\/\/didaktik-der-bildenden-kuenste.de\/ortekuenstlerischerbildungsprozesse\/tanja-wetzel\/\">TANJA WETZEL (KASSEL)<\/a><br>Missing link: Vom k\u00fcnstlerischen Studium zum Schulunterricht<\/p>\n<\/div>\n<\/div>\n\n\n\n<div class=\"wp-block-columns wp-elements-e30ccf4eb44bd25af75c4cb6d3d0afbe is-layout-flex wp-container-core-columns-is-layout-615fc4ce wp-block-columns-is-layout-flex\" style=\"padding-top:0;padding-right:var(--wp--preset--spacing--30);padding-bottom:0;padding-left:var(--wp--preset--spacing--30);font-style:normal;font-weight:200\">\n<div class=\"wp-block-column is-layout-flow wp-block-column-is-layout-flow\">\n<p><a href=\"http:\/\/didaktik-der-bildenden-kuenste.de\/ortekuenstlerischerbildungsprozesse\/gesa-krebber\/\">GESA KREBBER (M\u00dcNSTER)<\/a><br>artistic habitats <br>Kunstakademie als Gemeinschaft<\/p>\n<\/div>\n\n\n\n<div class=\"wp-block-column is-layout-flow wp-block-column-is-layout-flow\">\n<p><a href=\"http:\/\/didaktik-der-bildenden-kuenste.de\/ortekuenstlerischerbildungsprozesse\/notburga-karl\/\">NOTBURGA KARL (M\u00dcNCHEN)<\/a><br>(wie) \u00dcbergangsr\u00e4ume schaffen<\/p>\n<\/div>\n\n\n\n<div class=\"wp-block-column is-layout-flow wp-block-column-is-layout-flow\">\n<p id=\"maximiliane-baumgartner\"><a href=\"http:\/\/didaktik-der-bildenden-kuenste.de\/ortekuenstlerischerbildungsprozesse\/maximiliane-baumgartner\/\">MAXIMILIANE BAUMGARTNER (D\u00dcSSELDORF)<\/a><br>Aktionsr\u00e4ume<\/p>\n<\/div>\n<\/div>\n\n\n\n<div class=\"wp-block-columns wp-elements-ce0425d3f3d3cee88d32d57a52ea3b5a is-layout-flex wp-container-core-columns-is-layout-615fc4ce wp-block-columns-is-layout-flex\" style=\"padding-top:0;padding-right:var(--wp--preset--spacing--30);padding-bottom:0;padding-left:var(--wp--preset--spacing--30);font-style:normal;font-weight:200\">\n<div class=\"wp-block-column is-layout-flow wp-block-column-is-layout-flow\">\n<p><a href=\"http:\/\/didaktik-der-bildenden-kuenste.de\/ortekuenstlerischerbildungsprozesse\/lena-ziese\/\">LENA ZIESE (N\u00dcRNBERG)<\/a><br>skill sharing, excitement sharing<\/p>\n<\/div>\n\n\n\n<div class=\"wp-block-column is-layout-flow wp-block-column-is-layout-flow\">\n<p><a href=\"http:\/\/didaktik-der-bildenden-kuenste.de\/ortekuenstlerischerbildungsprozesse\/sara-burkhardt\/\">SARA BURKHARDT (HALLE(SAALE))<\/a><br>&#8222;Ich bin Kunstp\u00e4dagog*in.&#8220; Arbeit am Selbstbild und &#8211; verst\u00e4ndnis.<\/p>\n<\/div>\n\n\n\n<div class=\"wp-block-column is-layout-flow wp-block-column-is-layout-flow\">\n<p><a href=\"http:\/\/didaktik-der-bildenden-kuenste.de\/ortekuenstlerischerbildungsprozesse\/magdalena-eckes\/\">MAGDALENA ECKES (SIEGEN)<\/a><br>&#8222;Ich und ein Lehrberuf?&#8220; Fragen von KUNST(Lehramts)studierenden der Akademie an den Lehrberuf &#8211; und m\u00f6gliche Antworten in Tandems<\/p>\n<\/div>\n<\/div>\n\n\n\n<p><\/p>\n\n\n\n<p><\/p>\n","protected":false},"excerpt":{"rendered":"<p>SARA HORN\u00c4K (D\u00dcSSELDORF)Playgrounds &#8211; Wechselwirkungen zwischen k\u00fcnstlerischen und kursdidaktischen Fragestellungen ANNETTE HASSELBECK (D\u00dcSSELDORF)Geni(e)us Loci? Die Kunstakademie als Ort des Studiums von Kunst und Lehre TANJA WETZEL (KASSEL)Missing link: Vom k\u00fcnstlerischen Studium zum Schulunterricht GESA KREBBER (M\u00dcNSTER)artistic habitats Kunstakademie als Gemeinschaft NOTBURGA KARL (M\u00dcNCHEN)(wie) \u00dcbergangsr\u00e4ume schaffen MAXIMILIANE BAUMGARTNER (D\u00dcSSELDORF)Aktionsr\u00e4ume LENA ZIESE (N\u00dcRNBERG)skill sharing, excitement sharing SARA [&hellip;]<\/p>\n","protected":false},"author":12,"featured_media":0,"parent":0,"menu_order":5,"comment_status":"closed","ping_status":"closed","template":"","meta":{"footnotes":""},"class_list":["post-12","page","type-page","status-publish","hentry"],"yoast_head":"<!-- This site is optimized with the Yoast SEO plugin v26.8 - https:\/\/yoast.com\/product\/yoast-seo-wordpress\/ -->\n<title>Vortr\u00e4ge - Orte k\u00fcnstlerischer Bildungsprozesse<\/title>\n<meta name=\"robots\" content=\"index, follow, max-snippet:-1, max-image-preview:large, max-video-preview:-1\" \/>\n<link rel=\"canonical\" href=\"http:\/\/didaktik-der-bildenden-kuenste.de\/ortekuenstlerischerbildungsprozesse\/vortraege\/\" \/>\n<meta property=\"og:locale\" content=\"de_DE\" \/>\n<meta property=\"og:type\" content=\"article\" \/>\n<meta property=\"og:title\" content=\"Vortr\u00e4ge - Orte k\u00fcnstlerischer Bildungsprozesse\" \/>\n<meta property=\"og:description\" content=\"SARA HORN\u00c4K (D\u00dcSSELDORF)Playgrounds &#8211; Wechselwirkungen zwischen k\u00fcnstlerischen und kursdidaktischen Fragestellungen ANNETTE HASSELBECK (D\u00dcSSELDORF)Geni(e)us Loci? Die Kunstakademie als Ort des Studiums von Kunst und Lehre TANJA WETZEL (KASSEL)Missing link: Vom k\u00fcnstlerischen Studium zum Schulunterricht GESA KREBBER (M\u00dcNSTER)artistic habitats Kunstakademie als Gemeinschaft NOTBURGA KARL (M\u00dcNCHEN)(wie) \u00dcbergangsr\u00e4ume schaffen MAXIMILIANE BAUMGARTNER (D\u00dcSSELDORF)Aktionsr\u00e4ume LENA ZIESE (N\u00dcRNBERG)skill sharing, excitement sharing SARA [&hellip;]\" \/>\n<meta property=\"og:url\" content=\"http:\/\/didaktik-der-bildenden-kuenste.de\/ortekuenstlerischerbildungsprozesse\/vortraege\/\" \/>\n<meta property=\"og:site_name\" content=\"Orte k\u00fcnstlerischer Bildungsprozesse\" \/>\n<meta property=\"article:modified_time\" content=\"2026-01-22T09:35:32+00:00\" \/>\n<meta name=\"twitter:card\" content=\"summary_large_image\" \/>\n<meta name=\"twitter:label1\" content=\"Gesch\u00e4tzte Lesezeit\" \/>\n\t<meta name=\"twitter:data1\" content=\"1\u00a0Minute\" \/>\n<script type=\"application\/ld+json\" class=\"yoast-schema-graph\">{\"@context\":\"https:\/\/schema.org\",\"@graph\":[{\"@type\":\"WebPage\",\"@id\":\"http:\/\/didaktik-der-bildenden-kuenste.de\/ortekuenstlerischerbildungsprozesse\/vortraege\/\",\"url\":\"http:\/\/didaktik-der-bildenden-kuenste.de\/ortekuenstlerischerbildungsprozesse\/vortraege\/\",\"name\":\"Vortr\u00e4ge - Orte k\u00fcnstlerischer Bildungsprozesse\",\"isPartOf\":{\"@id\":\"https:\/\/didaktik-der-bildenden-kuenste.de\/ortekuenstlerischerbildungsprozesse\/#website\"},\"datePublished\":\"2023-09-13T14:05:26+00:00\",\"dateModified\":\"2026-01-22T09:35:32+00:00\",\"breadcrumb\":{\"@id\":\"http:\/\/didaktik-der-bildenden-kuenste.de\/ortekuenstlerischerbildungsprozesse\/vortraege\/#breadcrumb\"},\"inLanguage\":\"de\",\"potentialAction\":[{\"@type\":\"ReadAction\",\"target\":[\"http:\/\/didaktik-der-bildenden-kuenste.de\/ortekuenstlerischerbildungsprozesse\/vortraege\/\"]}]},{\"@type\":\"BreadcrumbList\",\"@id\":\"http:\/\/didaktik-der-bildenden-kuenste.de\/ortekuenstlerischerbildungsprozesse\/vortraege\/#breadcrumb\",\"itemListElement\":[{\"@type\":\"ListItem\",\"position\":1,\"name\":\"Orte K\u00fcnstlerischer Bildungsprozesse\",\"item\":\"https:\/\/didaktik-der-bildenden-kuenste.de\/ortekuenstlerischerbildungsprozesse\/\"},{\"@type\":\"ListItem\",\"position\":2,\"name\":\"Vortr\u00e4ge\"}]},{\"@type\":\"WebSite\",\"@id\":\"https:\/\/didaktik-der-bildenden-kuenste.de\/ortekuenstlerischerbildungsprozesse\/#website\",\"url\":\"https:\/\/didaktik-der-bildenden-kuenste.de\/ortekuenstlerischerbildungsprozesse\/\",\"name\":\"Orte k\u00fcnstlerischer Bildungsprozesse\",\"description\":\"Kunstp\u00e4dagogische Praxen an Kunstakademien\",\"potentialAction\":[{\"@type\":\"SearchAction\",\"target\":{\"@type\":\"EntryPoint\",\"urlTemplate\":\"https:\/\/didaktik-der-bildenden-kuenste.de\/ortekuenstlerischerbildungsprozesse\/?s={search_term_string}\"},\"query-input\":{\"@type\":\"PropertyValueSpecification\",\"valueRequired\":true,\"valueName\":\"search_term_string\"}}],\"inLanguage\":\"de\"}]}<\/script>\n<!-- \/ Yoast SEO plugin. -->","yoast_head_json":{"title":"Vortr\u00e4ge - Orte k\u00fcnstlerischer Bildungsprozesse","robots":{"index":"index","follow":"follow","max-snippet":"max-snippet:-1","max-image-preview":"max-image-preview:large","max-video-preview":"max-video-preview:-1"},"canonical":"http:\/\/didaktik-der-bildenden-kuenste.de\/ortekuenstlerischerbildungsprozesse\/vortraege\/","og_locale":"de_DE","og_type":"article","og_title":"Vortr\u00e4ge - Orte k\u00fcnstlerischer Bildungsprozesse","og_description":"SARA HORN\u00c4K (D\u00dcSSELDORF)Playgrounds &#8211; Wechselwirkungen zwischen k\u00fcnstlerischen und kursdidaktischen Fragestellungen ANNETTE HASSELBECK (D\u00dcSSELDORF)Geni(e)us Loci? Die Kunstakademie als Ort des Studiums von Kunst und Lehre TANJA WETZEL (KASSEL)Missing link: Vom k\u00fcnstlerischen Studium zum Schulunterricht GESA KREBBER (M\u00dcNSTER)artistic habitats Kunstakademie als Gemeinschaft NOTBURGA KARL (M\u00dcNCHEN)(wie) \u00dcbergangsr\u00e4ume schaffen MAXIMILIANE BAUMGARTNER (D\u00dcSSELDORF)Aktionsr\u00e4ume LENA ZIESE (N\u00dcRNBERG)skill sharing, excitement sharing SARA [&hellip;]","og_url":"http:\/\/didaktik-der-bildenden-kuenste.de\/ortekuenstlerischerbildungsprozesse\/vortraege\/","og_site_name":"Orte k\u00fcnstlerischer Bildungsprozesse","article_modified_time":"2026-01-22T09:35:32+00:00","twitter_card":"summary_large_image","twitter_misc":{"Gesch\u00e4tzte Lesezeit":"1\u00a0Minute"},"schema":{"@context":"https:\/\/schema.org","@graph":[{"@type":"WebPage","@id":"http:\/\/didaktik-der-bildenden-kuenste.de\/ortekuenstlerischerbildungsprozesse\/vortraege\/","url":"http:\/\/didaktik-der-bildenden-kuenste.de\/ortekuenstlerischerbildungsprozesse\/vortraege\/","name":"Vortr\u00e4ge - Orte k\u00fcnstlerischer Bildungsprozesse","isPartOf":{"@id":"https:\/\/didaktik-der-bildenden-kuenste.de\/ortekuenstlerischerbildungsprozesse\/#website"},"datePublished":"2023-09-13T14:05:26+00:00","dateModified":"2026-01-22T09:35:32+00:00","breadcrumb":{"@id":"http:\/\/didaktik-der-bildenden-kuenste.de\/ortekuenstlerischerbildungsprozesse\/vortraege\/#breadcrumb"},"inLanguage":"de","potentialAction":[{"@type":"ReadAction","target":["http:\/\/didaktik-der-bildenden-kuenste.de\/ortekuenstlerischerbildungsprozesse\/vortraege\/"]}]},{"@type":"BreadcrumbList","@id":"http:\/\/didaktik-der-bildenden-kuenste.de\/ortekuenstlerischerbildungsprozesse\/vortraege\/#breadcrumb","itemListElement":[{"@type":"ListItem","position":1,"name":"Orte K\u00fcnstlerischer Bildungsprozesse","item":"https:\/\/didaktik-der-bildenden-kuenste.de\/ortekuenstlerischerbildungsprozesse\/"},{"@type":"ListItem","position":2,"name":"Vortr\u00e4ge"}]},{"@type":"WebSite","@id":"https:\/\/didaktik-der-bildenden-kuenste.de\/ortekuenstlerischerbildungsprozesse\/#website","url":"https:\/\/didaktik-der-bildenden-kuenste.de\/ortekuenstlerischerbildungsprozesse\/","name":"Orte k\u00fcnstlerischer Bildungsprozesse","description":"Kunstp\u00e4dagogische Praxen an Kunstakademien","potentialAction":[{"@type":"SearchAction","target":{"@type":"EntryPoint","urlTemplate":"https:\/\/didaktik-der-bildenden-kuenste.de\/ortekuenstlerischerbildungsprozesse\/?s={search_term_string}"},"query-input":{"@type":"PropertyValueSpecification","valueRequired":true,"valueName":"search_term_string"}}],"inLanguage":"de"}]}},"_links":{"self":[{"href":"https:\/\/didaktik-der-bildenden-kuenste.de\/ortekuenstlerischerbildungsprozesse\/wp-json\/wp\/v2\/pages\/12","targetHints":{"allow":["GET"]}}],"collection":[{"href":"https:\/\/didaktik-der-bildenden-kuenste.de\/ortekuenstlerischerbildungsprozesse\/wp-json\/wp\/v2\/pages"}],"about":[{"href":"https:\/\/didaktik-der-bildenden-kuenste.de\/ortekuenstlerischerbildungsprozesse\/wp-json\/wp\/v2\/types\/page"}],"author":[{"embeddable":true,"href":"https:\/\/didaktik-der-bildenden-kuenste.de\/ortekuenstlerischerbildungsprozesse\/wp-json\/wp\/v2\/users\/12"}],"replies":[{"embeddable":true,"href":"https:\/\/didaktik-der-bildenden-kuenste.de\/ortekuenstlerischerbildungsprozesse\/wp-json\/wp\/v2\/comments?post=12"}],"version-history":[{"count":21,"href":"https:\/\/didaktik-der-bildenden-kuenste.de\/ortekuenstlerischerbildungsprozesse\/wp-json\/wp\/v2\/pages\/12\/revisions"}],"predecessor-version":[{"id":492,"href":"https:\/\/didaktik-der-bildenden-kuenste.de\/ortekuenstlerischerbildungsprozesse\/wp-json\/wp\/v2\/pages\/12\/revisions\/492"}],"wp:attachment":[{"href":"https:\/\/didaktik-der-bildenden-kuenste.de\/ortekuenstlerischerbildungsprozesse\/wp-json\/wp\/v2\/media?parent=12"}],"curies":[{"name":"wp","href":"https:\/\/api.w.org\/{rel}","templated":true}]}}