{"id":20,"date":"2023-09-13T16:09:43","date_gmt":"2023-09-13T14:09:43","guid":{"rendered":"http:\/\/didaktik-der-bildenden-kuenste.de\/ortekuenstlerischerbildungsprozesse\/?page_id=20"},"modified":"2026-02-02T14:19:58","modified_gmt":"2026-02-02T13:19:58","slug":"kontakt","status":"publish","type":"page","link":"https:\/\/didaktik-der-bildenden-kuenste.de\/ortekuenstlerischerbildungsprozesse\/kontakt\/","title":{"rendered":"Kontakt"},"content":{"rendered":"\n<p>Prof.in Dr. Sara Horn\u00e4k<br>Didaktik der Bildenden K\u00fcnste<br>Kunstakademie D\u00fcsseldorf<br>Eiskellerstr. 1<br>40213 D\u00fcsseldorf<\/p>\n\n\n\n<p><a href=\"https:\/\/kunstakademie-duesseldorf.de\/organisation-und-verwaltung\/fachbereich-2-kunstbezogene-wissenschaften\/\">https:\/\/kunstakademie-duesseldorf.de\/organisation-und-verwaltung\/fachbereich-2-kunstbezogene-wissenschaften\/<\/a><\/p>\n\n\n\n<p><a href=\"https:\/\/kunstakademie-duesseldorf.de\/studienangebot-und-bewerbung\/professor-innen\/prof-in-dr-sara-hornaek\/\" type=\"link\" id=\"https:\/\/kunstakademie-duesseldorf.de\/studienangebot-und-bewerbung\/professor-innen\/prof-in-dr-sara-hornaek\/\">https:\/\/kunstakademie-duesseldorf.de\/studienangebot-und-bewerbung\/professor-innen\/prof-in-dr-sara-hornaek\/<\/a><\/p>\n\n\n\n<p><br>Prof.in Dr. Sara Horn\u00e4k (<a href=\"mailto:sara.hornaek@uni-siegen.de\">sara.hornaek@kunstakademie-duesseldorf.de<\/a>),&nbsp;<br>Annette Hasselbeck(<a href=\"mailto:annette.hasselbeck@uni-siegen.de\">annette.hasselbeck@kunstakademie-duesseldorf.de<\/a>)<\/p>\n","protected":false},"excerpt":{"rendered":"<p>Prof.in Dr. Sara Horn\u00e4kDidaktik der Bildenden K\u00fcnsteKunstakademie D\u00fcsseldorfEiskellerstr. 140213 D\u00fcsseldorf https:\/\/kunstakademie-duesseldorf.de\/organisation-und-verwaltung\/fachbereich-2-kunstbezogene-wissenschaften\/ https:\/\/kunstakademie-duesseldorf.de\/studienangebot-und-bewerbung\/professor-innen\/prof-in-dr-sara-hornaek\/ Prof.in Dr. Sara Horn\u00e4k (sara.hornaek@kunstakademie-duesseldorf.de),&nbsp;Annette Hasselbeck(annette.hasselbeck@kunstakademie-duesseldorf.de)<\/p>\n","protected":false},"author":12,"featured_media":0,"parent":0,"menu_order":6,"comment_status":"closed","ping_status":"closed","template":"","meta":{"footnotes":""},"class_list":["post-20","page","type-page","status-publish","hentry"],"yoast_head":"<!-- This site is optimized with the Yoast SEO plugin v26.8 - https:\/\/yoast.com\/product\/yoast-seo-wordpress\/ -->\n<title>Kontakt - Orte k\u00fcnstlerischer Bildungsprozesse<\/title>\n<meta name=\"robots\" content=\"index, follow, max-snippet:-1, max-image-preview:large, max-video-preview:-1\" \/>\n<link rel=\"canonical\" href=\"http:\/\/didaktik-der-bildenden-kuenste.de\/ortekuenstlerischerbildungsprozesse\/kontakt\/\" \/>\n<meta property=\"og:locale\" content=\"de_DE\" \/>\n<meta property=\"og:type\" content=\"article\" \/>\n<meta property=\"og:title\" content=\"Kontakt - Orte k\u00fcnstlerischer Bildungsprozesse\" \/>\n<meta property=\"og:description\" content=\"Prof.in Dr. Sara Horn\u00e4kDidaktik der Bildenden K\u00fcnsteKunstakademie D\u00fcsseldorfEiskellerstr. 140213 D\u00fcsseldorf https:\/\/kunstakademie-duesseldorf.de\/organisation-und-verwaltung\/fachbereich-2-kunstbezogene-wissenschaften\/ https:\/\/kunstakademie-duesseldorf.de\/studienangebot-und-bewerbung\/professor-innen\/prof-in-dr-sara-hornaek\/ Prof.in Dr. Sara Horn\u00e4k (sara.hornaek@kunstakademie-duesseldorf.de),&nbsp;Annette Hasselbeck(annette.hasselbeck@kunstakademie-duesseldorf.de)\" \/>\n<meta property=\"og:url\" content=\"http:\/\/didaktik-der-bildenden-kuenste.de\/ortekuenstlerischerbildungsprozesse\/kontakt\/\" \/>\n<meta property=\"og:site_name\" content=\"Orte k\u00fcnstlerischer Bildungsprozesse\" \/>\n<meta property=\"article:modified_time\" content=\"2026-02-02T13:19:58+00:00\" \/>\n<meta name=\"twitter:card\" content=\"summary_large_image\" \/>\n<meta name=\"twitter:label1\" content=\"Gesch\u00e4tzte Lesezeit\" \/>\n\t<meta name=\"twitter:data1\" content=\"1\u00a0Minute\" \/>\n<script type=\"application\/ld+json\" class=\"yoast-schema-graph\">{\"@context\":\"https:\/\/schema.org\",\"@graph\":[{\"@type\":\"WebPage\",\"@id\":\"http:\/\/didaktik-der-bildenden-kuenste.de\/ortekuenstlerischerbildungsprozesse\/kontakt\/\",\"url\":\"http:\/\/didaktik-der-bildenden-kuenste.de\/ortekuenstlerischerbildungsprozesse\/kontakt\/\",\"name\":\"Kontakt - Orte k\u00fcnstlerischer Bildungsprozesse\",\"isPartOf\":{\"@id\":\"https:\/\/didaktik-der-bildenden-kuenste.de\/ortekuenstlerischerbildungsprozesse\/#website\"},\"datePublished\":\"2023-09-13T14:09:43+00:00\",\"dateModified\":\"2026-02-02T13:19:58+00:00\",\"breadcrumb\":{\"@id\":\"http:\/\/didaktik-der-bildenden-kuenste.de\/ortekuenstlerischerbildungsprozesse\/kontakt\/#breadcrumb\"},\"inLanguage\":\"de\",\"potentialAction\":[{\"@type\":\"ReadAction\",\"target\":[\"http:\/\/didaktik-der-bildenden-kuenste.de\/ortekuenstlerischerbildungsprozesse\/kontakt\/\"]}]},{\"@type\":\"BreadcrumbList\",\"@id\":\"http:\/\/didaktik-der-bildenden-kuenste.de\/ortekuenstlerischerbildungsprozesse\/kontakt\/#breadcrumb\",\"itemListElement\":[{\"@type\":\"ListItem\",\"position\":1,\"name\":\"Orte K\u00fcnstlerischer Bildungsprozesse\",\"item\":\"https:\/\/didaktik-der-bildenden-kuenste.de\/ortekuenstlerischerbildungsprozesse\/\"},{\"@type\":\"ListItem\",\"position\":2,\"name\":\"Kontakt\"}]},{\"@type\":\"WebSite\",\"@id\":\"https:\/\/didaktik-der-bildenden-kuenste.de\/ortekuenstlerischerbildungsprozesse\/#website\",\"url\":\"https:\/\/didaktik-der-bildenden-kuenste.de\/ortekuenstlerischerbildungsprozesse\/\",\"name\":\"Orte k\u00fcnstlerischer Bildungsprozesse\",\"description\":\"Kunstp\u00e4dagogische Praxen an Kunstakademien\",\"potentialAction\":[{\"@type\":\"SearchAction\",\"target\":{\"@type\":\"EntryPoint\",\"urlTemplate\":\"https:\/\/didaktik-der-bildenden-kuenste.de\/ortekuenstlerischerbildungsprozesse\/?s={search_term_string}\"},\"query-input\":{\"@type\":\"PropertyValueSpecification\",\"valueRequired\":true,\"valueName\":\"search_term_string\"}}],\"inLanguage\":\"de\"}]}<\/script>\n<!-- \/ Yoast SEO plugin. -->","yoast_head_json":{"title":"Kontakt - Orte k\u00fcnstlerischer Bildungsprozesse","robots":{"index":"index","follow":"follow","max-snippet":"max-snippet:-1","max-image-preview":"max-image-preview:large","max-video-preview":"max-video-preview:-1"},"canonical":"http:\/\/didaktik-der-bildenden-kuenste.de\/ortekuenstlerischerbildungsprozesse\/kontakt\/","og_locale":"de_DE","og_type":"article","og_title":"Kontakt - Orte k\u00fcnstlerischer Bildungsprozesse","og_description":"Prof.in Dr. Sara Horn\u00e4kDidaktik der Bildenden K\u00fcnsteKunstakademie D\u00fcsseldorfEiskellerstr. 140213 D\u00fcsseldorf https:\/\/kunstakademie-duesseldorf.de\/organisation-und-verwaltung\/fachbereich-2-kunstbezogene-wissenschaften\/ https:\/\/kunstakademie-duesseldorf.de\/studienangebot-und-bewerbung\/professor-innen\/prof-in-dr-sara-hornaek\/ Prof.in Dr. Sara Horn\u00e4k (sara.hornaek@kunstakademie-duesseldorf.de),&nbsp;Annette Hasselbeck(annette.hasselbeck@kunstakademie-duesseldorf.de)","og_url":"http:\/\/didaktik-der-bildenden-kuenste.de\/ortekuenstlerischerbildungsprozesse\/kontakt\/","og_site_name":"Orte k\u00fcnstlerischer Bildungsprozesse","article_modified_time":"2026-02-02T13:19:58+00:00","twitter_card":"summary_large_image","twitter_misc":{"Gesch\u00e4tzte Lesezeit":"1\u00a0Minute"},"schema":{"@context":"https:\/\/schema.org","@graph":[{"@type":"WebPage","@id":"http:\/\/didaktik-der-bildenden-kuenste.de\/ortekuenstlerischerbildungsprozesse\/kontakt\/","url":"http:\/\/didaktik-der-bildenden-kuenste.de\/ortekuenstlerischerbildungsprozesse\/kontakt\/","name":"Kontakt - Orte k\u00fcnstlerischer Bildungsprozesse","isPartOf":{"@id":"https:\/\/didaktik-der-bildenden-kuenste.de\/ortekuenstlerischerbildungsprozesse\/#website"},"datePublished":"2023-09-13T14:09:43+00:00","dateModified":"2026-02-02T13:19:58+00:00","breadcrumb":{"@id":"http:\/\/didaktik-der-bildenden-kuenste.de\/ortekuenstlerischerbildungsprozesse\/kontakt\/#breadcrumb"},"inLanguage":"de","potentialAction":[{"@type":"ReadAction","target":["http:\/\/didaktik-der-bildenden-kuenste.de\/ortekuenstlerischerbildungsprozesse\/kontakt\/"]}]},{"@type":"BreadcrumbList","@id":"http:\/\/didaktik-der-bildenden-kuenste.de\/ortekuenstlerischerbildungsprozesse\/kontakt\/#breadcrumb","itemListElement":[{"@type":"ListItem","position":1,"name":"Orte K\u00fcnstlerischer Bildungsprozesse","item":"https:\/\/didaktik-der-bildenden-kuenste.de\/ortekuenstlerischerbildungsprozesse\/"},{"@type":"ListItem","position":2,"name":"Kontakt"}]},{"@type":"WebSite","@id":"https:\/\/didaktik-der-bildenden-kuenste.de\/ortekuenstlerischerbildungsprozesse\/#website","url":"https:\/\/didaktik-der-bildenden-kuenste.de\/ortekuenstlerischerbildungsprozesse\/","name":"Orte k\u00fcnstlerischer Bildungsprozesse","description":"Kunstp\u00e4dagogische Praxen an Kunstakademien","potentialAction":[{"@type":"SearchAction","target":{"@type":"EntryPoint","urlTemplate":"https:\/\/didaktik-der-bildenden-kuenste.de\/ortekuenstlerischerbildungsprozesse\/?s={search_term_string}"},"query-input":{"@type":"PropertyValueSpecification","valueRequired":true,"valueName":"search_term_string"}}],"inLanguage":"de"}]}},"_links":{"self":[{"href":"https:\/\/didaktik-der-bildenden-kuenste.de\/ortekuenstlerischerbildungsprozesse\/wp-json\/wp\/v2\/pages\/20","targetHints":{"allow":["GET"]}}],"collection":[{"href":"https:\/\/didaktik-der-bildenden-kuenste.de\/ortekuenstlerischerbildungsprozesse\/wp-json\/wp\/v2\/pages"}],"about":[{"href":"https:\/\/didaktik-der-bildenden-kuenste.de\/ortekuenstlerischerbildungsprozesse\/wp-json\/wp\/v2\/types\/page"}],"author":[{"embeddable":true,"href":"https:\/\/didaktik-der-bildenden-kuenste.de\/ortekuenstlerischerbildungsprozesse\/wp-json\/wp\/v2\/users\/12"}],"replies":[{"embeddable":true,"href":"https:\/\/didaktik-der-bildenden-kuenste.de\/ortekuenstlerischerbildungsprozesse\/wp-json\/wp\/v2\/comments?post=20"}],"version-history":[{"count":7,"href":"https:\/\/didaktik-der-bildenden-kuenste.de\/ortekuenstlerischerbildungsprozesse\/wp-json\/wp\/v2\/pages\/20\/revisions"}],"predecessor-version":[{"id":546,"href":"https:\/\/didaktik-der-bildenden-kuenste.de\/ortekuenstlerischerbildungsprozesse\/wp-json\/wp\/v2\/pages\/20\/revisions\/546"}],"wp:attachment":[{"href":"https:\/\/didaktik-der-bildenden-kuenste.de\/ortekuenstlerischerbildungsprozesse\/wp-json\/wp\/v2\/media?parent=20"}],"curies":[{"name":"wp","href":"https:\/\/api.w.org\/{rel}","templated":true}]}}