{"id":861,"date":"2015-12-02T11:51:45","date_gmt":"2015-12-02T10:51:45","guid":{"rendered":"http:\/\/didaktik-der-bildenden-kuenste.de\/skulptur-lehren\/?page_id=861"},"modified":"2016-01-29T12:44:10","modified_gmt":"2016-01-29T11:44:10","slug":"programm","status":"publish","type":"page","link":"https:\/\/didaktik-der-bildenden-kuenste.de\/skulptur-lehren\/?page_id=861","title":{"rendered":"Programm"},"content":{"rendered":"\n<table id=\"tablepress-2\" class=\"tablepress tablepress-id-2 tbody-has-connected-cells\">\n<tbody>\n<tr class=\"row-1\">\n\t<td colspan=\"3\" class=\"column-1\">Mittwoch, 20.04.2016<\/td>\n<\/tr>\n<tr class=\"row-2\">\n\t<td class=\"column-1\">14.00 Uhr<\/td><td colspan=\"2\" class=\"column-2\">Volker Peckhaus, Dekan der Kulturwissenschaftlichen Fakult\u00e4t der Universit\u00e4t Paderborn<br \/>\nBEGR\u00dcSSUNG<br \/>\n<a href=\"http:\/\/didaktik-der-bildenden-kuenste.de\/skulptur-lehren\/?page_id=1991\"target=\"_blank\">Sara Horn\u00e4k (Universit\u00e4t Paderborn)<br \/>\nEINF\u00dcHRUNG IN DIE THEMATIK UND IN DAS PROGRAMM DER TAGUNG<\/a><\/td>\n<\/tr>\n<tr class=\"row-3\">\n\t<td colspan=\"3\" class=\"column-1\">I SKULPTUR IN ZEITEN IHRER ENTGRENZUNG<br \/>\nModeration: Sara Horn\u00e4k<\/td>\n<\/tr>\n<tr class=\"row-4\">\n\t<td class=\"column-1\">14.45-15.30<\/td><td colspan=\"2\" class=\"column-2\"> <a href=\"http:\/\/didaktik-der-bildenden-kuenste.de\/skulptur-lehren\/?page_id=911\" target=\"_blank\">Martina Dobbe (Kunstakademie D\u00fcsseldorf)<br \/>\nVON DER SKULPTUR IM ERWEITERTEN FELD ZUM SKULPTURALEN ALS POST-MEDIALER KATEGORIE<\/a><\/td>\n<\/tr>\n<tr class=\"row-5\">\n\t<td class=\"column-1\">15.30-16.15<\/td><td class=\"column-2\"><a href=\"http:\/\/didaktik-der-bildenden-kuenste.de\/skulptur-lehren\/?page_id=1291\" target=\"_blank\">Hartmut Wilkening (Amsterdam)<br \/>\nPARADIGMENWECHSEL F\u00dcR DIE SKULPTUR<br \/>\nNEUES PARADIGMA F\u00dcR DIE AUSBILDUNG?<\/a><\/td><td class=\"column-3\"><\/td>\n<\/tr>\n<tr class=\"row-6\">\n\t<td class=\"column-1\">16.15-16.45<\/td><td colspan=\"2\" class=\"column-2\">Pause<\/td>\n<\/tr>\n<tr class=\"row-7\">\n\t<td class=\"column-1\">16.45-17.30<\/td><td colspan=\"2\" class=\"column-2\"><a href=\"http:\/\/didaktik-der-bildenden-kuenste.de\/skulptur-lehren\/?page_id=1311\"target=\"_blank\">Petra Maria Meyer (Muthesius Kunsthochschule Kiel)<br \/>\nDAS WACHSEN DER LEERE<br \/>\nPLASTISCHES DENKEN UND FORMEN<br \/>\nAUS PHILOSOPHISCHER SICHT<\/a><\/td>\n<\/tr>\n<tr class=\"row-8\">\n\t<td class=\"column-1\">17.30-18.15<\/td><td colspan=\"2\" class=\"column-2\"><a href=\"http:\/\/didaktik-der-bildenden-kuenste.de\/skulptur-lehren\/?page_id=1251\" target=\"_blank\">Karina Pauls (Kunstakademie D\u00fcsseldorf)<br \/>\nSKULPTUR IN ZEITEN IHRER ENTGRENZUNG<br \/>\nHERAUSFORDERUNGEN UND M\u00d6GLICHKEITEN IHRER VERMITTLUNG<\/a><\/td>\n<\/tr>\n<tr class=\"row-9\">\n\t<td class=\"column-1\">18.15-18.45<\/td><td colspan=\"2\" class=\"column-2\">Diskussion<\/td>\n<\/tr>\n<\/tbody>\n<\/table>\n<!-- #tablepress-2 from cache -->\n<p>&nbsp;<\/p>\n\n<table id=\"tablepress-1\" class=\"tablepress tablepress-id-1 tbody-has-connected-cells\">\n<tbody>\n<tr class=\"row-1\">\n\t<td colspan=\"3\" class=\"column-1\">Donnerstag, 21.04.2016<\/td>\n<\/tr>\n<tr class=\"row-2\">\n\t<td colspan=\"3\" class=\"column-1\">II ERWEITERUNGSFORMEN<\/td>\n<\/tr>\n<tr class=\"row-3\">\n\t<td colspan=\"3\" class=\"column-1\">SKULPTUR UND RAUM <br \/>\nModeration: Sara Horn\u00e4k\/ Anna Penning<\/td>\n<\/tr>\n<tr class=\"row-4\">\n\t<td class=\"column-1\">9.00-9.45<\/td><td colspan=\"2\" class=\"column-2\"><a href=\"http:\/\/didaktik-der-bildenden-kuenste.de\/skulptur-lehren\/?page_id=1531\" target=\"_blank\">Susanne Henning (Universit\u00e4t Paderborn)<br \/>\nDIE HISTORIZIT\u00c4T DER WAHRNEHMUNGSWEISEN VON ARCHITEKTUR UND SKULPTUR<\/a><br \/>\n<\/td>\n<\/tr>\n<tr class=\"row-5\">\n\t<td class=\"column-1\">9.45-10.30<\/td><td colspan=\"2\" class=\"column-2\"><a href=\"http:\/\/didaktik-der-bildenden-kuenste.de\/skulptur-lehren\/?page_id=1271\" target=\"_blank\">Petra Kathke (Universit\u00e4t Bielefeld)<br \/>\nR\u00c4UME DAZWISCHEN<br \/>\nSTRATEGIEN DER ENTGRENZUNG IN DER K\u00dcNSTLERISCHEN LEHRE<\/a> <\/td>\n<\/tr>\n<tr class=\"row-6\">\n\t<td class=\"column-1\">10.30-10.45 <\/td><td colspan=\"2\" class=\"column-2\">Pause<\/td>\n<\/tr>\n<tr class=\"row-7\">\n\t<td class=\"column-1\">10.45-11.30<\/td><td colspan=\"2\" class=\"column-2\"><a href=\"http:\/\/didaktik-der-bildenden-kuenste.de\/skulptur-lehren\/?page_id=1471\" target=\"_blank\">Johanna Schwarz (Universit\u00e4t Duisburg Essen)<br \/>\nEINFACHIMRAUM <br \/>\nR\u00c4UME SIND LEBEWESEN<\/a><br \/>\n<\/td>\n<\/tr>\n<tr class=\"row-8\">\n\t<td class=\"column-1\">11.30-12.00<\/td><td colspan=\"2\" class=\"column-2\">Diskussion<\/td>\n<\/tr>\n<tr class=\"row-9\">\n\t<td colspan=\"3\" class=\"column-1\">SKULPTUR UND ZEIT<br \/>\nModeration: Sara Horn\u00e4k\/ Lisa Kuntze-Fechner<\/td>\n<\/tr>\n<tr class=\"row-10\">\n\t<td class=\"column-1\">12.00-12.45<\/td><td colspan=\"2\" class=\"column-2\"><a href=\"http:\/\/didaktik-der-bildenden-kuenste.de\/skulptur-lehren\/?page_id=1391\" target=\"_blank\">Ursula Str\u00f6bele (UdK Berlin)<br \/>\nNACH DER NATUR<br \/>\nPROZESSE DES LEBENS IN DER SKULPTUR<\/a> <\/td>\n<\/tr>\n<tr class=\"row-11\">\n\t<td class=\"column-1\">12.45-14.00 <\/td><td colspan=\"2\" class=\"column-2\">Pause<\/td>\n<\/tr>\n<tr class=\"row-12\">\n\t<td class=\"column-1\">14.00-14.45<\/td><td colspan=\"2\" class=\"column-2\"><a href=\"http:\/\/didaktik-der-bildenden-kuenste.de\/skulptur-lehren\/?page_id=1431\" target=\"_blank\">Anna Penning (Universit\u00e4t Paderborn)<br \/>\nSKULPTURALES HANDELN IM AKUSTISCHEN RAUM<\/a><\/td>\n<\/tr>\n<tr class=\"row-13\">\n\t<td class=\"column-1\">14.45-15.30<\/td><td colspan=\"2\" class=\"column-2\"><a href=\"http:\/\/didaktik-der-bildenden-kuenste.de\/skulptur-lehren\/?page_id=2671\" target=\"_blank\">Anke Lohrer (D\u00fcsseldorf)<br \/>\nBEST PRACTICE: KINETISCHE SKULPTUR IN EXPERIMENTELLER F\u00c4CHER- UND MEDIEN\u00dcBERGREIFENDER UMSETZUNG<\/a><\/td>\n<\/tr>\n<tr class=\"row-14\">\n\t<td class=\"column-1\">15.30-16.00<\/td><td colspan=\"2\" class=\"column-2\">Diskussion<\/td>\n<\/tr>\n<tr class=\"row-15\">\n\t<td class=\"column-1\">16.00-16.30<\/td><td colspan=\"2\" class=\"column-2\">Pause<\/td>\n<\/tr>\n<tr class=\"row-16\">\n\t<td colspan=\"3\" class=\"column-1\">SKULPTUR UND MATERIAL<br \/>\nModeration: Sara Horn\u00e4k<\/td>\n<\/tr>\n<tr class=\"row-17\">\n\t<td class=\"column-1\">16.30-17.15<\/td><td colspan=\"2\" class=\"column-2\"><a href=\"http:\/\/didaktik-der-bildenden-kuenste.de\/skulptur-lehren\/?page_id=1451\" target=\"_blank\">Gereon Krebber (Kunstakademie D\u00fcsseldorf)<br \/>\nIMMER \u00c4RGER MIT DER SCHWERKRAFT<\/a><\/td>\n<\/tr>\n<tr class=\"row-18\">\n\t<td class=\"column-1\">17.15-18.00<\/td><td colspan=\"2\" class=\"column-2\"><a href=\"http:\/\/didaktik-der-bildenden-kuenste.de\/skulptur-lehren\/?page_id=951\"target=\"_blank\">Dietmar R\u00fcbel (HfBK Dresden)<br \/>\nTHINK WITH THE SENSES. FEEL WITH THE MIND.<br \/>\nSKULPTUR UND BER\u00dcHRUNG<\/a><\/td>\n<\/tr>\n<tr class=\"row-19\">\n\t<td class=\"column-1\">18.00-18.15<\/td><td colspan=\"2\" class=\"column-2\">Pause<\/td>\n<\/tr>\n<tr class=\"row-20\">\n\t<td class=\"column-1\">18.15-19.00<\/td><td colspan=\"2\" class=\"column-2\"><a href=\"http:\/\/didaktik-der-bildenden-kuenste.de\/skulptur-lehren\/?page_id=1511\" target=\"_blank\">Anja Ciupka (Universit\u00e4t Siegen)<br \/>\nHAUPTSACHE DREIDIMENSIONAL \u2013 K\u00dcNSTLERISCHE LEHRE IM ERSTEN SEMESTER DES LEHRAMTSTUDIUMS KUNST<\/a><\/td>\n<\/tr>\n<tr class=\"row-21\">\n\t<td class=\"column-1\">19.00-19.30 <br \/>\n<\/td><td colspan=\"2\" class=\"column-2\">Diskussion<\/td>\n<\/tr>\n<\/tbody>\n<\/table>\n<!-- #tablepress-1 from cache -->\n<p>&nbsp;<\/p>\n\n<table id=\"tablepress-3\" class=\"tablepress tablepress-id-3 tbody-has-connected-cells\">\n<tbody>\n<tr class=\"row-1\">\n\t<td colspan=\"3\" class=\"column-1\">Freitag, 22.04.2016<\/td>\n<\/tr>\n<tr class=\"row-2\">\n\t<td colspan=\"3\" class=\"column-1\">III SKULPTUR UND LEHRE<\/td>\n<\/tr>\n<tr class=\"row-3\">\n\t<td colspan=\"3\" class=\"column-1\">SKULPTUR UND BETRACHTER<br \/>\nModeration: Sara Horn\u00e4k\/ Susanne Henning<\/td>\n<\/tr>\n<tr class=\"row-4\">\n\t<td class=\"column-1\">9.00-9.45<\/td><td colspan=\"2\" class=\"column-2\"><a href=\"http:\/\/didaktik-der-bildenden-kuenste.de\/skulptur-lehren\/?page_id=1231\" target=\"_blank\">Sabiene Autsch (Universit\u00e4t Paderborn)<br \/>\nVON SKULPTUR AUS<br \/>\nHERAUSFORDERUNGEN F\u00dcR DIE K\u00dcNSTLERISCHE KUNSTVERMITTLUNG<\/a><br \/>\n<\/td>\n<\/tr>\n<tr class=\"row-5\">\n\t<td class=\"column-1\">9.45-10.30<\/td><td colspan=\"2\" class=\"column-2\"><a href=\"http:\/\/didaktik-der-bildenden-kuenste.de\/skulptur-lehren\/?page_id=1491\" target=\"_blank\">Michael Schulze (RWTH Aachen)<br \/>\nSKULPTUR UND PLASTIK: WISSEN UND GESTALTEN<\/a><\/td>\n<\/tr>\n<tr class=\"row-6\">\n\t<td class=\"column-1\">10.30-10.45<\/td><td colspan=\"2\" class=\"column-2\">Pause<\/td>\n<\/tr>\n<tr class=\"row-7\">\n\t<td class=\"column-1\">10.45-11.30<\/td><td colspan=\"2\" class=\"column-2\"><a href=\"http:\/\/didaktik-der-bildenden-kuenste.de\/skulptur-lehren\/?page_id=2831\" target=\"_blank\">Manfred Blohm (Universit\u00e4t Flensburg)<br \/>\n\u00dcberSehen<br \/>\nSKULPTURKONZEPTE IN \u00d6FFENTLICHEN KONTEXTEN<\/a><\/td>\n<\/tr>\n<tr class=\"row-8\">\n\t<td class=\"column-1\">11.30-12.00<\/td><td colspan=\"2\" class=\"column-2\">Diskussion<\/td>\n<\/tr>\n<tr class=\"row-9\">\n\t<td colspan=\"3\" class=\"column-1\">SKULPTURALES DENKEN UND HANDELN<br \/>\nModeration: Sara Horn\u00e4k<\/td>\n<\/tr>\n<tr class=\"row-10\">\n\t<td class=\"column-1\">12.00-12.45<\/td><td colspan=\"2\" class=\"column-2\"><a href=\"http:\/\/didaktik-der-bildenden-kuenste.de\/skulptur-lehren\/?page_id=1331\" target=\"_blank\">Sara Burkhardt (Burg Giebichenstein Kunsthochschule Halle) <br \/>\nBIEGEN, HAUEN, BAUEN, VERBINDEN, SCHWEISSEN, ZERREISSEN... ZWISCHEN ROSENGARTEN UND BURGMAUERN<\/a><\/td>\n<\/tr>\n<tr class=\"row-11\">\n\t<td class=\"column-1\">12.45-14.00<\/td><td colspan=\"2\" class=\"column-2\">Pause<\/td>\n<\/tr>\n<tr class=\"row-12\">\n\t<td class=\"column-1\">14.00-14.45<\/td><td colspan=\"2\" class=\"column-2\"><a href=\"http:\/\/didaktik-der-bildenden-kuenste.de\/skulptur-lehren\/?page_id=1411\"target=\"_blank\">Hannes Brunner (Kunsthochschule Wei\u00dfensee Berlin)<br \/>\nDIE ARBEIT MACHT EIN ANDERER<\/a><\/td>\n<\/tr>\n<tr class=\"row-13\">\n\t<td class=\"column-1\">14.45-15.30<\/td><td colspan=\"2\" class=\"column-2\"><a href=\"http:\/\/didaktik-der-bildenden-kuenste.de\/skulptur-lehren\/?page_id=1371\" target=\"_blank\"> Carl-Peter Buschk\u00fchle (Universit\u00e4t Gie\u00dfen)<br \/>\nDENKEN IST PLASTIK. DER ERWEITERTE PLASTIK-BEGRIFF<br \/>\nVON JOSEPH BEUYS UND DIE K\u00dcNSTLERISCHE BILDUNG<\/a><\/td>\n<\/tr>\n<tr class=\"row-14\">\n\t<td class=\"column-1\">15.30-16.00<\/td><td colspan=\"2\" class=\"column-2\">Diskussion<\/td>\n<\/tr>\n<\/tbody>\n<\/table>\n<!-- #tablepress-3 from cache -->\n","protected":false},"excerpt":{"rendered":"<p>&nbsp; &nbsp;<\/p>\n","protected":false},"author":2,"featured_media":0,"parent":0,"menu_order":0,"comment_status":"closed","ping_status":"closed","template":"","meta":{"footnotes":""},"class_list":["entry","page","publish","author-sara","post-861"],"yoast_head":"<!-- This site is optimized with the Yoast SEO plugin v26.8 - https:\/\/yoast.com\/product\/yoast-seo-wordpress\/ -->\n<title>Programm - SKULPTUR LEHREN<\/title>\n<meta name=\"robots\" content=\"index, follow, max-snippet:-1, max-image-preview:large, max-video-preview:-1\" \/>\n<link rel=\"canonical\" href=\"https:\/\/didaktik-der-bildenden-kuenste.de\/skulptur-lehren\/?page_id=861\" \/>\n<meta property=\"og:locale\" content=\"de_DE\" \/>\n<meta property=\"og:type\" content=\"article\" \/>\n<meta property=\"og:title\" content=\"Programm - SKULPTUR LEHREN\" \/>\n<meta property=\"og:description\" content=\"&nbsp; &nbsp;\" \/>\n<meta property=\"og:url\" content=\"https:\/\/didaktik-der-bildenden-kuenste.de\/skulptur-lehren\/?page_id=861\" \/>\n<meta property=\"og:site_name\" content=\"SKULPTUR LEHREN\" \/>\n<meta property=\"article:modified_time\" content=\"2016-01-29T11:44:10+00:00\" \/>\n<meta name=\"twitter:card\" content=\"summary_large_image\" \/>\n<script type=\"application\/ld+json\" class=\"yoast-schema-graph\">{\"@context\":\"https:\/\/schema.org\",\"@graph\":[{\"@type\":\"WebPage\",\"@id\":\"https:\/\/didaktik-der-bildenden-kuenste.de\/skulptur-lehren\/?page_id=861\",\"url\":\"https:\/\/didaktik-der-bildenden-kuenste.de\/skulptur-lehren\/?page_id=861\",\"name\":\"Programm - SKULPTUR LEHREN\",\"isPartOf\":{\"@id\":\"http:\/\/didaktik-der-bildenden-kuenste.de\/skulptur-lehren\/#website\"},\"datePublished\":\"2015-12-02T10:51:45+00:00\",\"dateModified\":\"2016-01-29T11:44:10+00:00\",\"breadcrumb\":{\"@id\":\"https:\/\/didaktik-der-bildenden-kuenste.de\/skulptur-lehren\/?page_id=861#breadcrumb\"},\"inLanguage\":\"de\",\"potentialAction\":[{\"@type\":\"ReadAction\",\"target\":[\"https:\/\/didaktik-der-bildenden-kuenste.de\/skulptur-lehren\/?page_id=861\"]}]},{\"@type\":\"BreadcrumbList\",\"@id\":\"https:\/\/didaktik-der-bildenden-kuenste.de\/skulptur-lehren\/?page_id=861#breadcrumb\",\"itemListElement\":[{\"@type\":\"ListItem\",\"position\":1,\"name\":\"Home\",\"item\":\"http:\/\/didaktik-der-bildenden-kuenste.de\/skulptur-lehren\/\"},{\"@type\":\"ListItem\",\"position\":2,\"name\":\"Programm\"}]},{\"@type\":\"WebSite\",\"@id\":\"http:\/\/didaktik-der-bildenden-kuenste.de\/skulptur-lehren\/#website\",\"url\":\"http:\/\/didaktik-der-bildenden-kuenste.de\/skulptur-lehren\/\",\"name\":\"SKULPTUR LEHREN\",\"description\":\"\",\"publisher\":{\"@id\":\"http:\/\/didaktik-der-bildenden-kuenste.de\/skulptur-lehren\/#organization\"},\"potentialAction\":[{\"@type\":\"SearchAction\",\"target\":{\"@type\":\"EntryPoint\",\"urlTemplate\":\"http:\/\/didaktik-der-bildenden-kuenste.de\/skulptur-lehren\/?s={search_term_string}\"},\"query-input\":{\"@type\":\"PropertyValueSpecification\",\"valueRequired\":true,\"valueName\":\"search_term_string\"}}],\"inLanguage\":\"de\"},{\"@type\":\"Organization\",\"@id\":\"http:\/\/didaktik-der-bildenden-kuenste.de\/skulptur-lehren\/#organization\",\"name\":\"SKULPTUR LEHREN\",\"url\":\"http:\/\/didaktik-der-bildenden-kuenste.de\/skulptur-lehren\/\",\"logo\":{\"@type\":\"ImageObject\",\"inLanguage\":\"de\",\"@id\":\"http:\/\/didaktik-der-bildenden-kuenste.de\/skulptur-lehren\/#\/schema\/logo\/image\/\",\"url\":\"\",\"contentUrl\":\"\",\"caption\":\"SKULPTUR LEHREN\"},\"image\":{\"@id\":\"http:\/\/didaktik-der-bildenden-kuenste.de\/skulptur-lehren\/#\/schema\/logo\/image\/\"}}]}<\/script>\n<!-- \/ Yoast SEO plugin. -->","yoast_head_json":{"title":"Programm - SKULPTUR LEHREN","robots":{"index":"index","follow":"follow","max-snippet":"max-snippet:-1","max-image-preview":"max-image-preview:large","max-video-preview":"max-video-preview:-1"},"canonical":"https:\/\/didaktik-der-bildenden-kuenste.de\/skulptur-lehren\/?page_id=861","og_locale":"de_DE","og_type":"article","og_title":"Programm - SKULPTUR LEHREN","og_description":"&nbsp; &nbsp;","og_url":"https:\/\/didaktik-der-bildenden-kuenste.de\/skulptur-lehren\/?page_id=861","og_site_name":"SKULPTUR LEHREN","article_modified_time":"2016-01-29T11:44:10+00:00","twitter_card":"summary_large_image","schema":{"@context":"https:\/\/schema.org","@graph":[{"@type":"WebPage","@id":"https:\/\/didaktik-der-bildenden-kuenste.de\/skulptur-lehren\/?page_id=861","url":"https:\/\/didaktik-der-bildenden-kuenste.de\/skulptur-lehren\/?page_id=861","name":"Programm - SKULPTUR LEHREN","isPartOf":{"@id":"http:\/\/didaktik-der-bildenden-kuenste.de\/skulptur-lehren\/#website"},"datePublished":"2015-12-02T10:51:45+00:00","dateModified":"2016-01-29T11:44:10+00:00","breadcrumb":{"@id":"https:\/\/didaktik-der-bildenden-kuenste.de\/skulptur-lehren\/?page_id=861#breadcrumb"},"inLanguage":"de","potentialAction":[{"@type":"ReadAction","target":["https:\/\/didaktik-der-bildenden-kuenste.de\/skulptur-lehren\/?page_id=861"]}]},{"@type":"BreadcrumbList","@id":"https:\/\/didaktik-der-bildenden-kuenste.de\/skulptur-lehren\/?page_id=861#breadcrumb","itemListElement":[{"@type":"ListItem","position":1,"name":"Home","item":"http:\/\/didaktik-der-bildenden-kuenste.de\/skulptur-lehren\/"},{"@type":"ListItem","position":2,"name":"Programm"}]},{"@type":"WebSite","@id":"http:\/\/didaktik-der-bildenden-kuenste.de\/skulptur-lehren\/#website","url":"http:\/\/didaktik-der-bildenden-kuenste.de\/skulptur-lehren\/","name":"SKULPTUR LEHREN","description":"","publisher":{"@id":"http:\/\/didaktik-der-bildenden-kuenste.de\/skulptur-lehren\/#organization"},"potentialAction":[{"@type":"SearchAction","target":{"@type":"EntryPoint","urlTemplate":"http:\/\/didaktik-der-bildenden-kuenste.de\/skulptur-lehren\/?s={search_term_string}"},"query-input":{"@type":"PropertyValueSpecification","valueRequired":true,"valueName":"search_term_string"}}],"inLanguage":"de"},{"@type":"Organization","@id":"http:\/\/didaktik-der-bildenden-kuenste.de\/skulptur-lehren\/#organization","name":"SKULPTUR LEHREN","url":"http:\/\/didaktik-der-bildenden-kuenste.de\/skulptur-lehren\/","logo":{"@type":"ImageObject","inLanguage":"de","@id":"http:\/\/didaktik-der-bildenden-kuenste.de\/skulptur-lehren\/#\/schema\/logo\/image\/","url":"","contentUrl":"","caption":"SKULPTUR LEHREN"},"image":{"@id":"http:\/\/didaktik-der-bildenden-kuenste.de\/skulptur-lehren\/#\/schema\/logo\/image\/"}}]}},"_links":{"self":[{"href":"https:\/\/didaktik-der-bildenden-kuenste.de\/skulptur-lehren\/index.php?rest_route=\/wp\/v2\/pages\/861","targetHints":{"allow":["GET"]}}],"collection":[{"href":"https:\/\/didaktik-der-bildenden-kuenste.de\/skulptur-lehren\/index.php?rest_route=\/wp\/v2\/pages"}],"about":[{"href":"https:\/\/didaktik-der-bildenden-kuenste.de\/skulptur-lehren\/index.php?rest_route=\/wp\/v2\/types\/page"}],"author":[{"embeddable":true,"href":"https:\/\/didaktik-der-bildenden-kuenste.de\/skulptur-lehren\/index.php?rest_route=\/wp\/v2\/users\/2"}],"replies":[{"embeddable":true,"href":"https:\/\/didaktik-der-bildenden-kuenste.de\/skulptur-lehren\/index.php?rest_route=%2Fwp%2Fv2%2Fcomments&post=861"}],"version-history":[{"count":12,"href":"https:\/\/didaktik-der-bildenden-kuenste.de\/skulptur-lehren\/index.php?rest_route=\/wp\/v2\/pages\/861\/revisions"}],"predecessor-version":[{"id":7836,"href":"https:\/\/didaktik-der-bildenden-kuenste.de\/skulptur-lehren\/index.php?rest_route=\/wp\/v2\/pages\/861\/revisions\/7836"}],"wp:attachment":[{"href":"https:\/\/didaktik-der-bildenden-kuenste.de\/skulptur-lehren\/index.php?rest_route=%2Fwp%2Fv2%2Fmedia&parent=861"}],"curies":[{"name":"wp","href":"https:\/\/api.w.org\/{rel}","templated":true}]}}